{"id":1793,"date":"2021-11-04T20:16:40","date_gmt":"2021-11-04T18:16:40","guid":{"rendered":"https:\/\/rotary.fi\/merioulu\/?page_id=1793"},"modified":"2021-11-04T20:30:16","modified_gmt":"2021-11-04T18:30:16","slug":"meri-oulun-rotaryklubin-strategia","status":"publish","type":"page","link":"https:\/\/rotary.fi\/merioulu\/keita-olemme\/vuositeema\/meri-oulun-rotaryklubin-strategia\/","title":{"rendered":"Meri-Oulun rotaryklubin strategia"},"content":{"rendered":"<p>[et_pb_section fb_built=&#8221;1&#8243; admin_label=&#8221;section&#8221; _builder_version=&#8221;3.22&#8243;][et_pb_row admin_label=&#8221;row&#8221; _builder_version=&#8221;3.25&#8243; background_size=&#8221;initial&#8221; background_position=&#8221;top_left&#8221; background_repeat=&#8221;repeat&#8221;][et_pb_column type=&#8221;4_4&#8243; _builder_version=&#8221;3.25&#8243; custom_padding=&#8221;|||&#8221; custom_padding__hover=&#8221;|||&#8221;][et_pb_text admin_label=&#8221;Text&#8221; _builder_version=&#8221;4.9.10&#8243; background_size=&#8221;initial&#8221; background_position=&#8221;top_left&#8221; background_repeat=&#8221;repeat&#8221; hover_enabled=&#8221;0&#8243; sticky_enabled=&#8221;0&#8243;]<\/p>\n<p><b>MERI-OULUN ROTARYKLUBIN TARKOITUS, VISIO JA ARVOT<\/b><\/p>\n<p><b>TARKOITUS<\/b><\/p>\n<p>Klubi toteuttaa Rotaryn tavoitteita, tekee menestyksellisi\u00e4 Rotaryn viiden palveluv\u00e4yl\u00e4n mukaisia palveluprojekteja, vahvistaa mielek\u00e4st\u00e4 j\u00e4senyytt\u00e4 ja viihtyis\u00e4\u00e4 yhdess\u00e4oloa, tukee Rotarys\u00e4\u00e4ti\u00f6t\u00e4 sek\u00e4 kehitt\u00e4\u00e4 klubitason ja laajempaa johtajuutta.<\/p>\n<p><b>VISIO<\/b><\/p>\n<p>Meri-Oulun rotaryklubi on merkitt\u00e4v\u00e4 toimija monipuolisissa rotaryhankkeissa ja on sellaisena mielek\u00e4s ymp\u00e4rist\u00f6\u00a0 palvelutoiminnasta kiinnostuneille ihmisille.<\/p>\n<p><b>ARVOT<\/b><\/p>\n<p><b>Toveruus ja maailmanlaajuinen yhteisymm\u00e4rrys<\/b><\/p>\n<p>Klubin j\u00e4senet vaalivat keskin\u00e4ist\u00e4 toveruutta ja yst\u00e4vyytt\u00e4 sek\u00e4 edist\u00e4v\u00e4t tuttavuussuhteiden syntymist\u00e4.<\/p>\n<p><b>Eettisyys ja rehellisyys<\/b><\/p>\n<p>Klubin j\u00e4senten v\u00e4lill\u00e4 vallitsee luottamus ja klubi on toiminnassaan suunnitelmallinen ja toimelias niin, ett\u00e4 tekee sen mink\u00e4 lupaa.<\/p>\n<p><b>Moninaisuus<\/b><\/p>\n<p>Sallimme ja edist\u00e4mme klubissamme erilaisia n\u00e4k\u00f6kulmia.<\/p>\n<p><b>Ammattitaito, palvelu ja johtajuus<\/b><\/p>\n<p>K\u00e4yt\u00e4mme aktiivisesti johtajuuttamme ja ammattiosaamistamme l\u00e4hiymp\u00e4rist\u00f6ss\u00e4, valtakunnallisesti ja kansainv\u00e4lisesti toteuttavissa projekteissa ja muussa palvelutoiminnassa.<\/p>\n<p>&nbsp;<\/p>\n<p><b>TOIMINNAN KESKEISET TAVOITTEET JA PAINOPISTEET<\/b><\/p>\n<p><b>Talous<\/b><\/p>\n<p>Varainhankinnan pohjan klubitoiminalle muodostavat j\u00e4senmaksut, Rotarys\u00e4\u00e4ti\u00f6lt\u00e4 saadut avustukset ja palvelutoiminnalle j\u00e4rjestett\u00e4vien tapahtumien tuotot.<\/p>\n<p><b>Klubitoiminta<\/b><\/p>\n<p>Klubitoiminnassa keskeist\u00e4 on ohjelman laatiminen mielenkiintoiseksi ja monipuoliseksi. Viikkokokousten lis\u00e4ksi toimintaan kuuluu yritysvierailuja, yhteisi\u00e4 palvelutapahtumia ja juhlia. My\u00f6s keskeiset rotaryvuoden tapahtumat otetaan huomioon. Toiminnan tulee olla mielek\u00e4st\u00e4 ja hauskaa. Meri-Oulun rotaryklubi parantaa yhteisty\u00f6t\u00e4 muiden oululaisten klubien kanssa ja hy\u00f6dynt\u00e4\u00e4 mahdollisuutta p\u00e4\u00e4tt\u00e4\u00e4 laajemmin omista kokousk\u00e4yt\u00e4nn\u00f6ist\u00e4\u00e4n.<\/p>\n<p><b>Palvelutoiminta<\/b><\/p>\n<p>Meri-Oulun Rotaryklubi on mukana polion h\u00e4vitt\u00e4misess\u00e4 maailmasta ja osallistuu yhteisiin kansainv\u00e4lisiin humanitaarisiin palveluprojekteihin. Klubissa lis\u00e4t\u00e4\u00e4n tietoisuutta rotarys\u00e4\u00e4ti\u00f6st\u00e4 ja sen merkityksest\u00e4. Meri-Oulun rotaryklubilla on oma tai jonkin\/joidenkin klubien kanssa yhteisesti lapsiin ja nuoriin kohdistuva paikallinen palveluprojekti tai muu projekti\/projekteja. Meri-Oulun rotaryklubilla on nuorisovaihtoasiamies, ja klubi on mukana nuorisovaihtotoiminnassa.<\/p>\n<p><b>Ammattipalvelu<\/b><\/p>\n<p>Klubin j\u00e4senilt\u00e4 edellytet\u00e4\u00e4n Rotaryn periaatteiden noudattamista sek\u00e4 omassa el\u00e4m\u00e4ss\u00e4 ett\u00e4 ty\u00f6el\u00e4m\u00e4ss\u00e4 ja oman ammattitaitonsa k\u00e4ytt\u00e4mist\u00e4 klubin projekteissa yhteiskunnan tarpeisiin vastaamiseksi.<\/p>\n<p><b>J\u00e4senyys <\/b><\/p>\n<p>Klubin menestys ja toiminnan jatkuvuus perustuvat siihen, ett\u00e4 j\u00e4senet sitoutuvat toimintaan ja mukaan saadaan my\u00f6s uusia aktiivisia j\u00e4seni\u00e4.<\/p>\n<p>Klubissa yll\u00e4pidet\u00e4\u00e4n hyv\u00e4\u00e4 ilmapiiri\u00e4 ja yhteishenke\u00e4. Pidet\u00e4\u00e4n huolta nykyisist\u00e4 j\u00e4senist\u00e4 ja jokaiselle j\u00e4senelle annetaan mielenkiintoisia teht\u00e4vi\u00e4 omien kiinnostuksen kohteiden ja voimavarojen mukaan.<\/p>\n<p>Meri-Oulun rotaryklubi panostaa uusien j\u00e4senten hankkimiseen, vastaanottamiseen ja perehdytt\u00e4miseen. Jokaiselle uudelle j\u00e4senelle nimet\u00e4\u00e4n perehdytt\u00e4j\u00e4 ja annetaan mielenkiintoisia teht\u00e4vi\u00e4 alusta alkaen. Pitk\u00e4\u00e4n toiminnasta poissa olleisiin j\u00e4seniin pidet\u00e4\u00e4n yhteytt\u00e4. Meri-Oulun Rotaryklubin tavoitteena on lis\u00e4t\u00e4 j\u00e4sen-m\u00e4\u00e4r\u00e4\u00e4ns\u00e4 joka vuosi yhdell\u00e4 j\u00e4senell\u00e4.<\/p>\n<p><b>\u00a0<\/b><b>Julkisuuskuva ja tunnettavuus <\/b><\/p>\n<p>Rotaryn julkisuuskuvaa ja tunnettavuutta parannetaan jakamalla rotarytietoutta erilaisissa tapahtumissa, kertoen esimerkiksi rotarien paikallisista ja kansainv\u00e4lisist\u00e4 projekteista ja niiden tuloksista. Tunnettavuutta lis\u00e4t\u00e4\u00e4n my\u00f6s verkostoitumalla paikallisten projektien kautta. Lis\u00e4ksi hy\u00f6dynnet\u00e4\u00e4n verkkosivuston ja sosiaalisen median mahdollisuuksia.<\/p>\n<p>Klubin j\u00e4seni\u00e4 kannustetaan osallistumaan RLI-koulutukseen sek\u00e4 omaa klubia laajempiin rotarytapahtumiin esimerkiksi intercitykokouksiin, piirikonferenssiin ja RI:n kongressiin.<\/p>\n<p>[\/et_pb_text][\/et_pb_column][\/et_pb_row][\/et_pb_section]<\/p>\n","protected":false},"excerpt":{"rendered":"<p>MERI-OULUN ROTARYKLUBIN TARKOITUS, VISIO JA ARVOT TARKOITUS Klubi toteuttaa Rotaryn tavoitteita, tekee menestyksellisi\u00e4 Rotaryn viiden palveluv\u00e4yl\u00e4n mukaisia palveluprojekteja, vahvistaa mielek\u00e4st\u00e4 j\u00e4senyytt\u00e4 ja viihtyis\u00e4\u00e4 yhdess\u00e4oloa, tukee Rotarys\u00e4\u00e4ti\u00f6t\u00e4 sek\u00e4 kehitt\u00e4\u00e4 klubitason ja laajempaa johtajuutta. VISIO Meri-Oulun rotaryklubi on merkitt\u00e4v\u00e4 toimija monipuolisissa rotaryhankkeissa ja on sellaisena mielek\u00e4s ymp\u00e4rist\u00f6\u00a0 palvelutoiminnasta kiinnostuneille ihmisille. ARVOT Toveruus ja maailmanlaajuinen yhteisymm\u00e4rrys Klubin j\u00e4senet [&hellip;]<\/p>\n","protected":false},"author":526,"featured_media":0,"parent":138,"menu_order":0,"comment_status":"closed","ping_status":"closed","template":"","meta":{"_acf_changed":false,"_et_pb_use_builder":"on","_et_pb_old_content":"<b>MERI-OULUN ROTARYKLUBIN TARKOITUS, VISIO JA ARVOT<\/b>\r\n\r\n<b>TARKOITUS<\/b>\r\n\r\nKlubi toteuttaa Rotaryn tavoitteita, tekee menestyksellisi\u00e4 Rotaryn viiden palveluv\u00e4yl\u00e4n mukaisia palveluprojekteja, vahvistaa mielek\u00e4st\u00e4 j\u00e4senyytt\u00e4 ja viihtyis\u00e4\u00e4 yhdess\u00e4oloa, tukee Rotarys\u00e4\u00e4ti\u00f6t\u00e4 sek\u00e4 kehitt\u00e4\u00e4 klubitason ja laajempaa johtajuutta.\r\n\r\n<b>VISIO<\/b>\r\n\r\nMeri-Oulun rotaryklubi on merkitt\u00e4v\u00e4 toimija monipuolisissa rotaryhankkeissa ja on sellaisena mielek\u00e4s ymp\u00e4rist\u00f6\u00a0 palvelutoiminnasta kiinnostuneille ihmisille.\r\n\r\n<b>ARVOT<\/b>\r\n\r\n<b>Toveruus ja maailmanlaajuinen yhteisymm\u00e4rrys<\/b>\r\n\r\nKlubin j\u00e4senet vaalivat keskin\u00e4ist\u00e4 toveruutta ja yst\u00e4vyytt\u00e4 sek\u00e4 edist\u00e4v\u00e4t tuttavuussuhteiden syntymist\u00e4.\r\n\r\n<b>Eettisyys ja rehellisyys<\/b>\r\n\r\nKlubin j\u00e4senten v\u00e4lill\u00e4 vallitsee luottamus ja klubi on toiminnassaan suunnitelmallinen ja toimelias niin, ett\u00e4 tekee sen mink\u00e4 lupaa.\r\n\r\n<b>Moninaisuus<\/b>\r\n\r\nSallimme ja edist\u00e4mme klubissamme erilaisia n\u00e4k\u00f6kulmia.\r\n\r\n<b>Ammattitaito, palvelu ja johtajuus<\/b>\r\n\r\nK\u00e4yt\u00e4mme aktiivisesti johtajuuttamme ja ammattiosaamistamme l\u00e4hiymp\u00e4rist\u00f6ss\u00e4, valtakunnallisesti ja kansainv\u00e4lisesti toteuttavissa projekteissa ja muussa palvelutoiminnassa.\r\n\r\n<b>TOIMINNAN KESKEISET TAVOITTEET JA PAINOPISTEET<\/b>\r\n\r\n<b>Talous<\/b>\r\n\r\nVarainhankinnan pohjan klubitoiminalle muodostavat j\u00e4senmaksut, Rotarys\u00e4\u00e4ti\u00f6lt\u00e4 saadut avustukset ja palvelutoiminnalle j\u00e4rjestett\u00e4vien tapahtumien tuotot.\r\n\r\n<b>Klubitoiminta<\/b>\r\n\r\nKlubitoiminnassa keskeist\u00e4 on ohjelman laatiminen mielenkiintoiseksi ja monipuoliseksi. Viikkokokousten lis\u00e4ksi toimintaan kuuluu yritysvierailuja, yhteisi\u00e4 palvelutapahtumia ja juhlia. My\u00f6s keskeiset rotaryvuoden tapahtumat otetaan huomioon. Toiminnan tulee olla mielek\u00e4st\u00e4 ja hauskaa. Meri-Oulun rotaryklubi parantaa yhteisty\u00f6t\u00e4 muiden oululaisten klubien kanssa ja hy\u00f6dynt\u00e4\u00e4 mahdollisuutta p\u00e4\u00e4tt\u00e4\u00e4 laajemmin omista kokousk\u00e4yt\u00e4nn\u00f6ist\u00e4\u00e4n.\r\n\r\n<b>Palvelutoiminta<\/b>\r\n\r\nMeri-Oulun Rotaryklubi on mukana polion h\u00e4vitt\u00e4misess\u00e4 maailmasta ja osallistuu yhteisiin kansainv\u00e4lisiin humanitaarisiin palveluprojekteihin. Klubissa lis\u00e4t\u00e4\u00e4n tietoisuutta rotarys\u00e4\u00e4ti\u00f6st\u00e4 ja sen merkityksest\u00e4. Meri-Oulun rotaryklubilla on oma tai jonkin\/joidenkin klubien kanssa yhteisesti lapsiin ja nuoriin kohdistuva paikallinen palveluprojekti tai muu projekti\/projekteja. Meri-Oulun rotaryklubilla on nuorisovaihtoasiamies, ja klubi on mukana nuorisovaihtotoiminnassa.\r\n\r\n<b>Ammattipalvelu<\/b>\r\n\r\nKlubin j\u00e4senilt\u00e4 edellytet\u00e4\u00e4n Rotaryn periaatteiden noudattamista sek\u00e4 omassa el\u00e4m\u00e4ss\u00e4 ett\u00e4 ty\u00f6el\u00e4m\u00e4ss\u00e4 ja oman ammattitaitonsa k\u00e4ytt\u00e4mist\u00e4 klubin projekteissa yhteiskunnan tarpeisiin vastaamiseksi.\r\n\r\n<b>J\u00e4senyys <\/b>\r\n\r\nKlubin menestys ja toiminnan jatkuvuus perustuvat siihen, ett\u00e4 j\u00e4senet sitoutuvat toimintaan ja mukaan saadaan my\u00f6s uusia aktiivisia j\u00e4seni\u00e4.\r\n\r\nKlubissa yll\u00e4pidet\u00e4\u00e4n hyv\u00e4\u00e4 ilmapiiri\u00e4 ja yhteishenke\u00e4. Pidet\u00e4\u00e4n huolta nykyisist\u00e4 j\u00e4senist\u00e4 ja jokaiselle j\u00e4senelle annetaan mielenkiintoisia teht\u00e4vi\u00e4 omien kiinnostuksen kohteiden ja voimavarojen mukaan.\r\n\r\nMeri-Oulun rotaryklubi panostaa uusien j\u00e4senten hankkimiseen, vastaanottamiseen ja perehdytt\u00e4miseen. Jokaiselle uudelle j\u00e4senelle nimet\u00e4\u00e4n perehdytt\u00e4j\u00e4 ja annetaan mielenkiintoisia teht\u00e4vi\u00e4 alusta alkaen. Pitk\u00e4\u00e4n toiminnasta poissa olleisiin j\u00e4seniin pidet\u00e4\u00e4n yhteytt\u00e4. Meri-Oulun Rotaryklubin tavoitteena on lis\u00e4t\u00e4 j\u00e4sen-m\u00e4\u00e4r\u00e4\u00e4ns\u00e4 joka vuosi yhdell\u00e4 j\u00e4senell\u00e4.\r\n\r\n<b>\u00a0<\/b><b>Julkisuuskuva ja tunnettavuus <\/b>\r\n\r\nRotaryn julkisuuskuvaa ja tunnettavuutta parannetaan jakamalla rotarytietoutta erilaisissa tapahtumissa, kertoen esimerkiksi rotarien paikallisista ja kansainv\u00e4lisist\u00e4 projekteista ja niiden tuloksista. Tunnettavuutta lis\u00e4t\u00e4\u00e4n my\u00f6s verkostoitumalla paikallisten projektien kautta. Lis\u00e4ksi hy\u00f6dynnet\u00e4\u00e4n verkkosivuston ja sosiaalisen median mahdollisuuksia.\r\n\r\nKlubin j\u00e4seni\u00e4 kannustetaan osallistumaan RLI-koulutukseen sek\u00e4 omaa klubia laajempiin rotarytapahtumiin esimerkiksi intercitykokouksiin, piirikonferenssiin ja RI:n kongressiin.","_et_gb_content_width":"","footnotes":""},"class_list":["post-1793","page","type-page","status-publish","hentry"],"acf":[],"yoast_head":"<!-- This site is optimized with the Yoast SEO plugin v27.0 - https:\/\/yoast.com\/product\/yoast-seo-wordpress\/ -->\n<title>Meri-Oulun rotaryklubin strategia - Meri-Oulun Rotaryklubi<\/title>\n<meta name=\"robots\" content=\"index, follow, max-snippet:-1, max-image-preview:large, max-video-preview:-1\" \/>\n<link rel=\"canonical\" href=\"https:\/\/rotary.fi\/merioulu\/keita-olemme\/vuositeema\/meri-oulun-rotaryklubin-strategia\/\" \/>\n<meta property=\"og:locale\" content=\"fi_FI\" \/>\n<meta property=\"og:type\" content=\"article\" \/>\n<meta property=\"og:title\" content=\"Meri-Oulun rotaryklubin strategia - Meri-Oulun Rotaryklubi\" \/>\n<meta property=\"og:description\" content=\"MERI-OULUN ROTARYKLUBIN TARKOITUS, VISIO JA ARVOT TARKOITUS Klubi toteuttaa Rotaryn tavoitteita, tekee menestyksellisi\u00e4 Rotaryn viiden palveluv\u00e4yl\u00e4n mukaisia palveluprojekteja, vahvistaa mielek\u00e4st\u00e4 j\u00e4senyytt\u00e4 ja viihtyis\u00e4\u00e4 yhdess\u00e4oloa, tukee Rotarys\u00e4\u00e4ti\u00f6t\u00e4 sek\u00e4 kehitt\u00e4\u00e4 klubitason ja laajempaa johtajuutta. VISIO Meri-Oulun rotaryklubi on merkitt\u00e4v\u00e4 toimija monipuolisissa rotaryhankkeissa ja on sellaisena mielek\u00e4s ymp\u00e4rist\u00f6\u00a0 palvelutoiminnasta kiinnostuneille ihmisille. ARVOT Toveruus ja maailmanlaajuinen yhteisymm\u00e4rrys Klubin j\u00e4senet [&hellip;]\" \/>\n<meta property=\"og:url\" content=\"https:\/\/rotary.fi\/merioulu\/keita-olemme\/vuositeema\/meri-oulun-rotaryklubin-strategia\/\" \/>\n<meta property=\"og:site_name\" content=\"Meri-Oulun Rotaryklubi\" \/>\n<meta property=\"article:modified_time\" content=\"2021-11-04T18:30:16+00:00\" \/>\n<meta name=\"twitter:card\" content=\"summary_large_image\" \/>\n<meta name=\"twitter:label1\" content=\"Arvioitu lukuaika\" \/>\n\t<meta name=\"twitter:data1\" content=\"2 minuuttia\" \/>\n<script type=\"application\/ld+json\" class=\"yoast-schema-graph\">{\"@context\":\"https:\/\/schema.org\",\"@graph\":[{\"@type\":\"WebPage\",\"@id\":\"https:\/\/rotary.fi\/merioulu\/keita-olemme\/vuositeema\/meri-oulun-rotaryklubin-strategia\/\",\"url\":\"https:\/\/rotary.fi\/merioulu\/keita-olemme\/vuositeema\/meri-oulun-rotaryklubin-strategia\/\",\"name\":\"Meri-Oulun rotaryklubin strategia - Meri-Oulun Rotaryklubi\",\"isPartOf\":{\"@id\":\"https:\/\/rotary.fi\/merioulu\/#website\"},\"datePublished\":\"2021-11-04T18:16:40+00:00\",\"dateModified\":\"2021-11-04T18:30:16+00:00\",\"breadcrumb\":{\"@id\":\"https:\/\/rotary.fi\/merioulu\/keita-olemme\/vuositeema\/meri-oulun-rotaryklubin-strategia\/#breadcrumb\"},\"inLanguage\":\"fi\",\"potentialAction\":[{\"@type\":\"ReadAction\",\"target\":[\"https:\/\/rotary.fi\/merioulu\/keita-olemme\/vuositeema\/meri-oulun-rotaryklubin-strategia\/\"]}]},{\"@type\":\"BreadcrumbList\",\"@id\":\"https:\/\/rotary.fi\/merioulu\/keita-olemme\/vuositeema\/meri-oulun-rotaryklubin-strategia\/#breadcrumb\",\"itemListElement\":[{\"@type\":\"ListItem\",\"position\":1,\"name\":\"Home\",\"item\":\"https:\/\/rotary.fi\/merioulu\/\"},{\"@type\":\"ListItem\",\"position\":2,\"name\":\"Keit\u00e4 olemme\",\"item\":\"https:\/\/rotary.fi\/merioulu\/keita-olemme\/\"},{\"@type\":\"ListItem\",\"position\":3,\"name\":\"Vuositeema\",\"item\":\"https:\/\/rotary.fi\/merioulu\/keita-olemme\/vuositeema\/\"},{\"@type\":\"ListItem\",\"position\":4,\"name\":\"Meri-Oulun rotaryklubin strategia\"}]},{\"@type\":\"WebSite\",\"@id\":\"https:\/\/rotary.fi\/merioulu\/#website\",\"url\":\"https:\/\/rotary.fi\/merioulu\/\",\"name\":\"Meri-Oulun Rotaryklubi\",\"description\":\"Uusi Rotary klubisivusto\",\"potentialAction\":[{\"@type\":\"SearchAction\",\"target\":{\"@type\":\"EntryPoint\",\"urlTemplate\":\"https:\/\/rotary.fi\/merioulu\/?s={search_term_string}\"},\"query-input\":{\"@type\":\"PropertyValueSpecification\",\"valueRequired\":true,\"valueName\":\"search_term_string\"}}],\"inLanguage\":\"fi\"}]}<\/script>\n<!-- \/ Yoast SEO plugin. -->","yoast_head_json":{"title":"Meri-Oulun rotaryklubin strategia - Meri-Oulun Rotaryklubi","robots":{"index":"index","follow":"follow","max-snippet":"max-snippet:-1","max-image-preview":"max-image-preview:large","max-video-preview":"max-video-preview:-1"},"canonical":"https:\/\/rotary.fi\/merioulu\/keita-olemme\/vuositeema\/meri-oulun-rotaryklubin-strategia\/","og_locale":"fi_FI","og_type":"article","og_title":"Meri-Oulun rotaryklubin strategia - Meri-Oulun Rotaryklubi","og_description":"MERI-OULUN ROTARYKLUBIN TARKOITUS, VISIO JA ARVOT TARKOITUS Klubi toteuttaa Rotaryn tavoitteita, tekee menestyksellisi\u00e4 Rotaryn viiden palveluv\u00e4yl\u00e4n mukaisia palveluprojekteja, vahvistaa mielek\u00e4st\u00e4 j\u00e4senyytt\u00e4 ja viihtyis\u00e4\u00e4 yhdess\u00e4oloa, tukee Rotarys\u00e4\u00e4ti\u00f6t\u00e4 sek\u00e4 kehitt\u00e4\u00e4 klubitason ja laajempaa johtajuutta. VISIO Meri-Oulun rotaryklubi on merkitt\u00e4v\u00e4 toimija monipuolisissa rotaryhankkeissa ja on sellaisena mielek\u00e4s ymp\u00e4rist\u00f6\u00a0 palvelutoiminnasta kiinnostuneille ihmisille. ARVOT Toveruus ja maailmanlaajuinen yhteisymm\u00e4rrys Klubin j\u00e4senet [&hellip;]","og_url":"https:\/\/rotary.fi\/merioulu\/keita-olemme\/vuositeema\/meri-oulun-rotaryklubin-strategia\/","og_site_name":"Meri-Oulun Rotaryklubi","article_modified_time":"2021-11-04T18:30:16+00:00","twitter_card":"summary_large_image","twitter_misc":{"Arvioitu lukuaika":"2 minuuttia"},"schema":{"@context":"https:\/\/schema.org","@graph":[{"@type":"WebPage","@id":"https:\/\/rotary.fi\/merioulu\/keita-olemme\/vuositeema\/meri-oulun-rotaryklubin-strategia\/","url":"https:\/\/rotary.fi\/merioulu\/keita-olemme\/vuositeema\/meri-oulun-rotaryklubin-strategia\/","name":"Meri-Oulun rotaryklubin strategia - Meri-Oulun Rotaryklubi","isPartOf":{"@id":"https:\/\/rotary.fi\/merioulu\/#website"},"datePublished":"2021-11-04T18:16:40+00:00","dateModified":"2021-11-04T18:30:16+00:00","breadcrumb":{"@id":"https:\/\/rotary.fi\/merioulu\/keita-olemme\/vuositeema\/meri-oulun-rotaryklubin-strategia\/#breadcrumb"},"inLanguage":"fi","potentialAction":[{"@type":"ReadAction","target":["https:\/\/rotary.fi\/merioulu\/keita-olemme\/vuositeema\/meri-oulun-rotaryklubin-strategia\/"]}]},{"@type":"BreadcrumbList","@id":"https:\/\/rotary.fi\/merioulu\/keita-olemme\/vuositeema\/meri-oulun-rotaryklubin-strategia\/#breadcrumb","itemListElement":[{"@type":"ListItem","position":1,"name":"Home","item":"https:\/\/rotary.fi\/merioulu\/"},{"@type":"ListItem","position":2,"name":"Keit\u00e4 olemme","item":"https:\/\/rotary.fi\/merioulu\/keita-olemme\/"},{"@type":"ListItem","position":3,"name":"Vuositeema","item":"https:\/\/rotary.fi\/merioulu\/keita-olemme\/vuositeema\/"},{"@type":"ListItem","position":4,"name":"Meri-Oulun rotaryklubin strategia"}]},{"@type":"WebSite","@id":"https:\/\/rotary.fi\/merioulu\/#website","url":"https:\/\/rotary.fi\/merioulu\/","name":"Meri-Oulun Rotaryklubi","description":"Uusi Rotary klubisivusto","potentialAction":[{"@type":"SearchAction","target":{"@type":"EntryPoint","urlTemplate":"https:\/\/rotary.fi\/merioulu\/?s={search_term_string}"},"query-input":{"@type":"PropertyValueSpecification","valueRequired":true,"valueName":"search_term_string"}}],"inLanguage":"fi"}]}},"lang":"fi","translations":{"fi":1793},"pll_sync_post":[],"_links":{"self":[{"href":"https:\/\/rotary.fi\/merioulu\/wp-json\/wp\/v2\/pages\/1793","targetHints":{"allow":["GET"]}}],"collection":[{"href":"https:\/\/rotary.fi\/merioulu\/wp-json\/wp\/v2\/pages"}],"about":[{"href":"https:\/\/rotary.fi\/merioulu\/wp-json\/wp\/v2\/types\/page"}],"author":[{"embeddable":true,"href":"https:\/\/rotary.fi\/merioulu\/wp-json\/wp\/v2\/users\/526"}],"replies":[{"embeddable":true,"href":"https:\/\/rotary.fi\/merioulu\/wp-json\/wp\/v2\/comments?post=1793"}],"version-history":[{"count":3,"href":"https:\/\/rotary.fi\/merioulu\/wp-json\/wp\/v2\/pages\/1793\/revisions"}],"predecessor-version":[{"id":1797,"href":"https:\/\/rotary.fi\/merioulu\/wp-json\/wp\/v2\/pages\/1793\/revisions\/1797"}],"up":[{"embeddable":true,"href":"https:\/\/rotary.fi\/merioulu\/wp-json\/wp\/v2\/pages\/138"}],"wp:attachment":[{"href":"https:\/\/rotary.fi\/merioulu\/wp-json\/wp\/v2\/media?parent=1793"}],"curies":[{"name":"wp","href":"https:\/\/api.w.org\/{rel}","templated":true}]}}