{"id":163,"date":"2018-08-13T09:51:14","date_gmt":"2018-08-13T06:51:14","guid":{"rendered":"https:\/\/rotary.fi\/merioulu\/?page_id=163"},"modified":"2021-11-06T12:36:10","modified_gmt":"2021-11-06T10:36:10","slug":"nuorisopalvelumme","status":"publish","type":"page","link":"https:\/\/rotary.fi\/merioulu\/mita-teemme\/nuorisopalvelumme\/","title":{"rendered":"Nuorisopalvelumme"},"content":{"rendered":"<p>[et_pb_section fb_built=&#8221;1&#8243; module_class=&#8221;jumbotron-page&#8221; _builder_version=&#8221;3.22&#8243; background_image=&#8221;https:\/\/rotary.fi\/merioulu\/wp-content\/uploads\/sites\/218\/2018\/10\/rotary_klubit_alasivu_paakuva_10.jpg&#8221;][et_pb_row _builder_version=&#8221;3.25&#8243; background_size=&#8221;initial&#8221; background_position=&#8221;top_left&#8221; background_repeat=&#8221;repeat&#8221;][et_pb_column type=&#8221;4_4&#8243; _builder_version=&#8221;3.25&#8243; custom_padding=&#8221;|||&#8221; custom_padding__hover=&#8221;|||&#8221;][et_pb_text admin_label=&#8221;P\u00e4\u00e4otsikko&#8221; _builder_version=&#8221;3.27.4&#8243; text_orientation=&#8221;center&#8221; background_layout=&#8221;dark&#8221;]<\/p>\n<h1>Nuorisopalvelumme<\/h1>\n<p>[\/et_pb_text][\/et_pb_column][\/et_pb_row][\/et_pb_section][et_pb_section fb_built=&#8221;1&#8243; specialty=&#8221;on&#8221; module_class_2=&#8221;sivupalkki&#8221; _builder_version=&#8221;3.22&#8243;][et_pb_column type=&#8221;2_3&#8243; specialty_columns=&#8221;2&#8243; _builder_version=&#8221;3.25&#8243; custom_padding=&#8221;|||&#8221; parallax__hover=&#8221;off&#8221; parallax_method__hover=&#8221;on&#8221; custom_padding__hover=&#8221;|||&#8221;][et_pb_row_inner admin_label=&#8221;Rivi&#8221; _builder_version=&#8221;3.25&#8243;][et_pb_column_inner saved_specialty_column_type=&#8221;2_3&#8243; _builder_version=&#8221;3.25&#8243; custom_padding=&#8221;|||&#8221; parallax__hover=&#8221;off&#8221; parallax_method__hover=&#8221;on&#8221; custom_padding__hover=&#8221;|||&#8221;][et_pb_text admin_label=&#8221;Tuemme Oulun Rotaract-klubia &#8211; Otsikko&#8221; _builder_version=&#8221;4.9.10&#8243; _module_preset=&#8221;default&#8221; text_orientation=&#8221;center&#8221;][\/et_pb_text][et_pb_text _builder_version=&#8221;3.27.4&#8243; custom_padding=&#8221;15px|||||&#8221;]<\/p>\n<p>&nbsp;<\/p>\n<p>Rotarylla on useita nuorisolle ja nuorille aikuisille suunnattuja toimintamuotoja.<\/p>\n<p>Meri-Oulun rotaryklubin nuorisopalvelu suuntautuu niist\u00e4 seuraaviin:<\/p>\n<h4 style=\"background-color: #ffffff\"><\/h4>\n<h4 style=\"background-color: #ffffff\">Rotaryklubimme tukee Oulun Rotaract-klubia<\/h4>\n<p style=\"font-size: 16px;background-color: #ffffff\"><span style=\"background-color: #ffffff;font-size: 16px\"><\/span><\/p>\n<p style=\"font-size: 16px;background-color: #ffffff\"><span style=\"background-color: #ffffff;font-size: 16px\">18\u250030-vuotiaille suunnatun Rotaract-toiminnan tarkoituksena on kehitt\u00e4\u00e4 nuorten kasvua vastuuntuntoisiksi aikuisiksi ja johtajiksi. Rotaractklubin j\u00e4senet p\u00e4\u00e4tt\u00e4v\u00e4t itse projekteistaan ja toiminnastaan. Rotaractit ovat t\u00e4ysivaltaisia rotary-yhteis\u00f6n j\u00e4seni\u00e4.<\/span><\/p>\n<p style=\"font-size: 16px;background-color: #ffffff\"><span style=\"font-size: 16px;background-color: #ffffff\">Lue lis\u00e4\u00e4<\/span><span style=\"font-size: 16px;background-color: #ffffff\">\u00a0<\/span><a href=\"https:\/\/rotary.fi\/mita-teemme\/nuorisopalvelut\/rotaract\/\" target=\"_blank\" rel=\"noopener\" style=\"font-size: 16px\">Rotaractista<\/a><\/p>\n<p>Teemme yhteisty\u00f6st\u00e4 eri projekteissa ja tuemme rotaractien toimintaa. Syksyll\u00e4 2021 rahoitimme rotaracti Sadeemin osallistumista kansainv\u00e4liseen RYLA-tapahtumaan Gdanskissa.<\/p>\n<h4><\/h4>\n<p>[\/et_pb_text][et_pb_image src=&#8221;https:\/\/rotary.fi\/merioulu\/wp-content\/uploads\/sites\/218\/2021\/11\/sadeem-gdanskissa.jpg&#8221; title_text=&#8221;Sadeem Gdanskissa&#8221; _builder_version=&#8221;4.9.10&#8243; _module_preset=&#8221;default&#8221; width=&#8221;55%&#8221; min_height=&#8221;401px&#8221; custom_padding=&#8221;|0px||||&#8221;][\/et_pb_image][\/et_pb_column_inner][\/et_pb_row_inner][\/et_pb_column][et_pb_column type=&#8221;1_3&#8243; module_class=&#8221;sivupalkki&#8221; _builder_version=&#8221;3.25&#8243; custom_padding=&#8221;|||&#8221; parallax__hover=&#8221;off&#8221; parallax_method__hover=&#8221;on&#8221; module_class__hover=&#8221;sivupalkki&#8221; custom_padding__hover=&#8221;|||&#8221;][et_pb_sidebar area=&#8221;sidebar-1&#8243; module_class=&#8221;sivupalkki_sisalto&#8221; _builder_version=&#8221;3.4.1&#8243; locked=&#8221;on&#8221;][\/et_pb_sidebar][\/et_pb_column][\/et_pb_section][et_pb_section fb_built=&#8221;1&#8243; _builder_version=&#8221;4.9.10&#8243; _module_preset=&#8221;default&#8221;][et_pb_row column_structure=&#8221;1_2,1_2&#8243; _builder_version=&#8221;4.9.10&#8243; _module_preset=&#8221;default&#8221;][et_pb_column type=&#8221;1_2&#8243; _builder_version=&#8221;4.9.10&#8243; _module_preset=&#8221;default&#8221;][et_pb_text _builder_version=&#8221;4.9.10&#8243; _module_preset=&#8221;default&#8221;]<\/p>\n<h3>Osallistumme Rotaryn nuorisovaihtoon<\/h3>\n<p>[\/et_pb_text][\/et_pb_column][et_pb_column type=&#8221;1_2&#8243; _builder_version=&#8221;4.9.10&#8243; _module_preset=&#8221;default&#8221;][et_pb_text _builder_version=&#8221;4.9.10&#8243; _module_preset=&#8221;default&#8221;]<\/p>\n<p>&nbsp;<\/p>\n<p><span style=\"font-weight: 400\">Pyrimme l\u00e4hett\u00e4m\u00e4\u00e4n oululaisen lukiolaisen vuodeksi ulkomaille Rotaryn vuosivaihtoon ja is\u00e4nn\u00f6imme vastaavasti muunmaalaista nuorta Oulussa. Teemme t\u00e4m\u00e4n vuorovuosin Oulun Tullin rotaryklubin kanssa.\u00a0<\/span><\/p>\n<p><span style=\"font-weight: 400\">Mik\u00e4li olet kiinnostunut l\u00e4hte\u00e4m\u00e4\u00e4n Rotaryn nuorisovaihtoon &#8211; vuodeksi tai lyhyemm\u00e4ksi aikaa &#8211; tai perheesi voisi toimia is\u00e4nt\u00e4perheen\u00e4 t\u00e4nne tulevalle nuorelle, ota yhteytt\u00e4 klubimme nuorisovaihtoasiamieheen (ks. Yhteystiedot).<\/span><\/p>\n<p>[\/et_pb_text][\/et_pb_column][\/et_pb_row][et_pb_row column_structure=&#8221;1_2,1_2&#8243; _builder_version=&#8221;4.9.10&#8243; _module_preset=&#8221;default&#8221;][et_pb_column type=&#8221;1_2&#8243; _builder_version=&#8221;4.9.10&#8243; _module_preset=&#8221;default&#8221;][et_pb_image src=&#8221;https:\/\/rotary.fi\/merioulu\/wp-content\/uploads\/sites\/218\/2021\/10\/img-8695.jpg&#8221; title_text=&#8221;IMG_8695&#8243; _builder_version=&#8221;4.9.10&#8243; _module_preset=&#8221;default&#8221;][\/et_pb_image][\/et_pb_column][et_pb_column type=&#8221;1_2&#8243; _builder_version=&#8221;4.9.10&#8243; _module_preset=&#8221;default&#8221;][et_pb_image src=&#8221;https:\/\/rotary.fi\/merioulu\/wp-content\/uploads\/sites\/218\/2021\/11\/vaihtooppilas-lahdossa.jpg&#8221; _builder_version=&#8221;4.9.10&#8243; _module_preset=&#8221;default&#8221; title_text=&#8221;Vaihtooppilas l\u00e4hd\u00f6ss\u00e4&#8221; hover_enabled=&#8221;0&#8243; sticky_enabled=&#8221;0&#8243;][\/et_pb_image][\/et_pb_column][\/et_pb_row][\/et_pb_section]<\/p>\n","protected":false},"excerpt":{"rendered":"<p>Nuorisopalvelumme&nbsp; Rotarylla on useita nuorisolle ja nuorille aikuisille suunnattuja toimintamuotoja. Meri-Oulun rotaryklubin nuorisopalvelu suuntautuu niist\u00e4 seuraaviin: Rotaryklubimme tukee Oulun Rotaract-klubia 18\u250030-vuotiaille suunnatun Rotaract-toiminnan tarkoituksena on kehitt\u00e4\u00e4 nuorten kasvua vastuuntuntoisiksi aikuisiksi ja johtajiksi. Rotaractklubin j\u00e4senet p\u00e4\u00e4tt\u00e4v\u00e4t itse projekteistaan ja toiminnastaan. Rotaractit ovat t\u00e4ysivaltaisia rotary-yhteis\u00f6n j\u00e4seni\u00e4. Lue lis\u00e4\u00e4\u00a0Rotaractista Teemme yhteisty\u00f6st\u00e4 eri projekteissa ja tuemme rotaractien toimintaa. Syksyll\u00e4 [&hellip;]<\/p>\n","protected":false},"author":1,"featured_media":0,"parent":77,"menu_order":0,"comment_status":"closed","ping_status":"closed","template":"","meta":{"_acf_changed":false,"_et_pb_use_builder":"on","_et_pb_old_content":"","_et_gb_content_width":"","footnotes":""},"class_list":["post-163","page","type-page","status-publish","hentry"],"acf":[],"yoast_head":"<!-- This site is optimized with the Yoast SEO plugin v27.4 - https:\/\/yoast.com\/product\/yoast-seo-wordpress\/ -->\n<title>Nuorisopalvelumme - Meri-Oulun Rotaryklubi<\/title>\n<meta name=\"robots\" content=\"index, follow, max-snippet:-1, max-image-preview:large, max-video-preview:-1\" \/>\n<link rel=\"canonical\" href=\"https:\/\/rotary.fi\/merioulu\/mita-teemme\/nuorisopalvelumme\/\" \/>\n<meta property=\"og:locale\" content=\"fi_FI\" \/>\n<meta property=\"og:type\" content=\"article\" \/>\n<meta property=\"og:title\" content=\"Nuorisopalvelumme - Meri-Oulun Rotaryklubi\" \/>\n<meta property=\"og:description\" content=\"Nuorisopalvelumme&nbsp; Rotarylla on useita nuorisolle ja nuorille aikuisille suunnattuja toimintamuotoja. Meri-Oulun rotaryklubin nuorisopalvelu suuntautuu niist\u00e4 seuraaviin: Rotaryklubimme tukee Oulun Rotaract-klubia 18\u250030-vuotiaille suunnatun Rotaract-toiminnan tarkoituksena on kehitt\u00e4\u00e4 nuorten kasvua vastuuntuntoisiksi aikuisiksi ja johtajiksi. Rotaractklubin j\u00e4senet p\u00e4\u00e4tt\u00e4v\u00e4t itse projekteistaan ja toiminnastaan. Rotaractit ovat t\u00e4ysivaltaisia rotary-yhteis\u00f6n j\u00e4seni\u00e4. Lue lis\u00e4\u00e4\u00a0Rotaractista Teemme yhteisty\u00f6st\u00e4 eri projekteissa ja tuemme rotaractien toimintaa. Syksyll\u00e4 [&hellip;]\" \/>\n<meta property=\"og:url\" content=\"https:\/\/rotary.fi\/merioulu\/mita-teemme\/nuorisopalvelumme\/\" \/>\n<meta property=\"og:site_name\" content=\"Meri-Oulun Rotaryklubi\" \/>\n<meta property=\"article:modified_time\" content=\"2021-11-06T10:36:10+00:00\" \/>\n<meta name=\"twitter:card\" content=\"summary_large_image\" \/>\n<meta name=\"twitter:label1\" content=\"Arvioitu lukuaika\" \/>\n\t<meta name=\"twitter:data1\" content=\"1 minuutti\" \/>\n<script type=\"application\/ld+json\" class=\"yoast-schema-graph\">{\"@context\":\"https:\\\/\\\/schema.org\",\"@graph\":[{\"@type\":\"WebPage\",\"@id\":\"https:\\\/\\\/rotary.fi\\\/merioulu\\\/mita-teemme\\\/nuorisopalvelumme\\\/\",\"url\":\"https:\\\/\\\/rotary.fi\\\/merioulu\\\/mita-teemme\\\/nuorisopalvelumme\\\/\",\"name\":\"Nuorisopalvelumme - Meri-Oulun Rotaryklubi\",\"isPartOf\":{\"@id\":\"https:\\\/\\\/rotary.fi\\\/merioulu\\\/#website\"},\"datePublished\":\"2018-08-13T06:51:14+00:00\",\"dateModified\":\"2021-11-06T10:36:10+00:00\",\"breadcrumb\":{\"@id\":\"https:\\\/\\\/rotary.fi\\\/merioulu\\\/mita-teemme\\\/nuorisopalvelumme\\\/#breadcrumb\"},\"inLanguage\":\"fi\",\"potentialAction\":[{\"@type\":\"ReadAction\",\"target\":[\"https:\\\/\\\/rotary.fi\\\/merioulu\\\/mita-teemme\\\/nuorisopalvelumme\\\/\"]}]},{\"@type\":\"BreadcrumbList\",\"@id\":\"https:\\\/\\\/rotary.fi\\\/merioulu\\\/mita-teemme\\\/nuorisopalvelumme\\\/#breadcrumb\",\"itemListElement\":[{\"@type\":\"ListItem\",\"position\":1,\"name\":\"Home\",\"item\":\"https:\\\/\\\/rotary.fi\\\/merioulu\\\/\"},{\"@type\":\"ListItem\",\"position\":2,\"name\":\"Mit\u00e4 teemme\",\"item\":\"https:\\\/\\\/rotary.fi\\\/merioulu\\\/mita-teemme\\\/\"},{\"@type\":\"ListItem\",\"position\":3,\"name\":\"Nuorisopalvelumme\"}]},{\"@type\":\"WebSite\",\"@id\":\"https:\\\/\\\/rotary.fi\\\/merioulu\\\/#website\",\"url\":\"https:\\\/\\\/rotary.fi\\\/merioulu\\\/\",\"name\":\"Meri-Oulun Rotaryklubi\",\"description\":\"Uusi Rotary klubisivusto\",\"potentialAction\":[{\"@type\":\"SearchAction\",\"target\":{\"@type\":\"EntryPoint\",\"urlTemplate\":\"https:\\\/\\\/rotary.fi\\\/merioulu\\\/?s={search_term_string}\"},\"query-input\":{\"@type\":\"PropertyValueSpecification\",\"valueRequired\":true,\"valueName\":\"search_term_string\"}}],\"inLanguage\":\"fi\"}]}<\/script>\n<!-- \/ Yoast SEO plugin. -->","yoast_head_json":{"title":"Nuorisopalvelumme - Meri-Oulun Rotaryklubi","robots":{"index":"index","follow":"follow","max-snippet":"max-snippet:-1","max-image-preview":"max-image-preview:large","max-video-preview":"max-video-preview:-1"},"canonical":"https:\/\/rotary.fi\/merioulu\/mita-teemme\/nuorisopalvelumme\/","og_locale":"fi_FI","og_type":"article","og_title":"Nuorisopalvelumme - Meri-Oulun Rotaryklubi","og_description":"Nuorisopalvelumme&nbsp; Rotarylla on useita nuorisolle ja nuorille aikuisille suunnattuja toimintamuotoja. Meri-Oulun rotaryklubin nuorisopalvelu suuntautuu niist\u00e4 seuraaviin: Rotaryklubimme tukee Oulun Rotaract-klubia 18\u250030-vuotiaille suunnatun Rotaract-toiminnan tarkoituksena on kehitt\u00e4\u00e4 nuorten kasvua vastuuntuntoisiksi aikuisiksi ja johtajiksi. Rotaractklubin j\u00e4senet p\u00e4\u00e4tt\u00e4v\u00e4t itse projekteistaan ja toiminnastaan. Rotaractit ovat t\u00e4ysivaltaisia rotary-yhteis\u00f6n j\u00e4seni\u00e4. Lue lis\u00e4\u00e4\u00a0Rotaractista Teemme yhteisty\u00f6st\u00e4 eri projekteissa ja tuemme rotaractien toimintaa. Syksyll\u00e4 [&hellip;]","og_url":"https:\/\/rotary.fi\/merioulu\/mita-teemme\/nuorisopalvelumme\/","og_site_name":"Meri-Oulun Rotaryklubi","article_modified_time":"2021-11-06T10:36:10+00:00","twitter_card":"summary_large_image","twitter_misc":{"Arvioitu lukuaika":"1 minuutti"},"schema":{"@context":"https:\/\/schema.org","@graph":[{"@type":"WebPage","@id":"https:\/\/rotary.fi\/merioulu\/mita-teemme\/nuorisopalvelumme\/","url":"https:\/\/rotary.fi\/merioulu\/mita-teemme\/nuorisopalvelumme\/","name":"Nuorisopalvelumme - Meri-Oulun Rotaryklubi","isPartOf":{"@id":"https:\/\/rotary.fi\/merioulu\/#website"},"datePublished":"2018-08-13T06:51:14+00:00","dateModified":"2021-11-06T10:36:10+00:00","breadcrumb":{"@id":"https:\/\/rotary.fi\/merioulu\/mita-teemme\/nuorisopalvelumme\/#breadcrumb"},"inLanguage":"fi","potentialAction":[{"@type":"ReadAction","target":["https:\/\/rotary.fi\/merioulu\/mita-teemme\/nuorisopalvelumme\/"]}]},{"@type":"BreadcrumbList","@id":"https:\/\/rotary.fi\/merioulu\/mita-teemme\/nuorisopalvelumme\/#breadcrumb","itemListElement":[{"@type":"ListItem","position":1,"name":"Home","item":"https:\/\/rotary.fi\/merioulu\/"},{"@type":"ListItem","position":2,"name":"Mit\u00e4 teemme","item":"https:\/\/rotary.fi\/merioulu\/mita-teemme\/"},{"@type":"ListItem","position":3,"name":"Nuorisopalvelumme"}]},{"@type":"WebSite","@id":"https:\/\/rotary.fi\/merioulu\/#website","url":"https:\/\/rotary.fi\/merioulu\/","name":"Meri-Oulun Rotaryklubi","description":"Uusi Rotary klubisivusto","potentialAction":[{"@type":"SearchAction","target":{"@type":"EntryPoint","urlTemplate":"https:\/\/rotary.fi\/merioulu\/?s={search_term_string}"},"query-input":{"@type":"PropertyValueSpecification","valueRequired":true,"valueName":"search_term_string"}}],"inLanguage":"fi"}]}},"lang":"fi","translations":{"fi":163,"en":1458},"pll_sync_post":[],"_links":{"self":[{"href":"https:\/\/rotary.fi\/merioulu\/wp-json\/wp\/v2\/pages\/163","targetHints":{"allow":["GET"]}}],"collection":[{"href":"https:\/\/rotary.fi\/merioulu\/wp-json\/wp\/v2\/pages"}],"about":[{"href":"https:\/\/rotary.fi\/merioulu\/wp-json\/wp\/v2\/types\/page"}],"author":[{"embeddable":true,"href":"https:\/\/rotary.fi\/merioulu\/wp-json\/wp\/v2\/users\/1"}],"replies":[{"embeddable":true,"href":"https:\/\/rotary.fi\/merioulu\/wp-json\/wp\/v2\/comments?post=163"}],"version-history":[{"count":18,"href":"https:\/\/rotary.fi\/merioulu\/wp-json\/wp\/v2\/pages\/163\/revisions"}],"predecessor-version":[{"id":1899,"href":"https:\/\/rotary.fi\/merioulu\/wp-json\/wp\/v2\/pages\/163\/revisions\/1899"}],"up":[{"embeddable":true,"href":"https:\/\/rotary.fi\/merioulu\/wp-json\/wp\/v2\/pages\/77"}],"wp:attachment":[{"href":"https:\/\/rotary.fi\/merioulu\/wp-json\/wp\/v2\/media?parent=163"}],"curies":[{"name":"wp","href":"https:\/\/api.w.org\/{rel}","templated":true}]}}