{"id":156,"date":"2018-08-13T09:46:59","date_gmt":"2018-08-13T06:46:59","guid":{"rendered":"https:\/\/rotary.fi\/merioulu\/?page_id=156"},"modified":"2021-11-06T12:04:10","modified_gmt":"2021-11-06T10:04:10","slug":"teemme-hyvaa","status":"publish","type":"page","link":"https:\/\/rotary.fi\/merioulu\/mita-teemme\/teemme-hyvaa\/","title":{"rendered":"Teemme hyv\u00e4\u00e4"},"content":{"rendered":"<p>[et_pb_section fb_built=&#8221;1&#8243; module_class=&#8221;jumbotron-page&#8221; _builder_version=&#8221;3.22&#8243; background_image=&#8221;https:\/\/rotary.fi\/merioulu\/wp-content\/uploads\/sites\/218\/2018\/08\/rotary_klubit_alasivu_paakuva_5.jpg&#8221;][et_pb_row _builder_version=&#8221;3.25&#8243; background_size=&#8221;initial&#8221; background_position=&#8221;top_left&#8221; background_repeat=&#8221;repeat&#8221;][et_pb_column type=&#8221;4_4&#8243; _builder_version=&#8221;3.25&#8243; custom_padding=&#8221;|||&#8221; custom_padding__hover=&#8221;|||&#8221;][et_pb_text admin_label=&#8221;P\u00e4\u00e4otsikko&#8221; _builder_version=&#8221;4.9.10&#8243; text_orientation=&#8221;center&#8221; background_layout=&#8221;dark&#8221;]<\/p>\n<h1>Teemme hyv\u00e4\u00e4<\/h1>\n<p>[\/et_pb_text][\/et_pb_column][\/et_pb_row][\/et_pb_section][et_pb_section fb_built=&#8221;1&#8243; specialty=&#8221;on&#8221; module_class_2=&#8221;sivupalkki&#8221; _builder_version=&#8221;3.22&#8243;][et_pb_column type=&#8221;2_3&#8243; specialty_columns=&#8221;2&#8243; _builder_version=&#8221;3.25&#8243; custom_padding=&#8221;|||&#8221; parallax__hover=&#8221;off&#8221; parallax_method__hover=&#8221;on&#8221; custom_padding__hover=&#8221;|||&#8221;][et_pb_row_inner admin_label=&#8221;Rivi&#8221; _builder_version=&#8221;4.9.10&#8243;][et_pb_column_inner saved_specialty_column_type=&#8221;2_3&#8243; _builder_version=&#8221;3.25&#8243; custom_padding=&#8221;|||&#8221; parallax__hover=&#8221;off&#8221; parallax_method__hover=&#8221;on&#8221; custom_padding__hover=&#8221;|||&#8221;][et_pb_text admin_label=&#8221;Projektit &#8211; Otsikko&#8221; _builder_version=&#8221;4.9.10&#8243; text_orientation=&#8221;center&#8221; custom_margin=&#8221;||32px|||&#8221;]<\/p>\n<h2>Teemme hyv\u00e4\u00e4<\/h2>\n<p>[\/et_pb_text][et_pb_text _builder_version=&#8221;4.9.10&#8243; custom_padding=&#8221;||0px|||&#8221;]<\/p>\n<p><span style=\"font-weight: 400\">Palvelutoimintamme kohdistuu apua tarvitseviin sek\u00e4 l\u00e4hell\u00e4 ett\u00e4 kaukana. Lapset ja nuoret ovat meille erityisen t\u00e4rkeit\u00e4. K\u00e4yt\u00e4mme hankkeissamme hyv\u00e4ksi my\u00f6s Rotarys\u00e4\u00e4ti\u00f6n monenlaisia mahdollisuuksia ja tuemme toisten rotarien toteuttamia kehityshankkeita tehden hyv\u00e4\u00e4 mm. Intiassa ja Georgiassa. <\/span><\/p>\n<p><span style=\"font-weight: 400\">Viime vuosina olemme tehneet mm. seuraavaa:<\/span><\/p>\n<ul>\n<li style=\"font-weight: 400\"><span style=\"font-weight: 400\"><a href=\"https:\/\/rotary.fi\/merioulu\/keita-olemme\/ilo-esitella\/\">osaty\u00f6kykyisten saaminen ty\u00f6el\u00e4m\u00e4\u00e4n<\/a> kautta Pohjois-Suomen \u2013 projekti yhdess\u00e4 Nuorten Yst\u00e4vien kanssa (Rotarys\u00e4\u00e4ti\u00f6n piiriapuraha)<\/span><\/li>\n<li style=\"font-weight: 400\"><span style=\"font-weight: 400\">FC Rotary \u2013 jalkapalloharrastusta nuorille, joilla ei muuten mahdollisuutta ohjattuun urheiluun (Rotarys\u00e4\u00e4ti\u00f6n piiriapuraha)<\/span><\/li>\n<li style=\"font-weight: 400\"><span style=\"font-weight: 400\">\u00a0<\/span><span style=\"font-weight: 400\"><a href=\"https:\/\/rotary.fi\/merioulu\/mita-teemme\/nuorisopalvelumme\/\">Oulun Rotaractklubin kummiklubina<\/a> toimiminen<\/span><\/li>\n<li style=\"font-weight: 400\"><span style=\"font-weight: 400\">\u00a0<\/span><span style=\"font-weight: 400\">jarrusukkien hankinta saattohoito-osastolle A2 Oulun kaupunginsairaalaan\u00a0<\/span><span style=\"font-weight: 400\"><\/span><\/li>\n<\/ul>\n<ul>\n<li style=\"font-weight: 400\"><span style=\"font-weight: 400\">r\u00f6ntgenlaitteiston hankinta georgialaiseen Rukhin sairaalaan (Covid 19); Rotarys\u00e4\u00e4ti\u00f6n projekti GG2012901<\/span><\/li>\n<li style=\"font-weight: 400\"><span style=\"font-weight: 400\">\u00e4idinmaitokeskuksen hankinta Punen alueen keskussairaalaan Intiaan; Rotarys\u00e4\u00e4ti\u00f6n projekti GG1752861<\/span><\/li>\n<li style=\"font-weight: 400\"><span style=\"font-weight: 400\">tietokonetomografialaitteiston hankinta k\u00f6yhien asuinalueen sairaalaan Punessa Intiassa; Rotarys\u00e4\u00e4ti\u00f6n projekti GG1987362<\/span><span style=\"font-weight: 400\"><\/span><span style=\"font-weight: 400\"><\/span><span style=\"font-weight: 400\"><\/span><span style=\"font-weight: 400\"><\/span><\/li>\n<li style=\"font-weight: 400\">katso viime vuosien <a href=\"https:\/\/rotary.fi\/merioulu\/maailmanlaajuisia-hankkeitamme-global-grants\/\">Global Grant -hankkeitamme t\u00e4st\u00e4\u00a0<\/a><span style=\"font-weight: 400\"><\/span><\/li>\n<\/ul>\n<p><span style=\"font-weight: 400\"><\/span><\/p>\n<ul>\n<li style=\"font-weight: 400\"><span style=\"font-weight: 400\">End Polio Now \u2013 jaamme tietoa ja ker\u00e4\u00e4mme rahaa<a href=\"https:\/\/rotary.fi\/merioulu\/ajankohtaiset\/klubin-poliopaivakeraykset-to-21-10-ja-pe-22-10-2021\/\"> Maailman poliop\u00e4iv\u00e4n\u00e4<\/a> 24.10.\u00a0<\/span><\/li>\n<li style=\"font-weight: 400\"><span style=\"font-weight: 400\"><a href=\"https:\/\/rotary.fi\/merioulu\/mita-teemme\/nuorisopalvelumme\/\">Rotaryn nuorisovaihto<\/a> \u2013 l\u00e4het\u00e4mme oululaisen lukiolaisen vuodeksi ulkomaille ja is\u00e4nn\u00f6imme muunmaalaista nuorta Oulussa\u00a0<\/span><\/li>\n<\/ul>\n<p>Rotary on palveluj\u00e4rjest\u00f6. Toimimme tunnuslauseemme Palvelu itsekkyyden edelle (Service above self) mukaisesti paikallisesti ja maailmanlaajuisesti. Kansainv\u00e4linen humanit\u00e4\u00e4rinen palvelumme toteutuu Rotarys\u00e4\u00e4ti\u00f6mme koordinoimana ja hyv\u00e4ksyttyjen kumppaneiden kanssa.<\/p>\n<p>&nbsp;<\/p>\n<p>[\/et_pb_text][\/et_pb_column_inner][\/et_pb_row_inner][\/et_pb_column][et_pb_column type=&#8221;1_3&#8243; module_class=&#8221;sivupalkki&#8221; _builder_version=&#8221;3.25&#8243; custom_padding=&#8221;|||&#8221; parallax__hover=&#8221;off&#8221; parallax_method__hover=&#8221;on&#8221; module_class__hover=&#8221;sivupalkki&#8221; custom_padding__hover=&#8221;|||&#8221;][et_pb_sidebar area=&#8221;sidebar-1&#8243; module_class=&#8221;sivupalkki_sisalto&#8221; _builder_version=&#8221;3.4.1&#8243; locked=&#8221;on&#8221;][\/et_pb_sidebar][\/et_pb_column][\/et_pb_section]<\/p>\n","protected":false},"excerpt":{"rendered":"<p>Teemme hyv\u00e4\u00e4Teemme hyv\u00e4\u00e4Palvelutoimintamme kohdistuu apua tarvitseviin sek\u00e4 l\u00e4hell\u00e4 ett\u00e4 kaukana. Lapset ja nuoret ovat meille erityisen t\u00e4rkeit\u00e4. K\u00e4yt\u00e4mme hankkeissamme hyv\u00e4ksi my\u00f6s Rotarys\u00e4\u00e4ti\u00f6n monenlaisia mahdollisuuksia ja tuemme toisten rotarien toteuttamia kehityshankkeita tehden hyv\u00e4\u00e4 mm. Intiassa ja Georgiassa. Viime vuosina olemme tehneet mm. seuraavaa: osaty\u00f6kykyisten saaminen ty\u00f6el\u00e4m\u00e4\u00e4n kautta Pohjois-Suomen \u2013 projekti yhdess\u00e4 Nuorten Yst\u00e4vien kanssa (Rotarys\u00e4\u00e4ti\u00f6n piiriapuraha) [&hellip;]<\/p>\n","protected":false},"author":1,"featured_media":0,"parent":77,"menu_order":0,"comment_status":"closed","ping_status":"closed","template":"","meta":{"_acf_changed":false,"_et_pb_use_builder":"on","_et_pb_old_content":"","_et_gb_content_width":"","footnotes":""},"class_list":["post-156","page","type-page","status-publish","hentry"],"acf":[],"yoast_head":"<!-- This site is optimized with the Yoast SEO plugin v27.0 - https:\/\/yoast.com\/product\/yoast-seo-wordpress\/ -->\n<title>Teemme hyv\u00e4\u00e4 - Meri-Oulun Rotaryklubi<\/title>\n<meta name=\"robots\" content=\"index, follow, max-snippet:-1, max-image-preview:large, max-video-preview:-1\" \/>\n<link rel=\"canonical\" href=\"https:\/\/rotary.fi\/merioulu\/mita-teemme\/teemme-hyvaa\/\" \/>\n<meta property=\"og:locale\" content=\"fi_FI\" \/>\n<meta property=\"og:type\" content=\"article\" \/>\n<meta property=\"og:title\" content=\"Teemme hyv\u00e4\u00e4 - Meri-Oulun Rotaryklubi\" \/>\n<meta property=\"og:description\" content=\"Teemme hyv\u00e4\u00e4Teemme hyv\u00e4\u00e4Palvelutoimintamme kohdistuu apua tarvitseviin sek\u00e4 l\u00e4hell\u00e4 ett\u00e4 kaukana. Lapset ja nuoret ovat meille erityisen t\u00e4rkeit\u00e4. K\u00e4yt\u00e4mme hankkeissamme hyv\u00e4ksi my\u00f6s Rotarys\u00e4\u00e4ti\u00f6n monenlaisia mahdollisuuksia ja tuemme toisten rotarien toteuttamia kehityshankkeita tehden hyv\u00e4\u00e4 mm. Intiassa ja Georgiassa. Viime vuosina olemme tehneet mm. seuraavaa: osaty\u00f6kykyisten saaminen ty\u00f6el\u00e4m\u00e4\u00e4n kautta Pohjois-Suomen \u2013 projekti yhdess\u00e4 Nuorten Yst\u00e4vien kanssa (Rotarys\u00e4\u00e4ti\u00f6n piiriapuraha) [&hellip;]\" \/>\n<meta property=\"og:url\" content=\"https:\/\/rotary.fi\/merioulu\/mita-teemme\/teemme-hyvaa\/\" \/>\n<meta property=\"og:site_name\" content=\"Meri-Oulun Rotaryklubi\" \/>\n<meta property=\"article:modified_time\" content=\"2021-11-06T10:04:10+00:00\" \/>\n<meta name=\"twitter:card\" content=\"summary_large_image\" \/>\n<meta name=\"twitter:label1\" content=\"Arvioitu lukuaika\" \/>\n\t<meta name=\"twitter:data1\" content=\"2 minuuttia\" \/>\n<script type=\"application\/ld+json\" class=\"yoast-schema-graph\">{\"@context\":\"https:\/\/schema.org\",\"@graph\":[{\"@type\":\"WebPage\",\"@id\":\"https:\/\/rotary.fi\/merioulu\/mita-teemme\/teemme-hyvaa\/\",\"url\":\"https:\/\/rotary.fi\/merioulu\/mita-teemme\/teemme-hyvaa\/\",\"name\":\"Teemme hyv\u00e4\u00e4 - Meri-Oulun Rotaryklubi\",\"isPartOf\":{\"@id\":\"https:\/\/rotary.fi\/merioulu\/#website\"},\"datePublished\":\"2018-08-13T06:46:59+00:00\",\"dateModified\":\"2021-11-06T10:04:10+00:00\",\"breadcrumb\":{\"@id\":\"https:\/\/rotary.fi\/merioulu\/mita-teemme\/teemme-hyvaa\/#breadcrumb\"},\"inLanguage\":\"fi\",\"potentialAction\":[{\"@type\":\"ReadAction\",\"target\":[\"https:\/\/rotary.fi\/merioulu\/mita-teemme\/teemme-hyvaa\/\"]}]},{\"@type\":\"BreadcrumbList\",\"@id\":\"https:\/\/rotary.fi\/merioulu\/mita-teemme\/teemme-hyvaa\/#breadcrumb\",\"itemListElement\":[{\"@type\":\"ListItem\",\"position\":1,\"name\":\"Home\",\"item\":\"https:\/\/rotary.fi\/merioulu\/\"},{\"@type\":\"ListItem\",\"position\":2,\"name\":\"Mit\u00e4 teemme\",\"item\":\"https:\/\/rotary.fi\/merioulu\/mita-teemme\/\"},{\"@type\":\"ListItem\",\"position\":3,\"name\":\"Teemme hyv\u00e4\u00e4\"}]},{\"@type\":\"WebSite\",\"@id\":\"https:\/\/rotary.fi\/merioulu\/#website\",\"url\":\"https:\/\/rotary.fi\/merioulu\/\",\"name\":\"Meri-Oulun Rotaryklubi\",\"description\":\"Uusi Rotary klubisivusto\",\"potentialAction\":[{\"@type\":\"SearchAction\",\"target\":{\"@type\":\"EntryPoint\",\"urlTemplate\":\"https:\/\/rotary.fi\/merioulu\/?s={search_term_string}\"},\"query-input\":{\"@type\":\"PropertyValueSpecification\",\"valueRequired\":true,\"valueName\":\"search_term_string\"}}],\"inLanguage\":\"fi\"}]}<\/script>\n<!-- \/ Yoast SEO plugin. -->","yoast_head_json":{"title":"Teemme hyv\u00e4\u00e4 - Meri-Oulun Rotaryklubi","robots":{"index":"index","follow":"follow","max-snippet":"max-snippet:-1","max-image-preview":"max-image-preview:large","max-video-preview":"max-video-preview:-1"},"canonical":"https:\/\/rotary.fi\/merioulu\/mita-teemme\/teemme-hyvaa\/","og_locale":"fi_FI","og_type":"article","og_title":"Teemme hyv\u00e4\u00e4 - Meri-Oulun Rotaryklubi","og_description":"Teemme hyv\u00e4\u00e4Teemme hyv\u00e4\u00e4Palvelutoimintamme kohdistuu apua tarvitseviin sek\u00e4 l\u00e4hell\u00e4 ett\u00e4 kaukana. Lapset ja nuoret ovat meille erityisen t\u00e4rkeit\u00e4. K\u00e4yt\u00e4mme hankkeissamme hyv\u00e4ksi my\u00f6s Rotarys\u00e4\u00e4ti\u00f6n monenlaisia mahdollisuuksia ja tuemme toisten rotarien toteuttamia kehityshankkeita tehden hyv\u00e4\u00e4 mm. Intiassa ja Georgiassa. Viime vuosina olemme tehneet mm. seuraavaa: osaty\u00f6kykyisten saaminen ty\u00f6el\u00e4m\u00e4\u00e4n kautta Pohjois-Suomen \u2013 projekti yhdess\u00e4 Nuorten Yst\u00e4vien kanssa (Rotarys\u00e4\u00e4ti\u00f6n piiriapuraha) [&hellip;]","og_url":"https:\/\/rotary.fi\/merioulu\/mita-teemme\/teemme-hyvaa\/","og_site_name":"Meri-Oulun Rotaryklubi","article_modified_time":"2021-11-06T10:04:10+00:00","twitter_card":"summary_large_image","twitter_misc":{"Arvioitu lukuaika":"2 minuuttia"},"schema":{"@context":"https:\/\/schema.org","@graph":[{"@type":"WebPage","@id":"https:\/\/rotary.fi\/merioulu\/mita-teemme\/teemme-hyvaa\/","url":"https:\/\/rotary.fi\/merioulu\/mita-teemme\/teemme-hyvaa\/","name":"Teemme hyv\u00e4\u00e4 - Meri-Oulun Rotaryklubi","isPartOf":{"@id":"https:\/\/rotary.fi\/merioulu\/#website"},"datePublished":"2018-08-13T06:46:59+00:00","dateModified":"2021-11-06T10:04:10+00:00","breadcrumb":{"@id":"https:\/\/rotary.fi\/merioulu\/mita-teemme\/teemme-hyvaa\/#breadcrumb"},"inLanguage":"fi","potentialAction":[{"@type":"ReadAction","target":["https:\/\/rotary.fi\/merioulu\/mita-teemme\/teemme-hyvaa\/"]}]},{"@type":"BreadcrumbList","@id":"https:\/\/rotary.fi\/merioulu\/mita-teemme\/teemme-hyvaa\/#breadcrumb","itemListElement":[{"@type":"ListItem","position":1,"name":"Home","item":"https:\/\/rotary.fi\/merioulu\/"},{"@type":"ListItem","position":2,"name":"Mit\u00e4 teemme","item":"https:\/\/rotary.fi\/merioulu\/mita-teemme\/"},{"@type":"ListItem","position":3,"name":"Teemme hyv\u00e4\u00e4"}]},{"@type":"WebSite","@id":"https:\/\/rotary.fi\/merioulu\/#website","url":"https:\/\/rotary.fi\/merioulu\/","name":"Meri-Oulun Rotaryklubi","description":"Uusi Rotary klubisivusto","potentialAction":[{"@type":"SearchAction","target":{"@type":"EntryPoint","urlTemplate":"https:\/\/rotary.fi\/merioulu\/?s={search_term_string}"},"query-input":{"@type":"PropertyValueSpecification","valueRequired":true,"valueName":"search_term_string"}}],"inLanguage":"fi"}]}},"lang":"fi","translations":{"fi":156,"en":1451},"pll_sync_post":[],"_links":{"self":[{"href":"https:\/\/rotary.fi\/merioulu\/wp-json\/wp\/v2\/pages\/156","targetHints":{"allow":["GET"]}}],"collection":[{"href":"https:\/\/rotary.fi\/merioulu\/wp-json\/wp\/v2\/pages"}],"about":[{"href":"https:\/\/rotary.fi\/merioulu\/wp-json\/wp\/v2\/types\/page"}],"author":[{"embeddable":true,"href":"https:\/\/rotary.fi\/merioulu\/wp-json\/wp\/v2\/users\/1"}],"replies":[{"embeddable":true,"href":"https:\/\/rotary.fi\/merioulu\/wp-json\/wp\/v2\/comments?post=156"}],"version-history":[{"count":11,"href":"https:\/\/rotary.fi\/merioulu\/wp-json\/wp\/v2\/pages\/156\/revisions"}],"predecessor-version":[{"id":1874,"href":"https:\/\/rotary.fi\/merioulu\/wp-json\/wp\/v2\/pages\/156\/revisions\/1874"}],"up":[{"embeddable":true,"href":"https:\/\/rotary.fi\/merioulu\/wp-json\/wp\/v2\/pages\/77"}],"wp:attachment":[{"href":"https:\/\/rotary.fi\/merioulu\/wp-json\/wp\/v2\/media?parent=156"}],"curies":[{"name":"wp","href":"https:\/\/api.w.org\/{rel}","templated":true}]}}