{"id":154,"date":"2018-08-13T09:35:27","date_gmt":"2018-08-13T06:35:27","guid":{"rendered":"https:\/\/rotary.fi\/merioulu\/?page_id=154"},"modified":"2023-03-27T14:53:03","modified_gmt":"2023-03-27T11:53:03","slug":"yhteistyomme","status":"publish","type":"page","link":"https:\/\/rotary.fi\/merioulu\/mita-teemme\/yhteistyomme\/","title":{"rendered":"Yhteisty\u00f6mme"},"content":{"rendered":"<p>Toimimme yhteisty\u00f6ss\u00e4 mm. toisten rotaryklubien, Oulun Rotaractklubin ja Interactiklubin sek\u00e4 muiden kansalaisj\u00e4rjest\u00f6jen kanssa.<\/p>\n<p>Viime aikoina n\u00e4it\u00e4 ovat olleet<\/p>\n<p>OLS (Oulun Luistinseura) &#8211; hanke FC Oulu nuorten jalkapalloharrastuksen tukemiseksi<\/p>\n<p>Nuorten Yst\u00e4v\u00e4t ry &#8211; klubitalo P\u00f6nk\u00e4n tietokoneiden uusinta<\/p>\n<p><a href=\"https:\/\/nuortenystavat.fi\/ajankohtaista\/leijonien-rotarien-ja-taitonetin-yhteinen-laitelahjoitus-vahvistaa-tyomarkkinoiden-ulkopuolella-olevien-digiosaamista-klubitalo-ponkassa\/\">https:\/\/nuortenystavat.fi\/ajankohtaista\/leijonien-rotarien-ja-taitonetin-yhteinen-laitelahjoitus-vahvistaa-tyomarkkinoiden-ulkopuolella-olevien-digiosaamista-klubitalo-ponkassa\/<\/a><\/p>\n","protected":false},"excerpt":{"rendered":"<p>Toimimme yhteisty\u00f6ss\u00e4 mm. toisten rotaryklubien, Oulun Rotaractklubin ja Interactiklubin sek\u00e4 muiden kansalaisj\u00e4rjest\u00f6jen kanssa. Viime aikoina n\u00e4it\u00e4 ovat olleet OLS (Oulun Luistinseura) &#8211; hanke FC Oulu nuorten jalkapalloharrastuksen tukemiseksi Nuorten Yst\u00e4v\u00e4t ry &#8211; klubitalo P\u00f6nk\u00e4n tietokoneiden uusinta https:\/\/nuortenystavat.fi\/ajankohtaista\/leijonien-rotarien-ja-taitonetin-yhteinen-laitelahjoitus-vahvistaa-tyomarkkinoiden-ulkopuolella-olevien-digiosaamista-klubitalo-ponkassa\/<\/p>\n","protected":false},"author":1,"featured_media":0,"parent":77,"menu_order":0,"comment_status":"closed","ping_status":"closed","template":"","meta":{"_acf_changed":false,"_et_pb_use_builder":"off","_et_pb_old_content":"","_et_gb_content_width":"","footnotes":""},"class_list":["post-154","page","type-page","status-publish","hentry"],"acf":[],"yoast_head":"<!-- This site is optimized with the Yoast SEO plugin v27.0 - https:\/\/yoast.com\/product\/yoast-seo-wordpress\/ -->\n<title>Yhteisty\u00f6mme - Meri-Oulun Rotaryklubi<\/title>\n<meta name=\"robots\" content=\"index, follow, max-snippet:-1, max-image-preview:large, max-video-preview:-1\" \/>\n<link rel=\"canonical\" href=\"https:\/\/rotary.fi\/merioulu\/mita-teemme\/yhteistyomme\/\" \/>\n<meta property=\"og:locale\" content=\"fi_FI\" \/>\n<meta property=\"og:type\" content=\"article\" \/>\n<meta property=\"og:title\" content=\"Yhteisty\u00f6mme - Meri-Oulun Rotaryklubi\" \/>\n<meta property=\"og:description\" content=\"Toimimme yhteisty\u00f6ss\u00e4 mm. toisten rotaryklubien, Oulun Rotaractklubin ja Interactiklubin sek\u00e4 muiden kansalaisj\u00e4rjest\u00f6jen kanssa. Viime aikoina n\u00e4it\u00e4 ovat olleet OLS (Oulun Luistinseura) &#8211; hanke FC Oulu nuorten jalkapalloharrastuksen tukemiseksi Nuorten Yst\u00e4v\u00e4t ry &#8211; klubitalo P\u00f6nk\u00e4n tietokoneiden uusinta https:\/\/nuortenystavat.fi\/ajankohtaista\/leijonien-rotarien-ja-taitonetin-yhteinen-laitelahjoitus-vahvistaa-tyomarkkinoiden-ulkopuolella-olevien-digiosaamista-klubitalo-ponkassa\/\" \/>\n<meta property=\"og:url\" content=\"https:\/\/rotary.fi\/merioulu\/mita-teemme\/yhteistyomme\/\" \/>\n<meta property=\"og:site_name\" content=\"Meri-Oulun Rotaryklubi\" \/>\n<meta property=\"article:modified_time\" content=\"2023-03-27T11:53:03+00:00\" \/>\n<meta name=\"twitter:card\" content=\"summary_large_image\" \/>\n<meta name=\"twitter:label1\" content=\"Arvioitu lukuaika\" \/>\n\t<meta name=\"twitter:data1\" content=\"1 minuutti\" \/>\n<script type=\"application\/ld+json\" class=\"yoast-schema-graph\">{\"@context\":\"https:\/\/schema.org\",\"@graph\":[{\"@type\":\"WebPage\",\"@id\":\"https:\/\/rotary.fi\/merioulu\/mita-teemme\/yhteistyomme\/\",\"url\":\"https:\/\/rotary.fi\/merioulu\/mita-teemme\/yhteistyomme\/\",\"name\":\"Yhteisty\u00f6mme - Meri-Oulun Rotaryklubi\",\"isPartOf\":{\"@id\":\"https:\/\/rotary.fi\/merioulu\/#website\"},\"datePublished\":\"2018-08-13T06:35:27+00:00\",\"dateModified\":\"2023-03-27T11:53:03+00:00\",\"breadcrumb\":{\"@id\":\"https:\/\/rotary.fi\/merioulu\/mita-teemme\/yhteistyomme\/#breadcrumb\"},\"inLanguage\":\"fi\",\"potentialAction\":[{\"@type\":\"ReadAction\",\"target\":[\"https:\/\/rotary.fi\/merioulu\/mita-teemme\/yhteistyomme\/\"]}]},{\"@type\":\"BreadcrumbList\",\"@id\":\"https:\/\/rotary.fi\/merioulu\/mita-teemme\/yhteistyomme\/#breadcrumb\",\"itemListElement\":[{\"@type\":\"ListItem\",\"position\":1,\"name\":\"Home\",\"item\":\"https:\/\/rotary.fi\/merioulu\/\"},{\"@type\":\"ListItem\",\"position\":2,\"name\":\"Mit\u00e4 teemme\",\"item\":\"https:\/\/rotary.fi\/merioulu\/mita-teemme\/\"},{\"@type\":\"ListItem\",\"position\":3,\"name\":\"Yhteisty\u00f6mme\"}]},{\"@type\":\"WebSite\",\"@id\":\"https:\/\/rotary.fi\/merioulu\/#website\",\"url\":\"https:\/\/rotary.fi\/merioulu\/\",\"name\":\"Meri-Oulun Rotaryklubi\",\"description\":\"Uusi Rotary klubisivusto\",\"potentialAction\":[{\"@type\":\"SearchAction\",\"target\":{\"@type\":\"EntryPoint\",\"urlTemplate\":\"https:\/\/rotary.fi\/merioulu\/?s={search_term_string}\"},\"query-input\":{\"@type\":\"PropertyValueSpecification\",\"valueRequired\":true,\"valueName\":\"search_term_string\"}}],\"inLanguage\":\"fi\"}]}<\/script>\n<!-- \/ Yoast SEO plugin. -->","yoast_head_json":{"title":"Yhteisty\u00f6mme - Meri-Oulun Rotaryklubi","robots":{"index":"index","follow":"follow","max-snippet":"max-snippet:-1","max-image-preview":"max-image-preview:large","max-video-preview":"max-video-preview:-1"},"canonical":"https:\/\/rotary.fi\/merioulu\/mita-teemme\/yhteistyomme\/","og_locale":"fi_FI","og_type":"article","og_title":"Yhteisty\u00f6mme - Meri-Oulun Rotaryklubi","og_description":"Toimimme yhteisty\u00f6ss\u00e4 mm. toisten rotaryklubien, Oulun Rotaractklubin ja Interactiklubin sek\u00e4 muiden kansalaisj\u00e4rjest\u00f6jen kanssa. Viime aikoina n\u00e4it\u00e4 ovat olleet OLS (Oulun Luistinseura) &#8211; hanke FC Oulu nuorten jalkapalloharrastuksen tukemiseksi Nuorten Yst\u00e4v\u00e4t ry &#8211; klubitalo P\u00f6nk\u00e4n tietokoneiden uusinta https:\/\/nuortenystavat.fi\/ajankohtaista\/leijonien-rotarien-ja-taitonetin-yhteinen-laitelahjoitus-vahvistaa-tyomarkkinoiden-ulkopuolella-olevien-digiosaamista-klubitalo-ponkassa\/","og_url":"https:\/\/rotary.fi\/merioulu\/mita-teemme\/yhteistyomme\/","og_site_name":"Meri-Oulun Rotaryklubi","article_modified_time":"2023-03-27T11:53:03+00:00","twitter_card":"summary_large_image","twitter_misc":{"Arvioitu lukuaika":"1 minuutti"},"schema":{"@context":"https:\/\/schema.org","@graph":[{"@type":"WebPage","@id":"https:\/\/rotary.fi\/merioulu\/mita-teemme\/yhteistyomme\/","url":"https:\/\/rotary.fi\/merioulu\/mita-teemme\/yhteistyomme\/","name":"Yhteisty\u00f6mme - Meri-Oulun Rotaryklubi","isPartOf":{"@id":"https:\/\/rotary.fi\/merioulu\/#website"},"datePublished":"2018-08-13T06:35:27+00:00","dateModified":"2023-03-27T11:53:03+00:00","breadcrumb":{"@id":"https:\/\/rotary.fi\/merioulu\/mita-teemme\/yhteistyomme\/#breadcrumb"},"inLanguage":"fi","potentialAction":[{"@type":"ReadAction","target":["https:\/\/rotary.fi\/merioulu\/mita-teemme\/yhteistyomme\/"]}]},{"@type":"BreadcrumbList","@id":"https:\/\/rotary.fi\/merioulu\/mita-teemme\/yhteistyomme\/#breadcrumb","itemListElement":[{"@type":"ListItem","position":1,"name":"Home","item":"https:\/\/rotary.fi\/merioulu\/"},{"@type":"ListItem","position":2,"name":"Mit\u00e4 teemme","item":"https:\/\/rotary.fi\/merioulu\/mita-teemme\/"},{"@type":"ListItem","position":3,"name":"Yhteisty\u00f6mme"}]},{"@type":"WebSite","@id":"https:\/\/rotary.fi\/merioulu\/#website","url":"https:\/\/rotary.fi\/merioulu\/","name":"Meri-Oulun Rotaryklubi","description":"Uusi Rotary klubisivusto","potentialAction":[{"@type":"SearchAction","target":{"@type":"EntryPoint","urlTemplate":"https:\/\/rotary.fi\/merioulu\/?s={search_term_string}"},"query-input":{"@type":"PropertyValueSpecification","valueRequired":true,"valueName":"search_term_string"}}],"inLanguage":"fi"}]}},"lang":"fi","translations":{"fi":154,"en":1449},"pll_sync_post":[],"_links":{"self":[{"href":"https:\/\/rotary.fi\/merioulu\/wp-json\/wp\/v2\/pages\/154","targetHints":{"allow":["GET"]}}],"collection":[{"href":"https:\/\/rotary.fi\/merioulu\/wp-json\/wp\/v2\/pages"}],"about":[{"href":"https:\/\/rotary.fi\/merioulu\/wp-json\/wp\/v2\/types\/page"}],"author":[{"embeddable":true,"href":"https:\/\/rotary.fi\/merioulu\/wp-json\/wp\/v2\/users\/1"}],"replies":[{"embeddable":true,"href":"https:\/\/rotary.fi\/merioulu\/wp-json\/wp\/v2\/comments?post=154"}],"version-history":[{"count":10,"href":"https:\/\/rotary.fi\/merioulu\/wp-json\/wp\/v2\/pages\/154\/revisions"}],"predecessor-version":[{"id":1980,"href":"https:\/\/rotary.fi\/merioulu\/wp-json\/wp\/v2\/pages\/154\/revisions\/1980"}],"up":[{"embeddable":true,"href":"https:\/\/rotary.fi\/merioulu\/wp-json\/wp\/v2\/pages\/77"}],"wp:attachment":[{"href":"https:\/\/rotary.fi\/merioulu\/wp-json\/wp\/v2\/media?parent=154"}],"curies":[{"name":"wp","href":"https:\/\/api.w.org\/{rel}","templated":true}]}}