{"id":142,"date":"2018-08-10T14:04:45","date_gmt":"2018-08-10T11:04:45","guid":{"rendered":"https:\/\/rotary.fi\/klubi2\/?page_id=142"},"modified":"2021-11-04T22:17:09","modified_gmt":"2021-11-04T20:17:09","slug":"ilo-esitella","status":"publish","type":"page","link":"https:\/\/rotary.fi\/merioulu\/keita-olemme\/ilo-esitella\/","title":{"rendered":"Ilo esitell\u00e4"},"content":{"rendered":"<p>[et_pb_section fb_built=&#8221;1&#8243; module_class=&#8221;jumbotron-page&#8221; _builder_version=&#8221;4.9.10&#8243; background_image=&#8221;https:\/\/rotary.fi\/merioulu\/wp-content\/uploads\/sites\/218\/2021\/11\/sodankyla.jpg&#8221; hover_enabled=&#8221;0&#8243; title_text=&#8221;Sodankyl\u00e4&#8221; sticky_enabled=&#8221;0&#8243;][et_pb_row _builder_version=&#8221;3.25&#8243; background_size=&#8221;initial&#8221; background_position=&#8221;top_left&#8221; background_repeat=&#8221;repeat&#8221;][et_pb_column type=&#8221;4_4&#8243; _builder_version=&#8221;3.25&#8243; custom_padding=&#8221;|||&#8221; custom_padding__hover=&#8221;|||&#8221;][et_pb_text admin_label=&#8221;P\u00e4\u00e4otsikko&#8221; _builder_version=&#8221;3.27.4&#8243; text_orientation=&#8221;center&#8221; background_layout=&#8221;dark&#8221;]<\/p>\n<h1>Ilo esitell\u00e4<\/h1>\n<p>[\/et_pb_text][\/et_pb_column][\/et_pb_row][\/et_pb_section][et_pb_section fb_built=&#8221;1&#8243; specialty=&#8221;on&#8221; module_class_2=&#8221;sivupalkki&#8221; _builder_version=&#8221;3.22&#8243;][et_pb_column type=&#8221;2_3&#8243; specialty_columns=&#8221;2&#8243; _builder_version=&#8221;3.25&#8243; custom_padding=&#8221;|||&#8221; parallax__hover=&#8221;off&#8221; parallax_method__hover=&#8221;on&#8221; custom_padding__hover=&#8221;|||&#8221;][et_pb_row_inner admin_label=&#8221;Rivi&#8221; _builder_version=&#8221;3.25&#8243;][et_pb_column_inner saved_specialty_column_type=&#8221;2_3&#8243; _builder_version=&#8221;3.25&#8243; custom_padding=&#8221;|||&#8221; parallax__hover=&#8221;off&#8221; parallax_method__hover=&#8221;on&#8221; custom_padding__hover=&#8221;|||&#8221;][et_pb_text admin_label=&#8221;Ilo esitell\u00e4 &#8211; Otsikko&#8221; _builder_version=&#8221;3.27.4&#8243; text_orientation=&#8221;center&#8221;]<\/p>\n<h1>Ilo esitell\u00e4<\/h1>\n<p>[\/et_pb_text][et_pb_text _builder_version=&#8221;4.9.10&#8243;]<\/p>\n<p><strong>MERI-OULUN ROTARYKLUBIN PROJEKTI VAMMAISTEN TY\u00d6LLISTYMISEN EDISTAMISEKSI <\/strong><\/p>\n<p>Meri-Oulun rotaryklubi toteutti Rotaris\u00e4\u00e4ti\u00f6n apurahan turvin 2019\u20132020 vaikeasti ty\u00f6llistyvien vammaisten ja osaty\u00f6kykyisten ty\u00f6llistymisen edist\u00e4miskampanjan. Klubi haastoi omat j\u00e4senens\u00e4 sek\u00e4 muut Oulun ja silloisen rotarypiirin 1400 klubit edist\u00e4m\u00e4\u00e4n vaikeasti ty\u00f6llistyvien nuorten kiinnittymist\u00e4 ty\u00f6el\u00e4m\u00e4\u00e4n Nuorten Yst\u00e4v\u00e4t ry:n klubitalojen sek\u00e4 muiden ty\u00f6llisyytt\u00e4 edist\u00e4vien palveluiden avustamana.<\/p>\n<p>Hankkeen toteuttamiseksi Rotaryklubin edustaja <em>Marja Irjala<\/em> yhdess\u00e4 kokemusasiantuntijoiden kanssa toteutti esitelm\u00e4kiertueen piirin 20:ssa klubissa noin 15 eri paikkakunnalla. Kohteina olivat Lapin, Oulun ja Kainuun alueen rotaryklubit.<\/p>\n<p>Kiertue jouduttiin keskeytt\u00e4m\u00e4\u00e4n koronapandemian m\u00e4\u00e4ritt\u00e4mien kokoontumisrajoitusten takia maalikuussa 2020 mutta k\u00e4ynnistettiin uudelleen elokuussa. Kiertue p\u00e4\u00e4ttyi 30.9.2020 esitelm\u00e4tilaisuuteen Nivalan rotaryklubissa. Paikalla tilaisuuksissa oli yhteens\u00e4 307 kuulijaa. Kokemusasiantuntijoina oli mukana noin 20 eri tavoin vammaista tai osaty\u00f6kykyist\u00e4 nuorta eri paikkakunnilta.<\/p>\n<p>[\/et_pb_text][et_pb_image src=&#8221;https:\/\/rotary.fi\/merioulu\/wp-content\/uploads\/sites\/218\/2021\/10\/merioulu16092019sinikkaaitimarja.jpg&#8221; title_text=&#8221;MeriOulu16092019Sinikka\u00c4itiMarja&#8221; _builder_version=&#8221;4.9.10&#8243; _module_preset=&#8221;default&#8221;][\/et_pb_image][\/et_pb_column_inner][\/et_pb_row_inner][\/et_pb_column][et_pb_column type=&#8221;1_3&#8243; module_class=&#8221;sivupalkki&#8221; _builder_version=&#8221;3.25&#8243; custom_padding=&#8221;|||&#8221; parallax__hover=&#8221;off&#8221; parallax_method__hover=&#8221;on&#8221; module_class__hover=&#8221;sivupalkki&#8221; custom_padding__hover=&#8221;|||&#8221;][et_pb_sidebar area=&#8221;sidebar-1&#8243; module_class=&#8221;sivupalkki_sisalto&#8221; _builder_version=&#8221;3.4.1&#8243; locked=&#8221;on&#8221;][\/et_pb_sidebar][\/et_pb_column][\/et_pb_section]<\/p>\n","protected":false},"excerpt":{"rendered":"<p>Ilo esitell\u00e4 Ilo esitell\u00e4 MERI-OULUN ROTARYKLUBIN PROJEKTI VAMMAISTEN TY\u00d6LLISTYMISEN EDISTAMISEKSI Meri-Oulun rotaryklubi toteutti Rotaris\u00e4\u00e4ti\u00f6n apurahan turvin 2019\u20132020 vaikeasti ty\u00f6llistyvien vammaisten ja osaty\u00f6kykyisten ty\u00f6llistymisen edist\u00e4miskampanjan. Klubi haastoi omat j\u00e4senens\u00e4 sek\u00e4 muut Oulun ja silloisen rotarypiirin 1400 klubit edist\u00e4m\u00e4\u00e4n vaikeasti ty\u00f6llistyvien nuorten kiinnittymist\u00e4 ty\u00f6el\u00e4m\u00e4\u00e4n Nuorten Yst\u00e4v\u00e4t ry:n klubitalojen sek\u00e4 muiden ty\u00f6llisyytt\u00e4 edist\u00e4vien palveluiden avustamana. Hankkeen toteuttamiseksi Rotaryklubin [&hellip;]<\/p>\n","protected":false},"author":1,"featured_media":0,"parent":129,"menu_order":0,"comment_status":"closed","ping_status":"closed","template":"","meta":{"_acf_changed":false,"_et_pb_use_builder":"on","_et_pb_old_content":"","_et_gb_content_width":"","footnotes":""},"class_list":["post-142","page","type-page","status-publish","hentry"],"acf":[],"yoast_head":"<!-- This site is optimized with the Yoast SEO plugin v27.0 - https:\/\/yoast.com\/product\/yoast-seo-wordpress\/ -->\n<title>Ilo esitell\u00e4 - Meri-Oulun Rotaryklubi<\/title>\n<meta name=\"robots\" content=\"index, follow, max-snippet:-1, max-image-preview:large, max-video-preview:-1\" \/>\n<link rel=\"canonical\" href=\"https:\/\/rotary.fi\/merioulu\/keita-olemme\/ilo-esitella\/\" \/>\n<meta property=\"og:locale\" content=\"fi_FI\" \/>\n<meta property=\"og:type\" content=\"article\" \/>\n<meta property=\"og:title\" content=\"Ilo esitell\u00e4 - Meri-Oulun Rotaryklubi\" \/>\n<meta property=\"og:description\" content=\"Ilo esitell\u00e4 Ilo esitell\u00e4 MERI-OULUN ROTARYKLUBIN PROJEKTI VAMMAISTEN TY\u00d6LLISTYMISEN EDISTAMISEKSI Meri-Oulun rotaryklubi toteutti Rotaris\u00e4\u00e4ti\u00f6n apurahan turvin 2019\u20132020 vaikeasti ty\u00f6llistyvien vammaisten ja osaty\u00f6kykyisten ty\u00f6llistymisen edist\u00e4miskampanjan. Klubi haastoi omat j\u00e4senens\u00e4 sek\u00e4 muut Oulun ja silloisen rotarypiirin 1400 klubit edist\u00e4m\u00e4\u00e4n vaikeasti ty\u00f6llistyvien nuorten kiinnittymist\u00e4 ty\u00f6el\u00e4m\u00e4\u00e4n Nuorten Yst\u00e4v\u00e4t ry:n klubitalojen sek\u00e4 muiden ty\u00f6llisyytt\u00e4 edist\u00e4vien palveluiden avustamana. Hankkeen toteuttamiseksi Rotaryklubin [&hellip;]\" \/>\n<meta property=\"og:url\" content=\"https:\/\/rotary.fi\/merioulu\/keita-olemme\/ilo-esitella\/\" \/>\n<meta property=\"og:site_name\" content=\"Meri-Oulun Rotaryklubi\" \/>\n<meta property=\"article:modified_time\" content=\"2021-11-04T20:17:09+00:00\" \/>\n<meta name=\"twitter:card\" content=\"summary_large_image\" \/>\n<meta name=\"twitter:label1\" content=\"Arvioitu lukuaika\" \/>\n\t<meta name=\"twitter:data1\" content=\"2 minuuttia\" \/>\n<script type=\"application\/ld+json\" class=\"yoast-schema-graph\">{\"@context\":\"https:\/\/schema.org\",\"@graph\":[{\"@type\":\"WebPage\",\"@id\":\"https:\/\/rotary.fi\/merioulu\/keita-olemme\/ilo-esitella\/\",\"url\":\"https:\/\/rotary.fi\/merioulu\/keita-olemme\/ilo-esitella\/\",\"name\":\"Ilo esitell\u00e4 - Meri-Oulun Rotaryklubi\",\"isPartOf\":{\"@id\":\"https:\/\/rotary.fi\/merioulu\/#website\"},\"datePublished\":\"2018-08-10T11:04:45+00:00\",\"dateModified\":\"2021-11-04T20:17:09+00:00\",\"breadcrumb\":{\"@id\":\"https:\/\/rotary.fi\/merioulu\/keita-olemme\/ilo-esitella\/#breadcrumb\"},\"inLanguage\":\"fi\",\"potentialAction\":[{\"@type\":\"ReadAction\",\"target\":[\"https:\/\/rotary.fi\/merioulu\/keita-olemme\/ilo-esitella\/\"]}]},{\"@type\":\"BreadcrumbList\",\"@id\":\"https:\/\/rotary.fi\/merioulu\/keita-olemme\/ilo-esitella\/#breadcrumb\",\"itemListElement\":[{\"@type\":\"ListItem\",\"position\":1,\"name\":\"Home\",\"item\":\"https:\/\/rotary.fi\/merioulu\/\"},{\"@type\":\"ListItem\",\"position\":2,\"name\":\"Keit\u00e4 olemme\",\"item\":\"https:\/\/rotary.fi\/merioulu\/keita-olemme\/\"},{\"@type\":\"ListItem\",\"position\":3,\"name\":\"Ilo esitell\u00e4\"}]},{\"@type\":\"WebSite\",\"@id\":\"https:\/\/rotary.fi\/merioulu\/#website\",\"url\":\"https:\/\/rotary.fi\/merioulu\/\",\"name\":\"Meri-Oulun Rotaryklubi\",\"description\":\"Uusi Rotary klubisivusto\",\"potentialAction\":[{\"@type\":\"SearchAction\",\"target\":{\"@type\":\"EntryPoint\",\"urlTemplate\":\"https:\/\/rotary.fi\/merioulu\/?s={search_term_string}\"},\"query-input\":{\"@type\":\"PropertyValueSpecification\",\"valueRequired\":true,\"valueName\":\"search_term_string\"}}],\"inLanguage\":\"fi\"}]}<\/script>\n<!-- \/ Yoast SEO plugin. -->","yoast_head_json":{"title":"Ilo esitell\u00e4 - Meri-Oulun Rotaryklubi","robots":{"index":"index","follow":"follow","max-snippet":"max-snippet:-1","max-image-preview":"max-image-preview:large","max-video-preview":"max-video-preview:-1"},"canonical":"https:\/\/rotary.fi\/merioulu\/keita-olemme\/ilo-esitella\/","og_locale":"fi_FI","og_type":"article","og_title":"Ilo esitell\u00e4 - Meri-Oulun Rotaryklubi","og_description":"Ilo esitell\u00e4 Ilo esitell\u00e4 MERI-OULUN ROTARYKLUBIN PROJEKTI VAMMAISTEN TY\u00d6LLISTYMISEN EDISTAMISEKSI Meri-Oulun rotaryklubi toteutti Rotaris\u00e4\u00e4ti\u00f6n apurahan turvin 2019\u20132020 vaikeasti ty\u00f6llistyvien vammaisten ja osaty\u00f6kykyisten ty\u00f6llistymisen edist\u00e4miskampanjan. Klubi haastoi omat j\u00e4senens\u00e4 sek\u00e4 muut Oulun ja silloisen rotarypiirin 1400 klubit edist\u00e4m\u00e4\u00e4n vaikeasti ty\u00f6llistyvien nuorten kiinnittymist\u00e4 ty\u00f6el\u00e4m\u00e4\u00e4n Nuorten Yst\u00e4v\u00e4t ry:n klubitalojen sek\u00e4 muiden ty\u00f6llisyytt\u00e4 edist\u00e4vien palveluiden avustamana. Hankkeen toteuttamiseksi Rotaryklubin [&hellip;]","og_url":"https:\/\/rotary.fi\/merioulu\/keita-olemme\/ilo-esitella\/","og_site_name":"Meri-Oulun Rotaryklubi","article_modified_time":"2021-11-04T20:17:09+00:00","twitter_card":"summary_large_image","twitter_misc":{"Arvioitu lukuaika":"2 minuuttia"},"schema":{"@context":"https:\/\/schema.org","@graph":[{"@type":"WebPage","@id":"https:\/\/rotary.fi\/merioulu\/keita-olemme\/ilo-esitella\/","url":"https:\/\/rotary.fi\/merioulu\/keita-olemme\/ilo-esitella\/","name":"Ilo esitell\u00e4 - Meri-Oulun Rotaryklubi","isPartOf":{"@id":"https:\/\/rotary.fi\/merioulu\/#website"},"datePublished":"2018-08-10T11:04:45+00:00","dateModified":"2021-11-04T20:17:09+00:00","breadcrumb":{"@id":"https:\/\/rotary.fi\/merioulu\/keita-olemme\/ilo-esitella\/#breadcrumb"},"inLanguage":"fi","potentialAction":[{"@type":"ReadAction","target":["https:\/\/rotary.fi\/merioulu\/keita-olemme\/ilo-esitella\/"]}]},{"@type":"BreadcrumbList","@id":"https:\/\/rotary.fi\/merioulu\/keita-olemme\/ilo-esitella\/#breadcrumb","itemListElement":[{"@type":"ListItem","position":1,"name":"Home","item":"https:\/\/rotary.fi\/merioulu\/"},{"@type":"ListItem","position":2,"name":"Keit\u00e4 olemme","item":"https:\/\/rotary.fi\/merioulu\/keita-olemme\/"},{"@type":"ListItem","position":3,"name":"Ilo esitell\u00e4"}]},{"@type":"WebSite","@id":"https:\/\/rotary.fi\/merioulu\/#website","url":"https:\/\/rotary.fi\/merioulu\/","name":"Meri-Oulun Rotaryklubi","description":"Uusi Rotary klubisivusto","potentialAction":[{"@type":"SearchAction","target":{"@type":"EntryPoint","urlTemplate":"https:\/\/rotary.fi\/merioulu\/?s={search_term_string}"},"query-input":{"@type":"PropertyValueSpecification","valueRequired":true,"valueName":"search_term_string"}}],"inLanguage":"fi"}]}},"lang":"fi","translations":{"fi":142,"en":1438},"pll_sync_post":[],"_links":{"self":[{"href":"https:\/\/rotary.fi\/merioulu\/wp-json\/wp\/v2\/pages\/142","targetHints":{"allow":["GET"]}}],"collection":[{"href":"https:\/\/rotary.fi\/merioulu\/wp-json\/wp\/v2\/pages"}],"about":[{"href":"https:\/\/rotary.fi\/merioulu\/wp-json\/wp\/v2\/types\/page"}],"author":[{"embeddable":true,"href":"https:\/\/rotary.fi\/merioulu\/wp-json\/wp\/v2\/users\/1"}],"replies":[{"embeddable":true,"href":"https:\/\/rotary.fi\/merioulu\/wp-json\/wp\/v2\/comments?post=142"}],"version-history":[{"count":9,"href":"https:\/\/rotary.fi\/merioulu\/wp-json\/wp\/v2\/pages\/142\/revisions"}],"predecessor-version":[{"id":1809,"href":"https:\/\/rotary.fi\/merioulu\/wp-json\/wp\/v2\/pages\/142\/revisions\/1809"}],"up":[{"embeddable":true,"href":"https:\/\/rotary.fi\/merioulu\/wp-json\/wp\/v2\/pages\/129"}],"wp:attachment":[{"href":"https:\/\/rotary.fi\/merioulu\/wp-json\/wp\/v2\/media?parent=142"}],"curies":[{"name":"wp","href":"https:\/\/api.w.org\/{rel}","templated":true}]}}