{"id":132,"date":"2018-08-10T13:59:56","date_gmt":"2018-08-10T10:59:56","guid":{"rendered":"https:\/\/rotary.fi\/klubi2\/?page_id=132"},"modified":"2024-12-02T12:11:34","modified_gmt":"2024-12-02T10:11:34","slug":"hallitus-ja-toimihenkilot","status":"publish","type":"page","link":"https:\/\/rotary.fi\/merioulu\/keita-olemme\/hallitus-ja-toimihenkilot\/","title":{"rendered":"Hallitus ja toimihenkil\u00f6t"},"content":{"rendered":"<p>[et_pb_section fb_built=&#8221;1&#8243; _builder_version=&#8221;4.16&#8243; _module_preset=&#8221;default&#8221; global_colors_info=&#8221;{}&#8221;][et_pb_row column_structure=&#8221;1_2,1_2&#8243; _builder_version=&#8221;4.16&#8243; _module_preset=&#8221;default&#8221; custom_padding=&#8221;|||2px||&#8221; global_colors_info=&#8221;{}&#8221;][et_pb_column type=&#8221;1_2&#8243; _builder_version=&#8221;4.16&#8243; _module_preset=&#8221;default&#8221; global_colors_info=&#8221;{}&#8221;][et_pb_text _builder_version=&#8221;4.21.0&#8243; _module_preset=&#8221;default&#8221; custom_padding=&#8221;||23px|||&#8221; global_colors_info=&#8221;{}&#8221;]<\/p>\n<div class=\"et_pb_column et_pb_column_1_3 et_pb_column_inner et_pb_column_inner_3\">\n<div class=\"et_pb_module et_pb_text et_pb_text_4  et_pb_text_align_left et_pb_bg_layout_light\">\n<div class=\"et_pb_text_inner\"><\/div>\n<\/div>\n<\/div>\n<div class=\"et_pb_column et_pb_column_1_3 et_pb_column_inner et_pb_column_inner_4 et-last-child\">\n<div class=\"et_pb_module et_pb_text et_pb_text_5  et_pb_text_align_left et_pb_bg_layout_light\">\n<div class=\"et_pb_text_inner\">\n<h3><span style=\"font-size: 20px\">Presidentti<\/span><\/h3>\n<p>Maija-Leena Rissanen<br \/>p. 041 310 5899<br \/>presidentti@merioulurc.org<\/p>\n<h3><\/h3>\n<h3>Sihteeri<\/h3>\n<p>Leila Risteli<br \/>p. 040 5028751<br \/>sihteeri@merioulurc.org<\/p>\n<h3>Muut t\u00e4rke\u00e4t yhteyshenkil\u00f6t<\/h3>\n<p>Nuorisovaihtovastaava<\/p>\n<p>Justus Reunanen<br \/>justus.reunanen@oulu.fi<\/p>\n<\/div>\n<\/div>\n<\/div>\n<p>[\/et_pb_text][\/et_pb_column][et_pb_column type=&#8221;1_2&#8243; _builder_version=&#8221;4.16&#8243; _module_preset=&#8221;default&#8221; global_colors_info=&#8221;{}&#8221;][et_pb_text _builder_version=&#8221;4.19.0&#8243; _module_preset=&#8221;default&#8221; custom_padding=&#8221;7px|||||&#8221; global_colors_info=&#8221;{}&#8221;]<\/p>\n<p>Presidentti Maija-Leena Rissanen<\/p>\n<p>Varapresidentti Eero Kyll\u00f6nen<\/p>\n<ol>\n<li>sihteeri Leila Risteli<\/li>\n<li>sihteeri Marja Irjala<\/li>\n<\/ol>\n<p>Tuleva presidentti Leena Paaso<\/p>\n<p>Rahastonhoitaja Teuvo Karppinen<\/p>\n<p>Nuorisovaihtoasiamies Justus Reunanen<\/p>\n<p>IT-vastaava Teuvo Karppinen<\/p>\n<p>Julkisuuskuvakomitean pj Jukka Lahtinen<\/p>\n<p>J\u00e4senyyskomitean pj Mika Heikkil\u00e4<\/p>\n<p>Rotarys\u00e4\u00e4ti\u00f6asiamies Leila Risteli<\/p>\n<p>Palveluprojektikomitean pj Marja Irjala<\/p>\n<p>Toiminnantarkastaja Marja Irjala<\/p>\n<p>&nbsp;<\/p>\n<p>[\/et_pb_text][\/et_pb_column][\/et_pb_row][\/et_pb_section]<\/p>\n","protected":false},"excerpt":{"rendered":"<p>Presidentti Maija-Leena Rissanenp. 041 310 5899presidentti@merioulurc.org Sihteeri Leila Ristelip. 040 5028751sihteeri@merioulurc.org Muut t\u00e4rke\u00e4t yhteyshenkil\u00f6t Nuorisovaihtovastaava Justus Reunanenjustus.reunanen@oulu.fi Presidentti Maija-Leena Rissanen Varapresidentti Eero Kyll\u00f6nen sihteeri Leila Risteli sihteeri Marja Irjala Tuleva presidentti Leena Paaso Rahastonhoitaja Teuvo Karppinen Nuorisovaihtoasiamies Justus Reunanen IT-vastaava Teuvo Karppinen Julkisuuskuvakomitean pj Jukka Lahtinen J\u00e4senyyskomitean pj Mika Heikkil\u00e4 Rotarys\u00e4\u00e4ti\u00f6asiamies Leila Risteli Palveluprojektikomitean pj [&hellip;]<\/p>\n","protected":false},"author":1,"featured_media":0,"parent":129,"menu_order":0,"comment_status":"closed","ping_status":"closed","template":"","meta":{"_acf_changed":false,"_et_pb_use_builder":"on","_et_pb_old_content":"","_et_gb_content_width":"","footnotes":""},"class_list":["post-132","page","type-page","status-publish","hentry"],"acf":[],"yoast_head":"<!-- This site is optimized with the Yoast SEO plugin v27.0 - https:\/\/yoast.com\/product\/yoast-seo-wordpress\/ -->\n<title>Hallitus ja toimihenkil\u00f6t - Meri-Oulun Rotaryklubi<\/title>\n<meta name=\"robots\" content=\"index, follow, max-snippet:-1, max-image-preview:large, max-video-preview:-1\" \/>\n<link rel=\"canonical\" href=\"https:\/\/rotary.fi\/merioulu\/keita-olemme\/hallitus-ja-toimihenkilot\/\" \/>\n<meta property=\"og:locale\" content=\"fi_FI\" \/>\n<meta property=\"og:type\" content=\"article\" \/>\n<meta property=\"og:title\" content=\"Hallitus ja toimihenkil\u00f6t - Meri-Oulun Rotaryklubi\" \/>\n<meta property=\"og:description\" content=\"Presidentti Maija-Leena Rissanenp. 041 310 5899presidentti@merioulurc.org Sihteeri Leila Ristelip. 040 5028751sihteeri@merioulurc.org Muut t\u00e4rke\u00e4t yhteyshenkil\u00f6t Nuorisovaihtovastaava Justus Reunanenjustus.reunanen@oulu.fi Presidentti Maija-Leena Rissanen Varapresidentti Eero Kyll\u00f6nen sihteeri Leila Risteli sihteeri Marja Irjala Tuleva presidentti Leena Paaso Rahastonhoitaja Teuvo Karppinen Nuorisovaihtoasiamies Justus Reunanen IT-vastaava Teuvo Karppinen Julkisuuskuvakomitean pj Jukka Lahtinen J\u00e4senyyskomitean pj Mika Heikkil\u00e4 Rotarys\u00e4\u00e4ti\u00f6asiamies Leila Risteli Palveluprojektikomitean pj [&hellip;]\" \/>\n<meta property=\"og:url\" content=\"https:\/\/rotary.fi\/merioulu\/keita-olemme\/hallitus-ja-toimihenkilot\/\" \/>\n<meta property=\"og:site_name\" content=\"Meri-Oulun Rotaryklubi\" \/>\n<meta property=\"article:modified_time\" content=\"2024-12-02T10:11:34+00:00\" \/>\n<meta name=\"twitter:card\" content=\"summary_large_image\" \/>\n<meta name=\"twitter:label1\" content=\"Arvioitu lukuaika\" \/>\n\t<meta name=\"twitter:data1\" content=\"1 minuutti\" \/>\n<script type=\"application\/ld+json\" class=\"yoast-schema-graph\">{\"@context\":\"https:\/\/schema.org\",\"@graph\":[{\"@type\":\"WebPage\",\"@id\":\"https:\/\/rotary.fi\/merioulu\/keita-olemme\/hallitus-ja-toimihenkilot\/\",\"url\":\"https:\/\/rotary.fi\/merioulu\/keita-olemme\/hallitus-ja-toimihenkilot\/\",\"name\":\"Hallitus ja toimihenkil\u00f6t - Meri-Oulun Rotaryklubi\",\"isPartOf\":{\"@id\":\"https:\/\/rotary.fi\/merioulu\/#website\"},\"datePublished\":\"2018-08-10T10:59:56+00:00\",\"dateModified\":\"2024-12-02T10:11:34+00:00\",\"breadcrumb\":{\"@id\":\"https:\/\/rotary.fi\/merioulu\/keita-olemme\/hallitus-ja-toimihenkilot\/#breadcrumb\"},\"inLanguage\":\"fi\",\"potentialAction\":[{\"@type\":\"ReadAction\",\"target\":[\"https:\/\/rotary.fi\/merioulu\/keita-olemme\/hallitus-ja-toimihenkilot\/\"]}]},{\"@type\":\"BreadcrumbList\",\"@id\":\"https:\/\/rotary.fi\/merioulu\/keita-olemme\/hallitus-ja-toimihenkilot\/#breadcrumb\",\"itemListElement\":[{\"@type\":\"ListItem\",\"position\":1,\"name\":\"Home\",\"item\":\"https:\/\/rotary.fi\/merioulu\/\"},{\"@type\":\"ListItem\",\"position\":2,\"name\":\"Keit\u00e4 olemme\",\"item\":\"https:\/\/rotary.fi\/merioulu\/keita-olemme\/\"},{\"@type\":\"ListItem\",\"position\":3,\"name\":\"Hallitus ja toimihenkil\u00f6t\"}]},{\"@type\":\"WebSite\",\"@id\":\"https:\/\/rotary.fi\/merioulu\/#website\",\"url\":\"https:\/\/rotary.fi\/merioulu\/\",\"name\":\"Meri-Oulun Rotaryklubi\",\"description\":\"Uusi Rotary klubisivusto\",\"potentialAction\":[{\"@type\":\"SearchAction\",\"target\":{\"@type\":\"EntryPoint\",\"urlTemplate\":\"https:\/\/rotary.fi\/merioulu\/?s={search_term_string}\"},\"query-input\":{\"@type\":\"PropertyValueSpecification\",\"valueRequired\":true,\"valueName\":\"search_term_string\"}}],\"inLanguage\":\"fi\"}]}<\/script>\n<!-- \/ Yoast SEO plugin. -->","yoast_head_json":{"title":"Hallitus ja toimihenkil\u00f6t - Meri-Oulun Rotaryklubi","robots":{"index":"index","follow":"follow","max-snippet":"max-snippet:-1","max-image-preview":"max-image-preview:large","max-video-preview":"max-video-preview:-1"},"canonical":"https:\/\/rotary.fi\/merioulu\/keita-olemme\/hallitus-ja-toimihenkilot\/","og_locale":"fi_FI","og_type":"article","og_title":"Hallitus ja toimihenkil\u00f6t - Meri-Oulun Rotaryklubi","og_description":"Presidentti Maija-Leena Rissanenp. 041 310 5899presidentti@merioulurc.org Sihteeri Leila Ristelip. 040 5028751sihteeri@merioulurc.org Muut t\u00e4rke\u00e4t yhteyshenkil\u00f6t Nuorisovaihtovastaava Justus Reunanenjustus.reunanen@oulu.fi Presidentti Maija-Leena Rissanen Varapresidentti Eero Kyll\u00f6nen sihteeri Leila Risteli sihteeri Marja Irjala Tuleva presidentti Leena Paaso Rahastonhoitaja Teuvo Karppinen Nuorisovaihtoasiamies Justus Reunanen IT-vastaava Teuvo Karppinen Julkisuuskuvakomitean pj Jukka Lahtinen J\u00e4senyyskomitean pj Mika Heikkil\u00e4 Rotarys\u00e4\u00e4ti\u00f6asiamies Leila Risteli Palveluprojektikomitean pj [&hellip;]","og_url":"https:\/\/rotary.fi\/merioulu\/keita-olemme\/hallitus-ja-toimihenkilot\/","og_site_name":"Meri-Oulun Rotaryklubi","article_modified_time":"2024-12-02T10:11:34+00:00","twitter_card":"summary_large_image","twitter_misc":{"Arvioitu lukuaika":"1 minuutti"},"schema":{"@context":"https:\/\/schema.org","@graph":[{"@type":"WebPage","@id":"https:\/\/rotary.fi\/merioulu\/keita-olemme\/hallitus-ja-toimihenkilot\/","url":"https:\/\/rotary.fi\/merioulu\/keita-olemme\/hallitus-ja-toimihenkilot\/","name":"Hallitus ja toimihenkil\u00f6t - Meri-Oulun Rotaryklubi","isPartOf":{"@id":"https:\/\/rotary.fi\/merioulu\/#website"},"datePublished":"2018-08-10T10:59:56+00:00","dateModified":"2024-12-02T10:11:34+00:00","breadcrumb":{"@id":"https:\/\/rotary.fi\/merioulu\/keita-olemme\/hallitus-ja-toimihenkilot\/#breadcrumb"},"inLanguage":"fi","potentialAction":[{"@type":"ReadAction","target":["https:\/\/rotary.fi\/merioulu\/keita-olemme\/hallitus-ja-toimihenkilot\/"]}]},{"@type":"BreadcrumbList","@id":"https:\/\/rotary.fi\/merioulu\/keita-olemme\/hallitus-ja-toimihenkilot\/#breadcrumb","itemListElement":[{"@type":"ListItem","position":1,"name":"Home","item":"https:\/\/rotary.fi\/merioulu\/"},{"@type":"ListItem","position":2,"name":"Keit\u00e4 olemme","item":"https:\/\/rotary.fi\/merioulu\/keita-olemme\/"},{"@type":"ListItem","position":3,"name":"Hallitus ja toimihenkil\u00f6t"}]},{"@type":"WebSite","@id":"https:\/\/rotary.fi\/merioulu\/#website","url":"https:\/\/rotary.fi\/merioulu\/","name":"Meri-Oulun Rotaryklubi","description":"Uusi Rotary klubisivusto","potentialAction":[{"@type":"SearchAction","target":{"@type":"EntryPoint","urlTemplate":"https:\/\/rotary.fi\/merioulu\/?s={search_term_string}"},"query-input":{"@type":"PropertyValueSpecification","valueRequired":true,"valueName":"search_term_string"}}],"inLanguage":"fi"}]}},"lang":"fi","translations":{"fi":132,"en":1428},"pll_sync_post":[],"_links":{"self":[{"href":"https:\/\/rotary.fi\/merioulu\/wp-json\/wp\/v2\/pages\/132","targetHints":{"allow":["GET"]}}],"collection":[{"href":"https:\/\/rotary.fi\/merioulu\/wp-json\/wp\/v2\/pages"}],"about":[{"href":"https:\/\/rotary.fi\/merioulu\/wp-json\/wp\/v2\/types\/page"}],"author":[{"embeddable":true,"href":"https:\/\/rotary.fi\/merioulu\/wp-json\/wp\/v2\/users\/1"}],"replies":[{"embeddable":true,"href":"https:\/\/rotary.fi\/merioulu\/wp-json\/wp\/v2\/comments?post=132"}],"version-history":[{"count":11,"href":"https:\/\/rotary.fi\/merioulu\/wp-json\/wp\/v2\/pages\/132\/revisions"}],"predecessor-version":[{"id":2144,"href":"https:\/\/rotary.fi\/merioulu\/wp-json\/wp\/v2\/pages\/132\/revisions\/2144"}],"up":[{"embeddable":true,"href":"https:\/\/rotary.fi\/merioulu\/wp-json\/wp\/v2\/pages\/129"}],"wp:attachment":[{"href":"https:\/\/rotary.fi\/merioulu\/wp-json\/wp\/v2\/media?parent=132"}],"curies":[{"name":"wp","href":"https:\/\/api.w.org\/{rel}","templated":true}]}}