{"id":156,"date":"2018-08-13T09:46:59","date_gmt":"2018-08-13T06:46:59","guid":{"rendered":"https:\/\/rotary.fi\/merikoski\/?page_id=156"},"modified":"2026-03-02T15:01:43","modified_gmt":"2026-03-02T13:01:43","slug":"projektit","status":"publish","type":"page","link":"https:\/\/rotary.fi\/merikoski\/mita-teemme\/projektit\/","title":{"rendered":"Projektit"},"content":{"rendered":"<p>[et_pb_section fb_built=&#8221;1&#8243; module_class=&#8221;jumbotron-page&#8221; _builder_version=&#8221;4.16&#8243; background_image=&#8221;https:\/\/rotary.fi\/merikoski\/wp-content\/uploads\/sites\/241\/2018\/08\/rotary_klubit_alasivu_paakuva_5.jpg&#8221; global_colors_info=&#8221;{}&#8221;][et_pb_row _builder_version=&#8221;4.16&#8243; background_size=&#8221;initial&#8221; background_position=&#8221;top_left&#8221; background_repeat=&#8221;repeat&#8221; global_colors_info=&#8221;{}&#8221;][et_pb_column type=&#8221;4_4&#8243; _builder_version=&#8221;4.16&#8243; custom_padding=&#8221;|||&#8221; global_colors_info=&#8221;{}&#8221; custom_padding__hover=&#8221;|||&#8221;][et_pb_text admin_label=&#8221;P\u00e4\u00e4otsikko&#8221; _builder_version=&#8221;4.16&#8243; text_orientation=&#8221;center&#8221; background_layout=&#8221;dark&#8221; global_colors_info=&#8221;{}&#8221;]<\/p>\n<h1>Projektit<\/h1>\n<p>[\/et_pb_text][\/et_pb_column][\/et_pb_row][\/et_pb_section][et_pb_section fb_built=&#8221;1&#8243; specialty=&#8221;on&#8221; module_class_2=&#8221;sivupalkki&#8221; _builder_version=&#8221;4.27.4&#8243; hover_enabled=&#8221;0&#8243; global_colors_info=&#8221;{}&#8221; sticky_enabled=&#8221;0&#8243;][et_pb_column type=&#8221;2_3&#8243; specialty_columns=&#8221;2&#8243; _builder_version=&#8221;4.16&#8243; custom_padding=&#8221;|||&#8221; global_colors_info=&#8221;{}&#8221; parallax__hover=&#8221;off&#8221; parallax_method__hover=&#8221;on&#8221; custom_padding__hover=&#8221;|||&#8221;][et_pb_row_inner admin_label=&#8221;Rivi&#8221; _builder_version=&#8221;4.16&#8243; global_colors_info=&#8221;{}&#8221;][et_pb_column_inner saved_specialty_column_type=&#8221;2_3&#8243; _builder_version=&#8221;4.16&#8243; custom_padding=&#8221;|||&#8221; global_colors_info=&#8221;{}&#8221; parallax__hover=&#8221;off&#8221; parallax_method__hover=&#8221;on&#8221; custom_padding__hover=&#8221;|||&#8221;][et_pb_text admin_label=&#8221;Projektit &#8211; Otsikko&#8221; _builder_version=&#8221;4.16&#8243; text_orientation=&#8221;center&#8221; global_colors_info=&#8221;{}&#8221;]<\/p>\n<h1>Projektit<\/h1>\n<p>[\/et_pb_text][et_pb_text _builder_version=&#8221;4.27.4&#8243; hover_enabled=&#8221;0&#8243; global_colors_info=&#8221;{}&#8221; sticky_enabled=&#8221;0&#8243;]<\/p>\n<h3>Global Grant -Wash projekti Intiassa<\/h3>\n<p><span data-path-to-node=\"2,2\"><span class=\"citation-65\">Merikosken rotaryklubi ollut laittamassa liikkeelle kansainv\u00e4list\u00e4 Global Grant -palveluprojektin (Global Grant GG2349345<strong>)<\/strong>, jossa parannetaan tytt\u00f6jen olosuhteita Intian <a href=\"https:\/\/machilipatnam.cdma.ap.gov.in\/\">Machilipatnamissa<\/a><\/span><\/span><span data-path-to-node=\"2,3\"><span class=\"citation-65 citation-end-65\"><sup class=\"superscript\" data-turn-source-index=\"1\"><\/sup><\/span><\/span><span data-path-to-node=\"2,4\">. <\/span><span data-path-to-node=\"2,5\"><span class=\"citation-64\"><\/span><\/span><span data-path-to-node=\"2,6\"><span class=\"citation-64\">\u201dWASH Empowering Girls\u201d -teeman alla rakennamme 29 wc-tilaa kahteen yl\u00e4kouluun sek\u00e4 tytt\u00f6jen kotiin, Home of Hopeen<\/span><\/span><span data-path-to-node=\"2,7\"><span class=\"citation-64 citation-end-64\"><sup class=\"superscript\" data-turn-source-index=\"2\"><\/sup><\/span><\/span><span data-path-to-node=\"2,8\">. <\/span><span data-path-to-node=\"2,9\"><span class=\"citation-63\"><\/span><\/span><span data-path-to-node=\"2,10\"><span class=\"citation-63\">Lis\u00e4ksi hankimme kohteisiin juomaveden suodatusj\u00e4rjestelm\u00e4t<\/span><\/span><span data-path-to-node=\"2,11\"><span class=\"citation-63 citation-end-63\"><sup class=\"superscript\" data-turn-source-index=\"3\"><\/sup><\/span><\/span><span data-path-to-node=\"2,12\">. <\/span><span data-path-to-node=\"2,13\"><span class=\"citation-62\"><\/span><\/span><span data-path-to-node=\"2,14\"><span class=\"citation-62\">Noin 40 000 dollarin laajuinen hanke toteutetaan yhteisty\u00f6ss\u00e4 paikallisen <a href=\"https:\/\/my.rotary.org\/en\/club\/a9fcb810-d61f-4a6d-b438-7fa0a26379f4\/details\">Machilipatnamin rotaryklubin<\/a> sek\u00e4 lukuisten muiden piirien ja klubien kanssa<\/span><\/span><span data-path-to-node=\"2,15\"><span class=\"citation-62 citation-end-62\"><sup class=\"superscript\" data-turn-source-index=\"4\"><\/sup><\/span><\/span><span data-path-to-node=\"2,16\">.<\/span><\/p>\n<h3>Kaakkurin koulu yhteisty\u00f6 Oulussa<span data-path-to-node=\"2,16\"><\/span><\/h3>\n<p><span data-path-to-node=\"3,0\">Merikosken rotaryklubi on tehnyt vuodesta 2009 l\u00e4htien t\u00e4rke\u00e4\u00e4 ja pitk\u00e4j\u00e4nteist\u00e4 yhteisty\u00f6t\u00e4 Kaakkurin koulun kanssa. <\/span><span data-path-to-node=\"3,1\"><span class=\"citation-134\"><\/span><\/span><span data-path-to-node=\"3,2\"><span class=\"citation-134\">Hankkeemme ydin on yhteis\u00f6llisyyden edist\u00e4minen: tavoitteenamme on ehk\u00e4ist\u00e4 syrj\u00e4ytymist\u00e4 ja koulukiusaamista sek\u00e4 parantaa luokkahenke\u00e4<\/span><\/span><span data-path-to-node=\"3,3\"><span class=\"citation-134 citation-end-134\"><sup class=\"superscript\" data-turn-source-index=\"1\"><\/sup><sup class=\"superscript\" data-turn-source-index=\"1\"><\/sup><sup class=\"superscript\" data-turn-source-index=\"1\"><\/sup><sup class=\"superscript\" data-turn-source-index=\"1\"><\/sup><sup class=\"superscript\" data-turn-source-index=\"1\"><\/sup><sup class=\"superscript\" data-turn-source-index=\"1\"><\/sup><sup class=\"superscript\" data-turn-source-index=\"1\"><\/sup><sup class=\"superscript\" data-turn-source-index=\"1\"><\/sup><sup class=\"superscript\" data-turn-source-index=\"1\"><\/sup><\/span><\/span><span data-path-to-node=\"3,4\">. <\/span><span data-path-to-node=\"3,5\"><span class=\"citation-133\"><\/span><\/span><span data-path-to-node=\"3,6\"><span class=\"citation-133\">Selke\u00e4 ohjenuoramme on, ettei koulussa saa olla yht\u00e4\u00e4n kiusattua tai syrjitty\u00e4 oppilasta tai opettajaa<\/span><\/span><span data-path-to-node=\"3,7\"><span class=\"citation-133 citation-end-133\"><sup class=\"superscript\" data-turn-source-index=\"2\"><\/sup><\/span><\/span><span data-path-to-node=\"3,8\">. <\/span><span data-path-to-node=\"3,9\"><span class=\"citation-132\"><\/span><\/span><span data-path-to-node=\"3,10\"><span class=\"citation-132\">Tuemme nuorten hyvinvointia k\u00e4yt\u00e4nn\u00f6ss\u00e4 muun muassa j\u00e4rjest\u00e4m\u00e4ll\u00e4 toimintap\u00e4ivi\u00e4 ja asiantuntijoiden vet\u00e4mi\u00e4 ty\u00f6pajoja (esim. musiikki, liikunta ja taide), tukemalla vierailuja esimerkiksi Tietomaassa sek\u00e4 jakamalla stipendej\u00e4<\/span><\/span><span data-path-to-node=\"3,11\"><span class=\"citation-132 citation-end-132\"><sup class=\"superscript\" data-turn-source-index=\"3\"><\/sup><sup class=\"superscript\" data-turn-source-index=\"3\"><\/sup><sup class=\"superscript\" data-turn-source-index=\"3\"><\/sup><sup class=\"superscript\" data-turn-source-index=\"3\"><\/sup><\/span><\/span><span data-path-to-node=\"3,12\">.<\/span><\/p>\n<p>Lue Rotary Norden artikkeli aiheesta:<\/p>\n<h3 data-path-to-node=\"9\">Nuorisovaihto \/ Youth Exchange<\/h3>\n<p><span data-path-to-node=\"10,2\"><span class=\"citation-53\">Klubimme nuorisovaihto on eritt\u00e4in vilkasta, ja sen syd\u00e4menasiana on edist\u00e4\u00e4 maailman kansojen v\u00e4list\u00e4 yhteytt\u00e4<\/span><\/span><span data-path-to-node=\"10,3\"><span class=\"citation-53 citation-end-53\"><sup class=\"superscript\" data-turn-source-index=\"13\"><\/sup><sup class=\"superscript\" data-turn-source-index=\"13\"><\/sup><sup class=\"superscript\" data-turn-source-index=\"13\"><\/sup><sup class=\"superscript\" data-turn-source-index=\"13\"><\/sup><\/span><\/span><span data-path-to-node=\"10,4\">. <\/span><span data-path-to-node=\"10,5\"><span class=\"citation-52\"><\/span><\/span><span data-path-to-node=\"10,6\"><span class=\"citation-52\">Klubimme l\u00e4hett\u00e4\u00e4 ja vastaanottaa nuoria kansainv\u00e4lisiin vuosi-, kes\u00e4- ja leirivaihto-ohjelmiin<\/span><\/span><span data-path-to-node=\"10,7\"><span class=\"citation-52 citation-end-52\"><sup class=\"superscript\" data-turn-source-index=\"14\"><\/sup><\/span><\/span><span data-path-to-node=\"10,8\">. <\/span><span data-path-to-node=\"10,9\"><span class=\"citation-51\"><\/span><\/span><span data-path-to-node=\"10,10\"><span class=\"citation-51\">L\u00e4hetys- ja vastaanottotoiminnan ohella nuorisovaihtotiimimme j\u00e4rjest\u00e4\u00e4 my\u00f6s omia kansainv\u00e4lisi\u00e4 kes\u00e4leirej\u00e4, kuten esimerkiksi Oulussa ja Kalajoella<\/span><\/span><span data-path-to-node=\"10,11\"><span class=\"citation-51 citation-end-51\"><sup class=\"superscript\" data-turn-source-index=\"15\"><\/sup><\/span><\/span><span data-path-to-node=\"10,12\">.<\/span><\/p>\n<h3>Yst\u00e4vyytt\u00e4 yli rajojen \u2013 ukrainalainen lastenkirjaprojekti<\/h3>\n<p><span data-path-to-node=\"4,2\"><span class=\"citation-179\"><\/span><\/span><span data-path-to-node=\"4,2\"><span class=\"citation-179\">Olemme mukana rotaryklubien yhteisess\u00e4 hyv\u00e4ntekev\u00e4isyysprojektissa, jolla tuetaan ukrainalaisia lapsia<\/span><\/span><span data-path-to-node=\"4,3\"><span class=\"citation-179 citation-end-179\"><sup class=\"superscript\" data-turn-source-index=\"2\"><\/sup><\/span><\/span><span data-path-to-node=\"4,4\">. <\/span><span data-path-to-node=\"4,5\"><span class=\"citation-178\"><\/span><\/span><span data-path-to-node=\"4,6\"><span class=\"citation-178\">Hankkeessa toimitetaan Ukrainan <a href=\"https:\/\/www.findglocal.com\/UA\/Cherkasy\/102680056243006\/Rotary-club-%22Cherkasy---Synergy%22\">RC Cherkasy-Synergy<\/a> -klubin tulevan presidentin, Iryna Honcharenkon, kirjoittamaa ukrainankielist\u00e4 &#8221;Yst\u00e4vyytt\u00e4 yli rajojen&#8221; -runokirjaa Suomeen<\/span><\/span><span data-path-to-node=\"4,7\"><span class=\"citation-178 citation-end-178\"><sup class=\"superscript\" data-turn-source-index=\"3\"><\/sup><sup class=\"superscript\" data-turn-source-index=\"3\"><\/sup><sup class=\"superscript\" data-turn-source-index=\"3\"><\/sup><sup class=\"superscript\" data-turn-source-index=\"3\"><\/sup><\/span><\/span><span data-path-to-node=\"4,8\">. <\/span><span data-path-to-node=\"4,9\"><span class=\"citation-177\"><\/span><\/span><span data-path-to-node=\"4,10\"><span class=\"citation-177\">V\u00e4rikk\u00e4\u00e4sti kuvitettu kirja on syntynyt toiveesta tuoda iloa ja turvaa sodan keskell\u00e4 el\u00e4ville lapsille<\/span><\/span><span data-path-to-node=\"4,11\"><span class=\"citation-177 citation-end-177\"><sup class=\"superscript\" data-turn-source-index=\"4\"><\/sup><\/span><\/span><span data-path-to-node=\"4,12\">. <\/span><span data-path-to-node=\"4,13\"><span class=\"citation-176\"><\/span><\/span><span data-path-to-node=\"4,14\"><span class=\"citation-176\">Lukuhetki omalla \u00e4idinkielell\u00e4 tuo lapsille lohtua ja yhteis\u00f6llisyytt\u00e4<\/span><\/span><span data-path-to-node=\"4,15\"><span class=\"citation-176 citation-end-176\"><sup class=\"superscript\" data-turn-source-index=\"5\"><\/sup><\/span><\/span><span data-path-to-node=\"4,16\">. <\/span><span data-path-to-node=\"4,17\"><span class=\"citation-175\"><\/span><\/span><span data-path-to-node=\"4,18\"><span class=\"citation-175\">Tuemme hanketta ja voimme esimerkiksi lahjoittaa n\u00e4it\u00e4 kirjoja paikallisiin kirjastoihin, p\u00e4iv\u00e4koteihin tai kouluihin sek\u00e4 j\u00e4rjest\u00e4\u00e4 lapsille lukuhetki\u00e4<\/span><\/span><span data-path-to-node=\"4,19\"><span class=\"citation-175 citation-end-175\"><sup class=\"superscript\" data-turn-source-index=\"6\"><\/sup><\/span><\/span><span data-path-to-node=\"4,20\">.<\/span><\/p>\n<p><span data-path-to-node=\"4,2\"><span class=\"citation-179\"><\/span><\/span><\/p>\n<p>[\/et_pb_text][\/et_pb_column_inner][\/et_pb_row_inner][\/et_pb_column][et_pb_column type=&#8221;1_3&#8243; module_class=&#8221;sivupalkki&#8221; _builder_version=&#8221;4.16&#8243; custom_padding=&#8221;|||&#8221; global_colors_info=&#8221;{}&#8221; parallax__hover=&#8221;off&#8221; parallax_method__hover=&#8221;on&#8221; module_class__hover=&#8221;sivupalkki&#8221; custom_padding__hover=&#8221;|||&#8221;][et_pb_sidebar area=&#8221;sidebar-1&#8243; module_class=&#8221;sivupalkki_sisalto&#8221; _builder_version=&#8221;4.16&#8243; locked=&#8221;on&#8221; global_colors_info=&#8221;{}&#8221;][\/et_pb_sidebar][\/et_pb_column][\/et_pb_section]<\/p>\n","protected":false},"excerpt":{"rendered":"<p>Projektit Projektit Global Grant -Wash projekti Intiassa Merikosken rotaryklubi ollut laittamassa liikkeelle kansainv\u00e4list\u00e4 Global Grant -palveluprojektin (Global Grant GG2349345), jossa parannetaan tytt\u00f6jen olosuhteita Intian Machilipatnamissa. \u201dWASH Empowering Girls\u201d -teeman alla rakennamme 29 wc-tilaa kahteen yl\u00e4kouluun sek\u00e4 tytt\u00f6jen kotiin, Home of Hopeen. Lis\u00e4ksi hankimme kohteisiin juomaveden suodatusj\u00e4rjestelm\u00e4t. Noin 40 000 dollarin laajuinen hanke toteutetaan yhteisty\u00f6ss\u00e4 paikallisen [&hellip;]<\/p>\n","protected":false},"author":1,"featured_media":0,"parent":77,"menu_order":0,"comment_status":"closed","ping_status":"closed","template":"","meta":{"_acf_changed":false,"_et_pb_use_builder":"on","_et_pb_old_content":"","_et_gb_content_width":"","footnotes":""},"class_list":["post-156","page","type-page","status-publish","hentry"],"acf":[],"yoast_head":"<!-- This site is optimized with the Yoast SEO plugin v27.4 - https:\/\/yoast.com\/product\/yoast-seo-wordpress\/ -->\n<title>Projektit - Merikosken Rotaryklubi<\/title>\n<meta name=\"robots\" content=\"index, follow, max-snippet:-1, max-image-preview:large, max-video-preview:-1\" \/>\n<link rel=\"canonical\" href=\"https:\/\/rotary.fi\/merikoski\/mita-teemme\/projektit\/\" \/>\n<meta property=\"og:locale\" content=\"fi_FI\" \/>\n<meta property=\"og:type\" content=\"article\" \/>\n<meta property=\"og:title\" content=\"Projektit - Merikosken Rotaryklubi\" \/>\n<meta property=\"og:description\" content=\"Projektit Projektit Global Grant -Wash projekti Intiassa Merikosken rotaryklubi ollut laittamassa liikkeelle kansainv\u00e4list\u00e4 Global Grant -palveluprojektin (Global Grant GG2349345), jossa parannetaan tytt\u00f6jen olosuhteita Intian Machilipatnamissa. \u201dWASH Empowering Girls\u201d -teeman alla rakennamme 29 wc-tilaa kahteen yl\u00e4kouluun sek\u00e4 tytt\u00f6jen kotiin, Home of Hopeen. Lis\u00e4ksi hankimme kohteisiin juomaveden suodatusj\u00e4rjestelm\u00e4t. Noin 40 000 dollarin laajuinen hanke toteutetaan yhteisty\u00f6ss\u00e4 paikallisen [&hellip;]\" \/>\n<meta property=\"og:url\" content=\"https:\/\/rotary.fi\/merikoski\/mita-teemme\/projektit\/\" \/>\n<meta property=\"og:site_name\" content=\"Merikosken Rotaryklubi\" \/>\n<meta property=\"article:modified_time\" content=\"2026-03-02T13:01:43+00:00\" \/>\n<meta name=\"twitter:card\" content=\"summary_large_image\" \/>\n<meta name=\"twitter:label1\" content=\"Arvioitu lukuaika\" \/>\n\t<meta name=\"twitter:data1\" content=\"3 minuuttia\" \/>\n<script type=\"application\/ld+json\" class=\"yoast-schema-graph\">{\"@context\":\"https:\\\/\\\/schema.org\",\"@graph\":[{\"@type\":\"WebPage\",\"@id\":\"https:\\\/\\\/rotary.fi\\\/merikoski\\\/mita-teemme\\\/projektit\\\/\",\"url\":\"https:\\\/\\\/rotary.fi\\\/merikoski\\\/mita-teemme\\\/projektit\\\/\",\"name\":\"Projektit - Merikosken Rotaryklubi\",\"isPartOf\":{\"@id\":\"https:\\\/\\\/rotary.fi\\\/merikoski\\\/#website\"},\"datePublished\":\"2018-08-13T06:46:59+00:00\",\"dateModified\":\"2026-03-02T13:01:43+00:00\",\"breadcrumb\":{\"@id\":\"https:\\\/\\\/rotary.fi\\\/merikoski\\\/mita-teemme\\\/projektit\\\/#breadcrumb\"},\"inLanguage\":\"fi\",\"potentialAction\":[{\"@type\":\"ReadAction\",\"target\":[\"https:\\\/\\\/rotary.fi\\\/merikoski\\\/mita-teemme\\\/projektit\\\/\"]}]},{\"@type\":\"BreadcrumbList\",\"@id\":\"https:\\\/\\\/rotary.fi\\\/merikoski\\\/mita-teemme\\\/projektit\\\/#breadcrumb\",\"itemListElement\":[{\"@type\":\"ListItem\",\"position\":1,\"name\":\"Home\",\"item\":\"https:\\\/\\\/rotary.fi\\\/merikoski\\\/\"},{\"@type\":\"ListItem\",\"position\":2,\"name\":\"Mit\u00e4 teemme\",\"item\":\"https:\\\/\\\/rotary.fi\\\/merikoski\\\/mita-teemme\\\/\"},{\"@type\":\"ListItem\",\"position\":3,\"name\":\"Projektit\"}]},{\"@type\":\"WebSite\",\"@id\":\"https:\\\/\\\/rotary.fi\\\/merikoski\\\/#website\",\"url\":\"https:\\\/\\\/rotary.fi\\\/merikoski\\\/\",\"name\":\"Merikosken Rotaryklubi\",\"description\":\"Uusi Rotary klubisivusto\",\"potentialAction\":[{\"@type\":\"SearchAction\",\"target\":{\"@type\":\"EntryPoint\",\"urlTemplate\":\"https:\\\/\\\/rotary.fi\\\/merikoski\\\/?s={search_term_string}\"},\"query-input\":{\"@type\":\"PropertyValueSpecification\",\"valueRequired\":true,\"valueName\":\"search_term_string\"}}],\"inLanguage\":\"fi\"}]}<\/script>\n<!-- \/ Yoast SEO plugin. -->","yoast_head_json":{"title":"Projektit - Merikosken Rotaryklubi","robots":{"index":"index","follow":"follow","max-snippet":"max-snippet:-1","max-image-preview":"max-image-preview:large","max-video-preview":"max-video-preview:-1"},"canonical":"https:\/\/rotary.fi\/merikoski\/mita-teemme\/projektit\/","og_locale":"fi_FI","og_type":"article","og_title":"Projektit - Merikosken Rotaryklubi","og_description":"Projektit Projektit Global Grant -Wash projekti Intiassa Merikosken rotaryklubi ollut laittamassa liikkeelle kansainv\u00e4list\u00e4 Global Grant -palveluprojektin (Global Grant GG2349345), jossa parannetaan tytt\u00f6jen olosuhteita Intian Machilipatnamissa. \u201dWASH Empowering Girls\u201d -teeman alla rakennamme 29 wc-tilaa kahteen yl\u00e4kouluun sek\u00e4 tytt\u00f6jen kotiin, Home of Hopeen. Lis\u00e4ksi hankimme kohteisiin juomaveden suodatusj\u00e4rjestelm\u00e4t. Noin 40 000 dollarin laajuinen hanke toteutetaan yhteisty\u00f6ss\u00e4 paikallisen [&hellip;]","og_url":"https:\/\/rotary.fi\/merikoski\/mita-teemme\/projektit\/","og_site_name":"Merikosken Rotaryklubi","article_modified_time":"2026-03-02T13:01:43+00:00","twitter_card":"summary_large_image","twitter_misc":{"Arvioitu lukuaika":"3 minuuttia"},"schema":{"@context":"https:\/\/schema.org","@graph":[{"@type":"WebPage","@id":"https:\/\/rotary.fi\/merikoski\/mita-teemme\/projektit\/","url":"https:\/\/rotary.fi\/merikoski\/mita-teemme\/projektit\/","name":"Projektit - Merikosken Rotaryklubi","isPartOf":{"@id":"https:\/\/rotary.fi\/merikoski\/#website"},"datePublished":"2018-08-13T06:46:59+00:00","dateModified":"2026-03-02T13:01:43+00:00","breadcrumb":{"@id":"https:\/\/rotary.fi\/merikoski\/mita-teemme\/projektit\/#breadcrumb"},"inLanguage":"fi","potentialAction":[{"@type":"ReadAction","target":["https:\/\/rotary.fi\/merikoski\/mita-teemme\/projektit\/"]}]},{"@type":"BreadcrumbList","@id":"https:\/\/rotary.fi\/merikoski\/mita-teemme\/projektit\/#breadcrumb","itemListElement":[{"@type":"ListItem","position":1,"name":"Home","item":"https:\/\/rotary.fi\/merikoski\/"},{"@type":"ListItem","position":2,"name":"Mit\u00e4 teemme","item":"https:\/\/rotary.fi\/merikoski\/mita-teemme\/"},{"@type":"ListItem","position":3,"name":"Projektit"}]},{"@type":"WebSite","@id":"https:\/\/rotary.fi\/merikoski\/#website","url":"https:\/\/rotary.fi\/merikoski\/","name":"Merikosken Rotaryklubi","description":"Uusi Rotary klubisivusto","potentialAction":[{"@type":"SearchAction","target":{"@type":"EntryPoint","urlTemplate":"https:\/\/rotary.fi\/merikoski\/?s={search_term_string}"},"query-input":{"@type":"PropertyValueSpecification","valueRequired":true,"valueName":"search_term_string"}}],"inLanguage":"fi"}]}},"lang":"fi","translations":{"fi":156,"en":1451},"pll_sync_post":[],"_links":{"self":[{"href":"https:\/\/rotary.fi\/merikoski\/wp-json\/wp\/v2\/pages\/156","targetHints":{"allow":["GET"]}}],"collection":[{"href":"https:\/\/rotary.fi\/merikoski\/wp-json\/wp\/v2\/pages"}],"about":[{"href":"https:\/\/rotary.fi\/merikoski\/wp-json\/wp\/v2\/types\/page"}],"author":[{"embeddable":true,"href":"https:\/\/rotary.fi\/merikoski\/wp-json\/wp\/v2\/users\/1"}],"replies":[{"embeddable":true,"href":"https:\/\/rotary.fi\/merikoski\/wp-json\/wp\/v2\/comments?post=156"}],"version-history":[{"count":7,"href":"https:\/\/rotary.fi\/merikoski\/wp-json\/wp\/v2\/pages\/156\/revisions"}],"predecessor-version":[{"id":2513,"href":"https:\/\/rotary.fi\/merikoski\/wp-json\/wp\/v2\/pages\/156\/revisions\/2513"}],"up":[{"embeddable":true,"href":"https:\/\/rotary.fi\/merikoski\/wp-json\/wp\/v2\/pages\/77"}],"wp:attachment":[{"href":"https:\/\/rotary.fi\/merikoski\/wp-json\/wp\/v2\/media?parent=156"}],"curies":[{"name":"wp","href":"https:\/\/api.w.org\/{rel}","templated":true}]}}