{"id":94,"date":"2018-08-09T15:14:30","date_gmt":"2018-08-09T12:14:30","guid":{"rendered":"https:\/\/rotary.fi\/klubi2\/?page_id=94"},"modified":"2024-01-18T12:21:49","modified_gmt":"2024-01-18T10:21:49","slug":"ajankohtaista","status":"publish","type":"page","link":"https:\/\/rotary.fi\/meriespoo\/ajankohtaista\/","title":{"rendered":"Ajankohtaista"},"content":{"rendered":"<p>[et_pb_section fb_built=&#8221;1&#8243; module_class=&#8221;jumbotron-page&#8221; _builder_version=&#8221;4.22.1&#8243; background_image=&#8221;https:\/\/rotary.fi\/meriespoo\/wp-content\/uploads\/sites\/228\/2023\/09\/2019-10-06-silakkasoutu-29-1024&#215;683.jpg&#8221; global_colors_info=&#8221;{}&#8221;][et_pb_row _builder_version=&#8221;4.16&#8243; background_size=&#8221;initial&#8221; background_position=&#8221;top_left&#8221; background_repeat=&#8221;repeat&#8221; global_colors_info=&#8221;{}&#8221;][et_pb_column type=&#8221;4_4&#8243; _builder_version=&#8221;4.16&#8243; custom_padding=&#8221;|||&#8221; global_colors_info=&#8221;{}&#8221; custom_padding__hover=&#8221;|||&#8221;][et_pb_text admin_label=&#8221;P\u00e4\u00e4otsikko&#8221; _builder_version=&#8221;4.16&#8243; text_orientation=&#8221;center&#8221; background_layout=&#8221;dark&#8221; global_colors_info=&#8221;{}&#8221;]<\/p>\n<h1><\/h1>\n<p>[\/et_pb_text][\/et_pb_column][\/et_pb_row][\/et_pb_section][et_pb_section fb_built=&#8221;1&#8243; specialty=&#8221;on&#8221; module_class_2=&#8221;sivupalkki&#8221; _builder_version=&#8221;4.16&#8243; locked=&#8221;on&#8221; global_colors_info=&#8221;{}&#8221;][et_pb_column type=&#8221;2_3&#8243; specialty_columns=&#8221;2&#8243; _builder_version=&#8221;4.16&#8243; custom_padding=&#8221;|||&#8221; global_colors_info=&#8221;{}&#8221; custom_padding__hover=&#8221;|||&#8221;][et_pb_row_inner admin_label=&#8221;Rivi&#8221; _builder_version=&#8221;4.16&#8243; locked=&#8221;on&#8221; global_colors_info=&#8221;{}&#8221;][et_pb_column_inner saved_specialty_column_type=&#8221;2_3&#8243; _builder_version=&#8221;4.16&#8243; custom_padding=&#8221;|||&#8221; global_colors_info=&#8221;{}&#8221; custom_padding__hover=&#8221;|||&#8221;][et_pb_text admin_label=&#8221;Otsikko&#8221; _builder_version=&#8221;4.16&#8243; text_orientation=&#8221;center&#8221; global_colors_info=&#8221;{}&#8221;]<\/p>\n<h1>Ajankohtaista<\/h1>\n<p>[\/et_pb_text][et_pb_code admin_label=&#8221;Ajankohtaisten listaus&#8221; module_class=&#8221;kaikki_ajankohtaiset&#8221; _builder_version=&#8221;4.16&#8243; global_colors_info=&#8221;{}&#8221;]<ul class=\"display-posts-listing\"><li class=\"listing-item\"><a class=\"title\" href=\"https:\/\/rotary.fi\/meriespoo\/ajankohtaiset\/rotareiden-vesireppu-tuo-lahivedet-luokkahuoneeseen-kyrkslatts-gymnasiumissa\/\">Rotareiden vesireppu tuo l\u00e4hivedet luokkahuoneeseen Kyrksl\u00e4tts Gymnasiumissa<\/a> <span class=\"date\">22.1. 2026<\/span><\/li><li class=\"listing-item\"><a class=\"title\" href=\"https:\/\/rotary.fi\/meriespoo\/ajankohtaiset\/piirikuvernoori-jere-jantunen-vieraili-meri-espoon-rotaryklubissa\/\">Piirikuvern\u00f6\u00f6ri Jere Jantunen vieraili Meri-Espoon Rotaryklubissa<\/a> <span class=\"date\">13.1. 2026<\/span><\/li><li class=\"listing-item\"><a class=\"title\" href=\"https:\/\/rotary.fi\/meriespoo\/ajankohtaiset\/klubillemme-myonnettiin-tunnustus-end-polio-now-projektin-lahjoituksista\/\">Klubillemme my\u00f6nnettiin tunnustus End Polio Now projektin lahjoituksista<\/a> <span class=\"date\">12.11. 2025<\/span><\/li><li class=\"listing-item\"><a class=\"title\" href=\"https:\/\/rotary.fi\/meriespoo\/ajankohtaiset\/kansainvalinen-tuulahdus-etsimme-isantaperheita-rotary-vaihto-oppilaalle-3-4kk-jaksoille-lukukauden-2026-27-aikana\/\">Kansainv\u00e4linen tuulahdus! Etsimme is\u00e4nt\u00e4perheit\u00e4 Rotary vaihto-oppilaalle 3-4kk jaksoille lukukauden 2026-27 aikana.<\/a> <span class=\"date\">9.11. 2025<\/span><\/li><li class=\"listing-item\"><a class=\"title\" href=\"https:\/\/rotary.fi\/meriespoo\/ajankohtaiset\/meri-espoon-rotaryklubi-monipuolisesti-mukana-vuoden-2025-silakkasoudussa\/\">Meri-Espoon Rotaryklubi monipuolisesti mukana vuoden 2025 Silakkasoudussa<\/a> <span class=\"date\">10.10. 2025<\/span><\/li><li class=\"listing-item\"><a class=\"title\" href=\"https:\/\/rotary.fi\/meriespoo\/ajankohtaiset\/meri-espoon-rotaryklubi-on-aktiivinen-toimija-valtakunnallisessa-sinilevaseurannassa\/\">Meri-Espoon Rotaryklubi on aktiivinen toimija valtakunnallisessa sinilev\u00e4seurannassa<\/a> <span class=\"date\">3.10. 2025<\/span><\/li><li class=\"listing-item\"><a class=\"title\" href=\"https:\/\/rotary.fi\/meriespoo\/ajankohtaiset\/rotaryvuoden-paatosjuhla-kokosi-meri-espoon-rotarit-bodomin-kartanolle\/\">Rotaryvuoden p\u00e4\u00e4t\u00f6sjuhla kokosi Meri-Espoon rotarit Bodomin kartanolle<\/a> <span class=\"date\">11.6. 2025<\/span><\/li><li class=\"listing-item\"><a class=\"title\" href=\"https:\/\/rotary.fi\/meriespoo\/ajankohtaiset\/argentiinalainen-vaihto-oppilaamme-mariano-kertoi-kokemuksistaan-ja-elamyksistaan-suomessa\/\">Argentiinalainen vaihto-oppilaamme Mariano kertoi kokemuksistaan ja el\u00e4myksist\u00e4\u00e4n Suomessa<\/a> <span class=\"date\">29.5. 2025<\/span><\/li><li class=\"listing-item\"><a class=\"title\" href=\"https:\/\/rotary.fi\/meriespoo\/ajankohtaiset\/syken-ja-rotarien-vesireppu-tarjoaa-koululaisille-mahdollisuuden-todeta-lahivesien-tila-omakohtaisesti\/\">SYKEn ja rotarien Vesireppu tarjoaa koululaisille mahdollisuuden todeta l\u00e4hivesien tila omakohtaisesti<\/a> <span class=\"date\">20.5. 2025<\/span><\/li><li class=\"listing-item\"><a class=\"title\" href=\"https:\/\/rotary.fi\/meriespoo\/ajankohtaiset\/meri-espoon-rotaryklubin-humanitaarinen-apu-ukrainaan\/\">Meri-Espoon Rotaryklubin humanit\u00e4\u00e4rinen apu Ukrainaan<\/a> <span class=\"date\">13.3. 2025<\/span><\/li><li class=\"listing-item\"><a class=\"title\" href=\"https:\/\/rotary.fi\/meriespoo\/ajankohtaiset\/vuoden-2024-silakkasoutu-kerasi-8500-euroa-itameren-luonnon-monimuotoisuuden-suojeluun\/\">Vuoden 2024 Silakkasoutu ker\u00e4si 8500 euroa It\u00e4meren luonnon monimuotoisuuden suojeluun<\/a> <span class=\"date\">5.2. 2025<\/span><\/li><li class=\"listing-item\"><a class=\"title\" href=\"https:\/\/rotary.fi\/meriespoo\/ajankohtaiset\/itsenaisyyspaivan-seppeleenlasku-sankarihaudoille\/\">Itsen\u00e4isyysp\u00e4iv\u00e4n seppeleenlasku sankarihaudoille<\/a> <span class=\"date\">9.12. 2024<\/span><\/li><li class=\"listing-item\"><a class=\"title\" href=\"https:\/\/rotary.fi\/meriespoo\/ajankohtaiset\/ystavyytta-yli-maarajojen\/\">Yst\u00e4vyytt\u00e4 yli maarajojen!<\/a> <span class=\"date\">2.11. 2024<\/span><\/li><li class=\"listing-item\"><a class=\"title\" href=\"https:\/\/rotary.fi\/meriespoo\/ajankohtaiset\/klubimme-rotarit-istuttivat-kuitinmaen-koulun-pihalle-kukkaniityn\/\">Klubimme rotarit istuttivat Kuitinm\u00e4en koulun pihalle kukkaniityn<\/a> <span class=\"date\">30.10. 2024<\/span><\/li><li class=\"listing-item\"><a class=\"title\" href=\"https:\/\/rotary.fi\/meriespoo\/ajankohtaiset\/aune-past-vieraili-klubissa\/\">Kuvern\u00f6\u00f6ri Aune Past vieraili klubissamme<\/a> <span class=\"date\">30.10. 2024<\/span><\/li><li class=\"listing-item\"><a class=\"title\" href=\"https:\/\/rotary.fi\/meriespoo\/ajankohtaiset\/meri-espoon-klubin-projektit-rotaryvuonna-2023-2024\/\">Meri-Espoon klubin projektit rotaryvuonna 2023-2024<\/a> <span class=\"date\">21.10. 2024<\/span><\/li><li class=\"listing-item\"><a class=\"title\" href=\"https:\/\/rotary.fi\/meriespoo\/ajankohtaiset\/meri-espoon-klubi-mukana-silakkasoudussa-ja-patikassa\/\">Meri-Espoon klubi mukana Silakkasoudussa ja -patikassa<\/a> <span class=\"date\">21.10. 2024<\/span><\/li><li class=\"listing-item\"><a class=\"title\" href=\"https:\/\/rotary.fi\/meriespoo\/ajankohtaiset\/haku-rotary-vuosivaihtoon-ja-kesavaihtoon-avoinna-30-9-saakka\/\">Haku Rotary-vuosivaihtoon ja kes\u00e4vaihtoon avoinna 30.9. saakka<\/a> <span class=\"date\">13.9. 2024<\/span><\/li><li class=\"listing-item\"><a class=\"title\" href=\"https:\/\/rotary.fi\/meriespoo\/ajankohtaiset\/vaihto-oppilaat-kertoivat-argentiinasta\/\">Vaihto-oppilaat kertoivat Argentiinasta<\/a> <span class=\"date\">27.8. 2024<\/span><\/li><li class=\"listing-item\"><a class=\"title\" href=\"https:\/\/rotary.fi\/meriespoo\/ajankohtaiset\/nakymia-syksyn-toimintaan\/\">N\u00e4kymi\u00e4 syksyn toimintaan<\/a> <span class=\"date\">12.8. 2024<\/span><\/li><li class=\"listing-item\"><a class=\"title\" href=\"https:\/\/rotary.fi\/meriespoo\/ajankohtaiset\/maria-sipila-aloittaa-klubin-presidenttina\/\">Maria Sipil\u00e4 aloittaa klubin presidenttin\u00e4<\/a> <span class=\"date\">20.6. 2024<\/span><\/li><li class=\"listing-item\"><a class=\"title\" href=\"https:\/\/rotary.fi\/meriespoo\/ajankohtaiset\/jaoimme-argentiinaan-lahtevalle-elsille-kokemuksia-nuorisovaihdosta\/\">Jaoimme Argentiinaan l\u00e4htev\u00e4lle Elsille kokemuksia nuorisovaihdosta<\/a> <span class=\"date\">12.5. 2024<\/span><\/li><li class=\"listing-item\"><a class=\"title\" href=\"https:\/\/rotary.fi\/meriespoo\/ajankohtaiset\/vaihto-oppilaana-argentiinassa\/\">Vaihto-oppilaana Argentiinassa<\/a> <span class=\"date\">4.3. 2024<\/span><\/li><li class=\"listing-item\"><a class=\"title\" href=\"https:\/\/rotary.fi\/meriespoo\/ajankohtaiset\/humanitaarista-apua-kryvyi-rihiin-ukrainaan\/\">Humanit\u00e4\u00e4rist\u00e4 apua Kryvyi Rihiin Ukrainaan<\/a> <span class=\"date\">9.1. 2024<\/span><\/li><li class=\"listing-item\"><a class=\"title\" href=\"https:\/\/rotary.fi\/meriespoo\/ajankohtaiset\/kokouspaikkana-radisson-blu-hotelli\/\">Klubin kokouspaikkana on v\u00e4liaikaisesti Radisson Blu Hotelli<\/a> <span class=\"date\">5.1. 2024<\/span><\/li><li class=\"listing-item\"><a class=\"title\" href=\"https:\/\/rotary.fi\/meriespoo\/ajankohtaiset\/rotareiden-hankkeet-tuovat-toivoa-nuorille-ja-maailmaan\/\">Rotareiden hankkeet tuovat toivoa nuorille ja maailmaan<\/a> <span class=\"date\">22.11. 2023<\/span><\/li><li class=\"listing-item\"><a class=\"title\" href=\"https:\/\/rotary.fi\/meriespoo\/en\/presidentin_uutiset\/please-read-the-latest-finnish-news\/\">Please read the latest Finnish news<\/a> <span class=\"date\">3.11. 2023<\/span><\/li><li class=\"listing-item\"><a class=\"title\" href=\"https:\/\/rotary.fi\/meriespoo\/ajankohtaiset\/rotarit-panostavat-edelleen-polion-poistamiseksi-maailmasta\/\">Rotarit panostavat edelleen polion poistamiseksi maailmasta<\/a> <span class=\"date\">23.10. 2023<\/span><\/li><li class=\"listing-item\"><a class=\"title\" href=\"https:\/\/rotary.fi\/meriespoo\/ajankohtaiset\/vaihto-oppilaamme-ciro-kertoi-argentiinasta\/\">Vaihto-oppilaamme Ciro kertoi Argentiinasta<\/a> <span class=\"date\">18.10. 2023<\/span><\/li><li class=\"listing-item\"><a class=\"title\" href=\"https:\/\/rotary.fi\/meriespoo\/ajankohtaiset\/klubimme-viikkokokoukset-siirtyvat-tapiola-gardeniin\/\">Klubimme viikkokokoukset siirtyv\u00e4t Tapiola Gardeniin<\/a> <span class=\"date\">11.10. 2023<\/span><\/li><li class=\"listing-item\"><a class=\"title\" href=\"https:\/\/rotary.fi\/meriespoo\/ajankohtaiset\/meri-espoo-osallistui-silakkasoutuun\/\">Meri-Espoo osallistui Silakkasoutuun<\/a> <span class=\"date\">1.10. 2023<\/span><\/li><li class=\"listing-item\"><a class=\"title\" href=\"https:\/\/rotary.fi\/meriespoo\/ajankohtaiset\/klubimme-painopistealueet-rotaryvuonna-2023-2024\/\">Klubimme painopistealueet Rotaryvuonna 2023 &#8211; 2024<\/a> <span class=\"date\">18.9. 2023<\/span><\/li><li class=\"listing-item\"><a class=\"title\" href=\"https:\/\/rotary.fi\/meriespoo\/ajankohtaiset\/vaihtoon-ulkomaille-rotaryn-kautta\/\">Vaihtoon ulkomaille Rotaryn kautta<\/a> <span class=\"date\">7.9. 2023<\/span><\/li><li class=\"listing-item\"><a class=\"title\" href=\"https:\/\/rotary.fi\/meriespoo\/ajankohtaiset\/rotary-juhlivat-rotaryvuoden-paattymista-bodomin-kartanossa\/\">Rotary juhlivat rotaryvuoden p\u00e4\u00e4ttymist\u00e4 Bodomin kartanossa<\/a> <span class=\"date\">14.6. 2023<\/span><\/li><li class=\"listing-item\"><a class=\"title\" href=\"https:\/\/rotary.fi\/meriespoo\/ajankohtaiset\/rotarit-nayttavat-esimerkkia-luontokadon-torjumisessa\/\">Rotarit n\u00e4ytt\u00e4v\u00e4t esimerkki\u00e4 luontokadon torjumisessa<\/a> <span class=\"date\">5.6. 2023<\/span><\/li><li class=\"listing-item\"><a class=\"title\" href=\"https:\/\/rotary.fi\/meriespoo\/ajankohtaiset\/kanta-espoon-rotaryklubin-nimi-vaihtuu-meri-espoon-rotaryklubiksi\/\">Kanta-Espoon Rotaryklubin nimi vaihtuu Meri-Espoon Rotaryklubiksi<\/a> <span class=\"date\">2.6. 2023<\/span><\/li><li class=\"listing-item\"><a class=\"title\" href=\"https:\/\/rotary.fi\/meriespoo\/ajankohtaiset\/espoon-ja-ukrainan-kryvyi-rihin-koululaiset-ilahduttivat-luontokuvilla\/\">Espoon ja Ukrainan Kryvyi Rihin koululaiset ilahduttivat luontokuvilla<\/a> <span class=\"date\">11.1. 2023<\/span><\/li><li class=\"listing-item\"><a class=\"title\" href=\"https:\/\/rotary.fi\/meriespoo\/ajankohtaiset\/rotarit-mahdollistivat-leirikoulun-jarjestamisen-espoossa\/\">Rotarit mahdollistivat leirikoulun j\u00e4rjest\u00e4misen Espoossa<\/a> <span class=\"date\">29.9. 2022<\/span><\/li><li class=\"listing-item\"><a class=\"title\" href=\"https:\/\/rotary.fi\/meriespoo\/ajankohtaiset\/ja-viela-yksi-ajankohtainen-juttu\/\">Apua Ukrainan  pakolaisille<\/a> <span class=\"date\">20.9. 2022<\/span><\/li><li class=\"listing-item\"><a class=\"title\" href=\"https:\/\/rotary.fi\/meriespoo\/ajankohtaiset\/a-test-feature-for-upcoming-events-news-and-features\/\">Rotaryvaihto-oppilaamme saapui Ranskasta!<\/a> <span class=\"date\">20.9. 2022<\/span><\/li><li class=\"listing-item\"><a class=\"title\" href=\"https:\/\/rotary.fi\/meriespoo\/en\/presidentin_uutiset\/the-next-executive-board-of-finlands-rotary-service-elected\/\">The next Executive Board of Finland\u2019s Rotary Service elected<\/a> <span class=\"date\">5.3. 2019<\/span><\/li><li class=\"listing-item\"><a class=\"title\" href=\"https:\/\/rotary.fi\/meriespoo\/en\/presidentin_uutiset\/have-a-good-rotary-foundation-month\/\">Have a Good Rotary Foundation Month!<\/a> <span class=\"date\">5.3. 2019<\/span><\/li><li class=\"listing-item\"><a class=\"title\" href=\"https:\/\/rotary.fi\/meriespoo\/presidentin_uutiset\/hyvaa-rotarysaation-kuukautta\/\">Hyv\u00e4\u00e4 Rotarys\u00e4\u00e4ti\u00f6n kuukautta!<\/a> <span class=\"date\">30.11. 2018<\/span><\/li><li class=\"listing-item\"><a class=\"title\" href=\"https:\/\/rotary.fi\/meriespoo\/presidentin_uutiset\/suomen-rotarypalvelun-tuleva-hallitus-valittu\/\">Suomen Rotarypalvelun tuleva hallitus valittu<\/a> <span class=\"date\">25.11. 2018<\/span><\/li><\/ul>[\/et_pb_code][\/et_pb_column_inner][\/et_pb_row_inner][\/et_pb_column][et_pb_column type=&#8221;1_3&#8243; _builder_version=&#8221;4.16&#8243; custom_padding=&#8221;|||&#8221; global_colors_info=&#8221;{}&#8221; custom_padding__hover=&#8221;|||&#8221;][et_pb_sidebar area=&#8221;sidebar-1&#8243; module_class=&#8221;sivupalkki_sisalto&#8221; _builder_version=&#8221;4.16&#8243; global_colors_info=&#8221;{}&#8221;][\/et_pb_sidebar][\/et_pb_column][\/et_pb_section]<\/p>\n","protected":false},"excerpt":{"rendered":"<p>[et_pb_section fb_built=&#8221;1&#8243; module_class=&#8221;jumbotron-page&#8221; _builder_version=&#8221;4.22.1&#8243; background_image=&#8221;https:\/\/rotary.fi\/meriespoo\/wp-content\/uploads\/sites\/228\/2023\/09\/2019-10-06-silakkasoutu-29-1024&#215;683.jpg&#8221; global_colors_info=&#8221;{}&#8221;][et_pb_row _builder_version=&#8221;4.16&#8243; background_size=&#8221;initial&#8221; background_position=&#8221;top_left&#8221; background_repeat=&#8221;repeat&#8221; global_colors_info=&#8221;{}&#8221;][et_pb_column type=&#8221;4_4&#8243; _builder_version=&#8221;4.16&#8243; custom_padding=&#8221;|||&#8221; global_colors_info=&#8221;{}&#8221; custom_padding__hover=&#8221;|||&#8221;][et_pb_text admin_label=&#8221;P\u00e4\u00e4otsikko&#8221; _builder_version=&#8221;4.16&#8243; text_orientation=&#8221;center&#8221; background_layout=&#8221;dark&#8221; global_colors_info=&#8221;{}&#8221;] [\/et_pb_text][\/et_pb_column][\/et_pb_row][\/et_pb_section][et_pb_section fb_built=&#8221;1&#8243; specialty=&#8221;on&#8221; module_class_2=&#8221;sivupalkki&#8221; _builder_version=&#8221;4.16&#8243; locked=&#8221;on&#8221; global_colors_info=&#8221;{}&#8221;][et_pb_column type=&#8221;2_3&#8243; specialty_columns=&#8221;2&#8243; _builder_version=&#8221;4.16&#8243; custom_padding=&#8221;|||&#8221; global_colors_info=&#8221;{}&#8221; custom_padding__hover=&#8221;|||&#8221;][et_pb_row_inner admin_label=&#8221;Rivi&#8221; _builder_version=&#8221;4.16&#8243; locked=&#8221;on&#8221; global_colors_info=&#8221;{}&#8221;][et_pb_column_inner saved_specialty_column_type=&#8221;2_3&#8243; _builder_version=&#8221;4.16&#8243; custom_padding=&#8221;|||&#8221; global_colors_info=&#8221;{}&#8221; custom_padding__hover=&#8221;|||&#8221;][et_pb_text admin_label=&#8221;Otsikko&#8221; _builder_version=&#8221;4.16&#8243; text_orientation=&#8221;center&#8221; global_colors_info=&#8221;{}&#8221;] Ajankohtaista [\/et_pb_text][et_pb_code admin_label=&#8221;Ajankohtaisten listaus&#8221; module_class=&#8221;kaikki_ajankohtaiset&#8221; _builder_version=&#8221;4.16&#8243; global_colors_info=&#8221;{}&#8221;][\/et_pb_code][\/et_pb_column_inner][\/et_pb_row_inner][\/et_pb_column][et_pb_column type=&#8221;1_3&#8243; [&hellip;]<\/p>\n","protected":false},"author":1,"featured_media":0,"parent":0,"menu_order":0,"comment_status":"closed","ping_status":"closed","template":"","meta":{"_acf_changed":false,"_et_pb_use_builder":"on","_et_pb_old_content":"","_et_gb_content_width":"","footnotes":""},"class_list":["post-94","page","type-page","status-publish","hentry"],"acf":[],"yoast_head":"<!-- This site is optimized with the Yoast SEO plugin v27.4 - https:\/\/yoast.com\/product\/yoast-seo-wordpress\/ -->\n<title>Ajankohtaista - Meri-Espoon Rotaryklubi<\/title>\n<meta name=\"robots\" content=\"index, follow, max-snippet:-1, max-image-preview:large, max-video-preview:-1\" \/>\n<link rel=\"canonical\" href=\"https:\/\/rotary.fi\/meriespoo\/ajankohtaista\/\" \/>\n<meta property=\"og:locale\" content=\"fi_FI\" \/>\n<meta property=\"og:type\" content=\"article\" \/>\n<meta property=\"og:title\" content=\"Ajankohtaista - Meri-Espoon Rotaryklubi\" \/>\n<meta property=\"og:description\" content=\"[et_pb_section fb_built=&#8221;1&#8243; module_class=&#8221;jumbotron-page&#8221; _builder_version=&#8221;4.22.1&#8243; background_image=&#8221;https:\/\/rotary.fi\/meriespoo\/wp-content\/uploads\/sites\/228\/2023\/09\/2019-10-06-silakkasoutu-29-1024&#215;683.jpg&#8221; global_colors_info=&#8221;{}&#8221;][et_pb_row _builder_version=&#8221;4.16&#8243; background_size=&#8221;initial&#8221; background_position=&#8221;top_left&#8221; background_repeat=&#8221;repeat&#8221; global_colors_info=&#8221;{}&#8221;][et_pb_column type=&#8221;4_4&#8243; _builder_version=&#8221;4.16&#8243; custom_padding=&#8221;|||&#8221; global_colors_info=&#8221;{}&#8221; custom_padding__hover=&#8221;|||&#8221;][et_pb_text admin_label=&#8221;P\u00e4\u00e4otsikko&#8221; _builder_version=&#8221;4.16&#8243; text_orientation=&#8221;center&#8221; background_layout=&#8221;dark&#8221; global_colors_info=&#8221;{}&#8221;] [\/et_pb_text][\/et_pb_column][\/et_pb_row][\/et_pb_section][et_pb_section fb_built=&#8221;1&#8243; specialty=&#8221;on&#8221; module_class_2=&#8221;sivupalkki&#8221; _builder_version=&#8221;4.16&#8243; locked=&#8221;on&#8221; global_colors_info=&#8221;{}&#8221;][et_pb_column type=&#8221;2_3&#8243; specialty_columns=&#8221;2&#8243; _builder_version=&#8221;4.16&#8243; custom_padding=&#8221;|||&#8221; global_colors_info=&#8221;{}&#8221; custom_padding__hover=&#8221;|||&#8221;][et_pb_row_inner admin_label=&#8221;Rivi&#8221; _builder_version=&#8221;4.16&#8243; locked=&#8221;on&#8221; global_colors_info=&#8221;{}&#8221;][et_pb_column_inner saved_specialty_column_type=&#8221;2_3&#8243; _builder_version=&#8221;4.16&#8243; custom_padding=&#8221;|||&#8221; global_colors_info=&#8221;{}&#8221; custom_padding__hover=&#8221;|||&#8221;][et_pb_text admin_label=&#8221;Otsikko&#8221; _builder_version=&#8221;4.16&#8243; text_orientation=&#8221;center&#8221; global_colors_info=&#8221;{}&#8221;] Ajankohtaista [\/et_pb_text][et_pb_code admin_label=&#8221;Ajankohtaisten listaus&#8221; module_class=&#8221;kaikki_ajankohtaiset&#8221; _builder_version=&#8221;4.16&#8243; global_colors_info=&#8221;{}&#8221;][\/et_pb_code][\/et_pb_column_inner][\/et_pb_row_inner][\/et_pb_column][et_pb_column type=&#8221;1_3&#8243; [&hellip;]\" \/>\n<meta property=\"og:url\" content=\"https:\/\/rotary.fi\/meriespoo\/ajankohtaista\/\" \/>\n<meta property=\"og:site_name\" content=\"Meri-Espoon Rotaryklubi\" \/>\n<meta property=\"article:modified_time\" content=\"2024-01-18T10:21:49+00:00\" \/>\n<meta name=\"twitter:card\" content=\"summary_large_image\" \/>\n<meta name=\"twitter:label1\" content=\"Arvioitu lukuaika\" \/>\n\t<meta name=\"twitter:data1\" content=\"1 minuutti\" \/>\n<script type=\"application\/ld+json\" class=\"yoast-schema-graph\">{\"@context\":\"https:\\\/\\\/schema.org\",\"@graph\":[{\"@type\":\"WebPage\",\"@id\":\"https:\\\/\\\/rotary.fi\\\/meriespoo\\\/ajankohtaista\\\/\",\"url\":\"https:\\\/\\\/rotary.fi\\\/meriespoo\\\/ajankohtaista\\\/\",\"name\":\"Ajankohtaista - Meri-Espoon Rotaryklubi\",\"isPartOf\":{\"@id\":\"https:\\\/\\\/rotary.fi\\\/meriespoo\\\/#website\"},\"datePublished\":\"2018-08-09T12:14:30+00:00\",\"dateModified\":\"2024-01-18T10:21:49+00:00\",\"breadcrumb\":{\"@id\":\"https:\\\/\\\/rotary.fi\\\/meriespoo\\\/ajankohtaista\\\/#breadcrumb\"},\"inLanguage\":\"fi\",\"potentialAction\":[{\"@type\":\"ReadAction\",\"target\":[\"https:\\\/\\\/rotary.fi\\\/meriespoo\\\/ajankohtaista\\\/\"]}]},{\"@type\":\"BreadcrumbList\",\"@id\":\"https:\\\/\\\/rotary.fi\\\/meriespoo\\\/ajankohtaista\\\/#breadcrumb\",\"itemListElement\":[{\"@type\":\"ListItem\",\"position\":1,\"name\":\"Home\",\"item\":\"https:\\\/\\\/rotary.fi\\\/meriespoo\\\/\"},{\"@type\":\"ListItem\",\"position\":2,\"name\":\"Ajankohtaista\"}]},{\"@type\":\"WebSite\",\"@id\":\"https:\\\/\\\/rotary.fi\\\/meriespoo\\\/#website\",\"url\":\"https:\\\/\\\/rotary.fi\\\/meriespoo\\\/\",\"name\":\"Meri-Espoon Rotaryklubi\",\"description\":\"Rotary klubisivusto\",\"potentialAction\":[{\"@type\":\"SearchAction\",\"target\":{\"@type\":\"EntryPoint\",\"urlTemplate\":\"https:\\\/\\\/rotary.fi\\\/meriespoo\\\/?s={search_term_string}\"},\"query-input\":{\"@type\":\"PropertyValueSpecification\",\"valueRequired\":true,\"valueName\":\"search_term_string\"}}],\"inLanguage\":\"fi\"}]}<\/script>\n<!-- \/ Yoast SEO plugin. -->","yoast_head_json":{"title":"Ajankohtaista - Meri-Espoon Rotaryklubi","robots":{"index":"index","follow":"follow","max-snippet":"max-snippet:-1","max-image-preview":"max-image-preview:large","max-video-preview":"max-video-preview:-1"},"canonical":"https:\/\/rotary.fi\/meriespoo\/ajankohtaista\/","og_locale":"fi_FI","og_type":"article","og_title":"Ajankohtaista - Meri-Espoon Rotaryklubi","og_description":"[et_pb_section fb_built=&#8221;1&#8243; module_class=&#8221;jumbotron-page&#8221; _builder_version=&#8221;4.22.1&#8243; background_image=&#8221;https:\/\/rotary.fi\/meriespoo\/wp-content\/uploads\/sites\/228\/2023\/09\/2019-10-06-silakkasoutu-29-1024&#215;683.jpg&#8221; global_colors_info=&#8221;{}&#8221;][et_pb_row _builder_version=&#8221;4.16&#8243; background_size=&#8221;initial&#8221; background_position=&#8221;top_left&#8221; background_repeat=&#8221;repeat&#8221; global_colors_info=&#8221;{}&#8221;][et_pb_column type=&#8221;4_4&#8243; _builder_version=&#8221;4.16&#8243; custom_padding=&#8221;|||&#8221; global_colors_info=&#8221;{}&#8221; custom_padding__hover=&#8221;|||&#8221;][et_pb_text admin_label=&#8221;P\u00e4\u00e4otsikko&#8221; _builder_version=&#8221;4.16&#8243; text_orientation=&#8221;center&#8221; background_layout=&#8221;dark&#8221; global_colors_info=&#8221;{}&#8221;] [\/et_pb_text][\/et_pb_column][\/et_pb_row][\/et_pb_section][et_pb_section fb_built=&#8221;1&#8243; specialty=&#8221;on&#8221; module_class_2=&#8221;sivupalkki&#8221; _builder_version=&#8221;4.16&#8243; locked=&#8221;on&#8221; global_colors_info=&#8221;{}&#8221;][et_pb_column type=&#8221;2_3&#8243; specialty_columns=&#8221;2&#8243; _builder_version=&#8221;4.16&#8243; custom_padding=&#8221;|||&#8221; global_colors_info=&#8221;{}&#8221; custom_padding__hover=&#8221;|||&#8221;][et_pb_row_inner admin_label=&#8221;Rivi&#8221; _builder_version=&#8221;4.16&#8243; locked=&#8221;on&#8221; global_colors_info=&#8221;{}&#8221;][et_pb_column_inner saved_specialty_column_type=&#8221;2_3&#8243; _builder_version=&#8221;4.16&#8243; custom_padding=&#8221;|||&#8221; global_colors_info=&#8221;{}&#8221; custom_padding__hover=&#8221;|||&#8221;][et_pb_text admin_label=&#8221;Otsikko&#8221; _builder_version=&#8221;4.16&#8243; text_orientation=&#8221;center&#8221; global_colors_info=&#8221;{}&#8221;] Ajankohtaista [\/et_pb_text][et_pb_code admin_label=&#8221;Ajankohtaisten listaus&#8221; module_class=&#8221;kaikki_ajankohtaiset&#8221; _builder_version=&#8221;4.16&#8243; global_colors_info=&#8221;{}&#8221;][\/et_pb_code][\/et_pb_column_inner][\/et_pb_row_inner][\/et_pb_column][et_pb_column type=&#8221;1_3&#8243; [&hellip;]","og_url":"https:\/\/rotary.fi\/meriespoo\/ajankohtaista\/","og_site_name":"Meri-Espoon Rotaryklubi","article_modified_time":"2024-01-18T10:21:49+00:00","twitter_card":"summary_large_image","twitter_misc":{"Arvioitu lukuaika":"1 minuutti"},"schema":{"@context":"https:\/\/schema.org","@graph":[{"@type":"WebPage","@id":"https:\/\/rotary.fi\/meriespoo\/ajankohtaista\/","url":"https:\/\/rotary.fi\/meriespoo\/ajankohtaista\/","name":"Ajankohtaista - Meri-Espoon Rotaryklubi","isPartOf":{"@id":"https:\/\/rotary.fi\/meriespoo\/#website"},"datePublished":"2018-08-09T12:14:30+00:00","dateModified":"2024-01-18T10:21:49+00:00","breadcrumb":{"@id":"https:\/\/rotary.fi\/meriespoo\/ajankohtaista\/#breadcrumb"},"inLanguage":"fi","potentialAction":[{"@type":"ReadAction","target":["https:\/\/rotary.fi\/meriespoo\/ajankohtaista\/"]}]},{"@type":"BreadcrumbList","@id":"https:\/\/rotary.fi\/meriespoo\/ajankohtaista\/#breadcrumb","itemListElement":[{"@type":"ListItem","position":1,"name":"Home","item":"https:\/\/rotary.fi\/meriespoo\/"},{"@type":"ListItem","position":2,"name":"Ajankohtaista"}]},{"@type":"WebSite","@id":"https:\/\/rotary.fi\/meriespoo\/#website","url":"https:\/\/rotary.fi\/meriespoo\/","name":"Meri-Espoon Rotaryklubi","description":"Rotary klubisivusto","potentialAction":[{"@type":"SearchAction","target":{"@type":"EntryPoint","urlTemplate":"https:\/\/rotary.fi\/meriespoo\/?s={search_term_string}"},"query-input":{"@type":"PropertyValueSpecification","valueRequired":true,"valueName":"search_term_string"}}],"inLanguage":"fi"}]}},"lang":"fi","translations":{"fi":94,"en":1492},"pll_sync_post":[],"_links":{"self":[{"href":"https:\/\/rotary.fi\/meriespoo\/wp-json\/wp\/v2\/pages\/94","targetHints":{"allow":["GET"]}}],"collection":[{"href":"https:\/\/rotary.fi\/meriespoo\/wp-json\/wp\/v2\/pages"}],"about":[{"href":"https:\/\/rotary.fi\/meriespoo\/wp-json\/wp\/v2\/types\/page"}],"author":[{"embeddable":true,"href":"https:\/\/rotary.fi\/meriespoo\/wp-json\/wp\/v2\/users\/1"}],"replies":[{"embeddable":true,"href":"https:\/\/rotary.fi\/meriespoo\/wp-json\/wp\/v2\/comments?post=94"}],"version-history":[{"count":8,"href":"https:\/\/rotary.fi\/meriespoo\/wp-json\/wp\/v2\/pages\/94\/revisions"}],"predecessor-version":[{"id":2561,"href":"https:\/\/rotary.fi\/meriespoo\/wp-json\/wp\/v2\/pages\/94\/revisions\/2561"}],"wp:attachment":[{"href":"https:\/\/rotary.fi\/meriespoo\/wp-json\/wp\/v2\/media?parent=94"}],"curies":[{"name":"wp","href":"https:\/\/api.w.org\/{rel}","templated":true}]}}