{"id":77,"date":"2018-08-09T14:01:56","date_gmt":"2018-08-09T11:01:56","guid":{"rendered":"https:\/\/rotary.fi\/klubi2\/?page_id=77"},"modified":"2023-10-24T11:42:20","modified_gmt":"2023-10-24T08:42:20","slug":"mita-teemme","status":"publish","type":"page","link":"https:\/\/rotary.fi\/meriespoo\/mita-teemme\/","title":{"rendered":"Mit\u00e4 teemme"},"content":{"rendered":"<p>[et_pb_section fb_built=&#8221;1&#8243; module_class=&#8221;jumbotron-page&#8221; _builder_version=&#8221;4.22.1&#8243; background_image=&#8221;https:\/\/rotary.fi\/meriespoo\/wp-content\/uploads\/sites\/228\/2023\/10\/2023-10-01-silakkasoutu-76.jpg&#8221; hover_enabled=&#8221;0&#8243; global_colors_info=&#8221;{}&#8221; title_text=&#8221;2023_10_01 Silakkasoutu (76)&#8221; sticky_enabled=&#8221;0&#8243;][et_pb_row _builder_version=&#8221;4.16&#8243; background_size=&#8221;initial&#8221; background_position=&#8221;top_left&#8221; background_repeat=&#8221;repeat&#8221; global_colors_info=&#8221;{}&#8221;][et_pb_column type=&#8221;4_4&#8243; _builder_version=&#8221;4.16&#8243; custom_padding=&#8221;|||&#8221; global_colors_info=&#8221;{}&#8221; custom_padding__hover=&#8221;|||&#8221;][et_pb_text admin_label=&#8221;P\u00e4\u00e4otsikko&#8221; _builder_version=&#8221;4.16&#8243; text_orientation=&#8221;center&#8221; background_layout=&#8221;dark&#8221; global_colors_info=&#8221;{}&#8221;]<\/p>\n<h1>Mit\u00e4 teemme<\/h1>\n<p>[\/et_pb_text][\/et_pb_column][\/et_pb_row][\/et_pb_section][et_pb_section fb_built=&#8221;1&#8243; specialty=&#8221;on&#8221; module_class_2=&#8221;sivupalkki&#8221; _builder_version=&#8221;4.16&#8243; global_colors_info=&#8221;{}&#8221;][et_pb_column type=&#8221;2_3&#8243; specialty_columns=&#8221;2&#8243; _builder_version=&#8221;4.16&#8243; custom_padding=&#8221;|||&#8221; global_colors_info=&#8221;{}&#8221; custom_padding__hover=&#8221;|||&#8221;][et_pb_row_inner admin_label=&#8221;Rivi&#8221; _builder_version=&#8221;4.16&#8243; global_colors_info=&#8221;{}&#8221;][et_pb_column_inner saved_specialty_column_type=&#8221;2_3&#8243; _builder_version=&#8221;4.16&#8243; custom_padding=&#8221;|||&#8221; global_colors_info=&#8221;{}&#8221; custom_padding__hover=&#8221;|||&#8221;][et_pb_text admin_label=&#8221;Otsikko&#8221; _builder_version=&#8221;4.21.0&#8243; text_orientation=&#8221;center&#8221; global_colors_info=&#8221;{}&#8221;]<\/p>\n<h1 style=\"text-align: left\">Pyrimme vaikuttamaan ajankohtaisiin haasteisiin<\/h1>\n<p>[\/et_pb_text][et_pb_text _builder_version=&#8221;4.21.0&#8243; custom_padding=&#8221;||0px|||&#8221; global_colors_info=&#8221;{}&#8221;]<\/p>\n<p>Rotarina sinulla on mahdollisuus toimia, vaikuttaa ja tehd\u00e4 hyv\u00e4\u00e4. Lis\u00e4ksi saat mahtavan sosiaalisen verkoston ja elinik\u00e4isi\u00e4 yst\u00e4vi\u00e4 niin kotipaikkakunnaltasi kuin maailmanlaajuisesti. Voit my\u00f6s verkottua oman harrastuksesi jakavien muiden rotareiden kanssa rotareiden moninaisissa kansainv\u00e4lisiss\u00e4 harrastusryhmiss\u00e4.<\/p>\n<p>Haluamme vaikuttaa ajankohtaisiin haasteisiin. Osallistumme Rotaryn nuorisovaihtotoimintaan, l\u00e4hialueiden kehitt\u00e4miseen kuten It\u00e4meren suojeluun ja Rotaryj\u00e4rjest\u00f6n humanitaarisiin projekteihin<\/p>\n<p>[\/et_pb_text][\/et_pb_column_inner][\/et_pb_row_inner][et_pb_row_inner _builder_version=&#8221;4.21.0&#8243; _module_preset=&#8221;default&#8221; global_colors_info=&#8221;{}&#8221;][et_pb_column_inner saved_specialty_column_type=&#8221;2_3&#8243; _builder_version=&#8221;4.21.0&#8243; _module_preset=&#8221;default&#8221; global_colors_info=&#8221;{}&#8221;][et_pb_text admin_label=&#8221;kokoonnumme &#8221; _builder_version=&#8221;4.21.0&#8243; _module_preset=&#8221;default&#8221; global_colors_info=&#8221;{}&#8221;]<\/p>\n<h3>Kokoonnumme viikoittain<\/h3>\n<p>[\/et_pb_text][\/et_pb_column_inner][\/et_pb_row_inner][et_pb_row_inner column_structure=&#8221;1_2,1_2&#8243; _builder_version=&#8221;4.21.0&#8243; _module_preset=&#8221;default&#8221; global_colors_info=&#8221;{}&#8221;][et_pb_column_inner type=&#8221;1_2&#8243; saved_specialty_column_type=&#8221;2_3&#8243; _builder_version=&#8221;4.21.0&#8243; _module_preset=&#8221;default&#8221; global_colors_info=&#8221;{}&#8221;][et_pb_image src=&#8221;https:\/\/rotary.fi\/meriespoo\/wp-content\/uploads\/sites\/228\/2023\/06\/kuva-3-1024&#215;683.jpg&#8221; title_text=&#8221;kuva (3)&#8221; _builder_version=&#8221;4.21.0&#8243; _module_preset=&#8221;default&#8221; global_colors_info=&#8221;{}&#8221;][\/et_pb_image][\/et_pb_column_inner][et_pb_column_inner type=&#8221;1_2&#8243; saved_specialty_column_type=&#8221;2_3&#8243; _builder_version=&#8221;4.21.0&#8243; _module_preset=&#8221;default&#8221; global_colors_info=&#8221;{}&#8221;][et_pb_text _builder_version=&#8221;4.21.0&#8243; _module_preset=&#8221;default&#8221; global_colors_info=&#8221;{}&#8221;]<\/p>\n<p>Kokoonnumme tiistaisin kuulemaan mielenkiintoisia esitelmi\u00e4 yhteiskunnan eri sektoreilta ja edist\u00e4m\u00e4\u00e4n hyv\u00e4\u00e4 sek\u00e4 omalla paikkakunnallamme ett\u00e4 maailmanlaajuisesti. Rotareilla on yhteiset arvot ja osallistumalla klubin viikkokokouksiin tai tapahtumiin voit verkostoitua samanhenkisten eri alojen asiantuntijoiden kanssa.<\/p>\n<p>Toteutamme palveluprojekteja ja tuemme humanitaarisia projekteja koordinoivaa Rotarys\u00e4\u00e4ti\u00f6t\u00e4. Koulutamme j\u00e4seni\u00e4mme eri teht\u00e4viss\u00e4 toimimisen kautta ja kehit\u00e4mme heid\u00e4n eettist\u00e4 johtajuuttaan.<\/p>\n<p>[\/et_pb_text][\/et_pb_column_inner][\/et_pb_row_inner][et_pb_row_inner _builder_version=&#8221;4.21.0&#8243; _module_preset=&#8221;default&#8221; global_colors_info=&#8221;{}&#8221;][et_pb_column_inner saved_specialty_column_type=&#8221;2_3&#8243; _builder_version=&#8221;4.21.0&#8243; _module_preset=&#8221;default&#8221; global_colors_info=&#8221;{}&#8221;][et_pb_text admin_label=&#8221;tutustu ohjelmaan &#8221; _builder_version=&#8221;4.21.0&#8243; _module_preset=&#8221;default&#8221; global_colors_info=&#8221;{}&#8221;]<\/p>\n<h3>Tutustu ohjelmaamme<\/h3>\n<p>[\/et_pb_text][\/et_pb_column_inner][\/et_pb_row_inner][et_pb_row_inner column_structure=&#8221;1_2,1_2&#8243; _builder_version=&#8221;4.21.0&#8243; _module_preset=&#8221;default&#8221; global_colors_info=&#8221;{}&#8221;][et_pb_column_inner type=&#8221;1_2&#8243; saved_specialty_column_type=&#8221;2_3&#8243; _builder_version=&#8221;4.21.0&#8243; _module_preset=&#8221;default&#8221; global_colors_info=&#8221;{}&#8221;][et_pb_image src=&#8221;https:\/\/rotary.fi\/meriespoo\/wp-content\/uploads\/sites\/228\/2023\/06\/2020-09-03-gallen-kallela-31-1024&#215;683.jpg&#8221; title_text=&#8221;2020_09_03 Gallen-Kallela (31)&#8221; _builder_version=&#8221;4.21.0&#8243; _module_preset=&#8221;default&#8221; global_colors_info=&#8221;{}&#8221;][\/et_pb_image][\/et_pb_column_inner][et_pb_column_inner type=&#8221;1_2&#8243; saved_specialty_column_type=&#8221;2_3&#8243; _builder_version=&#8221;4.21.0&#8243; _module_preset=&#8221;default&#8221; global_colors_info=&#8221;{}&#8221;][et_pb_text _builder_version=&#8221;4.21.0&#8243; _module_preset=&#8221;default&#8221; global_colors_info=&#8221;{}&#8221;]<\/p>\n<p>Kansainv\u00e4lisen\u00e4 toimijana Rotary tarjoaa mahdollisuuksia my\u00f6s kansainv\u00e4liseen toimintaan. Viikoittaisten esitelmien lis\u00e4ksi klubillamme on kulttuuri- ja yritysvierailuja sek\u00e4 ulkomaanmatkoja.<\/p>\n<p>[\/et_pb_text][\/et_pb_column_inner][\/et_pb_row_inner][et_pb_row_inner _builder_version=&#8221;4.21.0&#8243; _module_preset=&#8221;default&#8221; global_colors_info=&#8221;{}&#8221;][et_pb_column_inner saved_specialty_column_type=&#8221;2_3&#8243; _builder_version=&#8221;4.21.0&#8243; _module_preset=&#8221;default&#8221; global_colors_info=&#8221;{}&#8221;][et_pb_text admin_label=&#8221;tuemme nuoria &#8221; _builder_version=&#8221;4.21.0&#8243; _module_preset=&#8221;default&#8221; global_colors_info=&#8221;{}&#8221;]<\/p>\n<h3>Tuemme nuoria<\/h3>\n<p>[\/et_pb_text][\/et_pb_column_inner][\/et_pb_row_inner][et_pb_row_inner column_structure=&#8221;1_2,1_2&#8243; _builder_version=&#8221;4.21.0&#8243; _module_preset=&#8221;default&#8221; global_colors_info=&#8221;{}&#8221;][et_pb_column_inner type=&#8221;1_2&#8243; saved_specialty_column_type=&#8221;2_3&#8243; _builder_version=&#8221;4.21.0&#8243; _module_preset=&#8221;default&#8221; global_colors_info=&#8221;{}&#8221;][et_pb_image src=&#8221;https:\/\/rotary.fi\/meriespoo\/wp-content\/uploads\/sites\/228\/2023\/06\/kuva-10-1024&#215;683.jpg&#8221; title_text=&#8221;kuva (10)&#8221; _builder_version=&#8221;4.21.0&#8243; _module_preset=&#8221;default&#8221; global_colors_info=&#8221;{}&#8221;][\/et_pb_image][\/et_pb_column_inner][et_pb_column_inner type=&#8221;1_2&#8243; saved_specialty_column_type=&#8221;2_3&#8243; _builder_version=&#8221;4.21.0&#8243; _module_preset=&#8221;default&#8221; global_colors_info=&#8221;{}&#8221;][et_pb_text _builder_version=&#8221;4.21.0&#8243; _module_preset=&#8221;default&#8221; global_colors_info=&#8221;{}&#8221;]<\/p>\n<p>Rotaryklubimme on keskittynyt nuoriin. Olemme l\u00e4hett\u00e4neet nuoria Rotaryn kansainv\u00e4liseen nuorisovaihtoon ja vastavuoroisesti is\u00e4nn\u00f6ineet ulkomailta tulevia vaihto-oppilaita.<\/p>\n<p>[\/et_pb_text][\/et_pb_column_inner][\/et_pb_row_inner][et_pb_row_inner _builder_version=&#8221;4.21.0&#8243; _module_preset=&#8221;default&#8221; global_colors_info=&#8221;{}&#8221;][et_pb_column_inner saved_specialty_column_type=&#8221;2_3&#8243; _builder_version=&#8221;4.21.0&#8243; _module_preset=&#8221;default&#8221; global_colors_info=&#8221;{}&#8221;][et_pb_text admin_label=&#8221;osallistumme rotareiden projekteihin&#8221; _builder_version=&#8221;4.21.0&#8243; _module_preset=&#8221;default&#8221; global_colors_info=&#8221;{}&#8221;]<\/p>\n<h3>Osallistumme rotareiden projekteihin<\/h3>\n<p>[\/et_pb_text][\/et_pb_column_inner][\/et_pb_row_inner][et_pb_row_inner column_structure=&#8221;1_2,1_2&#8243; _builder_version=&#8221;4.21.0&#8243; _module_preset=&#8221;default&#8221; global_colors_info=&#8221;{}&#8221;][et_pb_column_inner type=&#8221;1_2&#8243; saved_specialty_column_type=&#8221;2_3&#8243; _builder_version=&#8221;4.21.0&#8243; _module_preset=&#8221;default&#8221; global_colors_info=&#8221;{}&#8221;][et_pb_image src=&#8221;https:\/\/rotary.fi\/meriespoo\/wp-content\/uploads\/sites\/228\/2023\/06\/kuva-16-1024&#215;683.jpg&#8221; title_text=&#8221;kuva (16)&#8221; _builder_version=&#8221;4.21.0&#8243; _module_preset=&#8221;default&#8221; global_colors_info=&#8221;{}&#8221;][\/et_pb_image][et_pb_image src=&#8221;https:\/\/rotary.fi\/meriespoo\/wp-content\/uploads\/sites\/228\/2023\/06\/2022-10-02-silakkasoutu-1280.jpg&#8221; title_text=&#8221;2022_10_02 silakkasoutu 1280&#8243; _builder_version=&#8221;4.21.0&#8243; _module_preset=&#8221;default&#8221; global_colors_info=&#8221;{}&#8221;][\/et_pb_image][\/et_pb_column_inner][et_pb_column_inner type=&#8221;1_2&#8243; saved_specialty_column_type=&#8221;2_3&#8243; _builder_version=&#8221;4.21.0&#8243; _module_preset=&#8221;default&#8221; global_colors_info=&#8221;{}&#8221;][et_pb_text _builder_version=&#8221;4.21.0&#8243; _module_preset=&#8221;default&#8221; global_colors_info=&#8221;{}&#8221;]<\/p>\n<p>Haluamme rotareina vaikuttaa ajankohtaisiin haasteisiin. Tartumme toimeen pysyvien muutosten aikaansaamiseksi \u2013 ymp\u00e4ri maapalloa, yhteis\u00f6iss\u00e4mme ja itsess\u00e4mme. Haluamme tukea rotareiden humanitaarisia projekteja.<\/p>\n<p>Osallistumme It\u00e4meren suojeluun rotareiden sinilev\u00e4seurannan kautta ja olemme olleet mukana vuosittain Silakkasoudussa, jolla ker\u00e4t\u00e4\u00e4n varoja It\u00e4meren suojeluun. Olemme lahjoittaneet katastrofeissa kotinsa menett\u00e4neille perheille Shelterbox-laatikoissa el\u00e4misen kannalta olennaisia tarvikkeita. Osallistumme kansainv\u00e4lisen rotaryj\u00e4rjest\u00f6n kautta rotareiden ponnisteluihin polion h\u00e4vitt\u00e4miseksi maapallolta.<\/p>\n<p>[\/et_pb_text][\/et_pb_column_inner][\/et_pb_row_inner][\/et_pb_column][et_pb_column type=&#8221;1_3&#8243; _builder_version=&#8221;4.16&#8243; custom_padding=&#8221;|||&#8221; global_colors_info=&#8221;{}&#8221; custom_padding__hover=&#8221;|||&#8221;][et_pb_sidebar area=&#8221;sidebar-1&#8243; module_class=&#8221;sivupalkki_sisalto&#8221; _builder_version=&#8221;4.16&#8243; locked=&#8221;on&#8221; global_colors_info=&#8221;{}&#8221;][\/et_pb_sidebar][\/et_pb_column][\/et_pb_section]<\/p>\n","protected":false},"excerpt":{"rendered":"<p>Mit\u00e4 teemme Pyrimme vaikuttamaan ajankohtaisiin haasteisiinRotarina sinulla on mahdollisuus toimia, vaikuttaa ja tehd\u00e4 hyv\u00e4\u00e4. Lis\u00e4ksi saat mahtavan sosiaalisen verkoston ja elinik\u00e4isi\u00e4 yst\u00e4vi\u00e4 niin kotipaikkakunnaltasi kuin maailmanlaajuisesti. Voit my\u00f6s verkottua oman harrastuksesi jakavien muiden rotareiden kanssa rotareiden moninaisissa kansainv\u00e4lisiss\u00e4 harrastusryhmiss\u00e4. Haluamme vaikuttaa ajankohtaisiin haasteisiin. Osallistumme Rotaryn nuorisovaihtotoimintaan, l\u00e4hialueiden kehitt\u00e4miseen kuten It\u00e4meren suojeluun ja Rotaryj\u00e4rjest\u00f6n humanitaarisiin projekteihinKokoonnumme [&hellip;]<\/p>\n","protected":false},"author":1,"featured_media":0,"parent":0,"menu_order":0,"comment_status":"closed","ping_status":"closed","template":"","meta":{"_acf_changed":false,"_et_pb_use_builder":"on","_et_pb_old_content":"","_et_gb_content_width":"","footnotes":""},"class_list":["post-77","page","type-page","status-publish","hentry"],"acf":[],"yoast_head":"<!-- This site is optimized with the Yoast SEO plugin v27.4 - https:\/\/yoast.com\/product\/yoast-seo-wordpress\/ -->\n<title>Mit\u00e4 teemme - Meri-Espoon Rotaryklubi<\/title>\n<meta name=\"robots\" content=\"index, follow, max-snippet:-1, max-image-preview:large, max-video-preview:-1\" \/>\n<link rel=\"canonical\" href=\"https:\/\/rotary.fi\/meriespoo\/mita-teemme\/\" \/>\n<meta property=\"og:locale\" content=\"fi_FI\" \/>\n<meta property=\"og:type\" content=\"article\" \/>\n<meta property=\"og:title\" content=\"Mit\u00e4 teemme - Meri-Espoon Rotaryklubi\" \/>\n<meta property=\"og:description\" content=\"Mit\u00e4 teemme Pyrimme vaikuttamaan ajankohtaisiin haasteisiinRotarina sinulla on mahdollisuus toimia, vaikuttaa ja tehd\u00e4 hyv\u00e4\u00e4. Lis\u00e4ksi saat mahtavan sosiaalisen verkoston ja elinik\u00e4isi\u00e4 yst\u00e4vi\u00e4 niin kotipaikkakunnaltasi kuin maailmanlaajuisesti. Voit my\u00f6s verkottua oman harrastuksesi jakavien muiden rotareiden kanssa rotareiden moninaisissa kansainv\u00e4lisiss\u00e4 harrastusryhmiss\u00e4. Haluamme vaikuttaa ajankohtaisiin haasteisiin. Osallistumme Rotaryn nuorisovaihtotoimintaan, l\u00e4hialueiden kehitt\u00e4miseen kuten It\u00e4meren suojeluun ja Rotaryj\u00e4rjest\u00f6n humanitaarisiin projekteihinKokoonnumme [&hellip;]\" \/>\n<meta property=\"og:url\" content=\"https:\/\/rotary.fi\/meriespoo\/mita-teemme\/\" \/>\n<meta property=\"og:site_name\" content=\"Meri-Espoon Rotaryklubi\" \/>\n<meta property=\"article:modified_time\" content=\"2023-10-24T08:42:20+00:00\" \/>\n<meta name=\"twitter:card\" content=\"summary_large_image\" \/>\n<meta name=\"twitter:label1\" content=\"Arvioitu lukuaika\" \/>\n\t<meta name=\"twitter:data1\" content=\"3 minuuttia\" \/>\n<script type=\"application\/ld+json\" class=\"yoast-schema-graph\">{\"@context\":\"https:\\\/\\\/schema.org\",\"@graph\":[{\"@type\":\"WebPage\",\"@id\":\"https:\\\/\\\/rotary.fi\\\/meriespoo\\\/mita-teemme\\\/\",\"url\":\"https:\\\/\\\/rotary.fi\\\/meriespoo\\\/mita-teemme\\\/\",\"name\":\"Mit\u00e4 teemme - Meri-Espoon Rotaryklubi\",\"isPartOf\":{\"@id\":\"https:\\\/\\\/rotary.fi\\\/meriespoo\\\/#website\"},\"datePublished\":\"2018-08-09T11:01:56+00:00\",\"dateModified\":\"2023-10-24T08:42:20+00:00\",\"breadcrumb\":{\"@id\":\"https:\\\/\\\/rotary.fi\\\/meriespoo\\\/mita-teemme\\\/#breadcrumb\"},\"inLanguage\":\"fi\",\"potentialAction\":[{\"@type\":\"ReadAction\",\"target\":[\"https:\\\/\\\/rotary.fi\\\/meriespoo\\\/mita-teemme\\\/\"]}]},{\"@type\":\"BreadcrumbList\",\"@id\":\"https:\\\/\\\/rotary.fi\\\/meriespoo\\\/mita-teemme\\\/#breadcrumb\",\"itemListElement\":[{\"@type\":\"ListItem\",\"position\":1,\"name\":\"Home\",\"item\":\"https:\\\/\\\/rotary.fi\\\/meriespoo\\\/\"},{\"@type\":\"ListItem\",\"position\":2,\"name\":\"Mit\u00e4 teemme\"}]},{\"@type\":\"WebSite\",\"@id\":\"https:\\\/\\\/rotary.fi\\\/meriespoo\\\/#website\",\"url\":\"https:\\\/\\\/rotary.fi\\\/meriespoo\\\/\",\"name\":\"Meri-Espoon Rotaryklubi\",\"description\":\"Rotary klubisivusto\",\"potentialAction\":[{\"@type\":\"SearchAction\",\"target\":{\"@type\":\"EntryPoint\",\"urlTemplate\":\"https:\\\/\\\/rotary.fi\\\/meriespoo\\\/?s={search_term_string}\"},\"query-input\":{\"@type\":\"PropertyValueSpecification\",\"valueRequired\":true,\"valueName\":\"search_term_string\"}}],\"inLanguage\":\"fi\"}]}<\/script>\n<!-- \/ Yoast SEO plugin. -->","yoast_head_json":{"title":"Mit\u00e4 teemme - Meri-Espoon Rotaryklubi","robots":{"index":"index","follow":"follow","max-snippet":"max-snippet:-1","max-image-preview":"max-image-preview:large","max-video-preview":"max-video-preview:-1"},"canonical":"https:\/\/rotary.fi\/meriespoo\/mita-teemme\/","og_locale":"fi_FI","og_type":"article","og_title":"Mit\u00e4 teemme - Meri-Espoon Rotaryklubi","og_description":"Mit\u00e4 teemme Pyrimme vaikuttamaan ajankohtaisiin haasteisiinRotarina sinulla on mahdollisuus toimia, vaikuttaa ja tehd\u00e4 hyv\u00e4\u00e4. Lis\u00e4ksi saat mahtavan sosiaalisen verkoston ja elinik\u00e4isi\u00e4 yst\u00e4vi\u00e4 niin kotipaikkakunnaltasi kuin maailmanlaajuisesti. Voit my\u00f6s verkottua oman harrastuksesi jakavien muiden rotareiden kanssa rotareiden moninaisissa kansainv\u00e4lisiss\u00e4 harrastusryhmiss\u00e4. Haluamme vaikuttaa ajankohtaisiin haasteisiin. Osallistumme Rotaryn nuorisovaihtotoimintaan, l\u00e4hialueiden kehitt\u00e4miseen kuten It\u00e4meren suojeluun ja Rotaryj\u00e4rjest\u00f6n humanitaarisiin projekteihinKokoonnumme [&hellip;]","og_url":"https:\/\/rotary.fi\/meriespoo\/mita-teemme\/","og_site_name":"Meri-Espoon Rotaryklubi","article_modified_time":"2023-10-24T08:42:20+00:00","twitter_card":"summary_large_image","twitter_misc":{"Arvioitu lukuaika":"3 minuuttia"},"schema":{"@context":"https:\/\/schema.org","@graph":[{"@type":"WebPage","@id":"https:\/\/rotary.fi\/meriespoo\/mita-teemme\/","url":"https:\/\/rotary.fi\/meriespoo\/mita-teemme\/","name":"Mit\u00e4 teemme - Meri-Espoon Rotaryklubi","isPartOf":{"@id":"https:\/\/rotary.fi\/meriespoo\/#website"},"datePublished":"2018-08-09T11:01:56+00:00","dateModified":"2023-10-24T08:42:20+00:00","breadcrumb":{"@id":"https:\/\/rotary.fi\/meriespoo\/mita-teemme\/#breadcrumb"},"inLanguage":"fi","potentialAction":[{"@type":"ReadAction","target":["https:\/\/rotary.fi\/meriespoo\/mita-teemme\/"]}]},{"@type":"BreadcrumbList","@id":"https:\/\/rotary.fi\/meriespoo\/mita-teemme\/#breadcrumb","itemListElement":[{"@type":"ListItem","position":1,"name":"Home","item":"https:\/\/rotary.fi\/meriespoo\/"},{"@type":"ListItem","position":2,"name":"Mit\u00e4 teemme"}]},{"@type":"WebSite","@id":"https:\/\/rotary.fi\/meriespoo\/#website","url":"https:\/\/rotary.fi\/meriespoo\/","name":"Meri-Espoon Rotaryklubi","description":"Rotary klubisivusto","potentialAction":[{"@type":"SearchAction","target":{"@type":"EntryPoint","urlTemplate":"https:\/\/rotary.fi\/meriespoo\/?s={search_term_string}"},"query-input":{"@type":"PropertyValueSpecification","valueRequired":true,"valueName":"search_term_string"}}],"inLanguage":"fi"}]}},"lang":"fi","translations":{"fi":77,"en":1447},"pll_sync_post":[],"_links":{"self":[{"href":"https:\/\/rotary.fi\/meriespoo\/wp-json\/wp\/v2\/pages\/77","targetHints":{"allow":["GET"]}}],"collection":[{"href":"https:\/\/rotary.fi\/meriespoo\/wp-json\/wp\/v2\/pages"}],"about":[{"href":"https:\/\/rotary.fi\/meriespoo\/wp-json\/wp\/v2\/types\/page"}],"author":[{"embeddable":true,"href":"https:\/\/rotary.fi\/meriespoo\/wp-json\/wp\/v2\/users\/1"}],"replies":[{"embeddable":true,"href":"https:\/\/rotary.fi\/meriespoo\/wp-json\/wp\/v2\/comments?post=77"}],"version-history":[{"count":10,"href":"https:\/\/rotary.fi\/meriespoo\/wp-json\/wp\/v2\/pages\/77\/revisions"}],"predecessor-version":[{"id":2399,"href":"https:\/\/rotary.fi\/meriespoo\/wp-json\/wp\/v2\/pages\/77\/revisions\/2399"}],"wp:attachment":[{"href":"https:\/\/rotary.fi\/meriespoo\/wp-json\/wp\/v2\/media?parent=77"}],"curies":[{"name":"wp","href":"https:\/\/api.w.org\/{rel}","templated":true}]}}