{"id":2148,"date":"2023-09-07T10:33:28","date_gmt":"2023-09-07T07:33:28","guid":{"rendered":"https:\/\/rotary.fi\/meriespoo\/?page_id=2148"},"modified":"2025-07-05T17:43:55","modified_gmt":"2025-07-05T14:43:55","slug":"ohjeet-klubin-jasenille","status":"publish","type":"page","link":"https:\/\/rotary.fi\/meriespoo\/ohjeet-klubin-jasenille\/","title":{"rendered":"Ohjeet klubin j\u00e4senille"},"content":{"rendered":"<p>Klubimme j\u00e4senille tiedoksi seuraavat ohjeet:<\/p>\n<p>(1) <strong>viikkokokousohjelma<\/strong> l\u00f6ytyy klubin verkkosivuilta joko etusivulta <a href=\"https:\/\/rotary.fi\/meriespoo\/\">https:\/\/rotary.fi\/meriespoo\/<\/a> tai tapahtumakalenterista <a href=\"https:\/\/rotary.fi\/meriespoo\/ajankohtaista\/tapahtumakalenteri\/\">https:\/\/rotary.fi\/meriespoo\/ajankohtaista\/tapahtumakalenteri\/<\/a>. Ohjelmasuunnittelun tueksi on erillinen sivu <a href=\"https:\/\/rotary.fi\/meriespoo\/klubin-ohjelma\/\">https:\/\/rotary.fi\/meriespoo\/klubin-ohjelma\/<\/a>\u00a0 jossa on linkki kuluvan vuoden kaikkiin tapahtumiin.<\/p>\n<p>(2) Klubilla on <strong>arkisto<\/strong> Googlen Drive-palvelussa. Arkistosta l\u00f6ytyy viikkokokousten aineistoja.<\/p>\n<p>(3) Klubille on perustettu <strong>Facebook-sivu<\/strong> @meriespoo ja klubin j\u00e4senten keskustelua varten <strong>Facebook-ryhm\u00e4<\/strong> &#8221;Meri-Espoon rotarit&#8221;, johon kaikki ryhm\u00e4n j\u00e4senet voivat l\u00e4hett\u00e4\u00e4 kuvia tai kirjoittaa viestej\u00e4.<\/p>\n","protected":false},"excerpt":{"rendered":"<p>Klubimme j\u00e4senille tiedoksi seuraavat ohjeet: (1) viikkokokousohjelma l\u00f6ytyy klubin verkkosivuilta joko etusivulta https:\/\/rotary.fi\/meriespoo\/ tai tapahtumakalenterista https:\/\/rotary.fi\/meriespoo\/ajankohtaista\/tapahtumakalenteri\/. Ohjelmasuunnittelun tueksi on erillinen sivu https:\/\/rotary.fi\/meriespoo\/klubin-ohjelma\/\u00a0 jossa on linkki kuluvan vuoden kaikkiin tapahtumiin. (2) Klubilla on arkisto Googlen Drive-palvelussa. Arkistosta l\u00f6ytyy viikkokokousten aineistoja. (3) Klubille on perustettu Facebook-sivu @meriespoo ja klubin j\u00e4senten keskustelua varten Facebook-ryhm\u00e4 &#8221;Meri-Espoon rotarit&#8221;, johon kaikki [&hellip;]<\/p>\n","protected":false},"author":26,"featured_media":0,"parent":0,"menu_order":0,"comment_status":"closed","ping_status":"closed","template":"","meta":{"_acf_changed":false,"_et_pb_use_builder":"","_et_pb_old_content":"","_et_gb_content_width":"","footnotes":""},"class_list":["post-2148","page","type-page","status-publish","hentry"],"acf":[],"yoast_head":"<!-- This site is optimized with the Yoast SEO plugin v27.0 - https:\/\/yoast.com\/product\/yoast-seo-wordpress\/ -->\n<title>Ohjeet klubin j\u00e4senille - Meri-Espoon Rotaryklubi<\/title>\n<meta name=\"robots\" content=\"index, follow, max-snippet:-1, max-image-preview:large, max-video-preview:-1\" \/>\n<link rel=\"canonical\" href=\"https:\/\/rotary.fi\/meriespoo\/ohjeet-klubin-jasenille\/\" \/>\n<meta property=\"og:locale\" content=\"fi_FI\" \/>\n<meta property=\"og:type\" content=\"article\" \/>\n<meta property=\"og:title\" content=\"Ohjeet klubin j\u00e4senille - Meri-Espoon Rotaryklubi\" \/>\n<meta property=\"og:description\" content=\"Klubimme j\u00e4senille tiedoksi seuraavat ohjeet: (1) viikkokokousohjelma l\u00f6ytyy klubin verkkosivuilta joko etusivulta https:\/\/rotary.fi\/meriespoo\/ tai tapahtumakalenterista https:\/\/rotary.fi\/meriespoo\/ajankohtaista\/tapahtumakalenteri\/. Ohjelmasuunnittelun tueksi on erillinen sivu https:\/\/rotary.fi\/meriespoo\/klubin-ohjelma\/\u00a0 jossa on linkki kuluvan vuoden kaikkiin tapahtumiin. (2) Klubilla on arkisto Googlen Drive-palvelussa. Arkistosta l\u00f6ytyy viikkokokousten aineistoja. (3) Klubille on perustettu Facebook-sivu @meriespoo ja klubin j\u00e4senten keskustelua varten Facebook-ryhm\u00e4 &#8221;Meri-Espoon rotarit&#8221;, johon kaikki [&hellip;]\" \/>\n<meta property=\"og:url\" content=\"https:\/\/rotary.fi\/meriespoo\/ohjeet-klubin-jasenille\/\" \/>\n<meta property=\"og:site_name\" content=\"Meri-Espoon Rotaryklubi\" \/>\n<meta property=\"article:modified_time\" content=\"2025-07-05T14:43:55+00:00\" \/>\n<meta name=\"twitter:card\" content=\"summary_large_image\" \/>\n<meta name=\"twitter:label1\" content=\"Arvioitu lukuaika\" \/>\n\t<meta name=\"twitter:data1\" content=\"1 minuutti\" \/>\n<script type=\"application\/ld+json\" class=\"yoast-schema-graph\">{\"@context\":\"https:\/\/schema.org\",\"@graph\":[{\"@type\":\"WebPage\",\"@id\":\"https:\/\/rotary.fi\/meriespoo\/ohjeet-klubin-jasenille\/\",\"url\":\"https:\/\/rotary.fi\/meriespoo\/ohjeet-klubin-jasenille\/\",\"name\":\"Ohjeet klubin j\u00e4senille - Meri-Espoon Rotaryklubi\",\"isPartOf\":{\"@id\":\"https:\/\/rotary.fi\/meriespoo\/#website\"},\"datePublished\":\"2023-09-07T07:33:28+00:00\",\"dateModified\":\"2025-07-05T14:43:55+00:00\",\"breadcrumb\":{\"@id\":\"https:\/\/rotary.fi\/meriespoo\/ohjeet-klubin-jasenille\/#breadcrumb\"},\"inLanguage\":\"fi\",\"potentialAction\":[{\"@type\":\"ReadAction\",\"target\":[\"https:\/\/rotary.fi\/meriespoo\/ohjeet-klubin-jasenille\/\"]}]},{\"@type\":\"BreadcrumbList\",\"@id\":\"https:\/\/rotary.fi\/meriespoo\/ohjeet-klubin-jasenille\/#breadcrumb\",\"itemListElement\":[{\"@type\":\"ListItem\",\"position\":1,\"name\":\"Home\",\"item\":\"https:\/\/rotary.fi\/meriespoo\/\"},{\"@type\":\"ListItem\",\"position\":2,\"name\":\"Ohjeet klubin j\u00e4senille\"}]},{\"@type\":\"WebSite\",\"@id\":\"https:\/\/rotary.fi\/meriespoo\/#website\",\"url\":\"https:\/\/rotary.fi\/meriespoo\/\",\"name\":\"Meri-Espoon Rotaryklubi\",\"description\":\"Rotary klubisivusto\",\"potentialAction\":[{\"@type\":\"SearchAction\",\"target\":{\"@type\":\"EntryPoint\",\"urlTemplate\":\"https:\/\/rotary.fi\/meriespoo\/?s={search_term_string}\"},\"query-input\":{\"@type\":\"PropertyValueSpecification\",\"valueRequired\":true,\"valueName\":\"search_term_string\"}}],\"inLanguage\":\"fi\"}]}<\/script>\n<!-- \/ Yoast SEO plugin. -->","yoast_head_json":{"title":"Ohjeet klubin j\u00e4senille - Meri-Espoon Rotaryklubi","robots":{"index":"index","follow":"follow","max-snippet":"max-snippet:-1","max-image-preview":"max-image-preview:large","max-video-preview":"max-video-preview:-1"},"canonical":"https:\/\/rotary.fi\/meriespoo\/ohjeet-klubin-jasenille\/","og_locale":"fi_FI","og_type":"article","og_title":"Ohjeet klubin j\u00e4senille - Meri-Espoon Rotaryklubi","og_description":"Klubimme j\u00e4senille tiedoksi seuraavat ohjeet: (1) viikkokokousohjelma l\u00f6ytyy klubin verkkosivuilta joko etusivulta https:\/\/rotary.fi\/meriespoo\/ tai tapahtumakalenterista https:\/\/rotary.fi\/meriespoo\/ajankohtaista\/tapahtumakalenteri\/. Ohjelmasuunnittelun tueksi on erillinen sivu https:\/\/rotary.fi\/meriespoo\/klubin-ohjelma\/\u00a0 jossa on linkki kuluvan vuoden kaikkiin tapahtumiin. (2) Klubilla on arkisto Googlen Drive-palvelussa. Arkistosta l\u00f6ytyy viikkokokousten aineistoja. (3) Klubille on perustettu Facebook-sivu @meriespoo ja klubin j\u00e4senten keskustelua varten Facebook-ryhm\u00e4 &#8221;Meri-Espoon rotarit&#8221;, johon kaikki [&hellip;]","og_url":"https:\/\/rotary.fi\/meriespoo\/ohjeet-klubin-jasenille\/","og_site_name":"Meri-Espoon Rotaryklubi","article_modified_time":"2025-07-05T14:43:55+00:00","twitter_card":"summary_large_image","twitter_misc":{"Arvioitu lukuaika":"1 minuutti"},"schema":{"@context":"https:\/\/schema.org","@graph":[{"@type":"WebPage","@id":"https:\/\/rotary.fi\/meriespoo\/ohjeet-klubin-jasenille\/","url":"https:\/\/rotary.fi\/meriespoo\/ohjeet-klubin-jasenille\/","name":"Ohjeet klubin j\u00e4senille - Meri-Espoon Rotaryklubi","isPartOf":{"@id":"https:\/\/rotary.fi\/meriespoo\/#website"},"datePublished":"2023-09-07T07:33:28+00:00","dateModified":"2025-07-05T14:43:55+00:00","breadcrumb":{"@id":"https:\/\/rotary.fi\/meriespoo\/ohjeet-klubin-jasenille\/#breadcrumb"},"inLanguage":"fi","potentialAction":[{"@type":"ReadAction","target":["https:\/\/rotary.fi\/meriespoo\/ohjeet-klubin-jasenille\/"]}]},{"@type":"BreadcrumbList","@id":"https:\/\/rotary.fi\/meriespoo\/ohjeet-klubin-jasenille\/#breadcrumb","itemListElement":[{"@type":"ListItem","position":1,"name":"Home","item":"https:\/\/rotary.fi\/meriespoo\/"},{"@type":"ListItem","position":2,"name":"Ohjeet klubin j\u00e4senille"}]},{"@type":"WebSite","@id":"https:\/\/rotary.fi\/meriespoo\/#website","url":"https:\/\/rotary.fi\/meriespoo\/","name":"Meri-Espoon Rotaryklubi","description":"Rotary klubisivusto","potentialAction":[{"@type":"SearchAction","target":{"@type":"EntryPoint","urlTemplate":"https:\/\/rotary.fi\/meriespoo\/?s={search_term_string}"},"query-input":{"@type":"PropertyValueSpecification","valueRequired":true,"valueName":"search_term_string"}}],"inLanguage":"fi"}]}},"lang":"fi","translations":{"fi":2148},"pll_sync_post":[],"_links":{"self":[{"href":"https:\/\/rotary.fi\/meriespoo\/wp-json\/wp\/v2\/pages\/2148","targetHints":{"allow":["GET"]}}],"collection":[{"href":"https:\/\/rotary.fi\/meriespoo\/wp-json\/wp\/v2\/pages"}],"about":[{"href":"https:\/\/rotary.fi\/meriespoo\/wp-json\/wp\/v2\/types\/page"}],"author":[{"embeddable":true,"href":"https:\/\/rotary.fi\/meriespoo\/wp-json\/wp\/v2\/users\/26"}],"replies":[{"embeddable":true,"href":"https:\/\/rotary.fi\/meriespoo\/wp-json\/wp\/v2\/comments?post=2148"}],"version-history":[{"count":4,"href":"https:\/\/rotary.fi\/meriespoo\/wp-json\/wp\/v2\/pages\/2148\/revisions"}],"predecessor-version":[{"id":2165,"href":"https:\/\/rotary.fi\/meriespoo\/wp-json\/wp\/v2\/pages\/2148\/revisions\/2165"}],"wp:attachment":[{"href":"https:\/\/rotary.fi\/meriespoo\/wp-json\/wp\/v2\/media?parent=2148"}],"curies":[{"name":"wp","href":"https:\/\/api.w.org\/{rel}","templated":true}]}}