{"id":1777,"date":"2023-06-01T21:01:12","date_gmt":"2023-06-01T18:01:12","guid":{"rendered":"https:\/\/rotary.fi\/meriespoo\/?page_id=1777"},"modified":"2024-05-30T12:19:35","modified_gmt":"2024-05-30T09:19:35","slug":"ohjelma-2023-2024","status":"publish","type":"page","link":"https:\/\/rotary.fi\/meriespoo\/ohjelma-2023-2024\/","title":{"rendered":"Rotaryvuoden 2023-2024 ohjelma"},"content":{"rendered":"<p>[et_pb_section fb_built=&#8221;1&#8243; module_class=&#8221;jumbotron-page&#8221; _builder_version=&#8221;4.22.1&#8243; background_image=&#8221;https:\/\/rotary.fi\/meriespoo\/wp-content\/uploads\/sites\/228\/2023\/06\/kuva-10-1024&#215;683.jpg&#8221; global_colors_info=&#8221;{}&#8221;][et_pb_row _builder_version=&#8221;4.22.1&#8243; background_size=&#8221;initial&#8221; background_position=&#8221;top_left&#8221; background_repeat=&#8221;repeat&#8221; global_colors_info=&#8221;{}&#8221;][et_pb_column type=&#8221;4_4&#8243; _builder_version=&#8221;4.16&#8243; custom_padding=&#8221;|||&#8221; global_colors_info=&#8221;{}&#8221; custom_padding__hover=&#8221;|||&#8221;][et_pb_text admin_label=&#8221;P\u00e4\u00e4otsikko&#8221; _builder_version=&#8221;4.21.0&#8243; text_orientation=&#8221;center&#8221; background_layout=&#8221;dark&#8221; global_colors_info=&#8221;{}&#8221;]<\/p>\n<h1>Rotaryvuoden 2023- 2024 ohjelma<\/h1>\n<p>[\/et_pb_text][\/et_pb_column][\/et_pb_row][\/et_pb_section][et_pb_section fb_built=&#8221;1&#8243; specialty=&#8221;on&#8221; module_class_2=&#8221;sivupalkki&#8221; _builder_version=&#8221;4.21.0&#8243; global_colors_info=&#8221;{}&#8221;][et_pb_column type=&#8221;2_3&#8243; specialty_columns=&#8221;2&#8243; _builder_version=&#8221;4.16&#8243; custom_padding=&#8221;|||&#8221; global_colors_info=&#8221;{}&#8221; custom_padding__hover=&#8221;|||&#8221;][et_pb_row_inner admin_label=&#8221;Rivi&#8221; _builder_version=&#8221;4.21.0&#8243; global_colors_info=&#8221;{}&#8221;][et_pb_column_inner saved_specialty_column_type=&#8221;2_3&#8243; _builder_version=&#8221;4.21.0&#8243; custom_padding=&#8221;|||&#8221; global_colors_info=&#8221;{}&#8221; custom_padding__hover=&#8221;|||&#8221;][et_pb_text admin_label=&#8221;Syksy 2023&#8243; _builder_version=&#8221;4.21.0&#8243; text_orientation=&#8221;center&#8221; min_height=&#8221;78px&#8221; custom_margin=&#8221;||20px|||&#8221; global_colors_info=&#8221;{}&#8221;]<\/p>\n<h5 style=\"text-align: left\">Presidentti: Pekka Saukkonen<\/h5>\n<p>&nbsp;<\/p>\n<p style=\"text-align: left\"><strong>Syksy 2023<\/strong><\/p>\n<p>[\/et_pb_text][et_pb_text admin_label=&#8221;Taulukko&#8221; _builder_version=&#8221;4.22.1&#8243; _module_preset=&#8221;default&#8221; text_font_size=&#8221;12px&#8221; text_line_height=&#8221;1.4em&#8221; global_colors_info=&#8221;{}&#8221;]<\/p>\n<table class=\" alignleft\">\n<tbody>\n<tr style=\"height: 34px\">\n<td style=\"width: 20.43%;height: 34px\"><strong>P\u00e4iv\u00e4<\/strong><strong>m\u00e4\u00e4r\u00e4<\/strong><\/td>\n<td style=\"width: 54.1219%;height: 34px\"><strong>Aihe<\/strong><\/td>\n<td style=\"width: 25.448%;height: 34px\"><strong>Vastuuhenkil\u00f6<\/strong><\/td>\n<\/tr>\n<tr style=\"height: 34px\">\n<td style=\"width: 20.43%;height: 34px\">22.8.<\/td>\n<td style=\"width: 54.1219%;height: 34px\">Espoo ja luonto, vieraana Joel Vanhanen<\/td>\n<td style=\"width: 25.448%;height: 34px\">Pekka Saukkonen<\/td>\n<\/tr>\n<tr style=\"height: 0px\">\n<td style=\"width: 20.43%;height: 34px\">29.8.<\/td>\n<td style=\"width: 54.1219%;height: 34px\">Klubin presidentti Pekka Saukkonen esitt\u00e4ytyy<\/td>\n<td style=\"width: 25.448%;height: 34px\">Pekka Saukkonen<\/td>\n<\/tr>\n<tr style=\"height: 0px\">\n<td style=\"width: 20.43%;height: 0px\">5.9<\/td>\n<td style=\"width: 54.1219%;height: 0px\">Mit\u00e4 Suomen p\u00f6lytt\u00e4jille kuuluu, vieraana Janne Heli\u00f6l\u00e4 SYKE<\/td>\n<td style=\"width: 25.448%;height: 0px\">Heidi Kinnunen<\/td>\n<\/tr>\n<tr style=\"height: 34px\">\n<td style=\"width: 20.43%;height: 34px\">12.9.<\/td>\n<td style=\"width: 54.1219%;height: 34px\">Lepp\u00e4vaaran Rotaryklubin syysseminaari<\/td>\n<td style=\"width: 25.448%;height: 34px\">Pekka Saukkonen<\/td>\n<\/tr>\n<tr style=\"height: 34px\">\n<td style=\"width: 20.43%;height: 34px\">19.9.<\/td>\n<td style=\"width: 54.1219%;height: 34px\">Rapujuhlat &#8211; AVEC<\/td>\n<td style=\"width: 25.448%;height: 34px\">Heidi Kinnunen<\/td>\n<\/tr>\n<tr style=\"height: 34px\">\n<td style=\"width: 20.43%;height: 34px\">21.9.<\/td>\n<td style=\"width: 54.1219%;height: 34px\">Kiova &#8211; silta it\u00e4\u00e4n ja l\u00e4nteen<\/td>\n<td style=\"width: 25.448%;height: 34px\"><\/td>\n<\/tr>\n<tr style=\"height: 34px\">\n<td style=\"width: 20.43%;height: 34px\">26.9.<\/td>\n<td style=\"width: 54.1219%;height: 34px\">Syyskokous<\/td>\n<td style=\"width: 25.448%;height: 34px\">Pekka Saukkonen<\/td>\n<\/tr>\n<tr style=\"height: 34px\">\n<td style=\"width: 20.43%;height: 0px\">1.10.<\/td>\n<td style=\"width: 54.1219%;height: 34px\">Silakkasoutu<\/td>\n<td style=\"width: 25.448%;height: 0px\">Kalevi Hauvonen<\/td>\n<\/tr>\n<tr style=\"height: 34px\">\n<td style=\"width: 20.43%;height: 34px\">3.10.<\/td>\n<td style=\"width: 54.1219%;height: 34px\">Ei\u00a0 kokousta<\/td>\n<td style=\"width: 25.448%;height: 34px\"><\/td>\n<\/tr>\n<tr style=\"height: 34px\">\n<td style=\"width: 20.43%;height: 34px\">10.10.<\/td>\n<td style=\"width: 54.1219%;height: 34px\">Energiahumahdus, vieraana Janne Korhonen<\/td>\n<td style=\"width: 25.448%;height: 34px\">Heidi Kinnunen<\/td>\n<\/tr>\n<tr style=\"height: 34px\">\n<td style=\"width: 20.43%;height: 34px\">17.10.<\/td>\n<td style=\"width: 54.1219%;height: 34px\">Argentiinalainen vaihto-oppilas Ciro esitt\u00e4ytyy ja Rotaryperehdytys<\/td>\n<td style=\"width: 25.448%;height: 34px\">Liisa Paavilainen ja Martin Heinrichs<\/td>\n<\/tr>\n<tr style=\"height: 34px\">\n<td style=\"width: 20.43%;height: 34px\">24.10.<\/td>\n<td style=\"width: 54.1219%;height: 34px\">Ego-esitys Tayana Pitschulina ja Rotaryperehdytys<\/td>\n<td style=\"width: 25.448%;height: 34px\">Tayana Pitschulina ja Martin Heinrichs<\/td>\n<\/tr>\n<tr style=\"height: 34px\">\n<td style=\"width: 20.43%;height: 34px\">31.10.<\/td>\n<td style=\"width: 54.1219%;height: 34px\">Ego-esitys Marja Isokangas ja Rotaryperehdytys<\/td>\n<td style=\"width: 25.448%;height: 34px\">Marja Isokangas ja Martin Heinrichs<\/td>\n<\/tr>\n<tr style=\"height: 34px\">\n<td style=\"width: 20.43%;height: 34px\">7.11.<\/td>\n<td style=\"width: 54.1219%;height: 34px\"><span style=\"font-family: -apple-system,system-ui,BlinkMacSystemFont,'Segoe UI',Roboto,'Helvetica Neue','Fira Sans',Ubuntu,Oxygen,'Oxygen Sans',Cantarell,'Droid Sans','Apple Color Emoji','Segoe UI Emoji','Segoe UI Emoji','Segoe UI Symbol','Lucida Grande',Helvetica,Arial,sans-serif;font-size: 14px\">Teko\u00e4ly eilen, t\u00e4n\u00e4\u00e4n ja huomenna<\/span>, vieraana Petteri J\u00e4rvinen<\/td>\n<td style=\"width: 25.448%;height: 34px\">Heidi Kinnunen<\/td>\n<\/tr>\n<tr style=\"height: 34px\">\n<td style=\"width: 20.43%;height: 34px\">14.11.<\/td>\n<td style=\"width: 54.1219%;height: 34px\">Vierailu Rafael Wardi- n\u00e4yttelyyn &#8211; AVEC<\/td>\n<td style=\"width: 25.448%;height: 34px\">Leena Arimo<\/td>\n<\/tr>\n<tr style=\"height: 34px\">\n<td style=\"width: 20.43%;height: 34px\">21.11.<\/td>\n<td style=\"width: 54.1219%;height: 34px\">\u00a0Kuvern\u00f6\u00f6ri Ritva Semin vierailu<\/td>\n<td style=\"width: 25.448%;height: 34px\">Pekka Saukkonen<\/td>\n<\/tr>\n<tr style=\"height: 34px\">\n<td style=\"width: 20.43%;height: 34px\">28.11.<\/td>\n<td style=\"width: 54.1219%;height: 34px\">\u00a0Vaikutelmia Euraasian kierrokselta 2009-2010<\/td>\n<td style=\"width: 25.448%;height: 34px\">Markku Tahkokorpi<\/td>\n<\/tr>\n<tr style=\"height: 34px\">\n<td style=\"width: 20.43%;height: 34px\">6.12.<\/td>\n<td style=\"width: 54.1219%;height: 34px\">Seppeleen lasku<\/td>\n<td style=\"width: 25.448%;height: 34px\">Pekka Saukkonen<\/td>\n<\/tr>\n<tr style=\"height: 34px\">\n<td style=\"width: 20.43%;height: 34px\">12.12.<\/td>\n<td style=\"width: 54.1219%;height: 34px\">Jouluillallinen<\/td>\n<td style=\"width: 25.448%;height: 34px\"><\/td>\n<\/tr>\n<tr style=\"height: 34px\">\n<td style=\"width: 20.43%;height: 34px\"><\/td>\n<td style=\"width: 54.1219%;height: 34px\"><\/td>\n<td style=\"width: 25.448%;height: 34px\"><\/td>\n<\/tr>\n<\/tbody>\n<\/table>\n<p>[\/et_pb_text][\/et_pb_column_inner][\/et_pb_row_inner][et_pb_row_inner admin_label=&#8221;Rivi&#8221; _builder_version=&#8221;4.21.0&#8243; global_colors_info=&#8221;{}&#8221;][et_pb_column_inner saved_specialty_column_type=&#8221;2_3&#8243; _builder_version=&#8221;4.21.0&#8243; custom_padding=&#8221;|||&#8221; global_colors_info=&#8221;{}&#8221; custom_padding__hover=&#8221;|||&#8221;][et_pb_text admin_label=&#8221;Kev\u00e4t 2023&#8243; _builder_version=&#8221;4.22.1&#8243; text_orientation=&#8221;center&#8221; min_height=&#8221;34px&#8221; custom_margin=&#8221;||0px||false|false&#8221; global_colors_info=&#8221;{}&#8221;]<\/p>\n<p style=\"text-align: left\"><strong>Kev\u00e4t 2024<\/strong><\/p>\n<p>[\/et_pb_text][et_pb_text admin_label=&#8221;Taulukko&#8221; _builder_version=&#8221;4.25.1&#8243; _module_preset=&#8221;default&#8221; text_font_size=&#8221;12px&#8221; text_line_height=&#8221;1.4em&#8221; global_colors_info=&#8221;{}&#8221;]<\/p>\n<table>\n<tbody>\n<tr style=\"height: 34px\">\n<td style=\"width: 94.4833px;height: 34px\"><strong>P\u00e4iv\u00e4<\/strong><strong>m\u00e4\u00e4r\u00e4<\/strong><\/td>\n<td style=\"width: 237.833px;height: 34px\"><strong>Aihe<\/strong><\/td>\n<td style=\"width: 116.35px;height: 34px\"><strong>Vastuuhenkil\u00f6<\/strong><\/td>\n<\/tr>\n<tr style=\"height: 34px\">\n<td style=\"width: 94.4833px;height: 34px\">16.1.<\/td>\n<td style=\"width: 237.833px;height: 34px\">Autoilin s\u00e4hk\u00f6istyminen, vieraana Maija Koskela, Helkama-auto Oy<\/td>\n<td style=\"width: 116.35px;height: 34px\">\u00a0Jorma Alanko<\/td>\n<\/tr>\n<tr style=\"height: 0px\">\n<td style=\"width: 94.4833px;height: 34px\">23.1.<\/td>\n<td style=\"width: 237.833px;height: 34px\">Minne maailma on menossa, vieraana Pekka Reinikainen SPR<\/td>\n<td style=\"width: 116.35px;height: 34px\">Pekka Saukkonen<\/td>\n<\/tr>\n<tr style=\"height: 0px\">\n<td style=\"width: 94.4833px;height: 0px\">30.1.<\/td>\n<td style=\"width: 237.833px;height: 0px\">Kokemuksia rotareiden Namibia-projektista<\/td>\n<td style=\"width: 116.35px;height: 0px\">Martin Heinrichs<\/td>\n<\/tr>\n<tr style=\"height: 34px\">\n<td style=\"width: 94.4833px;height: 34px\">6.2.<\/td>\n<td style=\"width: 237.833px;height: 34px\">Lasten ja nuorten mielenterveys, vieraana Eija Mattila<\/td>\n<td style=\"width: 116.35px;height: 34px\">Teuvo Mets\u00e4pelto<\/td>\n<\/tr>\n<tr style=\"height: 34px\">\n<td style=\"width: 94.4833px;height: 34px\">13.2.<\/td>\n<td style=\"width: 237.833px;height: 34px\">Uusiutuva energia Suomessa ja maailmalla, vieraana Martti Malmivirta, Korkia Oy<\/td>\n<td style=\"width: 116.35px;height: 34px\">Pekka Saukkonen<\/td>\n<\/tr>\n<tr style=\"height: 34px\">\n<td style=\"width: 94.4833px;height: 34px\">20.2.<\/td>\n<td style=\"width: 237.833px;height: 34px\">Helsingin suurpommitukset 1944, vieraana Esa Kokko<\/td>\n<td style=\"width: 116.35px;height: 34px\">Jorma Alanko<\/td>\n<\/tr>\n<tr style=\"height: 34px\">\n<td style=\"width: 94.4833px;height: 34px\">27.2.<\/td>\n<td style=\"width: 237.833px;height: 34px\">Kokemuksia rotarykes\u00e4vaihdosta<\/td>\n<td style=\"width: 116.35px;height: 34px\">Liisa Paavilainen<\/td>\n<\/tr>\n<tr style=\"height: 34px\">\n<td style=\"width: 94.4833px;height: 0px\">5.3.<\/td>\n<td style=\"width: 237.833px;height: 34px\">Egoesitys &#8211; Toni Korpim\u00e4ki<\/td>\n<td style=\"width: 116.35px;height: 0px\">Pekka Saukkonen<\/td>\n<\/tr>\n<tr style=\"height: 34px\">\n<td style=\"width: 94.4833px;height: 34px\">12.3.<\/td>\n<td style=\"width: 237.833px;height: 34px\">Vierailu Didrichsenin taidemuseon Nordean taides\u00e4\u00e4ti\u00f6n n\u00e4yttelyyn , AVEC<\/td>\n<td style=\"width: 116.35px;height: 34px\">Leena Arimo<\/td>\n<\/tr>\n<tr style=\"height: 34px\">\n<td style=\"width: 94.4833px;height: 34px\">19.3.<\/td>\n<td style=\"width: 237.833px;height: 34px\">Ei kokousta<\/td>\n<td style=\"width: 116.35px;height: 34px\">\u00a0<\/td>\n<\/tr>\n<tr style=\"height: 34px\">\n<td style=\"width: 94.4833px;height: 34px\">26.3.<\/td>\n<td style=\"width: 237.833px;height: 34px\">Ajankohtaista asiaa Euroopan parlamentista, vieraana Henna Virkkunen<\/td>\n<td style=\"width: 116.35px;height: 34px\">Maria Sipil\u00e4<\/td>\n<\/tr>\n<tr style=\"height: 34px\">\n<td style=\"width: 94.4833px;height: 34px\">2.4.<\/td>\n<td style=\"width: 237.833px;height: 34px\">Ilmastomuutoksen nykytila &#8211; webinaariesitys ja keskustelu klubimme toimista<\/td>\n<td style=\"width: 116.35px;height: 34px\">Kari Tilli<\/td>\n<\/tr>\n<tr style=\"height: 34px\">\n<td style=\"width: 94.4833px;height: 34px\">9.4.<\/td>\n<td style=\"width: 237.833px;height: 34px\">Ukrainan sodan taustat, vieraana Laura Reinil\u00e4<\/td>\n<td style=\"width: 116.35px;height: 34px\">Pekka Saukkonen<\/td>\n<\/tr>\n<tr style=\"height: 34px\">\n<td style=\"width: 94.4833px;height: 34px\">16.4.<\/td>\n<td style=\"width: 237.833px;height: 34px\">Egoesitys &#8211; P\u00e4ivi Korpim\u00e4ki<\/td>\n<td style=\"width: 116.35px;height: 34px\">Pekka Saukkonen<\/td>\n<\/tr>\n<tr style=\"height: 34px\">\n<td style=\"width: 94.4833px;height: 34px\">24.4.<\/td>\n<td style=\"width: 237.833px;height: 34px\">April Jazz tapahtuma<\/td>\n<td style=\"width: 116.35px;height: 34px\">Jorma Alanko<\/td>\n<\/tr>\n<tr style=\"height: 34px\">\n<td style=\"width: 94.4833px;height: 34px\">30.4.<\/td>\n<td style=\"width: 237.833px;height: 34px\">Vapunaatto &#8211; ei kokousta<\/td>\n<td style=\"width: 116.35px;height: 34px\">\u00a0<\/td>\n<\/tr>\n<tr style=\"height: 34px\">\n<td style=\"width: 94.4833px;height: 34px\">7.5.<\/td>\n<td style=\"width: 237.833px;height: 34px\">Vaihtoon l\u00e4htev\u00e4 Elsi Etel\u00e4aho esitt\u00e4ytyy ja ilmastowebinaarin 2. osa<\/td>\n<td style=\"width: 116.35px;height: 34px\">Liisa Paavilainen<\/td>\n<\/tr>\n<tr style=\"height: 34px\">\n<td style=\"width: 94.4833px;height: 34px\">14.5.<\/td>\n<td style=\"width: 237.833px;height: 34px\">Kev\u00e4tkokous<\/td>\n<td style=\"width: 116.35px;height: 34px\">Pekka Saukkonen<\/td>\n<\/tr>\n<tr style=\"height: 34px\">\n<td style=\"width: 94.4833px;height: 34px\">21.5.<\/td>\n<td style=\"width: 237.833px;height: 34px\">Kokemuksia vaihto-oppilasvuodesta ja kes\u00e4vaihtoon l\u00e4htevien esittely<\/td>\n<td style=\"width: 116.35px;height: 34px\">Liisa Paavilainen<\/td>\n<\/tr>\n<tr style=\"height: 34px\">\n<td style=\"width: 94.4833px;height: 34px\">28.5.<\/td>\n<td style=\"width: 237.833px;height: 34px\">Yritysvierailu &#8211; Steripolar Oy<\/td>\n<td style=\"width: 116.35px;height: 34px\">Pekka Saukkonen<\/td>\n<\/tr>\n<tr style=\"height: 34px\">\n<td style=\"width: 94.4833px;height: 34px\">4.6.<\/td>\n<td style=\"width: 237.833px;height: 34px\">Aivot on t\u00e4rkein p\u00e4\u00e4omamme, vieraana Janne Bj\u00f6rn Aivos\u00e4\u00e4ti\u00f6st\u00e4<\/td>\n<td style=\"width: 116.35px;height: 34px\">Pekka Saukkonen<\/td>\n<\/tr>\n<tr style=\"height: 34px\">\n<td style=\"width: 94.4833px;height: 34px\">11.6.<\/td>\n<td style=\"width: 237.833px;height: 34px\">Klubin projektit &#8211; katsaukset menossaoleviin ja uusiin projekteihin<\/td>\n<td style=\"width: 116.35px;height: 34px\">Pekka Saukkonen<\/td>\n<\/tr>\n<tr style=\"height: 34px\">\n<td style=\"width: 94.4833px;height: 34px\">18.6.<\/td>\n<td style=\"width: 237.833px;height: 34px\">Presidentin k\u00e4\u00e4tyjen vaihtotilaisuus -AVEC<\/td>\n<td style=\"width: 116.35px;height: 34px\">Pekka Saukkonen<\/td>\n<\/tr>\n<\/tbody>\n<\/table>\n<p>&nbsp;<\/p>\n<p>[\/et_pb_text][\/et_pb_column_inner][\/et_pb_row_inner][\/et_pb_column][et_pb_column type=&#8221;1_3&#8243; _builder_version=&#8221;4.16&#8243; custom_padding=&#8221;|||&#8221; global_colors_info=&#8221;{}&#8221; custom_padding__hover=&#8221;|||&#8221;][et_pb_sidebar area=&#8221;sidebar-1&#8243; admin_label=&#8221;Sivupalkki&#8221; module_class=&#8221;sivupalkki_sisalto&#8221; _builder_version=&#8221;4.16&#8243; locked=&#8221;on&#8221; global_colors_info=&#8221;{}&#8221;][\/et_pb_sidebar][\/et_pb_column][\/et_pb_section]<\/p>\n","protected":false},"excerpt":{"rendered":"<p>Rotaryvuoden 2023- 2024 ohjelmaPresidentti: Pekka Saukkonen &nbsp; Syksy 2023 P\u00e4iv\u00e4m\u00e4\u00e4r\u00e4 Aihe Vastuuhenkil\u00f6 22.8. Espoo ja luonto, vieraana Joel Vanhanen Pekka Saukkonen 29.8. Klubin presidentti Pekka Saukkonen esitt\u00e4ytyy Pekka Saukkonen 5.9 Mit\u00e4 Suomen p\u00f6lytt\u00e4jille kuuluu, vieraana Janne Heli\u00f6l\u00e4 SYKE Heidi Kinnunen 12.9. Lepp\u00e4vaaran Rotaryklubin syysseminaari Pekka Saukkonen 19.9. Rapujuhlat &#8211; AVEC Heidi Kinnunen 21.9. Kiova &#8211; [&hellip;]<\/p>\n","protected":false},"author":26,"featured_media":0,"parent":0,"menu_order":0,"comment_status":"closed","ping_status":"closed","template":"","meta":{"_acf_changed":false,"_et_pb_use_builder":"on","_et_pb_old_content":"","_et_gb_content_width":"","footnotes":""},"class_list":["post-1777","page","type-page","status-publish","hentry"],"acf":[],"yoast_head":"<!-- This site is optimized with the Yoast SEO plugin v27.4 - https:\/\/yoast.com\/product\/yoast-seo-wordpress\/ -->\n<title>Rotaryvuoden 2023-2024 ohjelma - Meri-Espoon Rotaryklubi<\/title>\n<meta name=\"robots\" content=\"index, follow, max-snippet:-1, max-image-preview:large, max-video-preview:-1\" \/>\n<link rel=\"canonical\" href=\"https:\/\/rotary.fi\/meriespoo\/ohjelma-2023-2024\/\" \/>\n<meta property=\"og:locale\" content=\"fi_FI\" \/>\n<meta property=\"og:type\" content=\"article\" \/>\n<meta property=\"og:title\" content=\"Rotaryvuoden 2023-2024 ohjelma - Meri-Espoon Rotaryklubi\" \/>\n<meta property=\"og:description\" content=\"Rotaryvuoden 2023- 2024 ohjelmaPresidentti: Pekka Saukkonen &nbsp; Syksy 2023 P\u00e4iv\u00e4m\u00e4\u00e4r\u00e4 Aihe Vastuuhenkil\u00f6 22.8. Espoo ja luonto, vieraana Joel Vanhanen Pekka Saukkonen 29.8. Klubin presidentti Pekka Saukkonen esitt\u00e4ytyy Pekka Saukkonen 5.9 Mit\u00e4 Suomen p\u00f6lytt\u00e4jille kuuluu, vieraana Janne Heli\u00f6l\u00e4 SYKE Heidi Kinnunen 12.9. Lepp\u00e4vaaran Rotaryklubin syysseminaari Pekka Saukkonen 19.9. Rapujuhlat - AVEC Heidi Kinnunen 21.9. Kiova - [&hellip;]\" \/>\n<meta property=\"og:url\" content=\"https:\/\/rotary.fi\/meriespoo\/ohjelma-2023-2024\/\" \/>\n<meta property=\"og:site_name\" content=\"Meri-Espoon Rotaryklubi\" \/>\n<meta property=\"article:modified_time\" content=\"2024-05-30T09:19:35+00:00\" \/>\n<meta name=\"twitter:card\" content=\"summary_large_image\" \/>\n<meta name=\"twitter:label1\" content=\"Arvioitu lukuaika\" \/>\n\t<meta name=\"twitter:data1\" content=\"3 minuuttia\" \/>\n<script type=\"application\/ld+json\" class=\"yoast-schema-graph\">{\"@context\":\"https:\\\/\\\/schema.org\",\"@graph\":[{\"@type\":\"WebPage\",\"@id\":\"https:\\\/\\\/rotary.fi\\\/meriespoo\\\/ohjelma-2023-2024\\\/\",\"url\":\"https:\\\/\\\/rotary.fi\\\/meriespoo\\\/ohjelma-2023-2024\\\/\",\"name\":\"Rotaryvuoden 2023-2024 ohjelma - Meri-Espoon Rotaryklubi\",\"isPartOf\":{\"@id\":\"https:\\\/\\\/rotary.fi\\\/meriespoo\\\/#website\"},\"datePublished\":\"2023-06-01T18:01:12+00:00\",\"dateModified\":\"2024-05-30T09:19:35+00:00\",\"breadcrumb\":{\"@id\":\"https:\\\/\\\/rotary.fi\\\/meriespoo\\\/ohjelma-2023-2024\\\/#breadcrumb\"},\"inLanguage\":\"fi\",\"potentialAction\":[{\"@type\":\"ReadAction\",\"target\":[\"https:\\\/\\\/rotary.fi\\\/meriespoo\\\/ohjelma-2023-2024\\\/\"]}]},{\"@type\":\"BreadcrumbList\",\"@id\":\"https:\\\/\\\/rotary.fi\\\/meriespoo\\\/ohjelma-2023-2024\\\/#breadcrumb\",\"itemListElement\":[{\"@type\":\"ListItem\",\"position\":1,\"name\":\"Home\",\"item\":\"https:\\\/\\\/rotary.fi\\\/meriespoo\\\/\"},{\"@type\":\"ListItem\",\"position\":2,\"name\":\"Rotaryvuoden 2023-2024 ohjelma\"}]},{\"@type\":\"WebSite\",\"@id\":\"https:\\\/\\\/rotary.fi\\\/meriespoo\\\/#website\",\"url\":\"https:\\\/\\\/rotary.fi\\\/meriespoo\\\/\",\"name\":\"Meri-Espoon Rotaryklubi\",\"description\":\"Rotary klubisivusto\",\"potentialAction\":[{\"@type\":\"SearchAction\",\"target\":{\"@type\":\"EntryPoint\",\"urlTemplate\":\"https:\\\/\\\/rotary.fi\\\/meriespoo\\\/?s={search_term_string}\"},\"query-input\":{\"@type\":\"PropertyValueSpecification\",\"valueRequired\":true,\"valueName\":\"search_term_string\"}}],\"inLanguage\":\"fi\"}]}<\/script>\n<!-- \/ Yoast SEO plugin. -->","yoast_head_json":{"title":"Rotaryvuoden 2023-2024 ohjelma - Meri-Espoon Rotaryklubi","robots":{"index":"index","follow":"follow","max-snippet":"max-snippet:-1","max-image-preview":"max-image-preview:large","max-video-preview":"max-video-preview:-1"},"canonical":"https:\/\/rotary.fi\/meriespoo\/ohjelma-2023-2024\/","og_locale":"fi_FI","og_type":"article","og_title":"Rotaryvuoden 2023-2024 ohjelma - Meri-Espoon Rotaryklubi","og_description":"Rotaryvuoden 2023- 2024 ohjelmaPresidentti: Pekka Saukkonen &nbsp; Syksy 2023 P\u00e4iv\u00e4m\u00e4\u00e4r\u00e4 Aihe Vastuuhenkil\u00f6 22.8. Espoo ja luonto, vieraana Joel Vanhanen Pekka Saukkonen 29.8. Klubin presidentti Pekka Saukkonen esitt\u00e4ytyy Pekka Saukkonen 5.9 Mit\u00e4 Suomen p\u00f6lytt\u00e4jille kuuluu, vieraana Janne Heli\u00f6l\u00e4 SYKE Heidi Kinnunen 12.9. Lepp\u00e4vaaran Rotaryklubin syysseminaari Pekka Saukkonen 19.9. Rapujuhlat - AVEC Heidi Kinnunen 21.9. Kiova - [&hellip;]","og_url":"https:\/\/rotary.fi\/meriespoo\/ohjelma-2023-2024\/","og_site_name":"Meri-Espoon Rotaryklubi","article_modified_time":"2024-05-30T09:19:35+00:00","twitter_card":"summary_large_image","twitter_misc":{"Arvioitu lukuaika":"3 minuuttia"},"schema":{"@context":"https:\/\/schema.org","@graph":[{"@type":"WebPage","@id":"https:\/\/rotary.fi\/meriespoo\/ohjelma-2023-2024\/","url":"https:\/\/rotary.fi\/meriespoo\/ohjelma-2023-2024\/","name":"Rotaryvuoden 2023-2024 ohjelma - Meri-Espoon Rotaryklubi","isPartOf":{"@id":"https:\/\/rotary.fi\/meriespoo\/#website"},"datePublished":"2023-06-01T18:01:12+00:00","dateModified":"2024-05-30T09:19:35+00:00","breadcrumb":{"@id":"https:\/\/rotary.fi\/meriespoo\/ohjelma-2023-2024\/#breadcrumb"},"inLanguage":"fi","potentialAction":[{"@type":"ReadAction","target":["https:\/\/rotary.fi\/meriespoo\/ohjelma-2023-2024\/"]}]},{"@type":"BreadcrumbList","@id":"https:\/\/rotary.fi\/meriespoo\/ohjelma-2023-2024\/#breadcrumb","itemListElement":[{"@type":"ListItem","position":1,"name":"Home","item":"https:\/\/rotary.fi\/meriespoo\/"},{"@type":"ListItem","position":2,"name":"Rotaryvuoden 2023-2024 ohjelma"}]},{"@type":"WebSite","@id":"https:\/\/rotary.fi\/meriespoo\/#website","url":"https:\/\/rotary.fi\/meriespoo\/","name":"Meri-Espoon Rotaryklubi","description":"Rotary klubisivusto","potentialAction":[{"@type":"SearchAction","target":{"@type":"EntryPoint","urlTemplate":"https:\/\/rotary.fi\/meriespoo\/?s={search_term_string}"},"query-input":{"@type":"PropertyValueSpecification","valueRequired":true,"valueName":"search_term_string"}}],"inLanguage":"fi"}]}},"lang":"fi","translations":{"fi":1777},"pll_sync_post":[],"_links":{"self":[{"href":"https:\/\/rotary.fi\/meriespoo\/wp-json\/wp\/v2\/pages\/1777","targetHints":{"allow":["GET"]}}],"collection":[{"href":"https:\/\/rotary.fi\/meriespoo\/wp-json\/wp\/v2\/pages"}],"about":[{"href":"https:\/\/rotary.fi\/meriespoo\/wp-json\/wp\/v2\/types\/page"}],"author":[{"embeddable":true,"href":"https:\/\/rotary.fi\/meriespoo\/wp-json\/wp\/v2\/users\/26"}],"replies":[{"embeddable":true,"href":"https:\/\/rotary.fi\/meriespoo\/wp-json\/wp\/v2\/comments?post=1777"}],"version-history":[{"count":10,"href":"https:\/\/rotary.fi\/meriespoo\/wp-json\/wp\/v2\/pages\/1777\/revisions"}],"predecessor-version":[{"id":2674,"href":"https:\/\/rotary.fi\/meriespoo\/wp-json\/wp\/v2\/pages\/1777\/revisions\/2674"}],"wp:attachment":[{"href":"https:\/\/rotary.fi\/meriespoo\/wp-json\/wp\/v2\/media?parent=1777"}],"curies":[{"name":"wp","href":"https:\/\/api.w.org\/{rel}","templated":true}]}}