{"id":1775,"date":"2023-06-01T21:40:28","date_gmt":"2023-06-01T18:40:28","guid":{"rendered":"https:\/\/rotary.fi\/meriespoo\/?page_id=1775"},"modified":"2025-09-16T18:14:38","modified_gmt":"2025-09-16T15:14:38","slug":"klubin-ohjelma","status":"publish","type":"page","link":"https:\/\/rotary.fi\/meriespoo\/klubin-ohjelma\/","title":{"rendered":"Klubin ohjelma"},"content":{"rendered":"<p>[et_pb_section fb_built=&#8221;1&#8243; module_class=&#8221;jumbotron-page&#8221; _builder_version=&#8221;4.22.1&#8243; background_image=&#8221;https:\/\/rotary.fi\/meriespoo\/wp-content\/uploads\/sites\/228\/2023\/10\/silakkasoutu-2023-2.jpg&#8221; global_colors_info=&#8221;{}&#8221;][et_pb_row _builder_version=&#8221;4.16&#8243; background_size=&#8221;initial&#8221; background_position=&#8221;top_left&#8221; background_repeat=&#8221;repeat&#8221; global_colors_info=&#8221;{}&#8221;][et_pb_column type=&#8221;4_4&#8243; _builder_version=&#8221;4.16&#8243; custom_padding=&#8221;|||&#8221; global_colors_info=&#8221;{}&#8221; custom_padding__hover=&#8221;|||&#8221;][et_pb_text admin_label=&#8221;Klubin ohjelma&#8221; _builder_version=&#8221;4.21.0&#8243; text_orientation=&#8221;center&#8221; background_layout=&#8221;dark&#8221; global_colors_info=&#8221;{}&#8221;][\/et_pb_text][\/et_pb_column][\/et_pb_row][\/et_pb_section][et_pb_section fb_built=&#8221;1&#8243; specialty=&#8221;on&#8221; module_class_2=&#8221;sivupalkki&#8221; _builder_version=&#8221;4.16&#8243; global_colors_info=&#8221;{}&#8221;][et_pb_column type=&#8221;2_3&#8243; specialty_columns=&#8221;2&#8243; _builder_version=&#8221;4.16&#8243; custom_padding=&#8221;|||&#8221; global_colors_info=&#8221;{}&#8221; custom_padding__hover=&#8221;|||&#8221;][et_pb_row_inner admin_label=&#8221; Klubin ohjelma ja tapahtumat&#8221; _builder_version=&#8221;4.16&#8243; global_colors_info=&#8221;{}&#8221;][et_pb_column_inner saved_specialty_column_type=&#8221;2_3&#8243; _builder_version=&#8221;4.16&#8243; custom_padding=&#8221;|||&#8221; global_colors_info=&#8221;{}&#8221; custom_padding__hover=&#8221;|||&#8221;][et_pb_text admin_label=&#8221;Otsikko&#8221; _builder_version=&#8221;4.21.0&#8243; text_orientation=&#8221;center&#8221; global_colors_info=&#8221;{}&#8221;]<\/p>\n<h1>Klubin ohjelma ja tapahtumat<\/h1>\n<p>[\/et_pb_text][et_pb_text _builder_version=&#8221;4.27.4&#8243; hover_enabled=&#8221;0&#8243; global_colors_info=&#8221;{}&#8221; sticky_enabled=&#8221;0&#8243;]<\/p>\n<p>Klubimme toiminnan t\u00e4rke\u00e4 osa on viikoittaiset kokoukset.<\/p>\n<p>Viikkokokousten parasta antia ovat eri alojen asiantuntijoiden ja omien j\u00e4sentemme pit\u00e4m\u00e4t esitelm\u00e4t ajankohtaisista aiheista. My\u00f6s yritysvierailut, kulttuuritapahtumat ja tutustumiset erilaisiin kohteisiin ovat vuosiohjelmassamme (yleens\u00e4 avec-tilaisuuksina).<\/p>\n<p>Klubin viikko-ohjelma l\u00f6ytyy sivuston ajankohtaista\/klubin kalenteri \u2013 osiosta.<\/p>\n<p>&nbsp;<\/p>\n<h4>Tutustu viikko-ohjelmaan<\/h4>\n<p>Katso koko rotaryvuoden ohjelma t\u00e4st\u00e4:<\/p>\n<p><a href=\"https:\/\/rotary.fi\/meriespoo\/rotaryvuoden-2025-2026-ohjelma\/\">Rotaryvuosi 2025-2026<\/a><\/p>\n<h5>\u00a0<\/h5>\n<h5>Tutustu edellisten rotaryvuosien ohjelmiin<\/h5>\n<p><a href=\"https:\/\/rotary.fi\/meriespoo\/ohjelma-2024-2025\/\">Rotaryvuosi 2024-2025<\/a><br \/><a href=\"https:\/\/rotary.fi\/meriespoo\/ohjelma-2023-2024\">Rotaryvuosi 2023-2024<\/a><\/p>\n<p>&nbsp;<\/p>\n<p>[\/et_pb_text][\/et_pb_column_inner][\/et_pb_row_inner][\/et_pb_column][et_pb_column type=&#8221;1_3&#8243; _builder_version=&#8221;4.16&#8243; custom_padding=&#8221;|||&#8221; global_colors_info=&#8221;{}&#8221; custom_padding__hover=&#8221;|||&#8221;][et_pb_sidebar area=&#8221;sidebar-1&#8243; module_class=&#8221;sivupalkki_sisalto&#8221; _builder_version=&#8221;4.16&#8243; locked=&#8221;on&#8221; global_colors_info=&#8221;{}&#8221;][\/et_pb_sidebar][\/et_pb_column][\/et_pb_section]<\/p>\n","protected":false},"excerpt":{"rendered":"<p>Klubin ohjelma ja tapahtumatKlubimme toiminnan t\u00e4rke\u00e4 osa on viikoittaiset kokoukset. Viikkokokousten parasta antia ovat eri alojen asiantuntijoiden ja omien j\u00e4sentemme pit\u00e4m\u00e4t esitelm\u00e4t ajankohtaisista aiheista. My\u00f6s yritysvierailut, kulttuuritapahtumat ja tutustumiset erilaisiin kohteisiin ovat vuosiohjelmassamme (yleens\u00e4 avec-tilaisuuksina). Klubin viikko-ohjelma l\u00f6ytyy sivuston ajankohtaista\/klubin kalenteri \u2013 osiosta. &nbsp; Tutustu viikko-ohjelmaan Katso koko rotaryvuoden ohjelma t\u00e4st\u00e4: Rotaryvuosi 2025-2026 \u00a0 Tutustu [&hellip;]<\/p>\n","protected":false},"author":26,"featured_media":0,"parent":0,"menu_order":0,"comment_status":"closed","ping_status":"closed","template":"","meta":{"_acf_changed":false,"_et_pb_use_builder":"on","_et_pb_old_content":"","_et_gb_content_width":"","footnotes":""},"class_list":["post-1775","page","type-page","status-publish","hentry"],"acf":[],"yoast_head":"<!-- This site is optimized with the Yoast SEO plugin v27.4 - https:\/\/yoast.com\/product\/yoast-seo-wordpress\/ -->\n<title>Klubin ohjelma - Meri-Espoon Rotaryklubi<\/title>\n<meta name=\"robots\" content=\"index, follow, max-snippet:-1, max-image-preview:large, max-video-preview:-1\" \/>\n<link rel=\"canonical\" href=\"https:\/\/rotary.fi\/meriespoo\/klubin-ohjelma\/\" \/>\n<meta property=\"og:locale\" content=\"fi_FI\" \/>\n<meta property=\"og:type\" content=\"article\" \/>\n<meta property=\"og:title\" content=\"Klubin ohjelma - Meri-Espoon Rotaryklubi\" \/>\n<meta property=\"og:description\" content=\"Klubin ohjelma ja tapahtumatKlubimme toiminnan t\u00e4rke\u00e4 osa on viikoittaiset kokoukset. Viikkokokousten parasta antia ovat eri alojen asiantuntijoiden ja omien j\u00e4sentemme pit\u00e4m\u00e4t esitelm\u00e4t ajankohtaisista aiheista. My\u00f6s yritysvierailut, kulttuuritapahtumat ja tutustumiset erilaisiin kohteisiin ovat vuosiohjelmassamme (yleens\u00e4 avec-tilaisuuksina). Klubin viikko-ohjelma l\u00f6ytyy sivuston ajankohtaista\/klubin kalenteri \u2013 osiosta. &nbsp; Tutustu viikko-ohjelmaan Katso koko rotaryvuoden ohjelma t\u00e4st\u00e4: Rotaryvuosi 2025-2026 \u00a0 Tutustu [&hellip;]\" \/>\n<meta property=\"og:url\" content=\"https:\/\/rotary.fi\/meriespoo\/klubin-ohjelma\/\" \/>\n<meta property=\"og:site_name\" content=\"Meri-Espoon Rotaryklubi\" \/>\n<meta property=\"article:modified_time\" content=\"2025-09-16T15:14:38+00:00\" \/>\n<meta name=\"twitter:card\" content=\"summary_large_image\" \/>\n<meta name=\"twitter:label1\" content=\"Arvioitu lukuaika\" \/>\n\t<meta name=\"twitter:data1\" content=\"1 minuutti\" \/>\n<script type=\"application\/ld+json\" class=\"yoast-schema-graph\">{\"@context\":\"https:\\\/\\\/schema.org\",\"@graph\":[{\"@type\":\"WebPage\",\"@id\":\"https:\\\/\\\/rotary.fi\\\/meriespoo\\\/klubin-ohjelma\\\/\",\"url\":\"https:\\\/\\\/rotary.fi\\\/meriespoo\\\/klubin-ohjelma\\\/\",\"name\":\"Klubin ohjelma - Meri-Espoon Rotaryklubi\",\"isPartOf\":{\"@id\":\"https:\\\/\\\/rotary.fi\\\/meriespoo\\\/#website\"},\"datePublished\":\"2023-06-01T18:40:28+00:00\",\"dateModified\":\"2025-09-16T15:14:38+00:00\",\"breadcrumb\":{\"@id\":\"https:\\\/\\\/rotary.fi\\\/meriespoo\\\/klubin-ohjelma\\\/#breadcrumb\"},\"inLanguage\":\"fi\",\"potentialAction\":[{\"@type\":\"ReadAction\",\"target\":[\"https:\\\/\\\/rotary.fi\\\/meriespoo\\\/klubin-ohjelma\\\/\"]}]},{\"@type\":\"BreadcrumbList\",\"@id\":\"https:\\\/\\\/rotary.fi\\\/meriespoo\\\/klubin-ohjelma\\\/#breadcrumb\",\"itemListElement\":[{\"@type\":\"ListItem\",\"position\":1,\"name\":\"Home\",\"item\":\"https:\\\/\\\/rotary.fi\\\/meriespoo\\\/\"},{\"@type\":\"ListItem\",\"position\":2,\"name\":\"Klubin ohjelma\"}]},{\"@type\":\"WebSite\",\"@id\":\"https:\\\/\\\/rotary.fi\\\/meriespoo\\\/#website\",\"url\":\"https:\\\/\\\/rotary.fi\\\/meriespoo\\\/\",\"name\":\"Meri-Espoon Rotaryklubi\",\"description\":\"Rotary klubisivusto\",\"potentialAction\":[{\"@type\":\"SearchAction\",\"target\":{\"@type\":\"EntryPoint\",\"urlTemplate\":\"https:\\\/\\\/rotary.fi\\\/meriespoo\\\/?s={search_term_string}\"},\"query-input\":{\"@type\":\"PropertyValueSpecification\",\"valueRequired\":true,\"valueName\":\"search_term_string\"}}],\"inLanguage\":\"fi\"}]}<\/script>\n<!-- \/ Yoast SEO plugin. -->","yoast_head_json":{"title":"Klubin ohjelma - Meri-Espoon Rotaryklubi","robots":{"index":"index","follow":"follow","max-snippet":"max-snippet:-1","max-image-preview":"max-image-preview:large","max-video-preview":"max-video-preview:-1"},"canonical":"https:\/\/rotary.fi\/meriespoo\/klubin-ohjelma\/","og_locale":"fi_FI","og_type":"article","og_title":"Klubin ohjelma - Meri-Espoon Rotaryklubi","og_description":"Klubin ohjelma ja tapahtumatKlubimme toiminnan t\u00e4rke\u00e4 osa on viikoittaiset kokoukset. Viikkokokousten parasta antia ovat eri alojen asiantuntijoiden ja omien j\u00e4sentemme pit\u00e4m\u00e4t esitelm\u00e4t ajankohtaisista aiheista. My\u00f6s yritysvierailut, kulttuuritapahtumat ja tutustumiset erilaisiin kohteisiin ovat vuosiohjelmassamme (yleens\u00e4 avec-tilaisuuksina). Klubin viikko-ohjelma l\u00f6ytyy sivuston ajankohtaista\/klubin kalenteri \u2013 osiosta. &nbsp; Tutustu viikko-ohjelmaan Katso koko rotaryvuoden ohjelma t\u00e4st\u00e4: Rotaryvuosi 2025-2026 \u00a0 Tutustu [&hellip;]","og_url":"https:\/\/rotary.fi\/meriespoo\/klubin-ohjelma\/","og_site_name":"Meri-Espoon Rotaryklubi","article_modified_time":"2025-09-16T15:14:38+00:00","twitter_card":"summary_large_image","twitter_misc":{"Arvioitu lukuaika":"1 minuutti"},"schema":{"@context":"https:\/\/schema.org","@graph":[{"@type":"WebPage","@id":"https:\/\/rotary.fi\/meriespoo\/klubin-ohjelma\/","url":"https:\/\/rotary.fi\/meriespoo\/klubin-ohjelma\/","name":"Klubin ohjelma - Meri-Espoon Rotaryklubi","isPartOf":{"@id":"https:\/\/rotary.fi\/meriespoo\/#website"},"datePublished":"2023-06-01T18:40:28+00:00","dateModified":"2025-09-16T15:14:38+00:00","breadcrumb":{"@id":"https:\/\/rotary.fi\/meriespoo\/klubin-ohjelma\/#breadcrumb"},"inLanguage":"fi","potentialAction":[{"@type":"ReadAction","target":["https:\/\/rotary.fi\/meriespoo\/klubin-ohjelma\/"]}]},{"@type":"BreadcrumbList","@id":"https:\/\/rotary.fi\/meriespoo\/klubin-ohjelma\/#breadcrumb","itemListElement":[{"@type":"ListItem","position":1,"name":"Home","item":"https:\/\/rotary.fi\/meriespoo\/"},{"@type":"ListItem","position":2,"name":"Klubin ohjelma"}]},{"@type":"WebSite","@id":"https:\/\/rotary.fi\/meriespoo\/#website","url":"https:\/\/rotary.fi\/meriespoo\/","name":"Meri-Espoon Rotaryklubi","description":"Rotary klubisivusto","potentialAction":[{"@type":"SearchAction","target":{"@type":"EntryPoint","urlTemplate":"https:\/\/rotary.fi\/meriespoo\/?s={search_term_string}"},"query-input":{"@type":"PropertyValueSpecification","valueRequired":true,"valueName":"search_term_string"}}],"inLanguage":"fi"}]}},"lang":"fi","translations":{"fi":1775},"pll_sync_post":[],"_links":{"self":[{"href":"https:\/\/rotary.fi\/meriespoo\/wp-json\/wp\/v2\/pages\/1775","targetHints":{"allow":["GET"]}}],"collection":[{"href":"https:\/\/rotary.fi\/meriespoo\/wp-json\/wp\/v2\/pages"}],"about":[{"href":"https:\/\/rotary.fi\/meriespoo\/wp-json\/wp\/v2\/types\/page"}],"author":[{"embeddable":true,"href":"https:\/\/rotary.fi\/meriespoo\/wp-json\/wp\/v2\/users\/26"}],"replies":[{"embeddable":true,"href":"https:\/\/rotary.fi\/meriespoo\/wp-json\/wp\/v2\/comments?post=1775"}],"version-history":[{"count":10,"href":"https:\/\/rotary.fi\/meriespoo\/wp-json\/wp\/v2\/pages\/1775\/revisions"}],"predecessor-version":[{"id":3147,"href":"https:\/\/rotary.fi\/meriespoo\/wp-json\/wp\/v2\/pages\/1775\/revisions\/3147"}],"wp:attachment":[{"href":"https:\/\/rotary.fi\/meriespoo\/wp-json\/wp\/v2\/media?parent=1775"}],"curies":[{"name":"wp","href":"https:\/\/api.w.org\/{rel}","templated":true}]}}