{"id":158,"date":"2018-08-13T09:47:58","date_gmt":"2018-08-13T06:47:58","guid":{"rendered":"https:\/\/rotary.fi\/kantaespoo\/?page_id=158"},"modified":"2024-07-08T21:15:02","modified_gmt":"2024-07-08T18:15:02","slug":"varainhankinta-ja-lahjoitukset","status":"publish","type":"page","link":"https:\/\/rotary.fi\/meriespoo\/mita-teemme\/varainhankinta-ja-lahjoitukset\/","title":{"rendered":"Varainhankinta ja lahjoitukset"},"content":{"rendered":"<p>[et_pb_section fb_built=&#8221;1&#8243; module_class=&#8221;jumbotron-page&#8221; _builder_version=&#8221;4.22.1&#8243; background_image=&#8221;https:\/\/rotary.fi\/meriespoo\/wp-content\/uploads\/sites\/228\/2023\/06\/kuva-7-1024&#215;683.jpg&#8221; global_colors_info=&#8221;{}&#8221;][et_pb_row _builder_version=&#8221;4.22.1&#8243; background_size=&#8221;initial&#8221; background_position=&#8221;top_left&#8221; background_repeat=&#8221;repeat&#8221; global_colors_info=&#8221;{}&#8221;][et_pb_column type=&#8221;4_4&#8243; _builder_version=&#8221;4.16&#8243; custom_padding=&#8221;|||&#8221; global_colors_info=&#8221;{}&#8221; custom_padding__hover=&#8221;|||&#8221;][et_pb_text admin_label=&#8221;P\u00e4\u00e4otsikko&#8221; _builder_version=&#8221;4.21.0&#8243; text_orientation=&#8221;center&#8221; background_layout=&#8221;dark&#8221; custom_margin=&#8221;2px|||||&#8221; global_colors_info=&#8221;{}&#8221;]<\/p>\n<h1><\/h1>\n<p>[\/et_pb_text][\/et_pb_column][\/et_pb_row][\/et_pb_section][et_pb_section fb_built=&#8221;1&#8243; specialty=&#8221;on&#8221; module_class_2=&#8221;sivupalkki&#8221; _builder_version=&#8221;4.16&#8243; global_colors_info=&#8221;{}&#8221;][et_pb_column type=&#8221;2_3&#8243; specialty_columns=&#8221;2&#8243; _builder_version=&#8221;4.16&#8243; custom_padding=&#8221;|||&#8221; global_colors_info=&#8221;{}&#8221; custom_padding__hover=&#8221;|||&#8221;][et_pb_row_inner admin_label=&#8221;Rivi&#8221; _builder_version=&#8221;4.16&#8243; global_colors_info=&#8221;{}&#8221;][et_pb_column_inner saved_specialty_column_type=&#8221;2_3&#8243; _builder_version=&#8221;4.16&#8243; custom_padding=&#8221;|||&#8221; global_colors_info=&#8221;{}&#8221; custom_padding__hover=&#8221;|||&#8221;][et_pb_text admin_label=&#8221;Lahjoitukset &#8211; Otsikko&#8221; _builder_version=&#8221;4.21.0&#8243; text_orientation=&#8221;center&#8221; global_colors_info=&#8221;{}&#8221;]<\/p>\n<h1 style=\"text-align: left\">Lahjoitukset<\/h1>\n<p>[\/et_pb_text][et_pb_text _builder_version=&#8221;4.22.1&#8243; global_colors_info=&#8221;{}&#8221;]<\/p>\n<p>Rotaryklubimme on mukana sek\u00e4 paikallisessa ett\u00e4 maailmanlaajuisessa palveluty\u00f6ss\u00e4 monin eri tavoin.<\/p>\n<p>&nbsp;<\/p>\n<h3>Rotarys\u00e4\u00e4ti\u00f6n humanitaariset projektit<\/h3>\n<p>Lahjoitamme varoja humanit\u00e4\u00e4risiin projekteihin Rotarys\u00e4\u00e4ti\u00f6n kautta. Rotarys\u00e4\u00e4ti\u00f6 tukee lukuisten projektien avulla \u00e4itien ja lasten terveyden kohentamista ja sairauksien ehk\u00e4isy\u00e4 ja hoitoa.<\/p>\n<p>S\u00e4\u00e4ti\u00f6 edist\u00e4\u00e4 koulutusta ja lukutaitoa, vahvistaa rauhanty\u00f6t\u00e4 sek\u00e4 kasvattaa paikallistalouksia ja yhteis\u00f6j\u00e4. Rotarys\u00e4\u00e4ti\u00f6 edist\u00e4\u00e4 puhtaan veden saantia ja hygieniaosaamista siell\u00e4 miss\u00e4 t\u00e4lle on tarvetta.<\/p>\n<p>[\/et_pb_text][\/et_pb_column_inner][\/et_pb_row_inner][et_pb_row_inner _builder_version=&#8221;4.22.1&#8243; _module_preset=&#8221;default&#8221; global_colors_info=&#8221;{}&#8221;][et_pb_column_inner saved_specialty_column_type=&#8221;2_3&#8243; _builder_version=&#8221;4.22.1&#8243; _module_preset=&#8221;default&#8221; global_colors_info=&#8221;{}&#8221;][et_pb_text admin_label=&#8221;Polion h\u00e4vitt\u00e4minen&#8221; _builder_version=&#8221;4.22.1&#8243; _module_preset=&#8221;default&#8221; global_colors_info=&#8221;{}&#8221;]<\/p>\n<h3>Polion h\u00e4vitt\u00e4minen<\/h3>\n<p>[\/et_pb_text][\/et_pb_column_inner][\/et_pb_row_inner][et_pb_row_inner column_structure=&#8221;1_2,1_2&#8243; _builder_version=&#8221;4.22.1&#8243; _module_preset=&#8221;default&#8221; global_colors_info=&#8221;{}&#8221;][et_pb_column_inner type=&#8221;1_2&#8243; saved_specialty_column_type=&#8221;2_3&#8243; _builder_version=&#8221;4.22.1&#8243; _module_preset=&#8221;default&#8221; global_colors_info=&#8221;{}&#8221;][et_pb_image src=&#8221;https:\/\/rotary.fi\/meriespoo\/wp-content\/uploads\/sites\/228\/2023\/06\/kuva-1.jpg&#8221; title_text=&#8221;kuva (1)&#8221; _builder_version=&#8221;4.22.1&#8243; _module_preset=&#8221;default&#8221; global_colors_info=&#8221;{}&#8221;][\/et_pb_image][et_pb_image src=&#8221;https:\/\/rotary.fi\/meriespoo\/wp-content\/uploads\/sites\/228\/2023\/06\/kuva-19-300&#215;200.jpg&#8221; title_text=&#8221;kuva (19)&#8221; _builder_version=&#8221;4.22.1&#8243; _module_preset=&#8221;default&#8221; global_colors_info=&#8221;{}&#8221;][\/et_pb_image][et_pb_image src=&#8221;https:\/\/rotary.fi\/meriespoo\/wp-content\/uploads\/sites\/228\/2023\/06\/kuva-16-300&#215;200.jpg&#8221; title_text=&#8221;kuva (16)&#8221; _builder_version=&#8221;4.22.1&#8243; _module_preset=&#8221;default&#8221; global_colors_info=&#8221;{}&#8221;][\/et_pb_image][\/et_pb_column_inner][et_pb_column_inner type=&#8221;1_2&#8243; saved_specialty_column_type=&#8221;2_3&#8243; _builder_version=&#8221;4.22.1&#8243; _module_preset=&#8221;default&#8221; global_colors_info=&#8221;{}&#8221;][et_pb_text _builder_version=&#8221;4.22.1&#8243; _module_preset=&#8221;default&#8221; global_colors_info=&#8221;{}&#8221;]<\/p>\n<p>Klubimme osallistuu my\u00f6s rotareiden aloitteesta k\u00e4ynnistyneeseen ty\u00f6h\u00f6n polion poistamiseksi maailmasta henkil\u00f6kohtaisin lahjoituksin ja projektien avulla. Rotarit ovat tehneet ty\u00f6t\u00e4 villin polioviruksen poistamiseksi jo kolmenkymmenen vuoden ajan.<\/p>\n<p>Nyky\u00e4\u00e4n villin polioviruksen vuoksi sairastuu vuosittain en\u00e4\u00e4 muutamia kymmeni\u00e4 lapsia, kun projektin alkuvaiheessa luvut olivat jopa 350 000 lasta vuodessa. T\u00e4n\u00e4 p\u00e4iv\u00e4n\u00e4 t\u00e4h\u00e4n kotoper\u00e4iseen polioon sairastuneet lapset asuvat yleens\u00e4 vaikeakulkuisilla seuduilla mm. Afganistanissa. Rotarit ovat antaneet lupauksensa saattaa projekti p\u00e4\u00e4t\u00f6kseen, joten my\u00f6s meid\u00e4n klubimme osallistuu omalla panoksellamme t\u00e4h\u00e4n ty\u00f6h\u00f6n niin kauan, kun t\u00e4m\u00e4 rotareiden antama lupaus on t\u00e4ytetty.<\/p>\n<p>Rotarypiiri 1420 on tehnyt videosarjan poliosta piirin YouTube-kanavalle. Sarjassa klubimme j\u00e4sen Martin Heinrichs haastattelee asiantuntijoita poliosta ja rotareiden panostuksesta polion h\u00e4vitt\u00e4miseksi maailmasta.<\/p>\n<p>Katso videosarja t\u00e4st\u00e4 linkist\u00e4: <a href=\"https:\/\/www.youtube.com\/channel\/UC6k1eydy9EwPYsdfl_w9I2Q\/videos\">https:\/\/www.youtube.com\/channel\/UC6k1eydy9EwPYsdfl_w9I2Q\/videos\u00a0<\/a>\u00a0<\/p>\n<p>[\/et_pb_text][\/et_pb_column_inner][\/et_pb_row_inner][et_pb_row_inner _builder_version=&#8221;4.22.1&#8243; _module_preset=&#8221;default&#8221; global_colors_info=&#8221;{}&#8221;][et_pb_column_inner saved_specialty_column_type=&#8221;2_3&#8243; _builder_version=&#8221;4.22.1&#8243; _module_preset=&#8221;default&#8221; global_colors_info=&#8221;{}&#8221;][et_pb_text admin_label=&#8221;Shelterbox&#8221; _builder_version=&#8221;4.22.1&#8243; _module_preset=&#8221;default&#8221; global_colors_info=&#8221;{}&#8221;]<\/p>\n<h3>Shelterbox<\/h3>\n<p>[\/et_pb_text][\/et_pb_column_inner][\/et_pb_row_inner][et_pb_row_inner column_structure=&#8221;1_2,1_2&#8243; _builder_version=&#8221;4.22.1&#8243; _module_preset=&#8221;default&#8221; global_colors_info=&#8221;{}&#8221;][et_pb_column_inner type=&#8221;1_2&#8243; saved_specialty_column_type=&#8221;2_3&#8243; _builder_version=&#8221;4.22.1&#8243; _module_preset=&#8221;default&#8221; global_colors_info=&#8221;{}&#8221;][et_pb_image src=&#8221;https:\/\/rotary.fi\/meriespoo\/wp-content\/uploads\/sites\/228\/2023\/06\/kuva-9-300&#215;200.jpg&#8221; title_text=&#8221;kuva (9)&#8221; _builder_version=&#8221;4.22.1&#8243; _module_preset=&#8221;default&#8221; global_colors_info=&#8221;{}&#8221;][\/et_pb_image][et_pb_image src=&#8221;https:\/\/rotary.fi\/meriespoo\/wp-content\/uploads\/sites\/228\/2023\/06\/kuva-7.jpg&#8221; title_text=&#8221;kuva (7)&#8221; _builder_version=&#8221;4.22.1&#8243; _module_preset=&#8221;default&#8221; global_colors_info=&#8221;{}&#8221;][\/et_pb_image][\/et_pb_column_inner][et_pb_column_inner type=&#8221;1_2&#8243; saved_specialty_column_type=&#8221;2_3&#8243; _builder_version=&#8221;4.22.1&#8243; _module_preset=&#8221;default&#8221; global_colors_info=&#8221;{}&#8221;][et_pb_text _builder_version=&#8221;4.22.1&#8243; _module_preset=&#8221;default&#8221; global_colors_info=&#8221;{}&#8221;]<\/p>\n<p>Klubimme on osallistunut auttamaan Haitin ja Filippinien kaltaisten katastrofien uhreja osallistumalla Shelterbox ker\u00e4yksiin hankkimalla oman Shelterboxin. N\u00e4in klubi pystyi konkreettisella tavalla auttamaan katastrofien uhreja ja osallistumaan hyv\u00e4ntekev\u00e4isyyteen.<\/p>\n<p>Rotarit tarjoavat Shelterbox toiminnan kautta perheille niiden tarvitseman suojan ja perustarvikkeet katastrofin j\u00e4lkeen. Vuoden 2000 j\u00e4lkeen rotarit ovat vastanneet tuellaan maanj\u00e4ristyksiin, tulviin, tulivuorten purkauksiin, tsunameihin, py\u00f6rremyrskyihin ja maanvy\u00f6rymiin. Esimerkiksi Rotarit antoivat tukea vuoden 2004 Intia meren tsunamin ja vuoden 2010 Haitin py\u00f6rremyrskyn j\u00e4lleenrakentamiseen.<\/p>\n<p>[\/et_pb_text][\/et_pb_column_inner][\/et_pb_row_inner][\/et_pb_column][et_pb_column type=&#8221;1_3&#8243; _builder_version=&#8221;4.16&#8243; custom_padding=&#8221;|||&#8221; global_colors_info=&#8221;{}&#8221; custom_padding__hover=&#8221;|||&#8221;][et_pb_sidebar area=&#8221;sidebar-1&#8243; module_class=&#8221;sivupalkki_sisalto&#8221; _builder_version=&#8221;4.16&#8243; locked=&#8221;on&#8221; global_colors_info=&#8221;{}&#8221;]<br \/>\n[\/et_pb_sidebar][\/et_pb_column][\/et_pb_section]<\/p>\n","protected":false},"excerpt":{"rendered":"<p>LahjoituksetRotaryklubimme on mukana sek\u00e4 paikallisessa ett\u00e4 maailmanlaajuisessa palveluty\u00f6ss\u00e4 monin eri tavoin. &nbsp; Rotarys\u00e4\u00e4ti\u00f6n humanitaariset projektit Lahjoitamme varoja humanit\u00e4\u00e4risiin projekteihin Rotarys\u00e4\u00e4ti\u00f6n kautta. Rotarys\u00e4\u00e4ti\u00f6 tukee lukuisten projektien avulla \u00e4itien ja lasten terveyden kohentamista ja sairauksien ehk\u00e4isy\u00e4 ja hoitoa. S\u00e4\u00e4ti\u00f6 edist\u00e4\u00e4 koulutusta ja lukutaitoa, vahvistaa rauhanty\u00f6t\u00e4 sek\u00e4 kasvattaa paikallistalouksia ja yhteis\u00f6j\u00e4. Rotarys\u00e4\u00e4ti\u00f6 edist\u00e4\u00e4 puhtaan veden saantia ja hygieniaosaamista [&hellip;]<\/p>\n","protected":false},"author":1,"featured_media":0,"parent":77,"menu_order":0,"comment_status":"closed","ping_status":"closed","template":"","meta":{"_acf_changed":false,"_et_pb_use_builder":"on","_et_pb_old_content":"","_et_gb_content_width":"","footnotes":""},"class_list":["post-158","page","type-page","status-publish","hentry"],"acf":[],"yoast_head":"<!-- This site is optimized with the Yoast SEO plugin v27.4 - https:\/\/yoast.com\/product\/yoast-seo-wordpress\/ -->\n<title>Varainhankinta ja lahjoitukset - Meri-Espoon Rotaryklubi<\/title>\n<meta name=\"robots\" content=\"index, follow, max-snippet:-1, max-image-preview:large, max-video-preview:-1\" \/>\n<link rel=\"canonical\" href=\"https:\/\/rotary.fi\/meriespoo\/mita-teemme\/varainhankinta-ja-lahjoitukset\/\" \/>\n<meta property=\"og:locale\" content=\"fi_FI\" \/>\n<meta property=\"og:type\" content=\"article\" \/>\n<meta property=\"og:title\" content=\"Varainhankinta ja lahjoitukset - Meri-Espoon Rotaryklubi\" \/>\n<meta property=\"og:description\" content=\"LahjoituksetRotaryklubimme on mukana sek\u00e4 paikallisessa ett\u00e4 maailmanlaajuisessa palveluty\u00f6ss\u00e4 monin eri tavoin. &nbsp; Rotarys\u00e4\u00e4ti\u00f6n humanitaariset projektit Lahjoitamme varoja humanit\u00e4\u00e4risiin projekteihin Rotarys\u00e4\u00e4ti\u00f6n kautta. Rotarys\u00e4\u00e4ti\u00f6 tukee lukuisten projektien avulla \u00e4itien ja lasten terveyden kohentamista ja sairauksien ehk\u00e4isy\u00e4 ja hoitoa. S\u00e4\u00e4ti\u00f6 edist\u00e4\u00e4 koulutusta ja lukutaitoa, vahvistaa rauhanty\u00f6t\u00e4 sek\u00e4 kasvattaa paikallistalouksia ja yhteis\u00f6j\u00e4. Rotarys\u00e4\u00e4ti\u00f6 edist\u00e4\u00e4 puhtaan veden saantia ja hygieniaosaamista [&hellip;]\" \/>\n<meta property=\"og:url\" content=\"https:\/\/rotary.fi\/meriespoo\/mita-teemme\/varainhankinta-ja-lahjoitukset\/\" \/>\n<meta property=\"og:site_name\" content=\"Meri-Espoon Rotaryklubi\" \/>\n<meta property=\"article:modified_time\" content=\"2024-07-08T18:15:02+00:00\" \/>\n<meta name=\"twitter:card\" content=\"summary_large_image\" \/>\n<meta name=\"twitter:label1\" content=\"Arvioitu lukuaika\" \/>\n\t<meta name=\"twitter:data1\" content=\"4 minuuttia\" \/>\n<script type=\"application\/ld+json\" class=\"yoast-schema-graph\">{\"@context\":\"https:\\\/\\\/schema.org\",\"@graph\":[{\"@type\":\"WebPage\",\"@id\":\"https:\\\/\\\/rotary.fi\\\/meriespoo\\\/mita-teemme\\\/varainhankinta-ja-lahjoitukset\\\/\",\"url\":\"https:\\\/\\\/rotary.fi\\\/meriespoo\\\/mita-teemme\\\/varainhankinta-ja-lahjoitukset\\\/\",\"name\":\"Varainhankinta ja lahjoitukset - Meri-Espoon Rotaryklubi\",\"isPartOf\":{\"@id\":\"https:\\\/\\\/rotary.fi\\\/meriespoo\\\/#website\"},\"datePublished\":\"2018-08-13T06:47:58+00:00\",\"dateModified\":\"2024-07-08T18:15:02+00:00\",\"breadcrumb\":{\"@id\":\"https:\\\/\\\/rotary.fi\\\/meriespoo\\\/mita-teemme\\\/varainhankinta-ja-lahjoitukset\\\/#breadcrumb\"},\"inLanguage\":\"fi\",\"potentialAction\":[{\"@type\":\"ReadAction\",\"target\":[\"https:\\\/\\\/rotary.fi\\\/meriespoo\\\/mita-teemme\\\/varainhankinta-ja-lahjoitukset\\\/\"]}]},{\"@type\":\"BreadcrumbList\",\"@id\":\"https:\\\/\\\/rotary.fi\\\/meriespoo\\\/mita-teemme\\\/varainhankinta-ja-lahjoitukset\\\/#breadcrumb\",\"itemListElement\":[{\"@type\":\"ListItem\",\"position\":1,\"name\":\"Home\",\"item\":\"https:\\\/\\\/rotary.fi\\\/meriespoo\\\/\"},{\"@type\":\"ListItem\",\"position\":2,\"name\":\"Mit\u00e4 teemme\",\"item\":\"https:\\\/\\\/rotary.fi\\\/meriespoo\\\/mita-teemme\\\/\"},{\"@type\":\"ListItem\",\"position\":3,\"name\":\"Varainhankinta ja lahjoitukset\"}]},{\"@type\":\"WebSite\",\"@id\":\"https:\\\/\\\/rotary.fi\\\/meriespoo\\\/#website\",\"url\":\"https:\\\/\\\/rotary.fi\\\/meriespoo\\\/\",\"name\":\"Meri-Espoon Rotaryklubi\",\"description\":\"Rotary klubisivusto\",\"potentialAction\":[{\"@type\":\"SearchAction\",\"target\":{\"@type\":\"EntryPoint\",\"urlTemplate\":\"https:\\\/\\\/rotary.fi\\\/meriespoo\\\/?s={search_term_string}\"},\"query-input\":{\"@type\":\"PropertyValueSpecification\",\"valueRequired\":true,\"valueName\":\"search_term_string\"}}],\"inLanguage\":\"fi\"}]}<\/script>\n<!-- \/ Yoast SEO plugin. -->","yoast_head_json":{"title":"Varainhankinta ja lahjoitukset - Meri-Espoon Rotaryklubi","robots":{"index":"index","follow":"follow","max-snippet":"max-snippet:-1","max-image-preview":"max-image-preview:large","max-video-preview":"max-video-preview:-1"},"canonical":"https:\/\/rotary.fi\/meriespoo\/mita-teemme\/varainhankinta-ja-lahjoitukset\/","og_locale":"fi_FI","og_type":"article","og_title":"Varainhankinta ja lahjoitukset - Meri-Espoon Rotaryklubi","og_description":"LahjoituksetRotaryklubimme on mukana sek\u00e4 paikallisessa ett\u00e4 maailmanlaajuisessa palveluty\u00f6ss\u00e4 monin eri tavoin. &nbsp; Rotarys\u00e4\u00e4ti\u00f6n humanitaariset projektit Lahjoitamme varoja humanit\u00e4\u00e4risiin projekteihin Rotarys\u00e4\u00e4ti\u00f6n kautta. Rotarys\u00e4\u00e4ti\u00f6 tukee lukuisten projektien avulla \u00e4itien ja lasten terveyden kohentamista ja sairauksien ehk\u00e4isy\u00e4 ja hoitoa. S\u00e4\u00e4ti\u00f6 edist\u00e4\u00e4 koulutusta ja lukutaitoa, vahvistaa rauhanty\u00f6t\u00e4 sek\u00e4 kasvattaa paikallistalouksia ja yhteis\u00f6j\u00e4. Rotarys\u00e4\u00e4ti\u00f6 edist\u00e4\u00e4 puhtaan veden saantia ja hygieniaosaamista [&hellip;]","og_url":"https:\/\/rotary.fi\/meriespoo\/mita-teemme\/varainhankinta-ja-lahjoitukset\/","og_site_name":"Meri-Espoon Rotaryklubi","article_modified_time":"2024-07-08T18:15:02+00:00","twitter_card":"summary_large_image","twitter_misc":{"Arvioitu lukuaika":"4 minuuttia"},"schema":{"@context":"https:\/\/schema.org","@graph":[{"@type":"WebPage","@id":"https:\/\/rotary.fi\/meriespoo\/mita-teemme\/varainhankinta-ja-lahjoitukset\/","url":"https:\/\/rotary.fi\/meriespoo\/mita-teemme\/varainhankinta-ja-lahjoitukset\/","name":"Varainhankinta ja lahjoitukset - Meri-Espoon Rotaryklubi","isPartOf":{"@id":"https:\/\/rotary.fi\/meriespoo\/#website"},"datePublished":"2018-08-13T06:47:58+00:00","dateModified":"2024-07-08T18:15:02+00:00","breadcrumb":{"@id":"https:\/\/rotary.fi\/meriespoo\/mita-teemme\/varainhankinta-ja-lahjoitukset\/#breadcrumb"},"inLanguage":"fi","potentialAction":[{"@type":"ReadAction","target":["https:\/\/rotary.fi\/meriespoo\/mita-teemme\/varainhankinta-ja-lahjoitukset\/"]}]},{"@type":"BreadcrumbList","@id":"https:\/\/rotary.fi\/meriespoo\/mita-teemme\/varainhankinta-ja-lahjoitukset\/#breadcrumb","itemListElement":[{"@type":"ListItem","position":1,"name":"Home","item":"https:\/\/rotary.fi\/meriespoo\/"},{"@type":"ListItem","position":2,"name":"Mit\u00e4 teemme","item":"https:\/\/rotary.fi\/meriespoo\/mita-teemme\/"},{"@type":"ListItem","position":3,"name":"Varainhankinta ja lahjoitukset"}]},{"@type":"WebSite","@id":"https:\/\/rotary.fi\/meriespoo\/#website","url":"https:\/\/rotary.fi\/meriespoo\/","name":"Meri-Espoon Rotaryklubi","description":"Rotary klubisivusto","potentialAction":[{"@type":"SearchAction","target":{"@type":"EntryPoint","urlTemplate":"https:\/\/rotary.fi\/meriespoo\/?s={search_term_string}"},"query-input":{"@type":"PropertyValueSpecification","valueRequired":true,"valueName":"search_term_string"}}],"inLanguage":"fi"}]}},"lang":"fi","translations":{"fi":158,"en":1453},"pll_sync_post":[],"_links":{"self":[{"href":"https:\/\/rotary.fi\/meriespoo\/wp-json\/wp\/v2\/pages\/158","targetHints":{"allow":["GET"]}}],"collection":[{"href":"https:\/\/rotary.fi\/meriespoo\/wp-json\/wp\/v2\/pages"}],"about":[{"href":"https:\/\/rotary.fi\/meriespoo\/wp-json\/wp\/v2\/types\/page"}],"author":[{"embeddable":true,"href":"https:\/\/rotary.fi\/meriespoo\/wp-json\/wp\/v2\/users\/1"}],"replies":[{"embeddable":true,"href":"https:\/\/rotary.fi\/meriespoo\/wp-json\/wp\/v2\/comments?post=158"}],"version-history":[{"count":10,"href":"https:\/\/rotary.fi\/meriespoo\/wp-json\/wp\/v2\/pages\/158\/revisions"}],"predecessor-version":[{"id":2745,"href":"https:\/\/rotary.fi\/meriespoo\/wp-json\/wp\/v2\/pages\/158\/revisions\/2745"}],"up":[{"embeddable":true,"href":"https:\/\/rotary.fi\/meriespoo\/wp-json\/wp\/v2\/pages\/77"}],"wp:attachment":[{"href":"https:\/\/rotary.fi\/meriespoo\/wp-json\/wp\/v2\/media?parent=158"}],"curies":[{"name":"wp","href":"https:\/\/api.w.org\/{rel}","templated":true}]}}