{"id":138,"date":"2018-08-10T14:01:44","date_gmt":"2018-08-10T11:01:44","guid":{"rendered":"https:\/\/rotary.fi\/klubi2\/?page_id=138"},"modified":"2025-07-05T16:53:14","modified_gmt":"2025-07-05T13:53:14","slug":"vuositeema","status":"publish","type":"page","link":"https:\/\/rotary.fi\/meriespoo\/keita-olemme\/vuositeema\/","title":{"rendered":"Vuositeema"},"content":{"rendered":"<p>[et_pb_section fb_built=&#8221;1&#8243; specialty=&#8221;on&#8221; module_class_2=&#8221;sivupalkki&#8221; _builder_version=&#8221;4.21.0&#8243; global_colors_info=&#8221;{}&#8221;][et_pb_column type=&#8221;2_3&#8243; specialty_columns=&#8221;2&#8243; _builder_version=&#8221;4.16&#8243; custom_padding=&#8221;|||&#8221; global_colors_info=&#8221;{}&#8221; custom_padding__hover=&#8221;|||&#8221;][et_pb_row_inner _builder_version=&#8221;4.21.0&#8243; _module_preset=&#8221;default&#8221; global_colors_info=&#8221;{}&#8221;][et_pb_column_inner saved_specialty_column_type=&#8221;2_3&#8243; _builder_version=&#8221;4.21.0&#8243; _module_preset=&#8221;default&#8221; global_colors_info=&#8221;{}&#8221;][et_pb_text _builder_version=&#8221;4.27.4&#8243; _module_preset=&#8221;default&#8221; hover_enabled=&#8221;0&#8243; sticky_enabled=&#8221;0&#8243;]<\/p>\n<h2>Klubimme vuositeema<\/h2>\n<p>[\/et_pb_text][et_pb_text admin_label=&#8221;Klubimme vuositeema&#8221; _builder_version=&#8221;4.27.4&#8243; _module_preset=&#8221;default&#8221; global_colors_info=&#8221;{}&#8221;]<\/p>\n<p>Rotary on maailmanlaajuinen palveluj\u00e4rjest\u00f6, jonka tunnuslause on: Palvelu itsekkyyden edelle (Service above self).\u00a0 Klubin toiminnan tarkoituksena on vaalia l\u00e4himm\u00e4isen palvelemisen ihannetta sek\u00e4 harjoittaa ja tukea humanitaarista ja sivistyksellist\u00e4 toimintaa.<\/p>\n<p><strong>Klubimme painopistealueet toimintakaudella 2025\u20132026<\/strong><\/p>\n<ul>\n<li>Klubin jatkuva toiminnan kehitt\u00e4minen, kiinnostava ja tasokas viikko-ohjelma, sek\u00e4 muu yhteinen tekeminen ja yhdess\u00e4olo.<\/li>\n<li>Nuorten valmiuksien kehitt\u00e4minen sis\u00e4lt\u00e4en erityisesti vaihto-oppilastoiminnan ja nuorten mielenterveyden.\u00a0<\/li>\n<li>Palveluprojektit ja l\u00e4hialueiden kehitt\u00e4minen sis\u00e4lt\u00e4en erityisesti It\u00e4mereen ja ymp\u00e4rist\u00f6\u00f6n liittyv\u00e4t projektit.\u00a0<\/li>\n<li>Kansainv\u00e4liset avustus hankkeet, kuten Ukrainan tukeminen ja kannustaminen yksil\u00f6llisiin lahjoituksiin rotarys\u00e4\u00e4ti\u00f6lle.\u00a0<\/li>\n<li>Klubilaisten kouluttaminen Rotariyteen, v\u00e4hint\u00e4\u00e4n kerran tai kaksi vuodessa klubikokouksessa.<\/li>\n<li>Yhden \u201dtapahtuman \u201d j\u00e4rjest\u00e4minen Rotary kaudella.<\/li>\n<\/ul>\n<p>[\/et_pb_text][\/et_pb_column_inner][\/et_pb_row_inner][\/et_pb_column][et_pb_column type=&#8221;1_3&#8243; _builder_version=&#8221;4.16&#8243; custom_padding=&#8221;|||&#8221; global_colors_info=&#8221;{}&#8221; custom_padding__hover=&#8221;|||&#8221;][et_pb_sidebar area=&#8221;sidebar-1&#8243; module_class=&#8221;sivupalkki_sisalto&#8221; _builder_version=&#8221;4.16&#8243; locked=&#8221;on&#8221; global_colors_info=&#8221;{}&#8221;][\/et_pb_sidebar][\/et_pb_column][\/et_pb_section]<\/p>\n","protected":false},"excerpt":{"rendered":"<p>Klubimme vuositeemaRotary on maailmanlaajuinen palveluj\u00e4rjest\u00f6, jonka tunnuslause on: Palvelu itsekkyyden edelle (Service above self).\u00a0 Klubin toiminnan tarkoituksena on vaalia l\u00e4himm\u00e4isen palvelemisen ihannetta sek\u00e4 harjoittaa ja tukea humanitaarista ja sivistyksellist\u00e4 toimintaa. Klubimme painopistealueet toimintakaudella 2025\u20132026 Klubin jatkuva toiminnan kehitt\u00e4minen, kiinnostava ja tasokas viikko-ohjelma, sek\u00e4 muu yhteinen tekeminen ja yhdess\u00e4olo. Nuorten valmiuksien kehitt\u00e4minen sis\u00e4lt\u00e4en erityisesti vaihto-oppilastoiminnan ja [&hellip;]<\/p>\n","protected":false},"author":1,"featured_media":0,"parent":129,"menu_order":0,"comment_status":"closed","ping_status":"closed","template":"","meta":{"_acf_changed":false,"_et_pb_use_builder":"on","_et_pb_old_content":"","_et_gb_content_width":"","footnotes":""},"class_list":["post-138","page","type-page","status-publish","hentry"],"acf":[],"yoast_head":"<!-- This site is optimized with the Yoast SEO plugin v27.4 - https:\/\/yoast.com\/product\/yoast-seo-wordpress\/ -->\n<title>Vuositeema - Meri-Espoon Rotaryklubi<\/title>\n<meta name=\"robots\" content=\"index, follow, max-snippet:-1, max-image-preview:large, max-video-preview:-1\" \/>\n<link rel=\"canonical\" href=\"https:\/\/rotary.fi\/meriespoo\/keita-olemme\/vuositeema\/\" \/>\n<meta property=\"og:locale\" content=\"fi_FI\" \/>\n<meta property=\"og:type\" content=\"article\" \/>\n<meta property=\"og:title\" content=\"Vuositeema - Meri-Espoon Rotaryklubi\" \/>\n<meta property=\"og:description\" content=\"Klubimme vuositeemaRotary on maailmanlaajuinen palveluj\u00e4rjest\u00f6, jonka tunnuslause on: Palvelu itsekkyyden edelle (Service above self).\u00a0 Klubin toiminnan tarkoituksena on vaalia l\u00e4himm\u00e4isen palvelemisen ihannetta sek\u00e4 harjoittaa ja tukea humanitaarista ja sivistyksellist\u00e4 toimintaa. Klubimme painopistealueet toimintakaudella 2025\u20132026 Klubin jatkuva toiminnan kehitt\u00e4minen, kiinnostava ja tasokas viikko-ohjelma, sek\u00e4 muu yhteinen tekeminen ja yhdess\u00e4olo. Nuorten valmiuksien kehitt\u00e4minen sis\u00e4lt\u00e4en erityisesti vaihto-oppilastoiminnan ja [&hellip;]\" \/>\n<meta property=\"og:url\" content=\"https:\/\/rotary.fi\/meriespoo\/keita-olemme\/vuositeema\/\" \/>\n<meta property=\"og:site_name\" content=\"Meri-Espoon Rotaryklubi\" \/>\n<meta property=\"article:modified_time\" content=\"2025-07-05T13:53:14+00:00\" \/>\n<meta name=\"twitter:card\" content=\"summary_large_image\" \/>\n<meta name=\"twitter:label1\" content=\"Arvioitu lukuaika\" \/>\n\t<meta name=\"twitter:data1\" content=\"2 minuuttia\" \/>\n<script type=\"application\/ld+json\" class=\"yoast-schema-graph\">{\"@context\":\"https:\\\/\\\/schema.org\",\"@graph\":[{\"@type\":\"WebPage\",\"@id\":\"https:\\\/\\\/rotary.fi\\\/meriespoo\\\/keita-olemme\\\/vuositeema\\\/\",\"url\":\"https:\\\/\\\/rotary.fi\\\/meriespoo\\\/keita-olemme\\\/vuositeema\\\/\",\"name\":\"Vuositeema - Meri-Espoon Rotaryklubi\",\"isPartOf\":{\"@id\":\"https:\\\/\\\/rotary.fi\\\/meriespoo\\\/#website\"},\"datePublished\":\"2018-08-10T11:01:44+00:00\",\"dateModified\":\"2025-07-05T13:53:14+00:00\",\"breadcrumb\":{\"@id\":\"https:\\\/\\\/rotary.fi\\\/meriespoo\\\/keita-olemme\\\/vuositeema\\\/#breadcrumb\"},\"inLanguage\":\"fi\",\"potentialAction\":[{\"@type\":\"ReadAction\",\"target\":[\"https:\\\/\\\/rotary.fi\\\/meriespoo\\\/keita-olemme\\\/vuositeema\\\/\"]}]},{\"@type\":\"BreadcrumbList\",\"@id\":\"https:\\\/\\\/rotary.fi\\\/meriespoo\\\/keita-olemme\\\/vuositeema\\\/#breadcrumb\",\"itemListElement\":[{\"@type\":\"ListItem\",\"position\":1,\"name\":\"Home\",\"item\":\"https:\\\/\\\/rotary.fi\\\/meriespoo\\\/\"},{\"@type\":\"ListItem\",\"position\":2,\"name\":\"Keit\u00e4 olemme\",\"item\":\"https:\\\/\\\/rotary.fi\\\/meriespoo\\\/keita-olemme\\\/\"},{\"@type\":\"ListItem\",\"position\":3,\"name\":\"Vuositeema\"}]},{\"@type\":\"WebSite\",\"@id\":\"https:\\\/\\\/rotary.fi\\\/meriespoo\\\/#website\",\"url\":\"https:\\\/\\\/rotary.fi\\\/meriespoo\\\/\",\"name\":\"Meri-Espoon Rotaryklubi\",\"description\":\"Rotary klubisivusto\",\"potentialAction\":[{\"@type\":\"SearchAction\",\"target\":{\"@type\":\"EntryPoint\",\"urlTemplate\":\"https:\\\/\\\/rotary.fi\\\/meriespoo\\\/?s={search_term_string}\"},\"query-input\":{\"@type\":\"PropertyValueSpecification\",\"valueRequired\":true,\"valueName\":\"search_term_string\"}}],\"inLanguage\":\"fi\"}]}<\/script>\n<!-- \/ Yoast SEO plugin. -->","yoast_head_json":{"title":"Vuositeema - Meri-Espoon Rotaryklubi","robots":{"index":"index","follow":"follow","max-snippet":"max-snippet:-1","max-image-preview":"max-image-preview:large","max-video-preview":"max-video-preview:-1"},"canonical":"https:\/\/rotary.fi\/meriespoo\/keita-olemme\/vuositeema\/","og_locale":"fi_FI","og_type":"article","og_title":"Vuositeema - Meri-Espoon Rotaryklubi","og_description":"Klubimme vuositeemaRotary on maailmanlaajuinen palveluj\u00e4rjest\u00f6, jonka tunnuslause on: Palvelu itsekkyyden edelle (Service above self).\u00a0 Klubin toiminnan tarkoituksena on vaalia l\u00e4himm\u00e4isen palvelemisen ihannetta sek\u00e4 harjoittaa ja tukea humanitaarista ja sivistyksellist\u00e4 toimintaa. Klubimme painopistealueet toimintakaudella 2025\u20132026 Klubin jatkuva toiminnan kehitt\u00e4minen, kiinnostava ja tasokas viikko-ohjelma, sek\u00e4 muu yhteinen tekeminen ja yhdess\u00e4olo. Nuorten valmiuksien kehitt\u00e4minen sis\u00e4lt\u00e4en erityisesti vaihto-oppilastoiminnan ja [&hellip;]","og_url":"https:\/\/rotary.fi\/meriespoo\/keita-olemme\/vuositeema\/","og_site_name":"Meri-Espoon Rotaryklubi","article_modified_time":"2025-07-05T13:53:14+00:00","twitter_card":"summary_large_image","twitter_misc":{"Arvioitu lukuaika":"2 minuuttia"},"schema":{"@context":"https:\/\/schema.org","@graph":[{"@type":"WebPage","@id":"https:\/\/rotary.fi\/meriespoo\/keita-olemme\/vuositeema\/","url":"https:\/\/rotary.fi\/meriespoo\/keita-olemme\/vuositeema\/","name":"Vuositeema - Meri-Espoon Rotaryklubi","isPartOf":{"@id":"https:\/\/rotary.fi\/meriespoo\/#website"},"datePublished":"2018-08-10T11:01:44+00:00","dateModified":"2025-07-05T13:53:14+00:00","breadcrumb":{"@id":"https:\/\/rotary.fi\/meriespoo\/keita-olemme\/vuositeema\/#breadcrumb"},"inLanguage":"fi","potentialAction":[{"@type":"ReadAction","target":["https:\/\/rotary.fi\/meriespoo\/keita-olemme\/vuositeema\/"]}]},{"@type":"BreadcrumbList","@id":"https:\/\/rotary.fi\/meriespoo\/keita-olemme\/vuositeema\/#breadcrumb","itemListElement":[{"@type":"ListItem","position":1,"name":"Home","item":"https:\/\/rotary.fi\/meriespoo\/"},{"@type":"ListItem","position":2,"name":"Keit\u00e4 olemme","item":"https:\/\/rotary.fi\/meriespoo\/keita-olemme\/"},{"@type":"ListItem","position":3,"name":"Vuositeema"}]},{"@type":"WebSite","@id":"https:\/\/rotary.fi\/meriespoo\/#website","url":"https:\/\/rotary.fi\/meriespoo\/","name":"Meri-Espoon Rotaryklubi","description":"Rotary klubisivusto","potentialAction":[{"@type":"SearchAction","target":{"@type":"EntryPoint","urlTemplate":"https:\/\/rotary.fi\/meriespoo\/?s={search_term_string}"},"query-input":{"@type":"PropertyValueSpecification","valueRequired":true,"valueName":"search_term_string"}}],"inLanguage":"fi"}]}},"lang":"fi","translations":{"fi":138,"en":1430},"pll_sync_post":[],"_links":{"self":[{"href":"https:\/\/rotary.fi\/meriespoo\/wp-json\/wp\/v2\/pages\/138","targetHints":{"allow":["GET"]}}],"collection":[{"href":"https:\/\/rotary.fi\/meriespoo\/wp-json\/wp\/v2\/pages"}],"about":[{"href":"https:\/\/rotary.fi\/meriespoo\/wp-json\/wp\/v2\/types\/page"}],"author":[{"embeddable":true,"href":"https:\/\/rotary.fi\/meriespoo\/wp-json\/wp\/v2\/users\/1"}],"replies":[{"embeddable":true,"href":"https:\/\/rotary.fi\/meriespoo\/wp-json\/wp\/v2\/comments?post=138"}],"version-history":[{"count":10,"href":"https:\/\/rotary.fi\/meriespoo\/wp-json\/wp\/v2\/pages\/138\/revisions"}],"predecessor-version":[{"id":3065,"href":"https:\/\/rotary.fi\/meriespoo\/wp-json\/wp\/v2\/pages\/138\/revisions\/3065"}],"up":[{"embeddable":true,"href":"https:\/\/rotary.fi\/meriespoo\/wp-json\/wp\/v2\/pages\/129"}],"wp:attachment":[{"href":"https:\/\/rotary.fi\/meriespoo\/wp-json\/wp\/v2\/media?parent=138"}],"curies":[{"name":"wp","href":"https:\/\/api.w.org\/{rel}","templated":true}]}}