{"id":2983,"date":"2026-02-09T11:13:15","date_gmt":"2026-02-09T09:13:15","guid":{"rendered":"https:\/\/rotary.fi\/mariehamn\/?page_id=2983"},"modified":"2026-03-02T10:18:33","modified_gmt":"2026-03-02T08:18:33","slug":"ukrainan-hyvaksi","status":"publish","type":"page","link":"https:\/\/rotary.fi\/mariehamn\/suomeksi\/ukrainan-hyvaksi\/","title":{"rendered":"Projekti Ukrainan hyv\u00e4ksi"},"content":{"rendered":"<p>[et_pb_section fb_built=&#8221;1&#8243; module_class=&#8221;jumbotron-page&#8221; _builder_version=&#8221;4.27.4&#8243; background_image=&#8221;https:\/\/rotary.fi\/mariehamn\/wp-content\/uploads\/sites\/246\/2026\/02\/lott.jpg&#8221; global_colors_info=&#8221;{}&#8221;][et_pb_row _builder_version=&#8221;4.16&#8243; background_size=&#8221;initial&#8221; background_position=&#8221;top_left&#8221; background_repeat=&#8221;repeat&#8221; global_colors_info=&#8221;{}&#8221;][et_pb_column type=&#8221;4_4&#8243; _builder_version=&#8221;4.16&#8243; custom_padding=&#8221;|||&#8221; global_colors_info=&#8221;{}&#8221; custom_padding__hover=&#8221;|||&#8221;][et_pb_text admin_label=&#8221;Main \/\/ Projekt&#8221; _builder_version=&#8221;4.27.4&#8243; text_orientation=&#8221;center&#8221; background_layout=&#8221;dark&#8221; hover_enabled=&#8221;0&#8243; global_colors_info=&#8221;{}&#8221; sticky_enabled=&#8221;0&#8243;]<\/p>\n<h1>\u200bToivoa kylmyyteen &#8211; Avustusmatka kev\u00e4t 2026<\/h1>\n<p>[\/et_pb_text][\/et_pb_column][\/et_pb_row][\/et_pb_section][et_pb_section fb_built=&#8221;1&#8243; specialty=&#8221;on&#8221; module_class_2=&#8221;sivupalkki&#8221; _builder_version=&#8221;4.16&#8243; global_colors_info=&#8221;{}&#8221;][et_pb_column type=&#8221;2_3&#8243; specialty_columns=&#8221;2&#8243; _builder_version=&#8221;4.16&#8243; custom_padding=&#8221;|||&#8221; global_colors_info=&#8221;{}&#8221; custom_padding__hover=&#8221;|||&#8221;][et_pb_row_inner admin_label=&#8221;Rivi&#8221; _builder_version=&#8221;4.16&#8243; global_colors_info=&#8221;{}&#8221;][et_pb_column_inner saved_specialty_column_type=&#8221;2_3&#8243; _builder_version=&#8221;4.16&#8243; custom_padding=&#8221;|||&#8221; global_colors_info=&#8221;{}&#8221; custom_padding__hover=&#8221;|||&#8221;][et_pb_text admin_label=&#8221;Otsikko&#8221; _builder_version=&#8221;4.27.4&#8243; text_orientation=&#8221;center&#8221; hover_enabled=&#8221;0&#8243; global_colors_info=&#8221;{}&#8221; sticky_enabled=&#8221;0&#8243;]<\/p>\n<h1>Projekti Ukrainan hyv\u00e4ksi<\/h1>\n<p>[\/et_pb_text][et_pb_text _builder_version=&#8221;4.27.4&#8243; global_colors_info=&#8221;{}&#8221;][\/et_pb_text][\/et_pb_column_inner][\/et_pb_row_inner][et_pb_row_inner admin_label=&#8221;Rivi&#8221; _builder_version=&#8221;4.16&#8243; global_colors_info=&#8221;{}&#8221;][et_pb_column_inner saved_specialty_column_type=&#8221;2_3&#8243; _builder_version=&#8221;4.16&#8243; custom_padding=&#8221;|||&#8221; global_colors_info=&#8221;{}&#8221; custom_padding__hover=&#8221;|||&#8221;][et_pb_text admin_label=&#8221;L\u00e4mp\u00f6\u00e4, ajoneuvoja ja toivoa &#8221; _builder_version=&#8221;4.27.4&#8243; text_orientation=&#8221;center&#8221; global_colors_info=&#8221;{}&#8221;]<\/p>\n<h4><strong>L\u00e4mp\u00f6\u00e4, ajoneuvoja ja toivoa Ukrainaan<\/strong><\/h4>\n<p>[\/et_pb_text][\/et_pb_column_inner][\/et_pb_row_inner][et_pb_row_inner _builder_version=&#8221;4.27.4&#8243; _module_preset=&#8221;default&#8221; global_colors_info=&#8221;{}&#8221;][et_pb_column_inner saved_specialty_column_type=&#8221;2_3&#8243; _builder_version=&#8221;4.27.4&#8243; _module_preset=&#8221;default&#8221; global_colors_info=&#8221;{}&#8221;][et_pb_divider _builder_version=&#8221;4.27.4&#8243; _module_preset=&#8221;default&#8221; global_colors_info=&#8221;{}&#8221;][\/et_pb_divider][\/et_pb_column_inner][\/et_pb_row_inner][et_pb_row_inner column_structure=&#8221;1_2,1_2&#8243; _builder_version=&#8221;4.27.4&#8243; _module_preset=&#8221;default&#8221; global_colors_info=&#8221;{}&#8221;][et_pb_column_inner type=&#8221;1_2&#8243; saved_specialty_column_type=&#8221;2_3&#8243; _builder_version=&#8221;4.27.4&#8243; _module_preset=&#8221;default&#8221; global_colors_info=&#8221;{}&#8221;][et_pb_text _builder_version=&#8221;4.27.4&#8243; _module_preset=&#8221;default&#8221; global_colors_info=&#8221;{}&#8221;]<\/p>\n<h3>Olemme saavuttaneet tavoitteen:<\/h3>\n<h2><strong>40 000 euroa<\/strong><\/h2>\n<h3>Kiitos panoksestasi!<\/h3>\n<p>&nbsp;<\/p>\n<p>P\u00e4ivitetty: 28.2.2026<\/p>\n<p>&nbsp;<\/p>\n<p>&nbsp;<\/p>\n<p>[\/et_pb_text][\/et_pb_column_inner][et_pb_column_inner type=&#8221;1_2&#8243; saved_specialty_column_type=&#8221;2_3&#8243; _builder_version=&#8221;4.27.4&#8243; _module_preset=&#8221;default&#8221; global_colors_info=&#8221;{}&#8221;][et_pb_text _builder_version=&#8221;4.27.4&#8243; _module_preset=&#8221;default&#8221; global_colors_info=&#8221;{}&#8221;]<\/p>\n<p><strong>Mariehamn Rotaryklubb Ukraina-tili<\/strong><br \/>BIC: AABAFI22<br \/>IBAN: FI30 6601 0003 2569 71<\/p>\n<p>Ker\u00e4yslupa \u00c5LR 2026\/254 (alue: Ahvenanmaa)<br \/>Arpajaislupa \u00c5LR 2026\/727 (alue: Ahvenanmaa)<\/p>\n<p>Jos klubit mantereella tekev\u00e4t yleis\u00f6lle sunnattuja ker\u00e4yksi\u00e4 on klubin haettava sit\u00e4 varten oma ker\u00e4yslupa.<\/p>\n<p>[\/et_pb_text][\/et_pb_column_inner][\/et_pb_row_inner][et_pb_row_inner _builder_version=&#8221;4.27.4&#8243; _module_preset=&#8221;default&#8221; global_colors_info=&#8221;{}&#8221;][et_pb_column_inner saved_specialty_column_type=&#8221;2_3&#8243; _builder_version=&#8221;4.27.4&#8243; _module_preset=&#8221;default&#8221; global_colors_info=&#8221;{}&#8221;][et_pb_divider _builder_version=&#8221;4.27.4&#8243; _module_preset=&#8221;default&#8221; global_colors_info=&#8221;{}&#8221;][\/et_pb_divider][\/et_pb_column_inner][\/et_pb_row_inner][et_pb_row_inner _builder_version=&#8221;4.27.4&#8243; _module_preset=&#8221;default&#8221; global_colors_info=&#8221;{}&#8221;][et_pb_column_inner saved_specialty_column_type=&#8221;2_3&#8243; _builder_version=&#8221;4.27.4&#8243; _module_preset=&#8221;default&#8221; global_colors_info=&#8221;{}&#8221;][et_pb_text admin_label=&#8221;Text: Toivoa klmyyteen&#8221; _builder_version=&#8221;4.27.4&#8243; _module_preset=&#8221;default&#8221; global_colors_info=&#8221;{}&#8221;]<\/p>\n<p>Toivoa kylmyyteen \u2013 Rotaryn Ukrainan-apu on aatteellinen humanitaarinen hanke, joka tarjoaa konkreettista tukea Ukrainan ihmisille \u2013 tilanteessa, jossa l\u00e4mm\u00f6n, s\u00e4hk\u00f6n ja perusturvallisuuden tarve on edelleen eritt\u00e4in suuri.<\/p>\n<p>Useiden sotavuosien j\u00e4lkeen Ukraina on joutunut j\u00e4lleen pitk\u00e4n ja ankaran talven keskelle. Monilta puuttuu luotettava s\u00e4hk\u00f6 ja l\u00e4mp\u00f6. Joinakin p\u00e4ivin\u00e4 s\u00e4hk\u00f6\u00e4 ei ole lainkaan, mik\u00e4 pakottaa ihmiset valmistamaan ruokaa l\u00e4mp\u00f6kynttil\u00f6ill\u00e4 tai muilla hyvin yksinkertaisilla l\u00e4mm\u00f6nl\u00e4hteill\u00e4. Kun s\u00e4hk\u00f6 hetkellisesti toimii \u2013 usein \u00f6isin \u2013 se k\u00e4ytet\u00e4\u00e4n aivan v\u00e4ltt\u00e4m\u00e4tt\u00f6mimp\u00e4\u00e4n: ruoanlaittoon, pyykinpesuun ja elint\u00e4rkeiden laitteiden lataamiseen.<\/p>\n<p>[\/et_pb_text][\/et_pb_column_inner][\/et_pb_row_inner][et_pb_row_inner _builder_version=&#8221;4.27.4&#8243; _module_preset=&#8221;default&#8221; global_colors_info=&#8221;{}&#8221;][et_pb_column_inner saved_specialty_column_type=&#8221;2_3&#8243; _builder_version=&#8221;4.27.4&#8243; _module_preset=&#8221;default&#8221; global_colors_info=&#8221;{}&#8221;][et_pb_text admin_label=&#8221;Rubrik: meid\u00e4n projekti&#8221; _builder_version=&#8221;4.27.4&#8243; _module_preset=&#8221;default&#8221; global_colors_info=&#8221;{}&#8221;]<\/p>\n<h4>Meid\u00e4n projekti<\/h4>\n<p>[\/et_pb_text][et_pb_text admin_label=&#8221;Text: meid\u00e4n projekti&#8221; _builder_version=&#8221;4.27.4&#8243; _module_preset=&#8221;default&#8221; global_colors_info=&#8221;{}&#8221;]<\/p>\n<p>Mariehamnin Rotaryklubin Ukraina-apu suunnittelee nyt kahdeksatta avustusmatkaansa Ukrainaan. Keskitymme toimittamaan:<\/p>\n<ul>\n<li>l\u00e4mmityslaitteita<\/li>\n<li>ajoneuvoja<\/li>\n<li>muuta materiaalia, jota paikan p\u00e4\u00e4ll\u00e4 erityisesti tarvitaan<\/li>\n<\/ul>\n<p>Projekti toteutetaan tiiviiss\u00e4 yhteisty\u00f6ss\u00e4 paikallisten vastaanottajien kanssa Ukrainassa, jotta apu tavoittaa alueet, joilla tarve on suurin.<\/p>\n<blockquote>\n<p>100 % vapaaehtoisty\u00f6t\u00e4 \u2013 maksimaalinen vaikutus<\/p>\n<\/blockquote>\n<p>Toimintaa py\u00f6ritet\u00e4\u00e4n t\u00e4ysin vapaaehtoisvoimin ilman hallinnollisia kuluja tai piilokuluja. K\u00e4yt\u00e4nn\u00f6ss\u00e4 l\u00e4hes koko ker\u00e4tty summa menee suoraan avustusty\u00f6h\u00f6n Ukrainassa.<\/p>\n<p>Ker\u00e4ys tehd\u00e4\u00e4n Mariehamnin Rotaryklubin ker\u00e4ysluvalla \u00c5LR 2026\/254 ja se on ensimm\u00e4inen vaihe kolmivuotisessa REHA Ukraine -projektissa, jota klubi toteuttaa yhdess\u00e4 paikallisten toimijoiden kanssa Ukrainassa. REHA Ukraina-projektista kerrotaan v\u00e4hitellen lis\u00e4\u00e4 kotisivuilla.<\/p>\n<p>Vain ehdottoman v\u00e4ltt\u00e4m\u00e4tt\u00f6m\u00e4t kulut matkan osalta korvataan projektiin osallistuville, kuten yksinkertainen ruoka, majoitus sek\u00e4 Ukrainaan ajoneuvoja kuljettaneiden henkil\u00f6iden kotimatkat. N\u00e4m\u00e4 pidet\u00e4\u00e4n mahdollisimman alhaisina ja tehd\u00e4\u00e4n paikallisilla bussiyhti\u00f6ill\u00e4 ja lentoyhti\u00f6it\u00e4 k\u00e4ytt\u00e4en, arviolta noin 30 euroa\/kuljettaja.<\/p>\n<p>Jokaisella lahjoituksella \u2013 suurella tai pienell\u00e4 \u2013 on merkitys. Olemme jo ker\u00e4nneet yli 10 000 euroa t\u00e4t\u00e4 projektia varten ennen projektin julkistamista ja tavoite on ker\u00e4t\u00e4 yhteens\u00e4 40 000 euroa.<\/p>\n<p>[\/et_pb_text][et_pb_text admin_label=&#8221;Rubrik: N\u00e4in voit auttaa&#8221; _builder_version=&#8221;4.27.4&#8243; _module_preset=&#8221;default&#8221; global_colors_info=&#8221;{}&#8221;]<\/p>\n<h4>N\u00e4in voit auttaa<\/h4>\n<p>[\/et_pb_text][et_pb_text admin_label=&#8221;Text: n\u00e4in voit auttaa&#8221; _builder_version=&#8221;4.27.4&#8243; _module_preset=&#8221;default&#8221; global_colors_info=&#8221;{}&#8221;]<\/p>\n<p>Yksi helppo ja suosittu tapa tukea Toivoa kylmyyteen \u2013 Rotaryn Ukrainan-apu on osallistua Rotaryn arpajaisiin:<\/p>\n<ul>\n<li>Arvan hinta 10 euroa<\/li>\n<li>Ilmoita kiinnostuksesi Mariehamnin Rotaryklubille, jos haluat arpoja myyt\u00e4v\u00e4ksi tuttaville tai ty\u00f6paikalle<\/li>\n<li>Kokemus on osoittanut, ett\u00e4 moni haluaa auttaa \u2013 usein tarvitaan vain, ett\u00e4 joku kysyy<\/li>\n<\/ul>\n<p>P\u00e4\u00e4palkinnot ovat <strong>Emilia Linderholmin ja Britta Ers-Donnerin maalaukset<\/strong>.<br \/>Muita palkintoja mm. <strong>Viking Linen risteily, ukrainalainen p\u00f6yt\u00e4liina ja lautasliinat, kolmen ruokalajin illallinen kahdelle K\u00e4ringsund Resort &amp; Conferens -ravintolassa.<\/strong><\/p>\n<p>Voittavat arvat julkaistaan t\u00e4\u00e4ll\u00e4 <strong>6.3.2026<\/strong>.<\/p>\n<p>[\/et_pb_text][et_pb_gallery gallery_ids=&#8221;2948,3044&#8243; posts_number=&#8221;2&#8243; _builder_version=&#8221;4.27.4&#8243; _module_preset=&#8221;default&#8221; title_level=&#8221;h4&#8243; title_font_size=&#8221;13px&#8221; global_colors_info=&#8221;{}&#8221;][\/et_pb_gallery][et_pb_gallery gallery_ids=&#8221;3042,3041&#8243; posts_number=&#8221;2&#8243; _builder_version=&#8221;4.27.4&#8243; _module_preset=&#8221;default&#8221; title_level=&#8221;h4&#8243; title_font_size=&#8221;13px&#8221; global_colors_info=&#8221;{}&#8221;][\/et_pb_gallery][et_pb_gallery gallery_ids=&#8221;3068,3069&#8243; posts_number=&#8221;2&#8243; _builder_version=&#8221;4.27.4&#8243; _module_preset=&#8221;default&#8221; title_level=&#8221;h4&#8243; title_font_size=&#8221;13px&#8221; global_colors_info=&#8221;{}&#8221;][\/et_pb_gallery][et_pb_gallery gallery_ids=&#8221;3067,3072&#8243; posts_number=&#8221;2&#8243; _builder_version=&#8221;4.27.4&#8243; _module_preset=&#8221;default&#8221; title_level=&#8221;h4&#8243; title_font_size=&#8221;13px&#8221; global_colors_info=&#8221;{}&#8221;][\/et_pb_gallery][et_pb_text admin_label=&#8221;Text: n\u00e4in voit auttaa&#8221; _builder_version=&#8221;4.27.4&#8243; _module_preset=&#8221;default&#8221; global_colors_info=&#8221;{}&#8221;]<\/p>\n<p><strong>Voit my\u00f6s lahjoittaa suoraan:<\/strong><\/p>\n<p><strong>Mariehamnin Rotaryklubin Ukraina-tili<\/strong><br \/>IBAN: FI30 6601 0003 256971 (\u00c5landsbanken)<\/p>\n<p>J\u00e4rjest\u00e4mme my\u00f6s ker\u00e4ystilaisuuksia, joista tiedotamme lis\u00e4\u00e4 kotisivuilla ja mediassa.<\/p>\n<p>[\/et_pb_text][et_pb_text admin_label=&#8221;Text: yhdess\u00e4&#8221; _builder_version=&#8221;4.27.4&#8243; _module_preset=&#8221;default&#8221; global_colors_info=&#8221;{}&#8221;]<\/p>\n<blockquote>\n<p>Yhdess\u00e4 teemme muutoksen<\/p>\n<\/blockquote>\n<p>Toivoa kylmyyteen \u2013 Rotaryn Ukrainan-avun kautta autamme luomaan turvallisemman, l\u00e4mpim\u00e4mm\u00e4n ja kest\u00e4v\u00e4mm\u00e4n arjen ihmisille, jotka el\u00e4v\u00e4t sodan keskell\u00e4. Yhdess\u00e4 voimme jatkaa solidaarisuuden osoittamista \u2013 ei vain sanoilla, vaan teoilla<\/p>\n<p>[\/et_pb_text][\/et_pb_column_inner][\/et_pb_row_inner][et_pb_row_inner _builder_version=&#8221;4.27.4&#8243; _module_preset=&#8221;default&#8221; global_colors_info=&#8221;{}&#8221;][et_pb_column_inner saved_specialty_column_type=&#8221;2_3&#8243; _builder_version=&#8221;4.27.4&#8243; _module_preset=&#8221;default&#8221; global_colors_info=&#8221;{}&#8221;][et_pb_text admin_label=&#8221;Rubrik: Yrityshaaste&#8221; _builder_version=&#8221;4.27.4&#8243; _module_preset=&#8221;default&#8221; global_colors_info=&#8221;{}&#8221;]<\/p>\n<h4>Yristyshaaste<\/h4>\n<p>[\/et_pb_text][et_pb_text admin_label=&#8221;Rubrik: Team Sportia&#8221; _builder_version=&#8221;4.27.4&#8243; _module_preset=&#8221;default&#8221; global_colors_info=&#8221;{}&#8221;]<\/p>\n<h5>Team Sportia haastaa Ahvenanmaan yritykset tukemaan seuraavaa avustusl\u00e4hetyst\u00e4 Ukrainaan.<\/h5>\n<p>[\/et_pb_text][et_pb_text _builder_version=&#8221;4.27.4&#8243; _module_preset=&#8221;default&#8221; global_colors_info=&#8221;{}&#8221;]<\/p>\n<p>Sota Ukrainassa jatkuu edelleen, ja arki on monille siviileille vaikeaa. Ukrainassa k\u00e4rsit\u00e4\u00e4n laajasti s\u00e4hk\u00f6n ja veden puutteesta. Putkia j\u00e4\u00e4tyy, l\u00e4mmitys puuttuu ja peruspalvelut ovat rajoittuneita. Asiat, jotka meille ovat itsest\u00e4\u00e4nselvyyksi\u00e4 \u2013 l\u00e4mp\u00f6, juokseva vesi ja toimiva s\u00e4hk\u00f6 \u2013 ovat monille Ukrainassa ep\u00e4varmoja p\u00e4iv\u00e4st\u00e4 toiseen.<\/p>\n<p>Team Sportia haluaa tarjota konkreettista apua ja lahjoittaa siksi <strong>500 euroa<\/strong> seuraavaan avustusl\u00e4hetykseen yhteisty\u00f6ss\u00e4 Mariehamnin Rotaryklubin kanssa. Samalla haastamme muut Ahvenanmaan yritykset tekem\u00e4\u00e4n samoin \u2013 kantamaan vastuuta ja osoittamaan solidaarisuutta silloin, kun tarve on suurin. Yritys voi lahjoittaa haluamansa summan Mariehamnin Rotaryklubin kautta maaliskuun 2026 avustusmatkaan.<\/p>\n<p>Haluaisiko yrityksenne osallistua haasteeseen?<br \/>Ota yhteytt\u00e4 <strong>Monica von Frenckelliin, Mariehamnin Rotaryklubbiin<\/strong>, tai <strong>Anna Wennstr\u00f6miin, Team Sportian toimitusjohtajaan<\/strong> \u2013 tavoitat meid\u00e4t parhaiten Messengeriss\u00e4.<\/p>\n<p>Mariehamnin Rotaryklubin rahastonhoitaja, <strong>Fanny Johansson<\/strong>, l\u00e4hett\u00e4\u00e4 sen j\u00e4lkeen laskun haluamastanne lahjoitussummasta.<br \/>L\u00e4hett\u00e4k\u00e4\u00e4 my\u00f6s yrityksenne logo. Kaikki osallistuvat yritykset huomioidaan somessa ja Rotaryklubin sivuilla. Halutessanne voitte olla my\u00f6s anonyymi lahjoittaja.<\/p>\n<p>Haaste on k\u00e4ynniss\u00e4 <strong>24.2.2026 saakka \u2013 jokainen lahjoitus merkitsee!<\/strong><br \/>Team Sportia toivoo, ett\u00e4 mahdollisimman moni ahvenanmaalainen yritys haluaa olla mukana auttamassa.<\/p>\n<p>[\/et_pb_text][\/et_pb_column_inner][\/et_pb_row_inner][\/et_pb_column][et_pb_column type=&#8221;1_3&#8243; _builder_version=&#8221;4.16&#8243; custom_padding=&#8221;|||&#8221; global_colors_info=&#8221;{}&#8221; custom_padding__hover=&#8221;|||&#8221;][et_pb_sidebar area=&#8221;sidebar-1&#8243; module_class=&#8221;sivupalkki_sisalto&#8221; _builder_version=&#8221;4.16&#8243; global_colors_info=&#8221;{}&#8221;][\/et_pb_sidebar][\/et_pb_column][\/et_pb_section]<\/p>\n","protected":false},"excerpt":{"rendered":"<p>\u200bToivoa kylmyyteen &#8211; Avustusmatka kev\u00e4t 2026Projekti Ukrainan hyv\u00e4ksiL\u00e4mp\u00f6\u00e4, ajoneuvoja ja toivoa UkrainaanOlemme saavuttaneet tavoitteen: 40 000 euroa Kiitos panoksestasi! &nbsp; P\u00e4ivitetty: 28.2.2026 &nbsp; &nbsp;Mariehamn Rotaryklubb Ukraina-tiliBIC: AABAFI22IBAN: FI30 6601 0003 2569 71 Ker\u00e4yslupa \u00c5LR 2026\/254 (alue: Ahvenanmaa)Arpajaislupa \u00c5LR 2026\/727 (alue: Ahvenanmaa) Jos klubit mantereella tekev\u00e4t yleis\u00f6lle sunnattuja ker\u00e4yksi\u00e4 on klubin haettava sit\u00e4 varten oma ker\u00e4yslupa.Toivoa [&hellip;]<\/p>\n","protected":false},"author":689,"featured_media":2963,"parent":3004,"menu_order":1,"comment_status":"closed","ping_status":"closed","template":"","meta":{"_acf_changed":false,"_et_pb_use_builder":"on","_et_pb_old_content":"","_et_gb_content_width":"","footnotes":""},"class_list":["post-2983","page","type-page","status-publish","has-post-thumbnail","hentry"],"acf":[],"yoast_head":"<!-- This site is optimized with the Yoast SEO plugin v27.4 - https:\/\/yoast.com\/product\/yoast-seo-wordpress\/ -->\n<title>Projekti Ukrainan hyv\u00e4ksi - Mariehamns Rotaryklubb<\/title>\n<meta name=\"robots\" content=\"index, follow, max-snippet:-1, max-image-preview:large, max-video-preview:-1\" \/>\n<link rel=\"canonical\" href=\"https:\/\/rotary.fi\/mariehamn\/suomeksi\/ukrainan-hyvaksi\/\" \/>\n<meta property=\"og:locale\" content=\"sv_SE\" \/>\n<meta property=\"og:type\" content=\"article\" \/>\n<meta property=\"og:title\" content=\"Projekti Ukrainan hyv\u00e4ksi - Mariehamns Rotaryklubb\" \/>\n<meta property=\"og:description\" content=\"\u200bToivoa kylmyyteen - Avustusmatka kev\u00e4t 2026Projekti Ukrainan hyv\u00e4ksiL\u00e4mp\u00f6\u00e4, ajoneuvoja ja toivoa UkrainaanOlemme saavuttaneet tavoitteen: 40 000 euroa Kiitos panoksestasi! &nbsp; P\u00e4ivitetty: 28.2.2026 &nbsp; &nbsp;Mariehamn Rotaryklubb Ukraina-tiliBIC: AABAFI22IBAN: FI30 6601 0003 2569 71 Ker\u00e4yslupa \u00c5LR 2026\/254 (alue: Ahvenanmaa)Arpajaislupa \u00c5LR 2026\/727 (alue: Ahvenanmaa) Jos klubit mantereella tekev\u00e4t yleis\u00f6lle sunnattuja ker\u00e4yksi\u00e4 on klubin haettava sit\u00e4 varten oma ker\u00e4yslupa.Toivoa [&hellip;]\" \/>\n<meta property=\"og:url\" content=\"https:\/\/rotary.fi\/mariehamn\/suomeksi\/ukrainan-hyvaksi\/\" \/>\n<meta property=\"og:site_name\" content=\"Mariehamns Rotaryklubb\" \/>\n<meta property=\"article:modified_time\" content=\"2026-03-02T08:18:33+00:00\" \/>\n<meta property=\"og:image\" content=\"https:\/\/rotary.fi\/mariehamn\/wp-content\/uploads\/sites\/246\/2026\/02\/lott2.jpg\" \/>\n\t<meta property=\"og:image:width\" content=\"2048\" \/>\n\t<meta property=\"og:image:height\" content=\"698\" \/>\n\t<meta property=\"og:image:type\" content=\"image\/jpeg\" \/>\n<meta name=\"twitter:card\" content=\"summary_large_image\" \/>\n<meta name=\"twitter:label1\" content=\"Ber\u00e4knad l\u00e4stid\" \/>\n\t<meta name=\"twitter:data1\" content=\"6 minuter\" \/>\n<script type=\"application\/ld+json\" class=\"yoast-schema-graph\">{\"@context\":\"https:\\\/\\\/schema.org\",\"@graph\":[{\"@type\":\"WebPage\",\"@id\":\"https:\\\/\\\/rotary.fi\\\/mariehamn\\\/suomeksi\\\/ukrainan-hyvaksi\\\/\",\"url\":\"https:\\\/\\\/rotary.fi\\\/mariehamn\\\/suomeksi\\\/ukrainan-hyvaksi\\\/\",\"name\":\"Projekti Ukrainan hyv\u00e4ksi - Mariehamns Rotaryklubb\",\"isPartOf\":{\"@id\":\"https:\\\/\\\/rotary.fi\\\/mariehamn\\\/#website\"},\"primaryImageOfPage\":{\"@id\":\"https:\\\/\\\/rotary.fi\\\/mariehamn\\\/suomeksi\\\/ukrainan-hyvaksi\\\/#primaryimage\"},\"image\":{\"@id\":\"https:\\\/\\\/rotary.fi\\\/mariehamn\\\/suomeksi\\\/ukrainan-hyvaksi\\\/#primaryimage\"},\"thumbnailUrl\":\"https:\\\/\\\/rotary.fi\\\/mariehamn\\\/wp-content\\\/uploads\\\/sites\\\/246\\\/2026\\\/02\\\/lott2.jpg\",\"datePublished\":\"2026-02-09T09:13:15+00:00\",\"dateModified\":\"2026-03-02T08:18:33+00:00\",\"breadcrumb\":{\"@id\":\"https:\\\/\\\/rotary.fi\\\/mariehamn\\\/suomeksi\\\/ukrainan-hyvaksi\\\/#breadcrumb\"},\"inLanguage\":\"sv-SE\",\"potentialAction\":[{\"@type\":\"ReadAction\",\"target\":[\"https:\\\/\\\/rotary.fi\\\/mariehamn\\\/suomeksi\\\/ukrainan-hyvaksi\\\/\"]}]},{\"@type\":\"ImageObject\",\"inLanguage\":\"sv-SE\",\"@id\":\"https:\\\/\\\/rotary.fi\\\/mariehamn\\\/suomeksi\\\/ukrainan-hyvaksi\\\/#primaryimage\",\"url\":\"https:\\\/\\\/rotary.fi\\\/mariehamn\\\/wp-content\\\/uploads\\\/sites\\\/246\\\/2026\\\/02\\\/lott2.jpg\",\"contentUrl\":\"https:\\\/\\\/rotary.fi\\\/mariehamn\\\/wp-content\\\/uploads\\\/sites\\\/246\\\/2026\\\/02\\\/lott2.jpg\",\"width\":2048,\"height\":698},{\"@type\":\"BreadcrumbList\",\"@id\":\"https:\\\/\\\/rotary.fi\\\/mariehamn\\\/suomeksi\\\/ukrainan-hyvaksi\\\/#breadcrumb\",\"itemListElement\":[{\"@type\":\"ListItem\",\"position\":1,\"name\":\"Home\",\"item\":\"https:\\\/\\\/rotary.fi\\\/mariehamn\\\/\"},{\"@type\":\"ListItem\",\"position\":2,\"name\":\"Suomeksi\",\"item\":\"https:\\\/\\\/rotary.fi\\\/mariehamn\\\/suomeksi\\\/\"},{\"@type\":\"ListItem\",\"position\":3,\"name\":\"Projekti Ukrainan hyv\u00e4ksi\"}]},{\"@type\":\"WebSite\",\"@id\":\"https:\\\/\\\/rotary.fi\\\/mariehamn\\\/#website\",\"url\":\"https:\\\/\\\/rotary.fi\\\/mariehamn\\\/\",\"name\":\"Mariehamns Rotaryklubb\",\"description\":\"Ny rotaryklubbs hemsida\",\"potentialAction\":[{\"@type\":\"SearchAction\",\"target\":{\"@type\":\"EntryPoint\",\"urlTemplate\":\"https:\\\/\\\/rotary.fi\\\/mariehamn\\\/?s={search_term_string}\"},\"query-input\":{\"@type\":\"PropertyValueSpecification\",\"valueRequired\":true,\"valueName\":\"search_term_string\"}}],\"inLanguage\":\"sv-SE\"}]}<\/script>\n<!-- \/ Yoast SEO plugin. -->","yoast_head_json":{"title":"Projekti Ukrainan hyv\u00e4ksi - Mariehamns Rotaryklubb","robots":{"index":"index","follow":"follow","max-snippet":"max-snippet:-1","max-image-preview":"max-image-preview:large","max-video-preview":"max-video-preview:-1"},"canonical":"https:\/\/rotary.fi\/mariehamn\/suomeksi\/ukrainan-hyvaksi\/","og_locale":"sv_SE","og_type":"article","og_title":"Projekti Ukrainan hyv\u00e4ksi - Mariehamns Rotaryklubb","og_description":"\u200bToivoa kylmyyteen - Avustusmatka kev\u00e4t 2026Projekti Ukrainan hyv\u00e4ksiL\u00e4mp\u00f6\u00e4, ajoneuvoja ja toivoa UkrainaanOlemme saavuttaneet tavoitteen: 40 000 euroa Kiitos panoksestasi! &nbsp; P\u00e4ivitetty: 28.2.2026 &nbsp; &nbsp;Mariehamn Rotaryklubb Ukraina-tiliBIC: AABAFI22IBAN: FI30 6601 0003 2569 71 Ker\u00e4yslupa \u00c5LR 2026\/254 (alue: Ahvenanmaa)Arpajaislupa \u00c5LR 2026\/727 (alue: Ahvenanmaa) Jos klubit mantereella tekev\u00e4t yleis\u00f6lle sunnattuja ker\u00e4yksi\u00e4 on klubin haettava sit\u00e4 varten oma ker\u00e4yslupa.Toivoa [&hellip;]","og_url":"https:\/\/rotary.fi\/mariehamn\/suomeksi\/ukrainan-hyvaksi\/","og_site_name":"Mariehamns Rotaryklubb","article_modified_time":"2026-03-02T08:18:33+00:00","og_image":[{"width":2048,"height":698,"url":"https:\/\/rotary.fi\/mariehamn\/wp-content\/uploads\/sites\/246\/2026\/02\/lott2.jpg","type":"image\/jpeg"}],"twitter_card":"summary_large_image","twitter_misc":{"Ber\u00e4knad l\u00e4stid":"6 minuter"},"schema":{"@context":"https:\/\/schema.org","@graph":[{"@type":"WebPage","@id":"https:\/\/rotary.fi\/mariehamn\/suomeksi\/ukrainan-hyvaksi\/","url":"https:\/\/rotary.fi\/mariehamn\/suomeksi\/ukrainan-hyvaksi\/","name":"Projekti Ukrainan hyv\u00e4ksi - Mariehamns Rotaryklubb","isPartOf":{"@id":"https:\/\/rotary.fi\/mariehamn\/#website"},"primaryImageOfPage":{"@id":"https:\/\/rotary.fi\/mariehamn\/suomeksi\/ukrainan-hyvaksi\/#primaryimage"},"image":{"@id":"https:\/\/rotary.fi\/mariehamn\/suomeksi\/ukrainan-hyvaksi\/#primaryimage"},"thumbnailUrl":"https:\/\/rotary.fi\/mariehamn\/wp-content\/uploads\/sites\/246\/2026\/02\/lott2.jpg","datePublished":"2026-02-09T09:13:15+00:00","dateModified":"2026-03-02T08:18:33+00:00","breadcrumb":{"@id":"https:\/\/rotary.fi\/mariehamn\/suomeksi\/ukrainan-hyvaksi\/#breadcrumb"},"inLanguage":"sv-SE","potentialAction":[{"@type":"ReadAction","target":["https:\/\/rotary.fi\/mariehamn\/suomeksi\/ukrainan-hyvaksi\/"]}]},{"@type":"ImageObject","inLanguage":"sv-SE","@id":"https:\/\/rotary.fi\/mariehamn\/suomeksi\/ukrainan-hyvaksi\/#primaryimage","url":"https:\/\/rotary.fi\/mariehamn\/wp-content\/uploads\/sites\/246\/2026\/02\/lott2.jpg","contentUrl":"https:\/\/rotary.fi\/mariehamn\/wp-content\/uploads\/sites\/246\/2026\/02\/lott2.jpg","width":2048,"height":698},{"@type":"BreadcrumbList","@id":"https:\/\/rotary.fi\/mariehamn\/suomeksi\/ukrainan-hyvaksi\/#breadcrumb","itemListElement":[{"@type":"ListItem","position":1,"name":"Home","item":"https:\/\/rotary.fi\/mariehamn\/"},{"@type":"ListItem","position":2,"name":"Suomeksi","item":"https:\/\/rotary.fi\/mariehamn\/suomeksi\/"},{"@type":"ListItem","position":3,"name":"Projekti Ukrainan hyv\u00e4ksi"}]},{"@type":"WebSite","@id":"https:\/\/rotary.fi\/mariehamn\/#website","url":"https:\/\/rotary.fi\/mariehamn\/","name":"Mariehamns Rotaryklubb","description":"Ny rotaryklubbs hemsida","potentialAction":[{"@type":"SearchAction","target":{"@type":"EntryPoint","urlTemplate":"https:\/\/rotary.fi\/mariehamn\/?s={search_term_string}"},"query-input":{"@type":"PropertyValueSpecification","valueRequired":true,"valueName":"search_term_string"}}],"inLanguage":"sv-SE"}]}},"lang":"sv","translations":{"sv":2983},"pll_sync_post":[],"_links":{"self":[{"href":"https:\/\/rotary.fi\/mariehamn\/wp-json\/wp\/v2\/pages\/2983","targetHints":{"allow":["GET"]}}],"collection":[{"href":"https:\/\/rotary.fi\/mariehamn\/wp-json\/wp\/v2\/pages"}],"about":[{"href":"https:\/\/rotary.fi\/mariehamn\/wp-json\/wp\/v2\/types\/page"}],"author":[{"embeddable":true,"href":"https:\/\/rotary.fi\/mariehamn\/wp-json\/wp\/v2\/users\/689"}],"replies":[{"embeddable":true,"href":"https:\/\/rotary.fi\/mariehamn\/wp-json\/wp\/v2\/comments?post=2983"}],"version-history":[{"count":10,"href":"https:\/\/rotary.fi\/mariehamn\/wp-json\/wp\/v2\/pages\/2983\/revisions"}],"predecessor-version":[{"id":3093,"href":"https:\/\/rotary.fi\/mariehamn\/wp-json\/wp\/v2\/pages\/2983\/revisions\/3093"}],"up":[{"embeddable":true,"href":"https:\/\/rotary.fi\/mariehamn\/wp-json\/wp\/v2\/pages\/3004"}],"wp:featuredmedia":[{"embeddable":true,"href":"https:\/\/rotary.fi\/mariehamn\/wp-json\/wp\/v2\/media\/2963"}],"wp:attachment":[{"href":"https:\/\/rotary.fi\/mariehamn\/wp-json\/wp\/v2\/media?parent=2983"}],"curies":[{"name":"wp","href":"https:\/\/api.w.org\/{rel}","templated":true}]}}