{"id":2400,"date":"2024-10-07T18:16:21","date_gmt":"2024-10-07T15:16:21","guid":{"rendered":"https:\/\/rotary.fi\/mariehamn\/?page_id=2400"},"modified":"2025-01-27T15:37:34","modified_gmt":"2025-01-27T13:37:34","slug":"ukrainagala","status":"publish","type":"page","link":"https:\/\/rotary.fi\/mariehamn\/vad-gor-vi\/ukrainainsamling\/ukrainagala\/","title":{"rendered":"Ukrainagala"},"content":{"rendered":"<p>[et_pb_section fb_built=&#8221;1&#8243; module_class=&#8221;jumbotron-page&#8221; _builder_version=&#8221;4.27.0&#8243; background_image=&#8221;https:\/\/rotary.fi\/mariehamn\/wp-content\/uploads\/sites\/246\/2024\/02\/img-9091-2.jpg&#8221; global_colors_info=&#8221;{}&#8221;][et_pb_row _builder_version=&#8221;4.16&#8243; background_size=&#8221;initial&#8221; background_position=&#8221;top_left&#8221; background_repeat=&#8221;repeat&#8221; global_colors_info=&#8221;{}&#8221;][et_pb_column type=&#8221;4_4&#8243; _builder_version=&#8221;4.16&#8243; custom_padding=&#8221;|||&#8221; global_colors_info=&#8221;{}&#8221; custom_padding__hover=&#8221;|||&#8221;][et_pb_text admin_label=&#8221;Main \/\/ Projekt&#8221; _builder_version=&#8221;4.27.0&#8243; text_orientation=&#8221;center&#8221; background_layout=&#8221;dark&#8221; global_colors_info=&#8221;{}&#8221;]<\/p>\n<h1>Ukrainagala<\/h1>\n<p>[\/et_pb_text][\/et_pb_column][\/et_pb_row][\/et_pb_section][et_pb_section fb_built=&#8221;1&#8243; specialty=&#8221;on&#8221; module_class_2=&#8221;sivupalkki&#8221; _builder_version=&#8221;4.16&#8243; global_colors_info=&#8221;{}&#8221;][et_pb_column type=&#8221;2_3&#8243; specialty_columns=&#8221;2&#8243; _builder_version=&#8221;4.16&#8243; custom_padding=&#8221;|||&#8221; global_colors_info=&#8221;{}&#8221; custom_padding__hover=&#8221;|||&#8221;][et_pb_row_inner admin_label=&#8221;Rivi&#8221; _builder_version=&#8221;4.16&#8243; global_colors_info=&#8221;{}&#8221;][et_pb_column_inner saved_specialty_column_type=&#8221;2_3&#8243; _builder_version=&#8221;4.16&#8243; custom_padding=&#8221;|||&#8221; global_colors_info=&#8221;{}&#8221; custom_padding__hover=&#8221;|||&#8221;][et_pb_text admin_label=&#8221;Projekt &#8211; rubrik&#8221; _builder_version=&#8221;4.22.1&#8243; text_orientation=&#8221;center&#8221; global_colors_info=&#8221;{}&#8221;]<\/p>\n<h1>Projekt f\u00f6r Ukraina<\/h1>\n<p>[\/et_pb_text][et_pb_text admin_label=&#8221;Text: Projekt&#8221; _builder_version=&#8221;4.22.1&#8243; global_colors_info=&#8221;{}&#8221;][\/et_pb_text][\/et_pb_column_inner][\/et_pb_row_inner][et_pb_row_inner admin_label=&#8221;Rivi&#8221; _builder_version=&#8221;4.16&#8243; global_colors_info=&#8221;{}&#8221;][et_pb_column_inner saved_specialty_column_type=&#8221;2_3&#8243; _builder_version=&#8221;4.16&#8243; custom_padding=&#8221;|||&#8221; global_colors_info=&#8221;{}&#8221; custom_padding__hover=&#8221;|||&#8221;][et_pb_text admin_label=&#8221;Ukrainagala&#8221; _builder_version=&#8221;4.22.1&#8243; text_orientation=&#8221;center&#8221; global_colors_info=&#8221;{}&#8221;]<\/p>\n<h4>Galan <em>Ringar p\u00e5 vattnet<\/em> &#8211; en varm kv\u00e4ll f\u00f6r Ukraina blev en succ\u00e9<\/h4>\n<p>[\/et_pb_text][et_pb_text admin_label=&#8221;Text: Ukrainagala&#8221; _builder_version=&#8221;4.22.1&#8243; global_colors_info=&#8221;{}&#8221;]<\/p>\n<p>\u00c5land och Mariehamns Rotaryklubb forts\u00e4tter att g\u00f6ra skillnad f\u00f6r den drabbade befolkningen i Ukraina. Eldsj\u00e4larna inom hj\u00e4lparbetet p\u00e5 \u00c5land ville tacka alla som har bidragit till alla st\u00f6dinsatser och samtidigt forts\u00e4tta att samla in pengar till f\u00f6rm\u00e5n f\u00f6r beh\u00f6vande i Ukrainas mest utsatta omr\u00e5den genom att arrangera en Ukrainagala. Galakv\u00e4llen bestod av tv\u00e5 delar, inledningsvis en del med s\u00e5ng, musik och poesi. Stora festsalen p\u00e5 Alandica var fullsatt. Efter programdelen serverades ukrainsk sup\u00e9 med tal, f\u00f6rfattarpresentationer, utrikesreporterns perspektiv och fortsatt musikunderh\u00e5llning. Ocks\u00e5 galamiddagen var uts\u00e5ld till sista plats.<\/p>\n<p>Listan p\u00e5 artister, konstn\u00e4rer och andra som utan ers\u00e4ttning st\u00e4llde upp och sj\u00f6ng, spelade, l\u00e4ste dikter och prosa var l\u00e5ng, och bestod s\u00e5v\u00e4l av etablerade professionella ut\u00f6vare som unga lokala s\u00e5ngare och musiker. Kv\u00e4llens konferencier Mia Hafr\u00e9n konstaterade att hela kv\u00e4llen handlade om givandets konst.<\/p>\n<p>St\u00f6rst intryck gjorde kanske den ukrainska ungdomsk\u00f6ren Chornobryvtsi som tillsammans med ungdomar fr\u00e5n \u00c5lands musikinstitut upptr\u00e4dde med b\u00e5de klassiska ukrainska stycken och nyskrivna texter samt poeten Julia Musakovska som ackompanjerad av den unga \u00e5l\u00e4ndska cellisten Lydia Eriksson l\u00e4ste sina starka dikter p\u00e5 b\u00e5de ukrainska och svenska.<\/p>\n<p>Ukrainas ambassad\u00f6r Olga Dibrova medverkade med tal och uppdateringar om vilka de st\u00f6rsta behoven \u00e4r i Ukraina och framh\u00f6ll \u00c5land som en kraftk\u00e4lla. Utrikesreportern Antti Kuronens ber\u00e4ttelser st\u00e4rkte ambassad\u00f6rens vittnesm\u00e5l.<\/p>\n<p>Rotarianer fr\u00e5n Mariehamns och Godby Rotaryklubbar agerade \u201dRiddare\u201d under kv\u00e4llen. Riddarna samlade in donationer genom att ringa runt till sina n\u00e4tverk, en insamling som totalt gav n\u00e4stan 22\u00a0000 euro. Under kv\u00e4llen h\u00f6lls \u00e4ven en auktion med bland annat konst, smycken och upplevelser.<\/p>\n<p>Sammantaget har kv\u00e4llen tills vidare inbringat ett nettoresultat p\u00e5 \u00f6ver 69 300 euro! H\u00e4lften av pengarna som samlades in under galan doneras till en humanit\u00e4r hj\u00e4lporganisation i Ukraina, en organisation som hj\u00e4lper \u00e4ldre, funktionshindrade och f\u00f6r\u00e4ldral\u00f6sa barn och andra utsatta grupper som inte kan l\u00e4mna det s\u00e5 kallade nollomr\u00e5det n\u00e4ra fronten. Den andra h\u00e4lften av int\u00e4kterna kommer att bekosta \u00c5lands fortsatta hj\u00e4lpresor till Ukraina. I f\u00f6rsta hand finns en portabel tandl\u00e4karbil och ytterligare en ambulansbuss med p\u00e5 listan \u00f6ver \u00f6nskem\u00e5len fr\u00e5n Ukraina.<\/p>\n<p>Foto: Bj\u00f6rn-Olof Ehrnstr\u00f6m<\/p>\n<p>[\/et_pb_text][\/et_pb_column_inner][\/et_pb_row_inner][et_pb_row_inner _builder_version=&#8221;4.22.1&#8243; _module_preset=&#8221;default&#8221; global_colors_info=&#8221;{}&#8221;][et_pb_column_inner saved_specialty_column_type=&#8221;2_3&#8243; _builder_version=&#8221;4.22.1&#8243; _module_preset=&#8221;default&#8221; global_colors_info=&#8221;{}&#8221;][et_pb_image src=&#8221;https:\/\/rotary.fi\/mariehamn\/wp-content\/uploads\/sites\/246\/2024\/02\/img-20240113-195950-2.jpg&#8221; title_text=&#8221;IMG_20240113_195950-2&#8243; admin_label=&#8221;Bild MvF&#8221; _builder_version=&#8221;4.22.1&#8243; _module_preset=&#8221;default&#8221; global_colors_info=&#8221;{}&#8221;][\/et_pb_image][et_pb_text admin_label=&#8221;Text: Bildtext MvF&#8221; _builder_version=&#8221;4.22.1&#8243; global_colors_info=&#8221;{}&#8221;]<\/p>\n<p>Eldsj\u00e4len och rotarianen Monica von Frenckell<\/p>\n<p>[\/et_pb_text][et_pb_image src=&#8221;https:\/\/rotary.fi\/mariehamn\/wp-content\/uploads\/sites\/246\/2024\/02\/img-9091-2.jpg&#8221; title_text=&#8221;IMG_9091-2&#8243; admin_label=&#8221;Bild K\u00f6r&#8221; _builder_version=&#8221;4.22.1&#8243; _module_preset=&#8221;default&#8221; global_colors_info=&#8221;{}&#8221;][\/et_pb_image][et_pb_text admin_label=&#8221;Text: Bildtext K\u00f6r&#8221; _builder_version=&#8221;4.22.1&#8243; global_colors_info=&#8221;{}&#8221;]<\/p>\n<p>Ungdomsk\u00f6ren Chornobryvtsi fr\u00e5n Lviv<\/p>\n<p>[\/et_pb_text][et_pb_image src=&#8221;https:\/\/rotary.fi\/mariehamn\/wp-content\/uploads\/sites\/246\/2024\/02\/img-9110.jpg&#8221; title_text=&#8221;IMG_9110&#8243; admin_label=&#8221;Bild Poet&#8221; _builder_version=&#8221;4.22.1&#8243; _module_preset=&#8221;default&#8221; global_colors_info=&#8221;{}&#8221;][\/et_pb_image][et_pb_text admin_label=&#8221;Text: Bildtext Poet&#8221; _builder_version=&#8221;4.22.1&#8243; global_colors_info=&#8221;{}&#8221;]<\/p>\n<p>Poeten Julia Musakovska och cellisten Lydia Eriksson<\/p>\n<p>[\/et_pb_text][\/et_pb_column_inner][\/et_pb_row_inner][\/et_pb_column][et_pb_column type=&#8221;1_3&#8243; _builder_version=&#8221;4.16&#8243; custom_padding=&#8221;|||&#8221; global_colors_info=&#8221;{}&#8221; custom_padding__hover=&#8221;|||&#8221;][et_pb_sidebar area=&#8221;sidebar-1&#8243; admin_label=&#8221;Sidebar&#8221; module_class=&#8221;sivupalkki_sisalto&#8221; _builder_version=&#8221;4.16&#8243; locked=&#8221;on&#8221; global_colors_info=&#8221;{}&#8221;][\/et_pb_sidebar][\/et_pb_column][\/et_pb_section]<\/p>\n","protected":false},"excerpt":{"rendered":"<p>Ukrainagala Projekt f\u00f6r Ukraina Galan Ringar p\u00e5 vattnet &#8211; en varm kv\u00e4ll f\u00f6r Ukraina blev en succ\u00e9 \u00c5land och Mariehamns Rotaryklubb forts\u00e4tter att g\u00f6ra skillnad f\u00f6r den drabbade befolkningen i Ukraina. Eldsj\u00e4larna inom hj\u00e4lparbetet p\u00e5 \u00c5land ville tacka alla som har bidragit till alla st\u00f6dinsatser och samtidigt forts\u00e4tta att samla in pengar till f\u00f6rm\u00e5n f\u00f6r [&hellip;]<\/p>\n","protected":false},"author":689,"featured_media":0,"parent":2407,"menu_order":2,"comment_status":"closed","ping_status":"closed","template":"","meta":{"_acf_changed":false,"_et_pb_use_builder":"on","_et_pb_old_content":"","_et_gb_content_width":"","footnotes":""},"class_list":["post-2400","page","type-page","status-publish","hentry"],"acf":[],"yoast_head":"<!-- This site is optimized with the Yoast SEO plugin v27.4 - https:\/\/yoast.com\/product\/yoast-seo-wordpress\/ -->\n<title>Ukrainagala - Mariehamns Rotaryklubb<\/title>\n<meta name=\"robots\" content=\"index, follow, max-snippet:-1, max-image-preview:large, max-video-preview:-1\" \/>\n<link rel=\"canonical\" href=\"https:\/\/rotary.fi\/mariehamn\/vad-gor-vi\/ukrainainsamling\/ukrainagala\/\" \/>\n<meta property=\"og:locale\" content=\"sv_SE\" \/>\n<meta property=\"og:type\" content=\"article\" \/>\n<meta property=\"og:title\" content=\"Ukrainagala - Mariehamns Rotaryklubb\" \/>\n<meta property=\"og:description\" content=\"Ukrainagala Projekt f\u00f6r Ukraina Galan Ringar p\u00e5 vattnet - en varm kv\u00e4ll f\u00f6r Ukraina blev en succ\u00e9 \u00c5land och Mariehamns Rotaryklubb forts\u00e4tter att g\u00f6ra skillnad f\u00f6r den drabbade befolkningen i Ukraina. Eldsj\u00e4larna inom hj\u00e4lparbetet p\u00e5 \u00c5land ville tacka alla som har bidragit till alla st\u00f6dinsatser och samtidigt forts\u00e4tta att samla in pengar till f\u00f6rm\u00e5n f\u00f6r [&hellip;]\" \/>\n<meta property=\"og:url\" content=\"https:\/\/rotary.fi\/mariehamn\/vad-gor-vi\/ukrainainsamling\/ukrainagala\/\" \/>\n<meta property=\"og:site_name\" content=\"Mariehamns Rotaryklubb\" \/>\n<meta property=\"article:modified_time\" content=\"2025-01-27T13:37:34+00:00\" \/>\n<meta name=\"twitter:card\" content=\"summary_large_image\" \/>\n<meta name=\"twitter:label1\" content=\"Ber\u00e4knad l\u00e4stid\" \/>\n\t<meta name=\"twitter:data1\" content=\"3 minuter\" \/>\n<script type=\"application\/ld+json\" class=\"yoast-schema-graph\">{\"@context\":\"https:\\\/\\\/schema.org\",\"@graph\":[{\"@type\":\"WebPage\",\"@id\":\"https:\\\/\\\/rotary.fi\\\/mariehamn\\\/vad-gor-vi\\\/ukrainainsamling\\\/ukrainagala\\\/\",\"url\":\"https:\\\/\\\/rotary.fi\\\/mariehamn\\\/vad-gor-vi\\\/ukrainainsamling\\\/ukrainagala\\\/\",\"name\":\"Ukrainagala - Mariehamns Rotaryklubb\",\"isPartOf\":{\"@id\":\"https:\\\/\\\/rotary.fi\\\/mariehamn\\\/#website\"},\"datePublished\":\"2024-10-07T15:16:21+00:00\",\"dateModified\":\"2025-01-27T13:37:34+00:00\",\"breadcrumb\":{\"@id\":\"https:\\\/\\\/rotary.fi\\\/mariehamn\\\/vad-gor-vi\\\/ukrainainsamling\\\/ukrainagala\\\/#breadcrumb\"},\"inLanguage\":\"sv-SE\",\"potentialAction\":[{\"@type\":\"ReadAction\",\"target\":[\"https:\\\/\\\/rotary.fi\\\/mariehamn\\\/vad-gor-vi\\\/ukrainainsamling\\\/ukrainagala\\\/\"]}]},{\"@type\":\"BreadcrumbList\",\"@id\":\"https:\\\/\\\/rotary.fi\\\/mariehamn\\\/vad-gor-vi\\\/ukrainainsamling\\\/ukrainagala\\\/#breadcrumb\",\"itemListElement\":[{\"@type\":\"ListItem\",\"position\":1,\"name\":\"Home\",\"item\":\"https:\\\/\\\/rotary.fi\\\/mariehamn\\\/\"},{\"@type\":\"ListItem\",\"position\":2,\"name\":\"Vad g\u00f6r vi\",\"item\":\"https:\\\/\\\/rotary.fi\\\/mariehamn\\\/vad-gor-vi\\\/\"},{\"@type\":\"ListItem\",\"position\":3,\"name\":\"Ukrainainsamling\",\"item\":\"https:\\\/\\\/rotary.fi\\\/mariehamn\\\/vad-gor-vi\\\/ukrainainsamling\\\/\"},{\"@type\":\"ListItem\",\"position\":4,\"name\":\"Ukrainagala\"}]},{\"@type\":\"WebSite\",\"@id\":\"https:\\\/\\\/rotary.fi\\\/mariehamn\\\/#website\",\"url\":\"https:\\\/\\\/rotary.fi\\\/mariehamn\\\/\",\"name\":\"Mariehamns Rotaryklubb\",\"description\":\"Ny rotaryklubbs hemsida\",\"potentialAction\":[{\"@type\":\"SearchAction\",\"target\":{\"@type\":\"EntryPoint\",\"urlTemplate\":\"https:\\\/\\\/rotary.fi\\\/mariehamn\\\/?s={search_term_string}\"},\"query-input\":{\"@type\":\"PropertyValueSpecification\",\"valueRequired\":true,\"valueName\":\"search_term_string\"}}],\"inLanguage\":\"sv-SE\"}]}<\/script>\n<!-- \/ Yoast SEO plugin. -->","yoast_head_json":{"title":"Ukrainagala - Mariehamns Rotaryklubb","robots":{"index":"index","follow":"follow","max-snippet":"max-snippet:-1","max-image-preview":"max-image-preview:large","max-video-preview":"max-video-preview:-1"},"canonical":"https:\/\/rotary.fi\/mariehamn\/vad-gor-vi\/ukrainainsamling\/ukrainagala\/","og_locale":"sv_SE","og_type":"article","og_title":"Ukrainagala - Mariehamns Rotaryklubb","og_description":"Ukrainagala Projekt f\u00f6r Ukraina Galan Ringar p\u00e5 vattnet - en varm kv\u00e4ll f\u00f6r Ukraina blev en succ\u00e9 \u00c5land och Mariehamns Rotaryklubb forts\u00e4tter att g\u00f6ra skillnad f\u00f6r den drabbade befolkningen i Ukraina. Eldsj\u00e4larna inom hj\u00e4lparbetet p\u00e5 \u00c5land ville tacka alla som har bidragit till alla st\u00f6dinsatser och samtidigt forts\u00e4tta att samla in pengar till f\u00f6rm\u00e5n f\u00f6r [&hellip;]","og_url":"https:\/\/rotary.fi\/mariehamn\/vad-gor-vi\/ukrainainsamling\/ukrainagala\/","og_site_name":"Mariehamns Rotaryklubb","article_modified_time":"2025-01-27T13:37:34+00:00","twitter_card":"summary_large_image","twitter_misc":{"Ber\u00e4knad l\u00e4stid":"3 minuter"},"schema":{"@context":"https:\/\/schema.org","@graph":[{"@type":"WebPage","@id":"https:\/\/rotary.fi\/mariehamn\/vad-gor-vi\/ukrainainsamling\/ukrainagala\/","url":"https:\/\/rotary.fi\/mariehamn\/vad-gor-vi\/ukrainainsamling\/ukrainagala\/","name":"Ukrainagala - Mariehamns Rotaryklubb","isPartOf":{"@id":"https:\/\/rotary.fi\/mariehamn\/#website"},"datePublished":"2024-10-07T15:16:21+00:00","dateModified":"2025-01-27T13:37:34+00:00","breadcrumb":{"@id":"https:\/\/rotary.fi\/mariehamn\/vad-gor-vi\/ukrainainsamling\/ukrainagala\/#breadcrumb"},"inLanguage":"sv-SE","potentialAction":[{"@type":"ReadAction","target":["https:\/\/rotary.fi\/mariehamn\/vad-gor-vi\/ukrainainsamling\/ukrainagala\/"]}]},{"@type":"BreadcrumbList","@id":"https:\/\/rotary.fi\/mariehamn\/vad-gor-vi\/ukrainainsamling\/ukrainagala\/#breadcrumb","itemListElement":[{"@type":"ListItem","position":1,"name":"Home","item":"https:\/\/rotary.fi\/mariehamn\/"},{"@type":"ListItem","position":2,"name":"Vad g\u00f6r vi","item":"https:\/\/rotary.fi\/mariehamn\/vad-gor-vi\/"},{"@type":"ListItem","position":3,"name":"Ukrainainsamling","item":"https:\/\/rotary.fi\/mariehamn\/vad-gor-vi\/ukrainainsamling\/"},{"@type":"ListItem","position":4,"name":"Ukrainagala"}]},{"@type":"WebSite","@id":"https:\/\/rotary.fi\/mariehamn\/#website","url":"https:\/\/rotary.fi\/mariehamn\/","name":"Mariehamns Rotaryklubb","description":"Ny rotaryklubbs hemsida","potentialAction":[{"@type":"SearchAction","target":{"@type":"EntryPoint","urlTemplate":"https:\/\/rotary.fi\/mariehamn\/?s={search_term_string}"},"query-input":{"@type":"PropertyValueSpecification","valueRequired":true,"valueName":"search_term_string"}}],"inLanguage":"sv-SE"}]}},"lang":"sv","translations":{"sv":2400},"pll_sync_post":[],"_links":{"self":[{"href":"https:\/\/rotary.fi\/mariehamn\/wp-json\/wp\/v2\/pages\/2400","targetHints":{"allow":["GET"]}}],"collection":[{"href":"https:\/\/rotary.fi\/mariehamn\/wp-json\/wp\/v2\/pages"}],"about":[{"href":"https:\/\/rotary.fi\/mariehamn\/wp-json\/wp\/v2\/types\/page"}],"author":[{"embeddable":true,"href":"https:\/\/rotary.fi\/mariehamn\/wp-json\/wp\/v2\/users\/689"}],"replies":[{"embeddable":true,"href":"https:\/\/rotary.fi\/mariehamn\/wp-json\/wp\/v2\/comments?post=2400"}],"version-history":[{"count":4,"href":"https:\/\/rotary.fi\/mariehamn\/wp-json\/wp\/v2\/pages\/2400\/revisions"}],"predecessor-version":[{"id":2404,"href":"https:\/\/rotary.fi\/mariehamn\/wp-json\/wp\/v2\/pages\/2400\/revisions\/2404"}],"up":[{"embeddable":true,"href":"https:\/\/rotary.fi\/mariehamn\/wp-json\/wp\/v2\/pages\/2407"}],"wp:attachment":[{"href":"https:\/\/rotary.fi\/mariehamn\/wp-json\/wp\/v2\/media?parent=2400"}],"curies":[{"name":"wp","href":"https:\/\/api.w.org\/{rel}","templated":true}]}}