{"id":2190,"date":"2023-11-17T18:06:22","date_gmt":"2023-11-17T16:06:22","guid":{"rendered":"https:\/\/rotary.fi\/mariehamn\/?page_id=2190"},"modified":"2026-01-19T11:28:33","modified_gmt":"2026-01-19T09:28:33","slug":"utfard","status":"publish","type":"page","link":"https:\/\/rotary.fi\/mariehamn\/vad-gor-vi\/utfard\/","title":{"rendered":"Studiebes\u00f6k och utf\u00e4rder"},"content":{"rendered":"<p>[et_pb_section fb_built=&#8221;1&#8243; module_class=&#8221;jumbotron-page&#8221; _builder_version=&#8221;4.22.1&#8243; background_image=&#8221;https:\/\/rotary.fi\/mariehamn\/wp-content\/uploads\/sites\/246\/2023\/11\/bjorskar1.jpg&#8221; global_colors_info=&#8221;{}&#8221;][et_pb_row _builder_version=&#8221;4.16&#8243; background_size=&#8221;initial&#8221; background_position=&#8221;top_left&#8221; background_repeat=&#8221;repeat&#8221; global_colors_info=&#8221;{}&#8221;][et_pb_column type=&#8221;4_4&#8243; _builder_version=&#8221;4.16&#8243; custom_padding=&#8221;|||&#8221; global_colors_info=&#8221;{}&#8221; custom_padding__hover=&#8221;|||&#8221;][et_pb_text admin_label=&#8221;Main \/\/ Projekt&#8221; _builder_version=&#8221;4.22.1&#8243; text_orientation=&#8221;center&#8221; background_layout=&#8221;dark&#8221; global_colors_info=&#8221;{}&#8221;]<\/p>\n<h1>Studiebes\u00f6k och utf\u00e4rder<\/h1>\n<p>[\/et_pb_text][\/et_pb_column][\/et_pb_row][\/et_pb_section][et_pb_section fb_built=&#8221;1&#8243; specialty=&#8221;on&#8221; module_class_2=&#8221;sivupalkki&#8221; _builder_version=&#8221;4.16&#8243; global_colors_info=&#8221;{}&#8221;][et_pb_column type=&#8221;2_3&#8243; specialty_columns=&#8221;2&#8243; _builder_version=&#8221;4.16&#8243; custom_padding=&#8221;|||&#8221; global_colors_info=&#8221;{}&#8221; custom_padding__hover=&#8221;|||&#8221;][et_pb_row_inner admin_label=&#8221;Rivi&#8221; _builder_version=&#8221;4.16&#8243; global_colors_info=&#8221;{}&#8221;][et_pb_column_inner saved_specialty_column_type=&#8221;2_3&#8243; _builder_version=&#8221;4.16&#8243; custom_padding=&#8221;|||&#8221; global_colors_info=&#8221;{}&#8221; custom_padding__hover=&#8221;|||&#8221;][et_pb_text admin_label=&#8221;Utf\u00e4rd &#8211; rubrik&#8221; _builder_version=&#8221;4.22.1&#8243; text_orientation=&#8221;center&#8221; global_colors_info=&#8221;{}&#8221;]<\/p>\n<h1>Studiebes\u00f6k och utf\u00e4rder<\/h1>\n<p>[\/et_pb_text][et_pb_text admin_label=&#8221;Text: Utf\u00e4rd&#8221; _builder_version=&#8221;4.27.4&#8243; global_colors_info=&#8221;{}&#8221;]<\/p>\n<p>Klubben har som m\u00e5l att ordna gemensamma utf\u00e4rder, aktiviteter och studiebes\u00f6k vid sidan om de traditionella veckom\u00f6tena med f\u00f6redrag.<\/p>\n<p>Speciellt flitig att ordna studiebes\u00f6k och utf\u00e4rder till intressanta f\u00f6retag och st\u00e4llen p\u00e5 \u00c5land \u00e4r Seniorkommitt\u00e9n. Deltagarantalet har variet fr\u00e5n en handfull till st\u00f6rre skaror, men alla har alltid l\u00e4rt sig mer om v\u00e5rt samh\u00e4lle.<\/p>\n<p>H\u00e4r visas en bildkavalkad \u00f6ver de senaste rotary\u00e5rens bes\u00f6k.<\/p>\n<p>[\/et_pb_text][\/et_pb_column_inner][\/et_pb_row_inner][et_pb_row_inner _builder_version=&#8221;4.22.1&#8243; _module_preset=&#8221;default&#8221; global_colors_info=&#8221;{}&#8221;][et_pb_column_inner saved_specialty_column_type=&#8221;2_3&#8243; _builder_version=&#8221;4.22.1&#8243; _module_preset=&#8221;default&#8221; global_colors_info=&#8221;{}&#8221;][et_pb_image src=&#8221;https:\/\/rotary.fi\/mariehamn\/wp-content\/uploads\/sites\/246\/2026\/01\/img20251024132533.jpg&#8221; title_text=&#8221;IMG20251024132533&#8243; _builder_version=&#8221;4.27.4&#8243; _module_preset=&#8221;default&#8221; global_colors_info=&#8221;{}&#8221;][\/et_pb_image][et_pb_text admin_label=&#8221;Text: Bildtext \u00d6nningeby&#8221; _builder_version=&#8221;4.27.4&#8243; global_colors_info=&#8221;{}&#8221;]<\/p>\n<p>24 oktober 2025 blev det konst i \u00d6nningeby mus\u00e9et.<\/p>\n<p>[\/et_pb_text][\/et_pb_column_inner][\/et_pb_row_inner][et_pb_row_inner _builder_version=&#8221;4.22.1&#8243; _module_preset=&#8221;default&#8221; global_colors_info=&#8221;{}&#8221;][et_pb_column_inner saved_specialty_column_type=&#8221;2_3&#8243; _builder_version=&#8221;4.22.1&#8243; _module_preset=&#8221;default&#8221; global_colors_info=&#8221;{}&#8221;][et_pb_image title_text=&#8221;IMG20251003142246&#8243; _builder_version=&#8221;4.27.4&#8243; _module_preset=&#8221;default&#8221; hover_enabled=&#8221;0&#8243; global_colors_info=&#8221;{}&#8221; src=&#8221;https:\/\/rotary.fi\/mariehamn\/wp-content\/uploads\/sites\/246\/2026\/01\/img20251003142246.jpg&#8221; sticky_enabled=&#8221;0&#8243;][\/et_pb_image][et_pb_text admin_label=&#8221;Text: Bildtext Dinera&#8221; _builder_version=&#8221;4.27.4&#8243; global_colors_info=&#8221;{}&#8221;]<\/p>\n<p>3 oktober 2025 fick vi guidning i W.J. Dahlmans och Dineras anl\u00e4ggning i Mariehamn<\/p>\n<p>[\/et_pb_text][\/et_pb_column_inner][\/et_pb_row_inner][et_pb_row_inner _builder_version=&#8221;4.22.1&#8243; _module_preset=&#8221;default&#8221; global_colors_info=&#8221;{}&#8221;][et_pb_column_inner saved_specialty_column_type=&#8221;2_3&#8243; _builder_version=&#8221;4.22.1&#8243; _module_preset=&#8221;default&#8221; global_colors_info=&#8221;{}&#8221;][et_pb_image title_text=&#8221;IMG_20250124_143725&#8243; _builder_version=&#8221;4.27.4&#8243; _module_preset=&#8221;default&#8221; hover_enabled=&#8221;0&#8243; global_colors_info=&#8221;{}&#8221; src=&#8221;https:\/\/rotary.fi\/mariehamn\/wp-content\/uploads\/sites\/246\/2026\/01\/img-20250124-143725.jpg&#8221; sticky_enabled=&#8221;0&#8243;][\/et_pb_image][et_pb_text admin_label=&#8221;Text: Bildtext Flygf\u00e4lt&#8221; _builder_version=&#8221;4.27.4&#8243; global_colors_info=&#8221;{}&#8221;]<\/p>\n<p>24 januari 2025 bekantade vi oss med flygf\u00e4ltet i Jomala<\/p>\n<p>[\/et_pb_text][\/et_pb_column_inner][\/et_pb_row_inner][et_pb_row_inner _builder_version=&#8221;4.22.1&#8243; _module_preset=&#8221;default&#8221; global_colors_info=&#8221;{}&#8221;][et_pb_column_inner saved_specialty_column_type=&#8221;2_3&#8243; _builder_version=&#8221;4.22.1&#8243; _module_preset=&#8221;default&#8221; global_colors_info=&#8221;{}&#8221;][et_pb_image title_text=&#8221;IMG_20241023_134000&#8243; _builder_version=&#8221;4.27.4&#8243; _module_preset=&#8221;default&#8221; hover_enabled=&#8221;0&#8243; global_colors_info=&#8221;{}&#8221; src=&#8221;https:\/\/rotary.fi\/mariehamn\/wp-content\/uploads\/sites\/246\/2026\/01\/img-20241023-134000.jpg&#8221; sticky_enabled=&#8221;0&#8243;][\/et_pb_image][et_pb_text admin_label=&#8221;Text: Bildtext Rafaels&#8221; _builder_version=&#8221;4.27.4&#8243; global_colors_info=&#8221;{}&#8221;]<\/p>\n<p>28 oktober 2024 bes\u00f6ktes Rafaels stenkross i Hammarland<\/p>\n<p>[\/et_pb_text][\/et_pb_column_inner][\/et_pb_row_inner][et_pb_row_inner _builder_version=&#8221;4.22.1&#8243; _module_preset=&#8221;default&#8221; global_colors_info=&#8221;{}&#8221;][et_pb_column_inner saved_specialty_column_type=&#8221;2_3&#8243; _builder_version=&#8221;4.22.1&#8243; _module_preset=&#8221;default&#8221; global_colors_info=&#8221;{}&#8221;][et_pb_image src=&#8221;https:\/\/rotary.fi\/mariehamn\/wp-content\/uploads\/sites\/246\/2024\/03\/img-20240308-175702.jpg&#8221; title_text=&#8221;IMG_20240308_175702&#8243; _builder_version=&#8221;4.22.1&#8243; _module_preset=&#8221;default&#8221; global_colors_info=&#8221;{}&#8221;][\/et_pb_image][et_pb_text admin_label=&#8221;Text: Bildtext Mottagningscentret&#8221; _builder_version=&#8221;4.22.1&#8243; global_colors_info=&#8221;{}&#8221;]<\/p>\n<p>En n\u00f6jd grupp fr\u00e5n Mariehamns Rotaryklubb bes\u00f6kte \u00c5lands mottagningscenter (Finlands R\u00f6da Kors) i \u00e4mbetshuset efter ett veckom\u00f6te i mars 2024. Helena Fl\u00f6jt tog emot gruppen, visade runt och h\u00f6ll en v\u00e4ldigt informativ presentation. Mottagningscentret ordnar f\u00f6rutom boende, bland annat social service, h\u00e4lso- och sjukv\u00e5rdstj\u00e4nster, spr\u00e5kkurser och -kaf\u00e9er, tolkningstj\u00e4nster, fritidsaktiviteter och mycket mer.<\/p>\n<p>[\/et_pb_text][\/et_pb_column_inner][\/et_pb_row_inner][et_pb_row_inner _builder_version=&#8221;4.22.1&#8243; _module_preset=&#8221;default&#8221; global_colors_info=&#8221;{}&#8221;][et_pb_column_inner saved_specialty_column_type=&#8221;2_3&#8243; _builder_version=&#8221;4.22.1&#8243; _module_preset=&#8221;default&#8221; global_colors_info=&#8221;{}&#8221;][et_pb_image src=&#8221;https:\/\/rotary.fi\/mariehamn\/wp-content\/uploads\/sites\/246\/2024\/03\/2024-01-26-rotary-vid-skyddsrummet-1-tw.jpg&#8221; title_text=&#8221;2024 01 26 Rotary vid skyddsrummet 1 TW&#8221; _builder_version=&#8221;4.22.1&#8243; _module_preset=&#8221;default&#8221; global_colors_info=&#8221;{}&#8221;][\/et_pb_image][et_pb_text admin_label=&#8221;Text: Bildtext Bergsskyddet&#8221; _builder_version=&#8221;4.22.1&#8243; global_colors_info=&#8221;{}&#8221;]<\/p>\n<p>Fr\u00e5gan om \u00c5lands f\u00f6rs\u00f6rjningsberedskap har aktualiserats b\u00e5de genom pandemin och kriget i Ukraina. Hela 20 personer fr\u00e5n Rotaryklubben deltog i bes\u00f6ket i bergskyddet i januari 2024. Stefan Rumander och Sten-G\u00f6te Nyman fr\u00e5n fastighetsverket stod f\u00f6r intressant och v\u00e4rdefull information. Skyddet h\u00e5lls i bra skick och uppdateras kontinuerligt. (Fotografering inte till\u00e5ten p\u00e5 insidan)<\/p>\n<p>[\/et_pb_text][\/et_pb_column_inner][\/et_pb_row_inner][et_pb_row_inner _builder_version=&#8221;4.22.1&#8243; _module_preset=&#8221;default&#8221; global_colors_info=&#8221;{}&#8221;][et_pb_column_inner saved_specialty_column_type=&#8221;2_3&#8243; _builder_version=&#8221;4.22.1&#8243; _module_preset=&#8221;default&#8221; global_colors_info=&#8221;{}&#8221;][et_pb_image src=&#8221;https:\/\/rotary.fi\/mariehamn\/wp-content\/uploads\/sites\/246\/2023\/11\/353604258-9536016636471122-5918164638838371460-n.jpg&#8221; title_text=&#8221;353604258_9536016636471122_5918164638838371460_n&#8221; _builder_version=&#8221;4.22.1&#8243; _module_preset=&#8221;default&#8221; global_colors_info=&#8221;{}&#8221;][\/et_pb_image][et_pb_text admin_label=&#8221;Text: Bildtext Bj\u00f6rksk\u00e4r&#8221; _builder_version=&#8221;4.22.1&#8243; global_colors_info=&#8221;{}&#8221;]<\/p>\n<p>En s\u00f6ndag i juni 2023 arrangerades en utf\u00e4rd till Bj\u00f6rksk\u00e4r i norra \u00c5lands sk\u00e4rg\u00e5rd. Drygt 20 deltagare v\u00e4lkomnades av Johan M\u00f6rn och fick ta del av ber\u00e4ttelser om det h\u00e5llbara sk\u00e4rg\u00e5rdsliv som levdes d\u00e4r ute f\u00f6rr. Vi fick en presentation om olika test och l\u00e4rande om biologisk m\u00e5ngfald som p\u00e5g\u00e5r i vattnen runt Bj\u00f6rksk\u00e4r av medlemmen Lotta Nummelin och kommodor Eva Donalds presenterade den verksamhet som IYFR (International Yachting Fellowship of Rotarians) har p\u00e5 g\u00e5ng.<\/p>\n<p>[\/et_pb_text][\/et_pb_column_inner][\/et_pb_row_inner][et_pb_row_inner _builder_version=&#8221;4.22.1&#8243; _module_preset=&#8221;default&#8221; global_colors_info=&#8221;{}&#8221;][et_pb_column_inner saved_specialty_column_type=&#8221;2_3&#8243; _builder_version=&#8221;4.22.1&#8243; _module_preset=&#8221;default&#8221; global_colors_info=&#8221;{}&#8221;][et_pb_image src=&#8221;https:\/\/rotary.fi\/mariehamn\/wp-content\/uploads\/sites\/246\/2023\/11\/wille.jpg&#8221; title_text=&#8221;wille&#8221; _builder_version=&#8221;4.22.1&#8243; _module_preset=&#8221;default&#8221; global_colors_info=&#8221;{}&#8221;][\/et_pb_image][et_pb_text admin_label=&#8221;Text: Bildtext Limn\u00e4s&#8221; _builder_version=&#8221;4.22.1&#8243; global_colors_info=&#8221;{}&#8221;]<\/p>\n<p>Wille Dahlmans moderna jordbruk Limn\u00e4s g\u00e5rd.<\/p>\n<p>[\/et_pb_text][\/et_pb_column_inner][\/et_pb_row_inner][et_pb_row_inner _builder_version=&#8221;4.22.1&#8243; _module_preset=&#8221;default&#8221; global_colors_info=&#8221;{}&#8221;][et_pb_column_inner saved_specialty_column_type=&#8221;2_3&#8243; _builder_version=&#8221;4.22.1&#8243; _module_preset=&#8221;default&#8221; global_colors_info=&#8221;{}&#8221;][et_pb_image src=&#8221;https:\/\/rotary.fi\/mariehamn\/wp-content\/uploads\/sites\/246\/2023\/11\/bomarsund.jpg&#8221; title_text=&#8221;bomarsund&#8221; _builder_version=&#8221;4.22.1&#8243; _module_preset=&#8221;default&#8221; global_colors_info=&#8221;{}&#8221;][\/et_pb_image][et_pb_text admin_label=&#8221;Text: Bildtext Bomarsund&#8221; _builder_version=&#8221;4.22.1&#8243; global_colors_info=&#8221;{}&#8221;]<\/p>\n<p>Bomarsunds bes\u00f6kscentrum<\/p>\n<p>[\/et_pb_text][\/et_pb_column_inner][\/et_pb_row_inner][et_pb_row_inner _builder_version=&#8221;4.22.1&#8243; _module_preset=&#8221;default&#8221; global_colors_info=&#8221;{}&#8221;][et_pb_column_inner saved_specialty_column_type=&#8221;2_3&#8243; _builder_version=&#8221;4.22.1&#8243; _module_preset=&#8221;default&#8221; global_colors_info=&#8221;{}&#8221;][et_pb_image src=&#8221;https:\/\/rotary.fi\/mariehamn\/wp-content\/uploads\/sites\/246\/2023\/11\/svinrygg.jpg&#8221; title_text=&#8221;svinrygg&#8221; _builder_version=&#8221;4.22.1&#8243; _module_preset=&#8221;default&#8221; global_colors_info=&#8221;{}&#8221;][\/et_pb_image][et_pb_text admin_label=&#8221;Text: Bildtext Svinryggen&#8221; _builder_version=&#8221;4.22.1&#8243; global_colors_info=&#8221;{}&#8221;]<\/p>\n<p>Svinryggens Deponi<\/p>\n<p>[\/et_pb_text][\/et_pb_column_inner][\/et_pb_row_inner][et_pb_row_inner _builder_version=&#8221;4.22.1&#8243; _module_preset=&#8221;default&#8221; global_colors_info=&#8221;{}&#8221;][et_pb_column_inner saved_specialty_column_type=&#8221;2_3&#8243; _builder_version=&#8221;4.22.1&#8243; _module_preset=&#8221;default&#8221; global_colors_info=&#8221;{}&#8221;][et_pb_image src=&#8221;https:\/\/rotary.fi\/mariehamn\/wp-content\/uploads\/sites\/246\/2023\/11\/vind3.jpg&#8221; title_text=&#8221;vind3&#8243; _builder_version=&#8221;4.22.1&#8243; _module_preset=&#8221;default&#8221; global_colors_info=&#8221;{}&#8221;][\/et_pb_image][et_pb_text admin_label=&#8221;Text: Bildtext Vindm\u00f6llor&#8221; _builder_version=&#8221;4.22.1&#8243; global_colors_info=&#8221;{}&#8221;]<\/p>\n<p>vindkraftverken i L\u00e5ngnabba, Ecker\u00f6<\/p>\n<p>[\/et_pb_text][\/et_pb_column_inner][\/et_pb_row_inner][et_pb_row_inner _builder_version=&#8221;4.22.1&#8243; _module_preset=&#8221;default&#8221; global_colors_info=&#8221;{}&#8221;][et_pb_column_inner saved_specialty_column_type=&#8221;2_3&#8243; _builder_version=&#8221;4.22.1&#8243; _module_preset=&#8221;default&#8221; global_colors_info=&#8221;{}&#8221;][et_pb_image src=&#8221;https:\/\/rotary.fi\/mariehamn\/wp-content\/uploads\/sites\/246\/2023\/11\/bil.jpg&#8221; title_text=&#8221;bil&#8221; _builder_version=&#8221;4.22.1&#8243; _module_preset=&#8221;default&#8221; global_colors_info=&#8221;{}&#8221;][\/et_pb_image][et_pb_text admin_label=&#8221;Text: Bildtext Bilmuseum&#8221; _builder_version=&#8221;4.22.1&#8243; global_colors_info=&#8221;{}&#8221;]<\/p>\n<p>Geta Nostalgi &amp; motormuseum<\/p>\n<p>[\/et_pb_text][\/et_pb_column_inner][\/et_pb_row_inner][et_pb_row_inner _builder_version=&#8221;4.22.1&#8243; _module_preset=&#8221;default&#8221; global_colors_info=&#8221;{}&#8221;][et_pb_column_inner saved_specialty_column_type=&#8221;2_3&#8243; _builder_version=&#8221;4.22.1&#8243; _module_preset=&#8221;default&#8221; global_colors_info=&#8221;{}&#8221;][et_pb_image src=&#8221;https:\/\/rotary.fi\/mariehamn\/wp-content\/uploads\/sites\/246\/2023\/11\/fageltorn-utflykt.jpg&#8221; title_text=&#8221;f\u00e5geltorn utflykt&#8221; _builder_version=&#8221;4.22.1&#8243; _module_preset=&#8221;default&#8221; global_colors_info=&#8221;{}&#8221;][\/et_pb_image][et_pb_text admin_label=&#8221;Text: Bildtext F\u00e5gelsafari&#8221; _builder_version=&#8221;4.22.1&#8243; global_colors_info=&#8221;{}&#8221;]<\/p>\n<p>F\u00e5gelsafari vid f\u00e5geltornet i Sviby<\/p>\n<p>[\/et_pb_text][\/et_pb_column_inner][\/et_pb_row_inner][et_pb_row_inner _builder_version=&#8221;4.22.1&#8243; _module_preset=&#8221;default&#8221; global_colors_info=&#8221;{}&#8221;][et_pb_column_inner saved_specialty_column_type=&#8221;2_3&#8243; _builder_version=&#8221;4.22.1&#8243; _module_preset=&#8221;default&#8221; global_colors_info=&#8221;{}&#8221;][et_pb_image src=&#8221;https:\/\/rotary.fi\/mariehamn\/wp-content\/uploads\/sites\/246\/2023\/11\/ny-2022-rotary-besok-emeliabygget-tw-1.jpg&#8221; title_text=&#8221;NY 2022 Rotary bes\u00f6k Emeliabygget _ (TW) (1)&#8221; _builder_version=&#8221;4.22.1&#8243; _module_preset=&#8221;default&#8221; global_colors_info=&#8221;{}&#8221;][\/et_pb_image][et_pb_text admin_label=&#8221;Text: Bildtext Emelia&#8221; _builder_version=&#8221;4.22.1&#8243; global_colors_info=&#8221;{}&#8221;]<\/p>\n<p>Emelia 2022<\/p>\n<p>[\/et_pb_text][\/et_pb_column_inner][\/et_pb_row_inner][et_pb_row_inner _builder_version=&#8221;4.22.1&#8243; _module_preset=&#8221;default&#8221; global_colors_info=&#8221;{}&#8221;][et_pb_column_inner saved_specialty_column_type=&#8221;2_3&#8243; _builder_version=&#8221;4.22.1&#8243; _module_preset=&#8221;default&#8221; global_colors_info=&#8221;{}&#8221;][et_pb_image src=&#8221;https:\/\/rotary.fi\/mariehamn\/wp-content\/uploads\/sites\/246\/2023\/11\/fifax.jpg&#8221; title_text=&#8221;fifax&#8221; _builder_version=&#8221;4.22.1&#8243; _module_preset=&#8221;default&#8221; global_colors_info=&#8221;{}&#8221;][\/et_pb_image][et_pb_text admin_label=&#8221;Text: Bildtext Fifax&#8221; _builder_version=&#8221;4.22.1&#8243; global_colors_info=&#8221;{}&#8221;]<\/p>\n<p>Landbaserad fiskodling, Fifax i Ecker\u00f6<\/p>\n<p>[\/et_pb_text][\/et_pb_column_inner][\/et_pb_row_inner][\/et_pb_column][et_pb_column type=&#8221;1_3&#8243; _builder_version=&#8221;4.16&#8243; custom_padding=&#8221;|||&#8221; global_colors_info=&#8221;{}&#8221; custom_padding__hover=&#8221;|||&#8221;][et_pb_sidebar area=&#8221;sidebar-1&#8243; admin_label=&#8221;Sidebar&#8221; module_class=&#8221;sivupalkki_sisalto&#8221; _builder_version=&#8221;4.16&#8243; locked=&#8221;on&#8221; global_colors_info=&#8221;{}&#8221;][\/et_pb_sidebar][\/et_pb_column][\/et_pb_section]<\/p>\n","protected":false},"excerpt":{"rendered":"<p>Studiebes\u00f6k och utf\u00e4rderStudiebes\u00f6k och utf\u00e4rderKlubben har som m\u00e5l att ordna gemensamma utf\u00e4rder, aktiviteter och studiebes\u00f6k vid sidan om de traditionella veckom\u00f6tena med f\u00f6redrag. Speciellt flitig att ordna studiebes\u00f6k och utf\u00e4rder till intressanta f\u00f6retag och st\u00e4llen p\u00e5 \u00c5land \u00e4r Seniorkommitt\u00e9n. Deltagarantalet har variet fr\u00e5n en handfull till st\u00f6rre skaror, men alla har alltid l\u00e4rt sig mer [&hellip;]<\/p>\n","protected":false},"author":689,"featured_media":0,"parent":1602,"menu_order":5,"comment_status":"closed","ping_status":"closed","template":"","meta":{"_acf_changed":false,"_et_pb_use_builder":"on","_et_pb_old_content":"","_et_gb_content_width":"","footnotes":""},"class_list":["post-2190","page","type-page","status-publish","hentry"],"acf":[],"yoast_head":"<!-- This site is optimized with the Yoast SEO plugin v27.0 - https:\/\/yoast.com\/product\/yoast-seo-wordpress\/ -->\n<title>Studiebes\u00f6k och utf\u00e4rder - Mariehamns Rotaryklubb<\/title>\n<meta name=\"robots\" content=\"index, follow, max-snippet:-1, max-image-preview:large, max-video-preview:-1\" \/>\n<link rel=\"canonical\" href=\"https:\/\/rotary.fi\/mariehamn\/vad-gor-vi\/utfard\/\" \/>\n<meta property=\"og:locale\" content=\"sv_SE\" \/>\n<meta property=\"og:type\" content=\"article\" \/>\n<meta property=\"og:title\" content=\"Studiebes\u00f6k och utf\u00e4rder - Mariehamns Rotaryklubb\" \/>\n<meta property=\"og:description\" content=\"Studiebes\u00f6k och utf\u00e4rderStudiebes\u00f6k och utf\u00e4rderKlubben har som m\u00e5l att ordna gemensamma utf\u00e4rder, aktiviteter och studiebes\u00f6k vid sidan om de traditionella veckom\u00f6tena med f\u00f6redrag. Speciellt flitig att ordna studiebes\u00f6k och utf\u00e4rder till intressanta f\u00f6retag och st\u00e4llen p\u00e5 \u00c5land \u00e4r Seniorkommitt\u00e9n. Deltagarantalet har variet fr\u00e5n en handfull till st\u00f6rre skaror, men alla har alltid l\u00e4rt sig mer [&hellip;]\" \/>\n<meta property=\"og:url\" content=\"https:\/\/rotary.fi\/mariehamn\/vad-gor-vi\/utfard\/\" \/>\n<meta property=\"og:site_name\" content=\"Mariehamns Rotaryklubb\" \/>\n<meta property=\"article:modified_time\" content=\"2026-01-19T09:28:33+00:00\" \/>\n<meta name=\"twitter:card\" content=\"summary_large_image\" \/>\n<meta name=\"twitter:label1\" content=\"Ber\u00e4knad l\u00e4stid\" \/>\n\t<meta name=\"twitter:data1\" content=\"5 minuter\" \/>\n<script type=\"application\/ld+json\" class=\"yoast-schema-graph\">{\"@context\":\"https:\/\/schema.org\",\"@graph\":[{\"@type\":\"WebPage\",\"@id\":\"https:\/\/rotary.fi\/mariehamn\/vad-gor-vi\/utfard\/\",\"url\":\"https:\/\/rotary.fi\/mariehamn\/vad-gor-vi\/utfard\/\",\"name\":\"Studiebes\u00f6k och utf\u00e4rder - Mariehamns Rotaryklubb\",\"isPartOf\":{\"@id\":\"https:\/\/rotary.fi\/mariehamn\/#website\"},\"datePublished\":\"2023-11-17T16:06:22+00:00\",\"dateModified\":\"2026-01-19T09:28:33+00:00\",\"breadcrumb\":{\"@id\":\"https:\/\/rotary.fi\/mariehamn\/vad-gor-vi\/utfard\/#breadcrumb\"},\"inLanguage\":\"sv-SE\",\"potentialAction\":[{\"@type\":\"ReadAction\",\"target\":[\"https:\/\/rotary.fi\/mariehamn\/vad-gor-vi\/utfard\/\"]}]},{\"@type\":\"BreadcrumbList\",\"@id\":\"https:\/\/rotary.fi\/mariehamn\/vad-gor-vi\/utfard\/#breadcrumb\",\"itemListElement\":[{\"@type\":\"ListItem\",\"position\":1,\"name\":\"Home\",\"item\":\"https:\/\/rotary.fi\/mariehamn\/\"},{\"@type\":\"ListItem\",\"position\":2,\"name\":\"Vad g\u00f6r vi\",\"item\":\"https:\/\/rotary.fi\/mariehamn\/vad-gor-vi\/\"},{\"@type\":\"ListItem\",\"position\":3,\"name\":\"Studiebes\u00f6k och utf\u00e4rder\"}]},{\"@type\":\"WebSite\",\"@id\":\"https:\/\/rotary.fi\/mariehamn\/#website\",\"url\":\"https:\/\/rotary.fi\/mariehamn\/\",\"name\":\"Mariehamns Rotaryklubb\",\"description\":\"Ny rotaryklubbs hemsida\",\"potentialAction\":[{\"@type\":\"SearchAction\",\"target\":{\"@type\":\"EntryPoint\",\"urlTemplate\":\"https:\/\/rotary.fi\/mariehamn\/?s={search_term_string}\"},\"query-input\":{\"@type\":\"PropertyValueSpecification\",\"valueRequired\":true,\"valueName\":\"search_term_string\"}}],\"inLanguage\":\"sv-SE\"}]}<\/script>\n<!-- \/ Yoast SEO plugin. -->","yoast_head_json":{"title":"Studiebes\u00f6k och utf\u00e4rder - Mariehamns Rotaryklubb","robots":{"index":"index","follow":"follow","max-snippet":"max-snippet:-1","max-image-preview":"max-image-preview:large","max-video-preview":"max-video-preview:-1"},"canonical":"https:\/\/rotary.fi\/mariehamn\/vad-gor-vi\/utfard\/","og_locale":"sv_SE","og_type":"article","og_title":"Studiebes\u00f6k och utf\u00e4rder - Mariehamns Rotaryklubb","og_description":"Studiebes\u00f6k och utf\u00e4rderStudiebes\u00f6k och utf\u00e4rderKlubben har som m\u00e5l att ordna gemensamma utf\u00e4rder, aktiviteter och studiebes\u00f6k vid sidan om de traditionella veckom\u00f6tena med f\u00f6redrag. Speciellt flitig att ordna studiebes\u00f6k och utf\u00e4rder till intressanta f\u00f6retag och st\u00e4llen p\u00e5 \u00c5land \u00e4r Seniorkommitt\u00e9n. Deltagarantalet har variet fr\u00e5n en handfull till st\u00f6rre skaror, men alla har alltid l\u00e4rt sig mer [&hellip;]","og_url":"https:\/\/rotary.fi\/mariehamn\/vad-gor-vi\/utfard\/","og_site_name":"Mariehamns Rotaryklubb","article_modified_time":"2026-01-19T09:28:33+00:00","twitter_card":"summary_large_image","twitter_misc":{"Ber\u00e4knad l\u00e4stid":"5 minuter"},"schema":{"@context":"https:\/\/schema.org","@graph":[{"@type":"WebPage","@id":"https:\/\/rotary.fi\/mariehamn\/vad-gor-vi\/utfard\/","url":"https:\/\/rotary.fi\/mariehamn\/vad-gor-vi\/utfard\/","name":"Studiebes\u00f6k och utf\u00e4rder - Mariehamns Rotaryklubb","isPartOf":{"@id":"https:\/\/rotary.fi\/mariehamn\/#website"},"datePublished":"2023-11-17T16:06:22+00:00","dateModified":"2026-01-19T09:28:33+00:00","breadcrumb":{"@id":"https:\/\/rotary.fi\/mariehamn\/vad-gor-vi\/utfard\/#breadcrumb"},"inLanguage":"sv-SE","potentialAction":[{"@type":"ReadAction","target":["https:\/\/rotary.fi\/mariehamn\/vad-gor-vi\/utfard\/"]}]},{"@type":"BreadcrumbList","@id":"https:\/\/rotary.fi\/mariehamn\/vad-gor-vi\/utfard\/#breadcrumb","itemListElement":[{"@type":"ListItem","position":1,"name":"Home","item":"https:\/\/rotary.fi\/mariehamn\/"},{"@type":"ListItem","position":2,"name":"Vad g\u00f6r vi","item":"https:\/\/rotary.fi\/mariehamn\/vad-gor-vi\/"},{"@type":"ListItem","position":3,"name":"Studiebes\u00f6k och utf\u00e4rder"}]},{"@type":"WebSite","@id":"https:\/\/rotary.fi\/mariehamn\/#website","url":"https:\/\/rotary.fi\/mariehamn\/","name":"Mariehamns Rotaryklubb","description":"Ny rotaryklubbs hemsida","potentialAction":[{"@type":"SearchAction","target":{"@type":"EntryPoint","urlTemplate":"https:\/\/rotary.fi\/mariehamn\/?s={search_term_string}"},"query-input":{"@type":"PropertyValueSpecification","valueRequired":true,"valueName":"search_term_string"}}],"inLanguage":"sv-SE"}]}},"lang":"sv","translations":{"sv":2190},"pll_sync_post":[],"_links":{"self":[{"href":"https:\/\/rotary.fi\/mariehamn\/wp-json\/wp\/v2\/pages\/2190","targetHints":{"allow":["GET"]}}],"collection":[{"href":"https:\/\/rotary.fi\/mariehamn\/wp-json\/wp\/v2\/pages"}],"about":[{"href":"https:\/\/rotary.fi\/mariehamn\/wp-json\/wp\/v2\/types\/page"}],"author":[{"embeddable":true,"href":"https:\/\/rotary.fi\/mariehamn\/wp-json\/wp\/v2\/users\/689"}],"replies":[{"embeddable":true,"href":"https:\/\/rotary.fi\/mariehamn\/wp-json\/wp\/v2\/comments?post=2190"}],"version-history":[{"count":10,"href":"https:\/\/rotary.fi\/mariehamn\/wp-json\/wp\/v2\/pages\/2190\/revisions"}],"predecessor-version":[{"id":2925,"href":"https:\/\/rotary.fi\/mariehamn\/wp-json\/wp\/v2\/pages\/2190\/revisions\/2925"}],"up":[{"embeddable":true,"href":"https:\/\/rotary.fi\/mariehamn\/wp-json\/wp\/v2\/pages\/1602"}],"wp:attachment":[{"href":"https:\/\/rotary.fi\/mariehamn\/wp-json\/wp\/v2\/media?parent=2190"}],"curies":[{"name":"wp","href":"https:\/\/api.w.org\/{rel}","templated":true}]}}