{"id":2153,"date":"2023-11-17T10:16:51","date_gmt":"2023-11-17T08:16:51","guid":{"rendered":"https:\/\/rotary.fi\/mariehamn\/?page_id=2153"},"modified":"2023-11-20T10:59:14","modified_gmt":"2023-11-20T08:59:14","slug":"ostersjoprojekt","status":"publish","type":"page","link":"https:\/\/rotary.fi\/mariehamn\/vad-gor-vi\/ostersjoprojekt\/","title":{"rendered":"\u00d6stersj\u00f6projekt"},"content":{"rendered":"<p>[et_pb_section fb_built=&#8221;1&#8243; module_class=&#8221;jumbotron-page&#8221; _builder_version=&#8221;4.22.1&#8243; background_image=&#8221;https:\/\/rotary.fi\/mariehamn\/wp-content\/uploads\/sites\/246\/2023\/11\/244008927-413750266825095-8002736482298913428-n-e1699112960205.jpg&#8221; global_colors_info=&#8221;{}&#8221;][et_pb_row _builder_version=&#8221;4.16&#8243; background_size=&#8221;initial&#8221; background_position=&#8221;top_left&#8221; background_repeat=&#8221;repeat&#8221; global_colors_info=&#8221;{}&#8221;][et_pb_column type=&#8221;4_4&#8243; _builder_version=&#8221;4.16&#8243; custom_padding=&#8221;|||&#8221; global_colors_info=&#8221;{}&#8221; custom_padding__hover=&#8221;|||&#8221;][et_pb_text admin_label=&#8221;Main \/\/ Projekt&#8221; _builder_version=&#8221;4.22.1&#8243; text_orientation=&#8221;center&#8221; background_layout=&#8221;dark&#8221; global_colors_info=&#8221;{}&#8221;]<\/p>\n<h1>\u00d6stersj\u00f6projekt<\/h1>\n<p>[\/et_pb_text][\/et_pb_column][\/et_pb_row][\/et_pb_section][et_pb_section fb_built=&#8221;1&#8243; specialty=&#8221;on&#8221; module_class_2=&#8221;sivupalkki&#8221; _builder_version=&#8221;4.16&#8243; global_colors_info=&#8221;{}&#8221;][et_pb_column type=&#8221;2_3&#8243; specialty_columns=&#8221;2&#8243; _builder_version=&#8221;4.16&#8243; custom_padding=&#8221;|||&#8221; global_colors_info=&#8221;{}&#8221; custom_padding__hover=&#8221;|||&#8221;][et_pb_row_inner admin_label=&#8221;Rivi&#8221; _builder_version=&#8221;4.16&#8243; global_colors_info=&#8221;{}&#8221;][et_pb_column_inner saved_specialty_column_type=&#8221;2_3&#8243; _builder_version=&#8221;4.16&#8243; custom_padding=&#8221;|||&#8221; global_colors_info=&#8221;{}&#8221; custom_padding__hover=&#8221;|||&#8221;][et_pb_text admin_label=&#8221;Projekt &#8211; rubrik&#8221; _builder_version=&#8221;4.22.1&#8243; text_orientation=&#8221;center&#8221; global_colors_info=&#8221;{}&#8221;]<\/p>\n<h1>\u00d6stersj\u00f6projekt<\/h1>\n<p>[\/et_pb_text][et_pb_text admin_label=&#8221;Text: Projekt&#8221; _builder_version=&#8221;4.22.1&#8243; global_colors_info=&#8221;{}&#8221;]<\/p>\n<p>\u00d6stersj\u00f6n \u00e4r ett prioriterat insatsomr\u00e5de inom Mariehamns Rotaryklubb. \u00c5land ligger mitt i \u00d6stersj\u00f6n och innanhavets status \u00e4r d\u00e4rf\u00f6r helt avg\u00f6rande f\u00f6r m\u00e4nniskor och f\u00f6retag som verkar p\u00e5 \u00c5land, och f\u00f6r alla som bes\u00f6ker v\u00e5ra \u00f6ar. Rotaryklubben har genom \u00e5ren fr\u00e4mst engagerat sig i olika projekt som \u00f6kar kunskapen om \u00d6stersj\u00f6n och havsmilj\u00f6n. Klubben f\u00f6ljer ocks\u00e5 det arbete BASRAN, Baltic Sea Regional Action Network of Rotarian, g\u00f6r f\u00f6r \u00d6stersj\u00f6ns framtid. I samverkan med olika akt\u00f6rer finns m\u00f6jlighet f\u00f6r Rotaryklubbarna att medverka till projekt som f\u00f6rb\u00e4ttrar milj\u00f6n s\u00e5v\u00e4l lokalt som nationellt och internationellt.<\/p>\n<p>[\/et_pb_text][\/et_pb_column_inner][\/et_pb_row_inner][et_pb_row_inner admin_label=&#8221;Rivi&#8221; _builder_version=&#8221;4.16&#8243; global_colors_info=&#8221;{}&#8221;][et_pb_column_inner saved_specialty_column_type=&#8221;2_3&#8243; _builder_version=&#8221;4.16&#8243; custom_padding=&#8221;|||&#8221; global_colors_info=&#8221;{}&#8221; custom_padding__hover=&#8221;|||&#8221;][et_pb_text admin_label=&#8221;Vattenryggs\u00e4ck&#8221; _builder_version=&#8221;4.22.1&#8243; text_orientation=&#8221;center&#8221; global_colors_info=&#8221;{}&#8221;]<\/p>\n<h4>Vattenryggs\u00e4ck<\/h4>\n<p>[\/et_pb_text][et_pb_text admin_label=&#8221;Text: Vattenryggs\u00e4ck&#8221; _builder_version=&#8221;4.22.1&#8243; global_colors_info=&#8221;{}&#8221;]<\/p>\n<p><img loading=\"lazy\" decoding=\"async\" class=\"wp-image-2155 size-medium alignright\" src=\"https:\/\/rotary.fi\/mariehamn\/wp-content\/uploads\/sites\/246\/2023\/11\/1-vattenryggsack-fr-m-gruner-20220209-163305-1-225x300.jpg\" alt=\"\" width=\"225\" height=\"300\" \/>Klubben sponsorerar s\u00e5 kallade vattentestryggs\u00e4ckar med analysutrustning till grundskolor. L\u00e4rarna anv\u00e4nder testutrustningen f\u00f6r att v\u00e4cka elevernas intresse och \u00f6ka kunskapen om vattenmilj\u00f6n. Projektet omfattar hela distrikt 1410.<\/p>\n<p>[\/et_pb_text][\/et_pb_column_inner][\/et_pb_row_inner][et_pb_row_inner admin_label=&#8221;Rivi&#8221; _builder_version=&#8221;4.16&#8243; global_colors_info=&#8221;{}&#8221;][et_pb_column_inner saved_specialty_column_type=&#8221;2_3&#8243; _builder_version=&#8221;4.16&#8243; custom_padding=&#8221;|||&#8221; global_colors_info=&#8221;{}&#8221; custom_padding__hover=&#8221;|||&#8221;][et_pb_text admin_label=&#8221;Bl\u00e5gr\u00f6nalgobservationer&#8221; _builder_version=&#8221;4.22.1&#8243; text_orientation=&#8221;center&#8221; global_colors_info=&#8221;{}&#8221;]<\/p>\n<h4>Bl\u00e5gr\u00f6nalgobservationer<\/h4>\n<p>[\/et_pb_text][et_pb_text admin_label=&#8221;Text: Bl\u00e5gr\u00f6nalgobservtioner&#8221; _builder_version=&#8221;4.22.1&#8243; global_colors_info=&#8221;{}&#8221;]<\/p>\n<p><img loading=\"lazy\" decoding=\"async\" class=\"wp-image-2161 size-medium alignright\" src=\"https:\/\/rotary.fi\/mariehamn\/wp-content\/uploads\/sites\/246\/2023\/11\/alg-1-225x300.jpg\" alt=\"\" width=\"225\" height=\"300\" \/>Medlemmar i klubben g\u00f6r ocks\u00e5 observationer av bl\u00e5gr\u00f6na alger i \u00e5l\u00e4ndska vatten som underlag f\u00f6r forskning. Projektet som engagerar m\u00e5nga rotarianer runt om i landet \u00e4r ett samarbete med Finlands Milj\u00f6central, SYKE.<\/p>\n<p>[\/et_pb_text][\/et_pb_column_inner][\/et_pb_row_inner][et_pb_row_inner admin_label=&#8221;Rivi&#8221; _builder_version=&#8221;4.16&#8243; global_colors_info=&#8221;{}&#8221;][et_pb_column_inner saved_specialty_column_type=&#8221;2_3&#8243; _builder_version=&#8221;4.16&#8243; custom_padding=&#8221;|||&#8221; global_colors_info=&#8221;{}&#8221; custom_padding__hover=&#8221;|||&#8221;][et_pb_text admin_label=&#8221;F\u00e5geltornet&#8221; _builder_version=&#8221;4.22.1&#8243; text_orientation=&#8221;center&#8221; global_colors_info=&#8221;{}&#8221;]<\/p>\n<h4>F\u00e5geltornet<\/h4>\n<p>[\/et_pb_text][et_pb_text admin_label=&#8221;Text: F\u00e5geltornet&#8221; _builder_version=&#8221;4.22.1&#8243; hover_enabled=&#8221;0&#8243; global_colors_info=&#8221;{}&#8221; sticky_enabled=&#8221;0&#8243;]<\/p>\n<p><img loading=\"lazy\" decoding=\"async\" class=\"wp-image-2186 size-full alignright\" src=\"https:\/\/rotary.fi\/mariehamn\/wp-content\/uploads\/sites\/246\/2023\/11\/fageltornet-225x300-1.jpg\" alt=\"\" width=\"225\" height=\"300\" \/>Redan i september restes under ledning av medlemmen Erik Sundblom ett f\u00e5geltorn i Svibyviken vid den v\u00e5tmark som Mariehamns stad skapat. Mariehamns stad hade berett platsen och bidrog med virke. Klubben erh\u00f6ll ocks\u00e5 ett bidrag fr\u00e5n distriktet f\u00f6r klubbens kostnader. Bygget gjordes i samarbete med \u00c5lands f\u00e5gelskyddsf\u00f6rening. Ett dussintal medlemmar bidrog p\u00e5 olika s\u00e4tt till projektet. V\u00e5tmarken \u00e4r multifunktionell, f\u00f6rb\u00e4ttrar kustvattnet genom att rena vattnet fr\u00e5n \u00e5krar och bos\u00e4ttning, \u00f6kar biodiversiteten och bidrar till \u00f6kad kunskapen om vattenmilj\u00f6n. F\u00e5geltornet rymmer en hel skolklass och hj\u00e4lper till med kunskapsspridning om de kustn\u00e4ra vattnen och dess tillst\u00e5nd. Tornet har f\u00e5tt mycket<br \/>uppskattning och d\u00e4rtill stor synlighet i media.<\/p>\n<p>&nbsp;<\/p>\n<p>[\/et_pb_text][\/et_pb_column_inner][\/et_pb_row_inner][\/et_pb_column][et_pb_column type=&#8221;1_3&#8243; _builder_version=&#8221;4.16&#8243; custom_padding=&#8221;|||&#8221; global_colors_info=&#8221;{}&#8221; custom_padding__hover=&#8221;|||&#8221;][et_pb_sidebar area=&#8221;sidebar-1&#8243; admin_label=&#8221;Sidebar&#8221; module_class=&#8221;sivupalkki_sisalto&#8221; _builder_version=&#8221;4.16&#8243; locked=&#8221;on&#8221; global_colors_info=&#8221;{}&#8221;][\/et_pb_sidebar][\/et_pb_column][\/et_pb_section]<\/p>\n","protected":false},"excerpt":{"rendered":"<p>\u00d6stersj\u00f6projekt\u00d6stersj\u00f6projekt\u00d6stersj\u00f6n \u00e4r ett prioriterat insatsomr\u00e5de inom Mariehamns Rotaryklubb. \u00c5land ligger mitt i \u00d6stersj\u00f6n och innanhavets status \u00e4r d\u00e4rf\u00f6r helt avg\u00f6rande f\u00f6r m\u00e4nniskor och f\u00f6retag som verkar p\u00e5 \u00c5land, och f\u00f6r alla som bes\u00f6ker v\u00e5ra \u00f6ar. Rotaryklubben har genom \u00e5ren fr\u00e4mst engagerat sig i olika projekt som \u00f6kar kunskapen om \u00d6stersj\u00f6n och havsmilj\u00f6n. Klubben f\u00f6ljer ocks\u00e5 [&hellip;]<\/p>\n","protected":false},"author":689,"featured_media":0,"parent":1602,"menu_order":5,"comment_status":"closed","ping_status":"closed","template":"","meta":{"_acf_changed":false,"_et_pb_use_builder":"on","_et_pb_old_content":"","_et_gb_content_width":"","footnotes":""},"class_list":["post-2153","page","type-page","status-publish","hentry"],"acf":[],"yoast_head":"<!-- This site is optimized with the Yoast SEO plugin v27.0 - https:\/\/yoast.com\/product\/yoast-seo-wordpress\/ -->\n<title>\u00d6stersj\u00f6projekt - Mariehamns Rotaryklubb<\/title>\n<meta name=\"robots\" content=\"index, follow, max-snippet:-1, max-image-preview:large, max-video-preview:-1\" \/>\n<link rel=\"canonical\" href=\"https:\/\/rotary.fi\/mariehamn\/vad-gor-vi\/ostersjoprojekt\/\" \/>\n<meta property=\"og:locale\" content=\"sv_SE\" \/>\n<meta property=\"og:type\" content=\"article\" \/>\n<meta property=\"og:title\" content=\"\u00d6stersj\u00f6projekt - Mariehamns Rotaryklubb\" \/>\n<meta property=\"og:description\" content=\"\u00d6stersj\u00f6projekt\u00d6stersj\u00f6projekt\u00d6stersj\u00f6n \u00e4r ett prioriterat insatsomr\u00e5de inom Mariehamns Rotaryklubb. \u00c5land ligger mitt i \u00d6stersj\u00f6n och innanhavets status \u00e4r d\u00e4rf\u00f6r helt avg\u00f6rande f\u00f6r m\u00e4nniskor och f\u00f6retag som verkar p\u00e5 \u00c5land, och f\u00f6r alla som bes\u00f6ker v\u00e5ra \u00f6ar. Rotaryklubben har genom \u00e5ren fr\u00e4mst engagerat sig i olika projekt som \u00f6kar kunskapen om \u00d6stersj\u00f6n och havsmilj\u00f6n. Klubben f\u00f6ljer ocks\u00e5 [&hellip;]\" \/>\n<meta property=\"og:url\" content=\"https:\/\/rotary.fi\/mariehamn\/vad-gor-vi\/ostersjoprojekt\/\" \/>\n<meta property=\"og:site_name\" content=\"Mariehamns Rotaryklubb\" \/>\n<meta property=\"article:modified_time\" content=\"2023-11-20T08:59:14+00:00\" \/>\n<meta property=\"og:image\" content=\"https:\/\/rotary.fi\/mariehamn\/wp-content\/uploads\/sites\/246\/2023\/11\/1-vattenryggsack-fr-m-gruner-20220209-163305-1-225x300.jpg\" \/>\n<meta name=\"twitter:card\" content=\"summary_large_image\" \/>\n<meta name=\"twitter:label1\" content=\"Ber\u00e4knad l\u00e4stid\" \/>\n\t<meta name=\"twitter:data1\" content=\"3 minuter\" \/>\n<script type=\"application\/ld+json\" class=\"yoast-schema-graph\">{\"@context\":\"https:\/\/schema.org\",\"@graph\":[{\"@type\":\"WebPage\",\"@id\":\"https:\/\/rotary.fi\/mariehamn\/vad-gor-vi\/ostersjoprojekt\/\",\"url\":\"https:\/\/rotary.fi\/mariehamn\/vad-gor-vi\/ostersjoprojekt\/\",\"name\":\"\u00d6stersj\u00f6projekt - Mariehamns Rotaryklubb\",\"isPartOf\":{\"@id\":\"https:\/\/rotary.fi\/mariehamn\/#website\"},\"primaryImageOfPage\":{\"@id\":\"https:\/\/rotary.fi\/mariehamn\/vad-gor-vi\/ostersjoprojekt\/#primaryimage\"},\"image\":{\"@id\":\"https:\/\/rotary.fi\/mariehamn\/vad-gor-vi\/ostersjoprojekt\/#primaryimage\"},\"thumbnailUrl\":\"https:\/\/rotary.fi\/mariehamn\/wp-content\/uploads\/sites\/246\/2023\/11\/1-vattenryggsack-fr-m-gruner-20220209-163305-1-225x300.jpg\",\"datePublished\":\"2023-11-17T08:16:51+00:00\",\"dateModified\":\"2023-11-20T08:59:14+00:00\",\"breadcrumb\":{\"@id\":\"https:\/\/rotary.fi\/mariehamn\/vad-gor-vi\/ostersjoprojekt\/#breadcrumb\"},\"inLanguage\":\"sv-SE\",\"potentialAction\":[{\"@type\":\"ReadAction\",\"target\":[\"https:\/\/rotary.fi\/mariehamn\/vad-gor-vi\/ostersjoprojekt\/\"]}]},{\"@type\":\"ImageObject\",\"inLanguage\":\"sv-SE\",\"@id\":\"https:\/\/rotary.fi\/mariehamn\/vad-gor-vi\/ostersjoprojekt\/#primaryimage\",\"url\":\"https:\/\/rotary.fi\/mariehamn\/wp-content\/uploads\/sites\/246\/2023\/11\/1-vattenryggsack-fr-m-gruner-20220209-163305-1.jpg\",\"contentUrl\":\"https:\/\/rotary.fi\/mariehamn\/wp-content\/uploads\/sites\/246\/2023\/11\/1-vattenryggsack-fr-m-gruner-20220209-163305-1.jpg\",\"width\":1536,\"height\":2048},{\"@type\":\"BreadcrumbList\",\"@id\":\"https:\/\/rotary.fi\/mariehamn\/vad-gor-vi\/ostersjoprojekt\/#breadcrumb\",\"itemListElement\":[{\"@type\":\"ListItem\",\"position\":1,\"name\":\"Home\",\"item\":\"https:\/\/rotary.fi\/mariehamn\/\"},{\"@type\":\"ListItem\",\"position\":2,\"name\":\"Vad g\u00f6r vi\",\"item\":\"https:\/\/rotary.fi\/mariehamn\/vad-gor-vi\/\"},{\"@type\":\"ListItem\",\"position\":3,\"name\":\"\u00d6stersj\u00f6projekt\"}]},{\"@type\":\"WebSite\",\"@id\":\"https:\/\/rotary.fi\/mariehamn\/#website\",\"url\":\"https:\/\/rotary.fi\/mariehamn\/\",\"name\":\"Mariehamns Rotaryklubb\",\"description\":\"Ny rotaryklubbs hemsida\",\"potentialAction\":[{\"@type\":\"SearchAction\",\"target\":{\"@type\":\"EntryPoint\",\"urlTemplate\":\"https:\/\/rotary.fi\/mariehamn\/?s={search_term_string}\"},\"query-input\":{\"@type\":\"PropertyValueSpecification\",\"valueRequired\":true,\"valueName\":\"search_term_string\"}}],\"inLanguage\":\"sv-SE\"}]}<\/script>\n<!-- \/ Yoast SEO plugin. -->","yoast_head_json":{"title":"\u00d6stersj\u00f6projekt - Mariehamns Rotaryklubb","robots":{"index":"index","follow":"follow","max-snippet":"max-snippet:-1","max-image-preview":"max-image-preview:large","max-video-preview":"max-video-preview:-1"},"canonical":"https:\/\/rotary.fi\/mariehamn\/vad-gor-vi\/ostersjoprojekt\/","og_locale":"sv_SE","og_type":"article","og_title":"\u00d6stersj\u00f6projekt - Mariehamns Rotaryklubb","og_description":"\u00d6stersj\u00f6projekt\u00d6stersj\u00f6projekt\u00d6stersj\u00f6n \u00e4r ett prioriterat insatsomr\u00e5de inom Mariehamns Rotaryklubb. \u00c5land ligger mitt i \u00d6stersj\u00f6n och innanhavets status \u00e4r d\u00e4rf\u00f6r helt avg\u00f6rande f\u00f6r m\u00e4nniskor och f\u00f6retag som verkar p\u00e5 \u00c5land, och f\u00f6r alla som bes\u00f6ker v\u00e5ra \u00f6ar. Rotaryklubben har genom \u00e5ren fr\u00e4mst engagerat sig i olika projekt som \u00f6kar kunskapen om \u00d6stersj\u00f6n och havsmilj\u00f6n. Klubben f\u00f6ljer ocks\u00e5 [&hellip;]","og_url":"https:\/\/rotary.fi\/mariehamn\/vad-gor-vi\/ostersjoprojekt\/","og_site_name":"Mariehamns Rotaryklubb","article_modified_time":"2023-11-20T08:59:14+00:00","og_image":[{"url":"https:\/\/rotary.fi\/mariehamn\/wp-content\/uploads\/sites\/246\/2023\/11\/1-vattenryggsack-fr-m-gruner-20220209-163305-1-225x300.jpg","type":"","width":"","height":""}],"twitter_card":"summary_large_image","twitter_misc":{"Ber\u00e4knad l\u00e4stid":"3 minuter"},"schema":{"@context":"https:\/\/schema.org","@graph":[{"@type":"WebPage","@id":"https:\/\/rotary.fi\/mariehamn\/vad-gor-vi\/ostersjoprojekt\/","url":"https:\/\/rotary.fi\/mariehamn\/vad-gor-vi\/ostersjoprojekt\/","name":"\u00d6stersj\u00f6projekt - Mariehamns Rotaryklubb","isPartOf":{"@id":"https:\/\/rotary.fi\/mariehamn\/#website"},"primaryImageOfPage":{"@id":"https:\/\/rotary.fi\/mariehamn\/vad-gor-vi\/ostersjoprojekt\/#primaryimage"},"image":{"@id":"https:\/\/rotary.fi\/mariehamn\/vad-gor-vi\/ostersjoprojekt\/#primaryimage"},"thumbnailUrl":"https:\/\/rotary.fi\/mariehamn\/wp-content\/uploads\/sites\/246\/2023\/11\/1-vattenryggsack-fr-m-gruner-20220209-163305-1-225x300.jpg","datePublished":"2023-11-17T08:16:51+00:00","dateModified":"2023-11-20T08:59:14+00:00","breadcrumb":{"@id":"https:\/\/rotary.fi\/mariehamn\/vad-gor-vi\/ostersjoprojekt\/#breadcrumb"},"inLanguage":"sv-SE","potentialAction":[{"@type":"ReadAction","target":["https:\/\/rotary.fi\/mariehamn\/vad-gor-vi\/ostersjoprojekt\/"]}]},{"@type":"ImageObject","inLanguage":"sv-SE","@id":"https:\/\/rotary.fi\/mariehamn\/vad-gor-vi\/ostersjoprojekt\/#primaryimage","url":"https:\/\/rotary.fi\/mariehamn\/wp-content\/uploads\/sites\/246\/2023\/11\/1-vattenryggsack-fr-m-gruner-20220209-163305-1.jpg","contentUrl":"https:\/\/rotary.fi\/mariehamn\/wp-content\/uploads\/sites\/246\/2023\/11\/1-vattenryggsack-fr-m-gruner-20220209-163305-1.jpg","width":1536,"height":2048},{"@type":"BreadcrumbList","@id":"https:\/\/rotary.fi\/mariehamn\/vad-gor-vi\/ostersjoprojekt\/#breadcrumb","itemListElement":[{"@type":"ListItem","position":1,"name":"Home","item":"https:\/\/rotary.fi\/mariehamn\/"},{"@type":"ListItem","position":2,"name":"Vad g\u00f6r vi","item":"https:\/\/rotary.fi\/mariehamn\/vad-gor-vi\/"},{"@type":"ListItem","position":3,"name":"\u00d6stersj\u00f6projekt"}]},{"@type":"WebSite","@id":"https:\/\/rotary.fi\/mariehamn\/#website","url":"https:\/\/rotary.fi\/mariehamn\/","name":"Mariehamns Rotaryklubb","description":"Ny rotaryklubbs hemsida","potentialAction":[{"@type":"SearchAction","target":{"@type":"EntryPoint","urlTemplate":"https:\/\/rotary.fi\/mariehamn\/?s={search_term_string}"},"query-input":{"@type":"PropertyValueSpecification","valueRequired":true,"valueName":"search_term_string"}}],"inLanguage":"sv-SE"}]}},"lang":"sv","translations":{"sv":2153},"pll_sync_post":[],"_links":{"self":[{"href":"https:\/\/rotary.fi\/mariehamn\/wp-json\/wp\/v2\/pages\/2153","targetHints":{"allow":["GET"]}}],"collection":[{"href":"https:\/\/rotary.fi\/mariehamn\/wp-json\/wp\/v2\/pages"}],"about":[{"href":"https:\/\/rotary.fi\/mariehamn\/wp-json\/wp\/v2\/types\/page"}],"author":[{"embeddable":true,"href":"https:\/\/rotary.fi\/mariehamn\/wp-json\/wp\/v2\/users\/689"}],"replies":[{"embeddable":true,"href":"https:\/\/rotary.fi\/mariehamn\/wp-json\/wp\/v2\/comments?post=2153"}],"version-history":[{"count":9,"href":"https:\/\/rotary.fi\/mariehamn\/wp-json\/wp\/v2\/pages\/2153\/revisions"}],"predecessor-version":[{"id":2246,"href":"https:\/\/rotary.fi\/mariehamn\/wp-json\/wp\/v2\/pages\/2153\/revisions\/2246"}],"up":[{"embeddable":true,"href":"https:\/\/rotary.fi\/mariehamn\/wp-json\/wp\/v2\/pages\/1602"}],"wp:attachment":[{"href":"https:\/\/rotary.fi\/mariehamn\/wp-json\/wp\/v2\/media?parent=2153"}],"curies":[{"name":"wp","href":"https:\/\/api.w.org\/{rel}","templated":true}]}}