{"id":1635,"date":"2019-03-20T07:10:22","date_gmt":"2019-03-20T05:10:22","guid":{"rendered":"https:\/\/rotary.fi\/mariehamn\/?page_id=1635"},"modified":"2023-11-04T17:51:19","modified_gmt":"2023-11-04T15:51:19","slug":"ar-du-intresserad-av-ett-medlemskap","status":"publish","type":"page","link":"https:\/\/rotary.fi\/mariehamn\/kom-med\/ar-du-intresserad-av-ett-medlemskap\/","title":{"rendered":"\u00c4r Du intresserad av ett medlemskap?"},"content":{"rendered":"<p>[et_pb_section fb_built=&#8221;1&#8243; module_class=&#8221;jumbotron-page&#8221; _builder_version=&#8221;4.22.1&#8243; background_image=&#8221;https:\/\/rotary.fi\/mariehamn\/wp-content\/uploads\/sites\/246\/2023\/11\/6-ny-pres-skifte-smakbyn-foto-boe.jpg&#8221; hover_enabled=&#8221;0&#8243; global_colors_info=&#8221;{}&#8221; title_text=&#8221;6. Ny  Pres skifte Smakbyn Foto BOE&#8221; sticky_enabled=&#8221;0&#8243;][et_pb_row _builder_version=&#8221;4.16&#8243; background_size=&#8221;initial&#8221; background_position=&#8221;top_left&#8221; background_repeat=&#8221;repeat&#8221; global_colors_info=&#8221;{}&#8221;][et_pb_column type=&#8221;4_4&#8243; _builder_version=&#8221;4.16&#8243; custom_padding=&#8221;|||&#8221; global_colors_info=&#8221;{}&#8221; custom_padding__hover=&#8221;|||&#8221;][et_pb_text admin_label=&#8221;Main \/\/ \u00c4r Du intresserad av ett medlemskap?&#8221; _builder_version=&#8221;4.16&#8243; text_orientation=&#8221;center&#8221; background_layout=&#8221;dark&#8221; global_colors_info=&#8221;{}&#8221;]<\/p>\n<h1>\u00c4r Du intresserad av ett medlemskap?<\/h1>\n<p>[\/et_pb_text][\/et_pb_column][\/et_pb_row][\/et_pb_section][et_pb_section fb_built=&#8221;1&#8243; specialty=&#8221;on&#8221; module_class_2=&#8221;sivupalkki&#8221; _builder_version=&#8221;4.16&#8243; global_colors_info=&#8221;{}&#8221;][et_pb_column type=&#8221;2_3&#8243; specialty_columns=&#8221;2&#8243; _builder_version=&#8221;4.16&#8243; custom_padding=&#8221;|||&#8221; global_colors_info=&#8221;{}&#8221; custom_padding__hover=&#8221;|||&#8221;][et_pb_row_inner admin_label=&#8221;Rivi&#8221; _builder_version=&#8221;4.16&#8243; global_colors_info=&#8221;{}&#8221;][et_pb_column_inner saved_specialty_column_type=&#8221;2_3&#8243; _builder_version=&#8221;4.16&#8243; custom_padding=&#8221;|||&#8221; global_colors_info=&#8221;{}&#8221; custom_padding__hover=&#8221;|||&#8221;][et_pb_text admin_label=&#8221;\u00c4r Du intresserad av ett medlemskap &#8211; rubrik&#8221; _builder_version=&#8221;4.16&#8243; text_orientation=&#8221;center&#8221; global_colors_info=&#8221;{}&#8221;]<\/p>\n<h1>\u00c4r Du intresserad av ett medlemskap?<\/h1>\n<p>[\/et_pb_text][et_pb_text admin_label=&#8221;Text: \u00c4r Du intresserad av ett medlemskap?&#8221; _builder_version=&#8221;4.22.1&#8243; global_colors_info=&#8221;{}&#8221;]<\/p>\n<p class=\"p1\"><span class=\"s1\">Vill du g\u00f6ra gott och p\u00e5verka b\u00e5de i din hemort och globalt? Anslut Dig till Rotary! Som rotarian f\u00e5r du en god chans att utveckla den egna hemorten tillsammans med likasinnade p\u00e5verkare. Du kan g\u00f6ra mycket som en medlem i din omgivning, som representant, expert och p\u00e5verkare inom din profession. Rotary \u00e4r en internationell akt\u00f6r med m\u00f6jligheter och perspektiv f\u00f6r global verksamhet. Du f\u00e5r en god m\u00f6jlighet att bilda n\u00e4tverk b\u00e5de lokalt, nationellt och i st\u00f6rre utstr\u00e4ckning.<\/span><\/p>\n<p>L\u00e4s mer om vad ett medlemskap i Mariehamns Rotaryklubb ger dig i v\u00e5r broschyr <a href=\"https:\/\/rotary.fi\/mariehamn\/wp-content\/uploads\/sites\/246\/2023\/11\/Har-ar-ditt-Rotary-uppdaterad.pdf\" target=\"_blank\" rel=\"attachment noopener wp-att-1922\">H\u00e4r \u00e4r ditt Rotary<\/a><\/p>\n<p>Bekanta Dig \u00e4ven med aktiviteter riktade till ungdomar, <a href=\"https:\/\/rotary.fi\/sv\/vad-gor-vi\/ungdomsservice\/interact\/\" target=\"_blank\" rel=\"noopener noreferrer\">Interact<\/a> och <a href=\"https:\/\/rotary.fi\/sv\/vad-gor-vi\/ungdomsservice\/rotaract\/\" target=\"_blank\" rel=\"noopener noreferrer\">Rotaract<\/a>.<\/p>\n<p>[\/et_pb_text][\/et_pb_column_inner][\/et_pb_row_inner][et_pb_row_inner admin_label=&#8221;Rivi&#8221; _builder_version=&#8221;4.16&#8243; global_colors_info=&#8221;{}&#8221;][et_pb_column_inner saved_specialty_column_type=&#8221;2_3&#8243; _builder_version=&#8221;4.16&#8243; custom_padding=&#8221;|||&#8221; global_colors_info=&#8221;{}&#8221; custom_padding__hover=&#8221;|||&#8221;][et_pb_text admin_label=&#8221;Tio goda sk\u00e4l f\u00f6r att bli en rotarian &#8211; rubrik&#8221; _builder_version=&#8221;4.16&#8243; text_orientation=&#8221;center&#8221; global_colors_info=&#8221;{}&#8221;]<\/p>\n<h4>Tio goda sk\u00e4l f\u00f6r att bli en rotarian<\/h4>\n<p>[\/et_pb_text][et_pb_text admin_label=&#8221;Text: 10 goda sk\u00e4l f\u00f6r att bli en rotarian&#8221; _builder_version=&#8221;4.16&#8243; global_colors_info=&#8221;{}&#8221;]<\/p>\n<p class=\"p1\"><span class=\"s1\"><strong>Som rotarian kan Du<\/strong> <\/span><\/p>\n<p class=\"p1\"><em><strong><span class=\"s1\">1. Tj\u00e4na och anv\u00e4nda dina egna f\u00e4rdigheter<br \/>\n2. Bilda professionella n\u00e4tverk<br \/>\n3. V\u00e4xa och utvecklas som en m\u00e4nniska<br \/>\n4. Skapa nya v\u00e4nskapsband<br \/>\n5. Ta del av kulturell m\u00e5ngfald<br \/>\n6. Fungera som en god medlem i samh\u00e4llet<br \/>\n7. Fr\u00e4mja global f\u00f6rst\u00e5else<br \/>\n8. Trivas och uppleva nya saker<br \/>\n9. Ta del av ungdomsutbyte och, om du \u00f6nskar, ta med en utbyteselev till ditt hem<br \/>\n10. Ta del av etiska aktiviteter.<\/span><\/strong><\/em><\/p>\n<p>[\/et_pb_text][\/et_pb_column_inner][\/et_pb_row_inner][et_pb_row_inner admin_label=&#8221;Rivi&#8221; _builder_version=&#8221;4.16&#8243; global_colors_info=&#8221;{}&#8221;][et_pb_column_inner saved_specialty_column_type=&#8221;2_3&#8243; _builder_version=&#8221;4.16&#8243; custom_padding=&#8221;|||&#8221; global_colors_info=&#8221;{}&#8221; custom_padding__hover=&#8221;|||&#8221;][et_pb_text admin_label=&#8221;Fyra-fr\u00e5ge-provet &#8211; rubrik&#8221; _builder_version=&#8221;4.16&#8243; text_orientation=&#8221;center&#8221; global_colors_info=&#8221;{}&#8221;]<\/p>\n<h4>Fyra-fr\u00e5ge-provet<\/h4>\n<p>[\/et_pb_text][et_pb_text admin_label=&#8221;Text: Fyra-fr\u00e5ge-provet&#8221; _builder_version=&#8221;4.16&#8243; global_colors_info=&#8221;{}&#8221;]<\/p>\n<p class=\"p1\"><span class=\"s1\">Etiska principer styr Rotarys praktiska verksamhet. Genom v\u00e5rt Fyra-fr\u00e5ge-prov f\u00f6rs\u00f6ker vi fr\u00e4mja god praxis b\u00e5de vid \u00f6msesidigt umg\u00e4nge och serviceprojekt. Utforska s\u00e5ledes dina tankar, ord och g\u00e4rningar med hj\u00e4lp av dem.<\/span><\/p>\n<p class=\"p1\"><strong><span class=\"s1\"><i>1. \u00c4r det SANT? <\/i><br \/>\n<i>2. \u00c4r det R\u00c4TTVIST mot alla parter? <\/i><br \/>\n<i>3. Kommer det att skapa GOD VILJA och B\u00c4TTRE V\u00c4NSKAPSF\u00d6RH\u00c5LLANDEN? <\/i><br \/>\n<i>4. Kommer det att vara till F\u00d6RDEL f\u00f6r alla som det ber\u00f6r?<\/i><\/span><\/strong><\/p>\n<p>[\/et_pb_text][\/et_pb_column_inner][\/et_pb_row_inner][et_pb_row_inner admin_label=&#8221;Rivi&#8221; _builder_version=&#8221;4.16&#8243; global_colors_info=&#8221;{}&#8221;][et_pb_column_inner saved_specialty_column_type=&#8221;2_3&#8243; _builder_version=&#8221;4.16&#8243; custom_padding=&#8221;|||&#8221; global_colors_info=&#8221;{}&#8221; custom_padding__hover=&#8221;|||&#8221;][et_pb_button button_url=&#8221;https:\/\/rotary.fi\/mariehamn\/sv\/kom-med\/&#8221; button_text=&#8221;Kom med&#8221; admin_label=&#8221;Button \/\/ Kom med&#8221; _builder_version=&#8221;4.16&#8243; global_colors_info=&#8221;{}&#8221;][\/et_pb_button][\/et_pb_column_inner][\/et_pb_row_inner][\/et_pb_column][et_pb_column type=&#8221;1_3&#8243; _builder_version=&#8221;4.16&#8243; custom_padding=&#8221;|||&#8221; global_colors_info=&#8221;{}&#8221; custom_padding__hover=&#8221;|||&#8221;][et_pb_sidebar area=&#8221;sidebar-1&#8243; admin_label=&#8221;Sidebar&#8221; module_class=&#8221;sivupalkki_sisalto&#8221; _builder_version=&#8221;4.16&#8243; locked=&#8221;on&#8221; global_colors_info=&#8221;{}&#8221;][\/et_pb_sidebar][\/et_pb_column][\/et_pb_section]<\/p>\n","protected":false},"excerpt":{"rendered":"<p>\u00c4r Du intresserad av ett medlemskap? \u00c4r Du intresserad av ett medlemskap? Vill du g\u00f6ra gott och p\u00e5verka b\u00e5de i din hemort och globalt? Anslut Dig till Rotary! Som rotarian f\u00e5r du en god chans att utveckla den egna hemorten tillsammans med likasinnade p\u00e5verkare. Du kan g\u00f6ra mycket som en medlem i din omgivning, som [&hellip;]<\/p>\n","protected":false},"author":1,"featured_media":0,"parent":1629,"menu_order":1,"comment_status":"closed","ping_status":"closed","template":"","meta":{"_acf_changed":false,"_et_pb_use_builder":"on","_et_pb_old_content":"","_et_gb_content_width":"","footnotes":""},"class_list":["post-1635","page","type-page","status-publish","hentry"],"acf":[],"yoast_head":"<!-- This site is optimized with the Yoast SEO plugin v27.0 - https:\/\/yoast.com\/product\/yoast-seo-wordpress\/ -->\n<title>\u00c4r Du intresserad av ett medlemskap? - Mariehamns Rotaryklubb<\/title>\n<meta name=\"robots\" content=\"index, follow, max-snippet:-1, max-image-preview:large, max-video-preview:-1\" \/>\n<link rel=\"canonical\" href=\"https:\/\/rotary.fi\/mariehamn\/kom-med\/ar-du-intresserad-av-ett-medlemskap\/\" \/>\n<meta property=\"og:locale\" content=\"sv_SE\" \/>\n<meta property=\"og:type\" content=\"article\" \/>\n<meta property=\"og:title\" content=\"\u00c4r Du intresserad av ett medlemskap? - Mariehamns Rotaryklubb\" \/>\n<meta property=\"og:description\" content=\"\u00c4r Du intresserad av ett medlemskap? \u00c4r Du intresserad av ett medlemskap? Vill du g\u00f6ra gott och p\u00e5verka b\u00e5de i din hemort och globalt? Anslut Dig till Rotary! Som rotarian f\u00e5r du en god chans att utveckla den egna hemorten tillsammans med likasinnade p\u00e5verkare. Du kan g\u00f6ra mycket som en medlem i din omgivning, som [&hellip;]\" \/>\n<meta property=\"og:url\" content=\"https:\/\/rotary.fi\/mariehamn\/kom-med\/ar-du-intresserad-av-ett-medlemskap\/\" \/>\n<meta property=\"og:site_name\" content=\"Mariehamns Rotaryklubb\" \/>\n<meta property=\"article:modified_time\" content=\"2023-11-04T15:51:19+00:00\" \/>\n<meta name=\"twitter:card\" content=\"summary_large_image\" \/>\n<meta name=\"twitter:label1\" content=\"Ber\u00e4knad l\u00e4stid\" \/>\n\t<meta name=\"twitter:data1\" content=\"3 minuter\" \/>\n<script type=\"application\/ld+json\" class=\"yoast-schema-graph\">{\"@context\":\"https:\/\/schema.org\",\"@graph\":[{\"@type\":\"WebPage\",\"@id\":\"https:\/\/rotary.fi\/mariehamn\/kom-med\/ar-du-intresserad-av-ett-medlemskap\/\",\"url\":\"https:\/\/rotary.fi\/mariehamn\/kom-med\/ar-du-intresserad-av-ett-medlemskap\/\",\"name\":\"\u00c4r Du intresserad av ett medlemskap? - Mariehamns Rotaryklubb\",\"isPartOf\":{\"@id\":\"https:\/\/rotary.fi\/mariehamn\/#website\"},\"datePublished\":\"2019-03-20T05:10:22+00:00\",\"dateModified\":\"2023-11-04T15:51:19+00:00\",\"breadcrumb\":{\"@id\":\"https:\/\/rotary.fi\/mariehamn\/kom-med\/ar-du-intresserad-av-ett-medlemskap\/#breadcrumb\"},\"inLanguage\":\"sv-SE\",\"potentialAction\":[{\"@type\":\"ReadAction\",\"target\":[\"https:\/\/rotary.fi\/mariehamn\/kom-med\/ar-du-intresserad-av-ett-medlemskap\/\"]}]},{\"@type\":\"BreadcrumbList\",\"@id\":\"https:\/\/rotary.fi\/mariehamn\/kom-med\/ar-du-intresserad-av-ett-medlemskap\/#breadcrumb\",\"itemListElement\":[{\"@type\":\"ListItem\",\"position\":1,\"name\":\"Home\",\"item\":\"https:\/\/rotary.fi\/mariehamn\/\"},{\"@type\":\"ListItem\",\"position\":2,\"name\":\"Kom med\",\"item\":\"https:\/\/rotary.fi\/mariehamn\/kom-med\/\"},{\"@type\":\"ListItem\",\"position\":3,\"name\":\"\u00c4r Du intresserad av ett medlemskap?\"}]},{\"@type\":\"WebSite\",\"@id\":\"https:\/\/rotary.fi\/mariehamn\/#website\",\"url\":\"https:\/\/rotary.fi\/mariehamn\/\",\"name\":\"Mariehamns Rotaryklubb\",\"description\":\"Ny rotaryklubbs hemsida\",\"potentialAction\":[{\"@type\":\"SearchAction\",\"target\":{\"@type\":\"EntryPoint\",\"urlTemplate\":\"https:\/\/rotary.fi\/mariehamn\/?s={search_term_string}\"},\"query-input\":{\"@type\":\"PropertyValueSpecification\",\"valueRequired\":true,\"valueName\":\"search_term_string\"}}],\"inLanguage\":\"sv-SE\"}]}<\/script>\n<!-- \/ Yoast SEO plugin. -->","yoast_head_json":{"title":"\u00c4r Du intresserad av ett medlemskap? - Mariehamns Rotaryklubb","robots":{"index":"index","follow":"follow","max-snippet":"max-snippet:-1","max-image-preview":"max-image-preview:large","max-video-preview":"max-video-preview:-1"},"canonical":"https:\/\/rotary.fi\/mariehamn\/kom-med\/ar-du-intresserad-av-ett-medlemskap\/","og_locale":"sv_SE","og_type":"article","og_title":"\u00c4r Du intresserad av ett medlemskap? - Mariehamns Rotaryklubb","og_description":"\u00c4r Du intresserad av ett medlemskap? \u00c4r Du intresserad av ett medlemskap? Vill du g\u00f6ra gott och p\u00e5verka b\u00e5de i din hemort och globalt? Anslut Dig till Rotary! Som rotarian f\u00e5r du en god chans att utveckla den egna hemorten tillsammans med likasinnade p\u00e5verkare. Du kan g\u00f6ra mycket som en medlem i din omgivning, som [&hellip;]","og_url":"https:\/\/rotary.fi\/mariehamn\/kom-med\/ar-du-intresserad-av-ett-medlemskap\/","og_site_name":"Mariehamns Rotaryklubb","article_modified_time":"2023-11-04T15:51:19+00:00","twitter_card":"summary_large_image","twitter_misc":{"Ber\u00e4knad l\u00e4stid":"3 minuter"},"schema":{"@context":"https:\/\/schema.org","@graph":[{"@type":"WebPage","@id":"https:\/\/rotary.fi\/mariehamn\/kom-med\/ar-du-intresserad-av-ett-medlemskap\/","url":"https:\/\/rotary.fi\/mariehamn\/kom-med\/ar-du-intresserad-av-ett-medlemskap\/","name":"\u00c4r Du intresserad av ett medlemskap? - Mariehamns Rotaryklubb","isPartOf":{"@id":"https:\/\/rotary.fi\/mariehamn\/#website"},"datePublished":"2019-03-20T05:10:22+00:00","dateModified":"2023-11-04T15:51:19+00:00","breadcrumb":{"@id":"https:\/\/rotary.fi\/mariehamn\/kom-med\/ar-du-intresserad-av-ett-medlemskap\/#breadcrumb"},"inLanguage":"sv-SE","potentialAction":[{"@type":"ReadAction","target":["https:\/\/rotary.fi\/mariehamn\/kom-med\/ar-du-intresserad-av-ett-medlemskap\/"]}]},{"@type":"BreadcrumbList","@id":"https:\/\/rotary.fi\/mariehamn\/kom-med\/ar-du-intresserad-av-ett-medlemskap\/#breadcrumb","itemListElement":[{"@type":"ListItem","position":1,"name":"Home","item":"https:\/\/rotary.fi\/mariehamn\/"},{"@type":"ListItem","position":2,"name":"Kom med","item":"https:\/\/rotary.fi\/mariehamn\/kom-med\/"},{"@type":"ListItem","position":3,"name":"\u00c4r Du intresserad av ett medlemskap?"}]},{"@type":"WebSite","@id":"https:\/\/rotary.fi\/mariehamn\/#website","url":"https:\/\/rotary.fi\/mariehamn\/","name":"Mariehamns Rotaryklubb","description":"Ny rotaryklubbs hemsida","potentialAction":[{"@type":"SearchAction","target":{"@type":"EntryPoint","urlTemplate":"https:\/\/rotary.fi\/mariehamn\/?s={search_term_string}"},"query-input":{"@type":"PropertyValueSpecification","valueRequired":true,"valueName":"search_term_string"}}],"inLanguage":"sv-SE"}]}},"lang":"sv","translations":{"sv":1635},"pll_sync_post":[],"_links":{"self":[{"href":"https:\/\/rotary.fi\/mariehamn\/wp-json\/wp\/v2\/pages\/1635","targetHints":{"allow":["GET"]}}],"collection":[{"href":"https:\/\/rotary.fi\/mariehamn\/wp-json\/wp\/v2\/pages"}],"about":[{"href":"https:\/\/rotary.fi\/mariehamn\/wp-json\/wp\/v2\/types\/page"}],"author":[{"embeddable":true,"href":"https:\/\/rotary.fi\/mariehamn\/wp-json\/wp\/v2\/users\/1"}],"replies":[{"embeddable":true,"href":"https:\/\/rotary.fi\/mariehamn\/wp-json\/wp\/v2\/comments?post=1635"}],"version-history":[{"count":10,"href":"https:\/\/rotary.fi\/mariehamn\/wp-json\/wp\/v2\/pages\/1635\/revisions"}],"predecessor-version":[{"id":2063,"href":"https:\/\/rotary.fi\/mariehamn\/wp-json\/wp\/v2\/pages\/1635\/revisions\/2063"}],"up":[{"embeddable":true,"href":"https:\/\/rotary.fi\/mariehamn\/wp-json\/wp\/v2\/pages\/1629"}],"wp:attachment":[{"href":"https:\/\/rotary.fi\/mariehamn\/wp-json\/wp\/v2\/media?parent=1635"}],"curies":[{"name":"wp","href":"https:\/\/api.w.org\/{rel}","templated":true}]}}