{"id":1606,"date":"2019-03-19T15:28:00","date_gmt":"2019-03-19T13:28:00","guid":{"rendered":"https:\/\/rotary.fi\/mariehamn\/?page_id=1606"},"modified":"2023-11-20T13:25:06","modified_gmt":"2023-11-20T11:25:06","slug":"ovriga-projekt","status":"publish","type":"page","link":"https:\/\/rotary.fi\/mariehamn\/vad-gor-vi\/ovriga-projekt\/","title":{"rendered":"\u00d6vriga projekt"},"content":{"rendered":"<p>[et_pb_section fb_built=&#8221;1&#8243; module_class=&#8221;jumbotron-page&#8221; _builder_version=&#8221;4.22.1&#8243; background_image=&#8221;https:\/\/rotary.fi\/mariehamn\/wp-content\/uploads\/sites\/246\/2023\/11\/1-img-2106.jpg&#8221; global_colors_info=&#8221;{}&#8221;][et_pb_row _builder_version=&#8221;4.16&#8243; background_size=&#8221;initial&#8221; background_position=&#8221;top_left&#8221; background_repeat=&#8221;repeat&#8221; global_colors_info=&#8221;{}&#8221;][et_pb_column type=&#8221;4_4&#8243; _builder_version=&#8221;4.16&#8243; custom_padding=&#8221;|||&#8221; global_colors_info=&#8221;{}&#8221; custom_padding__hover=&#8221;|||&#8221;][et_pb_text admin_label=&#8221;Main \/\/ Projekt&#8221; _builder_version=&#8221;4.22.1&#8243; text_orientation=&#8221;center&#8221; background_layout=&#8221;dark&#8221; global_colors_info=&#8221;{}&#8221;]<\/p>\n<h1>\u00d6vriga projekt<\/h1>\n<p>[\/et_pb_text][\/et_pb_column][\/et_pb_row][\/et_pb_section][et_pb_section fb_built=&#8221;1&#8243; specialty=&#8221;on&#8221; module_class_2=&#8221;sivupalkki&#8221; _builder_version=&#8221;4.16&#8243; global_colors_info=&#8221;{}&#8221;][et_pb_column type=&#8221;2_3&#8243; specialty_columns=&#8221;2&#8243; _builder_version=&#8221;4.16&#8243; custom_padding=&#8221;|||&#8221; global_colors_info=&#8221;{}&#8221; custom_padding__hover=&#8221;|||&#8221;][et_pb_row_inner admin_label=&#8221;Rivi&#8221; _builder_version=&#8221;4.16&#8243; global_colors_info=&#8221;{}&#8221;][et_pb_column_inner saved_specialty_column_type=&#8221;2_3&#8243; _builder_version=&#8221;4.16&#8243; custom_padding=&#8221;|||&#8221; global_colors_info=&#8221;{}&#8221; custom_padding__hover=&#8221;|||&#8221;][et_pb_text admin_label=&#8221;Projekt &#8211; rubrik&#8221; _builder_version=&#8221;4.22.1&#8243; text_orientation=&#8221;center&#8221; global_colors_info=&#8221;{}&#8221;]<\/p>\n<h1>\u00d6vriga projekt<\/h1>\n<p>[\/et_pb_text][et_pb_text admin_label=&#8221;Text: Projekt&#8221; _builder_version=&#8221;4.22.1&#8243; global_colors_info=&#8221;{}&#8221;]<\/p>\n<p>Rotary \u00e4r en serviceorganisation. Vi agerar enligt mottot Osj\u00e4lviskt tj\u00e4nande (Service above self) b\u00e5de lokalt och globalt. V\u00e5r internationella humanit\u00e4ra service f\u00f6rverkligas genom koordinering av The Rotary Foundation och tillsammans med godk\u00e4nda partners.<\/p>\n<p>[\/et_pb_text][\/et_pb_column_inner][\/et_pb_row_inner][et_pb_row_inner admin_label=&#8221;Rivi&#8221; _builder_version=&#8221;4.16&#8243; global_colors_info=&#8221;{}&#8221;][et_pb_column_inner saved_specialty_column_type=&#8221;2_3&#8243; _builder_version=&#8221;4.16&#8243; custom_padding=&#8221;|||&#8221; global_colors_info=&#8221;{}&#8221; custom_padding__hover=&#8221;|||&#8221;][et_pb_text admin_label=&#8221;75-\u00e5rs jubileum&#8221; _builder_version=&#8221;4.22.1&#8243; text_orientation=&#8221;center&#8221; global_colors_info=&#8221;{}&#8221;]<\/p>\n<h4>Klubben firande 75 \u00e5r i november 2022<\/h4>\n<p>[\/et_pb_text][et_pb_image src=&#8221;https:\/\/rotary.fi\/mariehamn\/wp-content\/uploads\/sites\/246\/2023\/11\/jubileum1.jpg&#8221; title_text=&#8221;jubileum1&#8243; _builder_version=&#8221;4.22.1&#8243; _module_preset=&#8221;default&#8221; global_colors_info=&#8221;{}&#8221;][\/et_pb_image][et_pb_text admin_label=&#8221;Text: 75-\u00e5rs jubileum&#8221; _builder_version=&#8221;4.22.1&#8243; global_colors_info=&#8221;{}&#8221;]<\/p>\n<p>Mariehamns Rotaryklubb fyllde 75 \u00e5r den 13 november 2022. Inf\u00f6r jubileumsfesten ordnade IYFR (the International Yachting Fellowship of Rotarians) under ledning av kommodor Eva Donalds en uppskattad f\u00f6rel\u00e4sning. Journalisterna Janneke Kuyster och Wietze van der Laan, ber\u00e4ttade om sin v\u00e4rldsomsegling.<\/p>\n<p>Sammantaget drygt 100 medlemmar, medf\u00f6ljande och inbjudna g\u00e4ster samlades f\u00f6r att fira jubileet p\u00e5 restaurang Nautical l\u00f6rdagen den 12 november. Jubileumsfesten blev till ett v\u00e4ldigt fint minne tack vare alla g\u00e4ster &#8211; en h\u00f6gtidlig fest med en varm gemenskap. Jubileums\u00e5rets sex nya hedersmedlemmar hyllades och president Katarina Fellman hade gl\u00e4djen att dela ut hela 20 nya Paul Harris Fellow-utm\u00e4rkelser. Den m\u00e5ng\u00e5rige klubbmedlemmen och tidigare president Nils-Erik Eklund h\u00f6ll kv\u00e4llens festtal. G\u00e4sterna bj\u00f6ds p\u00e5 varierande musikunderh\u00e5llning och v\u00e4llens champagnelotteri genererade hela 1 700 euro till PolioPlus-insamlingen!<\/p>\n<p>Klubben uppm\u00e4rksammades med m\u00e5nga fina g\u00e5vor och h\u00e4lsningar fr\u00e5n distrikt 1410 och fr\u00e5n n\u00e4rliggande rotaryklubbar. Klubben mottog ocks\u00e5 ett diplom f\u00f6r klubbens insatser f\u00f6r Rotary Sveriges och Finlands insamlingskampanj f\u00f6r hj\u00e4lpverksamheten i Ukraina. RI President Jennifer Jones framf\u00f6rde en h\u00e4lsning p\u00e5 video och \u00f6verl\u00e4mnade genom Lena Mjerskaug, direkt\u00f6r vid Rotary International, ett diplom till klubben f\u00f6r 75 \u00e5r av insatser f\u00f6r Rotary. Jubileumskommitt\u00e9n men Sanna K\u00f6n\u00f6nen-Wahlstedt i ledningen gjorde ett enast\u00e5ende jobb med f\u00f6rberedelserna inf\u00f6r jubill\u00e9et.<\/p>\n<p>Klubben uppm\u00e4rksammade \u00e4ven 75-\u00e5rsjubil\u00e9et med ett Rotaryfrim\u00e4rke. Till motiv valde klubben B\u00e5ken &#8211; ett stort sj\u00f6m\u00e4rke i tr\u00e4 som Mariehamns Rotaryklubbs medlemmar byggde 2005 i Mariehamns \u00d6sterhamn.<\/p>\n<p>Under jubileumshelgen h\u00f6lls ocks\u00e5 boksl\u00e4pp av Mariehamn Rotaryklubbs 75-\u00e5rshistorik, \u201dMariehamns Rotaryklubb 1997\u20132022, 25 \u00e5r av en 75 \u00e5rig historia\u201d sammanst\u00e4lld av Helena Forsg\u00e5rd och H\u00e5kan Skogsj\u00f6 samt en historikkommitt\u00e9 med sex klubbmedlemmar under ledning av Bj\u00f6rn-Olof Ehrnstr\u00f6m.<\/p>\n<p>[\/et_pb_text][\/et_pb_column_inner][\/et_pb_row_inner][et_pb_row_inner admin_label=&#8221;Rivi&#8221; _builder_version=&#8221;4.16&#8243; global_colors_info=&#8221;{}&#8221;][et_pb_column_inner saved_specialty_column_type=&#8221;2_3&#8243; _builder_version=&#8221;4.16&#8243; custom_padding=&#8221;|||&#8221; global_colors_info=&#8221;{}&#8221; custom_padding__hover=&#8221;|||&#8221;][et_pb_text admin_label=&#8221;R\u00f6ntgenapparat&#8221; _builder_version=&#8221;4.22.1&#8243; text_orientation=&#8221;center&#8221; global_colors_info=&#8221;{}&#8221;]<\/p>\n<h4>R\u00f6ntgenapparaten<\/h4>\n<p>[\/et_pb_text][et_pb_image src=&#8221;https:\/\/rotary.fi\/mariehamn\/wp-content\/uploads\/sites\/246\/2023\/11\/3-rontgen-c-bage-e1700469691656.jpg&#8221; title_text=&#8221;3 r\u00f6ntgen c-b\u00e5ge&#8221; _builder_version=&#8221;4.22.1&#8243; _module_preset=&#8221;default&#8221; global_colors_info=&#8221;{}&#8221;][\/et_pb_image][et_pb_text admin_label=&#8221;Text: R\u00f6ntgenapparat&#8221; _builder_version=&#8221;4.22.1&#8243; global_colors_info=&#8221;{}&#8221;]<\/p>\n<p>Klubben p\u00e5b\u00f6rjade under rotary\u00e5ret 2013-2014 ett projekt som omfattade finansiering av en mobil r\u00f6ntgenapparat till ett lokalt sjukhus i Tanzania. Gynekolog Manoucherh Nozrat-Nazemi, aktiv inom Rotarys L\u00e4karbank, informerade klubben p\u00e5 ett veckom\u00f6te om sjukhusets verksamhet och behovet av en r\u00f6ntgenapparat. En l\u00e4mplig begagnad, inte alltf\u00f6r elektroniskt komplicerad apparat hittades v\u00e5ren 2015 och p\u00e5 h\u00f6sten skickades r\u00f6ntgenapparaten till Tanzania. Efter en utdragen och omfattande korrespondens om inrikestransporten till sjukhuset med Christian Council of Tanzania fick klubben \u00e4ntligen bekr\u00e4ftat den 27 juni 2016 att r\u00f6ntgenapparaten hade kommit fram till sjukhuset i Ilembula. Klubben beviljades 3000 euro i District Grant f\u00f6r projektet.<\/p>\n<p>[\/et_pb_text][\/et_pb_column_inner][\/et_pb_row_inner][et_pb_row_inner admin_label=&#8221;Rivi&#8221; _builder_version=&#8221;4.16&#8243; global_colors_info=&#8221;{}&#8221;][et_pb_column_inner saved_specialty_column_type=&#8221;2_3&#8243; _builder_version=&#8221;4.16&#8243; custom_padding=&#8221;|||&#8221; global_colors_info=&#8221;{}&#8221; custom_padding__hover=&#8221;|||&#8221;][et_pb_text admin_label=&#8221;Ton\u00e5rsparl\u00f6r&#8221; _builder_version=&#8221;4.22.1&#8243; text_orientation=&#8221;center&#8221; global_colors_info=&#8221;{}&#8221;]<\/p>\n<h4>Ton\u00e5rsparl\u00f6ren<\/h4>\n<p>[\/et_pb_text][et_pb_text admin_label=&#8221;Text: Ton\u00e5rsparl\u00f6r&#8221; _builder_version=&#8221;4.22.1&#8243; global_colors_info=&#8221;{}&#8221;]<\/p>\n<p><img loading=\"lazy\" decoding=\"async\" class=\"wp-image-2053 size-full alignright\" src=\"https:\/\/rotary.fi\/mariehamn\/wp-content\/uploads\/sites\/246\/2023\/11\/tonarsparloren.jpg\" alt=\"\" width=\"197\" height=\"256\" \/>Klubben har genom \u00e5ren satsat p\u00e5 drogf\u00f6rebyggande arbete genom information om droger och alkohol i de \u00e5l\u00e4ndska skolorna. Under flera \u00e5r har klubben ocks\u00e5 delat ut ca 110 exemplar av den lilla skriften \u201dTon\u00e5rsparl\u00f6ren\u201d till eleverna i \u00e5k 6 i Mariehamn och deras f\u00f6r\u00e4ldrar. Distributionen av &#8221;Ton\u00e5rsparl\u00f6ren&#8221; har skett i samarbete med Mariehamns Inner Wheel klubb och F\u00e4ltarna. Parl\u00f6ren sponsorerades av f\u00f6retag. Projektet forts\u00e4tter \u00e4ven idag i Folkh\u00e4lsans regi.<\/p>\n<p>[\/et_pb_text][\/et_pb_column_inner][\/et_pb_row_inner][\/et_pb_column][et_pb_column type=&#8221;1_3&#8243; _builder_version=&#8221;4.16&#8243; custom_padding=&#8221;|||&#8221; global_colors_info=&#8221;{}&#8221; custom_padding__hover=&#8221;|||&#8221;][et_pb_sidebar area=&#8221;sidebar-1&#8243; admin_label=&#8221;Sidebar&#8221; module_class=&#8221;sivupalkki_sisalto&#8221; _builder_version=&#8221;4.16&#8243; locked=&#8221;on&#8221; global_colors_info=&#8221;{}&#8221;][\/et_pb_sidebar][\/et_pb_column][\/et_pb_section]<\/p>\n","protected":false},"excerpt":{"rendered":"<p>\u00d6vriga projekt\u00d6vriga projektRotary \u00e4r en serviceorganisation. Vi agerar enligt mottot Osj\u00e4lviskt tj\u00e4nande (Service above self) b\u00e5de lokalt och globalt. V\u00e5r internationella humanit\u00e4ra service f\u00f6rverkligas genom koordinering av The Rotary Foundation och tillsammans med godk\u00e4nda partners.Klubben firande 75 \u00e5r i november 2022Mariehamns Rotaryklubb fyllde 75 \u00e5r den 13 november 2022. Inf\u00f6r jubileumsfesten ordnade IYFR (the International [&hellip;]<\/p>\n","protected":false},"author":1,"featured_media":0,"parent":1602,"menu_order":5,"comment_status":"closed","ping_status":"closed","template":"","meta":{"_acf_changed":false,"_et_pb_use_builder":"on","_et_pb_old_content":"","_et_gb_content_width":"","footnotes":""},"class_list":["post-1606","page","type-page","status-publish","hentry"],"acf":[],"yoast_head":"<!-- This site is optimized with the Yoast SEO plugin v27.0 - https:\/\/yoast.com\/product\/yoast-seo-wordpress\/ -->\n<title>\u00d6vriga projekt - Mariehamns Rotaryklubb<\/title>\n<meta name=\"robots\" content=\"index, follow, max-snippet:-1, max-image-preview:large, max-video-preview:-1\" \/>\n<link rel=\"canonical\" href=\"https:\/\/rotary.fi\/mariehamn\/vad-gor-vi\/ovriga-projekt\/\" \/>\n<meta property=\"og:locale\" content=\"sv_SE\" \/>\n<meta property=\"og:type\" content=\"article\" \/>\n<meta property=\"og:title\" content=\"\u00d6vriga projekt - Mariehamns Rotaryklubb\" \/>\n<meta property=\"og:description\" content=\"\u00d6vriga projekt\u00d6vriga projektRotary \u00e4r en serviceorganisation. Vi agerar enligt mottot Osj\u00e4lviskt tj\u00e4nande (Service above self) b\u00e5de lokalt och globalt. V\u00e5r internationella humanit\u00e4ra service f\u00f6rverkligas genom koordinering av The Rotary Foundation och tillsammans med godk\u00e4nda partners.Klubben firande 75 \u00e5r i november 2022Mariehamns Rotaryklubb fyllde 75 \u00e5r den 13 november 2022. Inf\u00f6r jubileumsfesten ordnade IYFR (the International [&hellip;]\" \/>\n<meta property=\"og:url\" content=\"https:\/\/rotary.fi\/mariehamn\/vad-gor-vi\/ovriga-projekt\/\" \/>\n<meta property=\"og:site_name\" content=\"Mariehamns Rotaryklubb\" \/>\n<meta property=\"article:modified_time\" content=\"2023-11-20T11:25:06+00:00\" \/>\n<meta property=\"og:image\" content=\"https:\/\/rotary.fi\/mariehamn\/wp-content\/uploads\/sites\/246\/2023\/11\/tonarsparloren.jpg\" \/>\n<meta name=\"twitter:card\" content=\"summary_large_image\" \/>\n<meta name=\"twitter:label1\" content=\"Ber\u00e4knad l\u00e4stid\" \/>\n\t<meta name=\"twitter:data1\" content=\"4 minuter\" \/>\n<script type=\"application\/ld+json\" class=\"yoast-schema-graph\">{\"@context\":\"https:\/\/schema.org\",\"@graph\":[{\"@type\":\"WebPage\",\"@id\":\"https:\/\/rotary.fi\/mariehamn\/vad-gor-vi\/ovriga-projekt\/\",\"url\":\"https:\/\/rotary.fi\/mariehamn\/vad-gor-vi\/ovriga-projekt\/\",\"name\":\"\u00d6vriga projekt - Mariehamns Rotaryklubb\",\"isPartOf\":{\"@id\":\"https:\/\/rotary.fi\/mariehamn\/#website\"},\"primaryImageOfPage\":{\"@id\":\"https:\/\/rotary.fi\/mariehamn\/vad-gor-vi\/ovriga-projekt\/#primaryimage\"},\"image\":{\"@id\":\"https:\/\/rotary.fi\/mariehamn\/vad-gor-vi\/ovriga-projekt\/#primaryimage\"},\"thumbnailUrl\":\"https:\/\/rotary.fi\/mariehamn\/wp-content\/uploads\/sites\/246\/2023\/11\/tonarsparloren.jpg\",\"datePublished\":\"2019-03-19T13:28:00+00:00\",\"dateModified\":\"2023-11-20T11:25:06+00:00\",\"breadcrumb\":{\"@id\":\"https:\/\/rotary.fi\/mariehamn\/vad-gor-vi\/ovriga-projekt\/#breadcrumb\"},\"inLanguage\":\"sv-SE\",\"potentialAction\":[{\"@type\":\"ReadAction\",\"target\":[\"https:\/\/rotary.fi\/mariehamn\/vad-gor-vi\/ovriga-projekt\/\"]}]},{\"@type\":\"ImageObject\",\"inLanguage\":\"sv-SE\",\"@id\":\"https:\/\/rotary.fi\/mariehamn\/vad-gor-vi\/ovriga-projekt\/#primaryimage\",\"url\":\"https:\/\/rotary.fi\/mariehamn\/wp-content\/uploads\/sites\/246\/2023\/11\/tonarsparloren.jpg\",\"contentUrl\":\"https:\/\/rotary.fi\/mariehamn\/wp-content\/uploads\/sites\/246\/2023\/11\/tonarsparloren.jpg\",\"width\":197,\"height\":256},{\"@type\":\"BreadcrumbList\",\"@id\":\"https:\/\/rotary.fi\/mariehamn\/vad-gor-vi\/ovriga-projekt\/#breadcrumb\",\"itemListElement\":[{\"@type\":\"ListItem\",\"position\":1,\"name\":\"Home\",\"item\":\"https:\/\/rotary.fi\/mariehamn\/\"},{\"@type\":\"ListItem\",\"position\":2,\"name\":\"Vad g\u00f6r vi\",\"item\":\"https:\/\/rotary.fi\/mariehamn\/vad-gor-vi\/\"},{\"@type\":\"ListItem\",\"position\":3,\"name\":\"\u00d6vriga projekt\"}]},{\"@type\":\"WebSite\",\"@id\":\"https:\/\/rotary.fi\/mariehamn\/#website\",\"url\":\"https:\/\/rotary.fi\/mariehamn\/\",\"name\":\"Mariehamns Rotaryklubb\",\"description\":\"Ny rotaryklubbs hemsida\",\"potentialAction\":[{\"@type\":\"SearchAction\",\"target\":{\"@type\":\"EntryPoint\",\"urlTemplate\":\"https:\/\/rotary.fi\/mariehamn\/?s={search_term_string}\"},\"query-input\":{\"@type\":\"PropertyValueSpecification\",\"valueRequired\":true,\"valueName\":\"search_term_string\"}}],\"inLanguage\":\"sv-SE\"}]}<\/script>\n<!-- \/ Yoast SEO plugin. -->","yoast_head_json":{"title":"\u00d6vriga projekt - Mariehamns Rotaryklubb","robots":{"index":"index","follow":"follow","max-snippet":"max-snippet:-1","max-image-preview":"max-image-preview:large","max-video-preview":"max-video-preview:-1"},"canonical":"https:\/\/rotary.fi\/mariehamn\/vad-gor-vi\/ovriga-projekt\/","og_locale":"sv_SE","og_type":"article","og_title":"\u00d6vriga projekt - Mariehamns Rotaryklubb","og_description":"\u00d6vriga projekt\u00d6vriga projektRotary \u00e4r en serviceorganisation. Vi agerar enligt mottot Osj\u00e4lviskt tj\u00e4nande (Service above self) b\u00e5de lokalt och globalt. V\u00e5r internationella humanit\u00e4ra service f\u00f6rverkligas genom koordinering av The Rotary Foundation och tillsammans med godk\u00e4nda partners.Klubben firande 75 \u00e5r i november 2022Mariehamns Rotaryklubb fyllde 75 \u00e5r den 13 november 2022. Inf\u00f6r jubileumsfesten ordnade IYFR (the International [&hellip;]","og_url":"https:\/\/rotary.fi\/mariehamn\/vad-gor-vi\/ovriga-projekt\/","og_site_name":"Mariehamns Rotaryklubb","article_modified_time":"2023-11-20T11:25:06+00:00","og_image":[{"url":"https:\/\/rotary.fi\/mariehamn\/wp-content\/uploads\/sites\/246\/2023\/11\/tonarsparloren.jpg","type":"","width":"","height":""}],"twitter_card":"summary_large_image","twitter_misc":{"Ber\u00e4knad l\u00e4stid":"4 minuter"},"schema":{"@context":"https:\/\/schema.org","@graph":[{"@type":"WebPage","@id":"https:\/\/rotary.fi\/mariehamn\/vad-gor-vi\/ovriga-projekt\/","url":"https:\/\/rotary.fi\/mariehamn\/vad-gor-vi\/ovriga-projekt\/","name":"\u00d6vriga projekt - Mariehamns Rotaryklubb","isPartOf":{"@id":"https:\/\/rotary.fi\/mariehamn\/#website"},"primaryImageOfPage":{"@id":"https:\/\/rotary.fi\/mariehamn\/vad-gor-vi\/ovriga-projekt\/#primaryimage"},"image":{"@id":"https:\/\/rotary.fi\/mariehamn\/vad-gor-vi\/ovriga-projekt\/#primaryimage"},"thumbnailUrl":"https:\/\/rotary.fi\/mariehamn\/wp-content\/uploads\/sites\/246\/2023\/11\/tonarsparloren.jpg","datePublished":"2019-03-19T13:28:00+00:00","dateModified":"2023-11-20T11:25:06+00:00","breadcrumb":{"@id":"https:\/\/rotary.fi\/mariehamn\/vad-gor-vi\/ovriga-projekt\/#breadcrumb"},"inLanguage":"sv-SE","potentialAction":[{"@type":"ReadAction","target":["https:\/\/rotary.fi\/mariehamn\/vad-gor-vi\/ovriga-projekt\/"]}]},{"@type":"ImageObject","inLanguage":"sv-SE","@id":"https:\/\/rotary.fi\/mariehamn\/vad-gor-vi\/ovriga-projekt\/#primaryimage","url":"https:\/\/rotary.fi\/mariehamn\/wp-content\/uploads\/sites\/246\/2023\/11\/tonarsparloren.jpg","contentUrl":"https:\/\/rotary.fi\/mariehamn\/wp-content\/uploads\/sites\/246\/2023\/11\/tonarsparloren.jpg","width":197,"height":256},{"@type":"BreadcrumbList","@id":"https:\/\/rotary.fi\/mariehamn\/vad-gor-vi\/ovriga-projekt\/#breadcrumb","itemListElement":[{"@type":"ListItem","position":1,"name":"Home","item":"https:\/\/rotary.fi\/mariehamn\/"},{"@type":"ListItem","position":2,"name":"Vad g\u00f6r vi","item":"https:\/\/rotary.fi\/mariehamn\/vad-gor-vi\/"},{"@type":"ListItem","position":3,"name":"\u00d6vriga projekt"}]},{"@type":"WebSite","@id":"https:\/\/rotary.fi\/mariehamn\/#website","url":"https:\/\/rotary.fi\/mariehamn\/","name":"Mariehamns Rotaryklubb","description":"Ny rotaryklubbs hemsida","potentialAction":[{"@type":"SearchAction","target":{"@type":"EntryPoint","urlTemplate":"https:\/\/rotary.fi\/mariehamn\/?s={search_term_string}"},"query-input":{"@type":"PropertyValueSpecification","valueRequired":true,"valueName":"search_term_string"}}],"inLanguage":"sv-SE"}]}},"lang":"sv","translations":{"sv":1606},"pll_sync_post":[],"_links":{"self":[{"href":"https:\/\/rotary.fi\/mariehamn\/wp-json\/wp\/v2\/pages\/1606","targetHints":{"allow":["GET"]}}],"collection":[{"href":"https:\/\/rotary.fi\/mariehamn\/wp-json\/wp\/v2\/pages"}],"about":[{"href":"https:\/\/rotary.fi\/mariehamn\/wp-json\/wp\/v2\/types\/page"}],"author":[{"embeddable":true,"href":"https:\/\/rotary.fi\/mariehamn\/wp-json\/wp\/v2\/users\/1"}],"replies":[{"embeddable":true,"href":"https:\/\/rotary.fi\/mariehamn\/wp-json\/wp\/v2\/comments?post=1606"}],"version-history":[{"count":10,"href":"https:\/\/rotary.fi\/mariehamn\/wp-json\/wp\/v2\/pages\/1606\/revisions"}],"predecessor-version":[{"id":2258,"href":"https:\/\/rotary.fi\/mariehamn\/wp-json\/wp\/v2\/pages\/1606\/revisions\/2258"}],"up":[{"embeddable":true,"href":"https:\/\/rotary.fi\/mariehamn\/wp-json\/wp\/v2\/pages\/1602"}],"wp:attachment":[{"href":"https:\/\/rotary.fi\/mariehamn\/wp-json\/wp\/v2\/media?parent=1606"}],"curies":[{"name":"wp","href":"https:\/\/api.w.org\/{rel}","templated":true}]}}