{"id":1584,"date":"2019-03-19T14:56:44","date_gmt":"2019-03-19T12:56:44","guid":{"rendered":"https:\/\/rotary.fi\/mariehamn\/?page_id=1584"},"modified":"2025-01-22T10:16:46","modified_gmt":"2025-01-22T08:16:46","slug":"vi-har-nojet-att-presentera","status":"publish","type":"page","link":"https:\/\/rotary.fi\/mariehamn\/vem-ar-vi\/vi-har-nojet-att-presentera\/","title":{"rendered":"Vi har n\u00f6jet att presentera"},"content":{"rendered":"<p>[et_pb_section fb_built=&#8221;1&#8243; module_class=&#8221;jumbotron-page&#8221; _builder_version=&#8221;4.22.1&#8243; background_image=&#8221;https:\/\/rotary.fi\/mariehamn\/wp-content\/uploads\/sites\/246\/2023\/11\/0-2021-22-framtid-utmaningar-katarina-f-och-fanny-j-foto-helena-forsgard.jpg&#8221; global_colors_info=&#8221;{}&#8221;][et_pb_row _builder_version=&#8221;4.16&#8243; background_size=&#8221;initial&#8221; background_position=&#8221;top_left&#8221; background_repeat=&#8221;repeat&#8221; global_colors_info=&#8221;{}&#8221;][et_pb_column type=&#8221;4_4&#8243; _builder_version=&#8221;4.16&#8243; custom_padding=&#8221;|||&#8221; global_colors_info=&#8221;{}&#8221; custom_padding__hover=&#8221;|||&#8221;][et_pb_text admin_label=&#8221;Main \/\/ Vi har n\u00f6jet att presentera&#8221; _builder_version=&#8221;4.16&#8243; text_orientation=&#8221;center&#8221; background_layout=&#8221;dark&#8221; global_colors_info=&#8221;{}&#8221;]<\/p>\n<h1>Vi har n\u00f6jet att presentera<\/h1>\n<p>[\/et_pb_text][\/et_pb_column][\/et_pb_row][\/et_pb_section][et_pb_section fb_built=&#8221;1&#8243; specialty=&#8221;on&#8221; module_class_2=&#8221;sivupalkki&#8221; _builder_version=&#8221;4.16&#8243; global_colors_info=&#8221;{}&#8221;][et_pb_column type=&#8221;2_3&#8243; specialty_columns=&#8221;2&#8243; _builder_version=&#8221;4.16&#8243; custom_padding=&#8221;|||&#8221; global_colors_info=&#8221;{}&#8221; custom_padding__hover=&#8221;|||&#8221;][et_pb_row_inner column_structure=&#8221;1_2,1_2&#8243; admin_label=&#8221;Rivi&#8221; _builder_version=&#8221;4.16&#8243; global_colors_info=&#8221;{}&#8221;][et_pb_column_inner type=&#8221;1_2&#8243; saved_specialty_column_type=&#8221;2_3&#8243; _builder_version=&#8221;4.16&#8243; custom_padding=&#8221;|||&#8221; global_colors_info=&#8221;{}&#8221; custom_padding__hover=&#8221;|||&#8221;][et_pb_text admin_label=&#8221;Vi har n\u00f6jet att presentera &#8211; rubrik&#8221; _builder_version=&#8221;4.22.1&#8243; text_orientation=&#8221;center&#8221; global_colors_info=&#8221;{}&#8221;]<\/p>\n<h1 style=\"text-align: left\">D\u00e4rf\u00f6r \u00e4r jag Rotarian<\/h1>\n<p>[\/et_pb_text][\/et_pb_column_inner][et_pb_column_inner type=&#8221;1_2&#8243; _builder_version=&#8221;4.22.1&#8243; _module_preset=&#8221;default&#8221; global_colors_info=&#8221;{}&#8221;][\/et_pb_column_inner][\/et_pb_row_inner][et_pb_row_inner column_structure=&#8221;1_2,1_2&#8243; admin_label=&#8221;Rivi&#8221; _builder_version=&#8221;4.16&#8243; global_colors_info=&#8221;{}&#8221;][et_pb_column_inner type=&#8221;1_2&#8243; saved_specialty_column_type=&#8221;2_3&#8243; _builder_version=&#8221;4.16&#8243; custom_padding=&#8221;|||&#8221; global_colors_info=&#8221;{}&#8221; custom_padding__hover=&#8221;|||&#8221;][et_pb_text admin_label=&#8221;Text: Vi har n\u00f6jet att presentera&#8221; _builder_version=&#8221;4.22.1&#8243; global_colors_info=&#8221;{}&#8221;]<\/p>\n<h4>Nils-Erik Eklund<\/h4>\n<blockquote>\n<p>F\u00f6r mig representerar Rotary ett kompetent och mycket omfattande n\u00e4tverk och samtidigt m\u00e5nga goda v\u00e4nner p\u00e5 \u00c5land och ute i v\u00e4rlden, som har det gemensamma intresset att g\u00f6ra sitt b\u00e4sta f\u00f6r m\u00e4nniskorna och samh\u00e4llet.<\/p>\n<\/blockquote>\n<p>[\/et_pb_text][\/et_pb_column_inner][et_pb_column_inner type=&#8221;1_2&#8243; _builder_version=&#8221;4.22.1&#8243; _module_preset=&#8221;default&#8221; global_colors_info=&#8221;{}&#8221;][et_pb_image src=&#8221;https:\/\/rotary.fi\/mariehamn\/wp-content\/uploads\/sites\/246\/2023\/11\/nils-erik.jpg&#8221; title_text=&#8221;nils-erik&#8221; admin_label=&#8221;Bild&#8221; _builder_version=&#8221;4.22.1&#8243; _module_preset=&#8221;default&#8221; global_colors_info=&#8221;{}&#8221;][\/et_pb_image][et_pb_divider show_divider=&#8221;off&#8221; _builder_version=&#8221;4.22.1&#8243; _module_preset=&#8221;default&#8221; height=&#8221;100px&#8221; global_colors_info=&#8221;{}&#8221;][\/et_pb_divider][\/et_pb_column_inner][\/et_pb_row_inner][et_pb_row_inner column_structure=&#8221;1_2,1_2&#8243; admin_label=&#8221;Rivi&#8221; _builder_version=&#8221;4.16&#8243; global_colors_info=&#8221;{}&#8221;][et_pb_column_inner type=&#8221;1_2&#8243; saved_specialty_column_type=&#8221;2_3&#8243; _builder_version=&#8221;4.16&#8243; custom_padding=&#8221;|||&#8221; global_colors_info=&#8221;{}&#8221; custom_padding__hover=&#8221;|||&#8221;][et_pb_image src=&#8221;https:\/\/rotary.fi\/mariehamn\/wp-content\/uploads\/sites\/246\/2025\/01\/fanny.jpg&#8221; title_text=&#8221;fanny&#8221; admin_label=&#8221;Bild&#8221; _builder_version=&#8221;4.27.0&#8243; _module_preset=&#8221;default&#8221; global_colors_info=&#8221;{}&#8221;][\/et_pb_image][\/et_pb_column_inner][et_pb_column_inner type=&#8221;1_2&#8243; _builder_version=&#8221;4.22.1&#8243; _module_preset=&#8221;default&#8221; global_colors_info=&#8221;{}&#8221;][et_pb_text admin_label=&#8221;Text: Vi har n\u00f6jet att presentera&#8221; _builder_version=&#8221;4.27.0&#8243; global_colors_info=&#8221;{}&#8221;]<\/p>\n<h4>Fanny Johansson<\/h4>\n<blockquote>\n<p>Jag ville bli medlem av Mariehamns Rotaryklubb n\u00e4r jag flyttade till \u00c5land f\u00f6r att genom medlemskapet f\u00e5 ett socialt n\u00e4tverk och nya kontakter i Mariehamn. Rotaryklubben best\u00e5r av medlemmar i varierande \u00e5ldrar, med olika bakgrund och yrken, vilket jag s\u00e5g som intressant och som ger \u00e4ven verksamheten en bredd. Jag har sedan intagningen i klubben blivit engagerad i b\u00e5de utbytesstudent-verksamheten som v\u00e4rdfamilj och i Ukraina-gruppen som sedan 2022 varit aktiv med att ordna olika insamlingar f\u00f6r hj\u00e4lpbeh\u00f6vande i Ukraina. Det \u00e4r imponerande vad vi har \u00e5stadkommit tillsammans och hur mycket merv\u00e4rde det givit mig att kunna hj\u00e4lpa andra.<\/p>\n<\/blockquote>\n<p>[\/et_pb_text][et_pb_divider show_divider=&#8221;off&#8221; _builder_version=&#8221;4.22.1&#8243; _module_preset=&#8221;default&#8221; height=&#8221;100px&#8221; global_colors_info=&#8221;{}&#8221;][\/et_pb_divider][\/et_pb_column_inner][\/et_pb_row_inner][et_pb_row_inner column_structure=&#8221;1_2,1_2&#8243; admin_label=&#8221;Rivi&#8221; _builder_version=&#8221;4.16&#8243; global_colors_info=&#8221;{}&#8221;][et_pb_column_inner type=&#8221;1_2&#8243; saved_specialty_column_type=&#8221;2_3&#8243; _builder_version=&#8221;4.16&#8243; custom_padding=&#8221;|||&#8221; global_colors_info=&#8221;{}&#8221; custom_padding__hover=&#8221;|||&#8221;][et_pb_text admin_label=&#8221;Text: Vi har n\u00f6jet att presentera&#8221; _builder_version=&#8221;4.22.1&#8243; global_colors_info=&#8221;{}&#8221;]<\/p>\n<h4>Katarina Fellman<\/h4>\n<blockquote>\n<p>Rotarys motto, omtanke utan egennytta, tilltalar mig. N\u00e4r vi inom Rotary genomf\u00f6r projekt, b\u00e5de lokalt och internationellt, har jag slagits av den m\u00e5ngfald av olika kompetenser och erfarenheter som finns inom n\u00e4tverket och vad allt vi kan \u00e5stadkomma n\u00e4r vi \u00e4r m\u00e5nga som bidrar. N\u00e4tverket har gett mig nya v\u00e4nner, men ocks\u00e5 nya insikter inom m\u00e5nga omr\u00e5den.<br \/>S\u00e4rskilt glad \u00e4r jag \u00f6ver klubbens engagemang f\u00f6r det internationella ungdomsutbytet, f\u00f6r fredsarbetet och f\u00f6r \u00d6stersj\u00f6milj\u00f6n.<\/p>\n<\/blockquote>\n<p>[\/et_pb_text][\/et_pb_column_inner][et_pb_column_inner type=&#8221;1_2&#8243; _builder_version=&#8221;4.22.1&#8243; _module_preset=&#8221;default&#8221; global_colors_info=&#8221;{}&#8221;][et_pb_image src=&#8221;https:\/\/rotary.fi\/mariehamn\/wp-content\/uploads\/sites\/246\/2023\/11\/ka8jqj6m.jpeg&#8221; title_text=&#8221;ka8JQj6M&#8221; admin_label=&#8221;Bild&#8221; _builder_version=&#8221;4.22.1&#8243; _module_preset=&#8221;default&#8221; global_colors_info=&#8221;{}&#8221;][\/et_pb_image][et_pb_divider show_divider=&#8221;off&#8221; _builder_version=&#8221;4.22.1&#8243; _module_preset=&#8221;default&#8221; height=&#8221;100px&#8221; global_colors_info=&#8221;{}&#8221;][\/et_pb_divider][\/et_pb_column_inner][\/et_pb_row_inner][et_pb_row_inner column_structure=&#8221;1_2,1_2&#8243; admin_label=&#8221;Rivi&#8221; _builder_version=&#8221;4.16&#8243; global_colors_info=&#8221;{}&#8221;][et_pb_column_inner type=&#8221;1_2&#8243; saved_specialty_column_type=&#8221;2_3&#8243; _builder_version=&#8221;4.16&#8243; custom_padding=&#8221;|||&#8221; global_colors_info=&#8221;{}&#8221; custom_padding__hover=&#8221;|||&#8221;][et_pb_image src=&#8221;https:\/\/rotary.fi\/mariehamn\/wp-content\/uploads\/sites\/246\/2025\/01\/anna.jpg&#8221; title_text=&#8221;anna&#8221; admin_label=&#8221;Bild&#8221; _builder_version=&#8221;4.27.0&#8243; _module_preset=&#8221;default&#8221; hover_enabled=&#8221;0&#8243; global_colors_info=&#8221;{}&#8221; sticky_enabled=&#8221;0&#8243;][\/et_pb_image][\/et_pb_column_inner][et_pb_column_inner type=&#8221;1_2&#8243; _builder_version=&#8221;4.22.1&#8243; _module_preset=&#8221;default&#8221; global_colors_info=&#8221;{}&#8221;][et_pb_text admin_label=&#8221;Text: Vi har n\u00f6jet att presentera&#8221; _builder_version=&#8221;4.27.0&#8243; global_colors_info=&#8221;{}&#8221;]<\/p>\n<h4>Anna Dahlman<\/h4>\n<blockquote>\n<p>Min farfar Nisse var med och grundade Mariehamns Rotaryklubb och min pappa har varit medlem sedan 1982. Under 80-talet hade vi flera utbyteselever boende hos oss och 1990 for jag sj\u00e4lv iv\u00e4g till Australien p\u00e5 ett utbytes\u00e5r. Det \u00e4r nog \u00e5ret som gjort st\u00f6rst intryck p\u00e5 mig i mitt liv. Att bli medlem sj\u00e4lv och ge tillbaka till Rotary och vidare till andra k\u00e4ndes p\u00e5 n\u00e5got s\u00e4tt naturligt. F\u00f6rutom utbytesverksamheten, ukrainainsamling och \u00f6stersj\u00f6projekt har jag \u00e4ven varit ivrig med att se till att v\u00e5ra veckom\u00f6ten kan h\u00e5llas som hybridm\u00f6ten. Du skall kunna delta \u00e4ven n\u00e4r du \u00e4r p\u00e5 arbetsresa eller p\u00e5 annat s\u00e4tt begr\u00e4nsas att n\u00e4rvara fysiskt.<\/p>\n<\/blockquote>\n<p>[\/et_pb_text][et_pb_divider show_divider=&#8221;off&#8221; _builder_version=&#8221;4.22.1&#8243; _module_preset=&#8221;default&#8221; height=&#8221;100px&#8221; global_colors_info=&#8221;{}&#8221;][\/et_pb_divider][\/et_pb_column_inner][\/et_pb_row_inner][et_pb_row_inner column_structure=&#8221;1_2,1_2&#8243; admin_label=&#8221;Rivi&#8221; _builder_version=&#8221;4.16&#8243; global_colors_info=&#8221;{}&#8221;][et_pb_column_inner type=&#8221;1_2&#8243; saved_specialty_column_type=&#8221;2_3&#8243; _builder_version=&#8221;4.16&#8243; custom_padding=&#8221;|||&#8221; global_colors_info=&#8221;{}&#8221; custom_padding__hover=&#8221;|||&#8221;][et_pb_text admin_label=&#8221;Text: Vi har n\u00f6jet att presentera&#8221; _builder_version=&#8221;4.27.0&#8243; hover_enabled=&#8221;0&#8243; global_colors_info=&#8221;{}&#8221; sticky_enabled=&#8221;0&#8243;]<\/p>\n<h4>Jesper Eliasson<\/h4>\n<blockquote>\n<p>Jag uppskattar Rotarys v\u00e4rderingar. &#8221;Service above self&#8221; s\u00e4ger mycket och ger \u00e4nnu mer tillbaka. Den h\u00e4r filosofin \u00e4r lika anv\u00e4ndbar i arbetslivet som p\u00e5 fritiden. Det \u00e4r f\u00f6rmodligen d\u00e4rf\u00f6r Rotary har initierat internationella ungdomsutbyten, engagerat sig i utrotningen av polio och bidrar vid katastrofer runt om i v\u00e4rlden.<\/p>\n<p>N\u00e4r jag arbetar utomlands k\u00e4nner jag mig alltid lika v\u00e4lkommen p\u00e5 ett Rotarym\u00f6te som h\u00e4r i Mariehamns Rotaryklubb. Det skapar v\u00e4rdefulla kontakter och st\u00e4rker gemenskapen.<\/p>\n<\/blockquote>\n<p>[\/et_pb_text][\/et_pb_column_inner][et_pb_column_inner type=&#8221;1_2&#8243; _builder_version=&#8221;4.22.1&#8243; _module_preset=&#8221;default&#8221; global_colors_info=&#8221;{}&#8221;][et_pb_image src=&#8221;https:\/\/rotary.fi\/mariehamn\/wp-content\/uploads\/sites\/246\/2025\/01\/jesper.jpg&#8221; title_text=&#8221;Jesper&#8221; admin_label=&#8221;Bild&#8221; _builder_version=&#8221;4.27.0&#8243; _module_preset=&#8221;default&#8221; hover_enabled=&#8221;0&#8243; global_colors_info=&#8221;{}&#8221; sticky_enabled=&#8221;0&#8243;][\/et_pb_image][et_pb_divider show_divider=&#8221;off&#8221; _builder_version=&#8221;4.22.1&#8243; _module_preset=&#8221;default&#8221; height=&#8221;100px&#8221; global_colors_info=&#8221;{}&#8221;][\/et_pb_divider][\/et_pb_column_inner][\/et_pb_row_inner][\/et_pb_column][et_pb_column type=&#8221;1_3&#8243; _builder_version=&#8221;4.16&#8243; custom_padding=&#8221;|||&#8221; global_colors_info=&#8221;{}&#8221; custom_padding__hover=&#8221;|||&#8221;][et_pb_sidebar area=&#8221;sidebar-1&#8243; admin_label=&#8221;Sidebar&#8221; module_class=&#8221;sivupalkki_sisalto&#8221; _builder_version=&#8221;4.16&#8243; locked=&#8221;on&#8221; global_colors_info=&#8221;{}&#8221;][\/et_pb_sidebar][\/et_pb_column][\/et_pb_section]<\/p>\n","protected":false},"excerpt":{"rendered":"<p>Vi har n\u00f6jet att presentera D\u00e4rf\u00f6r \u00e4r jag RotarianNils-Erik Eklund F\u00f6r mig representerar Rotary ett kompetent och mycket omfattande n\u00e4tverk och samtidigt m\u00e5nga goda v\u00e4nner p\u00e5 \u00c5land och ute i v\u00e4rlden, som har det gemensamma intresset att g\u00f6ra sitt b\u00e4sta f\u00f6r m\u00e4nniskorna och samh\u00e4llet. Fanny Johansson Jag ville bli medlem av Mariehamns Rotaryklubb n\u00e4r jag [&hellip;]<\/p>\n","protected":false},"author":1,"featured_media":0,"parent":1565,"menu_order":5,"comment_status":"closed","ping_status":"closed","template":"","meta":{"_acf_changed":false,"_et_pb_use_builder":"on","_et_pb_old_content":"","_et_gb_content_width":"","footnotes":""},"class_list":["post-1584","page","type-page","status-publish","hentry"],"acf":[],"yoast_head":"<!-- This site is optimized with the Yoast SEO plugin v27.4 - https:\/\/yoast.com\/product\/yoast-seo-wordpress\/ -->\n<title>Vi har n\u00f6jet att presentera - Mariehamns Rotaryklubb<\/title>\n<meta name=\"robots\" content=\"index, follow, max-snippet:-1, max-image-preview:large, max-video-preview:-1\" \/>\n<link rel=\"canonical\" href=\"https:\/\/rotary.fi\/mariehamn\/vem-ar-vi\/vi-har-nojet-att-presentera\/\" \/>\n<meta property=\"og:locale\" content=\"sv_SE\" \/>\n<meta property=\"og:type\" content=\"article\" \/>\n<meta property=\"og:title\" content=\"Vi har n\u00f6jet att presentera - Mariehamns Rotaryklubb\" \/>\n<meta property=\"og:description\" content=\"Vi har n\u00f6jet att presentera D\u00e4rf\u00f6r \u00e4r jag RotarianNils-Erik Eklund F\u00f6r mig representerar Rotary ett kompetent och mycket omfattande n\u00e4tverk och samtidigt m\u00e5nga goda v\u00e4nner p\u00e5 \u00c5land och ute i v\u00e4rlden, som har det gemensamma intresset att g\u00f6ra sitt b\u00e4sta f\u00f6r m\u00e4nniskorna och samh\u00e4llet. Fanny Johansson Jag ville bli medlem av Mariehamns Rotaryklubb n\u00e4r jag [&hellip;]\" \/>\n<meta property=\"og:url\" content=\"https:\/\/rotary.fi\/mariehamn\/vem-ar-vi\/vi-har-nojet-att-presentera\/\" \/>\n<meta property=\"og:site_name\" content=\"Mariehamns Rotaryklubb\" \/>\n<meta property=\"article:modified_time\" content=\"2025-01-22T08:16:46+00:00\" \/>\n<meta name=\"twitter:card\" content=\"summary_large_image\" \/>\n<meta name=\"twitter:label1\" content=\"Ber\u00e4knad l\u00e4stid\" \/>\n\t<meta name=\"twitter:data1\" content=\"2 minuter\" \/>\n<script type=\"application\/ld+json\" class=\"yoast-schema-graph\">{\"@context\":\"https:\\\/\\\/schema.org\",\"@graph\":[{\"@type\":\"WebPage\",\"@id\":\"https:\\\/\\\/rotary.fi\\\/mariehamn\\\/vem-ar-vi\\\/vi-har-nojet-att-presentera\\\/\",\"url\":\"https:\\\/\\\/rotary.fi\\\/mariehamn\\\/vem-ar-vi\\\/vi-har-nojet-att-presentera\\\/\",\"name\":\"Vi har n\u00f6jet att presentera - Mariehamns Rotaryklubb\",\"isPartOf\":{\"@id\":\"https:\\\/\\\/rotary.fi\\\/mariehamn\\\/#website\"},\"datePublished\":\"2019-03-19T12:56:44+00:00\",\"dateModified\":\"2025-01-22T08:16:46+00:00\",\"breadcrumb\":{\"@id\":\"https:\\\/\\\/rotary.fi\\\/mariehamn\\\/vem-ar-vi\\\/vi-har-nojet-att-presentera\\\/#breadcrumb\"},\"inLanguage\":\"sv-SE\",\"potentialAction\":[{\"@type\":\"ReadAction\",\"target\":[\"https:\\\/\\\/rotary.fi\\\/mariehamn\\\/vem-ar-vi\\\/vi-har-nojet-att-presentera\\\/\"]}]},{\"@type\":\"BreadcrumbList\",\"@id\":\"https:\\\/\\\/rotary.fi\\\/mariehamn\\\/vem-ar-vi\\\/vi-har-nojet-att-presentera\\\/#breadcrumb\",\"itemListElement\":[{\"@type\":\"ListItem\",\"position\":1,\"name\":\"Home\",\"item\":\"https:\\\/\\\/rotary.fi\\\/mariehamn\\\/\"},{\"@type\":\"ListItem\",\"position\":2,\"name\":\"Vem \u00e4r vi\",\"item\":\"https:\\\/\\\/rotary.fi\\\/mariehamn\\\/vem-ar-vi\\\/\"},{\"@type\":\"ListItem\",\"position\":3,\"name\":\"Vi har n\u00f6jet att presentera\"}]},{\"@type\":\"WebSite\",\"@id\":\"https:\\\/\\\/rotary.fi\\\/mariehamn\\\/#website\",\"url\":\"https:\\\/\\\/rotary.fi\\\/mariehamn\\\/\",\"name\":\"Mariehamns Rotaryklubb\",\"description\":\"Ny rotaryklubbs hemsida\",\"potentialAction\":[{\"@type\":\"SearchAction\",\"target\":{\"@type\":\"EntryPoint\",\"urlTemplate\":\"https:\\\/\\\/rotary.fi\\\/mariehamn\\\/?s={search_term_string}\"},\"query-input\":{\"@type\":\"PropertyValueSpecification\",\"valueRequired\":true,\"valueName\":\"search_term_string\"}}],\"inLanguage\":\"sv-SE\"}]}<\/script>\n<!-- \/ Yoast SEO plugin. -->","yoast_head_json":{"title":"Vi har n\u00f6jet att presentera - Mariehamns Rotaryklubb","robots":{"index":"index","follow":"follow","max-snippet":"max-snippet:-1","max-image-preview":"max-image-preview:large","max-video-preview":"max-video-preview:-1"},"canonical":"https:\/\/rotary.fi\/mariehamn\/vem-ar-vi\/vi-har-nojet-att-presentera\/","og_locale":"sv_SE","og_type":"article","og_title":"Vi har n\u00f6jet att presentera - Mariehamns Rotaryklubb","og_description":"Vi har n\u00f6jet att presentera D\u00e4rf\u00f6r \u00e4r jag RotarianNils-Erik Eklund F\u00f6r mig representerar Rotary ett kompetent och mycket omfattande n\u00e4tverk och samtidigt m\u00e5nga goda v\u00e4nner p\u00e5 \u00c5land och ute i v\u00e4rlden, som har det gemensamma intresset att g\u00f6ra sitt b\u00e4sta f\u00f6r m\u00e4nniskorna och samh\u00e4llet. Fanny Johansson Jag ville bli medlem av Mariehamns Rotaryklubb n\u00e4r jag [&hellip;]","og_url":"https:\/\/rotary.fi\/mariehamn\/vem-ar-vi\/vi-har-nojet-att-presentera\/","og_site_name":"Mariehamns Rotaryklubb","article_modified_time":"2025-01-22T08:16:46+00:00","twitter_card":"summary_large_image","twitter_misc":{"Ber\u00e4knad l\u00e4stid":"2 minuter"},"schema":{"@context":"https:\/\/schema.org","@graph":[{"@type":"WebPage","@id":"https:\/\/rotary.fi\/mariehamn\/vem-ar-vi\/vi-har-nojet-att-presentera\/","url":"https:\/\/rotary.fi\/mariehamn\/vem-ar-vi\/vi-har-nojet-att-presentera\/","name":"Vi har n\u00f6jet att presentera - Mariehamns Rotaryklubb","isPartOf":{"@id":"https:\/\/rotary.fi\/mariehamn\/#website"},"datePublished":"2019-03-19T12:56:44+00:00","dateModified":"2025-01-22T08:16:46+00:00","breadcrumb":{"@id":"https:\/\/rotary.fi\/mariehamn\/vem-ar-vi\/vi-har-nojet-att-presentera\/#breadcrumb"},"inLanguage":"sv-SE","potentialAction":[{"@type":"ReadAction","target":["https:\/\/rotary.fi\/mariehamn\/vem-ar-vi\/vi-har-nojet-att-presentera\/"]}]},{"@type":"BreadcrumbList","@id":"https:\/\/rotary.fi\/mariehamn\/vem-ar-vi\/vi-har-nojet-att-presentera\/#breadcrumb","itemListElement":[{"@type":"ListItem","position":1,"name":"Home","item":"https:\/\/rotary.fi\/mariehamn\/"},{"@type":"ListItem","position":2,"name":"Vem \u00e4r vi","item":"https:\/\/rotary.fi\/mariehamn\/vem-ar-vi\/"},{"@type":"ListItem","position":3,"name":"Vi har n\u00f6jet att presentera"}]},{"@type":"WebSite","@id":"https:\/\/rotary.fi\/mariehamn\/#website","url":"https:\/\/rotary.fi\/mariehamn\/","name":"Mariehamns Rotaryklubb","description":"Ny rotaryklubbs hemsida","potentialAction":[{"@type":"SearchAction","target":{"@type":"EntryPoint","urlTemplate":"https:\/\/rotary.fi\/mariehamn\/?s={search_term_string}"},"query-input":{"@type":"PropertyValueSpecification","valueRequired":true,"valueName":"search_term_string"}}],"inLanguage":"sv-SE"}]}},"lang":"sv","translations":{"sv":1584},"pll_sync_post":[],"_links":{"self":[{"href":"https:\/\/rotary.fi\/mariehamn\/wp-json\/wp\/v2\/pages\/1584","targetHints":{"allow":["GET"]}}],"collection":[{"href":"https:\/\/rotary.fi\/mariehamn\/wp-json\/wp\/v2\/pages"}],"about":[{"href":"https:\/\/rotary.fi\/mariehamn\/wp-json\/wp\/v2\/types\/page"}],"author":[{"embeddable":true,"href":"https:\/\/rotary.fi\/mariehamn\/wp-json\/wp\/v2\/users\/1"}],"replies":[{"embeddable":true,"href":"https:\/\/rotary.fi\/mariehamn\/wp-json\/wp\/v2\/comments?post=1584"}],"version-history":[{"count":9,"href":"https:\/\/rotary.fi\/mariehamn\/wp-json\/wp\/v2\/pages\/1584\/revisions"}],"predecessor-version":[{"id":2556,"href":"https:\/\/rotary.fi\/mariehamn\/wp-json\/wp\/v2\/pages\/1584\/revisions\/2556"}],"up":[{"embeddable":true,"href":"https:\/\/rotary.fi\/mariehamn\/wp-json\/wp\/v2\/pages\/1565"}],"wp:attachment":[{"href":"https:\/\/rotary.fi\/mariehamn\/wp-json\/wp\/v2\/media?parent=1584"}],"curies":[{"name":"wp","href":"https:\/\/api.w.org\/{rel}","templated":true}]}}