{"id":1569,"date":"2019-03-19T14:22:06","date_gmt":"2019-03-19T12:22:06","guid":{"rendered":"https:\/\/rotary.fi\/mariehamn\/?page_id=1569"},"modified":"2025-08-14T17:09:35","modified_gmt":"2025-08-14T14:09:35","slug":"styrelse-och-funktionarer","status":"publish","type":"page","link":"https:\/\/rotary.fi\/mariehamn\/vem-ar-vi\/styrelse-och-funktionarer\/","title":{"rendered":"Styrelse och funktion\u00e4rer"},"content":{"rendered":"<p>[et_pb_section fb_built=&#8221;1&#8243; module_class=&#8221;jumbotron-page&#8221; _builder_version=&#8221;4.22.1&#8243; background_image=&#8221;https:\/\/rotary.fi\/mariehamn\/wp-content\/uploads\/sites\/246\/2023\/11\/bomarsund3-w.jpeg&#8221; global_colors_info=&#8221;{}&#8221;][et_pb_row _builder_version=&#8221;4.16&#8243; background_size=&#8221;initial&#8221; background_position=&#8221;top_left&#8221; background_repeat=&#8221;repeat&#8221; global_colors_info=&#8221;{}&#8221;][et_pb_column type=&#8221;4_4&#8243; _builder_version=&#8221;4.16&#8243; custom_padding=&#8221;|||&#8221; global_colors_info=&#8221;{}&#8221; custom_padding__hover=&#8221;|||&#8221;][et_pb_text admin_label=&#8221;Main \/\/ Styrelse och funktion\u00e4rer&#8221; _builder_version=&#8221;4.16&#8243; text_orientation=&#8221;center&#8221; background_layout=&#8221;dark&#8221; global_colors_info=&#8221;{}&#8221;]<\/p>\n<h1>Styrelse och funktion\u00e4rer<\/h1>\n<p>[\/et_pb_text][\/et_pb_column][\/et_pb_row][\/et_pb_section][et_pb_section fb_built=&#8221;1&#8243; specialty=&#8221;on&#8221; module_class_2=&#8221;sivupalkki&#8221; _builder_version=&#8221;4.16&#8243; global_colors_info=&#8221;{}&#8221;][et_pb_column type=&#8221;2_3&#8243; specialty_columns=&#8221;2&#8243; _builder_version=&#8221;4.16&#8243; custom_padding=&#8221;|||&#8221; global_colors_info=&#8221;{}&#8221; custom_padding__hover=&#8221;|||&#8221;][et_pb_row_inner admin_label=&#8221;Rivi&#8221; _builder_version=&#8221;4.16&#8243; global_colors_info=&#8221;{}&#8221;][et_pb_column_inner saved_specialty_column_type=&#8221;2_3&#8243; _builder_version=&#8221;4.16&#8243; custom_padding=&#8221;|||&#8221; global_colors_info=&#8221;{}&#8221; custom_padding__hover=&#8221;|||&#8221;][et_pb_text admin_label=&#8221;Styrelse och funktion\u00e4rer &#8211; rubrik&#8221; _builder_version=&#8221;4.16&#8243; text_orientation=&#8221;center&#8221; global_colors_info=&#8221;{}&#8221;]<\/p>\n<h1>Styrelse och funktion\u00e4rer<\/h1>\n<p>[\/et_pb_text][\/et_pb_column_inner][\/et_pb_row_inner][et_pb_row_inner column_structure=&#8221;1_2,1_2&#8243; admin_label=&#8221;Rivi&#8221; _builder_version=&#8221;4.16&#8243; global_colors_info=&#8221;{}&#8221;][et_pb_column_inner type=&#8221;1_2&#8243; saved_specialty_column_type=&#8221;2_3&#8243; _builder_version=&#8221;4.16&#8243; custom_padding=&#8221;|||&#8221; global_colors_info=&#8221;{}&#8221; custom_padding__hover=&#8221;|||&#8221;][et_pb_team_member name=&#8221;Pia Wid\u00e9n&#8221; position=&#8221;President&#8221; image_url=&#8221;https:\/\/rotary.fi\/mariehamn\/wp-content\/uploads\/sites\/246\/2025\/07\/pia.jpg&#8221; admin_label=&#8221;President&#8221; _builder_version=&#8221;4.27.4&#8243; global_colors_info=&#8221;{}&#8221;]<\/p>\n<p>Mariehamns Rotaryklubb<br \/>E-post: <a href=\"mailto:pia.widen@aland.net\" target=\"_blank\" rel=\"noopener noreferrer\">pia.widen@aland.net<\/a><\/p>\n<p>[\/et_pb_team_member][\/et_pb_column_inner][et_pb_column_inner type=&#8221;1_2&#8243; saved_specialty_column_type=&#8221;2_3&#8243; _builder_version=&#8221;4.16&#8243; custom_padding=&#8221;|||&#8221; global_colors_info=&#8221;{}&#8221; custom_padding__hover=&#8221;|||&#8221;][et_pb_text admin_label=&#8221;Styrelse&#8221; _builder_version=&#8221;4.27.4&#8243; hover_enabled=&#8221;0&#8243; global_colors_info=&#8221;{}&#8221; sticky_enabled=&#8221;0&#8243;]<\/p>\n<h2>Styrelse<\/h2>\n<p><strong>President f\u00f6r 2025-2026<\/strong> Pia Wid\u00e9n<strong><br \/><\/strong><strong>Tilltr\u00e4dande president <\/strong>Christian Jansson<br \/><strong>Vicepresident <\/strong>Mathias Grun\u00e9r<br \/><strong>Past president<\/strong> Mathias Grun\u00e9r<br \/><strong>1. sekreterare <\/strong>Carola Karlsson<br \/><strong>2. sekreterare <\/strong>David Mattsson<br \/><strong>Skattm\u00e4stare <\/strong>Fanny Johansson<\/p>\n<h2>\u00a0<\/h2>\n<h2>Funktion\u00e4rer<\/h2>\n<p><strong>Klubbm\u00e4stare <\/strong>Sari Hautam\u00e4ki<strong><br \/>Programansvarig <\/strong>Jenny Sundstr\u00f6m<strong><br \/><\/strong><strong>Internationellt utbyte <\/strong>Hannes Byskata, Tanja Sabel<br \/><strong>Seniorkommitt\u00e9n<\/strong>\u00a0Bj\u00f6rn-Olof Ehrnstr\u00f6m<br \/><strong>PR-kommitt\u00e9ns ordf. <\/strong>Carina S\u00f6derlund<br \/><strong>Rotary Foundation <\/strong>&#8211;<br \/><strong>IT-samordnare <\/strong>Anna Dahlman<br \/><strong>Arkivarie <\/strong>\u00c5ke S\u00f6derlund<br \/><strong>Serviceprojekt \u00d6stersj\u00f6n <\/strong>Mathias Grun\u00e9r, Jenny Sundstr\u00f6m<br \/><strong>Serviceprojekt Ukraina <\/strong>Monica von Frenkell<\/p>\n<p>[\/et_pb_text][\/et_pb_column_inner][\/et_pb_row_inner][\/et_pb_column][et_pb_column type=&#8221;1_3&#8243; _builder_version=&#8221;4.16&#8243; custom_padding=&#8221;|||&#8221; global_colors_info=&#8221;{}&#8221; custom_padding__hover=&#8221;|||&#8221;][et_pb_sidebar area=&#8221;sidebar-1&#8243; admin_label=&#8221;Sidebar&#8221; module_class=&#8221;sivupalkki_sisalto&#8221; _builder_version=&#8221;4.16&#8243; locked=&#8221;on&#8221; global_colors_info=&#8221;{}&#8221;]<\/p>\n<p>[\/et_pb_sidebar][\/et_pb_column][\/et_pb_section]<\/p>\n","protected":false},"excerpt":{"rendered":"<p>Styrelse och funktion\u00e4rer Styrelse och funktion\u00e4rer Mariehamns RotaryklubbE-post: pia.widen@aland.netStyrelse President f\u00f6r 2025-2026 Pia Wid\u00e9nTilltr\u00e4dande president Christian JanssonVicepresident Mathias Grun\u00e9rPast president Mathias Grun\u00e9r1. sekreterare Carola Karlsson2. sekreterare David MattssonSkattm\u00e4stare Fanny Johansson \u00a0 Funktion\u00e4rer Klubbm\u00e4stare Sari Hautam\u00e4kiProgramansvarig Jenny Sundstr\u00f6mInternationellt utbyte Hannes Byskata, Tanja SabelSeniorkommitt\u00e9n\u00a0Bj\u00f6rn-Olof Ehrnstr\u00f6mPR-kommitt\u00e9ns ordf. Carina S\u00f6derlundRotary Foundation -IT-samordnare Anna DahlmanArkivarie \u00c5ke S\u00f6derlundServiceprojekt \u00d6stersj\u00f6n Mathias Grun\u00e9r, [&hellip;]<\/p>\n","protected":false},"author":1,"featured_media":0,"parent":1565,"menu_order":1,"comment_status":"closed","ping_status":"closed","template":"","meta":{"_acf_changed":false,"_et_pb_use_builder":"on","_et_pb_old_content":"","_et_gb_content_width":"","footnotes":""},"class_list":["post-1569","page","type-page","status-publish","hentry"],"acf":[],"yoast_head":"<!-- This site is optimized with the Yoast SEO plugin v27.4 - https:\/\/yoast.com\/product\/yoast-seo-wordpress\/ -->\n<title>Styrelse och funktion\u00e4rer - Mariehamns Rotaryklubb<\/title>\n<meta name=\"robots\" content=\"index, follow, max-snippet:-1, max-image-preview:large, max-video-preview:-1\" \/>\n<link rel=\"canonical\" href=\"https:\/\/rotary.fi\/mariehamn\/vem-ar-vi\/styrelse-och-funktionarer\/\" \/>\n<meta property=\"og:locale\" content=\"sv_SE\" \/>\n<meta property=\"og:type\" content=\"article\" \/>\n<meta property=\"og:title\" content=\"Styrelse och funktion\u00e4rer - Mariehamns Rotaryklubb\" \/>\n<meta property=\"og:description\" content=\"Styrelse och funktion\u00e4rer Styrelse och funktion\u00e4rer Mariehamns RotaryklubbE-post: pia.widen@aland.netStyrelse President f\u00f6r 2025-2026 Pia Wid\u00e9nTilltr\u00e4dande president Christian JanssonVicepresident Mathias Grun\u00e9rPast president Mathias Grun\u00e9r1. sekreterare Carola Karlsson2. sekreterare David MattssonSkattm\u00e4stare Fanny Johansson \u00a0 Funktion\u00e4rer Klubbm\u00e4stare Sari Hautam\u00e4kiProgramansvarig Jenny Sundstr\u00f6mInternationellt utbyte Hannes Byskata, Tanja SabelSeniorkommitt\u00e9n\u00a0Bj\u00f6rn-Olof Ehrnstr\u00f6mPR-kommitt\u00e9ns ordf. Carina S\u00f6derlundRotary Foundation -IT-samordnare Anna DahlmanArkivarie \u00c5ke S\u00f6derlundServiceprojekt \u00d6stersj\u00f6n Mathias Grun\u00e9r, [&hellip;]\" \/>\n<meta property=\"og:url\" content=\"https:\/\/rotary.fi\/mariehamn\/vem-ar-vi\/styrelse-och-funktionarer\/\" \/>\n<meta property=\"og:site_name\" content=\"Mariehamns Rotaryklubb\" \/>\n<meta property=\"article:modified_time\" content=\"2025-08-14T14:09:35+00:00\" \/>\n<meta name=\"twitter:card\" content=\"summary_large_image\" \/>\n<meta name=\"twitter:label1\" content=\"Ber\u00e4knad l\u00e4stid\" \/>\n\t<meta name=\"twitter:data1\" content=\"2 minuter\" \/>\n<script type=\"application\/ld+json\" class=\"yoast-schema-graph\">{\"@context\":\"https:\\\/\\\/schema.org\",\"@graph\":[{\"@type\":\"WebPage\",\"@id\":\"https:\\\/\\\/rotary.fi\\\/mariehamn\\\/vem-ar-vi\\\/styrelse-och-funktionarer\\\/\",\"url\":\"https:\\\/\\\/rotary.fi\\\/mariehamn\\\/vem-ar-vi\\\/styrelse-och-funktionarer\\\/\",\"name\":\"Styrelse och funktion\u00e4rer - Mariehamns Rotaryklubb\",\"isPartOf\":{\"@id\":\"https:\\\/\\\/rotary.fi\\\/mariehamn\\\/#website\"},\"datePublished\":\"2019-03-19T12:22:06+00:00\",\"dateModified\":\"2025-08-14T14:09:35+00:00\",\"breadcrumb\":{\"@id\":\"https:\\\/\\\/rotary.fi\\\/mariehamn\\\/vem-ar-vi\\\/styrelse-och-funktionarer\\\/#breadcrumb\"},\"inLanguage\":\"sv-SE\",\"potentialAction\":[{\"@type\":\"ReadAction\",\"target\":[\"https:\\\/\\\/rotary.fi\\\/mariehamn\\\/vem-ar-vi\\\/styrelse-och-funktionarer\\\/\"]}]},{\"@type\":\"BreadcrumbList\",\"@id\":\"https:\\\/\\\/rotary.fi\\\/mariehamn\\\/vem-ar-vi\\\/styrelse-och-funktionarer\\\/#breadcrumb\",\"itemListElement\":[{\"@type\":\"ListItem\",\"position\":1,\"name\":\"Home\",\"item\":\"https:\\\/\\\/rotary.fi\\\/mariehamn\\\/\"},{\"@type\":\"ListItem\",\"position\":2,\"name\":\"Vem \u00e4r vi\",\"item\":\"https:\\\/\\\/rotary.fi\\\/mariehamn\\\/vem-ar-vi\\\/\"},{\"@type\":\"ListItem\",\"position\":3,\"name\":\"Styrelse och funktion\u00e4rer\"}]},{\"@type\":\"WebSite\",\"@id\":\"https:\\\/\\\/rotary.fi\\\/mariehamn\\\/#website\",\"url\":\"https:\\\/\\\/rotary.fi\\\/mariehamn\\\/\",\"name\":\"Mariehamns Rotaryklubb\",\"description\":\"Ny rotaryklubbs hemsida\",\"potentialAction\":[{\"@type\":\"SearchAction\",\"target\":{\"@type\":\"EntryPoint\",\"urlTemplate\":\"https:\\\/\\\/rotary.fi\\\/mariehamn\\\/?s={search_term_string}\"},\"query-input\":{\"@type\":\"PropertyValueSpecification\",\"valueRequired\":true,\"valueName\":\"search_term_string\"}}],\"inLanguage\":\"sv-SE\"}]}<\/script>\n<!-- \/ Yoast SEO plugin. -->","yoast_head_json":{"title":"Styrelse och funktion\u00e4rer - Mariehamns Rotaryklubb","robots":{"index":"index","follow":"follow","max-snippet":"max-snippet:-1","max-image-preview":"max-image-preview:large","max-video-preview":"max-video-preview:-1"},"canonical":"https:\/\/rotary.fi\/mariehamn\/vem-ar-vi\/styrelse-och-funktionarer\/","og_locale":"sv_SE","og_type":"article","og_title":"Styrelse och funktion\u00e4rer - Mariehamns Rotaryklubb","og_description":"Styrelse och funktion\u00e4rer Styrelse och funktion\u00e4rer Mariehamns RotaryklubbE-post: pia.widen@aland.netStyrelse President f\u00f6r 2025-2026 Pia Wid\u00e9nTilltr\u00e4dande president Christian JanssonVicepresident Mathias Grun\u00e9rPast president Mathias Grun\u00e9r1. sekreterare Carola Karlsson2. sekreterare David MattssonSkattm\u00e4stare Fanny Johansson \u00a0 Funktion\u00e4rer Klubbm\u00e4stare Sari Hautam\u00e4kiProgramansvarig Jenny Sundstr\u00f6mInternationellt utbyte Hannes Byskata, Tanja SabelSeniorkommitt\u00e9n\u00a0Bj\u00f6rn-Olof Ehrnstr\u00f6mPR-kommitt\u00e9ns ordf. Carina S\u00f6derlundRotary Foundation -IT-samordnare Anna DahlmanArkivarie \u00c5ke S\u00f6derlundServiceprojekt \u00d6stersj\u00f6n Mathias Grun\u00e9r, [&hellip;]","og_url":"https:\/\/rotary.fi\/mariehamn\/vem-ar-vi\/styrelse-och-funktionarer\/","og_site_name":"Mariehamns Rotaryklubb","article_modified_time":"2025-08-14T14:09:35+00:00","twitter_card":"summary_large_image","twitter_misc":{"Ber\u00e4knad l\u00e4stid":"2 minuter"},"schema":{"@context":"https:\/\/schema.org","@graph":[{"@type":"WebPage","@id":"https:\/\/rotary.fi\/mariehamn\/vem-ar-vi\/styrelse-och-funktionarer\/","url":"https:\/\/rotary.fi\/mariehamn\/vem-ar-vi\/styrelse-och-funktionarer\/","name":"Styrelse och funktion\u00e4rer - Mariehamns Rotaryklubb","isPartOf":{"@id":"https:\/\/rotary.fi\/mariehamn\/#website"},"datePublished":"2019-03-19T12:22:06+00:00","dateModified":"2025-08-14T14:09:35+00:00","breadcrumb":{"@id":"https:\/\/rotary.fi\/mariehamn\/vem-ar-vi\/styrelse-och-funktionarer\/#breadcrumb"},"inLanguage":"sv-SE","potentialAction":[{"@type":"ReadAction","target":["https:\/\/rotary.fi\/mariehamn\/vem-ar-vi\/styrelse-och-funktionarer\/"]}]},{"@type":"BreadcrumbList","@id":"https:\/\/rotary.fi\/mariehamn\/vem-ar-vi\/styrelse-och-funktionarer\/#breadcrumb","itemListElement":[{"@type":"ListItem","position":1,"name":"Home","item":"https:\/\/rotary.fi\/mariehamn\/"},{"@type":"ListItem","position":2,"name":"Vem \u00e4r vi","item":"https:\/\/rotary.fi\/mariehamn\/vem-ar-vi\/"},{"@type":"ListItem","position":3,"name":"Styrelse och funktion\u00e4rer"}]},{"@type":"WebSite","@id":"https:\/\/rotary.fi\/mariehamn\/#website","url":"https:\/\/rotary.fi\/mariehamn\/","name":"Mariehamns Rotaryklubb","description":"Ny rotaryklubbs hemsida","potentialAction":[{"@type":"SearchAction","target":{"@type":"EntryPoint","urlTemplate":"https:\/\/rotary.fi\/mariehamn\/?s={search_term_string}"},"query-input":{"@type":"PropertyValueSpecification","valueRequired":true,"valueName":"search_term_string"}}],"inLanguage":"sv-SE"}]}},"lang":"sv","translations":{"sv":1569},"pll_sync_post":[],"_links":{"self":[{"href":"https:\/\/rotary.fi\/mariehamn\/wp-json\/wp\/v2\/pages\/1569","targetHints":{"allow":["GET"]}}],"collection":[{"href":"https:\/\/rotary.fi\/mariehamn\/wp-json\/wp\/v2\/pages"}],"about":[{"href":"https:\/\/rotary.fi\/mariehamn\/wp-json\/wp\/v2\/types\/page"}],"author":[{"embeddable":true,"href":"https:\/\/rotary.fi\/mariehamn\/wp-json\/wp\/v2\/users\/1"}],"replies":[{"embeddable":true,"href":"https:\/\/rotary.fi\/mariehamn\/wp-json\/wp\/v2\/comments?post=1569"}],"version-history":[{"count":10,"href":"https:\/\/rotary.fi\/mariehamn\/wp-json\/wp\/v2\/pages\/1569\/revisions"}],"predecessor-version":[{"id":2869,"href":"https:\/\/rotary.fi\/mariehamn\/wp-json\/wp\/v2\/pages\/1569\/revisions\/2869"}],"up":[{"embeddable":true,"href":"https:\/\/rotary.fi\/mariehamn\/wp-json\/wp\/v2\/pages\/1565"}],"wp:attachment":[{"href":"https:\/\/rotary.fi\/mariehamn\/wp-json\/wp\/v2\/media?parent=1569"}],"curies":[{"name":"wp","href":"https:\/\/api.w.org\/{rel}","templated":true}]}}