{"id":1565,"date":"2019-03-19T14:04:50","date_gmt":"2019-03-19T12:04:50","guid":{"rendered":"https:\/\/rotary.fi\/mariehamn\/?page_id=1565"},"modified":"2023-11-03T10:24:07","modified_gmt":"2023-11-03T08:24:07","slug":"vem-ar-vi","status":"publish","type":"page","link":"https:\/\/rotary.fi\/mariehamn\/vem-ar-vi\/","title":{"rendered":"Vem \u00e4r vi"},"content":{"rendered":"<p>[et_pb_section fb_built=&#8221;1&#8243; module_class=&#8221;jumbotron-page&#8221; _builder_version=&#8221;4.22.1&#8243; background_image=&#8221;https:\/\/rotary.fi\/mariehamn\/wp-content\/uploads\/sites\/246\/2023\/11\/klubbmote-1-e1698993546430.jpg&#8221; global_colors_info=&#8221;{}&#8221;][et_pb_row _builder_version=&#8221;4.16&#8243; background_size=&#8221;initial&#8221; background_position=&#8221;top_left&#8221; background_repeat=&#8221;repeat&#8221; global_colors_info=&#8221;{}&#8221;][et_pb_column type=&#8221;4_4&#8243; _builder_version=&#8221;4.16&#8243; custom_padding=&#8221;|||&#8221; global_colors_info=&#8221;{}&#8221; custom_padding__hover=&#8221;|||&#8221;][et_pb_text admin_label=&#8221;Main \/\/ Vem \u00e4r vi&#8221; _builder_version=&#8221;4.16&#8243; text_orientation=&#8221;center&#8221; background_layout=&#8221;dark&#8221; global_colors_info=&#8221;{}&#8221;]<\/p>\n<h1>Vem \u00e4r vi<\/h1>\n<p>[\/et_pb_text][\/et_pb_column][\/et_pb_row][\/et_pb_section][et_pb_section fb_built=&#8221;1&#8243; specialty=&#8221;on&#8221; module_class_2=&#8221;sivupalkki&#8221; _builder_version=&#8221;4.16&#8243; global_colors_info=&#8221;{}&#8221;][et_pb_column type=&#8221;2_3&#8243; specialty_columns=&#8221;2&#8243; _builder_version=&#8221;4.16&#8243; custom_padding=&#8221;|||&#8221; global_colors_info=&#8221;{}&#8221; custom_padding__hover=&#8221;|||&#8221;][et_pb_row_inner admin_label=&#8221;Rivi&#8221; _builder_version=&#8221;4.16&#8243; global_colors_info=&#8221;{}&#8221;][et_pb_column_inner saved_specialty_column_type=&#8221;2_3&#8243; _builder_version=&#8221;4.16&#8243; custom_padding=&#8221;|||&#8221; global_colors_info=&#8221;{}&#8221; custom_padding__hover=&#8221;|||&#8221;][et_pb_text admin_label=&#8221;Vem \u00e4r vi &#8211; rubrik&#8221; _builder_version=&#8221;4.16&#8243; text_orientation=&#8221;center&#8221; global_colors_info=&#8221;{}&#8221;]<\/p>\n<h1>Vem \u00e4r vi<\/h1>\n<p>[\/et_pb_text][et_pb_text admin_label=&#8221;Text: Vem \u00e4r vi&#8221; _builder_version=&#8221;4.22.1&#8243; hover_enabled=&#8221;0&#8243; global_colors_info=&#8221;{}&#8221; sticky_enabled=&#8221;0&#8243;]<\/p>\n<p>Mariehamns Rotaryklubb \u00e4r en aktiv rotaryklubb p\u00e5 \u00c5land. Vi sammantr\u00e4der varje fredag till ett lunchm\u00f6te f\u00f6r att tr\u00e4ffa varandra, lyssna p\u00e5 intressanta f\u00f6redrag och befr\u00e4mja goda \u00e4renden p\u00e5 v\u00e5r ort. Bes\u00f6k p\u00e5 olika st\u00e4llen h\u00f6r ocks\u00e5 till v\u00e5rt program. Vi st\u00f6der den internationella Rotaryorganisationens humanit\u00e4ra projekt, deltar i ungdomsutbyte och befr\u00e4mjar v\u00e4lm\u00e5endet i v\u00e5r n\u00e4romgivning.<\/p>\n<p>V\u00e5r klubb grundades 13.11.1947. V\u00e5r fadderklubb \u00e4r Turku-\u00c5bo Rotaryklubb. V\u00e5r klubb har cirka hundra medlemmar som representerar olika positioner och yrkesroller i det \u00e5l\u00e4ndska samh\u00e4llet. Vi h\u00f6r till <span style=\"color: #ff9900\"><a style=\"color: #ff9900\" href=\"https:\/\/rotary.fi\/d1410\/sv\/framsida\" target=\"_blank\" rel=\"noopener\">distrikt 1410<\/a><\/span>.<\/p>\n<p>&nbsp;<\/p>\n<h4>Ett intresse med inneh\u00e5ll<\/h4>\n<p>Vi anser att ungdomsutbytet \u00e4r ett utm\u00e4rkt s\u00e4tt att befr\u00e4mja internationellt samf\u00f6rst\u00e5nd och fredsfostran p\u00e5 gr\u00e4srotsniv\u00e5.\u00a0\u00c5l\u00e4ndska ungdomar erbjuds varje \u00e5r m\u00f6jlighet att resa ut i v\u00e4rlden f\u00f6r ett \u00e5r eller f\u00f6r n\u00e5gra sommarveckor f\u00f6r att skaffa sig nya erfarenheter och v\u00e4nner f\u00f6r livet. Omv\u00e4nt utg\u00f6r en del av utbytet att utl\u00e4ndska ungdomar erbjuds m\u00f6jlighet att bo ett \u00e5r p\u00e5 \u00c5land tillsammans med sina v\u00e4rdfamiljer<\/p>\n<p>\u00d6stersj\u00f6n \u00e4r ett prioriterat omr\u00e5de inom Mariehamns Rotaryklubb. Klubben sponsorerar s\u00e5 kallade vattentestryggs\u00e4ckar med analysutrustning till grundskolor. L\u00e4rarna anv\u00e4nder testutrustningen f\u00f6r att v\u00e4cka elevernas intresse och \u00f6ka kunskapen om vattenmilj\u00f6n. Projektet omfattar hela distrikt 1410. Medlemmar i klubben g\u00f6r ocks\u00e5 observationer av bl\u00e5gr\u00f6na alger i de \u00e5l\u00e4ndska vattnen som underlag f\u00f6r forskning. Projektet som engagerar m\u00e5nga rotarianer runt om i landet \u00e4r ett samarbete med Finlands Milj\u00f6central, SYKE. I b\u00f6rjan av h\u00f6sten 2022 byggde klubben ett f\u00e5geltorn vid en v\u00e5tmark som Mariehamns stad skapat. V\u00e5tmarken \u00e4r multifunktionell, f\u00f6rb\u00e4ttrar kustvattnet genom att rena vattnet fr\u00e5n \u00e5krar och bos\u00e4ttning, \u00f6kar biodiversiteten och bidrar till \u00f6kad kunskapen om vattenmilj\u00f6n. F\u00e5geltornet rymmer en hel skolklass och hj\u00e4lper till med kunskapsspridning om de kustn\u00e4ra vattnen och dess tillst\u00e5nd.<\/p>\n<p>Vi uppskattar Rotary Internationals str\u00e4vanden och organisationens v\u00e4rdefulla arbete f\u00f6r bland annat att utrota polio ur v\u00e4rlden. Till enbart detta arbete har Rotary satsat rikligt med frivilligarbete samt \u00f6ver 1,2 miljarder US-dollar.<\/p>\n<p>&nbsp;<\/p>\n<h4>Internationellt n\u00e4tverk av betydelse<\/h4>\n<p>Rotary \u00e4r en internationell service- och v\u00e4lg\u00f6renhetsorganisation, som grundades i Chicago 23.2.1905. Rotary Internationals hemort \u00e4r Evanston i delstaten Illinois i USA. V\u00e5rt slagord \u00e4r Osj\u00e4lviskt tj\u00e4nande (Service Above Self).<\/p>\n<p>Rotary har \u00f6ver 1,2 miljoner medlemmar i 35 000 klubbar i \u00f6ver 200 l\u00e4nder. Rotary \u00e4r en viktig internationell service- och v\u00e4lg\u00f6renhetsorganisation. Finland \u00e4r indelat i sex Rotarydistrikt, till ett av vilka h\u00f6r \u00e4ven klubbarna i Estland. Det finns inalles 300 klubbar i Finland och Estland med ca 10 000 medlemmar.<\/p>\n<p>[\/et_pb_text][\/et_pb_column_inner][\/et_pb_row_inner][\/et_pb_column][et_pb_column type=&#8221;1_3&#8243; _builder_version=&#8221;4.16&#8243; custom_padding=&#8221;|||&#8221; global_colors_info=&#8221;{}&#8221; custom_padding__hover=&#8221;|||&#8221;][et_pb_sidebar area=&#8221;sidebar-1&#8243; module_class=&#8221;sivupalkki_sisalto&#8221; _builder_version=&#8221;4.16&#8243; locked=&#8221;on&#8221; global_colors_info=&#8221;{}&#8221;]<\/p>\n<p>[\/et_pb_sidebar][\/et_pb_column][\/et_pb_section]<\/p>\n","protected":false},"excerpt":{"rendered":"<p>Vem \u00e4r vi Vem \u00e4r vi Mariehamns Rotaryklubb \u00e4r en aktiv rotaryklubb p\u00e5 \u00c5land. Vi sammantr\u00e4der varje fredag till ett lunchm\u00f6te f\u00f6r att tr\u00e4ffa varandra, lyssna p\u00e5 intressanta f\u00f6redrag och befr\u00e4mja goda \u00e4renden p\u00e5 v\u00e5r ort. Bes\u00f6k p\u00e5 olika st\u00e4llen h\u00f6r ocks\u00e5 till v\u00e5rt program. Vi st\u00f6der den internationella Rotaryorganisationens humanit\u00e4ra projekt, deltar i ungdomsutbyte [&hellip;]<\/p>\n","protected":false},"author":1,"featured_media":0,"parent":0,"menu_order":1,"comment_status":"closed","ping_status":"closed","template":"","meta":{"_acf_changed":false,"_et_pb_use_builder":"on","_et_pb_old_content":"","_et_gb_content_width":"","footnotes":""},"class_list":["post-1565","page","type-page","status-publish","hentry"],"acf":[],"yoast_head":"<!-- This site is optimized with the Yoast SEO plugin v27.0 - https:\/\/yoast.com\/product\/yoast-seo-wordpress\/ -->\n<title>Vem \u00e4r vi - Mariehamns Rotaryklubb<\/title>\n<meta name=\"robots\" content=\"index, follow, max-snippet:-1, max-image-preview:large, max-video-preview:-1\" \/>\n<link rel=\"canonical\" href=\"https:\/\/rotary.fi\/mariehamn\/vem-ar-vi\/\" \/>\n<meta property=\"og:locale\" content=\"sv_SE\" \/>\n<meta property=\"og:type\" content=\"article\" \/>\n<meta property=\"og:title\" content=\"Vem \u00e4r vi - Mariehamns Rotaryklubb\" \/>\n<meta property=\"og:description\" content=\"Vem \u00e4r vi Vem \u00e4r vi Mariehamns Rotaryklubb \u00e4r en aktiv rotaryklubb p\u00e5 \u00c5land. Vi sammantr\u00e4der varje fredag till ett lunchm\u00f6te f\u00f6r att tr\u00e4ffa varandra, lyssna p\u00e5 intressanta f\u00f6redrag och befr\u00e4mja goda \u00e4renden p\u00e5 v\u00e5r ort. Bes\u00f6k p\u00e5 olika st\u00e4llen h\u00f6r ocks\u00e5 till v\u00e5rt program. Vi st\u00f6der den internationella Rotaryorganisationens humanit\u00e4ra projekt, deltar i ungdomsutbyte [&hellip;]\" \/>\n<meta property=\"og:url\" content=\"https:\/\/rotary.fi\/mariehamn\/vem-ar-vi\/\" \/>\n<meta property=\"og:site_name\" content=\"Mariehamns Rotaryklubb\" \/>\n<meta property=\"article:modified_time\" content=\"2023-11-03T08:24:07+00:00\" \/>\n<meta name=\"twitter:card\" content=\"summary_large_image\" \/>\n<meta name=\"twitter:label1\" content=\"Ber\u00e4knad l\u00e4stid\" \/>\n\t<meta name=\"twitter:data1\" content=\"3 minuter\" \/>\n<script type=\"application\/ld+json\" class=\"yoast-schema-graph\">{\"@context\":\"https:\/\/schema.org\",\"@graph\":[{\"@type\":\"WebPage\",\"@id\":\"https:\/\/rotary.fi\/mariehamn\/vem-ar-vi\/\",\"url\":\"https:\/\/rotary.fi\/mariehamn\/vem-ar-vi\/\",\"name\":\"Vem \u00e4r vi - Mariehamns Rotaryklubb\",\"isPartOf\":{\"@id\":\"https:\/\/rotary.fi\/mariehamn\/#website\"},\"datePublished\":\"2019-03-19T12:04:50+00:00\",\"dateModified\":\"2023-11-03T08:24:07+00:00\",\"breadcrumb\":{\"@id\":\"https:\/\/rotary.fi\/mariehamn\/vem-ar-vi\/#breadcrumb\"},\"inLanguage\":\"sv-SE\",\"potentialAction\":[{\"@type\":\"ReadAction\",\"target\":[\"https:\/\/rotary.fi\/mariehamn\/vem-ar-vi\/\"]}]},{\"@type\":\"BreadcrumbList\",\"@id\":\"https:\/\/rotary.fi\/mariehamn\/vem-ar-vi\/#breadcrumb\",\"itemListElement\":[{\"@type\":\"ListItem\",\"position\":1,\"name\":\"Home\",\"item\":\"https:\/\/rotary.fi\/mariehamn\/\"},{\"@type\":\"ListItem\",\"position\":2,\"name\":\"Vem \u00e4r vi\"}]},{\"@type\":\"WebSite\",\"@id\":\"https:\/\/rotary.fi\/mariehamn\/#website\",\"url\":\"https:\/\/rotary.fi\/mariehamn\/\",\"name\":\"Mariehamns Rotaryklubb\",\"description\":\"Ny rotaryklubbs hemsida\",\"potentialAction\":[{\"@type\":\"SearchAction\",\"target\":{\"@type\":\"EntryPoint\",\"urlTemplate\":\"https:\/\/rotary.fi\/mariehamn\/?s={search_term_string}\"},\"query-input\":{\"@type\":\"PropertyValueSpecification\",\"valueRequired\":true,\"valueName\":\"search_term_string\"}}],\"inLanguage\":\"sv-SE\"}]}<\/script>\n<!-- \/ Yoast SEO plugin. -->","yoast_head_json":{"title":"Vem \u00e4r vi - Mariehamns Rotaryklubb","robots":{"index":"index","follow":"follow","max-snippet":"max-snippet:-1","max-image-preview":"max-image-preview:large","max-video-preview":"max-video-preview:-1"},"canonical":"https:\/\/rotary.fi\/mariehamn\/vem-ar-vi\/","og_locale":"sv_SE","og_type":"article","og_title":"Vem \u00e4r vi - Mariehamns Rotaryklubb","og_description":"Vem \u00e4r vi Vem \u00e4r vi Mariehamns Rotaryklubb \u00e4r en aktiv rotaryklubb p\u00e5 \u00c5land. Vi sammantr\u00e4der varje fredag till ett lunchm\u00f6te f\u00f6r att tr\u00e4ffa varandra, lyssna p\u00e5 intressanta f\u00f6redrag och befr\u00e4mja goda \u00e4renden p\u00e5 v\u00e5r ort. Bes\u00f6k p\u00e5 olika st\u00e4llen h\u00f6r ocks\u00e5 till v\u00e5rt program. Vi st\u00f6der den internationella Rotaryorganisationens humanit\u00e4ra projekt, deltar i ungdomsutbyte [&hellip;]","og_url":"https:\/\/rotary.fi\/mariehamn\/vem-ar-vi\/","og_site_name":"Mariehamns Rotaryklubb","article_modified_time":"2023-11-03T08:24:07+00:00","twitter_card":"summary_large_image","twitter_misc":{"Ber\u00e4knad l\u00e4stid":"3 minuter"},"schema":{"@context":"https:\/\/schema.org","@graph":[{"@type":"WebPage","@id":"https:\/\/rotary.fi\/mariehamn\/vem-ar-vi\/","url":"https:\/\/rotary.fi\/mariehamn\/vem-ar-vi\/","name":"Vem \u00e4r vi - Mariehamns Rotaryklubb","isPartOf":{"@id":"https:\/\/rotary.fi\/mariehamn\/#website"},"datePublished":"2019-03-19T12:04:50+00:00","dateModified":"2023-11-03T08:24:07+00:00","breadcrumb":{"@id":"https:\/\/rotary.fi\/mariehamn\/vem-ar-vi\/#breadcrumb"},"inLanguage":"sv-SE","potentialAction":[{"@type":"ReadAction","target":["https:\/\/rotary.fi\/mariehamn\/vem-ar-vi\/"]}]},{"@type":"BreadcrumbList","@id":"https:\/\/rotary.fi\/mariehamn\/vem-ar-vi\/#breadcrumb","itemListElement":[{"@type":"ListItem","position":1,"name":"Home","item":"https:\/\/rotary.fi\/mariehamn\/"},{"@type":"ListItem","position":2,"name":"Vem \u00e4r vi"}]},{"@type":"WebSite","@id":"https:\/\/rotary.fi\/mariehamn\/#website","url":"https:\/\/rotary.fi\/mariehamn\/","name":"Mariehamns Rotaryklubb","description":"Ny rotaryklubbs hemsida","potentialAction":[{"@type":"SearchAction","target":{"@type":"EntryPoint","urlTemplate":"https:\/\/rotary.fi\/mariehamn\/?s={search_term_string}"},"query-input":{"@type":"PropertyValueSpecification","valueRequired":true,"valueName":"search_term_string"}}],"inLanguage":"sv-SE"}]}},"lang":"sv","translations":{"sv":1565},"pll_sync_post":[],"_links":{"self":[{"href":"https:\/\/rotary.fi\/mariehamn\/wp-json\/wp\/v2\/pages\/1565","targetHints":{"allow":["GET"]}}],"collection":[{"href":"https:\/\/rotary.fi\/mariehamn\/wp-json\/wp\/v2\/pages"}],"about":[{"href":"https:\/\/rotary.fi\/mariehamn\/wp-json\/wp\/v2\/types\/page"}],"author":[{"embeddable":true,"href":"https:\/\/rotary.fi\/mariehamn\/wp-json\/wp\/v2\/users\/1"}],"replies":[{"embeddable":true,"href":"https:\/\/rotary.fi\/mariehamn\/wp-json\/wp\/v2\/comments?post=1565"}],"version-history":[{"count":9,"href":"https:\/\/rotary.fi\/mariehamn\/wp-json\/wp\/v2\/pages\/1565\/revisions"}],"predecessor-version":[{"id":1902,"href":"https:\/\/rotary.fi\/mariehamn\/wp-json\/wp\/v2\/pages\/1565\/revisions\/1902"}],"wp:attachment":[{"href":"https:\/\/rotary.fi\/mariehamn\/wp-json\/wp\/v2\/media?parent=1565"}],"curies":[{"name":"wp","href":"https:\/\/api.w.org\/{rel}","templated":true}]}}