{"id":179,"date":"2018-08-13T10:43:11","date_gmt":"2018-08-13T07:43:11","guid":{"rendered":"https:\/\/rotary.fi\/mantta\/?page_id=179"},"modified":"2019-10-13T10:39:42","modified_gmt":"2019-10-13T07:39:42","slug":"ryla-johtajuuskoulutus-nuorille","status":"publish","type":"page","link":"https:\/\/rotary.fi\/mantta\/ryla-johtajuuskoulutus-nuorille\/","title":{"rendered":"RYLA &#8211; Johtajuuskoulutus nuorille"},"content":{"rendered":"<p>[et_pb_section bb_built=&#8221;1&#8243; module_class=&#8221;jumbotron-page&#8221; _builder_version=&#8221;3.17.2&#8243; background_image=&#8221;https:\/\/rotary.fi\/mantta\/wp-content\/uploads\/sites\/134\/2018\/10\/rotary_klubit_alasivu_paakuva_10.jpg&#8221; inner_width=&#8221;auto&#8221; inner_max_width=&#8221;1080px&#8221; next_background_color=&#8221;#ffffff&#8221;][et_pb_row _builder_version=&#8221;3.0.48&#8243; background_size=&#8221;initial&#8221; background_position=&#8221;top_left&#8221; background_repeat=&#8221;repeat&#8221; width=&#8221;80%&#8221; max_width=&#8221;1080px&#8221;][et_pb_column type=&#8221;4_4&#8243; _builder_version=&#8221;3.0.47&#8243; parallax=&#8221;off&#8221; parallax_method=&#8221;on&#8221; custom_padding__hover=&#8221;|||&#8221; custom_padding=&#8221;|||&#8221;][et_pb_text admin_label=&#8221;P\u00e4\u00e4otsikko&#8221; _builder_version=&#8221;3.17&#8243; text_orientation=&#8221;center&#8221; background_layout=&#8221;dark&#8221;]<\/p>\n<h1>RYLA<\/h1>\n<p>[\/et_pb_text][\/et_pb_column][\/et_pb_row][\/et_pb_section][et_pb_section bb_built=&#8221;1&#8243; specialty=&#8221;on&#8221; module_class_2=&#8221;sivupalkki&#8221; _builder_version=&#8221;3.4.1&#8243; inner_width=&#8221;auto&#8221; inner_max_width=&#8221;1080px&#8221; prev_background_color=&#8221;#000000&#8243;][et_pb_column type=&#8221;2_3&#8243; specialty_columns=&#8221;2&#8243;][et_pb_row_inner admin_label=&#8221;Rivi&#8221; _builder_version=&#8221;3.0.47&#8243;][et_pb_column_inner type=&#8221;4_4&#8243; saved_specialty_column_type=&#8221;2_3&#8243; _builder_version=&#8221;3.0.47&#8243; parallax=&#8221;off&#8221; parallax__hover=&#8221;off&#8221; parallax_method=&#8221;on&#8221; parallax_method__hover=&#8221;on&#8221; custom_padding__hover=&#8221;|||&#8221; custom_padding=&#8221;|||&#8221; saved_specialty_column_type=&#8221;2_3&#8243;][et_pb_text admin_label=&#8221;Otsikko ennen teksti\u00e4&#8221; _builder_version=&#8221;3.25.3&#8243; text_text_align=&#8221;left&#8221; text_text_shadow_horizontal_length=&#8221;text_text_shadow_style,%91object Object%93&#8243; text_text_shadow_horizontal_length_tablet=&#8221;0px&#8221; text_text_shadow_vertical_length=&#8221;text_text_shadow_style,%91object Object%93&#8243; text_text_shadow_vertical_length_tablet=&#8221;0px&#8221; text_text_shadow_blur_strength=&#8221;text_text_shadow_style,%91object Object%93&#8243; text_text_shadow_blur_strength_tablet=&#8221;1px&#8221; link_text_shadow_horizontal_length=&#8221;link_text_shadow_style,%91object Object%93&#8243; link_text_shadow_horizontal_length_tablet=&#8221;0px&#8221; link_text_shadow_vertical_length=&#8221;link_text_shadow_style,%91object Object%93&#8243; link_text_shadow_vertical_length_tablet=&#8221;0px&#8221; link_text_shadow_blur_strength=&#8221;link_text_shadow_style,%91object Object%93&#8243; link_text_shadow_blur_strength_tablet=&#8221;1px&#8221; ul_text_shadow_horizontal_length=&#8221;ul_text_shadow_style,%91object Object%93&#8243; ul_text_shadow_horizontal_length_tablet=&#8221;0px&#8221; ul_text_shadow_vertical_length=&#8221;ul_text_shadow_style,%91object Object%93&#8243; ul_text_shadow_vertical_length_tablet=&#8221;0px&#8221; ul_text_shadow_blur_strength=&#8221;ul_text_shadow_style,%91object Object%93&#8243; ul_text_shadow_blur_strength_tablet=&#8221;1px&#8221; ol_text_shadow_horizontal_length=&#8221;ol_text_shadow_style,%91object Object%93&#8243; ol_text_shadow_horizontal_length_tablet=&#8221;0px&#8221; ol_text_shadow_vertical_length=&#8221;ol_text_shadow_style,%91object Object%93&#8243; ol_text_shadow_vertical_length_tablet=&#8221;0px&#8221; ol_text_shadow_blur_strength=&#8221;ol_text_shadow_style,%91object Object%93&#8243; ol_text_shadow_blur_strength_tablet=&#8221;1px&#8221; quote_text_shadow_horizontal_length=&#8221;quote_text_shadow_style,%91object Object%93&#8243; quote_text_shadow_horizontal_length_tablet=&#8221;0px&#8221; quote_text_shadow_vertical_length=&#8221;quote_text_shadow_style,%91object Object%93&#8243; quote_text_shadow_vertical_length_tablet=&#8221;0px&#8221; quote_text_shadow_blur_strength=&#8221;quote_text_shadow_style,%91object Object%93&#8243; quote_text_shadow_blur_strength_tablet=&#8221;1px&#8221; header_text_shadow_horizontal_length=&#8221;header_text_shadow_style,%91object Object%93&#8243; header_text_shadow_horizontal_length_tablet=&#8221;0px&#8221; header_text_shadow_vertical_length=&#8221;header_text_shadow_style,%91object Object%93&#8243; header_text_shadow_vertical_length_tablet=&#8221;0px&#8221; header_text_shadow_blur_strength=&#8221;header_text_shadow_style,%91object Object%93&#8243; header_text_shadow_blur_strength_tablet=&#8221;1px&#8221; header_2_text_shadow_horizontal_length=&#8221;header_2_text_shadow_style,%91object Object%93&#8243; header_2_text_shadow_horizontal_length_tablet=&#8221;0px&#8221; header_2_text_shadow_vertical_length=&#8221;header_2_text_shadow_style,%91object Object%93&#8243; header_2_text_shadow_vertical_length_tablet=&#8221;0px&#8221; header_2_text_shadow_blur_strength=&#8221;header_2_text_shadow_style,%91object Object%93&#8243; header_2_text_shadow_blur_strength_tablet=&#8221;1px&#8221; header_3_text_shadow_horizontal_length=&#8221;header_3_text_shadow_style,%91object Object%93&#8243; header_3_text_shadow_horizontal_length_tablet=&#8221;0px&#8221; header_3_text_shadow_vertical_length=&#8221;header_3_text_shadow_style,%91object Object%93&#8243; header_3_text_shadow_vertical_length_tablet=&#8221;0px&#8221; header_3_text_shadow_blur_strength=&#8221;header_3_text_shadow_style,%91object Object%93&#8243; header_3_text_shadow_blur_strength_tablet=&#8221;1px&#8221; header_4_text_align=&#8221;left&#8221; header_4_text_shadow_horizontal_length=&#8221;header_4_text_shadow_style,%91object Object%93&#8243; header_4_text_shadow_horizontal_length_tablet=&#8221;0px&#8221; header_4_text_shadow_vertical_length=&#8221;header_4_text_shadow_style,%91object Object%93&#8243; header_4_text_shadow_vertical_length_tablet=&#8221;0px&#8221; header_4_text_shadow_blur_strength=&#8221;header_4_text_shadow_style,%91object Object%93&#8243; header_4_text_shadow_blur_strength_tablet=&#8221;1px&#8221; header_5_text_shadow_horizontal_length=&#8221;header_5_text_shadow_style,%91object Object%93&#8243; header_5_text_shadow_horizontal_length_tablet=&#8221;0px&#8221; header_5_text_shadow_vertical_length=&#8221;header_5_text_shadow_style,%91object Object%93&#8243; header_5_text_shadow_vertical_length_tablet=&#8221;0px&#8221; header_5_text_shadow_blur_strength=&#8221;header_5_text_shadow_style,%91object Object%93&#8243; header_5_text_shadow_blur_strength_tablet=&#8221;1px&#8221; header_6_text_shadow_horizontal_length=&#8221;header_6_text_shadow_style,%91object Object%93&#8243; header_6_text_shadow_horizontal_length_tablet=&#8221;0px&#8221; header_6_text_shadow_vertical_length=&#8221;header_6_text_shadow_style,%91object Object%93&#8243; header_6_text_shadow_vertical_length_tablet=&#8221;0px&#8221; header_6_text_shadow_blur_strength=&#8221;header_6_text_shadow_style,%91object Object%93&#8243; header_6_text_shadow_blur_strength_tablet=&#8221;1px&#8221; box_shadow_horizontal_tablet=&#8221;0px&#8221; box_shadow_vertical_tablet=&#8221;0px&#8221; box_shadow_blur_tablet=&#8221;40px&#8221; box_shadow_spread_tablet=&#8221;0px&#8221; z_index_tablet=&#8221;500&#8243;]<\/p>\n<h4>RYLA &#8211;<br \/>Johtajuuskoulutusta nuorille<\/h4>\n<p>[\/et_pb_text][et_pb_text _builder_version=&#8221;3.29.3&#8243; text_text_shadow_horizontal_length=&#8221;text_text_shadow_style,%91object Object%93&#8243; text_text_shadow_horizontal_length_tablet=&#8221;0px&#8221; text_text_shadow_vertical_length=&#8221;text_text_shadow_style,%91object Object%93&#8243; text_text_shadow_vertical_length_tablet=&#8221;0px&#8221; text_text_shadow_blur_strength=&#8221;text_text_shadow_style,%91object Object%93&#8243; text_text_shadow_blur_strength_tablet=&#8221;1px&#8221; link_text_shadow_horizontal_length=&#8221;link_text_shadow_style,%91object Object%93&#8243; link_text_shadow_horizontal_length_tablet=&#8221;0px&#8221; link_text_shadow_vertical_length=&#8221;link_text_shadow_style,%91object Object%93&#8243; link_text_shadow_vertical_length_tablet=&#8221;0px&#8221; link_text_shadow_blur_strength=&#8221;link_text_shadow_style,%91object Object%93&#8243; link_text_shadow_blur_strength_tablet=&#8221;1px&#8221; ul_text_shadow_horizontal_length=&#8221;ul_text_shadow_style,%91object Object%93&#8243; ul_text_shadow_horizontal_length_tablet=&#8221;0px&#8221; ul_text_shadow_vertical_length=&#8221;ul_text_shadow_style,%91object Object%93&#8243; ul_text_shadow_vertical_length_tablet=&#8221;0px&#8221; ul_text_shadow_blur_strength=&#8221;ul_text_shadow_style,%91object Object%93&#8243; ul_text_shadow_blur_strength_tablet=&#8221;1px&#8221; ol_text_shadow_horizontal_length=&#8221;ol_text_shadow_style,%91object Object%93&#8243; ol_text_shadow_horizontal_length_tablet=&#8221;0px&#8221; ol_text_shadow_vertical_length=&#8221;ol_text_shadow_style,%91object Object%93&#8243; ol_text_shadow_vertical_length_tablet=&#8221;0px&#8221; ol_text_shadow_blur_strength=&#8221;ol_text_shadow_style,%91object Object%93&#8243; ol_text_shadow_blur_strength_tablet=&#8221;1px&#8221; quote_text_shadow_horizontal_length=&#8221;quote_text_shadow_style,%91object Object%93&#8243; quote_text_shadow_horizontal_length_tablet=&#8221;0px&#8221; quote_text_shadow_vertical_length=&#8221;quote_text_shadow_style,%91object Object%93&#8243; quote_text_shadow_vertical_length_tablet=&#8221;0px&#8221; quote_text_shadow_blur_strength=&#8221;quote_text_shadow_style,%91object Object%93&#8243; quote_text_shadow_blur_strength_tablet=&#8221;1px&#8221; header_text_shadow_horizontal_length=&#8221;header_text_shadow_style,%91object Object%93&#8243; header_text_shadow_horizontal_length_tablet=&#8221;0px&#8221; header_text_shadow_vertical_length=&#8221;header_text_shadow_style,%91object Object%93&#8243; header_text_shadow_vertical_length_tablet=&#8221;0px&#8221; header_text_shadow_blur_strength=&#8221;header_text_shadow_style,%91object Object%93&#8243; header_text_shadow_blur_strength_tablet=&#8221;1px&#8221; header_2_text_shadow_horizontal_length=&#8221;header_2_text_shadow_style,%91object Object%93&#8243; header_2_text_shadow_horizontal_length_tablet=&#8221;0px&#8221; header_2_text_shadow_vertical_length=&#8221;header_2_text_shadow_style,%91object Object%93&#8243; header_2_text_shadow_vertical_length_tablet=&#8221;0px&#8221; header_2_text_shadow_blur_strength=&#8221;header_2_text_shadow_style,%91object Object%93&#8243; header_2_text_shadow_blur_strength_tablet=&#8221;1px&#8221; header_3_text_shadow_horizontal_length=&#8221;header_3_text_shadow_style,%91object Object%93&#8243; header_3_text_shadow_horizontal_length_tablet=&#8221;0px&#8221; header_3_text_shadow_vertical_length=&#8221;header_3_text_shadow_style,%91object Object%93&#8243; header_3_text_shadow_vertical_length_tablet=&#8221;0px&#8221; header_3_text_shadow_blur_strength=&#8221;header_3_text_shadow_style,%91object Object%93&#8243; header_3_text_shadow_blur_strength_tablet=&#8221;1px&#8221; header_4_text_shadow_horizontal_length=&#8221;header_4_text_shadow_style,%91object Object%93&#8243; header_4_text_shadow_horizontal_length_tablet=&#8221;0px&#8221; header_4_text_shadow_vertical_length=&#8221;header_4_text_shadow_style,%91object Object%93&#8243; header_4_text_shadow_vertical_length_tablet=&#8221;0px&#8221; header_4_text_shadow_blur_strength=&#8221;header_4_text_shadow_style,%91object Object%93&#8243; header_4_text_shadow_blur_strength_tablet=&#8221;1px&#8221; header_5_text_shadow_horizontal_length=&#8221;header_5_text_shadow_style,%91object Object%93&#8243; header_5_text_shadow_horizontal_length_tablet=&#8221;0px&#8221; header_5_text_shadow_vertical_length=&#8221;header_5_text_shadow_style,%91object Object%93&#8243; header_5_text_shadow_vertical_length_tablet=&#8221;0px&#8221; header_5_text_shadow_blur_strength=&#8221;header_5_text_shadow_style,%91object Object%93&#8243; header_5_text_shadow_blur_strength_tablet=&#8221;1px&#8221; header_6_text_shadow_horizontal_length=&#8221;header_6_text_shadow_style,%91object Object%93&#8243; header_6_text_shadow_horizontal_length_tablet=&#8221;0px&#8221; header_6_text_shadow_vertical_length=&#8221;header_6_text_shadow_style,%91object Object%93&#8243; header_6_text_shadow_vertical_length_tablet=&#8221;0px&#8221; header_6_text_shadow_blur_strength=&#8221;header_6_text_shadow_style,%91object Object%93&#8243; header_6_text_shadow_blur_strength_tablet=&#8221;1px&#8221; box_shadow_horizontal_tablet=&#8221;0px&#8221; box_shadow_vertical_tablet=&#8221;0px&#8221; box_shadow_blur_tablet=&#8221;40px&#8221; box_shadow_spread_tablet=&#8221;0px&#8221; z_index_tablet=&#8221;500&#8243;]<\/p>\n<p>RYLA on Rotaryn nuorisotoimintamuoto, jolla koulutamme 14\u250030-vuotiaita aloitekykyisi\u00e4 ja aktiivisia nuoria omatoimisuuteen ja johtajuuteen. T\u00e4m\u00e4 tapahtuu Rotaryn j\u00e4rjest\u00e4miss\u00e4 RYLA-seminaareissa, joissa kehitet\u00e4\u00e4n mm. <img loading=\"lazy\" decoding=\"async\" class=\"size-medium wp-image-1829 alignright\" src=\"https:\/\/rotary.fi\/mantta\/wp-content\/uploads\/sites\/134\/2019\/10\/kuva-53_korjattu-300x169.jpg\" alt=\"\" width=\"300\" height=\"169\" \/>nuorten harkintakyky\u00e4, p\u00e4\u00e4t\u00f6ksentekokyky\u00e4 sek\u00e4 esiintymistaitoa. Kouluttajina toimivat paikallisen rotaryklubin j\u00e4senet tai muut eri alojen asiantuntijat, jotka kertovat ammattiinsa ja johtajuuteen liittyvist\u00e4 omista kokemuksistaan.<\/p>\n<p><a href=\"https:\/\/rotary.fi\/mita-teemme\/nuorisopalvelut\/ryla\/\" target=\"_blank\" rel=\"noopener noreferrer\"><strong>Tutustu RYLA-toimintaan <\/strong><\/a><em><br \/><\/em><\/p>\n<p>[\/et_pb_text][\/et_pb_column_inner][\/et_pb_row_inner][\/et_pb_column][et_pb_column type=&#8221;1_3&#8243;][et_pb_sidebar area=&#8221;sidebar-1&#8243; module_class=&#8221;sivupalkki_sisalto&#8221; _builder_version=&#8221;3.4.1&#8243; locked=&#8221;on&#8221;]<\/p>\n<p>[\/et_pb_sidebar][\/et_pb_column][\/et_pb_section]<\/p>\n","protected":false},"excerpt":{"rendered":"<p>RYLA RYLA -Johtajuuskoulutusta nuorille RYLA on Rotaryn nuorisotoimintamuoto, jolla koulutamme 14\u250030-vuotiaita aloitekykyisi\u00e4 ja aktiivisia nuoria omatoimisuuteen ja johtajuuteen. T\u00e4m\u00e4 tapahtuu Rotaryn j\u00e4rjest\u00e4miss\u00e4 RYLA-seminaareissa, joissa kehitet\u00e4\u00e4n mm. nuorten harkintakyky\u00e4, p\u00e4\u00e4t\u00f6ksentekokyky\u00e4 sek\u00e4 esiintymistaitoa. Kouluttajina toimivat paikallisen rotaryklubin j\u00e4senet tai muut eri alojen asiantuntijat, jotka kertovat ammattiinsa ja johtajuuteen liittyvist\u00e4 omista kokemuksistaan.Tutustu RYLA-toimintaan<\/p>\n","protected":false},"author":1,"featured_media":0,"parent":0,"menu_order":0,"comment_status":"closed","ping_status":"closed","template":"","meta":{"_acf_changed":false,"_et_pb_use_builder":"on","_et_pb_old_content":"","_et_gb_content_width":"","footnotes":""},"class_list":["post-179","page","type-page","status-publish","hentry"],"acf":[],"yoast_head":"<!-- This site is optimized with the Yoast SEO plugin v27.4 - https:\/\/yoast.com\/product\/yoast-seo-wordpress\/ -->\n<title>RYLA - Johtajuuskoulutus nuorille - M\u00e4nt\u00e4n Rotaryklubi<\/title>\n<meta name=\"robots\" content=\"index, follow, max-snippet:-1, max-image-preview:large, max-video-preview:-1\" \/>\n<link rel=\"canonical\" href=\"https:\/\/rotary.fi\/mantta\/ryla-johtajuuskoulutus-nuorille\/\" \/>\n<meta property=\"og:locale\" content=\"fi_FI\" \/>\n<meta property=\"og:type\" content=\"article\" \/>\n<meta property=\"og:title\" content=\"RYLA - Johtajuuskoulutus nuorille - M\u00e4nt\u00e4n Rotaryklubi\" \/>\n<meta property=\"og:description\" content=\"RYLA RYLA -Johtajuuskoulutusta nuorille RYLA on Rotaryn nuorisotoimintamuoto, jolla koulutamme 14\u250030-vuotiaita aloitekykyisi\u00e4 ja aktiivisia nuoria omatoimisuuteen ja johtajuuteen. T\u00e4m\u00e4 tapahtuu Rotaryn j\u00e4rjest\u00e4miss\u00e4 RYLA-seminaareissa, joissa kehitet\u00e4\u00e4n mm. nuorten harkintakyky\u00e4, p\u00e4\u00e4t\u00f6ksentekokyky\u00e4 sek\u00e4 esiintymistaitoa. Kouluttajina toimivat paikallisen rotaryklubin j\u00e4senet tai muut eri alojen asiantuntijat, jotka kertovat ammattiinsa ja johtajuuteen liittyvist\u00e4 omista kokemuksistaan.Tutustu RYLA-toimintaan\" \/>\n<meta property=\"og:url\" content=\"https:\/\/rotary.fi\/mantta\/ryla-johtajuuskoulutus-nuorille\/\" \/>\n<meta property=\"og:site_name\" content=\"M\u00e4nt\u00e4n Rotaryklubi\" \/>\n<meta property=\"article:modified_time\" content=\"2019-10-13T07:39:42+00:00\" \/>\n<meta property=\"og:image\" content=\"https:\/\/rotary.fi\/mantta\/wp-content\/uploads\/sites\/134\/2019\/10\/kuva-53_korjattu-300x169.jpg\" \/>\n<meta name=\"twitter:card\" content=\"summary_large_image\" \/>\n<meta name=\"twitter:label1\" content=\"Arvioitu lukuaika\" \/>\n\t<meta name=\"twitter:data1\" content=\"8 minuuttia\" \/>\n<script type=\"application\/ld+json\" class=\"yoast-schema-graph\">{\"@context\":\"https:\\\/\\\/schema.org\",\"@graph\":[{\"@type\":\"WebPage\",\"@id\":\"https:\\\/\\\/rotary.fi\\\/mantta\\\/ryla-johtajuuskoulutus-nuorille\\\/\",\"url\":\"https:\\\/\\\/rotary.fi\\\/mantta\\\/ryla-johtajuuskoulutus-nuorille\\\/\",\"name\":\"RYLA - Johtajuuskoulutus nuorille - M\u00e4nt\u00e4n Rotaryklubi\",\"isPartOf\":{\"@id\":\"https:\\\/\\\/rotary.fi\\\/mantta\\\/#website\"},\"primaryImageOfPage\":{\"@id\":\"https:\\\/\\\/rotary.fi\\\/mantta\\\/ryla-johtajuuskoulutus-nuorille\\\/#primaryimage\"},\"image\":{\"@id\":\"https:\\\/\\\/rotary.fi\\\/mantta\\\/ryla-johtajuuskoulutus-nuorille\\\/#primaryimage\"},\"thumbnailUrl\":\"https:\\\/\\\/rotary.fi\\\/mantta\\\/wp-content\\\/uploads\\\/sites\\\/134\\\/2019\\\/10\\\/kuva-53_korjattu-300x169.jpg\",\"datePublished\":\"2018-08-13T07:43:11+00:00\",\"dateModified\":\"2019-10-13T07:39:42+00:00\",\"breadcrumb\":{\"@id\":\"https:\\\/\\\/rotary.fi\\\/mantta\\\/ryla-johtajuuskoulutus-nuorille\\\/#breadcrumb\"},\"inLanguage\":\"fi\",\"potentialAction\":[{\"@type\":\"ReadAction\",\"target\":[\"https:\\\/\\\/rotary.fi\\\/mantta\\\/ryla-johtajuuskoulutus-nuorille\\\/\"]}]},{\"@type\":\"ImageObject\",\"inLanguage\":\"fi\",\"@id\":\"https:\\\/\\\/rotary.fi\\\/mantta\\\/ryla-johtajuuskoulutus-nuorille\\\/#primaryimage\",\"url\":\"https:\\\/\\\/rotary.fi\\\/mantta\\\/wp-content\\\/uploads\\\/sites\\\/134\\\/2019\\\/10\\\/kuva-53_korjattu.jpg\",\"contentUrl\":\"https:\\\/\\\/rotary.fi\\\/mantta\\\/wp-content\\\/uploads\\\/sites\\\/134\\\/2019\\\/10\\\/kuva-53_korjattu.jpg\",\"width\":500,\"height\":281},{\"@type\":\"BreadcrumbList\",\"@id\":\"https:\\\/\\\/rotary.fi\\\/mantta\\\/ryla-johtajuuskoulutus-nuorille\\\/#breadcrumb\",\"itemListElement\":[{\"@type\":\"ListItem\",\"position\":1,\"name\":\"Home\",\"item\":\"https:\\\/\\\/rotary.fi\\\/mantta\\\/\"},{\"@type\":\"ListItem\",\"position\":2,\"name\":\"RYLA &#8211; Johtajuuskoulutus nuorille\"}]},{\"@type\":\"WebSite\",\"@id\":\"https:\\\/\\\/rotary.fi\\\/mantta\\\/#website\",\"url\":\"https:\\\/\\\/rotary.fi\\\/mantta\\\/\",\"name\":\"M\u00e4nt\u00e4n Rotaryklubi\",\"description\":\"Uusi Rotary klubisivusto\",\"publisher\":{\"@id\":\"https:\\\/\\\/rotary.fi\\\/mantta\\\/#organization\"},\"potentialAction\":[{\"@type\":\"SearchAction\",\"target\":{\"@type\":\"EntryPoint\",\"urlTemplate\":\"https:\\\/\\\/rotary.fi\\\/mantta\\\/?s={search_term_string}\"},\"query-input\":{\"@type\":\"PropertyValueSpecification\",\"valueRequired\":true,\"valueName\":\"search_term_string\"}}],\"inLanguage\":\"fi\"},{\"@type\":\"Organization\",\"@id\":\"https:\\\/\\\/rotary.fi\\\/mantta\\\/#organization\",\"name\":\"M\u00e4nt\u00e4n Rotaryklubi\",\"url\":\"https:\\\/\\\/rotary.fi\\\/mantta\\\/\",\"logo\":{\"@type\":\"ImageObject\",\"inLanguage\":\"fi\",\"@id\":\"https:\\\/\\\/rotary.fi\\\/mantta\\\/#\\\/schema\\\/logo\\\/image\\\/\",\"url\":\"https:\\\/\\\/rotary.fi\\\/mantta\\\/wp-content\\\/uploads\\\/sites\\\/134\\\/2018\\\/08\\\/rotary-logo-main-2.png\",\"contentUrl\":\"https:\\\/\\\/rotary.fi\\\/mantta\\\/wp-content\\\/uploads\\\/sites\\\/134\\\/2018\\\/08\\\/rotary-logo-main-2.png\",\"width\":135,\"height\":52,\"caption\":\"M\u00e4nt\u00e4n Rotaryklubi\"},\"image\":{\"@id\":\"https:\\\/\\\/rotary.fi\\\/mantta\\\/#\\\/schema\\\/logo\\\/image\\\/\"}}]}<\/script>\n<!-- \/ Yoast SEO plugin. -->","yoast_head_json":{"title":"RYLA - Johtajuuskoulutus nuorille - M\u00e4nt\u00e4n Rotaryklubi","robots":{"index":"index","follow":"follow","max-snippet":"max-snippet:-1","max-image-preview":"max-image-preview:large","max-video-preview":"max-video-preview:-1"},"canonical":"https:\/\/rotary.fi\/mantta\/ryla-johtajuuskoulutus-nuorille\/","og_locale":"fi_FI","og_type":"article","og_title":"RYLA - Johtajuuskoulutus nuorille - M\u00e4nt\u00e4n Rotaryklubi","og_description":"RYLA RYLA -Johtajuuskoulutusta nuorille RYLA on Rotaryn nuorisotoimintamuoto, jolla koulutamme 14\u250030-vuotiaita aloitekykyisi\u00e4 ja aktiivisia nuoria omatoimisuuteen ja johtajuuteen. T\u00e4m\u00e4 tapahtuu Rotaryn j\u00e4rjest\u00e4miss\u00e4 RYLA-seminaareissa, joissa kehitet\u00e4\u00e4n mm. nuorten harkintakyky\u00e4, p\u00e4\u00e4t\u00f6ksentekokyky\u00e4 sek\u00e4 esiintymistaitoa. Kouluttajina toimivat paikallisen rotaryklubin j\u00e4senet tai muut eri alojen asiantuntijat, jotka kertovat ammattiinsa ja johtajuuteen liittyvist\u00e4 omista kokemuksistaan.Tutustu RYLA-toimintaan","og_url":"https:\/\/rotary.fi\/mantta\/ryla-johtajuuskoulutus-nuorille\/","og_site_name":"M\u00e4nt\u00e4n Rotaryklubi","article_modified_time":"2019-10-13T07:39:42+00:00","og_image":[{"url":"https:\/\/rotary.fi\/mantta\/wp-content\/uploads\/sites\/134\/2019\/10\/kuva-53_korjattu-300x169.jpg","type":"","width":"","height":""}],"twitter_card":"summary_large_image","twitter_misc":{"Arvioitu lukuaika":"8 minuuttia"},"schema":{"@context":"https:\/\/schema.org","@graph":[{"@type":"WebPage","@id":"https:\/\/rotary.fi\/mantta\/ryla-johtajuuskoulutus-nuorille\/","url":"https:\/\/rotary.fi\/mantta\/ryla-johtajuuskoulutus-nuorille\/","name":"RYLA - Johtajuuskoulutus nuorille - M\u00e4nt\u00e4n Rotaryklubi","isPartOf":{"@id":"https:\/\/rotary.fi\/mantta\/#website"},"primaryImageOfPage":{"@id":"https:\/\/rotary.fi\/mantta\/ryla-johtajuuskoulutus-nuorille\/#primaryimage"},"image":{"@id":"https:\/\/rotary.fi\/mantta\/ryla-johtajuuskoulutus-nuorille\/#primaryimage"},"thumbnailUrl":"https:\/\/rotary.fi\/mantta\/wp-content\/uploads\/sites\/134\/2019\/10\/kuva-53_korjattu-300x169.jpg","datePublished":"2018-08-13T07:43:11+00:00","dateModified":"2019-10-13T07:39:42+00:00","breadcrumb":{"@id":"https:\/\/rotary.fi\/mantta\/ryla-johtajuuskoulutus-nuorille\/#breadcrumb"},"inLanguage":"fi","potentialAction":[{"@type":"ReadAction","target":["https:\/\/rotary.fi\/mantta\/ryla-johtajuuskoulutus-nuorille\/"]}]},{"@type":"ImageObject","inLanguage":"fi","@id":"https:\/\/rotary.fi\/mantta\/ryla-johtajuuskoulutus-nuorille\/#primaryimage","url":"https:\/\/rotary.fi\/mantta\/wp-content\/uploads\/sites\/134\/2019\/10\/kuva-53_korjattu.jpg","contentUrl":"https:\/\/rotary.fi\/mantta\/wp-content\/uploads\/sites\/134\/2019\/10\/kuva-53_korjattu.jpg","width":500,"height":281},{"@type":"BreadcrumbList","@id":"https:\/\/rotary.fi\/mantta\/ryla-johtajuuskoulutus-nuorille\/#breadcrumb","itemListElement":[{"@type":"ListItem","position":1,"name":"Home","item":"https:\/\/rotary.fi\/mantta\/"},{"@type":"ListItem","position":2,"name":"RYLA &#8211; Johtajuuskoulutus nuorille"}]},{"@type":"WebSite","@id":"https:\/\/rotary.fi\/mantta\/#website","url":"https:\/\/rotary.fi\/mantta\/","name":"M\u00e4nt\u00e4n Rotaryklubi","description":"Uusi Rotary klubisivusto","publisher":{"@id":"https:\/\/rotary.fi\/mantta\/#organization"},"potentialAction":[{"@type":"SearchAction","target":{"@type":"EntryPoint","urlTemplate":"https:\/\/rotary.fi\/mantta\/?s={search_term_string}"},"query-input":{"@type":"PropertyValueSpecification","valueRequired":true,"valueName":"search_term_string"}}],"inLanguage":"fi"},{"@type":"Organization","@id":"https:\/\/rotary.fi\/mantta\/#organization","name":"M\u00e4nt\u00e4n Rotaryklubi","url":"https:\/\/rotary.fi\/mantta\/","logo":{"@type":"ImageObject","inLanguage":"fi","@id":"https:\/\/rotary.fi\/mantta\/#\/schema\/logo\/image\/","url":"https:\/\/rotary.fi\/mantta\/wp-content\/uploads\/sites\/134\/2018\/08\/rotary-logo-main-2.png","contentUrl":"https:\/\/rotary.fi\/mantta\/wp-content\/uploads\/sites\/134\/2018\/08\/rotary-logo-main-2.png","width":135,"height":52,"caption":"M\u00e4nt\u00e4n Rotaryklubi"},"image":{"@id":"https:\/\/rotary.fi\/mantta\/#\/schema\/logo\/image\/"}}]}},"lang":"fi","translations":{"fi":179,"en":1477},"pll_sync_post":[],"_links":{"self":[{"href":"https:\/\/rotary.fi\/mantta\/wp-json\/wp\/v2\/pages\/179","targetHints":{"allow":["GET"]}}],"collection":[{"href":"https:\/\/rotary.fi\/mantta\/wp-json\/wp\/v2\/pages"}],"about":[{"href":"https:\/\/rotary.fi\/mantta\/wp-json\/wp\/v2\/types\/page"}],"author":[{"embeddable":true,"href":"https:\/\/rotary.fi\/mantta\/wp-json\/wp\/v2\/users\/1"}],"replies":[{"embeddable":true,"href":"https:\/\/rotary.fi\/mantta\/wp-json\/wp\/v2\/comments?post=179"}],"version-history":[{"count":9,"href":"https:\/\/rotary.fi\/mantta\/wp-json\/wp\/v2\/pages\/179\/revisions"}],"predecessor-version":[{"id":1830,"href":"https:\/\/rotary.fi\/mantta\/wp-json\/wp\/v2\/pages\/179\/revisions\/1830"}],"wp:attachment":[{"href":"https:\/\/rotary.fi\/mantta\/wp-json\/wp\/v2\/media?parent=179"}],"curies":[{"name":"wp","href":"https:\/\/api.w.org\/{rel}","templated":true}]}}