{"id":165,"date":"2018-08-13T09:52:52","date_gmt":"2018-08-13T06:52:52","guid":{"rendered":"https:\/\/rotary.fi\/mantta\/?page_id=165"},"modified":"2021-08-07T21:46:17","modified_gmt":"2021-08-07T18:46:17","slug":"yhteistyo","status":"publish","type":"page","link":"https:\/\/rotary.fi\/mantta\/mita-teemme\/yhteistyo\/","title":{"rendered":"Yhteisty\u00f6"},"content":{"rendered":"<p>[et_pb_section fb_built=&#8221;1&#8243; specialty=&#8221;on&#8221; module_class_2=&#8221;sivupalkki&#8221; _builder_version=&#8221;3.22&#8243;][et_pb_column type=&#8221;2_3&#8243; specialty_columns=&#8221;2&#8243; _builder_version=&#8221;3.25&#8243; custom_padding=&#8221;|||&#8221; custom_padding__hover=&#8221;|||&#8221;][et_pb_row_inner admin_label=&#8221;Rivi&#8221; _builder_version=&#8221;3.25&#8243;][et_pb_column_inner saved_specialty_column_type=&#8221;2_3&#8243; _builder_version=&#8221;3.0.47&#8243; custom_padding=&#8221;|||&#8221; parallax__hover=&#8221;off&#8221; parallax_method__hover=&#8221;on&#8221; custom_padding__hover=&#8221;|||&#8221;][et_pb_text admin_label=&#8221;Otsikko&#8221; _builder_version=&#8221;4.9.10&#8243; header_3_text_align=&#8221;left&#8221; header_4_text_align=&#8221;left&#8221; background_image=&#8221;https:\/\/rotary.fi\/mantta\/wp-content\/uploads\/sites\/134\/2021\/08\/ruovesi-scaled.jpg&#8221; hover_enabled=&#8221;0&#8243; z_index_tablet=&#8221;500&#8243; text_text_shadow_style=&#8221;preset4&#8243; text_text_shadow_vertical_length_tablet=&#8221;0px&#8221; text_text_shadow_blur_strength_tablet=&#8221;1px&#8221; link_text_shadow_horizontal_length_tablet=&#8221;0px&#8221; link_text_shadow_vertical_length_tablet=&#8221;0px&#8221; link_text_shadow_blur_strength_tablet=&#8221;1px&#8221; ul_text_shadow_horizontal_length_tablet=&#8221;0px&#8221; ul_text_shadow_vertical_length_tablet=&#8221;0px&#8221; ul_text_shadow_blur_strength_tablet=&#8221;1px&#8221; ol_text_shadow_horizontal_length_tablet=&#8221;0px&#8221; ol_text_shadow_vertical_length_tablet=&#8221;0px&#8221; ol_text_shadow_blur_strength_tablet=&#8221;1px&#8221; quote_text_shadow_horizontal_length_tablet=&#8221;0px&#8221; quote_text_shadow_vertical_length_tablet=&#8221;0px&#8221; quote_text_shadow_blur_strength_tablet=&#8221;1px&#8221; header_text_shadow_horizontal_length_tablet=&#8221;0px&#8221; header_text_shadow_vertical_length_tablet=&#8221;0px&#8221; header_text_shadow_blur_strength_tablet=&#8221;1px&#8221; header_2_text_shadow_horizontal_length_tablet=&#8221;0px&#8221; header_2_text_shadow_vertical_length_tablet=&#8221;0px&#8221; header_2_text_shadow_blur_strength_tablet=&#8221;1px&#8221; header_3_text_shadow_horizontal_length_tablet=&#8221;0px&#8221; header_3_text_shadow_vertical_length_tablet=&#8221;0px&#8221; header_3_text_shadow_blur_strength_tablet=&#8221;1px&#8221; header_4_text_shadow_horizontal_length_tablet=&#8221;0px&#8221; header_4_text_shadow_vertical_length_tablet=&#8221;0px&#8221; header_4_text_shadow_blur_strength_tablet=&#8221;1px&#8221; header_5_text_shadow_horizontal_length_tablet=&#8221;0px&#8221; header_5_text_shadow_vertical_length_tablet=&#8221;0px&#8221; header_5_text_shadow_blur_strength_tablet=&#8221;1px&#8221; header_6_text_shadow_horizontal_length_tablet=&#8221;0px&#8221; header_6_text_shadow_vertical_length_tablet=&#8221;0px&#8221; header_6_text_shadow_blur_strength_tablet=&#8221;1px&#8221; box_shadow_horizontal_tablet=&#8221;0px&#8221; box_shadow_vertical_tablet=&#8221;0px&#8221; box_shadow_blur_tablet=&#8221;40px&#8221; box_shadow_spread_tablet=&#8221;0px&#8221; min_height=&#8221;140.7px&#8221; sticky_enabled=&#8221;0&#8243;]<\/p>\n<h2 style=\"text-align: center\"><span style=\"color: #ffffff\"><\/span><\/h2>\n<h2 style=\"text-align: center\"><span style=\"color: #ffffff\"><\/span><\/h2>\n<h2 style=\"text-align: center\"><span style=\"color: #ffffff\"><\/span><\/h2>\n<h2 style=\"text-align: center\"><span style=\"color: #ffffff\">Yhteisty\u00f6<\/span><\/h2>\n<p>[\/et_pb_text][et_pb_text _builder_version=&#8221;3.29.3&#8243; z_index_tablet=&#8221;500&#8243; text_text_shadow_horizontal_length_tablet=&#8221;0px&#8221; text_text_shadow_vertical_length_tablet=&#8221;0px&#8221; text_text_shadow_blur_strength_tablet=&#8221;1px&#8221; link_text_shadow_horizontal_length_tablet=&#8221;0px&#8221; link_text_shadow_vertical_length_tablet=&#8221;0px&#8221; link_text_shadow_blur_strength_tablet=&#8221;1px&#8221; ul_text_shadow_horizontal_length_tablet=&#8221;0px&#8221; ul_text_shadow_vertical_length_tablet=&#8221;0px&#8221; ul_text_shadow_blur_strength_tablet=&#8221;1px&#8221; ol_text_shadow_horizontal_length_tablet=&#8221;0px&#8221; ol_text_shadow_vertical_length_tablet=&#8221;0px&#8221; ol_text_shadow_blur_strength_tablet=&#8221;1px&#8221; quote_text_shadow_horizontal_length_tablet=&#8221;0px&#8221; quote_text_shadow_vertical_length_tablet=&#8221;0px&#8221; quote_text_shadow_blur_strength_tablet=&#8221;1px&#8221; header_text_shadow_horizontal_length_tablet=&#8221;0px&#8221; header_text_shadow_vertical_length_tablet=&#8221;0px&#8221; header_text_shadow_blur_strength_tablet=&#8221;1px&#8221; header_2_text_shadow_horizontal_length_tablet=&#8221;0px&#8221; header_2_text_shadow_vertical_length_tablet=&#8221;0px&#8221; header_2_text_shadow_blur_strength_tablet=&#8221;1px&#8221; header_3_text_shadow_horizontal_length_tablet=&#8221;0px&#8221; header_3_text_shadow_vertical_length_tablet=&#8221;0px&#8221; header_3_text_shadow_blur_strength_tablet=&#8221;1px&#8221; header_4_text_shadow_horizontal_length_tablet=&#8221;0px&#8221; header_4_text_shadow_vertical_length_tablet=&#8221;0px&#8221; header_4_text_shadow_blur_strength_tablet=&#8221;1px&#8221; header_5_text_shadow_horizontal_length_tablet=&#8221;0px&#8221; header_5_text_shadow_vertical_length_tablet=&#8221;0px&#8221; header_5_text_shadow_blur_strength_tablet=&#8221;1px&#8221; header_6_text_shadow_horizontal_length_tablet=&#8221;0px&#8221; header_6_text_shadow_vertical_length_tablet=&#8221;0px&#8221; header_6_text_shadow_blur_strength_tablet=&#8221;1px&#8221; box_shadow_horizontal_tablet=&#8221;0px&#8221; box_shadow_vertical_tablet=&#8221;0px&#8221; box_shadow_blur_tablet=&#8221;40px&#8221; box_shadow_spread_tablet=&#8221;0px&#8221;]<\/p>\n<p>Klubimme toimii aktiivisesti palvelu- ja hyv\u00e4ntekev\u00e4isyysprojekteissa sek\u00e4 nuorisovaihdossa. Ty\u00f6t\u00e4mme ovat tukeneet monet yhteisty\u00f6kumppanit.<\/p>\n<p><strong>Klubimme nuorisovaihtotoimintaa ovat tukeneet\/tukevat<\/strong><br \/><a href=\"https:\/\/www.manttavilppula.fi\/kaupunkipalvelut\/koulut-ja-oppilaitokset\/lukio\/\" target=\"_blank\" rel=\"noopener noreferrer\"><strong>M\u00e4nt\u00e4n lukio<\/strong><\/a><strong><a href=\"https:\/\/www.manttavilppula.fi\/elinkeinoelama\/kehitysyhtio-palveluksessasi\/\" target=\"_blank\" rel=\"noopener noreferrer\"><img loading=\"lazy\" decoding=\"async\" class=\"size-medium wp-image-1810 alignright\" src=\"https:\/\/rotary.fi\/mantta\/wp-content\/uploads\/sites\/134\/2019\/10\/kuva-12-300x169.jpg\" alt=\"\" width=\"300\" height=\"169\" \/><\/a><\/strong><\/p>\n<p><strong>Palveluhakemisto-projektissa ty\u00f6t\u00e4mme ovat tukeneet\/tukev<\/strong><strong>at<\/strong><br \/><a href=\"https:\/\/www.manttavilppula.fi\/\" target=\"_blank\" rel=\"noopener noreferrer\"><strong>M\u00e4ntt\u00e4-Vilppulan kaupunki<\/strong><\/a><strong><br \/><\/strong><a href=\"https:\/\/www.manttavilppula.fi\/elinkeinoelama\/\" target=\"_blank\" rel=\"noopener noreferrer\"><strong>MW-Kehitys Oy<\/strong><\/a><\/p>\n<p><strong>Kiit\u00e4mme l\u00e4mpim\u00e4sti toimintamme tukijoita!<\/strong><\/p>\n<p><strong>Kun haluat osallistua rotareiden ty\u00f6h\u00f6n lahjoittamalla aikaasi tai varoja, ota yst\u00e4v\u00e4llisesti <\/strong><a href=\"https:\/\/rotary.fi\/mantta\/yhteystiedot\/\" target=\"_blank\" rel=\"noopener noreferrer\"><strong>yhteytt\u00e4 klubimme presidenttiin<\/strong><\/a><strong>.<\/strong><\/p>\n<p>[\/et_pb_text][\/et_pb_column_inner][\/et_pb_row_inner][\/et_pb_column][et_pb_column type=&#8221;1_3&#8243; _builder_version=&#8221;3.25&#8243; custom_padding=&#8221;|||&#8221; custom_padding__hover=&#8221;|||&#8221;][et_pb_sidebar area=&#8221;sidebar-1&#8243; module_class=&#8221;sivupalkki_sisalto&#8221; _builder_version=&#8221;3.4.1&#8243; locked=&#8221;off&#8221;]<br \/>\n[\/et_pb_sidebar][\/et_pb_column][\/et_pb_section]<\/p>\n","protected":false},"excerpt":{"rendered":"<p>Yhteisty\u00f6Klubimme toimii aktiivisesti palvelu- ja hyv\u00e4ntekev\u00e4isyysprojekteissa sek\u00e4 nuorisovaihdossa. Ty\u00f6t\u00e4mme ovat tukeneet monet yhteisty\u00f6kumppanit.Klubimme nuorisovaihtotoimintaa ovat tukeneet\/tukevatM\u00e4nt\u00e4n lukioPalveluhakemisto-projektissa ty\u00f6t\u00e4mme ovat tukeneet\/tukevatM\u00e4ntt\u00e4-Vilppulan kaupunkiMW-Kehitys OyKiit\u00e4mme l\u00e4mpim\u00e4sti toimintamme tukijoita!Kun haluat osallistua rotareiden ty\u00f6h\u00f6n lahjoittamalla aikaasi tai varoja, ota yst\u00e4v\u00e4llisesti yhteytt\u00e4 klubimme presidenttiin.<\/p>\n","protected":false},"author":1,"featured_media":0,"parent":77,"menu_order":0,"comment_status":"closed","ping_status":"closed","template":"","meta":{"_acf_changed":false,"_et_pb_use_builder":"on","_et_pb_old_content":"","_et_gb_content_width":"","footnotes":""},"class_list":["post-165","page","type-page","status-publish","hentry"],"acf":[],"yoast_head":"<!-- This site is optimized with the Yoast SEO plugin v27.4 - https:\/\/yoast.com\/product\/yoast-seo-wordpress\/ -->\n<title>Yhteisty\u00f6 - M\u00e4nt\u00e4n Rotaryklubi<\/title>\n<meta name=\"robots\" content=\"index, follow, max-snippet:-1, max-image-preview:large, max-video-preview:-1\" \/>\n<link rel=\"canonical\" href=\"https:\/\/rotary.fi\/mantta\/mita-teemme\/yhteistyo\/\" \/>\n<meta property=\"og:locale\" content=\"fi_FI\" \/>\n<meta property=\"og:type\" content=\"article\" \/>\n<meta property=\"og:title\" content=\"Yhteisty\u00f6 - M\u00e4nt\u00e4n Rotaryklubi\" \/>\n<meta property=\"og:description\" content=\"Yhteisty\u00f6Klubimme toimii aktiivisesti palvelu- ja hyv\u00e4ntekev\u00e4isyysprojekteissa sek\u00e4 nuorisovaihdossa. Ty\u00f6t\u00e4mme ovat tukeneet monet yhteisty\u00f6kumppanit.Klubimme nuorisovaihtotoimintaa ovat tukeneet\/tukevatM\u00e4nt\u00e4n lukioPalveluhakemisto-projektissa ty\u00f6t\u00e4mme ovat tukeneet\/tukevatM\u00e4ntt\u00e4-Vilppulan kaupunkiMW-Kehitys OyKiit\u00e4mme l\u00e4mpim\u00e4sti toimintamme tukijoita!Kun haluat osallistua rotareiden ty\u00f6h\u00f6n lahjoittamalla aikaasi tai varoja, ota yst\u00e4v\u00e4llisesti yhteytt\u00e4 klubimme presidenttiin.\" \/>\n<meta property=\"og:url\" content=\"https:\/\/rotary.fi\/mantta\/mita-teemme\/yhteistyo\/\" \/>\n<meta property=\"og:site_name\" content=\"M\u00e4nt\u00e4n Rotaryklubi\" \/>\n<meta property=\"article:modified_time\" content=\"2021-08-07T18:46:17+00:00\" \/>\n<meta property=\"og:image\" content=\"https:\/\/rotary.fi\/mantta\/wp-content\/uploads\/sites\/134\/2019\/10\/kuva-12-300x169.jpg\" \/>\n<meta name=\"twitter:card\" content=\"summary_large_image\" \/>\n<meta name=\"twitter:label1\" content=\"Arvioitu lukuaika\" \/>\n\t<meta name=\"twitter:data1\" content=\"1 minuutti\" \/>\n<script type=\"application\/ld+json\" class=\"yoast-schema-graph\">{\"@context\":\"https:\\\/\\\/schema.org\",\"@graph\":[{\"@type\":\"WebPage\",\"@id\":\"https:\\\/\\\/rotary.fi\\\/mantta\\\/mita-teemme\\\/yhteistyo\\\/\",\"url\":\"https:\\\/\\\/rotary.fi\\\/mantta\\\/mita-teemme\\\/yhteistyo\\\/\",\"name\":\"Yhteisty\u00f6 - M\u00e4nt\u00e4n Rotaryklubi\",\"isPartOf\":{\"@id\":\"https:\\\/\\\/rotary.fi\\\/mantta\\\/#website\"},\"primaryImageOfPage\":{\"@id\":\"https:\\\/\\\/rotary.fi\\\/mantta\\\/mita-teemme\\\/yhteistyo\\\/#primaryimage\"},\"image\":{\"@id\":\"https:\\\/\\\/rotary.fi\\\/mantta\\\/mita-teemme\\\/yhteistyo\\\/#primaryimage\"},\"thumbnailUrl\":\"https:\\\/\\\/rotary.fi\\\/mantta\\\/wp-content\\\/uploads\\\/sites\\\/134\\\/2019\\\/10\\\/kuva-12-300x169.jpg\",\"datePublished\":\"2018-08-13T06:52:52+00:00\",\"dateModified\":\"2021-08-07T18:46:17+00:00\",\"breadcrumb\":{\"@id\":\"https:\\\/\\\/rotary.fi\\\/mantta\\\/mita-teemme\\\/yhteistyo\\\/#breadcrumb\"},\"inLanguage\":\"fi\",\"potentialAction\":[{\"@type\":\"ReadAction\",\"target\":[\"https:\\\/\\\/rotary.fi\\\/mantta\\\/mita-teemme\\\/yhteistyo\\\/\"]}]},{\"@type\":\"ImageObject\",\"inLanguage\":\"fi\",\"@id\":\"https:\\\/\\\/rotary.fi\\\/mantta\\\/mita-teemme\\\/yhteistyo\\\/#primaryimage\",\"url\":\"https:\\\/\\\/rotary.fi\\\/mantta\\\/wp-content\\\/uploads\\\/sites\\\/134\\\/2019\\\/10\\\/kuva-12.jpg\",\"contentUrl\":\"https:\\\/\\\/rotary.fi\\\/mantta\\\/wp-content\\\/uploads\\\/sites\\\/134\\\/2019\\\/10\\\/kuva-12.jpg\",\"width\":1600,\"height\":900},{\"@type\":\"BreadcrumbList\",\"@id\":\"https:\\\/\\\/rotary.fi\\\/mantta\\\/mita-teemme\\\/yhteistyo\\\/#breadcrumb\",\"itemListElement\":[{\"@type\":\"ListItem\",\"position\":1,\"name\":\"Home\",\"item\":\"https:\\\/\\\/rotary.fi\\\/mantta\\\/\"},{\"@type\":\"ListItem\",\"position\":2,\"name\":\"Mit\u00e4 teemme\",\"item\":\"https:\\\/\\\/rotary.fi\\\/mantta\\\/mita-teemme\\\/\"},{\"@type\":\"ListItem\",\"position\":3,\"name\":\"Yhteisty\u00f6\"}]},{\"@type\":\"WebSite\",\"@id\":\"https:\\\/\\\/rotary.fi\\\/mantta\\\/#website\",\"url\":\"https:\\\/\\\/rotary.fi\\\/mantta\\\/\",\"name\":\"M\u00e4nt\u00e4n Rotaryklubi\",\"description\":\"Uusi Rotary klubisivusto\",\"publisher\":{\"@id\":\"https:\\\/\\\/rotary.fi\\\/mantta\\\/#organization\"},\"potentialAction\":[{\"@type\":\"SearchAction\",\"target\":{\"@type\":\"EntryPoint\",\"urlTemplate\":\"https:\\\/\\\/rotary.fi\\\/mantta\\\/?s={search_term_string}\"},\"query-input\":{\"@type\":\"PropertyValueSpecification\",\"valueRequired\":true,\"valueName\":\"search_term_string\"}}],\"inLanguage\":\"fi\"},{\"@type\":\"Organization\",\"@id\":\"https:\\\/\\\/rotary.fi\\\/mantta\\\/#organization\",\"name\":\"M\u00e4nt\u00e4n Rotaryklubi\",\"url\":\"https:\\\/\\\/rotary.fi\\\/mantta\\\/\",\"logo\":{\"@type\":\"ImageObject\",\"inLanguage\":\"fi\",\"@id\":\"https:\\\/\\\/rotary.fi\\\/mantta\\\/#\\\/schema\\\/logo\\\/image\\\/\",\"url\":\"https:\\\/\\\/rotary.fi\\\/mantta\\\/wp-content\\\/uploads\\\/sites\\\/134\\\/2018\\\/08\\\/rotary-logo-main-2.png\",\"contentUrl\":\"https:\\\/\\\/rotary.fi\\\/mantta\\\/wp-content\\\/uploads\\\/sites\\\/134\\\/2018\\\/08\\\/rotary-logo-main-2.png\",\"width\":135,\"height\":52,\"caption\":\"M\u00e4nt\u00e4n Rotaryklubi\"},\"image\":{\"@id\":\"https:\\\/\\\/rotary.fi\\\/mantta\\\/#\\\/schema\\\/logo\\\/image\\\/\"}}]}<\/script>\n<!-- \/ Yoast SEO plugin. -->","yoast_head_json":{"title":"Yhteisty\u00f6 - M\u00e4nt\u00e4n Rotaryklubi","robots":{"index":"index","follow":"follow","max-snippet":"max-snippet:-1","max-image-preview":"max-image-preview:large","max-video-preview":"max-video-preview:-1"},"canonical":"https:\/\/rotary.fi\/mantta\/mita-teemme\/yhteistyo\/","og_locale":"fi_FI","og_type":"article","og_title":"Yhteisty\u00f6 - M\u00e4nt\u00e4n Rotaryklubi","og_description":"Yhteisty\u00f6Klubimme toimii aktiivisesti palvelu- ja hyv\u00e4ntekev\u00e4isyysprojekteissa sek\u00e4 nuorisovaihdossa. Ty\u00f6t\u00e4mme ovat tukeneet monet yhteisty\u00f6kumppanit.Klubimme nuorisovaihtotoimintaa ovat tukeneet\/tukevatM\u00e4nt\u00e4n lukioPalveluhakemisto-projektissa ty\u00f6t\u00e4mme ovat tukeneet\/tukevatM\u00e4ntt\u00e4-Vilppulan kaupunkiMW-Kehitys OyKiit\u00e4mme l\u00e4mpim\u00e4sti toimintamme tukijoita!Kun haluat osallistua rotareiden ty\u00f6h\u00f6n lahjoittamalla aikaasi tai varoja, ota yst\u00e4v\u00e4llisesti yhteytt\u00e4 klubimme presidenttiin.","og_url":"https:\/\/rotary.fi\/mantta\/mita-teemme\/yhteistyo\/","og_site_name":"M\u00e4nt\u00e4n Rotaryklubi","article_modified_time":"2021-08-07T18:46:17+00:00","og_image":[{"url":"https:\/\/rotary.fi\/mantta\/wp-content\/uploads\/sites\/134\/2019\/10\/kuva-12-300x169.jpg","type":"","width":"","height":""}],"twitter_card":"summary_large_image","twitter_misc":{"Arvioitu lukuaika":"1 minuutti"},"schema":{"@context":"https:\/\/schema.org","@graph":[{"@type":"WebPage","@id":"https:\/\/rotary.fi\/mantta\/mita-teemme\/yhteistyo\/","url":"https:\/\/rotary.fi\/mantta\/mita-teemme\/yhteistyo\/","name":"Yhteisty\u00f6 - M\u00e4nt\u00e4n Rotaryklubi","isPartOf":{"@id":"https:\/\/rotary.fi\/mantta\/#website"},"primaryImageOfPage":{"@id":"https:\/\/rotary.fi\/mantta\/mita-teemme\/yhteistyo\/#primaryimage"},"image":{"@id":"https:\/\/rotary.fi\/mantta\/mita-teemme\/yhteistyo\/#primaryimage"},"thumbnailUrl":"https:\/\/rotary.fi\/mantta\/wp-content\/uploads\/sites\/134\/2019\/10\/kuva-12-300x169.jpg","datePublished":"2018-08-13T06:52:52+00:00","dateModified":"2021-08-07T18:46:17+00:00","breadcrumb":{"@id":"https:\/\/rotary.fi\/mantta\/mita-teemme\/yhteistyo\/#breadcrumb"},"inLanguage":"fi","potentialAction":[{"@type":"ReadAction","target":["https:\/\/rotary.fi\/mantta\/mita-teemme\/yhteistyo\/"]}]},{"@type":"ImageObject","inLanguage":"fi","@id":"https:\/\/rotary.fi\/mantta\/mita-teemme\/yhteistyo\/#primaryimage","url":"https:\/\/rotary.fi\/mantta\/wp-content\/uploads\/sites\/134\/2019\/10\/kuva-12.jpg","contentUrl":"https:\/\/rotary.fi\/mantta\/wp-content\/uploads\/sites\/134\/2019\/10\/kuva-12.jpg","width":1600,"height":900},{"@type":"BreadcrumbList","@id":"https:\/\/rotary.fi\/mantta\/mita-teemme\/yhteistyo\/#breadcrumb","itemListElement":[{"@type":"ListItem","position":1,"name":"Home","item":"https:\/\/rotary.fi\/mantta\/"},{"@type":"ListItem","position":2,"name":"Mit\u00e4 teemme","item":"https:\/\/rotary.fi\/mantta\/mita-teemme\/"},{"@type":"ListItem","position":3,"name":"Yhteisty\u00f6"}]},{"@type":"WebSite","@id":"https:\/\/rotary.fi\/mantta\/#website","url":"https:\/\/rotary.fi\/mantta\/","name":"M\u00e4nt\u00e4n Rotaryklubi","description":"Uusi Rotary klubisivusto","publisher":{"@id":"https:\/\/rotary.fi\/mantta\/#organization"},"potentialAction":[{"@type":"SearchAction","target":{"@type":"EntryPoint","urlTemplate":"https:\/\/rotary.fi\/mantta\/?s={search_term_string}"},"query-input":{"@type":"PropertyValueSpecification","valueRequired":true,"valueName":"search_term_string"}}],"inLanguage":"fi"},{"@type":"Organization","@id":"https:\/\/rotary.fi\/mantta\/#organization","name":"M\u00e4nt\u00e4n Rotaryklubi","url":"https:\/\/rotary.fi\/mantta\/","logo":{"@type":"ImageObject","inLanguage":"fi","@id":"https:\/\/rotary.fi\/mantta\/#\/schema\/logo\/image\/","url":"https:\/\/rotary.fi\/mantta\/wp-content\/uploads\/sites\/134\/2018\/08\/rotary-logo-main-2.png","contentUrl":"https:\/\/rotary.fi\/mantta\/wp-content\/uploads\/sites\/134\/2018\/08\/rotary-logo-main-2.png","width":135,"height":52,"caption":"M\u00e4nt\u00e4n Rotaryklubi"},"image":{"@id":"https:\/\/rotary.fi\/mantta\/#\/schema\/logo\/image\/"}}]}},"lang":"fi","translations":{"fi":165,"en":1462},"pll_sync_post":[],"_links":{"self":[{"href":"https:\/\/rotary.fi\/mantta\/wp-json\/wp\/v2\/pages\/165","targetHints":{"allow":["GET"]}}],"collection":[{"href":"https:\/\/rotary.fi\/mantta\/wp-json\/wp\/v2\/pages"}],"about":[{"href":"https:\/\/rotary.fi\/mantta\/wp-json\/wp\/v2\/types\/page"}],"author":[{"embeddable":true,"href":"https:\/\/rotary.fi\/mantta\/wp-json\/wp\/v2\/users\/1"}],"replies":[{"embeddable":true,"href":"https:\/\/rotary.fi\/mantta\/wp-json\/wp\/v2\/comments?post=165"}],"version-history":[{"count":18,"href":"https:\/\/rotary.fi\/mantta\/wp-json\/wp\/v2\/pages\/165\/revisions"}],"predecessor-version":[{"id":2457,"href":"https:\/\/rotary.fi\/mantta\/wp-json\/wp\/v2\/pages\/165\/revisions\/2457"}],"up":[{"embeddable":true,"href":"https:\/\/rotary.fi\/mantta\/wp-json\/wp\/v2\/pages\/77"}],"wp:attachment":[{"href":"https:\/\/rotary.fi\/mantta\/wp-json\/wp\/v2\/media?parent=165"}],"curies":[{"name":"wp","href":"https:\/\/api.w.org\/{rel}","templated":true}]}}