{"id":1451,"date":"2019-02-20T13:37:40","date_gmt":"2019-02-20T11:37:40","guid":{"rendered":"https:\/\/rotary.fi\/mantta\/?page_id=1451"},"modified":"2023-11-22T09:19:45","modified_gmt":"2023-11-22T07:19:45","slug":"projects","status":"publish","type":"page","link":"https:\/\/rotary.fi\/mantta\/en\/what-we-do\/projects\/","title":{"rendered":"Projects"},"content":{"rendered":"<p>[et_pb_section fb_built=&#8221;1&#8243; module_class=&#8221;jumbotron-page&#8221; _builder_version=&#8221;4.16&#8243; background_image=&#8221;https:\/\/rotary.fi\/mantta\/wp-content\/uploads\/sites\/134\/2018\/08\/rotary_klubit_alasivu_paakuva_5.jpg&#8221; global_colors_info=&#8221;{}&#8221;][et_pb_row _builder_version=&#8221;4.16&#8243; background_size=&#8221;initial&#8221; background_position=&#8221;top_left&#8221; background_repeat=&#8221;repeat&#8221; global_colors_info=&#8221;{}&#8221;][et_pb_column type=&#8221;4_4&#8243; _builder_version=&#8221;4.16&#8243; custom_padding=&#8221;|||&#8221; global_colors_info=&#8221;{}&#8221; custom_padding__hover=&#8221;|||&#8221;][et_pb_text admin_label=&#8221;P\u00e4\u00e4otsikko: Projects&#8221; _builder_version=&#8221;4.16&#8243; text_orientation=&#8221;center&#8221; background_layout=&#8221;dark&#8221; global_colors_info=&#8221;{}&#8221;]<\/p>\n<h1>Projects<\/h1>\n<p>[\/et_pb_text][\/et_pb_column][\/et_pb_row][\/et_pb_section][et_pb_section fb_built=&#8221;1&#8243; specialty=&#8221;on&#8221; module_class_2=&#8221;sivupalkki&#8221; _builder_version=&#8221;4.16&#8243; global_colors_info=&#8221;{}&#8221;][et_pb_column type=&#8221;2_3&#8243; specialty_columns=&#8221;2&#8243; _builder_version=&#8221;4.16&#8243; custom_padding=&#8221;|||&#8221; global_colors_info=&#8221;{}&#8221; custom_padding__hover=&#8221;|||&#8221;][et_pb_row_inner admin_label=&#8221;Rivi&#8221; _builder_version=&#8221;4.16&#8243; global_colors_info=&#8221;{}&#8221;][et_pb_column_inner saved_specialty_column_type=&#8221;2_3&#8243; _builder_version=&#8221;4.16&#8243; custom_padding=&#8221;|||&#8221; global_colors_info=&#8221;{}&#8221; custom_padding__hover=&#8221;|||&#8221;][et_pb_text admin_label=&#8221;Otsikko: Projects&#8221; _builder_version=&#8221;4.16&#8243; header_3_text_align=&#8221;left&#8221; z_index_tablet=&#8221;500&#8243; text_text_shadow_horizontal_length_tablet=&#8221;0px&#8221; text_text_shadow_vertical_length_tablet=&#8221;0px&#8221; text_text_shadow_blur_strength_tablet=&#8221;1px&#8221; link_text_shadow_horizontal_length_tablet=&#8221;0px&#8221; link_text_shadow_vertical_length_tablet=&#8221;0px&#8221; link_text_shadow_blur_strength_tablet=&#8221;1px&#8221; ul_text_shadow_horizontal_length_tablet=&#8221;0px&#8221; ul_text_shadow_vertical_length_tablet=&#8221;0px&#8221; ul_text_shadow_blur_strength_tablet=&#8221;1px&#8221; ol_text_shadow_horizontal_length_tablet=&#8221;0px&#8221; ol_text_shadow_vertical_length_tablet=&#8221;0px&#8221; ol_text_shadow_blur_strength_tablet=&#8221;1px&#8221; quote_text_shadow_horizontal_length_tablet=&#8221;0px&#8221; quote_text_shadow_vertical_length_tablet=&#8221;0px&#8221; quote_text_shadow_blur_strength_tablet=&#8221;1px&#8221; header_text_shadow_horizontal_length_tablet=&#8221;0px&#8221; header_text_shadow_vertical_length_tablet=&#8221;0px&#8221; header_text_shadow_blur_strength_tablet=&#8221;1px&#8221; header_2_text_shadow_horizontal_length_tablet=&#8221;0px&#8221; header_2_text_shadow_vertical_length_tablet=&#8221;0px&#8221; header_2_text_shadow_blur_strength_tablet=&#8221;1px&#8221; header_3_text_shadow_horizontal_length_tablet=&#8221;0px&#8221; header_3_text_shadow_vertical_length_tablet=&#8221;0px&#8221; header_3_text_shadow_blur_strength_tablet=&#8221;1px&#8221; header_4_text_shadow_horizontal_length_tablet=&#8221;0px&#8221; header_4_text_shadow_vertical_length_tablet=&#8221;0px&#8221; header_4_text_shadow_blur_strength_tablet=&#8221;1px&#8221; header_5_text_shadow_horizontal_length_tablet=&#8221;0px&#8221; header_5_text_shadow_vertical_length_tablet=&#8221;0px&#8221; header_5_text_shadow_blur_strength_tablet=&#8221;1px&#8221; header_6_text_shadow_horizontal_length_tablet=&#8221;0px&#8221; header_6_text_shadow_vertical_length_tablet=&#8221;0px&#8221; header_6_text_shadow_blur_strength_tablet=&#8221;1px&#8221; box_shadow_horizontal_tablet=&#8221;0px&#8221; box_shadow_vertical_tablet=&#8221;0px&#8221; box_shadow_blur_tablet=&#8221;40px&#8221; box_shadow_spread_tablet=&#8221;0px&#8221; global_colors_info=&#8221;{}&#8221;]<\/p>\n<h3>Projects<\/h3>\n<p>[\/et_pb_text][et_pb_text _builder_version=&#8221;4.22.1&#8243; z_index_tablet=&#8221;500&#8243; text_text_shadow_horizontal_length_tablet=&#8221;0px&#8221; text_text_shadow_vertical_length_tablet=&#8221;0px&#8221; text_text_shadow_blur_strength_tablet=&#8221;1px&#8221; link_text_shadow_horizontal_length_tablet=&#8221;0px&#8221; link_text_shadow_vertical_length_tablet=&#8221;0px&#8221; link_text_shadow_blur_strength_tablet=&#8221;1px&#8221; ul_text_shadow_horizontal_length_tablet=&#8221;0px&#8221; ul_text_shadow_vertical_length_tablet=&#8221;0px&#8221; ul_text_shadow_blur_strength_tablet=&#8221;1px&#8221; ol_text_shadow_horizontal_length_tablet=&#8221;0px&#8221; ol_text_shadow_vertical_length_tablet=&#8221;0px&#8221; ol_text_shadow_blur_strength_tablet=&#8221;1px&#8221; quote_text_shadow_horizontal_length_tablet=&#8221;0px&#8221; quote_text_shadow_vertical_length_tablet=&#8221;0px&#8221; quote_text_shadow_blur_strength_tablet=&#8221;1px&#8221; header_text_shadow_horizontal_length_tablet=&#8221;0px&#8221; header_text_shadow_vertical_length_tablet=&#8221;0px&#8221; header_text_shadow_blur_strength_tablet=&#8221;1px&#8221; header_2_text_shadow_horizontal_length_tablet=&#8221;0px&#8221; header_2_text_shadow_vertical_length_tablet=&#8221;0px&#8221; header_2_text_shadow_blur_strength_tablet=&#8221;1px&#8221; header_3_text_shadow_horizontal_length_tablet=&#8221;0px&#8221; header_3_text_shadow_vertical_length_tablet=&#8221;0px&#8221; header_3_text_shadow_blur_strength_tablet=&#8221;1px&#8221; header_4_text_shadow_horizontal_length_tablet=&#8221;0px&#8221; header_4_text_shadow_vertical_length_tablet=&#8221;0px&#8221; header_4_text_shadow_blur_strength_tablet=&#8221;1px&#8221; header_5_text_shadow_horizontal_length_tablet=&#8221;0px&#8221; header_5_text_shadow_vertical_length_tablet=&#8221;0px&#8221; header_5_text_shadow_blur_strength_tablet=&#8221;1px&#8221; header_6_text_shadow_horizontal_length_tablet=&#8221;0px&#8221; header_6_text_shadow_vertical_length_tablet=&#8221;0px&#8221; header_6_text_shadow_blur_strength_tablet=&#8221;1px&#8221; box_shadow_horizontal_tablet=&#8221;0px&#8221; box_shadow_vertical_tablet=&#8221;0px&#8221; box_shadow_blur_tablet=&#8221;40px&#8221; box_shadow_spread_tablet=&#8221;0px&#8221; global_colors_info=&#8221;{}&#8221;]<\/p>\n<p style=\"padding-left: 40px\">Rotary is a service organisation. We act locally and globally according to our motto Service above Self. Our international humanitarian service is carried out and coordinated by our Rotary Foundation and in cooperation with authorised partners.<\/p>\n<p><strong>Projects<\/strong><\/p>\n<p><strong>Restoration of the Lake K\u00e4kij\u00e4rvi<\/strong> in Kolho on M\u00e4ntt\u00e4-Vilppula completed in October 2023<\/p>\n<p><strong>Aistihuone<\/strong> \u2013 Room of Senses \u2013 A Co-project with eight Rotary clubs<\/p>\n<p>M\u00e4ntt\u00e4 and seven other rotary clubs in Pirkanmaa area together with Tampere Children\u2019s Hospital Support Foundation were collecting funds for innovative equipment in the new sensory room for Children\u2019s hospital, neurological and psychiatric clinic at Tampere University Hospital TAYS in 2017-2019.<\/p>\n<p>The 100 000 Eur collection objective for Aistihuone project was exceeded and donated to the Tampere University Hospital TAYS in the national Rotary Seminar in Tampere 3.2.2019. Link to <strong>Aistihuone project (Finnish).<\/strong><\/p>\n<p><img loading=\"lazy\" decoding=\"async\" class=\"alignnone size-medium wp-image-1802\" src=\"https:\/\/rotary.fi\/mantta\/wp-content\/uploads\/sites\/134\/2019\/10\/kuva-60-1-300x200.jpg\" alt=\"\" width=\"300\" height=\"200\" \/><\/p>\n<p>[\/et_pb_text][\/et_pb_column_inner][\/et_pb_row_inner][\/et_pb_column][et_pb_column type=&#8221;1_3&#8243; _builder_version=&#8221;4.16&#8243; custom_padding=&#8221;|||&#8221; global_colors_info=&#8221;{}&#8221; custom_padding__hover=&#8221;|||&#8221;][et_pb_sidebar area=&#8221;sidebar-1&#8243; module_class=&#8221;sivupalkki_sisalto&#8221; _builder_version=&#8221;4.16&#8243; locked=&#8221;on&#8221; global_colors_info=&#8221;{}&#8221;]<br \/>\n[\/et_pb_sidebar][\/et_pb_column][\/et_pb_section]<\/p>\n","protected":false},"excerpt":{"rendered":"<p>Projects Projects Rotary is a service organisation. We act locally and globally according to our motto Service above Self. Our international humanitarian service is carried out and coordinated by our Rotary Foundation and in cooperation with authorised partners. Projects Restoration of the Lake K\u00e4kij\u00e4rvi in Kolho on M\u00e4ntt\u00e4-Vilppula completed in October 2023 Aistihuone \u2013 Room [&hellip;]<\/p>\n","protected":false},"author":1,"featured_media":0,"parent":1447,"menu_order":0,"comment_status":"closed","ping_status":"closed","template":"","meta":{"_acf_changed":false,"_et_pb_use_builder":"on","_et_pb_old_content":"","_et_gb_content_width":"","footnotes":""},"class_list":["post-1451","page","type-page","status-publish","hentry"],"acf":[],"yoast_head":"<!-- This site is optimized with the Yoast SEO plugin v27.4 - https:\/\/yoast.com\/product\/yoast-seo-wordpress\/ -->\n<title>Projects - M\u00e4nt\u00e4n Rotaryklubi<\/title>\n<meta name=\"robots\" content=\"index, follow, max-snippet:-1, max-image-preview:large, max-video-preview:-1\" \/>\n<link rel=\"canonical\" href=\"https:\/\/rotary.fi\/mantta\/en\/what-we-do\/projects\/\" \/>\n<meta property=\"og:locale\" content=\"fi_FI\" \/>\n<meta property=\"og:type\" content=\"article\" \/>\n<meta property=\"og:title\" content=\"Projects - M\u00e4nt\u00e4n Rotaryklubi\" \/>\n<meta property=\"og:description\" content=\"Projects Projects Rotary is a service organisation. We act locally and globally according to our motto Service above Self. Our international humanitarian service is carried out and coordinated by our Rotary Foundation and in cooperation with authorised partners. Projects Restoration of the Lake K\u00e4kij\u00e4rvi in Kolho on M\u00e4ntt\u00e4-Vilppula completed in October 2023 Aistihuone \u2013 Room [&hellip;]\" \/>\n<meta property=\"og:url\" content=\"https:\/\/rotary.fi\/mantta\/en\/what-we-do\/projects\/\" \/>\n<meta property=\"og:site_name\" content=\"M\u00e4nt\u00e4n Rotaryklubi\" \/>\n<meta property=\"article:modified_time\" content=\"2023-11-22T07:19:45+00:00\" \/>\n<meta property=\"og:image\" content=\"https:\/\/rotary.fi\/mantta\/wp-content\/uploads\/sites\/134\/2019\/10\/kuva-60-1-300x200.jpg\" \/>\n<meta name=\"twitter:card\" content=\"summary_large_image\" \/>\n<meta name=\"twitter:label1\" content=\"Arvioitu lukuaika\" \/>\n\t<meta name=\"twitter:data1\" content=\"2 minuuttia\" \/>\n<script type=\"application\/ld+json\" class=\"yoast-schema-graph\">{\"@context\":\"https:\\\/\\\/schema.org\",\"@graph\":[{\"@type\":\"WebPage\",\"@id\":\"https:\\\/\\\/rotary.fi\\\/mantta\\\/en\\\/what-we-do\\\/projects\\\/\",\"url\":\"https:\\\/\\\/rotary.fi\\\/mantta\\\/en\\\/what-we-do\\\/projects\\\/\",\"name\":\"Projects - M\u00e4nt\u00e4n Rotaryklubi\",\"isPartOf\":{\"@id\":\"https:\\\/\\\/rotary.fi\\\/mantta\\\/#website\"},\"primaryImageOfPage\":{\"@id\":\"https:\\\/\\\/rotary.fi\\\/mantta\\\/en\\\/what-we-do\\\/projects\\\/#primaryimage\"},\"image\":{\"@id\":\"https:\\\/\\\/rotary.fi\\\/mantta\\\/en\\\/what-we-do\\\/projects\\\/#primaryimage\"},\"thumbnailUrl\":\"https:\\\/\\\/rotary.fi\\\/mantta\\\/wp-content\\\/uploads\\\/sites\\\/134\\\/2019\\\/10\\\/kuva-60-1-300x200.jpg\",\"datePublished\":\"2019-02-20T11:37:40+00:00\",\"dateModified\":\"2023-11-22T07:19:45+00:00\",\"breadcrumb\":{\"@id\":\"https:\\\/\\\/rotary.fi\\\/mantta\\\/en\\\/what-we-do\\\/projects\\\/#breadcrumb\"},\"inLanguage\":\"fi\",\"potentialAction\":[{\"@type\":\"ReadAction\",\"target\":[\"https:\\\/\\\/rotary.fi\\\/mantta\\\/en\\\/what-we-do\\\/projects\\\/\"]}]},{\"@type\":\"ImageObject\",\"inLanguage\":\"fi\",\"@id\":\"https:\\\/\\\/rotary.fi\\\/mantta\\\/en\\\/what-we-do\\\/projects\\\/#primaryimage\",\"url\":\"https:\\\/\\\/rotary.fi\\\/mantta\\\/wp-content\\\/uploads\\\/sites\\\/134\\\/2019\\\/10\\\/kuva-60-1.jpg\",\"contentUrl\":\"https:\\\/\\\/rotary.fi\\\/mantta\\\/wp-content\\\/uploads\\\/sites\\\/134\\\/2019\\\/10\\\/kuva-60-1.jpg\",\"width\":720,\"height\":480},{\"@type\":\"BreadcrumbList\",\"@id\":\"https:\\\/\\\/rotary.fi\\\/mantta\\\/en\\\/what-we-do\\\/projects\\\/#breadcrumb\",\"itemListElement\":[{\"@type\":\"ListItem\",\"position\":1,\"name\":\"Home\",\"item\":\"https:\\\/\\\/rotary.fi\\\/mantta\\\/\"},{\"@type\":\"ListItem\",\"position\":2,\"name\":\"What We Do\",\"item\":\"https:\\\/\\\/rotary.fi\\\/mantta\\\/en\\\/what-we-do\\\/\"},{\"@type\":\"ListItem\",\"position\":3,\"name\":\"Projects\"}]},{\"@type\":\"WebSite\",\"@id\":\"https:\\\/\\\/rotary.fi\\\/mantta\\\/#website\",\"url\":\"https:\\\/\\\/rotary.fi\\\/mantta\\\/\",\"name\":\"M\u00e4nt\u00e4n Rotaryklubi\",\"description\":\"Uusi Rotary klubisivusto\",\"publisher\":{\"@id\":\"https:\\\/\\\/rotary.fi\\\/mantta\\\/#organization\"},\"potentialAction\":[{\"@type\":\"SearchAction\",\"target\":{\"@type\":\"EntryPoint\",\"urlTemplate\":\"https:\\\/\\\/rotary.fi\\\/mantta\\\/?s={search_term_string}\"},\"query-input\":{\"@type\":\"PropertyValueSpecification\",\"valueRequired\":true,\"valueName\":\"search_term_string\"}}],\"inLanguage\":\"fi\"},{\"@type\":\"Organization\",\"@id\":\"https:\\\/\\\/rotary.fi\\\/mantta\\\/#organization\",\"name\":\"M\u00e4nt\u00e4n Rotaryklubi\",\"url\":\"https:\\\/\\\/rotary.fi\\\/mantta\\\/\",\"logo\":{\"@type\":\"ImageObject\",\"inLanguage\":\"fi\",\"@id\":\"https:\\\/\\\/rotary.fi\\\/mantta\\\/#\\\/schema\\\/logo\\\/image\\\/\",\"url\":\"https:\\\/\\\/rotary.fi\\\/mantta\\\/wp-content\\\/uploads\\\/sites\\\/134\\\/2018\\\/08\\\/rotary-logo-main-2.png\",\"contentUrl\":\"https:\\\/\\\/rotary.fi\\\/mantta\\\/wp-content\\\/uploads\\\/sites\\\/134\\\/2018\\\/08\\\/rotary-logo-main-2.png\",\"width\":135,\"height\":52,\"caption\":\"M\u00e4nt\u00e4n Rotaryklubi\"},\"image\":{\"@id\":\"https:\\\/\\\/rotary.fi\\\/mantta\\\/#\\\/schema\\\/logo\\\/image\\\/\"}}]}<\/script>\n<!-- \/ Yoast SEO plugin. -->","yoast_head_json":{"title":"Projects - M\u00e4nt\u00e4n Rotaryklubi","robots":{"index":"index","follow":"follow","max-snippet":"max-snippet:-1","max-image-preview":"max-image-preview:large","max-video-preview":"max-video-preview:-1"},"canonical":"https:\/\/rotary.fi\/mantta\/en\/what-we-do\/projects\/","og_locale":"fi_FI","og_type":"article","og_title":"Projects - M\u00e4nt\u00e4n Rotaryklubi","og_description":"Projects Projects Rotary is a service organisation. We act locally and globally according to our motto Service above Self. Our international humanitarian service is carried out and coordinated by our Rotary Foundation and in cooperation with authorised partners. Projects Restoration of the Lake K\u00e4kij\u00e4rvi in Kolho on M\u00e4ntt\u00e4-Vilppula completed in October 2023 Aistihuone \u2013 Room [&hellip;]","og_url":"https:\/\/rotary.fi\/mantta\/en\/what-we-do\/projects\/","og_site_name":"M\u00e4nt\u00e4n Rotaryklubi","article_modified_time":"2023-11-22T07:19:45+00:00","og_image":[{"url":"https:\/\/rotary.fi\/mantta\/wp-content\/uploads\/sites\/134\/2019\/10\/kuva-60-1-300x200.jpg","type":"","width":"","height":""}],"twitter_card":"summary_large_image","twitter_misc":{"Arvioitu lukuaika":"2 minuuttia"},"schema":{"@context":"https:\/\/schema.org","@graph":[{"@type":"WebPage","@id":"https:\/\/rotary.fi\/mantta\/en\/what-we-do\/projects\/","url":"https:\/\/rotary.fi\/mantta\/en\/what-we-do\/projects\/","name":"Projects - M\u00e4nt\u00e4n Rotaryklubi","isPartOf":{"@id":"https:\/\/rotary.fi\/mantta\/#website"},"primaryImageOfPage":{"@id":"https:\/\/rotary.fi\/mantta\/en\/what-we-do\/projects\/#primaryimage"},"image":{"@id":"https:\/\/rotary.fi\/mantta\/en\/what-we-do\/projects\/#primaryimage"},"thumbnailUrl":"https:\/\/rotary.fi\/mantta\/wp-content\/uploads\/sites\/134\/2019\/10\/kuva-60-1-300x200.jpg","datePublished":"2019-02-20T11:37:40+00:00","dateModified":"2023-11-22T07:19:45+00:00","breadcrumb":{"@id":"https:\/\/rotary.fi\/mantta\/en\/what-we-do\/projects\/#breadcrumb"},"inLanguage":"fi","potentialAction":[{"@type":"ReadAction","target":["https:\/\/rotary.fi\/mantta\/en\/what-we-do\/projects\/"]}]},{"@type":"ImageObject","inLanguage":"fi","@id":"https:\/\/rotary.fi\/mantta\/en\/what-we-do\/projects\/#primaryimage","url":"https:\/\/rotary.fi\/mantta\/wp-content\/uploads\/sites\/134\/2019\/10\/kuva-60-1.jpg","contentUrl":"https:\/\/rotary.fi\/mantta\/wp-content\/uploads\/sites\/134\/2019\/10\/kuva-60-1.jpg","width":720,"height":480},{"@type":"BreadcrumbList","@id":"https:\/\/rotary.fi\/mantta\/en\/what-we-do\/projects\/#breadcrumb","itemListElement":[{"@type":"ListItem","position":1,"name":"Home","item":"https:\/\/rotary.fi\/mantta\/"},{"@type":"ListItem","position":2,"name":"What We Do","item":"https:\/\/rotary.fi\/mantta\/en\/what-we-do\/"},{"@type":"ListItem","position":3,"name":"Projects"}]},{"@type":"WebSite","@id":"https:\/\/rotary.fi\/mantta\/#website","url":"https:\/\/rotary.fi\/mantta\/","name":"M\u00e4nt\u00e4n Rotaryklubi","description":"Uusi Rotary klubisivusto","publisher":{"@id":"https:\/\/rotary.fi\/mantta\/#organization"},"potentialAction":[{"@type":"SearchAction","target":{"@type":"EntryPoint","urlTemplate":"https:\/\/rotary.fi\/mantta\/?s={search_term_string}"},"query-input":{"@type":"PropertyValueSpecification","valueRequired":true,"valueName":"search_term_string"}}],"inLanguage":"fi"},{"@type":"Organization","@id":"https:\/\/rotary.fi\/mantta\/#organization","name":"M\u00e4nt\u00e4n Rotaryklubi","url":"https:\/\/rotary.fi\/mantta\/","logo":{"@type":"ImageObject","inLanguage":"fi","@id":"https:\/\/rotary.fi\/mantta\/#\/schema\/logo\/image\/","url":"https:\/\/rotary.fi\/mantta\/wp-content\/uploads\/sites\/134\/2018\/08\/rotary-logo-main-2.png","contentUrl":"https:\/\/rotary.fi\/mantta\/wp-content\/uploads\/sites\/134\/2018\/08\/rotary-logo-main-2.png","width":135,"height":52,"caption":"M\u00e4nt\u00e4n Rotaryklubi"},"image":{"@id":"https:\/\/rotary.fi\/mantta\/#\/schema\/logo\/image\/"}}]}},"lang":"en","translations":{"en":1451,"fi":156},"pll_sync_post":[],"_links":{"self":[{"href":"https:\/\/rotary.fi\/mantta\/wp-json\/wp\/v2\/pages\/1451","targetHints":{"allow":["GET"]}}],"collection":[{"href":"https:\/\/rotary.fi\/mantta\/wp-json\/wp\/v2\/pages"}],"about":[{"href":"https:\/\/rotary.fi\/mantta\/wp-json\/wp\/v2\/types\/page"}],"author":[{"embeddable":true,"href":"https:\/\/rotary.fi\/mantta\/wp-json\/wp\/v2\/users\/1"}],"replies":[{"embeddable":true,"href":"https:\/\/rotary.fi\/mantta\/wp-json\/wp\/v2\/comments?post=1451"}],"version-history":[{"count":7,"href":"https:\/\/rotary.fi\/mantta\/wp-json\/wp\/v2\/pages\/1451\/revisions"}],"predecessor-version":[{"id":3100,"href":"https:\/\/rotary.fi\/mantta\/wp-json\/wp\/v2\/pages\/1451\/revisions\/3100"}],"up":[{"embeddable":true,"href":"https:\/\/rotary.fi\/mantta\/wp-json\/wp\/v2\/pages\/1447"}],"wp:attachment":[{"href":"https:\/\/rotary.fi\/mantta\/wp-json\/wp\/v2\/media?parent=1451"}],"curies":[{"name":"wp","href":"https:\/\/api.w.org\/{rel}","templated":true}]}}