{"id":1594,"date":"2019-10-07T09:55:48","date_gmt":"2019-10-07T06:55:48","guid":{"rendered":"https:\/\/rotary.fi\/mantsala\/?page_id=1594"},"modified":"2019-10-21T15:34:12","modified_gmt":"2019-10-21T12:34:12","slug":"vaihto-oppilaamme-milena-kuisman-kuulumisia","status":"publish","type":"page","link":"https:\/\/rotary.fi\/mantsala\/vaihto-oppilaamme-milena-kuisman-kuulumisia\/","title":{"rendered":"Vaihto-oppilaamme Milena Kuisman kuulumisia"},"content":{"rendered":"\n\t\t<style type=\"text\/css\">\n\t\t\t#gallery-1 {\n\t\t\t\tmargin: auto;\n\t\t\t}\n\t\t\t#gallery-1 .gallery-item {\n\t\t\t\tfloat: left;\n\t\t\t\tmargin-top: 10px;\n\t\t\t\ttext-align: center;\n\t\t\t\twidth: 33%;\n\t\t\t}\n\t\t\t#gallery-1 img {\n\t\t\t\tborder: 2px solid #cfcfcf;\n\t\t\t}\n\t\t\t#gallery-1 .gallery-caption {\n\t\t\t\tmargin-left: 0;\n\t\t\t}\n\t\t\t\/* see gallery_shortcode() in wp-includes\/media.php *\/\n\t\t<\/style>\n\t\t<div id='gallery-1' class='gallery galleryid-1594 gallery-columns-3 gallery-size-thumbnail'><dl class='gallery-item'>\n\t\t\t<dt class='gallery-icon portrait'>\n\t\t\t\t<a href='https:\/\/rotary.fi\/mantsala\/vaihto-oppilaamme-milena-kuisman-kuulumisia\/milena-kuisma-6\/'><img loading=\"lazy\" decoding=\"async\" width=\"150\" height=\"150\" src=\"https:\/\/rotary.fi\/mantsala\/wp-content\/uploads\/sites\/33\/2019\/09\/milena-kuisma-6-150x150.jpg\" class=\"attachment-thumbnail size-thumbnail\" alt=\"\" \/><\/a>\n\t\t\t<\/dt><\/dl><dl class='gallery-item'>\n\t\t\t<dt class='gallery-icon landscape'>\n\t\t\t\t<a href='https:\/\/rotary.fi\/mantsala\/vaihto-oppilaamme-milena-kuisman-kuulumisia\/file3\/'><img loading=\"lazy\" decoding=\"async\" width=\"150\" height=\"150\" src=\"https:\/\/rotary.fi\/mantsala\/wp-content\/uploads\/sites\/33\/2019\/10\/file3-150x150.jpeg\" class=\"attachment-thumbnail size-thumbnail\" alt=\"\" aria-describedby=\"gallery-1-1616\" \/><\/a>\n\t\t\t<\/dt>\n\t\t\t\t<dd class='wp-caption-text gallery-caption' id='gallery-1-1616'>\n\t\t\t\tviime viikolla oltiin Liman vaihtareiden kanssa retkell\u00e4 Callaossa ja k\u00e4ytiin vanhassa \u201dlinnassa\u201d joka muistutti v\u00e4h\u00e4n suomen linnaa\n\t\t\t\t<\/dd><\/dl><dl class='gallery-item'>\n\t\t\t<dt class='gallery-icon landscape'>\n\t\t\t\t<a href='https:\/\/rotary.fi\/mantsala\/vaihto-oppilaamme-milena-kuisman-kuulumisia\/milena-kuisma-4\/'><img loading=\"lazy\" decoding=\"async\" width=\"150\" height=\"150\" src=\"https:\/\/rotary.fi\/mantsala\/wp-content\/uploads\/sites\/33\/2019\/09\/milena-kuisma-4-150x150.jpg\" class=\"attachment-thumbnail size-thumbnail\" alt=\"\" \/><\/a>\n\t\t\t<\/dt><\/dl><br style=\"clear: both\" \/><dl class='gallery-item'>\n\t\t\t<dt class='gallery-icon portrait'>\n\t\t\t\t<a href='https:\/\/rotary.fi\/mantsala\/vaihto-oppilaamme-milena-kuisman-kuulumisia\/esits\/'><img loading=\"lazy\" decoding=\"async\" width=\"150\" height=\"150\" src=\"https:\/\/rotary.fi\/mantsala\/wp-content\/uploads\/sites\/33\/2019\/10\/esits-150x150.jpeg\" class=\"attachment-thumbnail size-thumbnail\" alt=\"\" aria-describedby=\"gallery-1-1635\" \/><\/a>\n\t\t\t<\/dt>\n\t\t\t\t<dd class='wp-caption-text gallery-caption' id='gallery-1-1635'>\n\t\t\t\tSuomi esitys Rotary klubilla\n\t\t\t\t<\/dd><\/dl><dl class='gallery-item'>\n\t\t\t<dt class='gallery-icon landscape'>\n\t\t\t\t<a href='https:\/\/rotary.fi\/mantsala\/vaihto-oppilaamme-milena-kuisman-kuulumisia\/file-2\/'><img loading=\"lazy\" decoding=\"async\" width=\"150\" height=\"150\" src=\"https:\/\/rotary.fi\/mantsala\/wp-content\/uploads\/sites\/33\/2019\/10\/file-1-150x150.jpeg\" class=\"attachment-thumbnail size-thumbnail\" alt=\"M\u00e4nts\u00e4l\u00e4n viirin luovutus esitelm\u00e4n p\u00e4\u00e4tteeksi\" aria-describedby=\"gallery-1-1623\" \/><\/a>\n\t\t\t<\/dt>\n\t\t\t\t<dd class='wp-caption-text gallery-caption' id='gallery-1-1623'>\n\t\t\t\tM\u00e4nts\u00e4l\u00e4n viirin luovutus esitelm\u00e4n p\u00e4\u00e4tteeksi\n\t\t\t\t<\/dd><\/dl><dl class='gallery-item'>\n\t\t\t<dt class='gallery-icon portrait'>\n\t\t\t\t<a href='https:\/\/rotary.fi\/mantsala\/file2-2\/'><img loading=\"lazy\" decoding=\"async\" width=\"150\" height=\"150\" src=\"https:\/\/rotary.fi\/mantsala\/wp-content\/uploads\/sites\/33\/2019\/10\/file2-1-150x150.jpeg\" class=\"attachment-thumbnail size-thumbnail\" alt=\"\" \/><\/a>\n\t\t\t<\/dt><\/dl><br style=\"clear: both\" \/><dl class='gallery-item'>\n\t\t\t<dt class='gallery-icon portrait'>\n\t\t\t\t<a href='https:\/\/rotary.fi\/mantsala\/vaihto-oppilaamme-milena-kuisman-kuulumisia\/file1-2\/'><img loading=\"lazy\" decoding=\"async\" width=\"150\" height=\"150\" src=\"https:\/\/rotary.fi\/mantsala\/wp-content\/uploads\/sites\/33\/2019\/10\/file1-1-150x150.jpeg\" class=\"attachment-thumbnail size-thumbnail\" alt=\"\" \/><\/a>\n\t\t\t<\/dt><\/dl><dl class='gallery-item'>\n\t\t\t<dt class='gallery-icon landscape'>\n\t\t\t\t<a href='https:\/\/rotary.fi\/mantsala\/vaihto-oppilaamme-milena-kuisman-kuulumisia\/milena-kuisma-1\/'><img loading=\"lazy\" decoding=\"async\" width=\"150\" height=\"150\" src=\"https:\/\/rotary.fi\/mantsala\/wp-content\/uploads\/sites\/33\/2019\/09\/milena-kuisma-1-150x150.jpg\" class=\"attachment-thumbnail size-thumbnail\" alt=\"\" \/><\/a>\n\t\t\t<\/dt><\/dl><dl class='gallery-item'>\n\t\t\t<dt class='gallery-icon portrait'>\n\t\t\t\t<a href='https:\/\/rotary.fi\/mantsala\/vaihto-oppilaamme-milena-kuisman-kuulumisia\/milena-vuorella\/'><img loading=\"lazy\" decoding=\"async\" width=\"150\" height=\"150\" src=\"https:\/\/rotary.fi\/mantsala\/wp-content\/uploads\/sites\/33\/2019\/10\/milena-vuorella-150x150.jpg\" class=\"attachment-thumbnail size-thumbnail\" alt=\"\" aria-describedby=\"gallery-1-1656\" \/><\/a>\n\t\t\t<\/dt>\n\t\t\t\t<dd class='wp-caption-text gallery-caption' id='gallery-1-1656'>\n\t\t\t\tMilena Kuisma Rainbow vuorella\n\t\t\t\t<\/dd><\/dl><br style=\"clear: both\" \/><dl class='gallery-item'>\n\t\t\t<dt class='gallery-icon landscape'>\n\t\t\t\t<a href='https:\/\/rotary.fi\/mantsala\/vaihto-oppilaamme-milena-kuisman-kuulumisia\/kyla\/'><img loading=\"lazy\" decoding=\"async\" width=\"150\" height=\"150\" src=\"https:\/\/rotary.fi\/mantsala\/wp-content\/uploads\/sites\/33\/2019\/10\/kyla-150x150.jpg\" class=\"attachment-thumbnail size-thumbnail\" alt=\"\" aria-describedby=\"gallery-1-1655\" \/><\/a>\n\t\t\t<\/dt>\n\t\t\t\t<dd class='wp-caption-text gallery-caption' id='gallery-1-1655'>\n\t\t\t\tPisac argeologinen kyl\u00e4\n\t\t\t\t<\/dd><\/dl><dl class='gallery-item'>\n\t\t\t<dt class='gallery-icon landscape'>\n\t\t\t\t<a href='https:\/\/rotary.fi\/mantsala\/vaihto-oppilaamme-milena-kuisman-kuulumisia\/teatteri\/'><img loading=\"lazy\" decoding=\"async\" width=\"150\" height=\"150\" src=\"https:\/\/rotary.fi\/mantsala\/wp-content\/uploads\/sites\/33\/2019\/10\/teatteri-150x150.jpg\" class=\"attachment-thumbnail size-thumbnail\" alt=\"\" aria-describedby=\"gallery-1-1657\" \/><\/a>\n\t\t\t<\/dt>\n\t\t\t\t<dd class='wp-caption-text gallery-caption' id='gallery-1-1657'>\n\t\t\t\tMachu Picchu\n\t\t\t\t<\/dd><\/dl>\n\t\t\t<br style='clear: both' \/>\n\t\t<\/div>\n\n","protected":false},"excerpt":{"rendered":"","protected":false},"author":28,"featured_media":0,"parent":0,"menu_order":0,"comment_status":"closed","ping_status":"closed","template":"","meta":{"_acf_changed":false,"_et_pb_use_builder":"off","_et_pb_old_content":"[caption id=\"attachment_1595\" align=\"alignleft\" width=\"300\"]<img class=\"wp-image-1595 size-medium\" src=\"https:\/\/rotary.fi\/mantsala\/wp-content\/uploads\/sites\/33\/2019\/09\/milena-kuisma-1-300x200.jpg\" alt=\"\" width=\"300\" height=\"200\" \/> Vaihto-oppilaat rannalla[\/caption]\r\n\r\n[caption id=\"attachment_1600\" align=\"alignleft\" width=\"223\"]<img class=\"wp-image-1600\" src=\"https:\/\/rotary.fi\/mantsala\/wp-content\/uploads\/sites\/33\/2019\/09\/milena-kuisma-6-225x300.jpg\" alt=\"\" width=\"223\" height=\"297\" \/> Tervetuloa Milena[\/caption]\r\n\r\n[caption id=\"attachment_1598\" align=\"alignleft\" width=\"300\"]<img class=\"wp-image-1598 size-medium\" src=\"https:\/\/rotary.fi\/mantsala\/wp-content\/uploads\/sites\/33\/2019\/09\/milena-kuisma-4-300x200.jpg\" alt=\"\" width=\"300\" height=\"200\" \/> Hyv\u00e4 Suomi ja M\u00e4nts\u00e4l\u00e4![\/caption]\r\n\r\n[caption id=\"attachment_1597\" align=\"alignleft\" width=\"300\"]<img class=\"wp-image-1597 size-medium\" src=\"https:\/\/rotary.fi\/mantsala\/wp-content\/uploads\/sites\/33\/2019\/09\/milena-kuisma-3-300x200.jpg\" alt=\"\" width=\"300\" height=\"200\" \/> Vaihto-oppilaita Rotary juhlassa[\/caption]\r\n\r\n\u00a0","_et_gb_content_width":"","footnotes":""},"class_list":["post-1594","page","type-page","status-publish","hentry"],"acf":[],"yoast_head":"<!-- This site is optimized with the Yoast SEO plugin v27.0 - https:\/\/yoast.com\/product\/yoast-seo-wordpress\/ -->\n<title>Vaihto-oppilaamme Milena Kuisman kuulumisia - M\u00e4nts\u00e4l\u00e4 Rotaryklubi<\/title>\n<meta name=\"robots\" content=\"index, follow, max-snippet:-1, max-image-preview:large, max-video-preview:-1\" \/>\n<link rel=\"canonical\" href=\"https:\/\/rotary.fi\/mantsala\/vaihto-oppilaamme-milena-kuisman-kuulumisia\/\" \/>\n<meta property=\"og:locale\" content=\"fi_FI\" \/>\n<meta property=\"og:type\" content=\"article\" \/>\n<meta property=\"og:title\" content=\"Vaihto-oppilaamme Milena Kuisman kuulumisia - M\u00e4nts\u00e4l\u00e4 Rotaryklubi\" \/>\n<meta property=\"og:url\" content=\"https:\/\/rotary.fi\/mantsala\/vaihto-oppilaamme-milena-kuisman-kuulumisia\/\" \/>\n<meta property=\"og:site_name\" content=\"M\u00e4nts\u00e4l\u00e4 Rotaryklubi\" \/>\n<meta property=\"article:modified_time\" content=\"2019-10-21T12:34:12+00:00\" \/>\n<meta property=\"og:image\" content=\"https:\/\/rotary.fi\/mantsala\/wp-content\/uploads\/sites\/33\/2019\/09\/milena-kuisma-6-150x150.jpg\" \/>\n<meta name=\"twitter:card\" content=\"summary_large_image\" \/>\n<script type=\"application\/ld+json\" class=\"yoast-schema-graph\">{\"@context\":\"https:\/\/schema.org\",\"@graph\":[{\"@type\":\"WebPage\",\"@id\":\"https:\/\/rotary.fi\/mantsala\/vaihto-oppilaamme-milena-kuisman-kuulumisia\/\",\"url\":\"https:\/\/rotary.fi\/mantsala\/vaihto-oppilaamme-milena-kuisman-kuulumisia\/\",\"name\":\"Vaihto-oppilaamme Milena Kuisman kuulumisia - M\u00e4nts\u00e4l\u00e4 Rotaryklubi\",\"isPartOf\":{\"@id\":\"https:\/\/rotary.fi\/mantsala\/#website\"},\"datePublished\":\"2019-10-07T06:55:48+00:00\",\"dateModified\":\"2019-10-21T12:34:12+00:00\",\"breadcrumb\":{\"@id\":\"https:\/\/rotary.fi\/mantsala\/vaihto-oppilaamme-milena-kuisman-kuulumisia\/#breadcrumb\"},\"inLanguage\":\"fi\",\"potentialAction\":[{\"@type\":\"ReadAction\",\"target\":[\"https:\/\/rotary.fi\/mantsala\/vaihto-oppilaamme-milena-kuisman-kuulumisia\/\"]}]},{\"@type\":\"BreadcrumbList\",\"@id\":\"https:\/\/rotary.fi\/mantsala\/vaihto-oppilaamme-milena-kuisman-kuulumisia\/#breadcrumb\",\"itemListElement\":[{\"@type\":\"ListItem\",\"position\":1,\"name\":\"Home\",\"item\":\"https:\/\/rotary.fi\/mantsala\/\"},{\"@type\":\"ListItem\",\"position\":2,\"name\":\"Vaihto-oppilaamme Milena Kuisman kuulumisia\"}]},{\"@type\":\"WebSite\",\"@id\":\"https:\/\/rotary.fi\/mantsala\/#website\",\"url\":\"https:\/\/rotary.fi\/mantsala\/\",\"name\":\"M\u00e4nts\u00e4l\u00e4 Rotaryklubi\",\"description\":\"Uusi Rotary klubisivusto\",\"potentialAction\":[{\"@type\":\"SearchAction\",\"target\":{\"@type\":\"EntryPoint\",\"urlTemplate\":\"https:\/\/rotary.fi\/mantsala\/?s={search_term_string}\"},\"query-input\":{\"@type\":\"PropertyValueSpecification\",\"valueRequired\":true,\"valueName\":\"search_term_string\"}}],\"inLanguage\":\"fi\"}]}<\/script>\n<!-- \/ Yoast SEO plugin. -->","yoast_head_json":{"title":"Vaihto-oppilaamme Milena Kuisman kuulumisia - M\u00e4nts\u00e4l\u00e4 Rotaryklubi","robots":{"index":"index","follow":"follow","max-snippet":"max-snippet:-1","max-image-preview":"max-image-preview:large","max-video-preview":"max-video-preview:-1"},"canonical":"https:\/\/rotary.fi\/mantsala\/vaihto-oppilaamme-milena-kuisman-kuulumisia\/","og_locale":"fi_FI","og_type":"article","og_title":"Vaihto-oppilaamme Milena Kuisman kuulumisia - M\u00e4nts\u00e4l\u00e4 Rotaryklubi","og_url":"https:\/\/rotary.fi\/mantsala\/vaihto-oppilaamme-milena-kuisman-kuulumisia\/","og_site_name":"M\u00e4nts\u00e4l\u00e4 Rotaryklubi","article_modified_time":"2019-10-21T12:34:12+00:00","og_image":[{"url":"https:\/\/rotary.fi\/mantsala\/wp-content\/uploads\/sites\/33\/2019\/09\/milena-kuisma-6-150x150.jpg","type":"","width":"","height":""}],"twitter_card":"summary_large_image","schema":{"@context":"https:\/\/schema.org","@graph":[{"@type":"WebPage","@id":"https:\/\/rotary.fi\/mantsala\/vaihto-oppilaamme-milena-kuisman-kuulumisia\/","url":"https:\/\/rotary.fi\/mantsala\/vaihto-oppilaamme-milena-kuisman-kuulumisia\/","name":"Vaihto-oppilaamme Milena Kuisman kuulumisia - M\u00e4nts\u00e4l\u00e4 Rotaryklubi","isPartOf":{"@id":"https:\/\/rotary.fi\/mantsala\/#website"},"datePublished":"2019-10-07T06:55:48+00:00","dateModified":"2019-10-21T12:34:12+00:00","breadcrumb":{"@id":"https:\/\/rotary.fi\/mantsala\/vaihto-oppilaamme-milena-kuisman-kuulumisia\/#breadcrumb"},"inLanguage":"fi","potentialAction":[{"@type":"ReadAction","target":["https:\/\/rotary.fi\/mantsala\/vaihto-oppilaamme-milena-kuisman-kuulumisia\/"]}]},{"@type":"BreadcrumbList","@id":"https:\/\/rotary.fi\/mantsala\/vaihto-oppilaamme-milena-kuisman-kuulumisia\/#breadcrumb","itemListElement":[{"@type":"ListItem","position":1,"name":"Home","item":"https:\/\/rotary.fi\/mantsala\/"},{"@type":"ListItem","position":2,"name":"Vaihto-oppilaamme Milena Kuisman kuulumisia"}]},{"@type":"WebSite","@id":"https:\/\/rotary.fi\/mantsala\/#website","url":"https:\/\/rotary.fi\/mantsala\/","name":"M\u00e4nts\u00e4l\u00e4 Rotaryklubi","description":"Uusi Rotary klubisivusto","potentialAction":[{"@type":"SearchAction","target":{"@type":"EntryPoint","urlTemplate":"https:\/\/rotary.fi\/mantsala\/?s={search_term_string}"},"query-input":{"@type":"PropertyValueSpecification","valueRequired":true,"valueName":"search_term_string"}}],"inLanguage":"fi"}]}},"lang":"fi","translations":{"fi":1594},"pll_sync_post":[],"_links":{"self":[{"href":"https:\/\/rotary.fi\/mantsala\/wp-json\/wp\/v2\/pages\/1594","targetHints":{"allow":["GET"]}}],"collection":[{"href":"https:\/\/rotary.fi\/mantsala\/wp-json\/wp\/v2\/pages"}],"about":[{"href":"https:\/\/rotary.fi\/mantsala\/wp-json\/wp\/v2\/types\/page"}],"author":[{"embeddable":true,"href":"https:\/\/rotary.fi\/mantsala\/wp-json\/wp\/v2\/users\/28"}],"replies":[{"embeddable":true,"href":"https:\/\/rotary.fi\/mantsala\/wp-json\/wp\/v2\/comments?post=1594"}],"version-history":[{"count":13,"href":"https:\/\/rotary.fi\/mantsala\/wp-json\/wp\/v2\/pages\/1594\/revisions"}],"predecessor-version":[{"id":1662,"href":"https:\/\/rotary.fi\/mantsala\/wp-json\/wp\/v2\/pages\/1594\/revisions\/1662"}],"wp:attachment":[{"href":"https:\/\/rotary.fi\/mantsala\/wp-json\/wp\/v2\/media?parent=1594"}],"curies":[{"name":"wp","href":"https:\/\/api.w.org\/{rel}","templated":true}]}}