{"id":1644,"date":"2019-03-20T07:27:13","date_gmt":"2019-03-20T05:27:13","guid":{"rendered":"https:\/\/rotary.fi\/maneesi\/?page_id=1644"},"modified":"2019-03-20T07:27:13","modified_gmt":"2019-03-20T05:27:13","slug":"ryla-ledarskapsutbildning-for-ungdomar","status":"publish","type":"page","link":"https:\/\/rotary.fi\/maneesi\/sv\/kom-med\/ryla-ledarskapsutbildning-for-ungdomar\/","title":{"rendered":"RYLA &#8211; Ledarskapsutbildning f\u00f6r ungdomar"},"content":{"rendered":"<p>[et_pb_section bb_built=&#8221;1&#8243; module_class=&#8221;jumbotron-page&#8221; _builder_version=&#8221;3.17.2&#8243; background_image=&#8221;https:\/\/rotary.fi\/maneesi\/wp-content\/uploads\/sites\/136\/2018\/10\/rotary_klubit_alasivu_paakuva_10.jpg&#8221; next_background_color=&#8221;#ffffff&#8221;][et_pb_row _builder_version=&#8221;3.0.48&#8243; background_size=&#8221;initial&#8221; background_position=&#8221;top_left&#8221; background_repeat=&#8221;repeat&#8221;][et_pb_column type=&#8221;4_4&#8243;][et_pb_text admin_label=&#8221;Main \/\/ RYLA&#8221; _builder_version=&#8221;3.21&#8243; text_orientation=&#8221;center&#8221; background_layout=&#8221;dark&#8221;]<\/p>\n<h1>RYLA<\/h1>\n<p>[\/et_pb_text][\/et_pb_column][\/et_pb_row][\/et_pb_section][et_pb_section bb_built=&#8221;1&#8243; specialty=&#8221;on&#8221; module_class_2=&#8221;sivupalkki&#8221; _builder_version=&#8221;3.4.1&#8243; prev_background_color=&#8221;#000000&#8243;][et_pb_column type=&#8221;2_3&#8243; specialty_columns=&#8221;2&#8243;][et_pb_row_inner admin_label=&#8221;Rivi&#8221; _builder_version=&#8221;3.0.47&#8243;][et_pb_column_inner type=&#8221;4_4&#8243; saved_specialty_column_type=&#8221;2_3&#8243;][et_pb_text admin_label=&#8221;RYLA &#8211; Ledarskapsutbildning f\u00f6r ungdomar &#8211; rubrik&#8221; _builder_version=&#8221;3.21&#8243; text_orientation=&#8221;center&#8221;]<\/p>\n<h1>RYLA<br \/>\n&#8211; Ledarskapsutbildning f\u00f6r ungdomar<\/h1>\n<p>[\/et_pb_text][et_pb_text admin_label=&#8221;Text: RYLA&#8221; _builder_version=&#8221;3.21&#8243;]<\/p>\n<p><span style=\"color: #8300e9;\"><strong><span class=\"s1\">OBS! L\u00e4gg till en undersida \/ en l\u00e4nk till klubbens RYLA-verksamhet, om klubben arrangerar RYLA-skolning. Du kan ocks\u00e5 skriva in en text p\u00e5 denna sida, men anv\u00e4nd i s\u00e5 fall mellanrubriker och bilder.<\/span><\/strong><\/span><\/p>\n<p><strong>RYLA (Rotary Youth Leadership Awards)<\/strong><\/p>\n<p class=\"p1\"><span class=\"s1\">RYLA \u00e4r en form av Rotarys ungdomsverksamhet som utbildar initiativrika och aktiva ungdomar i \u00e5ldern 14 till 30 \u00e5r inom f\u00f6retagsamhet och ledarskap. Detta g\u00f6rs vid RYLA-seminarier som organiseras av Rotary, d\u00e4r bl.a. ungdomars omd\u00f6mesf\u00f6rm\u00e5ga, beslutsf\u00f6rm\u00e5ga och framst\u00e4llningsf\u00f6rm\u00e5ga utvecklas. Som instrukt\u00f6rer fungerar medlemmar i den lokala rotaryklubben eller \u00f6vriga sakkunniga inom olika kompetensomr\u00e5den som ber\u00e4ttar om sina egna yrkeserfarenheter och sitt ledarskap.<\/span><\/p>\n<p class=\"p1\"><span class=\"s1\">Bekanta Dig med RYLA-verksamheten h\u00e4r (en l\u00e4nk till klubben och \/ eller till distriktets RYLA sidor ifall klubben \/ distriktet organiserar RYLA-skolningar)<\/span><\/strong><\/span><\/p>\n<p>[\/et_pb_text][\/et_pb_column_inner][\/et_pb_row_inner][\/et_pb_column][et_pb_column type=&#8221;1_3&#8243;][et_pb_sidebar admin_label=&#8221;Sidebar&#8221; area=&#8221;sidebar-1&#8243; module_class=&#8221;sivupalkki_sisalto&#8221; _builder_version=&#8221;3.21&#8243; locked=&#8221;on&#8221; \/][\/et_pb_column][\/et_pb_section]<\/p>\n","protected":false},"excerpt":{"rendered":"<p>RYLA RYLA &#8211; Ledarskapsutbildning f\u00f6r ungdomar OBS! L\u00e4gg till en undersida \/ en l\u00e4nk till klubbens RYLA-verksamhet, om klubben arrangerar RYLA-skolning. Du kan ocks\u00e5 skriva in en text p\u00e5 denna sida, men anv\u00e4nd i s\u00e5 fall mellanrubriker och bilder. RYLA (Rotary Youth Leadership Awards) RYLA \u00e4r en form av Rotarys ungdomsverksamhet som utbildar initiativrika och [&hellip;]<\/p>\n","protected":false},"author":1,"featured_media":0,"parent":1629,"menu_order":2,"comment_status":"closed","ping_status":"closed","template":"","meta":{"_acf_changed":false,"_et_pb_use_builder":"on","_et_pb_old_content":"","_et_gb_content_width":"","footnotes":""},"class_list":["post-1644","page","type-page","status-publish","hentry"],"acf":[],"yoast_head":"<!-- This site is optimized with the Yoast SEO plugin v27.0 - https:\/\/yoast.com\/product\/yoast-seo-wordpress\/ -->\n<title>RYLA - Ledarskapsutbildning f\u00f6r ungdomar - Helsinki Maneesi-Helsingfors Manegen<\/title>\n<meta name=\"robots\" content=\"index, follow, max-snippet:-1, max-image-preview:large, max-video-preview:-1\" \/>\n<link rel=\"canonical\" href=\"https:\/\/rotary.fi\/maneesi\/sv\/kom-med\/ryla-ledarskapsutbildning-for-ungdomar\/\" \/>\n<meta property=\"og:locale\" content=\"fi_FI\" \/>\n<meta property=\"og:type\" content=\"article\" \/>\n<meta property=\"og:title\" content=\"RYLA - Ledarskapsutbildning f\u00f6r ungdomar - Helsinki Maneesi-Helsingfors Manegen\" \/>\n<meta property=\"og:description\" content=\"RYLA RYLA - Ledarskapsutbildning f\u00f6r ungdomar OBS! L\u00e4gg till en undersida \/ en l\u00e4nk till klubbens RYLA-verksamhet, om klubben arrangerar RYLA-skolning. Du kan ocks\u00e5 skriva in en text p\u00e5 denna sida, men anv\u00e4nd i s\u00e5 fall mellanrubriker och bilder. RYLA (Rotary Youth Leadership Awards) RYLA \u00e4r en form av Rotarys ungdomsverksamhet som utbildar initiativrika och [&hellip;]\" \/>\n<meta property=\"og:url\" content=\"https:\/\/rotary.fi\/maneesi\/sv\/kom-med\/ryla-ledarskapsutbildning-for-ungdomar\/\" \/>\n<meta property=\"og:site_name\" content=\"Helsinki Maneesi-Helsingfors Manegen\" \/>\n<meta name=\"twitter:card\" content=\"summary_large_image\" \/>\n<meta name=\"twitter:label1\" content=\"Arvioitu lukuaika\" \/>\n\t<meta name=\"twitter:data1\" content=\"2 minuuttia\" \/>\n<script type=\"application\/ld+json\" class=\"yoast-schema-graph\">{\"@context\":\"https:\/\/schema.org\",\"@graph\":[{\"@type\":\"WebPage\",\"@id\":\"https:\/\/rotary.fi\/maneesi\/sv\/kom-med\/ryla-ledarskapsutbildning-for-ungdomar\/\",\"url\":\"https:\/\/rotary.fi\/maneesi\/sv\/kom-med\/ryla-ledarskapsutbildning-for-ungdomar\/\",\"name\":\"RYLA - Ledarskapsutbildning f\u00f6r ungdomar - Helsinki Maneesi-Helsingfors Manegen\",\"isPartOf\":{\"@id\":\"https:\/\/rotary.fi\/maneesi\/#website\"},\"datePublished\":\"2019-03-20T05:27:13+00:00\",\"breadcrumb\":{\"@id\":\"https:\/\/rotary.fi\/maneesi\/sv\/kom-med\/ryla-ledarskapsutbildning-for-ungdomar\/#breadcrumb\"},\"inLanguage\":\"fi\",\"potentialAction\":[{\"@type\":\"ReadAction\",\"target\":[\"https:\/\/rotary.fi\/maneesi\/sv\/kom-med\/ryla-ledarskapsutbildning-for-ungdomar\/\"]}]},{\"@type\":\"BreadcrumbList\",\"@id\":\"https:\/\/rotary.fi\/maneesi\/sv\/kom-med\/ryla-ledarskapsutbildning-for-ungdomar\/#breadcrumb\",\"itemListElement\":[{\"@type\":\"ListItem\",\"position\":1,\"name\":\"Home\",\"item\":\"https:\/\/rotary.fi\/maneesi\/\"},{\"@type\":\"ListItem\",\"position\":2,\"name\":\"Kom med\",\"item\":\"https:\/\/rotary.fi\/maneesi\/sv\/kom-med\/\"},{\"@type\":\"ListItem\",\"position\":3,\"name\":\"RYLA &#8211; Ledarskapsutbildning f\u00f6r ungdomar\"}]},{\"@type\":\"WebSite\",\"@id\":\"https:\/\/rotary.fi\/maneesi\/#website\",\"url\":\"https:\/\/rotary.fi\/maneesi\/\",\"name\":\"Helsinki Maneesi-Helsingfors Manegen\",\"description\":\"Uusi Rotary klubisivusto\",\"potentialAction\":[{\"@type\":\"SearchAction\",\"target\":{\"@type\":\"EntryPoint\",\"urlTemplate\":\"https:\/\/rotary.fi\/maneesi\/?s={search_term_string}\"},\"query-input\":{\"@type\":\"PropertyValueSpecification\",\"valueRequired\":true,\"valueName\":\"search_term_string\"}}],\"inLanguage\":\"fi\"}]}<\/script>\n<!-- \/ Yoast SEO plugin. -->","yoast_head_json":{"title":"RYLA - Ledarskapsutbildning f\u00f6r ungdomar - Helsinki Maneesi-Helsingfors Manegen","robots":{"index":"index","follow":"follow","max-snippet":"max-snippet:-1","max-image-preview":"max-image-preview:large","max-video-preview":"max-video-preview:-1"},"canonical":"https:\/\/rotary.fi\/maneesi\/sv\/kom-med\/ryla-ledarskapsutbildning-for-ungdomar\/","og_locale":"fi_FI","og_type":"article","og_title":"RYLA - Ledarskapsutbildning f\u00f6r ungdomar - Helsinki Maneesi-Helsingfors Manegen","og_description":"RYLA RYLA - Ledarskapsutbildning f\u00f6r ungdomar OBS! L\u00e4gg till en undersida \/ en l\u00e4nk till klubbens RYLA-verksamhet, om klubben arrangerar RYLA-skolning. Du kan ocks\u00e5 skriva in en text p\u00e5 denna sida, men anv\u00e4nd i s\u00e5 fall mellanrubriker och bilder. RYLA (Rotary Youth Leadership Awards) RYLA \u00e4r en form av Rotarys ungdomsverksamhet som utbildar initiativrika och [&hellip;]","og_url":"https:\/\/rotary.fi\/maneesi\/sv\/kom-med\/ryla-ledarskapsutbildning-for-ungdomar\/","og_site_name":"Helsinki Maneesi-Helsingfors Manegen","twitter_card":"summary_large_image","twitter_misc":{"Arvioitu lukuaika":"2 minuuttia"},"schema":{"@context":"https:\/\/schema.org","@graph":[{"@type":"WebPage","@id":"https:\/\/rotary.fi\/maneesi\/sv\/kom-med\/ryla-ledarskapsutbildning-for-ungdomar\/","url":"https:\/\/rotary.fi\/maneesi\/sv\/kom-med\/ryla-ledarskapsutbildning-for-ungdomar\/","name":"RYLA - Ledarskapsutbildning f\u00f6r ungdomar - Helsinki Maneesi-Helsingfors Manegen","isPartOf":{"@id":"https:\/\/rotary.fi\/maneesi\/#website"},"datePublished":"2019-03-20T05:27:13+00:00","breadcrumb":{"@id":"https:\/\/rotary.fi\/maneesi\/sv\/kom-med\/ryla-ledarskapsutbildning-for-ungdomar\/#breadcrumb"},"inLanguage":"fi","potentialAction":[{"@type":"ReadAction","target":["https:\/\/rotary.fi\/maneesi\/sv\/kom-med\/ryla-ledarskapsutbildning-for-ungdomar\/"]}]},{"@type":"BreadcrumbList","@id":"https:\/\/rotary.fi\/maneesi\/sv\/kom-med\/ryla-ledarskapsutbildning-for-ungdomar\/#breadcrumb","itemListElement":[{"@type":"ListItem","position":1,"name":"Home","item":"https:\/\/rotary.fi\/maneesi\/"},{"@type":"ListItem","position":2,"name":"Kom med","item":"https:\/\/rotary.fi\/maneesi\/sv\/kom-med\/"},{"@type":"ListItem","position":3,"name":"RYLA &#8211; Ledarskapsutbildning f\u00f6r ungdomar"}]},{"@type":"WebSite","@id":"https:\/\/rotary.fi\/maneesi\/#website","url":"https:\/\/rotary.fi\/maneesi\/","name":"Helsinki Maneesi-Helsingfors Manegen","description":"Uusi Rotary klubisivusto","potentialAction":[{"@type":"SearchAction","target":{"@type":"EntryPoint","urlTemplate":"https:\/\/rotary.fi\/maneesi\/?s={search_term_string}"},"query-input":{"@type":"PropertyValueSpecification","valueRequired":true,"valueName":"search_term_string"}}],"inLanguage":"fi"}]}},"lang":"sv","translations":{"sv":1644,"en":1477,"fi":179},"pll_sync_post":[],"_links":{"self":[{"href":"https:\/\/rotary.fi\/maneesi\/wp-json\/wp\/v2\/pages\/1644","targetHints":{"allow":["GET"]}}],"collection":[{"href":"https:\/\/rotary.fi\/maneesi\/wp-json\/wp\/v2\/pages"}],"about":[{"href":"https:\/\/rotary.fi\/maneesi\/wp-json\/wp\/v2\/types\/page"}],"author":[{"embeddable":true,"href":"https:\/\/rotary.fi\/maneesi\/wp-json\/wp\/v2\/users\/1"}],"replies":[{"embeddable":true,"href":"https:\/\/rotary.fi\/maneesi\/wp-json\/wp\/v2\/comments?post=1644"}],"version-history":[{"count":1,"href":"https:\/\/rotary.fi\/maneesi\/wp-json\/wp\/v2\/pages\/1644\/revisions"}],"predecessor-version":[{"id":1645,"href":"https:\/\/rotary.fi\/maneesi\/wp-json\/wp\/v2\/pages\/1644\/revisions\/1645"}],"up":[{"embeddable":true,"href":"https:\/\/rotary.fi\/maneesi\/wp-json\/wp\/v2\/pages\/1629"}],"wp:attachment":[{"href":"https:\/\/rotary.fi\/maneesi\/wp-json\/wp\/v2\/media?parent=1644"}],"curies":[{"name":"wp","href":"https:\/\/api.w.org\/{rel}","templated":true}]}}