{"id":1620,"date":"2019-03-20T06:32:05","date_gmt":"2019-03-20T04:32:05","guid":{"rendered":"https:\/\/rotary.fi\/maneesi\/?page_id=1620"},"modified":"2019-03-20T07:14:48","modified_gmt":"2019-03-20T05:14:48","slug":"rotaract-och-interact","status":"publish","type":"page","link":"https:\/\/rotary.fi\/maneesi\/sv\/vad-gor-vi\/rotaract-och-interact\/","title":{"rendered":"Rotaract och Interact"},"content":{"rendered":"<p>[et_pb_section bb_built=&#8221;1&#8243; module_class=&#8221;jumbotron-page&#8221; _builder_version=&#8221;3.17.2&#8243; background_image=&#8221;https:\/\/rotary.fi\/maneesi\/wp-content\/uploads\/sites\/136\/2018\/10\/rotary_klubit_alasivu_paakuva_10.jpg&#8221; next_background_color=&#8221;#ffffff&#8221;][et_pb_row _builder_version=&#8221;3.0.48&#8243; background_size=&#8221;initial&#8221; background_position=&#8221;top_left&#8221; background_repeat=&#8221;repeat&#8221;][et_pb_column type=&#8221;4_4&#8243;][et_pb_text admin_label=&#8221;Main \/\/ Rotaract och Interact&#8221; _builder_version=&#8221;3.21&#8243; text_orientation=&#8221;center&#8221; background_layout=&#8221;dark&#8221;]<\/p>\n<h1>Rotaract ja Interact<\/h1>\n<p>[\/et_pb_text][\/et_pb_column][\/et_pb_row][\/et_pb_section][et_pb_section bb_built=&#8221;1&#8243; specialty=&#8221;on&#8221; module_class_2=&#8221;sivupalkki&#8221; _builder_version=&#8221;3.4.1&#8243; prev_background_color=&#8221;#000000&#8243;][et_pb_column type=&#8221;2_3&#8243; specialty_columns=&#8221;2&#8243;][et_pb_row_inner admin_label=&#8221;Rivi&#8221; _builder_version=&#8221;3.0.47&#8243;][et_pb_column_inner type=&#8221;4_4&#8243; saved_specialty_column_type=&#8221;2_3&#8243;][et_pb_text admin_label=&#8221;Rotaract och Interact &#8211; rubrik&#8221; _builder_version=&#8221;3.21&#8243; text_orientation=&#8221;center&#8221;]<\/p>\n<h1>Rotaract ja Interact<\/h1>\n<p>[\/et_pb_text][et_pb_text admin_label=&#8221;Text: Rotaract och Interact&#8221; _builder_version=&#8221;3.21&#8243;]<\/p>\n<p><span style=\"color: #8300e9;\"><strong>OBS! Redigera sidans inneh\u00e5ll s\u00e5 att den motsvarar klubbens information.<\/strong><\/span><\/p>\n<p>Rotaract-klubbarnas verksamhet riktar sig till unga i \u00e5ldern 18-30 \u00e5r. Syftet med verksamheten \u00e4r att utveckla de ungas tillv\u00e4xt till ansvarsfulla vuxna och ledare. Rotaract-klubbens medlemmar besluter sj\u00e4lva om sina projekt och sin verksamhet. Rotaryklubben sponsorerar och st\u00f6der alltid ungdomsklubbarnas verksamhet.<\/p>\n<p>Interact-verksamheten \u00e4r avsett f\u00f6r ungdomar i \u00e5ldern 12-18 \u00e5r. Rotaryklubben fungerar \u00e4ven som en fadderklubb f\u00f6r Interact-klubben. Via Interact-verksamheten kan ungdomarna p\u00e5verka fr\u00e5gor som \u00e4r viktiga f\u00f6r dem, genom projekt som utformas och implementeras \u00e5rligen. Rotaryklubben st\u00f6der ungdomar i dessa projekt.<\/p>\n<p>B\u00e5de inom Interact och Rotaract har ungdomar m\u00f6jlighet att bilda n\u00e4tverk, inte bara lokalt, utan \u00e4ven nationellt och internationellt. I Finland \u00e4r Rotaract s\u00e4rskilt popul\u00e4rt p\u00e5 st\u00f6rre orter, men Interact har \u00e4nnu inte spridit sig l\u00e5ngt h\u00e4r.<\/p>\n<p>&nbsp;<\/p>\n<h4>V\u00e5r Rotaryklubb st\u00f6der xx-Rotaract-klubben.<\/h4>\n<p>Presentation av verksamheten (eller radera detta avsnitt helt)<\/p>\n<p><a href=\"https:\/\/rotary.fi\/sv\/vad-gor-vi\/ungdomsservice\/rotaract\/\" target=\"_blank\" rel=\"noopener noreferrer\">L\u00e4s mer om Rotaract.<\/a><\/p>\n<p>&nbsp;<\/p>\n<h4>V\u00e5r Rotary Club st\u00f6der xx-Interact-klubben<\/h4>\n<p>Presentation av verksamheten (eller radera detta avsnitt helt).<\/p>\n<p><a href=\"https:\/\/rotary.fi\/sv\/vad-gor-vi\/ungdomsservice\/interact\/\" target=\"_blank\" rel=\"noopener noreferrer\">L\u00e4s mer om Interact<\/a><\/p>\n<p>Om du \u00e4r intresserad av verksamheten inom Rotaract- eller Interact-klubbarna, eller om du vill grunda en ny klubb, kontakta frimodigt klubbpresidenten! Det b\u00e4sta s\u00e4ttet att n\u00e5 honom \u00e4r via (email och telefonnummer).<\/p>\n<p>[\/et_pb_text][\/et_pb_column_inner][\/et_pb_row_inner][\/et_pb_column][et_pb_column type=&#8221;1_3&#8243;][et_pb_sidebar admin_label=&#8221;Sidebar&#8221; area=&#8221;sidebar-1&#8243; module_class=&#8221;sivupalkki_sisalto&#8221; _builder_version=&#8221;3.21&#8243; locked=&#8221;on&#8221; \/][\/et_pb_column][\/et_pb_section]<\/p>\n","protected":false},"excerpt":{"rendered":"<p>Rotaract ja Interact Rotaract ja Interact OBS! Redigera sidans inneh\u00e5ll s\u00e5 att den motsvarar klubbens information. Rotaract-klubbarnas verksamhet riktar sig till unga i \u00e5ldern 18-30 \u00e5r. Syftet med verksamheten \u00e4r att utveckla de ungas tillv\u00e4xt till ansvarsfulla vuxna och ledare. Rotaract-klubbens medlemmar besluter sj\u00e4lva om sina projekt och sin verksamhet. Rotaryklubben sponsorerar och st\u00f6der alltid [&hellip;]<\/p>\n","protected":false},"author":1,"featured_media":0,"parent":1602,"menu_order":5,"comment_status":"closed","ping_status":"closed","template":"","meta":{"_acf_changed":false,"_et_pb_use_builder":"on","_et_pb_old_content":"","_et_gb_content_width":"","footnotes":""},"class_list":["post-1620","page","type-page","status-publish","hentry"],"acf":[],"yoast_head":"<!-- This site is optimized with the Yoast SEO plugin v27.0 - https:\/\/yoast.com\/product\/yoast-seo-wordpress\/ -->\n<title>Rotaract och Interact - Helsinki Maneesi-Helsingfors Manegen<\/title>\n<meta name=\"robots\" content=\"index, follow, max-snippet:-1, max-image-preview:large, max-video-preview:-1\" \/>\n<link rel=\"canonical\" href=\"https:\/\/rotary.fi\/maneesi\/sv\/vad-gor-vi\/rotaract-och-interact\/\" \/>\n<meta property=\"og:locale\" content=\"fi_FI\" \/>\n<meta property=\"og:type\" content=\"article\" \/>\n<meta property=\"og:title\" content=\"Rotaract och Interact - Helsinki Maneesi-Helsingfors Manegen\" \/>\n<meta property=\"og:description\" content=\"Rotaract ja Interact Rotaract ja Interact OBS! Redigera sidans inneh\u00e5ll s\u00e5 att den motsvarar klubbens information. Rotaract-klubbarnas verksamhet riktar sig till unga i \u00e5ldern 18-30 \u00e5r. Syftet med verksamheten \u00e4r att utveckla de ungas tillv\u00e4xt till ansvarsfulla vuxna och ledare. Rotaract-klubbens medlemmar besluter sj\u00e4lva om sina projekt och sin verksamhet. Rotaryklubben sponsorerar och st\u00f6der alltid [&hellip;]\" \/>\n<meta property=\"og:url\" content=\"https:\/\/rotary.fi\/maneesi\/sv\/vad-gor-vi\/rotaract-och-interact\/\" \/>\n<meta property=\"og:site_name\" content=\"Helsinki Maneesi-Helsingfors Manegen\" \/>\n<meta property=\"article:modified_time\" content=\"2019-03-20T05:14:48+00:00\" \/>\n<meta name=\"twitter:card\" content=\"summary_large_image\" \/>\n<meta name=\"twitter:label1\" content=\"Arvioitu lukuaika\" \/>\n\t<meta name=\"twitter:data1\" content=\"2 minuuttia\" \/>\n<script type=\"application\/ld+json\" class=\"yoast-schema-graph\">{\"@context\":\"https:\/\/schema.org\",\"@graph\":[{\"@type\":\"WebPage\",\"@id\":\"https:\/\/rotary.fi\/maneesi\/sv\/vad-gor-vi\/rotaract-och-interact\/\",\"url\":\"https:\/\/rotary.fi\/maneesi\/sv\/vad-gor-vi\/rotaract-och-interact\/\",\"name\":\"Rotaract och Interact - Helsinki Maneesi-Helsingfors Manegen\",\"isPartOf\":{\"@id\":\"https:\/\/rotary.fi\/maneesi\/#website\"},\"datePublished\":\"2019-03-20T04:32:05+00:00\",\"dateModified\":\"2019-03-20T05:14:48+00:00\",\"breadcrumb\":{\"@id\":\"https:\/\/rotary.fi\/maneesi\/sv\/vad-gor-vi\/rotaract-och-interact\/#breadcrumb\"},\"inLanguage\":\"fi\",\"potentialAction\":[{\"@type\":\"ReadAction\",\"target\":[\"https:\/\/rotary.fi\/maneesi\/sv\/vad-gor-vi\/rotaract-och-interact\/\"]}]},{\"@type\":\"BreadcrumbList\",\"@id\":\"https:\/\/rotary.fi\/maneesi\/sv\/vad-gor-vi\/rotaract-och-interact\/#breadcrumb\",\"itemListElement\":[{\"@type\":\"ListItem\",\"position\":1,\"name\":\"Home\",\"item\":\"https:\/\/rotary.fi\/maneesi\/\"},{\"@type\":\"ListItem\",\"position\":2,\"name\":\"Vad g\u00f6r vi\",\"item\":\"https:\/\/rotary.fi\/maneesi\/sv\/vad-gor-vi\/\"},{\"@type\":\"ListItem\",\"position\":3,\"name\":\"Rotaract och Interact\"}]},{\"@type\":\"WebSite\",\"@id\":\"https:\/\/rotary.fi\/maneesi\/#website\",\"url\":\"https:\/\/rotary.fi\/maneesi\/\",\"name\":\"Helsinki Maneesi-Helsingfors Manegen\",\"description\":\"Uusi Rotary klubisivusto\",\"potentialAction\":[{\"@type\":\"SearchAction\",\"target\":{\"@type\":\"EntryPoint\",\"urlTemplate\":\"https:\/\/rotary.fi\/maneesi\/?s={search_term_string}\"},\"query-input\":{\"@type\":\"PropertyValueSpecification\",\"valueRequired\":true,\"valueName\":\"search_term_string\"}}],\"inLanguage\":\"fi\"}]}<\/script>\n<!-- \/ Yoast SEO plugin. -->","yoast_head_json":{"title":"Rotaract och Interact - Helsinki Maneesi-Helsingfors Manegen","robots":{"index":"index","follow":"follow","max-snippet":"max-snippet:-1","max-image-preview":"max-image-preview:large","max-video-preview":"max-video-preview:-1"},"canonical":"https:\/\/rotary.fi\/maneesi\/sv\/vad-gor-vi\/rotaract-och-interact\/","og_locale":"fi_FI","og_type":"article","og_title":"Rotaract och Interact - Helsinki Maneesi-Helsingfors Manegen","og_description":"Rotaract ja Interact Rotaract ja Interact OBS! Redigera sidans inneh\u00e5ll s\u00e5 att den motsvarar klubbens information. Rotaract-klubbarnas verksamhet riktar sig till unga i \u00e5ldern 18-30 \u00e5r. Syftet med verksamheten \u00e4r att utveckla de ungas tillv\u00e4xt till ansvarsfulla vuxna och ledare. Rotaract-klubbens medlemmar besluter sj\u00e4lva om sina projekt och sin verksamhet. Rotaryklubben sponsorerar och st\u00f6der alltid [&hellip;]","og_url":"https:\/\/rotary.fi\/maneesi\/sv\/vad-gor-vi\/rotaract-och-interact\/","og_site_name":"Helsinki Maneesi-Helsingfors Manegen","article_modified_time":"2019-03-20T05:14:48+00:00","twitter_card":"summary_large_image","twitter_misc":{"Arvioitu lukuaika":"2 minuuttia"},"schema":{"@context":"https:\/\/schema.org","@graph":[{"@type":"WebPage","@id":"https:\/\/rotary.fi\/maneesi\/sv\/vad-gor-vi\/rotaract-och-interact\/","url":"https:\/\/rotary.fi\/maneesi\/sv\/vad-gor-vi\/rotaract-och-interact\/","name":"Rotaract och Interact - Helsinki Maneesi-Helsingfors Manegen","isPartOf":{"@id":"https:\/\/rotary.fi\/maneesi\/#website"},"datePublished":"2019-03-20T04:32:05+00:00","dateModified":"2019-03-20T05:14:48+00:00","breadcrumb":{"@id":"https:\/\/rotary.fi\/maneesi\/sv\/vad-gor-vi\/rotaract-och-interact\/#breadcrumb"},"inLanguage":"fi","potentialAction":[{"@type":"ReadAction","target":["https:\/\/rotary.fi\/maneesi\/sv\/vad-gor-vi\/rotaract-och-interact\/"]}]},{"@type":"BreadcrumbList","@id":"https:\/\/rotary.fi\/maneesi\/sv\/vad-gor-vi\/rotaract-och-interact\/#breadcrumb","itemListElement":[{"@type":"ListItem","position":1,"name":"Home","item":"https:\/\/rotary.fi\/maneesi\/"},{"@type":"ListItem","position":2,"name":"Vad g\u00f6r vi","item":"https:\/\/rotary.fi\/maneesi\/sv\/vad-gor-vi\/"},{"@type":"ListItem","position":3,"name":"Rotaract och Interact"}]},{"@type":"WebSite","@id":"https:\/\/rotary.fi\/maneesi\/#website","url":"https:\/\/rotary.fi\/maneesi\/","name":"Helsinki Maneesi-Helsingfors Manegen","description":"Uusi Rotary klubisivusto","potentialAction":[{"@type":"SearchAction","target":{"@type":"EntryPoint","urlTemplate":"https:\/\/rotary.fi\/maneesi\/?s={search_term_string}"},"query-input":{"@type":"PropertyValueSpecification","valueRequired":true,"valueName":"search_term_string"}}],"inLanguage":"fi"}]}},"lang":"sv","translations":{"sv":1620,"en":1458,"fi":163},"pll_sync_post":[],"_links":{"self":[{"href":"https:\/\/rotary.fi\/maneesi\/wp-json\/wp\/v2\/pages\/1620","targetHints":{"allow":["GET"]}}],"collection":[{"href":"https:\/\/rotary.fi\/maneesi\/wp-json\/wp\/v2\/pages"}],"about":[{"href":"https:\/\/rotary.fi\/maneesi\/wp-json\/wp\/v2\/types\/page"}],"author":[{"embeddable":true,"href":"https:\/\/rotary.fi\/maneesi\/wp-json\/wp\/v2\/users\/1"}],"replies":[{"embeddable":true,"href":"https:\/\/rotary.fi\/maneesi\/wp-json\/wp\/v2\/comments?post=1620"}],"version-history":[{"count":2,"href":"https:\/\/rotary.fi\/maneesi\/wp-json\/wp\/v2\/pages\/1620\/revisions"}],"predecessor-version":[{"id":1638,"href":"https:\/\/rotary.fi\/maneesi\/wp-json\/wp\/v2\/pages\/1620\/revisions\/1638"}],"up":[{"embeddable":true,"href":"https:\/\/rotary.fi\/maneesi\/wp-json\/wp\/v2\/pages\/1602"}],"wp:attachment":[{"href":"https:\/\/rotary.fi\/maneesi\/wp-json\/wp\/v2\/media?parent=1620"}],"curies":[{"name":"wp","href":"https:\/\/api.w.org\/{rel}","templated":true}]}}