{"id":1606,"date":"2019-03-19T15:28:00","date_gmt":"2019-03-19T13:28:00","guid":{"rendered":"https:\/\/rotary.fi\/maneesi\/?page_id=1606"},"modified":"2019-03-19T15:28:00","modified_gmt":"2019-03-19T13:28:00","slug":"projekt","status":"publish","type":"page","link":"https:\/\/rotary.fi\/maneesi\/sv\/vad-gor-vi\/projekt\/","title":{"rendered":"Projekt"},"content":{"rendered":"<p>[et_pb_section bb_built=&#8221;1&#8243; module_class=&#8221;jumbotron-page&#8221; _builder_version=&#8221;3.17.2&#8243; background_image=&#8221;https:\/\/rotary.fi\/maneesi\/wp-content\/uploads\/sites\/136\/2018\/08\/rotary_klubit_alasivu_paakuva_5.jpg&#8221; next_background_color=&#8221;#ffffff&#8221;][et_pb_row _builder_version=&#8221;3.0.48&#8243; background_size=&#8221;initial&#8221; background_position=&#8221;top_left&#8221; background_repeat=&#8221;repeat&#8221;][et_pb_column type=&#8221;4_4&#8243;][et_pb_text admin_label=&#8221;Main \/\/ Projekt&#8221; _builder_version=&#8221;3.21&#8243; text_orientation=&#8221;center&#8221; background_layout=&#8221;dark&#8221;]<\/p>\n<h1>Projekt<\/h1>\n<p>[\/et_pb_text][\/et_pb_column][\/et_pb_row][\/et_pb_section][et_pb_section bb_built=&#8221;1&#8243; specialty=&#8221;on&#8221; module_class_2=&#8221;sivupalkki&#8221; _builder_version=&#8221;3.4.1&#8243; prev_background_color=&#8221;#000000&#8243;][et_pb_column type=&#8221;2_3&#8243; specialty_columns=&#8221;2&#8243;][et_pb_row_inner admin_label=&#8221;Rivi&#8221; _builder_version=&#8221;3.0.47&#8243;][et_pb_column_inner type=&#8221;4_4&#8243; saved_specialty_column_type=&#8221;2_3&#8243;][et_pb_text admin_label=&#8221;Projekt &#8211; rubrik&#8221; _builder_version=&#8221;3.21&#8243; text_orientation=&#8221;center&#8221;]<\/p>\n<h1>Projekt<\/h1>\n<p>[\/et_pb_text][et_pb_text admin_label=&#8221;Text: Projekt&#8221; _builder_version=&#8221;3.21&#8243;]<\/p>\n<p><span style=\"color: #8300e9;\"><strong>OBS! Presentera ert\/era klubbprojekt antingen p\u00e5 denna sida eller p\u00e5 separata sidor. P\u00e5 en separat sida skriver du f\u00f6rst en inledande text f\u00f6r sidan och bifogar en l\u00e4nk\/l\u00e4nkar f\u00f6r st\u00f6rre projektbeskrivningar. Om presentationen av klubbprojekten ryms p\u00e5 denna sida \u00e4r det till f\u00f6rdel att anv\u00e4nda mellanrubriker, text och bilder.<\/strong><\/span><\/p>\n<p>Rotary \u00e4r en serviceorganisation. Vi agerar enligt mottot Osj\u00e4lviskt tj\u00e4nande (Service above self) b\u00e5de lokalt och globalt. V\u00e5r internationella humanit\u00e4ra service f\u00f6rverkligas genom koordinering av The Rotary Foundation och tillsammans med godk\u00e4nda partners.<\/p>\n<p><strong>Klubb 1. Projektpresentation.<\/strong><br \/> <strong>Vid behov, en undersida och en l\u00e4nk till sidan.<\/strong><\/p>\n<p><strong>Klubb 2. Projektpresentation.<\/strong><br \/> <strong>Vid behov, en undersida och en l\u00e4nk till sidan.<\/strong><\/p>\n<p><strong>Vi deltar ocks\u00e5 i ett gemensamt projekt tillsammans med n\u00e4rliggande klubbar.<\/strong><br \/><strong>Det gemensamma projektets presentation. Vid behov, en undersida och en l\u00e4nk till sidan.<\/strong><\/p>\n<p>[\/et_pb_text][\/et_pb_column_inner][\/et_pb_row_inner][\/et_pb_column][et_pb_column type=&#8221;1_3&#8243;][et_pb_sidebar admin_label=&#8221;Sidebar&#8221; area=&#8221;sidebar-1&#8243; module_class=&#8221;sivupalkki_sisalto&#8221; _builder_version=&#8221;3.21&#8243; locked=&#8221;on&#8221; \/][\/et_pb_column][\/et_pb_section]<\/p>\n","protected":false},"excerpt":{"rendered":"<p>Projekt Projekt OBS! Presentera ert\/era klubbprojekt antingen p\u00e5 denna sida eller p\u00e5 separata sidor. P\u00e5 en separat sida skriver du f\u00f6rst en inledande text f\u00f6r sidan och bifogar en l\u00e4nk\/l\u00e4nkar f\u00f6r st\u00f6rre projektbeskrivningar. Om presentationen av klubbprojekten ryms p\u00e5 denna sida \u00e4r det till f\u00f6rdel att anv\u00e4nda mellanrubriker, text och bilder. Rotary \u00e4r en serviceorganisation. [&hellip;]<\/p>\n","protected":false},"author":1,"featured_media":0,"parent":1602,"menu_order":2,"comment_status":"closed","ping_status":"closed","template":"","meta":{"_acf_changed":false,"_et_pb_use_builder":"on","_et_pb_old_content":"","_et_gb_content_width":"","footnotes":""},"class_list":["post-1606","page","type-page","status-publish","hentry"],"acf":[],"yoast_head":"<!-- This site is optimized with the Yoast SEO plugin v27.0 - https:\/\/yoast.com\/product\/yoast-seo-wordpress\/ -->\n<title>Projekt - Helsinki Maneesi-Helsingfors Manegen<\/title>\n<meta name=\"robots\" content=\"index, follow, max-snippet:-1, max-image-preview:large, max-video-preview:-1\" \/>\n<link rel=\"canonical\" href=\"https:\/\/rotary.fi\/maneesi\/sv\/vad-gor-vi\/projekt\/\" \/>\n<meta property=\"og:locale\" content=\"fi_FI\" \/>\n<meta property=\"og:type\" content=\"article\" \/>\n<meta property=\"og:title\" content=\"Projekt - Helsinki Maneesi-Helsingfors Manegen\" \/>\n<meta property=\"og:description\" content=\"Projekt Projekt OBS! Presentera ert\/era klubbprojekt antingen p\u00e5 denna sida eller p\u00e5 separata sidor. P\u00e5 en separat sida skriver du f\u00f6rst en inledande text f\u00f6r sidan och bifogar en l\u00e4nk\/l\u00e4nkar f\u00f6r st\u00f6rre projektbeskrivningar. Om presentationen av klubbprojekten ryms p\u00e5 denna sida \u00e4r det till f\u00f6rdel att anv\u00e4nda mellanrubriker, text och bilder. Rotary \u00e4r en serviceorganisation. [&hellip;]\" \/>\n<meta property=\"og:url\" content=\"https:\/\/rotary.fi\/maneesi\/sv\/vad-gor-vi\/projekt\/\" \/>\n<meta property=\"og:site_name\" content=\"Helsinki Maneesi-Helsingfors Manegen\" \/>\n<meta name=\"twitter:card\" content=\"summary_large_image\" \/>\n<meta name=\"twitter:label1\" content=\"Arvioitu lukuaika\" \/>\n\t<meta name=\"twitter:data1\" content=\"2 minuuttia\" \/>\n<script type=\"application\/ld+json\" class=\"yoast-schema-graph\">{\"@context\":\"https:\/\/schema.org\",\"@graph\":[{\"@type\":\"WebPage\",\"@id\":\"https:\/\/rotary.fi\/maneesi\/sv\/vad-gor-vi\/projekt\/\",\"url\":\"https:\/\/rotary.fi\/maneesi\/sv\/vad-gor-vi\/projekt\/\",\"name\":\"Projekt - Helsinki Maneesi-Helsingfors Manegen\",\"isPartOf\":{\"@id\":\"https:\/\/rotary.fi\/maneesi\/#website\"},\"datePublished\":\"2019-03-19T13:28:00+00:00\",\"breadcrumb\":{\"@id\":\"https:\/\/rotary.fi\/maneesi\/sv\/vad-gor-vi\/projekt\/#breadcrumb\"},\"inLanguage\":\"fi\",\"potentialAction\":[{\"@type\":\"ReadAction\",\"target\":[\"https:\/\/rotary.fi\/maneesi\/sv\/vad-gor-vi\/projekt\/\"]}]},{\"@type\":\"BreadcrumbList\",\"@id\":\"https:\/\/rotary.fi\/maneesi\/sv\/vad-gor-vi\/projekt\/#breadcrumb\",\"itemListElement\":[{\"@type\":\"ListItem\",\"position\":1,\"name\":\"Home\",\"item\":\"https:\/\/rotary.fi\/maneesi\/\"},{\"@type\":\"ListItem\",\"position\":2,\"name\":\"Vad g\u00f6r vi\",\"item\":\"https:\/\/rotary.fi\/maneesi\/sv\/vad-gor-vi\/\"},{\"@type\":\"ListItem\",\"position\":3,\"name\":\"Projekt\"}]},{\"@type\":\"WebSite\",\"@id\":\"https:\/\/rotary.fi\/maneesi\/#website\",\"url\":\"https:\/\/rotary.fi\/maneesi\/\",\"name\":\"Helsinki Maneesi-Helsingfors Manegen\",\"description\":\"Uusi Rotary klubisivusto\",\"potentialAction\":[{\"@type\":\"SearchAction\",\"target\":{\"@type\":\"EntryPoint\",\"urlTemplate\":\"https:\/\/rotary.fi\/maneesi\/?s={search_term_string}\"},\"query-input\":{\"@type\":\"PropertyValueSpecification\",\"valueRequired\":true,\"valueName\":\"search_term_string\"}}],\"inLanguage\":\"fi\"}]}<\/script>\n<!-- \/ Yoast SEO plugin. -->","yoast_head_json":{"title":"Projekt - Helsinki Maneesi-Helsingfors Manegen","robots":{"index":"index","follow":"follow","max-snippet":"max-snippet:-1","max-image-preview":"max-image-preview:large","max-video-preview":"max-video-preview:-1"},"canonical":"https:\/\/rotary.fi\/maneesi\/sv\/vad-gor-vi\/projekt\/","og_locale":"fi_FI","og_type":"article","og_title":"Projekt - Helsinki Maneesi-Helsingfors Manegen","og_description":"Projekt Projekt OBS! Presentera ert\/era klubbprojekt antingen p\u00e5 denna sida eller p\u00e5 separata sidor. P\u00e5 en separat sida skriver du f\u00f6rst en inledande text f\u00f6r sidan och bifogar en l\u00e4nk\/l\u00e4nkar f\u00f6r st\u00f6rre projektbeskrivningar. Om presentationen av klubbprojekten ryms p\u00e5 denna sida \u00e4r det till f\u00f6rdel att anv\u00e4nda mellanrubriker, text och bilder. Rotary \u00e4r en serviceorganisation. [&hellip;]","og_url":"https:\/\/rotary.fi\/maneesi\/sv\/vad-gor-vi\/projekt\/","og_site_name":"Helsinki Maneesi-Helsingfors Manegen","twitter_card":"summary_large_image","twitter_misc":{"Arvioitu lukuaika":"2 minuuttia"},"schema":{"@context":"https:\/\/schema.org","@graph":[{"@type":"WebPage","@id":"https:\/\/rotary.fi\/maneesi\/sv\/vad-gor-vi\/projekt\/","url":"https:\/\/rotary.fi\/maneesi\/sv\/vad-gor-vi\/projekt\/","name":"Projekt - Helsinki Maneesi-Helsingfors Manegen","isPartOf":{"@id":"https:\/\/rotary.fi\/maneesi\/#website"},"datePublished":"2019-03-19T13:28:00+00:00","breadcrumb":{"@id":"https:\/\/rotary.fi\/maneesi\/sv\/vad-gor-vi\/projekt\/#breadcrumb"},"inLanguage":"fi","potentialAction":[{"@type":"ReadAction","target":["https:\/\/rotary.fi\/maneesi\/sv\/vad-gor-vi\/projekt\/"]}]},{"@type":"BreadcrumbList","@id":"https:\/\/rotary.fi\/maneesi\/sv\/vad-gor-vi\/projekt\/#breadcrumb","itemListElement":[{"@type":"ListItem","position":1,"name":"Home","item":"https:\/\/rotary.fi\/maneesi\/"},{"@type":"ListItem","position":2,"name":"Vad g\u00f6r vi","item":"https:\/\/rotary.fi\/maneesi\/sv\/vad-gor-vi\/"},{"@type":"ListItem","position":3,"name":"Projekt"}]},{"@type":"WebSite","@id":"https:\/\/rotary.fi\/maneesi\/#website","url":"https:\/\/rotary.fi\/maneesi\/","name":"Helsinki Maneesi-Helsingfors Manegen","description":"Uusi Rotary klubisivusto","potentialAction":[{"@type":"SearchAction","target":{"@type":"EntryPoint","urlTemplate":"https:\/\/rotary.fi\/maneesi\/?s={search_term_string}"},"query-input":{"@type":"PropertyValueSpecification","valueRequired":true,"valueName":"search_term_string"}}],"inLanguage":"fi"}]}},"lang":"sv","translations":{"sv":1606,"en":1451,"fi":156},"pll_sync_post":[],"_links":{"self":[{"href":"https:\/\/rotary.fi\/maneesi\/wp-json\/wp\/v2\/pages\/1606","targetHints":{"allow":["GET"]}}],"collection":[{"href":"https:\/\/rotary.fi\/maneesi\/wp-json\/wp\/v2\/pages"}],"about":[{"href":"https:\/\/rotary.fi\/maneesi\/wp-json\/wp\/v2\/types\/page"}],"author":[{"embeddable":true,"href":"https:\/\/rotary.fi\/maneesi\/wp-json\/wp\/v2\/users\/1"}],"replies":[{"embeddable":true,"href":"https:\/\/rotary.fi\/maneesi\/wp-json\/wp\/v2\/comments?post=1606"}],"version-history":[{"count":1,"href":"https:\/\/rotary.fi\/maneesi\/wp-json\/wp\/v2\/pages\/1606\/revisions"}],"predecessor-version":[{"id":1607,"href":"https:\/\/rotary.fi\/maneesi\/wp-json\/wp\/v2\/pages\/1606\/revisions\/1607"}],"up":[{"embeddable":true,"href":"https:\/\/rotary.fi\/maneesi\/wp-json\/wp\/v2\/pages\/1602"}],"wp:attachment":[{"href":"https:\/\/rotary.fi\/maneesi\/wp-json\/wp\/v2\/media?parent=1606"}],"curies":[{"name":"wp","href":"https:\/\/api.w.org\/{rel}","templated":true}]}}