{"id":1602,"date":"2019-03-19T15:22:36","date_gmt":"2019-03-19T13:22:36","guid":{"rendered":"https:\/\/rotary.fi\/maneesi\/?page_id=1602"},"modified":"2019-03-19T15:22:36","modified_gmt":"2019-03-19T13:22:36","slug":"vad-gor-vi","status":"publish","type":"page","link":"https:\/\/rotary.fi\/maneesi\/sv\/vad-gor-vi\/","title":{"rendered":"Vad g\u00f6r vi"},"content":{"rendered":"<p>[et_pb_section bb_built=&#8221;1&#8243; _builder_version=&#8221;3.17.6&#8243; background_image=&#8221;https:\/\/rotary.fi\/maneesi\/wp-content\/uploads\/sites\/136\/2018\/08\/rotary_klubit_alasivu_paakuva_3.jpg&#8221; next_background_color=&#8221;#ffffff&#8221; module_class=&#8221;jumbotron-page&#8221;][et_pb_row][et_pb_column type=&#8221;4_4&#8243;][et_pb_text admin_label=&#8221;Main \/\/ Vad g\u00f6r vi&#8221; _builder_version=&#8221;3.21&#8243; text_orientation=&#8221;center&#8221; background_layout=&#8221;dark&#8221;]<\/p>\n<h1>Vad g\u00f6r vi<\/h1>\n<p>[\/et_pb_text][\/et_pb_column][\/et_pb_row][\/et_pb_section][et_pb_section bb_built=&#8221;1&#8243; specialty=&#8221;on&#8221; prev_background_color=&#8221;#000000&#8243; _builder_version=&#8221;3.4.1&#8243; module_class_2=&#8221;sivupalkki&#8221;][et_pb_column type=&#8221;2_3&#8243; specialty_columns=&#8221;2&#8243;][et_pb_row_inner admin_label=&#8221;Rivi&#8221;][et_pb_column_inner type=&#8221;4_4&#8243; saved_specialty_column_type=&#8221;2_3&#8243;][et_pb_text admin_label=&#8221;Vad g\u00f6r vi &#8211; rubrik&#8221; _builder_version=&#8221;3.21&#8243; text_orientation=&#8221;center&#8221;]<\/p>\n<h1>Vad g\u00f6r vi<\/h1>\n<p>[\/et_pb_text][et_pb_text admin_label=&#8221;Text: Vad g\u00f6r vi&#8221; _builder_version=&#8221;3.21&#8243;]<\/p>\n<p>Som rotarian har du m\u00f6jlighet att verka, p\u00e5verka och g\u00f6ra gott. D\u00e4rut\u00f6ver f\u00e5r du ett j\u00e4ttefint socialt n\u00e4tverk och v\u00e4nner f\u00f6r livet b\u00e5de p\u00e5 hemorten och v\u00e4rlden \u00f6ver. Du kan \u00e4ven ansluta dig till olika n\u00e4tverk motsvarande dina intressen med andra rotarianer i internationella intressegrupper.<\/p>\n<p>Rotaryklubbarna samlas antingen varje vecka eller mera s\u00e4llan enligt klubbens egen bed\u00f6mning. Vi genomf\u00f6r olika serviceprojekt och st\u00f6der Rotarystiftelsen i koordineringen av humanit\u00e4ra projekt. P\u00e5 v\u00e5ra veckom\u00f6ten f\u00e5r vi h\u00f6ra p\u00e5 intressanta f\u00f6redrag. Vi utbildar v\u00e5ra medlemmar genom delaktighet i olika uppgifter och utvecklar deras etiska ledarskap.<\/p>\n<p>Som rotarianer vill vi p\u00e5verka aktuella utmaningar. Vi vidtar \u00e5tg\u00e4rder f\u00f6r att f\u00e5 best\u00e5ende \u00e4ndringar till st\u00e5nd \u2013 p\u00e5 olika h\u00e5ll i v\u00e4rlden, i v\u00e5ra n\u00e4rsamfund och hos oss sj\u00e4lva.<\/p>\n<p>[\/et_pb_text][\/et_pb_column_inner][\/et_pb_row_inner][\/et_pb_column][et_pb_column type=&#8221;1_3&#8243;][et_pb_sidebar admin_label=&#8221;Sidebar&#8221; _builder_version=&#8221;3.21&#8243; area=&#8221;sidebar-1&#8243; module_class=&#8221;sivupalkki_sisalto&#8221; locked=&#8221;on&#8221; \/][\/et_pb_column][\/et_pb_section]<\/p>\n","protected":false},"excerpt":{"rendered":"<p><div class=\"et_pb_row et_pb_row_0 et_pb_row_empty\">\n\t\t\t\t\n\t\t\t\t\n\t\t\t\t\n\t\t\t\t\n\t\t\t\t\n\t\t\t<\/div> Vad g\u00f6r vi Vad g\u00f6r vi Som rotarian har du m\u00f6jlighet att verka, p\u00e5verka och g\u00f6ra gott. D\u00e4rut\u00f6ver f\u00e5r du ett j\u00e4ttefint socialt n\u00e4tverk och v\u00e4nner f\u00f6r livet b\u00e5de p\u00e5 hemorten och v\u00e4rlden \u00f6ver. Du kan \u00e4ven ansluta dig till olika n\u00e4tverk motsvarande dina intressen med andra rotarianer i internationella intressegrupper. Rotaryklubbarna samlas antingen [&hellip;]<\/p>\n","protected":false},"author":1,"featured_media":0,"parent":0,"menu_order":2,"comment_status":"closed","ping_status":"closed","template":"","meta":{"_acf_changed":false,"_et_pb_use_builder":"on","_et_pb_old_content":"","_et_gb_content_width":"","footnotes":""},"class_list":["post-1602","page","type-page","status-publish","hentry"],"acf":[],"yoast_head":"<!-- This site is optimized with the Yoast SEO plugin v27.0 - https:\/\/yoast.com\/product\/yoast-seo-wordpress\/ -->\n<title>Vad g\u00f6r vi - Helsinki Maneesi-Helsingfors Manegen<\/title>\n<meta name=\"robots\" content=\"index, follow, max-snippet:-1, max-image-preview:large, max-video-preview:-1\" \/>\n<link rel=\"canonical\" href=\"https:\/\/rotary.fi\/maneesi\/sv\/vad-gor-vi\/\" \/>\n<meta property=\"og:locale\" content=\"fi_FI\" \/>\n<meta property=\"og:type\" content=\"article\" \/>\n<meta property=\"og:title\" content=\"Vad g\u00f6r vi - Helsinki Maneesi-Helsingfors Manegen\" \/>\n<meta property=\"og:description\" content=\"Vad g\u00f6r vi Vad g\u00f6r vi Som rotarian har du m\u00f6jlighet att verka, p\u00e5verka och g\u00f6ra gott. D\u00e4rut\u00f6ver f\u00e5r du ett j\u00e4ttefint socialt n\u00e4tverk och v\u00e4nner f\u00f6r livet b\u00e5de p\u00e5 hemorten och v\u00e4rlden \u00f6ver. Du kan \u00e4ven ansluta dig till olika n\u00e4tverk motsvarande dina intressen med andra rotarianer i internationella intressegrupper. Rotaryklubbarna samlas antingen [&hellip;]\" \/>\n<meta property=\"og:url\" content=\"https:\/\/rotary.fi\/maneesi\/sv\/vad-gor-vi\/\" \/>\n<meta property=\"og:site_name\" content=\"Helsinki Maneesi-Helsingfors Manegen\" \/>\n<meta name=\"twitter:card\" content=\"summary_large_image\" \/>\n<meta name=\"twitter:label1\" content=\"Arvioitu lukuaika\" \/>\n\t<meta name=\"twitter:data1\" content=\"2 minuuttia\" \/>\n<script type=\"application\/ld+json\" class=\"yoast-schema-graph\">{\"@context\":\"https:\/\/schema.org\",\"@graph\":[{\"@type\":\"WebPage\",\"@id\":\"https:\/\/rotary.fi\/maneesi\/sv\/vad-gor-vi\/\",\"url\":\"https:\/\/rotary.fi\/maneesi\/sv\/vad-gor-vi\/\",\"name\":\"Vad g\u00f6r vi - Helsinki Maneesi-Helsingfors Manegen\",\"isPartOf\":{\"@id\":\"https:\/\/rotary.fi\/maneesi\/#website\"},\"datePublished\":\"2019-03-19T13:22:36+00:00\",\"breadcrumb\":{\"@id\":\"https:\/\/rotary.fi\/maneesi\/sv\/vad-gor-vi\/#breadcrumb\"},\"inLanguage\":\"fi\",\"potentialAction\":[{\"@type\":\"ReadAction\",\"target\":[\"https:\/\/rotary.fi\/maneesi\/sv\/vad-gor-vi\/\"]}]},{\"@type\":\"BreadcrumbList\",\"@id\":\"https:\/\/rotary.fi\/maneesi\/sv\/vad-gor-vi\/#breadcrumb\",\"itemListElement\":[{\"@type\":\"ListItem\",\"position\":1,\"name\":\"Home\",\"item\":\"https:\/\/rotary.fi\/maneesi\/\"},{\"@type\":\"ListItem\",\"position\":2,\"name\":\"Vad g\u00f6r vi\"}]},{\"@type\":\"WebSite\",\"@id\":\"https:\/\/rotary.fi\/maneesi\/#website\",\"url\":\"https:\/\/rotary.fi\/maneesi\/\",\"name\":\"Helsinki Maneesi-Helsingfors Manegen\",\"description\":\"Uusi Rotary klubisivusto\",\"potentialAction\":[{\"@type\":\"SearchAction\",\"target\":{\"@type\":\"EntryPoint\",\"urlTemplate\":\"https:\/\/rotary.fi\/maneesi\/?s={search_term_string}\"},\"query-input\":{\"@type\":\"PropertyValueSpecification\",\"valueRequired\":true,\"valueName\":\"search_term_string\"}}],\"inLanguage\":\"fi\"}]}<\/script>\n<!-- \/ Yoast SEO plugin. -->","yoast_head_json":{"title":"Vad g\u00f6r vi - Helsinki Maneesi-Helsingfors Manegen","robots":{"index":"index","follow":"follow","max-snippet":"max-snippet:-1","max-image-preview":"max-image-preview:large","max-video-preview":"max-video-preview:-1"},"canonical":"https:\/\/rotary.fi\/maneesi\/sv\/vad-gor-vi\/","og_locale":"fi_FI","og_type":"article","og_title":"Vad g\u00f6r vi - Helsinki Maneesi-Helsingfors Manegen","og_description":"Vad g\u00f6r vi Vad g\u00f6r vi Som rotarian har du m\u00f6jlighet att verka, p\u00e5verka och g\u00f6ra gott. D\u00e4rut\u00f6ver f\u00e5r du ett j\u00e4ttefint socialt n\u00e4tverk och v\u00e4nner f\u00f6r livet b\u00e5de p\u00e5 hemorten och v\u00e4rlden \u00f6ver. Du kan \u00e4ven ansluta dig till olika n\u00e4tverk motsvarande dina intressen med andra rotarianer i internationella intressegrupper. Rotaryklubbarna samlas antingen [&hellip;]","og_url":"https:\/\/rotary.fi\/maneesi\/sv\/vad-gor-vi\/","og_site_name":"Helsinki Maneesi-Helsingfors Manegen","twitter_card":"summary_large_image","twitter_misc":{"Arvioitu lukuaika":"2 minuuttia"},"schema":{"@context":"https:\/\/schema.org","@graph":[{"@type":"WebPage","@id":"https:\/\/rotary.fi\/maneesi\/sv\/vad-gor-vi\/","url":"https:\/\/rotary.fi\/maneesi\/sv\/vad-gor-vi\/","name":"Vad g\u00f6r vi - Helsinki Maneesi-Helsingfors Manegen","isPartOf":{"@id":"https:\/\/rotary.fi\/maneesi\/#website"},"datePublished":"2019-03-19T13:22:36+00:00","breadcrumb":{"@id":"https:\/\/rotary.fi\/maneesi\/sv\/vad-gor-vi\/#breadcrumb"},"inLanguage":"fi","potentialAction":[{"@type":"ReadAction","target":["https:\/\/rotary.fi\/maneesi\/sv\/vad-gor-vi\/"]}]},{"@type":"BreadcrumbList","@id":"https:\/\/rotary.fi\/maneesi\/sv\/vad-gor-vi\/#breadcrumb","itemListElement":[{"@type":"ListItem","position":1,"name":"Home","item":"https:\/\/rotary.fi\/maneesi\/"},{"@type":"ListItem","position":2,"name":"Vad g\u00f6r vi"}]},{"@type":"WebSite","@id":"https:\/\/rotary.fi\/maneesi\/#website","url":"https:\/\/rotary.fi\/maneesi\/","name":"Helsinki Maneesi-Helsingfors Manegen","description":"Uusi Rotary klubisivusto","potentialAction":[{"@type":"SearchAction","target":{"@type":"EntryPoint","urlTemplate":"https:\/\/rotary.fi\/maneesi\/?s={search_term_string}"},"query-input":{"@type":"PropertyValueSpecification","valueRequired":true,"valueName":"search_term_string"}}],"inLanguage":"fi"}]}},"lang":"sv","translations":{"sv":1602,"en":1447,"fi":77},"pll_sync_post":[],"_links":{"self":[{"href":"https:\/\/rotary.fi\/maneesi\/wp-json\/wp\/v2\/pages\/1602","targetHints":{"allow":["GET"]}}],"collection":[{"href":"https:\/\/rotary.fi\/maneesi\/wp-json\/wp\/v2\/pages"}],"about":[{"href":"https:\/\/rotary.fi\/maneesi\/wp-json\/wp\/v2\/types\/page"}],"author":[{"embeddable":true,"href":"https:\/\/rotary.fi\/maneesi\/wp-json\/wp\/v2\/users\/1"}],"replies":[{"embeddable":true,"href":"https:\/\/rotary.fi\/maneesi\/wp-json\/wp\/v2\/comments?post=1602"}],"version-history":[{"count":1,"href":"https:\/\/rotary.fi\/maneesi\/wp-json\/wp\/v2\/pages\/1602\/revisions"}],"predecessor-version":[{"id":1603,"href":"https:\/\/rotary.fi\/maneesi\/wp-json\/wp\/v2\/pages\/1602\/revisions\/1603"}],"wp:attachment":[{"href":"https:\/\/rotary.fi\/maneesi\/wp-json\/wp\/v2\/media?parent=1602"}],"curies":[{"name":"wp","href":"https:\/\/api.w.org\/{rel}","templated":true}]}}