{"id":132,"date":"2018-08-10T13:59:56","date_gmt":"2018-08-10T10:59:56","guid":{"rendered":"https:\/\/rotary.fi\/klubi2\/?page_id=132"},"modified":"2025-10-01T12:23:08","modified_gmt":"2025-10-01T09:23:08","slug":"hallitus-ja-toimihenkilot","status":"publish","type":"page","link":"https:\/\/rotary.fi\/maneesi\/keita-olemme\/hallitus-ja-toimihenkilot\/","title":{"rendered":"Hallitus ja toimihenkil\u00f6t"},"content":{"rendered":"<p>[et_pb_section fb_built=&#8221;1&#8243; module_class=&#8221;jumbotron-page&#8221; _builder_version=&#8221;4.16&#8243; background_image=&#8221;https:\/\/rotary.fi\/maneesi\/wp-content\/uploads\/sites\/136\/2018\/10\/rotary_klubit_alasivu_paakuva_12.jpg&#8221; global_colors_info=&#8221;{}&#8221;][et_pb_row _builder_version=&#8221;4.16&#8243; background_size=&#8221;initial&#8221; background_position=&#8221;top_left&#8221; background_repeat=&#8221;repeat&#8221; global_colors_info=&#8221;{}&#8221;][et_pb_column type=&#8221;4_4&#8243; _builder_version=&#8221;4.16&#8243; custom_padding=&#8221;|||&#8221; global_colors_info=&#8221;{}&#8221; custom_padding__hover=&#8221;|||&#8221;][et_pb_text admin_label=&#8221;P\u00e4\u00e4otsikko&#8221; _builder_version=&#8221;4.16&#8243; text_orientation=&#8221;center&#8221; background_layout=&#8221;dark&#8221; global_colors_info=&#8221;{}&#8221;]<\/p>\n<h1>Hallitus ja toimihenkil\u00f6t<\/h1>\n<p>[\/et_pb_text][\/et_pb_column][\/et_pb_row][\/et_pb_section][et_pb_section fb_built=&#8221;1&#8243; specialty=&#8221;on&#8221; module_class_2=&#8221;sivupalkki&#8221; _builder_version=&#8221;4.16&#8243; global_colors_info=&#8221;{}&#8221;][et_pb_column type=&#8221;2_3&#8243; specialty_columns=&#8221;2&#8243; _builder_version=&#8221;4.16&#8243; custom_padding=&#8221;|||&#8221; global_colors_info=&#8221;{}&#8221; parallax__hover=&#8221;off&#8221; parallax_method__hover=&#8221;on&#8221; custom_padding__hover=&#8221;|||&#8221;][et_pb_row_inner admin_label=&#8221;Rivi&#8221; _builder_version=&#8221;4.16&#8243; global_colors_info=&#8221;{}&#8221;][et_pb_column_inner saved_specialty_column_type=&#8221;2_3&#8243; _builder_version=&#8221;4.16&#8243; custom_padding=&#8221;|||&#8221; global_colors_info=&#8221;{}&#8221; parallax__hover=&#8221;off&#8221; parallax_method__hover=&#8221;on&#8221; custom_padding__hover=&#8221;|||&#8221;][et_pb_text admin_label=&#8221;Otsikko&#8221; _builder_version=&#8221;4.16&#8243; text_orientation=&#8221;center&#8221; global_colors_info=&#8221;{}&#8221;]<\/p>\n<h1>Hallitus ja toimihenkil\u00f6t<\/h1>\n<p>[\/et_pb_text][\/et_pb_column_inner][\/et_pb_row_inner][et_pb_row_inner column_structure=&#8221;1_2,1_2&#8243; admin_label=&#8221;Rivi&#8221; _builder_version=&#8221;4.16&#8243; global_colors_info=&#8221;{}&#8221;][et_pb_column_inner type=&#8221;1_2&#8243; saved_specialty_column_type=&#8221;2_3&#8243; _builder_version=&#8221;4.16&#8243; custom_padding=&#8221;|||&#8221; global_colors_info=&#8221;{}&#8221; parallax__hover=&#8221;off&#8221; parallax_method__hover=&#8221;on&#8221; custom_padding__hover=&#8221;|||&#8221;][et_pb_team_member name=&#8221;Kari Ehari&#8221; position=&#8221;Presidentti&#8221; image_url=&#8221;https:\/\/rotary.fi\/maneesi\/wp-content\/uploads\/sites\/136\/2025\/10\/kari-ehari.jpg&#8221; admin_label=&#8221;Presidentti&#8221; _builder_version=&#8221;4.27.4&#8243; hover_enabled=&#8221;0&#8243; global_colors_info=&#8221;{}&#8221; sticky_enabled=&#8221;0&#8243; title_text=&#8221;Kari Ehari&#8221;]<\/p>\n<p>p. 0400 673 103<br \/>S\u00e4hk\u00f6posti: kari.ehari (at) reconos.fi<\/p>\n<p>[\/et_pb_team_member][\/et_pb_column_inner][et_pb_column_inner type=&#8221;1_2&#8243; saved_specialty_column_type=&#8221;2_3&#8243; _builder_version=&#8221;4.16&#8243; custom_padding=&#8221;|||&#8221; global_colors_info=&#8221;{}&#8221; parallax__hover=&#8221;off&#8221; parallax_method__hover=&#8221;on&#8221; custom_padding__hover=&#8221;|||&#8221;][et_pb_text admin_label=&#8221;Teksti&#8221; _builder_version=&#8221;4.27.4&#8243; hover_enabled=&#8221;0&#8243; global_colors_info=&#8221;{}&#8221; sticky_enabled=&#8221;0&#8243;]<\/p>\n<h2>Hallitus<\/h2>\n<p><strong>Presidentti <\/strong><strong>2025-2026 <\/strong>Kari Ehari<strong><br \/><\/strong><strong>Tuleva presidentti<\/strong> Arto Krootila<br \/><strong>Varapresidentti<\/strong>\u00a0Christer Antell<br \/><strong>Past presidentti<\/strong> Erkki Tuominen<br \/><strong>1. sihteeri<\/strong> Petri Pitk\u00e4nen<br \/><strong>Klubimestari<\/strong> Laura Hollanti<strong><br \/><\/strong><strong>Rahastonhoitaja<\/strong> Merja Jokinen<br \/><strong>IT-vastaava<\/strong> Rami Ahola<br \/><strong>Nuorisovaihtovastaava<\/strong>\u00a0Rami Ahola<\/p>\n<h2>Luokitekomitea<\/h2>\n<p>Heikki Raumolin<br \/>Kari Virta<\/p>\n<h2>Nuorisovaihtokomitea<\/h2>\n<p>Rami Ahola<br \/>Merja Jokinen<br \/>Laura Hollanti<\/p>\n<h2>Klubitoimikunta<\/h2>\n<p>Laura Hollanti<br \/>Matti Engelberg<br \/>Pertti Hiltunen<br \/>Erkki Tuominen<\/p>\n<h2>Toiminnantarkastajat<\/h2>\n<p>Sten Lindgren<br \/>Kari Virta<\/p>\n<p>[\/et_pb_text][\/et_pb_column_inner][\/et_pb_row_inner][\/et_pb_column][et_pb_column type=&#8221;1_3&#8243; module_class=&#8221;sivupalkki&#8221; _builder_version=&#8221;4.16&#8243; custom_padding=&#8221;|||&#8221; global_colors_info=&#8221;{}&#8221; parallax__hover=&#8221;off&#8221; parallax_method__hover=&#8221;on&#8221; module_class__hover=&#8221;sivupalkki&#8221; custom_padding__hover=&#8221;|||&#8221;][et_pb_sidebar area=&#8221;sidebar-1&#8243; module_class=&#8221;sivupalkki_sisalto&#8221; _builder_version=&#8221;4.16&#8243; locked=&#8221;on&#8221; global_colors_info=&#8221;{}&#8221;]<\/p>\n<p>[\/et_pb_sidebar][\/et_pb_column][\/et_pb_section]<\/p>\n","protected":false},"excerpt":{"rendered":"<p>Hallitus ja toimihenkil\u00f6t Hallitus ja toimihenkil\u00f6t p. 0400 673 103S\u00e4hk\u00f6posti: kari.ehari (at) reconos.fiHallitus Presidentti 2025-2026 Kari EhariTuleva presidentti Arto KrootilaVarapresidentti\u00a0Christer AntellPast presidentti Erkki Tuominen1. sihteeri Petri Pitk\u00e4nenKlubimestari Laura HollantiRahastonhoitaja Merja JokinenIT-vastaava Rami AholaNuorisovaihtovastaava\u00a0Rami Ahola Luokitekomitea Heikki RaumolinKari Virta Nuorisovaihtokomitea Rami AholaMerja JokinenLaura Hollanti Klubitoimikunta Laura HollantiMatti EngelbergPertti HiltunenErkki Tuominen Toiminnantarkastajat Sten LindgrenKari Virta<\/p>\n","protected":false},"author":1,"featured_media":0,"parent":129,"menu_order":1,"comment_status":"closed","ping_status":"closed","template":"","meta":{"_acf_changed":false,"_et_pb_use_builder":"on","_et_pb_old_content":"","_et_gb_content_width":"","footnotes":""},"class_list":["post-132","page","type-page","status-publish","hentry"],"acf":[],"yoast_head":"<!-- This site is optimized with the Yoast SEO plugin v27.0 - https:\/\/yoast.com\/product\/yoast-seo-wordpress\/ -->\n<title>Hallitus ja toimihenkil\u00f6t - Helsinki Maneesi-Helsingfors Manegen<\/title>\n<meta name=\"robots\" content=\"index, follow, max-snippet:-1, max-image-preview:large, max-video-preview:-1\" \/>\n<link rel=\"canonical\" href=\"https:\/\/rotary.fi\/maneesi\/keita-olemme\/hallitus-ja-toimihenkilot\/\" \/>\n<meta property=\"og:locale\" content=\"fi_FI\" \/>\n<meta property=\"og:type\" content=\"article\" \/>\n<meta property=\"og:title\" content=\"Hallitus ja toimihenkil\u00f6t - Helsinki Maneesi-Helsingfors Manegen\" \/>\n<meta property=\"og:description\" content=\"Hallitus ja toimihenkil\u00f6t Hallitus ja toimihenkil\u00f6t p. 0400 673 103S\u00e4hk\u00f6posti: kari.ehari (at) reconos.fiHallitus Presidentti 2025-2026 Kari EhariTuleva presidentti Arto KrootilaVarapresidentti\u00a0Christer AntellPast presidentti Erkki Tuominen1. sihteeri Petri Pitk\u00e4nenKlubimestari Laura HollantiRahastonhoitaja Merja JokinenIT-vastaava Rami AholaNuorisovaihtovastaava\u00a0Rami Ahola Luokitekomitea Heikki RaumolinKari Virta Nuorisovaihtokomitea Rami AholaMerja JokinenLaura Hollanti Klubitoimikunta Laura HollantiMatti EngelbergPertti HiltunenErkki Tuominen Toiminnantarkastajat Sten LindgrenKari Virta\" \/>\n<meta property=\"og:url\" content=\"https:\/\/rotary.fi\/maneesi\/keita-olemme\/hallitus-ja-toimihenkilot\/\" \/>\n<meta property=\"og:site_name\" content=\"Helsinki Maneesi-Helsingfors Manegen\" \/>\n<meta property=\"article:modified_time\" content=\"2025-10-01T09:23:08+00:00\" \/>\n<meta name=\"twitter:card\" content=\"summary_large_image\" \/>\n<meta name=\"twitter:label1\" content=\"Arvioitu lukuaika\" \/>\n\t<meta name=\"twitter:data1\" content=\"2 minuuttia\" \/>\n<script type=\"application\/ld+json\" class=\"yoast-schema-graph\">{\"@context\":\"https:\/\/schema.org\",\"@graph\":[{\"@type\":\"WebPage\",\"@id\":\"https:\/\/rotary.fi\/maneesi\/keita-olemme\/hallitus-ja-toimihenkilot\/\",\"url\":\"https:\/\/rotary.fi\/maneesi\/keita-olemme\/hallitus-ja-toimihenkilot\/\",\"name\":\"Hallitus ja toimihenkil\u00f6t - Helsinki Maneesi-Helsingfors Manegen\",\"isPartOf\":{\"@id\":\"https:\/\/rotary.fi\/maneesi\/#website\"},\"datePublished\":\"2018-08-10T10:59:56+00:00\",\"dateModified\":\"2025-10-01T09:23:08+00:00\",\"breadcrumb\":{\"@id\":\"https:\/\/rotary.fi\/maneesi\/keita-olemme\/hallitus-ja-toimihenkilot\/#breadcrumb\"},\"inLanguage\":\"fi\",\"potentialAction\":[{\"@type\":\"ReadAction\",\"target\":[\"https:\/\/rotary.fi\/maneesi\/keita-olemme\/hallitus-ja-toimihenkilot\/\"]}]},{\"@type\":\"BreadcrumbList\",\"@id\":\"https:\/\/rotary.fi\/maneesi\/keita-olemme\/hallitus-ja-toimihenkilot\/#breadcrumb\",\"itemListElement\":[{\"@type\":\"ListItem\",\"position\":1,\"name\":\"Home\",\"item\":\"https:\/\/rotary.fi\/maneesi\/\"},{\"@type\":\"ListItem\",\"position\":2,\"name\":\"Keit\u00e4 olemme\",\"item\":\"https:\/\/rotary.fi\/maneesi\/keita-olemme\/\"},{\"@type\":\"ListItem\",\"position\":3,\"name\":\"Hallitus ja toimihenkil\u00f6t\"}]},{\"@type\":\"WebSite\",\"@id\":\"https:\/\/rotary.fi\/maneesi\/#website\",\"url\":\"https:\/\/rotary.fi\/maneesi\/\",\"name\":\"Helsinki Maneesi-Helsingfors Manegen\",\"description\":\"Uusi Rotary klubisivusto\",\"potentialAction\":[{\"@type\":\"SearchAction\",\"target\":{\"@type\":\"EntryPoint\",\"urlTemplate\":\"https:\/\/rotary.fi\/maneesi\/?s={search_term_string}\"},\"query-input\":{\"@type\":\"PropertyValueSpecification\",\"valueRequired\":true,\"valueName\":\"search_term_string\"}}],\"inLanguage\":\"fi\"}]}<\/script>\n<!-- \/ Yoast SEO plugin. -->","yoast_head_json":{"title":"Hallitus ja toimihenkil\u00f6t - Helsinki Maneesi-Helsingfors Manegen","robots":{"index":"index","follow":"follow","max-snippet":"max-snippet:-1","max-image-preview":"max-image-preview:large","max-video-preview":"max-video-preview:-1"},"canonical":"https:\/\/rotary.fi\/maneesi\/keita-olemme\/hallitus-ja-toimihenkilot\/","og_locale":"fi_FI","og_type":"article","og_title":"Hallitus ja toimihenkil\u00f6t - Helsinki Maneesi-Helsingfors Manegen","og_description":"Hallitus ja toimihenkil\u00f6t Hallitus ja toimihenkil\u00f6t p. 0400 673 103S\u00e4hk\u00f6posti: kari.ehari (at) reconos.fiHallitus Presidentti 2025-2026 Kari EhariTuleva presidentti Arto KrootilaVarapresidentti\u00a0Christer AntellPast presidentti Erkki Tuominen1. sihteeri Petri Pitk\u00e4nenKlubimestari Laura HollantiRahastonhoitaja Merja JokinenIT-vastaava Rami AholaNuorisovaihtovastaava\u00a0Rami Ahola Luokitekomitea Heikki RaumolinKari Virta Nuorisovaihtokomitea Rami AholaMerja JokinenLaura Hollanti Klubitoimikunta Laura HollantiMatti EngelbergPertti HiltunenErkki Tuominen Toiminnantarkastajat Sten LindgrenKari Virta","og_url":"https:\/\/rotary.fi\/maneesi\/keita-olemme\/hallitus-ja-toimihenkilot\/","og_site_name":"Helsinki Maneesi-Helsingfors Manegen","article_modified_time":"2025-10-01T09:23:08+00:00","twitter_card":"summary_large_image","twitter_misc":{"Arvioitu lukuaika":"2 minuuttia"},"schema":{"@context":"https:\/\/schema.org","@graph":[{"@type":"WebPage","@id":"https:\/\/rotary.fi\/maneesi\/keita-olemme\/hallitus-ja-toimihenkilot\/","url":"https:\/\/rotary.fi\/maneesi\/keita-olemme\/hallitus-ja-toimihenkilot\/","name":"Hallitus ja toimihenkil\u00f6t - Helsinki Maneesi-Helsingfors Manegen","isPartOf":{"@id":"https:\/\/rotary.fi\/maneesi\/#website"},"datePublished":"2018-08-10T10:59:56+00:00","dateModified":"2025-10-01T09:23:08+00:00","breadcrumb":{"@id":"https:\/\/rotary.fi\/maneesi\/keita-olemme\/hallitus-ja-toimihenkilot\/#breadcrumb"},"inLanguage":"fi","potentialAction":[{"@type":"ReadAction","target":["https:\/\/rotary.fi\/maneesi\/keita-olemme\/hallitus-ja-toimihenkilot\/"]}]},{"@type":"BreadcrumbList","@id":"https:\/\/rotary.fi\/maneesi\/keita-olemme\/hallitus-ja-toimihenkilot\/#breadcrumb","itemListElement":[{"@type":"ListItem","position":1,"name":"Home","item":"https:\/\/rotary.fi\/maneesi\/"},{"@type":"ListItem","position":2,"name":"Keit\u00e4 olemme","item":"https:\/\/rotary.fi\/maneesi\/keita-olemme\/"},{"@type":"ListItem","position":3,"name":"Hallitus ja toimihenkil\u00f6t"}]},{"@type":"WebSite","@id":"https:\/\/rotary.fi\/maneesi\/#website","url":"https:\/\/rotary.fi\/maneesi\/","name":"Helsinki Maneesi-Helsingfors Manegen","description":"Uusi Rotary klubisivusto","potentialAction":[{"@type":"SearchAction","target":{"@type":"EntryPoint","urlTemplate":"https:\/\/rotary.fi\/maneesi\/?s={search_term_string}"},"query-input":{"@type":"PropertyValueSpecification","valueRequired":true,"valueName":"search_term_string"}}],"inLanguage":"fi"}]}},"lang":"fi","translations":{"fi":132,"en":1428,"sv":1569},"pll_sync_post":[],"_links":{"self":[{"href":"https:\/\/rotary.fi\/maneesi\/wp-json\/wp\/v2\/pages\/132","targetHints":{"allow":["GET"]}}],"collection":[{"href":"https:\/\/rotary.fi\/maneesi\/wp-json\/wp\/v2\/pages"}],"about":[{"href":"https:\/\/rotary.fi\/maneesi\/wp-json\/wp\/v2\/types\/page"}],"author":[{"embeddable":true,"href":"https:\/\/rotary.fi\/maneesi\/wp-json\/wp\/v2\/users\/1"}],"replies":[{"embeddable":true,"href":"https:\/\/rotary.fi\/maneesi\/wp-json\/wp\/v2\/comments?post=132"}],"version-history":[{"count":11,"href":"https:\/\/rotary.fi\/maneesi\/wp-json\/wp\/v2\/pages\/132\/revisions"}],"predecessor-version":[{"id":2304,"href":"https:\/\/rotary.fi\/maneesi\/wp-json\/wp\/v2\/pages\/132\/revisions\/2304"}],"up":[{"embeddable":true,"href":"https:\/\/rotary.fi\/maneesi\/wp-json\/wp\/v2\/pages\/129"}],"wp:attachment":[{"href":"https:\/\/rotary.fi\/maneesi\/wp-json\/wp\/v2\/media?parent=132"}],"curies":[{"name":"wp","href":"https:\/\/api.w.org\/{rel}","templated":true}]}}