{"id":165,"date":"2018-08-13T09:52:52","date_gmt":"2018-08-13T06:52:52","guid":{"rendered":"https:\/\/rotary.fi\/luoteishelsinki\/?page_id=165"},"modified":"2019-04-27T18:46:59","modified_gmt":"2019-04-27T15:46:59","slug":"yhteistyo","status":"publish","type":"page","link":"https:\/\/rotary.fi\/luoteishelsinki\/mita-teemme\/yhteistyo\/","title":{"rendered":"Yhteisty\u00f6"},"content":{"rendered":"<p>[et_pb_section bb_built=&#8221;1&#8243; module_class=&#8221;jumbotron-page&#8221; _builder_version=&#8221;3.17.2&#8243; background_image=&#8221;https:\/\/rotary.fi\/luoteishelsinki\/wp-content\/uploads\/sites\/76\/2018\/08\/rotary_klubit_alasivu_paakuva_6.jpg&#8221; inner_width=&#8221;auto&#8221; inner_max_width=&#8221;none&#8221; next_background_color=&#8221;#ffffff&#8221;][et_pb_row _builder_version=&#8221;3.0.48&#8243; background_size=&#8221;initial&#8221; background_position=&#8221;top_left&#8221; background_repeat=&#8221;repeat&#8221; width=&#8221;80%&#8221; max_width=&#8221;1080px&#8221;][et_pb_column type=&#8221;4_4&#8243;][et_pb_text admin_label=&#8221;P\u00e4\u00e4otsikko&#8221; _builder_version=&#8221;3.17&#8243; text_orientation=&#8221;center&#8221; background_layout=&#8221;dark&#8221;]<\/p>\n<h1>Yhteisty\u00f6<\/h1>\n<p>[\/et_pb_text][\/et_pb_column][\/et_pb_row][\/et_pb_section][et_pb_section bb_built=&#8221;1&#8243; specialty=&#8221;on&#8221; module_class_2=&#8221;sivupalkki&#8221; _builder_version=&#8221;3.4.1&#8243; inner_width=&#8221;auto&#8221; inner_max_width=&#8221;none&#8221; prev_background_color=&#8221;#000000&#8243;][et_pb_column type=&#8221;2_3&#8243; specialty_columns=&#8221;2&#8243;][et_pb_row_inner admin_label=&#8221;Rivi&#8221; _builder_version=&#8221;3.0.47&#8243;][et_pb_column_inner type=&#8221;4_4&#8243; saved_specialty_column_type=&#8221;2_3&#8243;][et_pb_text admin_label=&#8221;Otsikko&#8221; _builder_version=&#8221;3.17&#8243; text_orientation=&#8221;center&#8221;]<\/p>\n<h1>Yhteisty\u00f6<\/h1>\n<p>[\/et_pb_text][et_pb_text _builder_version=&#8221;3.22.3&#8243; text_text_shadow_horizontal_length=&#8221;text_text_shadow_style,%91object Object%93&#8243; text_text_shadow_vertical_length=&#8221;text_text_shadow_style,%91object Object%93&#8243; text_text_shadow_blur_strength=&#8221;text_text_shadow_style,%91object Object%93&#8243; link_text_shadow_horizontal_length=&#8221;link_text_shadow_style,%91object Object%93&#8243; link_text_shadow_vertical_length=&#8221;link_text_shadow_style,%91object Object%93&#8243; link_text_shadow_blur_strength=&#8221;link_text_shadow_style,%91object Object%93&#8243; ul_text_shadow_horizontal_length=&#8221;ul_text_shadow_style,%91object Object%93&#8243; ul_text_shadow_vertical_length=&#8221;ul_text_shadow_style,%91object Object%93&#8243; ul_text_shadow_blur_strength=&#8221;ul_text_shadow_style,%91object Object%93&#8243; ol_text_shadow_horizontal_length=&#8221;ol_text_shadow_style,%91object Object%93&#8243; ol_text_shadow_vertical_length=&#8221;ol_text_shadow_style,%91object Object%93&#8243; ol_text_shadow_blur_strength=&#8221;ol_text_shadow_style,%91object Object%93&#8243; quote_text_shadow_horizontal_length=&#8221;quote_text_shadow_style,%91object Object%93&#8243; quote_text_shadow_vertical_length=&#8221;quote_text_shadow_style,%91object Object%93&#8243; quote_text_shadow_blur_strength=&#8221;quote_text_shadow_style,%91object Object%93&#8243; header_text_shadow_horizontal_length=&#8221;header_text_shadow_style,%91object Object%93&#8243; header_text_shadow_vertical_length=&#8221;header_text_shadow_style,%91object Object%93&#8243; header_text_shadow_blur_strength=&#8221;header_text_shadow_style,%91object Object%93&#8243; header_2_text_shadow_horizontal_length=&#8221;header_2_text_shadow_style,%91object Object%93&#8243; header_2_text_shadow_vertical_length=&#8221;header_2_text_shadow_style,%91object Object%93&#8243; header_2_text_shadow_blur_strength=&#8221;header_2_text_shadow_style,%91object Object%93&#8243; header_3_text_shadow_horizontal_length=&#8221;header_3_text_shadow_style,%91object Object%93&#8243; header_3_text_shadow_vertical_length=&#8221;header_3_text_shadow_style,%91object Object%93&#8243; header_3_text_shadow_blur_strength=&#8221;header_3_text_shadow_style,%91object Object%93&#8243; header_4_text_shadow_horizontal_length=&#8221;header_4_text_shadow_style,%91object Object%93&#8243; header_4_text_shadow_vertical_length=&#8221;header_4_text_shadow_style,%91object Object%93&#8243; header_4_text_shadow_blur_strength=&#8221;header_4_text_shadow_style,%91object Object%93&#8243; header_5_text_shadow_horizontal_length=&#8221;header_5_text_shadow_style,%91object Object%93&#8243; header_5_text_shadow_vertical_length=&#8221;header_5_text_shadow_style,%91object Object%93&#8243; header_5_text_shadow_blur_strength=&#8221;header_5_text_shadow_style,%91object Object%93&#8243; header_6_text_shadow_horizontal_length=&#8221;header_6_text_shadow_style,%91object Object%93&#8243; header_6_text_shadow_vertical_length=&#8221;header_6_text_shadow_style,%91object Object%93&#8243; header_6_text_shadow_blur_strength=&#8221;header_6_text_shadow_style,%91object Object%93&#8243; z_index_tablet=&#8221;500&#8243;]<\/p>\n<p>Klubimme toimii aktiivisesti nuorisovaihdossa sek\u00e4 palvelu- ja hyv\u00e4ntekev\u00e4isyysprojekteissa. Ty\u00f6ss\u00e4mme meit\u00e4 ovat auttaneet monet yhteisty\u00f6kumppanit.<\/p>\n<p><strong>It\u00e4meren suojelussa olemme yhteisty\u00f6ss\u00e4<\/strong><br \/>Virtavesien Hoitoyhdistys ry (Haaganpuron suojelu)<br \/>Suomen Rotary (Silakkasoutu)<\/p>\n<p><strong>Nuorisoty\u00f6ss\u00e4 olemme olleet yhteisty\u00f6ss\u00e4 viimeksi mm.<\/strong><br \/>Helsinki Hacklab ry<br \/>Poikien Talo, Helsinki<\/p>\n<p><strong>Kansainv\u00e4lisesti olemme yhteisty\u00f6ss\u00e4 mm.<br \/><\/strong>Naisten pankki<br \/>Sapporon rotaryklubi<\/p>\n<p><strong>Kiit\u00e4mme l\u00e4mpim\u00e4sti yhteisty\u00f6kumppaneitamme<\/strong><\/p>\n<p>[\/et_pb_text][\/et_pb_column_inner][\/et_pb_row_inner][\/et_pb_column][et_pb_column type=&#8221;1_3&#8243;][et_pb_sidebar area=&#8221;sidebar-1&#8243; module_class=&#8221;sivupalkki_sisalto&#8221; _builder_version=&#8221;3.4.1&#8243; locked=&#8221;off&#8221;]<\/p>\n<p><\/p>\n<p>[\/et_pb_sidebar][\/et_pb_column][\/et_pb_section]<\/p>\n","protected":false},"excerpt":{"rendered":"<p>Yhteisty\u00f6 Yhteisty\u00f6 Klubimme toimii aktiivisesti nuorisovaihdossa sek\u00e4 palvelu- ja hyv\u00e4ntekev\u00e4isyysprojekteissa. Ty\u00f6ss\u00e4mme meit\u00e4 ovat auttaneet monet yhteisty\u00f6kumppanit.It\u00e4meren suojelussa olemme yhteisty\u00f6ss\u00e4Virtavesien Hoitoyhdistys ry (Haaganpuron suojelu)Suomen Rotary (Silakkasoutu)Nuorisoty\u00f6ss\u00e4 olemme olleet yhteisty\u00f6ss\u00e4 viimeksi mm.Helsinki Hacklab ryPoikien Talo, HelsinkiKansainv\u00e4lisesti olemme yhteisty\u00f6ss\u00e4 mm.Naisten pankkiSapporon rotaryklubiKiit\u00e4mme l\u00e4mpim\u00e4sti yhteisty\u00f6kumppaneitamme<\/p>\n","protected":false},"author":1,"featured_media":0,"parent":77,"menu_order":0,"comment_status":"closed","ping_status":"closed","template":"","meta":{"_acf_changed":false,"_et_pb_use_builder":"on","_et_pb_old_content":"","_et_gb_content_width":"","footnotes":""},"class_list":["post-165","page","type-page","status-publish","hentry"],"acf":[],"yoast_head":"<!-- This site is optimized with the Yoast SEO plugin v27.4 - https:\/\/yoast.com\/product\/yoast-seo-wordpress\/ -->\n<title>Yhteisty\u00f6 - Luoteis-Helsingin Rotaryklubi<\/title>\n<meta name=\"robots\" content=\"index, follow, max-snippet:-1, max-image-preview:large, max-video-preview:-1\" \/>\n<link rel=\"canonical\" href=\"https:\/\/rotary.fi\/luoteishelsinki\/mita-teemme\/yhteistyo\/\" \/>\n<meta property=\"og:locale\" content=\"fi_FI\" \/>\n<meta property=\"og:type\" content=\"article\" \/>\n<meta property=\"og:title\" content=\"Yhteisty\u00f6 - Luoteis-Helsingin Rotaryklubi\" \/>\n<meta property=\"og:description\" content=\"Yhteisty\u00f6 Yhteisty\u00f6 Klubimme toimii aktiivisesti nuorisovaihdossa sek\u00e4 palvelu- ja hyv\u00e4ntekev\u00e4isyysprojekteissa. Ty\u00f6ss\u00e4mme meit\u00e4 ovat auttaneet monet yhteisty\u00f6kumppanit.It\u00e4meren suojelussa olemme yhteisty\u00f6ss\u00e4Virtavesien Hoitoyhdistys ry (Haaganpuron suojelu)Suomen Rotary (Silakkasoutu)Nuorisoty\u00f6ss\u00e4 olemme olleet yhteisty\u00f6ss\u00e4 viimeksi mm.Helsinki Hacklab ryPoikien Talo, HelsinkiKansainv\u00e4lisesti olemme yhteisty\u00f6ss\u00e4 mm.Naisten pankkiSapporon rotaryklubiKiit\u00e4mme l\u00e4mpim\u00e4sti yhteisty\u00f6kumppaneitamme\" \/>\n<meta property=\"og:url\" content=\"https:\/\/rotary.fi\/luoteishelsinki\/mita-teemme\/yhteistyo\/\" \/>\n<meta property=\"og:site_name\" content=\"Luoteis-Helsingin Rotaryklubi\" \/>\n<meta property=\"article:modified_time\" content=\"2019-04-27T15:46:59+00:00\" \/>\n<meta name=\"twitter:card\" content=\"summary_large_image\" \/>\n<meta name=\"twitter:label1\" content=\"Arvioitu lukuaika\" \/>\n\t<meta name=\"twitter:data1\" content=\"3 minuuttia\" \/>\n<script type=\"application\/ld+json\" class=\"yoast-schema-graph\">{\"@context\":\"https:\\\/\\\/schema.org\",\"@graph\":[{\"@type\":\"WebPage\",\"@id\":\"https:\\\/\\\/rotary.fi\\\/luoteishelsinki\\\/mita-teemme\\\/yhteistyo\\\/\",\"url\":\"https:\\\/\\\/rotary.fi\\\/luoteishelsinki\\\/mita-teemme\\\/yhteistyo\\\/\",\"name\":\"Yhteisty\u00f6 - Luoteis-Helsingin Rotaryklubi\",\"isPartOf\":{\"@id\":\"https:\\\/\\\/rotary.fi\\\/luoteishelsinki\\\/#website\"},\"datePublished\":\"2018-08-13T06:52:52+00:00\",\"dateModified\":\"2019-04-27T15:46:59+00:00\",\"breadcrumb\":{\"@id\":\"https:\\\/\\\/rotary.fi\\\/luoteishelsinki\\\/mita-teemme\\\/yhteistyo\\\/#breadcrumb\"},\"inLanguage\":\"fi\",\"potentialAction\":[{\"@type\":\"ReadAction\",\"target\":[\"https:\\\/\\\/rotary.fi\\\/luoteishelsinki\\\/mita-teemme\\\/yhteistyo\\\/\"]}]},{\"@type\":\"BreadcrumbList\",\"@id\":\"https:\\\/\\\/rotary.fi\\\/luoteishelsinki\\\/mita-teemme\\\/yhteistyo\\\/#breadcrumb\",\"itemListElement\":[{\"@type\":\"ListItem\",\"position\":1,\"name\":\"Home\",\"item\":\"https:\\\/\\\/rotary.fi\\\/luoteishelsinki\\\/\"},{\"@type\":\"ListItem\",\"position\":2,\"name\":\"Mit\u00e4 teemme\",\"item\":\"https:\\\/\\\/rotary.fi\\\/luoteishelsinki\\\/mita-teemme\\\/\"},{\"@type\":\"ListItem\",\"position\":3,\"name\":\"Yhteisty\u00f6\"}]},{\"@type\":\"WebSite\",\"@id\":\"https:\\\/\\\/rotary.fi\\\/luoteishelsinki\\\/#website\",\"url\":\"https:\\\/\\\/rotary.fi\\\/luoteishelsinki\\\/\",\"name\":\"Luoteis-Helsingin Rotaryklubi\",\"description\":\"Uusi Rotary klubisivusto\",\"potentialAction\":[{\"@type\":\"SearchAction\",\"target\":{\"@type\":\"EntryPoint\",\"urlTemplate\":\"https:\\\/\\\/rotary.fi\\\/luoteishelsinki\\\/?s={search_term_string}\"},\"query-input\":{\"@type\":\"PropertyValueSpecification\",\"valueRequired\":true,\"valueName\":\"search_term_string\"}}],\"inLanguage\":\"fi\"}]}<\/script>\n<!-- \/ Yoast SEO plugin. -->","yoast_head_json":{"title":"Yhteisty\u00f6 - Luoteis-Helsingin Rotaryklubi","robots":{"index":"index","follow":"follow","max-snippet":"max-snippet:-1","max-image-preview":"max-image-preview:large","max-video-preview":"max-video-preview:-1"},"canonical":"https:\/\/rotary.fi\/luoteishelsinki\/mita-teemme\/yhteistyo\/","og_locale":"fi_FI","og_type":"article","og_title":"Yhteisty\u00f6 - Luoteis-Helsingin Rotaryklubi","og_description":"Yhteisty\u00f6 Yhteisty\u00f6 Klubimme toimii aktiivisesti nuorisovaihdossa sek\u00e4 palvelu- ja hyv\u00e4ntekev\u00e4isyysprojekteissa. Ty\u00f6ss\u00e4mme meit\u00e4 ovat auttaneet monet yhteisty\u00f6kumppanit.It\u00e4meren suojelussa olemme yhteisty\u00f6ss\u00e4Virtavesien Hoitoyhdistys ry (Haaganpuron suojelu)Suomen Rotary (Silakkasoutu)Nuorisoty\u00f6ss\u00e4 olemme olleet yhteisty\u00f6ss\u00e4 viimeksi mm.Helsinki Hacklab ryPoikien Talo, HelsinkiKansainv\u00e4lisesti olemme yhteisty\u00f6ss\u00e4 mm.Naisten pankkiSapporon rotaryklubiKiit\u00e4mme l\u00e4mpim\u00e4sti yhteisty\u00f6kumppaneitamme","og_url":"https:\/\/rotary.fi\/luoteishelsinki\/mita-teemme\/yhteistyo\/","og_site_name":"Luoteis-Helsingin Rotaryklubi","article_modified_time":"2019-04-27T15:46:59+00:00","twitter_card":"summary_large_image","twitter_misc":{"Arvioitu lukuaika":"3 minuuttia"},"schema":{"@context":"https:\/\/schema.org","@graph":[{"@type":"WebPage","@id":"https:\/\/rotary.fi\/luoteishelsinki\/mita-teemme\/yhteistyo\/","url":"https:\/\/rotary.fi\/luoteishelsinki\/mita-teemme\/yhteistyo\/","name":"Yhteisty\u00f6 - Luoteis-Helsingin Rotaryklubi","isPartOf":{"@id":"https:\/\/rotary.fi\/luoteishelsinki\/#website"},"datePublished":"2018-08-13T06:52:52+00:00","dateModified":"2019-04-27T15:46:59+00:00","breadcrumb":{"@id":"https:\/\/rotary.fi\/luoteishelsinki\/mita-teemme\/yhteistyo\/#breadcrumb"},"inLanguage":"fi","potentialAction":[{"@type":"ReadAction","target":["https:\/\/rotary.fi\/luoteishelsinki\/mita-teemme\/yhteistyo\/"]}]},{"@type":"BreadcrumbList","@id":"https:\/\/rotary.fi\/luoteishelsinki\/mita-teemme\/yhteistyo\/#breadcrumb","itemListElement":[{"@type":"ListItem","position":1,"name":"Home","item":"https:\/\/rotary.fi\/luoteishelsinki\/"},{"@type":"ListItem","position":2,"name":"Mit\u00e4 teemme","item":"https:\/\/rotary.fi\/luoteishelsinki\/mita-teemme\/"},{"@type":"ListItem","position":3,"name":"Yhteisty\u00f6"}]},{"@type":"WebSite","@id":"https:\/\/rotary.fi\/luoteishelsinki\/#website","url":"https:\/\/rotary.fi\/luoteishelsinki\/","name":"Luoteis-Helsingin Rotaryklubi","description":"Uusi Rotary klubisivusto","potentialAction":[{"@type":"SearchAction","target":{"@type":"EntryPoint","urlTemplate":"https:\/\/rotary.fi\/luoteishelsinki\/?s={search_term_string}"},"query-input":{"@type":"PropertyValueSpecification","valueRequired":true,"valueName":"search_term_string"}}],"inLanguage":"fi"}]}},"lang":"fi","translations":{"fi":165},"pll_sync_post":[],"_links":{"self":[{"href":"https:\/\/rotary.fi\/luoteishelsinki\/wp-json\/wp\/v2\/pages\/165","targetHints":{"allow":["GET"]}}],"collection":[{"href":"https:\/\/rotary.fi\/luoteishelsinki\/wp-json\/wp\/v2\/pages"}],"about":[{"href":"https:\/\/rotary.fi\/luoteishelsinki\/wp-json\/wp\/v2\/types\/page"}],"author":[{"embeddable":true,"href":"https:\/\/rotary.fi\/luoteishelsinki\/wp-json\/wp\/v2\/users\/1"}],"replies":[{"embeddable":true,"href":"https:\/\/rotary.fi\/luoteishelsinki\/wp-json\/wp\/v2\/comments?post=165"}],"version-history":[{"count":8,"href":"https:\/\/rotary.fi\/luoteishelsinki\/wp-json\/wp\/v2\/pages\/165\/revisions"}],"predecessor-version":[{"id":1445,"href":"https:\/\/rotary.fi\/luoteishelsinki\/wp-json\/wp\/v2\/pages\/165\/revisions\/1445"}],"up":[{"embeddable":true,"href":"https:\/\/rotary.fi\/luoteishelsinki\/wp-json\/wp\/v2\/pages\/77"}],"wp:attachment":[{"href":"https:\/\/rotary.fi\/luoteishelsinki\/wp-json\/wp\/v2\/media?parent=165"}],"curies":[{"name":"wp","href":"https:\/\/api.w.org\/{rel}","templated":true}]}}