{"id":142,"date":"2018-08-10T14:04:45","date_gmt":"2018-08-10T11:04:45","guid":{"rendered":"https:\/\/rotary.fi\/klubi2\/?page_id=142"},"modified":"2019-04-27T17:36:00","modified_gmt":"2019-04-27T14:36:00","slug":"ilo-esitella","status":"publish","type":"page","link":"https:\/\/rotary.fi\/luoteishelsinki\/keita-olemme\/ilo-esitella\/","title":{"rendered":"Ilo esitell\u00e4"},"content":{"rendered":"<p>[et_pb_section bb_built=&#8221;1&#8243; module_class=&#8221;jumbotron-page&#8221; _builder_version=&#8221;3.17.2&#8243; background_image=&#8221;https:\/\/rotary.fi\/luoteishelsinki\/wp-content\/uploads\/sites\/76\/2018\/10\/rotary_klubit_alasivu_paakuva_14.jpg&#8221; inner_width=&#8221;auto&#8221; inner_max_width=&#8221;none&#8221; next_background_color=&#8221;#ffffff&#8221;][et_pb_row _builder_version=&#8221;3.0.48&#8243; background_size=&#8221;initial&#8221; background_position=&#8221;top_left&#8221; background_repeat=&#8221;repeat&#8221; width=&#8221;80%&#8221; max_width=&#8221;1080px&#8221;][et_pb_column type=&#8221;4_4&#8243;][et_pb_text admin_label=&#8221;P\u00e4\u00e4otsikko&#8221; _builder_version=&#8221;3.17&#8243; text_orientation=&#8221;center&#8221; background_layout=&#8221;dark&#8221;]<\/p>\n<h1>Ilo esitell\u00e4<\/h1>\n<p>[\/et_pb_text][\/et_pb_column][\/et_pb_row][\/et_pb_section][et_pb_section bb_built=&#8221;1&#8243; specialty=&#8221;on&#8221; module_class_2=&#8221;sivupalkki&#8221; _builder_version=&#8221;3.4.1&#8243; inner_width=&#8221;auto&#8221; inner_max_width=&#8221;none&#8221; prev_background_color=&#8221;#000000&#8243;][et_pb_column type=&#8221;2_3&#8243; specialty_columns=&#8221;2&#8243;][et_pb_row_inner admin_label=&#8221;Rivi&#8221; _builder_version=&#8221;3.0.47&#8243;][et_pb_column_inner type=&#8221;4_4&#8243; saved_specialty_column_type=&#8221;2_3&#8243;][et_pb_text admin_label=&#8221;Ilo esitell\u00e4 &#8211; Otsikko&#8221; _builder_version=&#8221;3.17&#8243; text_orientation=&#8221;center&#8221;]<\/p>\n<h1>Ilo esitell\u00e4<\/h1>\n<p>[\/et_pb_text][et_pb_text _builder_version=&#8221;3.22.3&#8243; text_text_shadow_horizontal_length=&#8221;text_text_shadow_style,%91object Object%93&#8243; text_text_shadow_vertical_length=&#8221;text_text_shadow_style,%91object Object%93&#8243; text_text_shadow_blur_strength=&#8221;text_text_shadow_style,%91object Object%93&#8243; link_text_shadow_horizontal_length=&#8221;link_text_shadow_style,%91object Object%93&#8243; link_text_shadow_vertical_length=&#8221;link_text_shadow_style,%91object Object%93&#8243; link_text_shadow_blur_strength=&#8221;link_text_shadow_style,%91object Object%93&#8243; ul_text_shadow_horizontal_length=&#8221;ul_text_shadow_style,%91object Object%93&#8243; ul_text_shadow_vertical_length=&#8221;ul_text_shadow_style,%91object Object%93&#8243; ul_text_shadow_blur_strength=&#8221;ul_text_shadow_style,%91object Object%93&#8243; ol_text_shadow_horizontal_length=&#8221;ol_text_shadow_style,%91object Object%93&#8243; ol_text_shadow_vertical_length=&#8221;ol_text_shadow_style,%91object Object%93&#8243; ol_text_shadow_blur_strength=&#8221;ol_text_shadow_style,%91object Object%93&#8243; quote_text_shadow_horizontal_length=&#8221;quote_text_shadow_style,%91object Object%93&#8243; quote_text_shadow_vertical_length=&#8221;quote_text_shadow_style,%91object Object%93&#8243; quote_text_shadow_blur_strength=&#8221;quote_text_shadow_style,%91object Object%93&#8243; header_text_shadow_horizontal_length=&#8221;header_text_shadow_style,%91object Object%93&#8243; header_text_shadow_vertical_length=&#8221;header_text_shadow_style,%91object Object%93&#8243; header_text_shadow_blur_strength=&#8221;header_text_shadow_style,%91object Object%93&#8243; header_2_text_shadow_horizontal_length=&#8221;header_2_text_shadow_style,%91object Object%93&#8243; header_2_text_shadow_vertical_length=&#8221;header_2_text_shadow_style,%91object Object%93&#8243; header_2_text_shadow_blur_strength=&#8221;header_2_text_shadow_style,%91object Object%93&#8243; header_3_text_shadow_horizontal_length=&#8221;header_3_text_shadow_style,%91object Object%93&#8243; header_3_text_shadow_vertical_length=&#8221;header_3_text_shadow_style,%91object Object%93&#8243; header_3_text_shadow_blur_strength=&#8221;header_3_text_shadow_style,%91object Object%93&#8243; header_4_text_shadow_horizontal_length=&#8221;header_4_text_shadow_style,%91object Object%93&#8243; header_4_text_shadow_vertical_length=&#8221;header_4_text_shadow_style,%91object Object%93&#8243; header_4_text_shadow_blur_strength=&#8221;header_4_text_shadow_style,%91object Object%93&#8243; header_5_text_shadow_horizontal_length=&#8221;header_5_text_shadow_style,%91object Object%93&#8243; header_5_text_shadow_vertical_length=&#8221;header_5_text_shadow_style,%91object Object%93&#8243; header_5_text_shadow_blur_strength=&#8221;header_5_text_shadow_style,%91object Object%93&#8243; header_6_text_shadow_horizontal_length=&#8221;header_6_text_shadow_style,%91object Object%93&#8243; header_6_text_shadow_vertical_length=&#8221;header_6_text_shadow_style,%91object Object%93&#8243; header_6_text_shadow_blur_strength=&#8221;header_6_text_shadow_style,%91object Object%93&#8243; z_index_tablet=&#8221;500&#8243;]<\/p>\n<h4>Koululaistalkoot Kauppalanpuistossa 19.9.2013<\/h4>\n<p>Haaganpuron kunnostustalkoot Virtavesien hoitoyhdistyksen, Luoteis-Helsingin Rotaryklubin, Helsinginkaupungin ja Haagan peruskoulun talkooty\u00f6n\u00e4. Talkoissa kunnostettiin\/rakennettiin kutupaikkoja \u00e4\u00e4rimm\u00e4isen uhanalaiselle meritaimenelle, joka lis\u00e4\u00e4ntyy luontaisesti Haagan- ja Maunulanpurossa = Suomen urbaanein taimenpuro, jossa kalastus kielletty!<\/p>\n<p>Suurimman osan ty\u00f6st\u00e4 teki Haagan peruskoulun 5C-luokka luokanvalvojanaan Tiina Typpi. Puroon siirrettiin kaikkiaan 5 tonnia kaupungin lahjoittamaa kivi- ja sora-ainesta.<\/p>\n<p>Luoteis-Helsingin Rotaryklubi sponsoroi talkoita lahjoittaen ty\u00f6panoksensa lis\u00e4ksi Virholle vastaiseen k\u00e4ytt\u00f6\u00f6n sankkoja ja lapioita sek\u00e4 lapsille limut ja suklaapatukat.<\/p>\n<p>Lis\u00e4tietoja meritaimenen uhanalaisuudesta ks. esim.<br \/>http:\/\/www.rktl.fi\/kala\/tietoa_kalalajeista\/suomen_uhanalaiset_kalat\/taimenen_uhanalaisuus.html<\/p>\n<p>Kiitos kaikille!<\/p>\n<p>Mikko Saikku, FT (Ph.D.)Yleisen historian ma. professoriPohjois-Amerikan tutkimuksen dosenttiYmp\u00e4rist\u00f6historian dosentti<\/p>\n<p>[\/et_pb_text][et_pb_button _builder_version=&#8221;3.22.3&#8243; button_text=&#8221;Haaganpuron talkoot Haagalaisessa&#8221; button_url=&#8221;http:\/\/www.haagalainen.com\/lehdet\/2013-7\/sivu3.htm&#8221; url_new_window=&#8221;on&#8221; button_text_shadow_horizontal_length=&#8221;button_text_shadow_style,%91object Object%93&#8243; button_text_shadow_vertical_length=&#8221;button_text_shadow_style,%91object Object%93&#8243; button_text_shadow_blur_strength=&#8221;button_text_shadow_style,%91object Object%93&#8243; z_index_tablet=&#8221;500&#8243; \/][\/et_pb_column_inner][\/et_pb_row_inner][\/et_pb_column][et_pb_column type=&#8221;1_3&#8243;][et_pb_sidebar area=&#8221;sidebar-1&#8243; module_class=&#8221;sivupalkki_sisalto&#8221; _builder_version=&#8221;3.4.1&#8243; locked=&#8221;on&#8221;]<\/p>\n<p>[\/et_pb_sidebar][\/et_pb_column][\/et_pb_section]<\/p>\n","protected":false},"excerpt":{"rendered":"<p>Ilo esitell\u00e4 Ilo esitell\u00e4 Koululaistalkoot Kauppalanpuistossa 19.9.2013Haaganpuron kunnostustalkoot Virtavesien hoitoyhdistyksen, Luoteis-Helsingin Rotaryklubin, Helsinginkaupungin ja Haagan peruskoulun talkooty\u00f6n\u00e4. Talkoissa kunnostettiin\/rakennettiin kutupaikkoja \u00e4\u00e4rimm\u00e4isen uhanalaiselle meritaimenelle, joka lis\u00e4\u00e4ntyy luontaisesti Haagan- ja Maunulanpurossa = Suomen urbaanein taimenpuro, jossa kalastus kielletty!Suurimman osan ty\u00f6st\u00e4 teki Haagan peruskoulun 5C-luokka luokanvalvojanaan Tiina Typpi. Puroon siirrettiin kaikkiaan 5 tonnia kaupungin lahjoittamaa kivi- ja sora-ainesta.Luoteis-Helsingin [&hellip;]<\/p>\n","protected":false},"author":1,"featured_media":0,"parent":129,"menu_order":0,"comment_status":"closed","ping_status":"closed","template":"","meta":{"_acf_changed":false,"_et_pb_use_builder":"on","_et_pb_old_content":"","_et_gb_content_width":"","footnotes":""},"class_list":["post-142","page","type-page","status-publish","hentry"],"acf":[],"yoast_head":"<!-- This site is optimized with the Yoast SEO plugin v27.0 - https:\/\/yoast.com\/product\/yoast-seo-wordpress\/ -->\n<title>Ilo esitell\u00e4 - Luoteis-Helsingin Rotaryklubi<\/title>\n<meta name=\"robots\" content=\"index, follow, max-snippet:-1, max-image-preview:large, max-video-preview:-1\" \/>\n<link rel=\"canonical\" href=\"https:\/\/rotary.fi\/luoteishelsinki\/keita-olemme\/ilo-esitella\/\" \/>\n<meta property=\"og:locale\" content=\"fi_FI\" \/>\n<meta property=\"og:type\" content=\"article\" \/>\n<meta property=\"og:title\" content=\"Ilo esitell\u00e4 - Luoteis-Helsingin Rotaryklubi\" \/>\n<meta property=\"og:description\" content=\"Ilo esitell\u00e4 Ilo esitell\u00e4 Koululaistalkoot Kauppalanpuistossa 19.9.2013Haaganpuron kunnostustalkoot Virtavesien hoitoyhdistyksen, Luoteis-Helsingin Rotaryklubin, Helsinginkaupungin ja Haagan peruskoulun talkooty\u00f6n\u00e4. Talkoissa kunnostettiin\/rakennettiin kutupaikkoja \u00e4\u00e4rimm\u00e4isen uhanalaiselle meritaimenelle, joka lis\u00e4\u00e4ntyy luontaisesti Haagan- ja Maunulanpurossa = Suomen urbaanein taimenpuro, jossa kalastus kielletty!Suurimman osan ty\u00f6st\u00e4 teki Haagan peruskoulun 5C-luokka luokanvalvojanaan Tiina Typpi. Puroon siirrettiin kaikkiaan 5 tonnia kaupungin lahjoittamaa kivi- ja sora-ainesta.Luoteis-Helsingin [&hellip;]\" \/>\n<meta property=\"og:url\" content=\"https:\/\/rotary.fi\/luoteishelsinki\/keita-olemme\/ilo-esitella\/\" \/>\n<meta property=\"og:site_name\" content=\"Luoteis-Helsingin Rotaryklubi\" \/>\n<meta property=\"article:modified_time\" content=\"2019-04-27T14:36:00+00:00\" \/>\n<meta name=\"twitter:card\" content=\"summary_large_image\" \/>\n<meta name=\"twitter:label1\" content=\"Arvioitu lukuaika\" \/>\n\t<meta name=\"twitter:data1\" content=\"4 minuuttia\" \/>\n<script type=\"application\/ld+json\" class=\"yoast-schema-graph\">{\"@context\":\"https:\/\/schema.org\",\"@graph\":[{\"@type\":\"WebPage\",\"@id\":\"https:\/\/rotary.fi\/luoteishelsinki\/keita-olemme\/ilo-esitella\/\",\"url\":\"https:\/\/rotary.fi\/luoteishelsinki\/keita-olemme\/ilo-esitella\/\",\"name\":\"Ilo esitell\u00e4 - Luoteis-Helsingin Rotaryklubi\",\"isPartOf\":{\"@id\":\"https:\/\/rotary.fi\/luoteishelsinki\/#website\"},\"datePublished\":\"2018-08-10T11:04:45+00:00\",\"dateModified\":\"2019-04-27T14:36:00+00:00\",\"breadcrumb\":{\"@id\":\"https:\/\/rotary.fi\/luoteishelsinki\/keita-olemme\/ilo-esitella\/#breadcrumb\"},\"inLanguage\":\"fi\",\"potentialAction\":[{\"@type\":\"ReadAction\",\"target\":[\"https:\/\/rotary.fi\/luoteishelsinki\/keita-olemme\/ilo-esitella\/\"]}]},{\"@type\":\"BreadcrumbList\",\"@id\":\"https:\/\/rotary.fi\/luoteishelsinki\/keita-olemme\/ilo-esitella\/#breadcrumb\",\"itemListElement\":[{\"@type\":\"ListItem\",\"position\":1,\"name\":\"Home\",\"item\":\"https:\/\/rotary.fi\/luoteishelsinki\/\"},{\"@type\":\"ListItem\",\"position\":2,\"name\":\"Keit\u00e4 olemme\",\"item\":\"https:\/\/rotary.fi\/luoteishelsinki\/keita-olemme\/\"},{\"@type\":\"ListItem\",\"position\":3,\"name\":\"Ilo esitell\u00e4\"}]},{\"@type\":\"WebSite\",\"@id\":\"https:\/\/rotary.fi\/luoteishelsinki\/#website\",\"url\":\"https:\/\/rotary.fi\/luoteishelsinki\/\",\"name\":\"Luoteis-Helsingin Rotaryklubi\",\"description\":\"Uusi Rotary klubisivusto\",\"potentialAction\":[{\"@type\":\"SearchAction\",\"target\":{\"@type\":\"EntryPoint\",\"urlTemplate\":\"https:\/\/rotary.fi\/luoteishelsinki\/?s={search_term_string}\"},\"query-input\":{\"@type\":\"PropertyValueSpecification\",\"valueRequired\":true,\"valueName\":\"search_term_string\"}}],\"inLanguage\":\"fi\"}]}<\/script>\n<!-- \/ Yoast SEO plugin. -->","yoast_head_json":{"title":"Ilo esitell\u00e4 - Luoteis-Helsingin Rotaryklubi","robots":{"index":"index","follow":"follow","max-snippet":"max-snippet:-1","max-image-preview":"max-image-preview:large","max-video-preview":"max-video-preview:-1"},"canonical":"https:\/\/rotary.fi\/luoteishelsinki\/keita-olemme\/ilo-esitella\/","og_locale":"fi_FI","og_type":"article","og_title":"Ilo esitell\u00e4 - Luoteis-Helsingin Rotaryklubi","og_description":"Ilo esitell\u00e4 Ilo esitell\u00e4 Koululaistalkoot Kauppalanpuistossa 19.9.2013Haaganpuron kunnostustalkoot Virtavesien hoitoyhdistyksen, Luoteis-Helsingin Rotaryklubin, Helsinginkaupungin ja Haagan peruskoulun talkooty\u00f6n\u00e4. Talkoissa kunnostettiin\/rakennettiin kutupaikkoja \u00e4\u00e4rimm\u00e4isen uhanalaiselle meritaimenelle, joka lis\u00e4\u00e4ntyy luontaisesti Haagan- ja Maunulanpurossa = Suomen urbaanein taimenpuro, jossa kalastus kielletty!Suurimman osan ty\u00f6st\u00e4 teki Haagan peruskoulun 5C-luokka luokanvalvojanaan Tiina Typpi. Puroon siirrettiin kaikkiaan 5 tonnia kaupungin lahjoittamaa kivi- ja sora-ainesta.Luoteis-Helsingin [&hellip;]","og_url":"https:\/\/rotary.fi\/luoteishelsinki\/keita-olemme\/ilo-esitella\/","og_site_name":"Luoteis-Helsingin Rotaryklubi","article_modified_time":"2019-04-27T14:36:00+00:00","twitter_card":"summary_large_image","twitter_misc":{"Arvioitu lukuaika":"4 minuuttia"},"schema":{"@context":"https:\/\/schema.org","@graph":[{"@type":"WebPage","@id":"https:\/\/rotary.fi\/luoteishelsinki\/keita-olemme\/ilo-esitella\/","url":"https:\/\/rotary.fi\/luoteishelsinki\/keita-olemme\/ilo-esitella\/","name":"Ilo esitell\u00e4 - Luoteis-Helsingin Rotaryklubi","isPartOf":{"@id":"https:\/\/rotary.fi\/luoteishelsinki\/#website"},"datePublished":"2018-08-10T11:04:45+00:00","dateModified":"2019-04-27T14:36:00+00:00","breadcrumb":{"@id":"https:\/\/rotary.fi\/luoteishelsinki\/keita-olemme\/ilo-esitella\/#breadcrumb"},"inLanguage":"fi","potentialAction":[{"@type":"ReadAction","target":["https:\/\/rotary.fi\/luoteishelsinki\/keita-olemme\/ilo-esitella\/"]}]},{"@type":"BreadcrumbList","@id":"https:\/\/rotary.fi\/luoteishelsinki\/keita-olemme\/ilo-esitella\/#breadcrumb","itemListElement":[{"@type":"ListItem","position":1,"name":"Home","item":"https:\/\/rotary.fi\/luoteishelsinki\/"},{"@type":"ListItem","position":2,"name":"Keit\u00e4 olemme","item":"https:\/\/rotary.fi\/luoteishelsinki\/keita-olemme\/"},{"@type":"ListItem","position":3,"name":"Ilo esitell\u00e4"}]},{"@type":"WebSite","@id":"https:\/\/rotary.fi\/luoteishelsinki\/#website","url":"https:\/\/rotary.fi\/luoteishelsinki\/","name":"Luoteis-Helsingin Rotaryklubi","description":"Uusi Rotary klubisivusto","potentialAction":[{"@type":"SearchAction","target":{"@type":"EntryPoint","urlTemplate":"https:\/\/rotary.fi\/luoteishelsinki\/?s={search_term_string}"},"query-input":{"@type":"PropertyValueSpecification","valueRequired":true,"valueName":"search_term_string"}}],"inLanguage":"fi"}]}},"lang":"fi","translations":{"fi":142},"pll_sync_post":[],"_links":{"self":[{"href":"https:\/\/rotary.fi\/luoteishelsinki\/wp-json\/wp\/v2\/pages\/142","targetHints":{"allow":["GET"]}}],"collection":[{"href":"https:\/\/rotary.fi\/luoteishelsinki\/wp-json\/wp\/v2\/pages"}],"about":[{"href":"https:\/\/rotary.fi\/luoteishelsinki\/wp-json\/wp\/v2\/types\/page"}],"author":[{"embeddable":true,"href":"https:\/\/rotary.fi\/luoteishelsinki\/wp-json\/wp\/v2\/users\/1"}],"replies":[{"embeddable":true,"href":"https:\/\/rotary.fi\/luoteishelsinki\/wp-json\/wp\/v2\/comments?post=142"}],"version-history":[{"count":10,"href":"https:\/\/rotary.fi\/luoteishelsinki\/wp-json\/wp\/v2\/pages\/142\/revisions"}],"predecessor-version":[{"id":1427,"href":"https:\/\/rotary.fi\/luoteishelsinki\/wp-json\/wp\/v2\/pages\/142\/revisions\/1427"}],"up":[{"embeddable":true,"href":"https:\/\/rotary.fi\/luoteishelsinki\/wp-json\/wp\/v2\/pages\/129"}],"wp:attachment":[{"href":"https:\/\/rotary.fi\/luoteishelsinki\/wp-json\/wp\/v2\/media?parent=142"}],"curies":[{"name":"wp","href":"https:\/\/api.w.org\/{rel}","templated":true}]}}