{"id":276,"date":"2018-10-24T11:36:06","date_gmt":"2018-10-24T08:36:06","guid":{"rendered":"https:\/\/rotary.fi\/loviisa\/?page_id=276"},"modified":"2025-08-25T16:37:48","modified_gmt":"2025-08-25T13:37:48","slug":"olemme-osa-kansainvalista-rotarya","status":"publish","type":"page","link":"https:\/\/rotary.fi\/loviisa\/keita-olemme\/olemme-osa-kansainvalista-rotarya\/","title":{"rendered":"Olemme osa kansainv\u00e4list\u00e4 Rotarya"},"content":{"rendered":"<div class=\"et_pb_row_inner et_pb_row_inner_0\">\n<div class=\"et_pb_column et_pb_column_4_4 et_pb_column_inner et_pb_column_inner_0 et-last-child\">\n<div class=\"et_pb_module et_pb_text et_pb_text_1 et_pb_text_align_center et_pb_bg_layout_light\">\n<div class=\"et_pb_text_inner\">\n<h1>Rotary International<\/h1>\n<\/div>\n<\/div>\n<div class=\"et_pb_module et_pb_text et_pb_text_2 et_pb_text_align_left et_pb_bg_layout_light\">\n<div class=\"et_pb_text_inner\">\n<p>Rotary International tukee ja ohjaa rotareita ja klubeja Rotaryn tavoitteiden toteuttamisessa. Rotary Internationalin ylin p\u00e4\u00e4tt\u00e4v\u00e4 elin on vuosikokous, jonne jokaisella klubilla on oikeus l\u00e4hett\u00e4\u00e4 virallinen edustaja ja jonne jokaisella rotarilla on oikeus osallistua.<\/p>\n<p>Rotary Internationalin keulahahmo on vuosittain vaihtuva presidentti. Rotaryvuonna 2025-2026 RI:n presidenttin\u00e4 on italialainen <strong>Francesco Arezzo.<\/strong><\/p>\n<p>Rotary Internationalin p\u00e4\u00e4konttori on Evanstonissa Illinoisissa l\u00e4hell\u00e4 Chicagoa. P\u00e4\u00e4konttorissa ty\u00f6skentelee p\u00e4\u00e4sihteerin johdolla noin 530 henkil\u00f6\u00e4. P\u00e4\u00e4konttorin lis\u00e4ksi Rotary Internationalilla on seitsem\u00e4n aluetoimistoa eri puolilla maapalloa. Z\u00fcrichiss\u00e4 oleva Euroopan ja Afrikan toimisto (EAO) palvelee suomalaisia rotareita.<\/p>\n<h4><a class=\"et_pb_button et_pb_button_0 et_pb_bg_layout_light\" style=\"font-size: 14px\" href=\"https:\/\/www.rotary.org\/\" target=\"_blank\" rel=\"noopener\">Rotary Internationalin sivuille<\/a><\/h4>\n<\/div>\n<\/div>\n<\/div>\n<\/div>\n<div class=\"et_pb_row_inner et_pb_row_inner_1\">\n<div class=\"et_pb_column et_pb_column_4_4 et_pb_column_inner et_pb_column_inner_1 et-last-child\">\n<div class=\"et_pb_module et_pb_text et_pb_text_3 et_pb_text_align_center et_pb_bg_layout_light\">\n<div class=\"et_pb_text_inner\">\n<h4>Rotarys\u00e4\u00e4ti\u00f6<\/h4>\n<\/div>\n<\/div>\n<div class=\"et_pb_module et_pb_text et_pb_text_4 et_pb_text_align_left et_pb_bg_layout_light\">\n<div class=\"et_pb_text_inner\">\n<p>Rotarys\u00e4\u00e4ti\u00f6 on maailman suurimpia yksityisi\u00e4 hyv\u00e4ntekev\u00e4isyystoimijoita, joka aina uudelleen sijoittuu k\u00e4rkisijoille n\u00e4iden toimijoiden l\u00e4pin\u00e4kyvyys- ja luotettavuusvertailussa.Rotarys\u00e4\u00e4ti\u00f6 koordinoi ja rahoittaa rotarien maailmanlaajuista palvelutoimintaa. S\u00e4\u00e4ti\u00f6n ty\u00f6 perustuu vapaaehtoisiin lahjoituksiin sek\u00e4 p\u00e4\u00e4oman tuottoon, jotka kanavoidaan koulutusprojekteihin ja humanitaariseen avustusty\u00f6h\u00f6n.<\/p>\n<p>T\u00e4rke\u00e4 kannustin on Paul Harris Fellow -tunnustuksen my\u00f6nt\u00e4minen jokaista tuhannen dollarin lahjoitusta kohti. Rotaryn perustajan Paul Harrisin nime\u00e4 kantavia PHF-tunnustuksia on my\u00f6nnetty maailmanlaajuisesti yli miljoona.<\/p>\n<\/div>\n<\/div>\n<div class=\"et_pb_button_module_wrapper et_pb_button_1_wrapper et_pb_module \"><a class=\"et_pb_button et_pb_button_1 et_pb_bg_layout_light\" href=\"https:\/\/www.rotary.org\/en\/about-rotary\/rotary-foundation\" target=\"_blank\" rel=\"noopener\">Kansainv\u00e4lisen rotarys\u00e4\u00e4ti\u00f6n sivuille<\/a><\/div>\n<\/div>\n<\/div>\n","protected":false},"excerpt":{"rendered":"<p>Rotary International Rotary International tukee ja ohjaa rotareita ja klubeja Rotaryn tavoitteiden toteuttamisessa. Rotary Internationalin ylin p\u00e4\u00e4tt\u00e4v\u00e4 elin on vuosikokous, jonne jokaisella klubilla on oikeus l\u00e4hett\u00e4\u00e4 virallinen edustaja ja jonne jokaisella rotarilla on oikeus osallistua. Rotary Internationalin keulahahmo on vuosittain vaihtuva presidentti. Rotaryvuonna 2025-2026 RI:n presidenttin\u00e4 on italialainen Francesco Arezzo. Rotary Internationalin p\u00e4\u00e4konttori on Evanstonissa [&hellip;]<\/p>\n","protected":false},"author":1,"featured_media":0,"parent":129,"menu_order":4,"comment_status":"closed","ping_status":"closed","template":"","meta":{"_acf_changed":false,"_et_pb_use_builder":"off","_et_pb_old_content":"","_et_gb_content_width":"","footnotes":""},"class_list":["post-276","page","type-page","status-publish","hentry"],"acf":[],"yoast_head":"<!-- This site is optimized with the Yoast SEO plugin v27.0 - https:\/\/yoast.com\/product\/yoast-seo-wordpress\/ -->\n<title>Olemme osa kansainv\u00e4list\u00e4 Rotarya - Lovisa Rotaryklubb - Loviisan Rotaryklubi<\/title>\n<meta name=\"robots\" content=\"index, follow, max-snippet:-1, max-image-preview:large, max-video-preview:-1\" \/>\n<link rel=\"canonical\" href=\"https:\/\/rotary.fi\/loviisa\/keita-olemme\/olemme-osa-kansainvalista-rotarya\/\" \/>\n<meta property=\"og:locale\" content=\"fi_FI\" \/>\n<meta property=\"og:type\" content=\"article\" \/>\n<meta property=\"og:title\" content=\"Olemme osa kansainv\u00e4list\u00e4 Rotarya - Lovisa Rotaryklubb - Loviisan Rotaryklubi\" \/>\n<meta property=\"og:description\" content=\"Rotary International Rotary International tukee ja ohjaa rotareita ja klubeja Rotaryn tavoitteiden toteuttamisessa. Rotary Internationalin ylin p\u00e4\u00e4tt\u00e4v\u00e4 elin on vuosikokous, jonne jokaisella klubilla on oikeus l\u00e4hett\u00e4\u00e4 virallinen edustaja ja jonne jokaisella rotarilla on oikeus osallistua. Rotary Internationalin keulahahmo on vuosittain vaihtuva presidentti. Rotaryvuonna 2025-2026 RI:n presidenttin\u00e4 on italialainen Francesco Arezzo. Rotary Internationalin p\u00e4\u00e4konttori on Evanstonissa [&hellip;]\" \/>\n<meta property=\"og:url\" content=\"https:\/\/rotary.fi\/loviisa\/keita-olemme\/olemme-osa-kansainvalista-rotarya\/\" \/>\n<meta property=\"og:site_name\" content=\"Lovisa Rotaryklubb - Loviisan Rotaryklubi\" \/>\n<meta property=\"article:modified_time\" content=\"2025-08-25T13:37:48+00:00\" \/>\n<meta name=\"twitter:card\" content=\"summary_large_image\" \/>\n<meta name=\"twitter:label1\" content=\"Arvioitu lukuaika\" \/>\n\t<meta name=\"twitter:data1\" content=\"1 minuutti\" \/>\n<script type=\"application\/ld+json\" class=\"yoast-schema-graph\">{\"@context\":\"https:\/\/schema.org\",\"@graph\":[{\"@type\":\"WebPage\",\"@id\":\"https:\/\/rotary.fi\/loviisa\/keita-olemme\/olemme-osa-kansainvalista-rotarya\/\",\"url\":\"https:\/\/rotary.fi\/loviisa\/keita-olemme\/olemme-osa-kansainvalista-rotarya\/\",\"name\":\"Olemme osa kansainv\u00e4list\u00e4 Rotarya - Lovisa Rotaryklubb - Loviisan Rotaryklubi\",\"isPartOf\":{\"@id\":\"https:\/\/rotary.fi\/loviisa\/#website\"},\"datePublished\":\"2018-10-24T08:36:06+00:00\",\"dateModified\":\"2025-08-25T13:37:48+00:00\",\"breadcrumb\":{\"@id\":\"https:\/\/rotary.fi\/loviisa\/keita-olemme\/olemme-osa-kansainvalista-rotarya\/#breadcrumb\"},\"inLanguage\":\"fi\",\"potentialAction\":[{\"@type\":\"ReadAction\",\"target\":[\"https:\/\/rotary.fi\/loviisa\/keita-olemme\/olemme-osa-kansainvalista-rotarya\/\"]}]},{\"@type\":\"BreadcrumbList\",\"@id\":\"https:\/\/rotary.fi\/loviisa\/keita-olemme\/olemme-osa-kansainvalista-rotarya\/#breadcrumb\",\"itemListElement\":[{\"@type\":\"ListItem\",\"position\":1,\"name\":\"Home\",\"item\":\"https:\/\/rotary.fi\/loviisa\/\"},{\"@type\":\"ListItem\",\"position\":2,\"name\":\"Keit\u00e4 olemme\",\"item\":\"https:\/\/rotary.fi\/loviisa\/keita-olemme\/\"},{\"@type\":\"ListItem\",\"position\":3,\"name\":\"Olemme osa kansainv\u00e4list\u00e4 Rotarya\"}]},{\"@type\":\"WebSite\",\"@id\":\"https:\/\/rotary.fi\/loviisa\/#website\",\"url\":\"https:\/\/rotary.fi\/loviisa\/\",\"name\":\"Lovisa Rotaryklubb - Loviisan Rotaryklubi\",\"description\":\"Uusi Rotary klubisivusto\",\"potentialAction\":[{\"@type\":\"SearchAction\",\"target\":{\"@type\":\"EntryPoint\",\"urlTemplate\":\"https:\/\/rotary.fi\/loviisa\/?s={search_term_string}\"},\"query-input\":{\"@type\":\"PropertyValueSpecification\",\"valueRequired\":true,\"valueName\":\"search_term_string\"}}],\"inLanguage\":\"fi\"}]}<\/script>\n<!-- \/ Yoast SEO plugin. -->","yoast_head_json":{"title":"Olemme osa kansainv\u00e4list\u00e4 Rotarya - Lovisa Rotaryklubb - Loviisan Rotaryklubi","robots":{"index":"index","follow":"follow","max-snippet":"max-snippet:-1","max-image-preview":"max-image-preview:large","max-video-preview":"max-video-preview:-1"},"canonical":"https:\/\/rotary.fi\/loviisa\/keita-olemme\/olemme-osa-kansainvalista-rotarya\/","og_locale":"fi_FI","og_type":"article","og_title":"Olemme osa kansainv\u00e4list\u00e4 Rotarya - Lovisa Rotaryklubb - Loviisan Rotaryklubi","og_description":"Rotary International Rotary International tukee ja ohjaa rotareita ja klubeja Rotaryn tavoitteiden toteuttamisessa. Rotary Internationalin ylin p\u00e4\u00e4tt\u00e4v\u00e4 elin on vuosikokous, jonne jokaisella klubilla on oikeus l\u00e4hett\u00e4\u00e4 virallinen edustaja ja jonne jokaisella rotarilla on oikeus osallistua. Rotary Internationalin keulahahmo on vuosittain vaihtuva presidentti. Rotaryvuonna 2025-2026 RI:n presidenttin\u00e4 on italialainen Francesco Arezzo. Rotary Internationalin p\u00e4\u00e4konttori on Evanstonissa [&hellip;]","og_url":"https:\/\/rotary.fi\/loviisa\/keita-olemme\/olemme-osa-kansainvalista-rotarya\/","og_site_name":"Lovisa Rotaryklubb - Loviisan Rotaryklubi","article_modified_time":"2025-08-25T13:37:48+00:00","twitter_card":"summary_large_image","twitter_misc":{"Arvioitu lukuaika":"1 minuutti"},"schema":{"@context":"https:\/\/schema.org","@graph":[{"@type":"WebPage","@id":"https:\/\/rotary.fi\/loviisa\/keita-olemme\/olemme-osa-kansainvalista-rotarya\/","url":"https:\/\/rotary.fi\/loviisa\/keita-olemme\/olemme-osa-kansainvalista-rotarya\/","name":"Olemme osa kansainv\u00e4list\u00e4 Rotarya - Lovisa Rotaryklubb - Loviisan Rotaryklubi","isPartOf":{"@id":"https:\/\/rotary.fi\/loviisa\/#website"},"datePublished":"2018-10-24T08:36:06+00:00","dateModified":"2025-08-25T13:37:48+00:00","breadcrumb":{"@id":"https:\/\/rotary.fi\/loviisa\/keita-olemme\/olemme-osa-kansainvalista-rotarya\/#breadcrumb"},"inLanguage":"fi","potentialAction":[{"@type":"ReadAction","target":["https:\/\/rotary.fi\/loviisa\/keita-olemme\/olemme-osa-kansainvalista-rotarya\/"]}]},{"@type":"BreadcrumbList","@id":"https:\/\/rotary.fi\/loviisa\/keita-olemme\/olemme-osa-kansainvalista-rotarya\/#breadcrumb","itemListElement":[{"@type":"ListItem","position":1,"name":"Home","item":"https:\/\/rotary.fi\/loviisa\/"},{"@type":"ListItem","position":2,"name":"Keit\u00e4 olemme","item":"https:\/\/rotary.fi\/loviisa\/keita-olemme\/"},{"@type":"ListItem","position":3,"name":"Olemme osa kansainv\u00e4list\u00e4 Rotarya"}]},{"@type":"WebSite","@id":"https:\/\/rotary.fi\/loviisa\/#website","url":"https:\/\/rotary.fi\/loviisa\/","name":"Lovisa Rotaryklubb - Loviisan Rotaryklubi","description":"Uusi Rotary klubisivusto","potentialAction":[{"@type":"SearchAction","target":{"@type":"EntryPoint","urlTemplate":"https:\/\/rotary.fi\/loviisa\/?s={search_term_string}"},"query-input":{"@type":"PropertyValueSpecification","valueRequired":true,"valueName":"search_term_string"}}],"inLanguage":"fi"}]}},"lang":"fi","translations":{"fi":276,"sv":1580},"pll_sync_post":[],"_links":{"self":[{"href":"https:\/\/rotary.fi\/loviisa\/wp-json\/wp\/v2\/pages\/276","targetHints":{"allow":["GET"]}}],"collection":[{"href":"https:\/\/rotary.fi\/loviisa\/wp-json\/wp\/v2\/pages"}],"about":[{"href":"https:\/\/rotary.fi\/loviisa\/wp-json\/wp\/v2\/types\/page"}],"author":[{"embeddable":true,"href":"https:\/\/rotary.fi\/loviisa\/wp-json\/wp\/v2\/users\/1"}],"replies":[{"embeddable":true,"href":"https:\/\/rotary.fi\/loviisa\/wp-json\/wp\/v2\/comments?post=276"}],"version-history":[{"count":10,"href":"https:\/\/rotary.fi\/loviisa\/wp-json\/wp\/v2\/pages\/276\/revisions"}],"predecessor-version":[{"id":2430,"href":"https:\/\/rotary.fi\/loviisa\/wp-json\/wp\/v2\/pages\/276\/revisions\/2430"}],"up":[{"embeddable":true,"href":"https:\/\/rotary.fi\/loviisa\/wp-json\/wp\/v2\/pages\/129"}],"wp:attachment":[{"href":"https:\/\/rotary.fi\/loviisa\/wp-json\/wp\/v2\/media?parent=276"}],"curies":[{"name":"wp","href":"https:\/\/api.w.org\/{rel}","templated":true}]}}