{"id":1617,"date":"2019-03-20T06:25:16","date_gmt":"2019-03-20T04:25:16","guid":{"rendered":"https:\/\/rotary.fi\/loviisa\/?page_id=1617"},"modified":"2019-11-18T13:38:44","modified_gmt":"2019-11-18T11:38:44","slug":"gemensamma-projekt","status":"publish","type":"page","link":"https:\/\/rotary.fi\/loviisa\/sv\/vad-gor-vi\/gemensamma-projekt\/","title":{"rendered":"Gemensamma projekt"},"content":{"rendered":"<p>[et_pb_section fb_built=&#8221;1&#8243; module_class=&#8221;jumbotron-page&#8221; _builder_version=&#8221;3.22&#8243; background_image=&#8221;https:\/\/rotary.fi\/loviisa\/wp-content\/uploads\/sites\/133\/2018\/10\/rotary_klubit_alasivu_paakuva_15.jpg&#8221;][et_pb_row _builder_version=&#8221;3.25&#8243; background_size=&#8221;initial&#8221; background_position=&#8221;top_left&#8221; background_repeat=&#8221;repeat&#8221;][et_pb_column type=&#8221;4_4&#8243; _builder_version=&#8221;3.25&#8243; custom_padding=&#8221;|||&#8221; custom_padding__hover=&#8221;|||&#8221;][et_pb_text admin_label=&#8221;Main \/\/ Gemensamma projekt&#8221; _builder_version=&#8221;3.27.4&#8243; text_orientation=&#8221;center&#8221; background_layout=&#8221;dark&#8221;]<\/p>\n<h1>Gemensamma projekt<\/h1>\n<p>[\/et_pb_text][\/et_pb_column][\/et_pb_row][\/et_pb_section][et_pb_section fb_built=&#8221;1&#8243; specialty=&#8221;on&#8221; module_class_2=&#8221;sivupalkki&#8221; _builder_version=&#8221;3.22&#8243;][et_pb_column type=&#8221;2_3&#8243; specialty_columns=&#8221;2&#8243; _builder_version=&#8221;3.25&#8243; custom_padding=&#8221;|||&#8221; custom_padding__hover=&#8221;|||&#8221;][et_pb_row_inner admin_label=&#8221;Rivi&#8221; _builder_version=&#8221;3.25&#8243; custom_margin=&#8221;||-484px|||&#8221; column_structure=&#8221;undefined&#8221;][et_pb_column_inner type=&#8221;undefined&#8221; saved_specialty_column_type=&#8221;2_3&#8243; _builder_version=&#8221;3.25&#8243; custom_padding=&#8221;|||&#8221; custom_padding__hover=&#8221;|||&#8221;][et_pb_text admin_label=&#8221;Gemensamma projekt &#8211; rubrik&#8221; _builder_version=&#8221;3.27.4&#8243; text_orientation=&#8221;center&#8221;]<\/p>\n<h1>Gemensamma projekt<\/h1>\n<p>[\/et_pb_text][et_pb_text admin_label=&#8221;Text: Gemensamma projekt&#8221; _builder_version=&#8221;4.0.5&#8243; width=&#8221;82.4%&#8221; custom_padding=&#8221;||15px|||&#8221; z_index_tablet=&#8221;500&#8243; text_text_shadow_horizontal_length=&#8221;text_text_shadow_style,%91object Object%93&#8243; text_text_shadow_vertical_length=&#8221;text_text_shadow_style,%91object Object%93&#8243; text_text_shadow_blur_strength=&#8221;text_text_shadow_style,%91object Object%93&#8243; text_text_shadow_horizontal_length_tablet=&#8221;0px&#8221; text_text_shadow_vertical_length_tablet=&#8221;0px&#8221; text_text_shadow_blur_strength_tablet=&#8221;1px&#8221; link_text_shadow_horizontal_length=&#8221;link_text_shadow_style,%91object Object%93&#8243; link_text_shadow_vertical_length=&#8221;link_text_shadow_style,%91object Object%93&#8243; link_text_shadow_blur_strength=&#8221;link_text_shadow_style,%91object Object%93&#8243; link_text_shadow_horizontal_length_tablet=&#8221;0px&#8221; link_text_shadow_vertical_length_tablet=&#8221;0px&#8221; link_text_shadow_blur_strength_tablet=&#8221;1px&#8221; ul_text_shadow_horizontal_length=&#8221;ul_text_shadow_style,%91object Object%93&#8243; ul_text_shadow_vertical_length=&#8221;ul_text_shadow_style,%91object Object%93&#8243; ul_text_shadow_blur_strength=&#8221;ul_text_shadow_style,%91object Object%93&#8243; ul_text_shadow_horizontal_length_tablet=&#8221;0px&#8221; ul_text_shadow_vertical_length_tablet=&#8221;0px&#8221; ul_text_shadow_blur_strength_tablet=&#8221;1px&#8221; ol_text_shadow_horizontal_length=&#8221;ol_text_shadow_style,%91object Object%93&#8243; ol_text_shadow_vertical_length=&#8221;ol_text_shadow_style,%91object Object%93&#8243; ol_text_shadow_blur_strength=&#8221;ol_text_shadow_style,%91object Object%93&#8243; ol_text_shadow_horizontal_length_tablet=&#8221;0px&#8221; ol_text_shadow_vertical_length_tablet=&#8221;0px&#8221; ol_text_shadow_blur_strength_tablet=&#8221;1px&#8221; quote_text_shadow_horizontal_length=&#8221;quote_text_shadow_style,%91object Object%93&#8243; quote_text_shadow_vertical_length=&#8221;quote_text_shadow_style,%91object Object%93&#8243; quote_text_shadow_blur_strength=&#8221;quote_text_shadow_style,%91object Object%93&#8243; quote_text_shadow_horizontal_length_tablet=&#8221;0px&#8221; quote_text_shadow_vertical_length_tablet=&#8221;0px&#8221; quote_text_shadow_blur_strength_tablet=&#8221;1px&#8221; header_text_shadow_horizontal_length=&#8221;header_text_shadow_style,%91object Object%93&#8243; header_text_shadow_vertical_length=&#8221;header_text_shadow_style,%91object Object%93&#8243; header_text_shadow_blur_strength=&#8221;header_text_shadow_style,%91object Object%93&#8243; header_text_shadow_horizontal_length_tablet=&#8221;0px&#8221; header_text_shadow_vertical_length_tablet=&#8221;0px&#8221; header_text_shadow_blur_strength_tablet=&#8221;1px&#8221; header_2_text_shadow_horizontal_length=&#8221;header_2_text_shadow_style,%91object Object%93&#8243; header_2_text_shadow_vertical_length=&#8221;header_2_text_shadow_style,%91object Object%93&#8243; header_2_text_shadow_blur_strength=&#8221;header_2_text_shadow_style,%91object Object%93&#8243; header_2_text_shadow_horizontal_length_tablet=&#8221;0px&#8221; header_2_text_shadow_vertical_length_tablet=&#8221;0px&#8221; header_2_text_shadow_blur_strength_tablet=&#8221;1px&#8221; header_3_text_shadow_horizontal_length=&#8221;header_3_text_shadow_style,%91object Object%93&#8243; header_3_text_shadow_vertical_length=&#8221;header_3_text_shadow_style,%91object Object%93&#8243; header_3_text_shadow_blur_strength=&#8221;header_3_text_shadow_style,%91object Object%93&#8243; header_3_text_shadow_horizontal_length_tablet=&#8221;0px&#8221; header_3_text_shadow_vertical_length_tablet=&#8221;0px&#8221; header_3_text_shadow_blur_strength_tablet=&#8221;1px&#8221; header_4_text_shadow_horizontal_length=&#8221;header_4_text_shadow_style,%91object Object%93&#8243; header_4_text_shadow_vertical_length=&#8221;header_4_text_shadow_style,%91object Object%93&#8243; header_4_text_shadow_blur_strength=&#8221;header_4_text_shadow_style,%91object Object%93&#8243; header_4_text_shadow_horizontal_length_tablet=&#8221;0px&#8221; header_4_text_shadow_vertical_length_tablet=&#8221;0px&#8221; header_4_text_shadow_blur_strength_tablet=&#8221;1px&#8221; header_5_text_shadow_horizontal_length=&#8221;header_5_text_shadow_style,%91object Object%93&#8243; header_5_text_shadow_vertical_length=&#8221;header_5_text_shadow_style,%91object Object%93&#8243; header_5_text_shadow_blur_strength=&#8221;header_5_text_shadow_style,%91object Object%93&#8243; header_5_text_shadow_horizontal_length_tablet=&#8221;0px&#8221; header_5_text_shadow_vertical_length_tablet=&#8221;0px&#8221; header_5_text_shadow_blur_strength_tablet=&#8221;1px&#8221; header_6_text_shadow_horizontal_length=&#8221;header_6_text_shadow_style,%91object Object%93&#8243; header_6_text_shadow_vertical_length=&#8221;header_6_text_shadow_style,%91object Object%93&#8243; header_6_text_shadow_blur_strength=&#8221;header_6_text_shadow_style,%91object Object%93&#8243; header_6_text_shadow_horizontal_length_tablet=&#8221;0px&#8221; header_6_text_shadow_vertical_length_tablet=&#8221;0px&#8221; header_6_text_shadow_blur_strength_tablet=&#8221;1px&#8221; box_shadow_horizontal_tablet=&#8221;0px&#8221; box_shadow_vertical_tablet=&#8221;0px&#8221; box_shadow_blur_tablet=&#8221;40px&#8221; box_shadow_spread_tablet=&#8221;0px&#8221;]<\/p>\n<p>&nbsp;<\/p>\n<p>Vi deltar i v\u00e5rt distrikts Rotary Day -dag. Rotary Day \u00e4r ett evenemang d\u00e4r vi ber\u00e4ttar om b\u00e5de Rotary och verksamheten i v\u00e5r klubb bl.a. om v\u00e5rt ungdomsutbytesarbete och v\u00e5ra projekt. Vi s\u00e4ljer produkter vid evenemang f\u00f6r att finansiera v\u00e5r service- och v\u00e4lg\u00f6renhetsverksamhet.<\/p>\n<p>F\u00f6lj v\u00e5r verksamhet. Vi informerar om n\u00e4sta \u00e5rs evenemang och v\u00e5rt deltagande i gemensamma tillst\u00e4llningar p\u00e5 dessa sidor och via v\u00e5ra sociala mediekanaler.<\/p>\n<p>Gemensamt projekt Skydda \u00d6stersj\u00f6n\u00a0<\/p>\n<p>L\u00e4s mer om evenemangen ocks\u00e5 p\u00e5 distriktets sidor<\/p>\n<p>&nbsp;<\/p>\n<p>[\/et_pb_text][et_pb_button button_text=&#8221;Distriktets projekt&#8221; _builder_version=&#8221;4.0.6&#8243; button_url=&#8221;https:\/\/d1420.rotary.fi\/projektit\/&#8221; hover_enabled=&#8221;0&#8243;][\/et_pb_button][\/et_pb_column_inner][\/et_pb_row_inner][\/et_pb_column][et_pb_column type=&#8221;1_3&#8243; _builder_version=&#8221;3.25&#8243; custom_padding=&#8221;|||&#8221; custom_padding__hover=&#8221;|||&#8221;][et_pb_sidebar area=&#8221;sidebar-1&#8243; admin_label=&#8221;Sidebar&#8221; module_class=&#8221;sivupalkki_sisalto&#8221; _builder_version=&#8221;3.21&#8243; locked=&#8221;on&#8221;]<br \/>\n[\/et_pb_sidebar][\/et_pb_column][\/et_pb_section]<\/p>\n","protected":false},"excerpt":{"rendered":"<p>Gemensamma projekt Gemensamma projekt &nbsp; Vi deltar i v\u00e5rt distrikts Rotary Day -dag. Rotary Day \u00e4r ett evenemang d\u00e4r vi ber\u00e4ttar om b\u00e5de Rotary och verksamheten i v\u00e5r klubb bl.a. om v\u00e5rt ungdomsutbytesarbete och v\u00e5ra projekt. Vi s\u00e4ljer produkter vid evenemang f\u00f6r att finansiera v\u00e5r service- och v\u00e4lg\u00f6renhetsverksamhet. F\u00f6lj v\u00e5r verksamhet. Vi informerar om n\u00e4sta [&hellip;]<\/p>\n","protected":false},"author":1,"featured_media":0,"parent":1602,"menu_order":4,"comment_status":"closed","ping_status":"closed","template":"","meta":{"_acf_changed":false,"_et_pb_use_builder":"on","_et_pb_old_content":"","_et_gb_content_width":"","footnotes":""},"class_list":["post-1617","page","type-page","status-publish","hentry"],"acf":[],"yoast_head":"<!-- This site is optimized with the Yoast SEO plugin v27.0 - https:\/\/yoast.com\/product\/yoast-seo-wordpress\/ -->\n<title>Gemensamma projekt - Lovisa Rotaryklubb - Loviisan Rotaryklubi<\/title>\n<meta name=\"robots\" content=\"index, follow, max-snippet:-1, max-image-preview:large, max-video-preview:-1\" \/>\n<link rel=\"canonical\" href=\"https:\/\/rotary.fi\/loviisa\/sv\/vad-gor-vi\/gemensamma-projekt\/\" \/>\n<meta property=\"og:locale\" content=\"fi_FI\" \/>\n<meta property=\"og:type\" content=\"article\" \/>\n<meta property=\"og:title\" content=\"Gemensamma projekt - Lovisa Rotaryklubb - Loviisan Rotaryklubi\" \/>\n<meta property=\"og:description\" content=\"Gemensamma projekt Gemensamma projekt &nbsp; Vi deltar i v\u00e5rt distrikts Rotary Day -dag. Rotary Day \u00e4r ett evenemang d\u00e4r vi ber\u00e4ttar om b\u00e5de Rotary och verksamheten i v\u00e5r klubb bl.a. om v\u00e5rt ungdomsutbytesarbete och v\u00e5ra projekt. Vi s\u00e4ljer produkter vid evenemang f\u00f6r att finansiera v\u00e5r service- och v\u00e4lg\u00f6renhetsverksamhet. F\u00f6lj v\u00e5r verksamhet. Vi informerar om n\u00e4sta [&hellip;]\" \/>\n<meta property=\"og:url\" content=\"https:\/\/rotary.fi\/loviisa\/sv\/vad-gor-vi\/gemensamma-projekt\/\" \/>\n<meta property=\"og:site_name\" content=\"Lovisa Rotaryklubb - Loviisan Rotaryklubi\" \/>\n<meta property=\"article:modified_time\" content=\"2019-11-18T11:38:44+00:00\" \/>\n<meta name=\"twitter:card\" content=\"summary_large_image\" \/>\n<meta name=\"twitter:label1\" content=\"Arvioitu lukuaika\" \/>\n\t<meta name=\"twitter:data1\" content=\"5 minuuttia\" \/>\n<script type=\"application\/ld+json\" class=\"yoast-schema-graph\">{\"@context\":\"https:\/\/schema.org\",\"@graph\":[{\"@type\":\"WebPage\",\"@id\":\"https:\/\/rotary.fi\/loviisa\/sv\/vad-gor-vi\/gemensamma-projekt\/\",\"url\":\"https:\/\/rotary.fi\/loviisa\/sv\/vad-gor-vi\/gemensamma-projekt\/\",\"name\":\"Gemensamma projekt - Lovisa Rotaryklubb - Loviisan Rotaryklubi\",\"isPartOf\":{\"@id\":\"https:\/\/rotary.fi\/loviisa\/#website\"},\"datePublished\":\"2019-03-20T04:25:16+00:00\",\"dateModified\":\"2019-11-18T11:38:44+00:00\",\"breadcrumb\":{\"@id\":\"https:\/\/rotary.fi\/loviisa\/sv\/vad-gor-vi\/gemensamma-projekt\/#breadcrumb\"},\"inLanguage\":\"fi\",\"potentialAction\":[{\"@type\":\"ReadAction\",\"target\":[\"https:\/\/rotary.fi\/loviisa\/sv\/vad-gor-vi\/gemensamma-projekt\/\"]}]},{\"@type\":\"BreadcrumbList\",\"@id\":\"https:\/\/rotary.fi\/loviisa\/sv\/vad-gor-vi\/gemensamma-projekt\/#breadcrumb\",\"itemListElement\":[{\"@type\":\"ListItem\",\"position\":1,\"name\":\"Home\",\"item\":\"https:\/\/rotary.fi\/loviisa\/\"},{\"@type\":\"ListItem\",\"position\":2,\"name\":\"Vad g\u00f6r vi\",\"item\":\"https:\/\/rotary.fi\/loviisa\/sv\/vad-gor-vi\/\"},{\"@type\":\"ListItem\",\"position\":3,\"name\":\"Gemensamma projekt\"}]},{\"@type\":\"WebSite\",\"@id\":\"https:\/\/rotary.fi\/loviisa\/#website\",\"url\":\"https:\/\/rotary.fi\/loviisa\/\",\"name\":\"Lovisa Rotaryklubb - Loviisan Rotaryklubi\",\"description\":\"Uusi Rotary klubisivusto\",\"potentialAction\":[{\"@type\":\"SearchAction\",\"target\":{\"@type\":\"EntryPoint\",\"urlTemplate\":\"https:\/\/rotary.fi\/loviisa\/?s={search_term_string}\"},\"query-input\":{\"@type\":\"PropertyValueSpecification\",\"valueRequired\":true,\"valueName\":\"search_term_string\"}}],\"inLanguage\":\"fi\"}]}<\/script>\n<!-- \/ Yoast SEO plugin. -->","yoast_head_json":{"title":"Gemensamma projekt - Lovisa Rotaryklubb - Loviisan Rotaryklubi","robots":{"index":"index","follow":"follow","max-snippet":"max-snippet:-1","max-image-preview":"max-image-preview:large","max-video-preview":"max-video-preview:-1"},"canonical":"https:\/\/rotary.fi\/loviisa\/sv\/vad-gor-vi\/gemensamma-projekt\/","og_locale":"fi_FI","og_type":"article","og_title":"Gemensamma projekt - Lovisa Rotaryklubb - Loviisan Rotaryklubi","og_description":"Gemensamma projekt Gemensamma projekt &nbsp; Vi deltar i v\u00e5rt distrikts Rotary Day -dag. Rotary Day \u00e4r ett evenemang d\u00e4r vi ber\u00e4ttar om b\u00e5de Rotary och verksamheten i v\u00e5r klubb bl.a. om v\u00e5rt ungdomsutbytesarbete och v\u00e5ra projekt. Vi s\u00e4ljer produkter vid evenemang f\u00f6r att finansiera v\u00e5r service- och v\u00e4lg\u00f6renhetsverksamhet. F\u00f6lj v\u00e5r verksamhet. Vi informerar om n\u00e4sta [&hellip;]","og_url":"https:\/\/rotary.fi\/loviisa\/sv\/vad-gor-vi\/gemensamma-projekt\/","og_site_name":"Lovisa Rotaryklubb - Loviisan Rotaryklubi","article_modified_time":"2019-11-18T11:38:44+00:00","twitter_card":"summary_large_image","twitter_misc":{"Arvioitu lukuaika":"5 minuuttia"},"schema":{"@context":"https:\/\/schema.org","@graph":[{"@type":"WebPage","@id":"https:\/\/rotary.fi\/loviisa\/sv\/vad-gor-vi\/gemensamma-projekt\/","url":"https:\/\/rotary.fi\/loviisa\/sv\/vad-gor-vi\/gemensamma-projekt\/","name":"Gemensamma projekt - Lovisa Rotaryklubb - Loviisan Rotaryklubi","isPartOf":{"@id":"https:\/\/rotary.fi\/loviisa\/#website"},"datePublished":"2019-03-20T04:25:16+00:00","dateModified":"2019-11-18T11:38:44+00:00","breadcrumb":{"@id":"https:\/\/rotary.fi\/loviisa\/sv\/vad-gor-vi\/gemensamma-projekt\/#breadcrumb"},"inLanguage":"fi","potentialAction":[{"@type":"ReadAction","target":["https:\/\/rotary.fi\/loviisa\/sv\/vad-gor-vi\/gemensamma-projekt\/"]}]},{"@type":"BreadcrumbList","@id":"https:\/\/rotary.fi\/loviisa\/sv\/vad-gor-vi\/gemensamma-projekt\/#breadcrumb","itemListElement":[{"@type":"ListItem","position":1,"name":"Home","item":"https:\/\/rotary.fi\/loviisa\/"},{"@type":"ListItem","position":2,"name":"Vad g\u00f6r vi","item":"https:\/\/rotary.fi\/loviisa\/sv\/vad-gor-vi\/"},{"@type":"ListItem","position":3,"name":"Gemensamma projekt"}]},{"@type":"WebSite","@id":"https:\/\/rotary.fi\/loviisa\/#website","url":"https:\/\/rotary.fi\/loviisa\/","name":"Lovisa Rotaryklubb - Loviisan Rotaryklubi","description":"Uusi Rotary klubisivusto","potentialAction":[{"@type":"SearchAction","target":{"@type":"EntryPoint","urlTemplate":"https:\/\/rotary.fi\/loviisa\/?s={search_term_string}"},"query-input":{"@type":"PropertyValueSpecification","valueRequired":true,"valueName":"search_term_string"}}],"inLanguage":"fi"}]}},"lang":"sv","translations":{"sv":1617,"fi":160},"pll_sync_post":[],"_links":{"self":[{"href":"https:\/\/rotary.fi\/loviisa\/wp-json\/wp\/v2\/pages\/1617","targetHints":{"allow":["GET"]}}],"collection":[{"href":"https:\/\/rotary.fi\/loviisa\/wp-json\/wp\/v2\/pages"}],"about":[{"href":"https:\/\/rotary.fi\/loviisa\/wp-json\/wp\/v2\/types\/page"}],"author":[{"embeddable":true,"href":"https:\/\/rotary.fi\/loviisa\/wp-json\/wp\/v2\/users\/1"}],"replies":[{"embeddable":true,"href":"https:\/\/rotary.fi\/loviisa\/wp-json\/wp\/v2\/comments?post=1617"}],"version-history":[{"count":7,"href":"https:\/\/rotary.fi\/loviisa\/wp-json\/wp\/v2\/pages\/1617\/revisions"}],"predecessor-version":[{"id":2068,"href":"https:\/\/rotary.fi\/loviisa\/wp-json\/wp\/v2\/pages\/1617\/revisions\/2068"}],"up":[{"embeddable":true,"href":"https:\/\/rotary.fi\/loviisa\/wp-json\/wp\/v2\/pages\/1602"}],"wp:attachment":[{"href":"https:\/\/rotary.fi\/loviisa\/wp-json\/wp\/v2\/media?parent=1617"}],"curies":[{"name":"wp","href":"https:\/\/api.w.org\/{rel}","templated":true}]}}