{"id":1584,"date":"2019-03-19T14:56:44","date_gmt":"2019-03-19T12:56:44","guid":{"rendered":"https:\/\/rotary.fi\/loviisa\/?page_id=1584"},"modified":"2019-11-06T12:55:54","modified_gmt":"2019-11-06T10:55:54","slug":"vi-har-nojet-att-presentera","status":"publish","type":"page","link":"https:\/\/rotary.fi\/loviisa\/sv\/vem-ar-vi\/vi-har-nojet-att-presentera\/","title":{"rendered":"Vi har n\u00f6jet att presentera"},"content":{"rendered":"<p>[et_pb_section fb_built=&#8221;1&#8243; module_class=&#8221;jumbotron-page&#8221; _builder_version=&#8221;3.22&#8243; background_image=&#8221;https:\/\/rotary.fi\/loviisa\/wp-content\/uploads\/sites\/133\/2018\/10\/rotary_klubit_alasivu_paakuva_14.jpg&#8221;][et_pb_row _builder_version=&#8221;3.25&#8243; background_size=&#8221;initial&#8221; background_position=&#8221;top_left&#8221; background_repeat=&#8221;repeat&#8221;][et_pb_column type=&#8221;4_4&#8243; _builder_version=&#8221;3.25&#8243; custom_padding=&#8221;|||&#8221; custom_padding__hover=&#8221;|||&#8221;][et_pb_text admin_label=&#8221;Main \/\/ Vi har n\u00f6jet att presentera&#8221; _builder_version=&#8221;3.27.4&#8243; text_orientation=&#8221;center&#8221; background_layout=&#8221;dark&#8221;]<\/p>\n<h1>Vi har n\u00f6jet att presentera<\/h1>\n<p>[\/et_pb_text][\/et_pb_column][\/et_pb_row][\/et_pb_section][et_pb_section fb_built=&#8221;1&#8243; specialty=&#8221;on&#8221; module_class_2=&#8221;sivupalkki&#8221; _builder_version=&#8221;3.22&#8243;][et_pb_column type=&#8221;2_3&#8243; specialty_columns=&#8221;2&#8243; _builder_version=&#8221;3.25&#8243; custom_padding=&#8221;|||&#8221; custom_padding__hover=&#8221;|||&#8221;][et_pb_row_inner admin_label=&#8221;Rivi&#8221; _builder_version=&#8221;3.25&#8243;][et_pb_column_inner saved_specialty_column_type=&#8221;2_3&#8243; _builder_version=&#8221;3.25&#8243; custom_padding=&#8221;|||&#8221; custom_padding__hover=&#8221;|||&#8221;][et_pb_text admin_label=&#8221;Vi har n\u00f6jet att presentera &#8211; rubrik&#8221; _builder_version=&#8221;3.27.4&#8243; text_orientation=&#8221;center&#8221;]<\/p>\n<h1>Vi har n\u00f6jet att presentera<\/h1>\n<p>[\/et_pb_text][et_pb_text admin_label=&#8221;Text: Vi har n\u00f6jet att presentera&#8221; _builder_version=&#8221;3.27.4&#8243;]<\/p>\n<p>&nbsp;<\/p>\n<h1>Degerby Gille, v\u00e5r m\u00f6tesplats<\/h1>\n<h4><\/h4>\n<h4><\/h4>\n<p>Om du vill k\u00e4nna historiens vingar, l\u00f6nar det sig att bes\u00f6ka Degerby Gille. Byggnaden \u00e4r bygd 1695 och \u00e4r bel\u00e4gen i den \u00e4ldsta delen av Lovisa. Byggnaden har under tidernas g\u00e5ng fungerat som sjukhus, skola, r\u00e5dhus, museum samt bostad och sedan \u00e5r 1930 som restaurant. Fr\u00e5n torget \u00e4 det en fem minuters promenad till Smedsgr\u00e4nd och parkeringsplatser finns n\u00e4ra.<\/p>\n<p>Inredningen har bevarats i sin ursprungliga form och intr\u00e4det i huset \u00e4r m\u00e4ktigt. I restaurangen finns plats f\u00f6r 80 g\u00e4ster, utrymmet \u00e4r indelat i fem rum av olika storlek. Byggnaden har sett lovisabornas fester och m\u00f6ten, men ocks\u00e5 vardagen. Degerby Gille \u00e4r en gammal klubblokal och flera organisationer har i generation efter generation anv\u00e4nt utrymmen som m\u00f6teslokal. Lovisa Rotaryklubb allt sedan grundandet.<\/p>\n<p>P\u00e5 v\u00e4ggarna finns portr\u00e4tt av betydelsefulla personer av vilka Lovisa Ulrikas, av vilken staden f\u00e5tt sitt namn, \u00e4r den centralaste. Gustav III bodde troligtvis i flera repriser under ryska kriget p\u00e5 1780-talet d\u00e4r. Flera f\u00f6rem\u00e5l och m\u00f6bler har sin egen historia. Denna dag hittas endast i bruksf\u00f6rem\u00e5l och i k\u00f6ket, tiden har stannat i inredningen.<\/p>\n<p>Degerby Gille har under tidens g\u00e5ng m\u00f6tt m\u00e5nga hott och provningar men alltid har det i staden hittats de som gett sin insats f\u00f6r den historiska byggnaden och dess framtid. Vi dagens anv\u00e4ndare \u00e4r tacksamma v\u00e5ra f\u00f6rf\u00e4der och vill h\u00e5lla byggnaden, ocks\u00e5 i forts\u00e4ttningen livskraftig och v\u00e4lm\u00e5ende.<\/p>\n<p>&nbsp;<\/p>\n<p>[\/et_pb_text][et_pb_button button_text=&#8221;Degerby Gille&#8221; _builder_version=&#8221;4.0.5&#8243; button_url=&#8221;http:\/\/www.degerbygille.fi\/&#8221; hover_enabled=&#8221;0&#8243;][\/et_pb_button][\/et_pb_column_inner][\/et_pb_row_inner][\/et_pb_column][et_pb_column type=&#8221;1_3&#8243; _builder_version=&#8221;3.25&#8243; custom_padding=&#8221;|||&#8221; custom_padding__hover=&#8221;|||&#8221;][et_pb_sidebar area=&#8221;sidebar-1&#8243; admin_label=&#8221;Sidebar&#8221; module_class=&#8221;sivupalkki_sisalto&#8221; _builder_version=&#8221;3.21&#8243; locked=&#8221;on&#8221;][\/et_pb_sidebar][\/et_pb_column][\/et_pb_section]<\/p>\n","protected":false},"excerpt":{"rendered":"<p>Vi har n\u00f6jet att presentera Vi har n\u00f6jet att presentera &nbsp; Degerby Gille, v\u00e5r m\u00f6tesplats Om du vill k\u00e4nna historiens vingar, l\u00f6nar det sig att bes\u00f6ka Degerby Gille. Byggnaden \u00e4r bygd 1695 och \u00e4r bel\u00e4gen i den \u00e4ldsta delen av Lovisa. Byggnaden har under tidernas g\u00e5ng fungerat som sjukhus, skola, r\u00e5dhus, museum samt bostad och [&hellip;]<\/p>\n","protected":false},"author":1,"featured_media":0,"parent":1565,"menu_order":5,"comment_status":"closed","ping_status":"closed","template":"","meta":{"_acf_changed":false,"_et_pb_use_builder":"on","_et_pb_old_content":"","_et_gb_content_width":"","footnotes":""},"class_list":["post-1584","page","type-page","status-publish","hentry"],"acf":[],"yoast_head":"<!-- This site is optimized with the Yoast SEO plugin v27.0 - https:\/\/yoast.com\/product\/yoast-seo-wordpress\/ -->\n<title>Vi har n\u00f6jet att presentera - Lovisa Rotaryklubb - Loviisan Rotaryklubi<\/title>\n<meta name=\"robots\" content=\"index, follow, max-snippet:-1, max-image-preview:large, max-video-preview:-1\" \/>\n<link rel=\"canonical\" href=\"https:\/\/rotary.fi\/loviisa\/sv\/vem-ar-vi\/vi-har-nojet-att-presentera\/\" \/>\n<meta property=\"og:locale\" content=\"fi_FI\" \/>\n<meta property=\"og:type\" content=\"article\" \/>\n<meta property=\"og:title\" content=\"Vi har n\u00f6jet att presentera - Lovisa Rotaryklubb - Loviisan Rotaryklubi\" \/>\n<meta property=\"og:description\" content=\"Vi har n\u00f6jet att presentera Vi har n\u00f6jet att presentera &nbsp; Degerby Gille, v\u00e5r m\u00f6tesplats Om du vill k\u00e4nna historiens vingar, l\u00f6nar det sig att bes\u00f6ka Degerby Gille. Byggnaden \u00e4r bygd 1695 och \u00e4r bel\u00e4gen i den \u00e4ldsta delen av Lovisa. Byggnaden har under tidernas g\u00e5ng fungerat som sjukhus, skola, r\u00e5dhus, museum samt bostad och [&hellip;]\" \/>\n<meta property=\"og:url\" content=\"https:\/\/rotary.fi\/loviisa\/sv\/vem-ar-vi\/vi-har-nojet-att-presentera\/\" \/>\n<meta property=\"og:site_name\" content=\"Lovisa Rotaryklubb - Loviisan Rotaryklubi\" \/>\n<meta property=\"article:modified_time\" content=\"2019-11-06T10:55:54+00:00\" \/>\n<meta name=\"twitter:card\" content=\"summary_large_image\" \/>\n<meta name=\"twitter:label1\" content=\"Arvioitu lukuaika\" \/>\n\t<meta name=\"twitter:data1\" content=\"3 minuuttia\" \/>\n<script type=\"application\/ld+json\" class=\"yoast-schema-graph\">{\"@context\":\"https:\/\/schema.org\",\"@graph\":[{\"@type\":\"WebPage\",\"@id\":\"https:\/\/rotary.fi\/loviisa\/sv\/vem-ar-vi\/vi-har-nojet-att-presentera\/\",\"url\":\"https:\/\/rotary.fi\/loviisa\/sv\/vem-ar-vi\/vi-har-nojet-att-presentera\/\",\"name\":\"Vi har n\u00f6jet att presentera - Lovisa Rotaryklubb - Loviisan Rotaryklubi\",\"isPartOf\":{\"@id\":\"https:\/\/rotary.fi\/loviisa\/#website\"},\"datePublished\":\"2019-03-19T12:56:44+00:00\",\"dateModified\":\"2019-11-06T10:55:54+00:00\",\"breadcrumb\":{\"@id\":\"https:\/\/rotary.fi\/loviisa\/sv\/vem-ar-vi\/vi-har-nojet-att-presentera\/#breadcrumb\"},\"inLanguage\":\"fi\",\"potentialAction\":[{\"@type\":\"ReadAction\",\"target\":[\"https:\/\/rotary.fi\/loviisa\/sv\/vem-ar-vi\/vi-har-nojet-att-presentera\/\"]}]},{\"@type\":\"BreadcrumbList\",\"@id\":\"https:\/\/rotary.fi\/loviisa\/sv\/vem-ar-vi\/vi-har-nojet-att-presentera\/#breadcrumb\",\"itemListElement\":[{\"@type\":\"ListItem\",\"position\":1,\"name\":\"Home\",\"item\":\"https:\/\/rotary.fi\/loviisa\/\"},{\"@type\":\"ListItem\",\"position\":2,\"name\":\"Vem \u00e4r vi\",\"item\":\"https:\/\/rotary.fi\/loviisa\/sv\/vem-ar-vi\/\"},{\"@type\":\"ListItem\",\"position\":3,\"name\":\"Vi har n\u00f6jet att presentera\"}]},{\"@type\":\"WebSite\",\"@id\":\"https:\/\/rotary.fi\/loviisa\/#website\",\"url\":\"https:\/\/rotary.fi\/loviisa\/\",\"name\":\"Lovisa Rotaryklubb - Loviisan Rotaryklubi\",\"description\":\"Uusi Rotary klubisivusto\",\"potentialAction\":[{\"@type\":\"SearchAction\",\"target\":{\"@type\":\"EntryPoint\",\"urlTemplate\":\"https:\/\/rotary.fi\/loviisa\/?s={search_term_string}\"},\"query-input\":{\"@type\":\"PropertyValueSpecification\",\"valueRequired\":true,\"valueName\":\"search_term_string\"}}],\"inLanguage\":\"fi\"}]}<\/script>\n<!-- \/ Yoast SEO plugin. -->","yoast_head_json":{"title":"Vi har n\u00f6jet att presentera - Lovisa Rotaryklubb - Loviisan Rotaryklubi","robots":{"index":"index","follow":"follow","max-snippet":"max-snippet:-1","max-image-preview":"max-image-preview:large","max-video-preview":"max-video-preview:-1"},"canonical":"https:\/\/rotary.fi\/loviisa\/sv\/vem-ar-vi\/vi-har-nojet-att-presentera\/","og_locale":"fi_FI","og_type":"article","og_title":"Vi har n\u00f6jet att presentera - Lovisa Rotaryklubb - Loviisan Rotaryklubi","og_description":"Vi har n\u00f6jet att presentera Vi har n\u00f6jet att presentera &nbsp; Degerby Gille, v\u00e5r m\u00f6tesplats Om du vill k\u00e4nna historiens vingar, l\u00f6nar det sig att bes\u00f6ka Degerby Gille. Byggnaden \u00e4r bygd 1695 och \u00e4r bel\u00e4gen i den \u00e4ldsta delen av Lovisa. Byggnaden har under tidernas g\u00e5ng fungerat som sjukhus, skola, r\u00e5dhus, museum samt bostad och [&hellip;]","og_url":"https:\/\/rotary.fi\/loviisa\/sv\/vem-ar-vi\/vi-har-nojet-att-presentera\/","og_site_name":"Lovisa Rotaryklubb - Loviisan Rotaryklubi","article_modified_time":"2019-11-06T10:55:54+00:00","twitter_card":"summary_large_image","twitter_misc":{"Arvioitu lukuaika":"3 minuuttia"},"schema":{"@context":"https:\/\/schema.org","@graph":[{"@type":"WebPage","@id":"https:\/\/rotary.fi\/loviisa\/sv\/vem-ar-vi\/vi-har-nojet-att-presentera\/","url":"https:\/\/rotary.fi\/loviisa\/sv\/vem-ar-vi\/vi-har-nojet-att-presentera\/","name":"Vi har n\u00f6jet att presentera - Lovisa Rotaryklubb - Loviisan Rotaryklubi","isPartOf":{"@id":"https:\/\/rotary.fi\/loviisa\/#website"},"datePublished":"2019-03-19T12:56:44+00:00","dateModified":"2019-11-06T10:55:54+00:00","breadcrumb":{"@id":"https:\/\/rotary.fi\/loviisa\/sv\/vem-ar-vi\/vi-har-nojet-att-presentera\/#breadcrumb"},"inLanguage":"fi","potentialAction":[{"@type":"ReadAction","target":["https:\/\/rotary.fi\/loviisa\/sv\/vem-ar-vi\/vi-har-nojet-att-presentera\/"]}]},{"@type":"BreadcrumbList","@id":"https:\/\/rotary.fi\/loviisa\/sv\/vem-ar-vi\/vi-har-nojet-att-presentera\/#breadcrumb","itemListElement":[{"@type":"ListItem","position":1,"name":"Home","item":"https:\/\/rotary.fi\/loviisa\/"},{"@type":"ListItem","position":2,"name":"Vem \u00e4r vi","item":"https:\/\/rotary.fi\/loviisa\/sv\/vem-ar-vi\/"},{"@type":"ListItem","position":3,"name":"Vi har n\u00f6jet att presentera"}]},{"@type":"WebSite","@id":"https:\/\/rotary.fi\/loviisa\/#website","url":"https:\/\/rotary.fi\/loviisa\/","name":"Lovisa Rotaryklubb - Loviisan Rotaryklubi","description":"Uusi Rotary klubisivusto","potentialAction":[{"@type":"SearchAction","target":{"@type":"EntryPoint","urlTemplate":"https:\/\/rotary.fi\/loviisa\/?s={search_term_string}"},"query-input":{"@type":"PropertyValueSpecification","valueRequired":true,"valueName":"search_term_string"}}],"inLanguage":"fi"}]}},"lang":"sv","translations":{"sv":1584},"pll_sync_post":[],"_links":{"self":[{"href":"https:\/\/rotary.fi\/loviisa\/wp-json\/wp\/v2\/pages\/1584","targetHints":{"allow":["GET"]}}],"collection":[{"href":"https:\/\/rotary.fi\/loviisa\/wp-json\/wp\/v2\/pages"}],"about":[{"href":"https:\/\/rotary.fi\/loviisa\/wp-json\/wp\/v2\/types\/page"}],"author":[{"embeddable":true,"href":"https:\/\/rotary.fi\/loviisa\/wp-json\/wp\/v2\/users\/1"}],"replies":[{"embeddable":true,"href":"https:\/\/rotary.fi\/loviisa\/wp-json\/wp\/v2\/comments?post=1584"}],"version-history":[{"count":8,"href":"https:\/\/rotary.fi\/loviisa\/wp-json\/wp\/v2\/pages\/1584\/revisions"}],"predecessor-version":[{"id":1978,"href":"https:\/\/rotary.fi\/loviisa\/wp-json\/wp\/v2\/pages\/1584\/revisions\/1978"}],"up":[{"embeddable":true,"href":"https:\/\/rotary.fi\/loviisa\/wp-json\/wp\/v2\/pages\/1565"}],"wp:attachment":[{"href":"https:\/\/rotary.fi\/loviisa\/wp-json\/wp\/v2\/media?parent=1584"}],"curies":[{"name":"wp","href":"https:\/\/api.w.org\/{rel}","templated":true}]}}