{"id":1573,"date":"2019-03-19T14:27:31","date_gmt":"2019-03-19T12:27:31","guid":{"rendered":"https:\/\/rotary.fi\/loviisa\/?page_id=1573"},"modified":"2019-10-29T13:20:49","modified_gmt":"2019-10-29T11:20:49","slug":"arstema","status":"publish","type":"page","link":"https:\/\/rotary.fi\/loviisa\/sv\/vem-ar-vi\/arstema\/","title":{"rendered":"\u00c5rstema"},"content":{"rendered":"<p>[et_pb_section fb_built=&#8221;1&#8243; module_class=&#8221;jumbotron-page&#8221; _builder_version=&#8221;3.22&#8243; background_image=&#8221;https:\/\/rotary.fi\/loviisa\/wp-content\/uploads\/sites\/133\/2018\/08\/rotary_klubit_alasivu_paakuva_7.jpg&#8221; bb_built=&#8221;1&#8243; _i=&#8221;0&#8243; _address=&#8221;0&#8243;][et_pb_row _builder_version=&#8221;3.25&#8243; background_size=&#8221;initial&#8221; background_position=&#8221;top_left&#8221; background_repeat=&#8221;repeat&#8221; _i=&#8221;0&#8243; _address=&#8221;0.0&#8243;][et_pb_column type=&#8221;4_4&#8243; _builder_version=&#8221;3.25&#8243; custom_padding=&#8221;|||&#8221; _i=&#8221;0&#8243; _address=&#8221;0.0.0&#8243; custom_padding__hover=&#8221;|||&#8221;][et_pb_text admin_label=&#8221;Main \/\/ \u00c5rstema&#8221; _builder_version=&#8221;3.27.4&#8243; text_orientation=&#8221;center&#8221; background_layout=&#8221;dark&#8221; _i=&#8221;0&#8243; _address=&#8221;0.0.0.0&#8243;]<\/p>\n<h1>Rotary Internationals \u00e5rstema<\/h1>\n<p>[\/et_pb_text][\/et_pb_column][\/et_pb_row][\/et_pb_section][et_pb_section fb_built=&#8221;1&#8243; specialty=&#8221;on&#8221; module_class_2=&#8221;sivupalkki&#8221; _builder_version=&#8221;3.22&#8243; bb_built=&#8221;1&#8243; _i=&#8221;1&#8243; _address=&#8221;1&#8243;][et_pb_column type=&#8221;2_3&#8243; specialty_columns=&#8221;2&#8243; _builder_version=&#8221;3.25&#8243; custom_padding=&#8221;|||&#8221; _i=&#8221;0&#8243; _address=&#8221;1.0&#8243; custom_padding__hover=&#8221;|||&#8221;][et_pb_row_inner admin_label=&#8221;Rivi&#8221; _builder_version=&#8221;3.25&#8243; _i=&#8221;1&#8243; _address=&#8221;1.0.1&#8243;][et_pb_column_inner saved_specialty_column_type=&#8221;2_3&#8243; _builder_version=&#8221;3.25&#8243; custom_padding=&#8221;|||&#8221; _i=&#8221;0&#8243; _address=&#8221;1.0.1.0&#8243; custom_padding__hover=&#8221;|||&#8221;][et_pb_text admin_label=&#8221;Rotary Internationals \u00e5rstema &#8211; rubrik&#8221; _builder_version=&#8221;3.27.4&#8243; text_orientation=&#8221;center&#8221; _i=&#8221;0&#8243; _address=&#8221;1.0.1.0.0&#8243;]<\/p>\n<h1>Rotary Internationals \u00e5rstema<\/h1>\n<p>[\/et_pb_text][et_pb_text admin_label=&#8221;Text: \u00e5rstema&#8221; _builder_version=&#8221;3.27.4&#8243; _i=&#8221;1&#8243; _address=&#8221;1.0.1.0.1&#8243;]<\/p>\n<p>&nbsp;<\/p>\n<div class=\"et_post_meta_wrapper\" style=\"background-color: transparent;background-image: none;color: #263b4c;quot;quot;,helvetica,arial,lucida,sans-serif;font-size: 100%;font-style: normal;font-variant: normal;font-weight: 500;letter-spacing: normal;text-align: left;text-decoration: none;text-indent: 0px;text-transform: none;vertical-align: baseline;padding: 0px;margin: 0px;border: 0px none currentColor\">\n<h1 class=\"entry-title\" style=\"background-color: transparent;background-image: none;color: #019fcb;quot;quot;quot;quot;,serif;font-size: 48px;font-weight: 500;line-height: 1em;vertical-align: baseline;padding: 0px 0px 10px 0px;margin: 2.5% 0px 0px 0px;border: 0px none currentColor\">TEMA 2019 \u2013 2020<\/h1>\n<p class=\"post-meta\" style=\"background-color: transparent;background-image: none;font-size: 14px;vertical-align: baseline;padding: 0px 0px 15px 0px;margin: 0px 0px 6px 0px;border: 0px none currentColor\"><span class=\"published\" style=\"background-color: transparent;background-image: none;font-size: 100%;vertical-align: baseline;padding: 0px;margin: 0px;border: 0px none currentColor\">4.7.2019<\/span><\/p>\n<\/div>\n<div class=\"entry-content\" style=\"background-color: transparent;background-image: none;color: #263b4c;quot;quot;,helvetica,arial,lucida,sans-serif;font-size: 100%;font-style: normal;font-variant: normal;font-weight: 500;letter-spacing: normal;text-align: left;text-decoration: none;text-indent: 0px;text-transform: none;vertical-align: baseline;padding: 30px 0px 0px 0px;margin: 0px;border: 0px none currentColor\">\n<h5 style=\"background-color: transparent;background-image: none;color: #019fcb;quot;quot;quot;quot;,serif;font-size: 25px;font-weight: 500;line-height: 1em;vertical-align: baseline;padding: 0px 0px 10px 0px;margin: 0px;border: 0px none currentColor\"><img loading=\"lazy\" decoding=\"async\" width=\"517\" height=\"138\" class=\"wp-image-2325 aligncenter\" style=\"background-color: transparent;background-image: none;font-size: 100%;height: auto;max-width: 100%;vertical-align: baseline;padding: 0px;margin: 0px auto 0px auto;border: 0px none currentColor\" alt=\"\" src=\"https:\/\/rotary.fi\/wp-content\/uploads\/2019\/01\/teema_2019-20_fi_sve_en-768x205.jpg\" \/><\/h5>\n<h5 style=\"background-color: transparent;background-image: none;color: #019fcb;quot;quot;quot;quot;,serif;font-size: 25px;font-weight: 500;line-height: 1em;vertical-align: baseline;padding: 0px 0px 10px 0px;margin: 0px;border: 0px none currentColor\"><strong style=\"background-color: transparent;background-image: none;font-size: 100%;font-weight: bold;vertical-align: baseline;padding: 0px;margin: 0px;border: 0px none currentColor\">ROTARY F\u00d6RENAR V\u00c4RLDEN \u2013 ROTARY CONNECTS THE WORLD \u2013 ROTARY YHDIST\u00c4\u00c4 MAAILMAN<\/strong><\/h5>\n<p style=\"background-color: transparent;background-image: none;font-size: 100%;vertical-align: baseline;padding: 0px 0px 1em 0px;margin: 0px;border: 0px none currentColor\">Rotary f\u00f6renar m\u00e4nskor, familjer och platser och erbjuder olika yrkesut\u00f6vare ett s\u00e4tt att n\u00e4tverka och knyta starka och best\u00e5ende v\u00e4nskapsband.<\/p>\n<p style=\"background-color: transparent;background-image: none;font-size: 100%;vertical-align: baseline;padding: 0px 0px 1em 0px;margin: 0px;border: 0px none currentColor\">Rotarys tj\u00e4nande f\u00f6renar oss med m\u00e4nniskor som delar v\u00e5ra v\u00e4rderingar och som vill verka f\u00f6r en b\u00e4ttre v\u00e4rld. Rotary f\u00f6renar oss med m\u00e4nskor som beh\u00f6ver v\u00e5r hj\u00e4lp och d\u00e5 f\u00e5r vi en chans att f\u00f6rb\u00e4ttra levnadsvillkoren p\u00e5 platser runtom i v\u00e4rlden.<\/p>\n<p style=\"background-color: transparent;background-image: none;font-size: 100%;vertical-align: baseline;padding: 0px 0px 1em 0px;margin: 0px;border: 0px none currentColor\">Rotary kan vara, och beh\u00f6ver vara, en erfarenhet som berikar v\u00e5ra familjer, inte en konkurrent till familjen. N\u00e4r v\u00e5ra rotaryklubbar \u00e4r platser som v\u00e4lkomna nytillkomna och d\u00e4r tj\u00e4nandet och familjen g\u00e5r hand i hand, d\u00e5 ger vi unga yrkesut\u00f6vare med familjen i fokus en m\u00f6jlighet att l\u00e5ta sig inspireras av Rotarys tj\u00e4nande och planera f\u00f6r en positiv ideell verksamhet.<\/p>\n<p style=\"background-color: transparent;background-image: none;font-size: 100%;vertical-align: baseline;padding: 0px 0px 1em 0px;margin: 0px;border: 0px none currentColor\">V\u00e5r m\u00e5ls\u00e4ttning f\u00f6r 2019-2020 \u00e4r att st\u00e4rka de s\u00e4tt p\u00e5 vilka Rotary f\u00f6renar v\u00e4rlden genom att knyta kontakter s\u00e5 att beg\u00e5vade, empatiska och osj\u00e4lviska m\u00e4nskor kan g\u00e5 samman och g\u00f6ra stora insatser genom Rotarys tj\u00e4nande.<\/p>\n<p style=\"background-color: transparent;background-image: none;font-size: 100%;vertical-align: baseline;padding: 0px 0px 1em 0px;margin: 0px;border: 0px none currentColor\"><em style=\"background-color: transparent;background-image: none;font-size: 1.4em;font-style: italic;font-weight: 600;vertical-align: baseline;padding: 0px;margin: 0px;border: 0px none currentColor\">Mark Daniel Maloney<br \/> <\/em>President, Rotary International, 2019 \u2013 2020<\/p>\n<p style=\"background-color: transparent;background-image: none;font-size: 100%;vertical-align: baseline;padding: 0px 0px 1em 0px;margin: 0px;border: 0px none currentColor\">Presidentens tema och hedersomn\u00e4mnande <a style=\"background-color: transparent;background-image: none;color: #f7a81b;font-size: 100%;text-decoration: none;vertical-align: baseline;padding: 0px;margin: 0px;border: 0px none currentColor\" href=\"https:\/\/www.dropbox.com\/sh\/w1w1cyexk4wlzdv\/AAACdYUEuFU7qjWZuyO41i1Ja\/7%20-%20Svenska\/Presidentens_Tema_Logor\/2019-20\/Presidentens%20tema%20och%20hedersomn%C3%A4mnande?dl=0&amp;preview=900SV19_Tema+och+Rotarys+hedersomn%C3%A4mnande.pdf&amp;subfolder_nav_tracking=1\">L\u00e4nk<\/a><\/p>\n<p style=\"background-color: transparent;background-image: none;font-size: 100%;vertical-align: baseline;padding: 0px;margin: 0px;border: 0px none currentColor\">Theme 2019-2020\u00a0<a style=\"background-color: transparent;background-image: none;color: #f7a81b;font-size: 100%;text-decoration: none;vertical-align: baseline;padding: 0px;margin: 0px;border: 0px none currentColor\" href=\"https:\/\/rotary.fi\/wp-content\/uploads\/2019\/01\/Mark-Daniel-Maloney-Rotary-connects-the-world.pdf\">Linkki<\/a><\/p>\n<\/div>\n<p>[\/et_pb_text][\/et_pb_column_inner][\/et_pb_row_inner][et_pb_row_inner admin_label=&#8221;Rivi&#8221; _builder_version=&#8221;3.25&#8243; _i=&#8221;2&#8243; _address=&#8221;1.0.2&#8243;][et_pb_column_inner saved_specialty_column_type=&#8221;2_3&#8243; _builder_version=&#8221;3.25&#8243; custom_padding=&#8221;|||&#8221; _i=&#8221;0&#8243; _address=&#8221;1.0.2.0&#8243; custom_padding__hover=&#8221;|||&#8221;][et_pb_text admin_label=&#8221;\u00c5rstemat f\u00f6r klubben &#8211; rubrik&#8221; _builder_version=&#8221;3.27.4&#8243; text_orientation=&#8221;center&#8221; _i=&#8221;0&#8243; _address=&#8221;1.0.2.0.0&#8243;]<\/p>\n<h4>\u00c5rstemat f\u00f6r Lovisa Rotaryklubb<\/h4>\n<p>[\/et_pb_text][et_pb_text admin_label=&#8221;Text: \u00c5rstemat f\u00f6r klubben&#8221; _builder_version=&#8221;3.27.4&#8243; _i=&#8221;1&#8243; _address=&#8221;1.0.2.0.1&#8243;]<\/p>\n<p class=\"p1\"><span class=\"s1\">V\u00e5r egen klubb koncentrerar sig p\u00e5 att aktivera medlemmarna och p\u00e5 att utveckla v\u00e5r yttre image. Vi vill g\u00f6ra Rotarys prestationer mera synliga. Vi riktar allt mera v\u00e5ra aktiviteter mot unga och deras familjer f\u00f6r att st\u00f6da deras uppv\u00e4xt mot en handlingskraftig, v\u00e4lm\u00e5ende vuxenhet.<\/span><\/p>\n<p>[\/et_pb_text][\/et_pb_column_inner][\/et_pb_row_inner][\/et_pb_column][et_pb_column type=&#8221;1_3&#8243; _builder_version=&#8221;3.25&#8243; custom_padding=&#8221;|||&#8221; _i=&#8221;1&#8243; _address=&#8221;1.1&#8243; custom_padding__hover=&#8221;|||&#8221;][et_pb_sidebar area=&#8221;sidebar-1&#8243; admin_label=&#8221;Sidebar&#8221; module_class=&#8221;sivupalkki_sisalto&#8221; _builder_version=&#8221;3.21&#8243; locked=&#8221;on&#8221; _i=&#8221;0&#8243; _address=&#8221;1.1.0&#8243;][\/et_pb_sidebar][\/et_pb_column][\/et_pb_section]<\/p>\n","protected":false},"excerpt":{"rendered":"<p>Rotary Internationals \u00e5rstema Rotary Internationals \u00e5rstema &nbsp; TEMA 2019 \u2013 2020 4.7.2019 ROTARY F\u00d6RENAR V\u00c4RLDEN \u2013 ROTARY CONNECTS THE WORLD \u2013 ROTARY YHDIST\u00c4\u00c4 MAAILMAN Rotary f\u00f6renar m\u00e4nskor, familjer och platser och erbjuder olika yrkesut\u00f6vare ett s\u00e4tt att n\u00e4tverka och knyta starka och best\u00e5ende v\u00e4nskapsband. Rotarys tj\u00e4nande f\u00f6renar oss med m\u00e4nniskor som delar v\u00e5ra v\u00e4rderingar och [&hellip;]<\/p>\n","protected":false},"author":1,"featured_media":0,"parent":1565,"menu_order":2,"comment_status":"closed","ping_status":"closed","template":"","meta":{"_acf_changed":false,"_et_pb_use_builder":"on","_et_pb_old_content":"","_et_gb_content_width":"","footnotes":""},"class_list":["post-1573","page","type-page","status-publish","hentry"],"acf":[],"yoast_head":"<!-- This site is optimized with the Yoast SEO plugin v27.0 - https:\/\/yoast.com\/product\/yoast-seo-wordpress\/ -->\n<title>\u00c5rstema - Lovisa Rotaryklubb - Loviisan Rotaryklubi<\/title>\n<meta name=\"robots\" content=\"index, follow, max-snippet:-1, max-image-preview:large, max-video-preview:-1\" \/>\n<link rel=\"canonical\" href=\"https:\/\/rotary.fi\/loviisa\/sv\/vem-ar-vi\/arstema\/\" \/>\n<meta property=\"og:locale\" content=\"fi_FI\" \/>\n<meta property=\"og:type\" content=\"article\" \/>\n<meta property=\"og:title\" content=\"\u00c5rstema - Lovisa Rotaryklubb - Loviisan Rotaryklubi\" \/>\n<meta property=\"og:description\" content=\"Rotary Internationals \u00e5rstema Rotary Internationals \u00e5rstema &nbsp; TEMA 2019 \u2013 2020 4.7.2019 ROTARY F\u00d6RENAR V\u00c4RLDEN \u2013 ROTARY CONNECTS THE WORLD \u2013 ROTARY YHDIST\u00c4\u00c4 MAAILMAN Rotary f\u00f6renar m\u00e4nskor, familjer och platser och erbjuder olika yrkesut\u00f6vare ett s\u00e4tt att n\u00e4tverka och knyta starka och best\u00e5ende v\u00e4nskapsband. Rotarys tj\u00e4nande f\u00f6renar oss med m\u00e4nniskor som delar v\u00e5ra v\u00e4rderingar och [&hellip;]\" \/>\n<meta property=\"og:url\" content=\"https:\/\/rotary.fi\/loviisa\/sv\/vem-ar-vi\/arstema\/\" \/>\n<meta property=\"og:site_name\" content=\"Lovisa Rotaryklubb - Loviisan Rotaryklubi\" \/>\n<meta property=\"article:modified_time\" content=\"2019-10-29T11:20:49+00:00\" \/>\n<meta name=\"twitter:card\" content=\"summary_large_image\" \/>\n<meta name=\"twitter:label1\" content=\"Arvioitu lukuaika\" \/>\n\t<meta name=\"twitter:data1\" content=\"3 minuuttia\" \/>\n<script type=\"application\/ld+json\" class=\"yoast-schema-graph\">{\"@context\":\"https:\/\/schema.org\",\"@graph\":[{\"@type\":\"WebPage\",\"@id\":\"https:\/\/rotary.fi\/loviisa\/sv\/vem-ar-vi\/arstema\/\",\"url\":\"https:\/\/rotary.fi\/loviisa\/sv\/vem-ar-vi\/arstema\/\",\"name\":\"\u00c5rstema - Lovisa Rotaryklubb - Loviisan Rotaryklubi\",\"isPartOf\":{\"@id\":\"https:\/\/rotary.fi\/loviisa\/#website\"},\"primaryImageOfPage\":{\"@id\":\"https:\/\/rotary.fi\/loviisa\/sv\/vem-ar-vi\/arstema\/#primaryimage\"},\"image\":{\"@id\":\"https:\/\/rotary.fi\/loviisa\/sv\/vem-ar-vi\/arstema\/#primaryimage\"},\"thumbnailUrl\":\"https:\/\/rotary.fi\/wp-content\/uploads\/2019\/01\/teema_2019-20_fi_sve_en-768x205.jpg\",\"datePublished\":\"2019-03-19T12:27:31+00:00\",\"dateModified\":\"2019-10-29T11:20:49+00:00\",\"breadcrumb\":{\"@id\":\"https:\/\/rotary.fi\/loviisa\/sv\/vem-ar-vi\/arstema\/#breadcrumb\"},\"inLanguage\":\"fi\",\"potentialAction\":[{\"@type\":\"ReadAction\",\"target\":[\"https:\/\/rotary.fi\/loviisa\/sv\/vem-ar-vi\/arstema\/\"]}]},{\"@type\":\"ImageObject\",\"inLanguage\":\"fi\",\"@id\":\"https:\/\/rotary.fi\/loviisa\/sv\/vem-ar-vi\/arstema\/#primaryimage\",\"url\":\"https:\/\/rotary.fi\/wp-content\/uploads\/2019\/01\/teema_2019-20_fi_sve_en-768x205.jpg\",\"contentUrl\":\"https:\/\/rotary.fi\/wp-content\/uploads\/2019\/01\/teema_2019-20_fi_sve_en-768x205.jpg\"},{\"@type\":\"BreadcrumbList\",\"@id\":\"https:\/\/rotary.fi\/loviisa\/sv\/vem-ar-vi\/arstema\/#breadcrumb\",\"itemListElement\":[{\"@type\":\"ListItem\",\"position\":1,\"name\":\"Home\",\"item\":\"https:\/\/rotary.fi\/loviisa\/\"},{\"@type\":\"ListItem\",\"position\":2,\"name\":\"Vem \u00e4r vi\",\"item\":\"https:\/\/rotary.fi\/loviisa\/sv\/vem-ar-vi\/\"},{\"@type\":\"ListItem\",\"position\":3,\"name\":\"\u00c5rstema\"}]},{\"@type\":\"WebSite\",\"@id\":\"https:\/\/rotary.fi\/loviisa\/#website\",\"url\":\"https:\/\/rotary.fi\/loviisa\/\",\"name\":\"Lovisa Rotaryklubb - Loviisan Rotaryklubi\",\"description\":\"Uusi Rotary klubisivusto\",\"potentialAction\":[{\"@type\":\"SearchAction\",\"target\":{\"@type\":\"EntryPoint\",\"urlTemplate\":\"https:\/\/rotary.fi\/loviisa\/?s={search_term_string}\"},\"query-input\":{\"@type\":\"PropertyValueSpecification\",\"valueRequired\":true,\"valueName\":\"search_term_string\"}}],\"inLanguage\":\"fi\"}]}<\/script>\n<!-- \/ Yoast SEO plugin. -->","yoast_head_json":{"title":"\u00c5rstema - Lovisa Rotaryklubb - Loviisan Rotaryklubi","robots":{"index":"index","follow":"follow","max-snippet":"max-snippet:-1","max-image-preview":"max-image-preview:large","max-video-preview":"max-video-preview:-1"},"canonical":"https:\/\/rotary.fi\/loviisa\/sv\/vem-ar-vi\/arstema\/","og_locale":"fi_FI","og_type":"article","og_title":"\u00c5rstema - Lovisa Rotaryklubb - Loviisan Rotaryklubi","og_description":"Rotary Internationals \u00e5rstema Rotary Internationals \u00e5rstema &nbsp; TEMA 2019 \u2013 2020 4.7.2019 ROTARY F\u00d6RENAR V\u00c4RLDEN \u2013 ROTARY CONNECTS THE WORLD \u2013 ROTARY YHDIST\u00c4\u00c4 MAAILMAN Rotary f\u00f6renar m\u00e4nskor, familjer och platser och erbjuder olika yrkesut\u00f6vare ett s\u00e4tt att n\u00e4tverka och knyta starka och best\u00e5ende v\u00e4nskapsband. Rotarys tj\u00e4nande f\u00f6renar oss med m\u00e4nniskor som delar v\u00e5ra v\u00e4rderingar och [&hellip;]","og_url":"https:\/\/rotary.fi\/loviisa\/sv\/vem-ar-vi\/arstema\/","og_site_name":"Lovisa Rotaryklubb - Loviisan Rotaryklubi","article_modified_time":"2019-10-29T11:20:49+00:00","twitter_card":"summary_large_image","twitter_misc":{"Arvioitu lukuaika":"3 minuuttia"},"schema":{"@context":"https:\/\/schema.org","@graph":[{"@type":"WebPage","@id":"https:\/\/rotary.fi\/loviisa\/sv\/vem-ar-vi\/arstema\/","url":"https:\/\/rotary.fi\/loviisa\/sv\/vem-ar-vi\/arstema\/","name":"\u00c5rstema - Lovisa Rotaryklubb - Loviisan Rotaryklubi","isPartOf":{"@id":"https:\/\/rotary.fi\/loviisa\/#website"},"primaryImageOfPage":{"@id":"https:\/\/rotary.fi\/loviisa\/sv\/vem-ar-vi\/arstema\/#primaryimage"},"image":{"@id":"https:\/\/rotary.fi\/loviisa\/sv\/vem-ar-vi\/arstema\/#primaryimage"},"thumbnailUrl":"https:\/\/rotary.fi\/wp-content\/uploads\/2019\/01\/teema_2019-20_fi_sve_en-768x205.jpg","datePublished":"2019-03-19T12:27:31+00:00","dateModified":"2019-10-29T11:20:49+00:00","breadcrumb":{"@id":"https:\/\/rotary.fi\/loviisa\/sv\/vem-ar-vi\/arstema\/#breadcrumb"},"inLanguage":"fi","potentialAction":[{"@type":"ReadAction","target":["https:\/\/rotary.fi\/loviisa\/sv\/vem-ar-vi\/arstema\/"]}]},{"@type":"ImageObject","inLanguage":"fi","@id":"https:\/\/rotary.fi\/loviisa\/sv\/vem-ar-vi\/arstema\/#primaryimage","url":"https:\/\/rotary.fi\/wp-content\/uploads\/2019\/01\/teema_2019-20_fi_sve_en-768x205.jpg","contentUrl":"https:\/\/rotary.fi\/wp-content\/uploads\/2019\/01\/teema_2019-20_fi_sve_en-768x205.jpg"},{"@type":"BreadcrumbList","@id":"https:\/\/rotary.fi\/loviisa\/sv\/vem-ar-vi\/arstema\/#breadcrumb","itemListElement":[{"@type":"ListItem","position":1,"name":"Home","item":"https:\/\/rotary.fi\/loviisa\/"},{"@type":"ListItem","position":2,"name":"Vem \u00e4r vi","item":"https:\/\/rotary.fi\/loviisa\/sv\/vem-ar-vi\/"},{"@type":"ListItem","position":3,"name":"\u00c5rstema"}]},{"@type":"WebSite","@id":"https:\/\/rotary.fi\/loviisa\/#website","url":"https:\/\/rotary.fi\/loviisa\/","name":"Lovisa Rotaryklubb - Loviisan Rotaryklubi","description":"Uusi Rotary klubisivusto","potentialAction":[{"@type":"SearchAction","target":{"@type":"EntryPoint","urlTemplate":"https:\/\/rotary.fi\/loviisa\/?s={search_term_string}"},"query-input":{"@type":"PropertyValueSpecification","valueRequired":true,"valueName":"search_term_string"}}],"inLanguage":"fi"}]}},"lang":"sv","translations":{"sv":1573,"fi":138},"pll_sync_post":[],"_links":{"self":[{"href":"https:\/\/rotary.fi\/loviisa\/wp-json\/wp\/v2\/pages\/1573","targetHints":{"allow":["GET"]}}],"collection":[{"href":"https:\/\/rotary.fi\/loviisa\/wp-json\/wp\/v2\/pages"}],"about":[{"href":"https:\/\/rotary.fi\/loviisa\/wp-json\/wp\/v2\/types\/page"}],"author":[{"embeddable":true,"href":"https:\/\/rotary.fi\/loviisa\/wp-json\/wp\/v2\/users\/1"}],"replies":[{"embeddable":true,"href":"https:\/\/rotary.fi\/loviisa\/wp-json\/wp\/v2\/comments?post=1573"}],"version-history":[{"count":9,"href":"https:\/\/rotary.fi\/loviisa\/wp-json\/wp\/v2\/pages\/1573\/revisions"}],"predecessor-version":[{"id":2004,"href":"https:\/\/rotary.fi\/loviisa\/wp-json\/wp\/v2\/pages\/1573\/revisions\/2004"}],"up":[{"embeddable":true,"href":"https:\/\/rotary.fi\/loviisa\/wp-json\/wp\/v2\/pages\/1565"}],"wp:attachment":[{"href":"https:\/\/rotary.fi\/loviisa\/wp-json\/wp\/v2\/media?parent=1573"}],"curies":[{"name":"wp","href":"https:\/\/api.w.org\/{rel}","templated":true}]}}