{"id":1569,"date":"2019-03-19T14:22:06","date_gmt":"2019-03-19T12:22:06","guid":{"rendered":"https:\/\/rotary.fi\/loviisa\/?page_id=1569"},"modified":"2021-09-16T07:49:43","modified_gmt":"2021-09-16T04:49:43","slug":"styrelse-och-funktionarer","status":"publish","type":"page","link":"https:\/\/rotary.fi\/loviisa\/sv\/vem-ar-vi\/styrelse-och-funktionarer\/","title":{"rendered":"Styrelse och funktion\u00e4rer"},"content":{"rendered":"<p>[et_pb_section fb_built=&#8221;1&#8243; module_class=&#8221;jumbotron-page&#8221; _builder_version=&#8221;3.22&#8243; background_image=&#8221;https:\/\/rotary.fi\/loviisa\/wp-content\/uploads\/sites\/133\/2018\/10\/rotary_klubit_alasivu_paakuva_12.jpg&#8221;][et_pb_row _builder_version=&#8221;3.25&#8243; background_size=&#8221;initial&#8221; background_position=&#8221;top_left&#8221; background_repeat=&#8221;repeat&#8221;][et_pb_column type=&#8221;4_4&#8243; _builder_version=&#8221;3.0.47&#8243; custom_padding=&#8221;|||&#8221; custom_padding__hover=&#8221;|||&#8221;][et_pb_text admin_label=&#8221;Main \/\/ Styrelse och funktion\u00e4rer&#8221; _builder_version=&#8221;3.27.4&#8243; text_orientation=&#8221;center&#8221; background_layout=&#8221;dark&#8221;]<\/p>\n<h1>Styrelse och funktion\u00e4rer<\/h1>\n<p>[\/et_pb_text][\/et_pb_column][\/et_pb_row][\/et_pb_section][et_pb_section fb_built=&#8221;1&#8243; specialty=&#8221;on&#8221; module_class_2=&#8221;sivupalkki&#8221; _builder_version=&#8221;3.22&#8243;][et_pb_column type=&#8221;2_3&#8243; specialty_columns=&#8221;2&#8243; _builder_version=&#8221;3.25&#8243; custom_padding=&#8221;|||&#8221; custom_padding__hover=&#8221;|||&#8221;][et_pb_row_inner column_structure=&#8221;undefined&#8221; admin_label=&#8221;Rivi&#8221; _builder_version=&#8221;3.25&#8243; collapsed=&#8221;off&#8221;][et_pb_column_inner type=&#8221;undefined&#8221; saved_specialty_column_type=&#8221;2_3&#8243; _builder_version=&#8221;3.0.47&#8243; custom_padding=&#8221;|||&#8221; custom_padding__hover=&#8221;|||&#8221;][et_pb_text admin_label=&#8221;Styrelse och funktion\u00e4rer &#8211; rubrik&#8221; _builder_version=&#8221;3.27.4&#8243; text_orientation=&#8221;center&#8221;]<\/p>\n<h1>Styrelse och funktion\u00e4rer<\/h1>\n<p>[\/et_pb_text][\/et_pb_column_inner][\/et_pb_row_inner][et_pb_row_inner column_structure=&#8221;1_2,1_2&#8243; admin_label=&#8221;Rivi&#8221; _builder_version=&#8221;3.25&#8243;][et_pb_column_inner type=&#8221;1_2&#8243; saved_specialty_column_type=&#8221;2_3&#8243; _builder_version=&#8221;3.0.47&#8243; custom_padding=&#8221;|||&#8221; custom_padding__hover=&#8221;|||&#8221;][\/et_pb_column_inner][et_pb_column_inner type=&#8221;1_2&#8243; saved_specialty_column_type=&#8221;2_3&#8243; _builder_version=&#8221;3.0.47&#8243; custom_padding=&#8221;|||&#8221; custom_padding__hover=&#8221;|||&#8221;][et_pb_text admin_label=&#8221;Styrelse&#8221; _builder_version=&#8221;4.9.10&#8243; width=&#8221;153.7%&#8221; custom_margin=&#8221;|||-153px||&#8221; custom_padding=&#8221;|||15px||&#8221; hover_enabled=&#8221;0&#8243; z_index_tablet=&#8221;500&#8243; text_text_shadow_horizontal_length_tablet=&#8221;0px&#8221; text_text_shadow_vertical_length_tablet=&#8221;0px&#8221; text_text_shadow_blur_strength_tablet=&#8221;1px&#8221; link_text_shadow_horizontal_length_tablet=&#8221;0px&#8221; link_text_shadow_vertical_length_tablet=&#8221;0px&#8221; link_text_shadow_blur_strength_tablet=&#8221;1px&#8221; ul_text_shadow_horizontal_length_tablet=&#8221;0px&#8221; ul_text_shadow_vertical_length_tablet=&#8221;0px&#8221; ul_text_shadow_blur_strength_tablet=&#8221;1px&#8221; ol_text_shadow_horizontal_length_tablet=&#8221;0px&#8221; ol_text_shadow_vertical_length_tablet=&#8221;0px&#8221; ol_text_shadow_blur_strength_tablet=&#8221;1px&#8221; quote_text_shadow_horizontal_length_tablet=&#8221;0px&#8221; quote_text_shadow_vertical_length_tablet=&#8221;0px&#8221; quote_text_shadow_blur_strength_tablet=&#8221;1px&#8221; header_text_shadow_horizontal_length_tablet=&#8221;0px&#8221; header_text_shadow_vertical_length_tablet=&#8221;0px&#8221; header_text_shadow_blur_strength_tablet=&#8221;1px&#8221; header_2_text_shadow_horizontal_length_tablet=&#8221;0px&#8221; header_2_text_shadow_vertical_length_tablet=&#8221;0px&#8221; header_2_text_shadow_blur_strength_tablet=&#8221;1px&#8221; header_3_text_shadow_horizontal_length_tablet=&#8221;0px&#8221; header_3_text_shadow_vertical_length_tablet=&#8221;0px&#8221; header_3_text_shadow_blur_strength_tablet=&#8221;1px&#8221; header_4_text_shadow_horizontal_length_tablet=&#8221;0px&#8221; header_4_text_shadow_vertical_length_tablet=&#8221;0px&#8221; header_4_text_shadow_blur_strength_tablet=&#8221;1px&#8221; header_5_text_shadow_horizontal_length_tablet=&#8221;0px&#8221; header_5_text_shadow_vertical_length_tablet=&#8221;0px&#8221; header_5_text_shadow_blur_strength_tablet=&#8221;1px&#8221; header_6_text_shadow_horizontal_length_tablet=&#8221;0px&#8221; header_6_text_shadow_vertical_length_tablet=&#8221;0px&#8221; header_6_text_shadow_blur_strength_tablet=&#8221;1px&#8221; box_shadow_horizontal_tablet=&#8221;0px&#8221; box_shadow_vertical_tablet=&#8221;0px&#8221; box_shadow_blur_tablet=&#8221;40px&#8221; box_shadow_spread_tablet=&#8221;0px&#8221; sticky_enabled=&#8221;0&#8243;]<\/p>\n<h2>Styrelse 2021-2022<\/h2>\n<p><strong>President <\/strong>Thord Vaenerberg<strong><br \/><\/strong><strong>Tilltr\u00e4dande president <\/strong>Kim S\u00f6derholm<br \/><strong>Vicepresident <\/strong>Henry Friman<br \/><strong>Past president <\/strong>Henry Friman<br \/><strong>1. sekreterare <\/strong>Ilkka\u00a0 Relander<\/p>\n<p><strong>2. sekreterare <\/strong>Nina Bj\u00f6rkman-Nysten<br \/><strong>1 . Klubbm\u00e4stare <\/strong>Markku Liesvirta<\/p>\n<p><strong>2. Klubbm\u00e4stare <\/strong>Erkki Heilakka<\/p>\n<p><strong>1. Skattm\u00e4stare <\/strong>Henry Friman<br \/><strong>2. Skattm\u00e4stare <\/strong>Mona Antas<br \/><strong>IT-samordnare <\/strong>Markku Liesvirta<br \/><strong>Stiftelseombud <\/strong>Erkki Ter\u00e4v\u00e4inen<br \/><strong>Kontaktperson ungdomsutbyte <\/strong>Mona Antas<br \/><strong>Media-ansvarig <\/strong>P\u00e4ivi Melamies<\/p>\n<h2>Klubbkommitt\u00e9 f\u00f6r medlemskap<\/h2>\n<p><strong>Ordf\u00f6rande <\/strong>Stefan Andersson<\/p>\n<h2>\u00d6stersj\u00f6kommitt\u00e9<\/h2>\n<p><strong>Ordf\u00f6rande <\/strong>Berndt-Gustaf Schauman<\/p>\n<h2>Pr-kommitt\u00e9n<\/h2>\n<p><strong>Ordf\u00f6rande <\/strong>Henry Friman<strong>\u00a0<\/strong><\/p>\n<h2>Klubbkommitt\u00e9 f\u00f6r Rotarystiftelse<\/h2>\n<p><strong>Ordf\u00f6rande <\/strong>Erkki Ter\u00e4v\u00e4inen<\/p>\n<p>[\/et_pb_text][\/et_pb_column_inner][\/et_pb_row_inner][\/et_pb_column][et_pb_column type=&#8221;1_3&#8243; _builder_version=&#8221;3.25&#8243; custom_padding=&#8221;|||&#8221; custom_padding__hover=&#8221;|||&#8221;][et_pb_sidebar area=&#8221;sidebar-1&#8243; admin_label=&#8221;Sidebar&#8221; module_class=&#8221;sivupalkki_sisalto&#8221; _builder_version=&#8221;3.21&#8243; locked=&#8221;on&#8221;]<br \/>\n[\/et_pb_sidebar][\/et_pb_column][\/et_pb_section]<\/p>\n","protected":false},"excerpt":{"rendered":"<p>Styrelse och funktion\u00e4rer Styrelse och funktion\u00e4rer Styrelse 2021-2022 President Thord VaenerbergTilltr\u00e4dande president Kim S\u00f6derholmVicepresident Henry FrimanPast president Henry Friman1. sekreterare Ilkka\u00a0 Relander 2. sekreterare Nina Bj\u00f6rkman-Nysten1 . Klubbm\u00e4stare Markku Liesvirta 2. Klubbm\u00e4stare Erkki Heilakka 1. Skattm\u00e4stare Henry Friman2. Skattm\u00e4stare Mona AntasIT-samordnare Markku LiesvirtaStiftelseombud Erkki Ter\u00e4v\u00e4inenKontaktperson ungdomsutbyte Mona AntasMedia-ansvarig P\u00e4ivi Melamies Klubbkommitt\u00e9 f\u00f6r medlemskap Ordf\u00f6rande Stefan [&hellip;]<\/p>\n","protected":false},"author":1,"featured_media":0,"parent":1565,"menu_order":1,"comment_status":"closed","ping_status":"closed","template":"","meta":{"_acf_changed":false,"_et_pb_use_builder":"on","_et_pb_old_content":"","_et_gb_content_width":"","footnotes":""},"class_list":["post-1569","page","type-page","status-publish","hentry"],"acf":[],"yoast_head":"<!-- This site is optimized with the Yoast SEO plugin v27.0 - https:\/\/yoast.com\/product\/yoast-seo-wordpress\/ -->\n<title>Styrelse och funktion\u00e4rer - Lovisa Rotaryklubb - Loviisan Rotaryklubi<\/title>\n<meta name=\"robots\" content=\"index, follow, max-snippet:-1, max-image-preview:large, max-video-preview:-1\" \/>\n<link rel=\"canonical\" href=\"https:\/\/rotary.fi\/loviisa\/sv\/vem-ar-vi\/styrelse-och-funktionarer\/\" \/>\n<meta property=\"og:locale\" content=\"fi_FI\" \/>\n<meta property=\"og:type\" content=\"article\" \/>\n<meta property=\"og:title\" content=\"Styrelse och funktion\u00e4rer - Lovisa Rotaryklubb - Loviisan Rotaryklubi\" \/>\n<meta property=\"og:description\" content=\"Styrelse och funktion\u00e4rer Styrelse och funktion\u00e4rer Styrelse 2021-2022 President Thord VaenerbergTilltr\u00e4dande president Kim S\u00f6derholmVicepresident Henry FrimanPast president Henry Friman1. sekreterare Ilkka\u00a0 Relander 2. sekreterare Nina Bj\u00f6rkman-Nysten1 . Klubbm\u00e4stare Markku Liesvirta 2. Klubbm\u00e4stare Erkki Heilakka 1. Skattm\u00e4stare Henry Friman2. Skattm\u00e4stare Mona AntasIT-samordnare Markku LiesvirtaStiftelseombud Erkki Ter\u00e4v\u00e4inenKontaktperson ungdomsutbyte Mona AntasMedia-ansvarig P\u00e4ivi Melamies Klubbkommitt\u00e9 f\u00f6r medlemskap Ordf\u00f6rande Stefan [&hellip;]\" \/>\n<meta property=\"og:url\" content=\"https:\/\/rotary.fi\/loviisa\/sv\/vem-ar-vi\/styrelse-och-funktionarer\/\" \/>\n<meta property=\"og:site_name\" content=\"Lovisa Rotaryklubb - Loviisan Rotaryklubi\" \/>\n<meta property=\"article:modified_time\" content=\"2021-09-16T04:49:43+00:00\" \/>\n<meta name=\"twitter:card\" content=\"summary_large_image\" \/>\n<meta name=\"twitter:label1\" content=\"Arvioitu lukuaika\" \/>\n\t<meta name=\"twitter:data1\" content=\"3 minuuttia\" \/>\n<script type=\"application\/ld+json\" class=\"yoast-schema-graph\">{\"@context\":\"https:\/\/schema.org\",\"@graph\":[{\"@type\":\"WebPage\",\"@id\":\"https:\/\/rotary.fi\/loviisa\/sv\/vem-ar-vi\/styrelse-och-funktionarer\/\",\"url\":\"https:\/\/rotary.fi\/loviisa\/sv\/vem-ar-vi\/styrelse-och-funktionarer\/\",\"name\":\"Styrelse och funktion\u00e4rer - Lovisa Rotaryklubb - Loviisan Rotaryklubi\",\"isPartOf\":{\"@id\":\"https:\/\/rotary.fi\/loviisa\/#website\"},\"datePublished\":\"2019-03-19T12:22:06+00:00\",\"dateModified\":\"2021-09-16T04:49:43+00:00\",\"breadcrumb\":{\"@id\":\"https:\/\/rotary.fi\/loviisa\/sv\/vem-ar-vi\/styrelse-och-funktionarer\/#breadcrumb\"},\"inLanguage\":\"fi\",\"potentialAction\":[{\"@type\":\"ReadAction\",\"target\":[\"https:\/\/rotary.fi\/loviisa\/sv\/vem-ar-vi\/styrelse-och-funktionarer\/\"]}]},{\"@type\":\"BreadcrumbList\",\"@id\":\"https:\/\/rotary.fi\/loviisa\/sv\/vem-ar-vi\/styrelse-och-funktionarer\/#breadcrumb\",\"itemListElement\":[{\"@type\":\"ListItem\",\"position\":1,\"name\":\"Home\",\"item\":\"https:\/\/rotary.fi\/loviisa\/\"},{\"@type\":\"ListItem\",\"position\":2,\"name\":\"Vem \u00e4r vi\",\"item\":\"https:\/\/rotary.fi\/loviisa\/sv\/vem-ar-vi\/\"},{\"@type\":\"ListItem\",\"position\":3,\"name\":\"Styrelse och funktion\u00e4rer\"}]},{\"@type\":\"WebSite\",\"@id\":\"https:\/\/rotary.fi\/loviisa\/#website\",\"url\":\"https:\/\/rotary.fi\/loviisa\/\",\"name\":\"Lovisa Rotaryklubb - Loviisan Rotaryklubi\",\"description\":\"Uusi Rotary klubisivusto\",\"potentialAction\":[{\"@type\":\"SearchAction\",\"target\":{\"@type\":\"EntryPoint\",\"urlTemplate\":\"https:\/\/rotary.fi\/loviisa\/?s={search_term_string}\"},\"query-input\":{\"@type\":\"PropertyValueSpecification\",\"valueRequired\":true,\"valueName\":\"search_term_string\"}}],\"inLanguage\":\"fi\"}]}<\/script>\n<!-- \/ Yoast SEO plugin. -->","yoast_head_json":{"title":"Styrelse och funktion\u00e4rer - Lovisa Rotaryklubb - Loviisan Rotaryklubi","robots":{"index":"index","follow":"follow","max-snippet":"max-snippet:-1","max-image-preview":"max-image-preview:large","max-video-preview":"max-video-preview:-1"},"canonical":"https:\/\/rotary.fi\/loviisa\/sv\/vem-ar-vi\/styrelse-och-funktionarer\/","og_locale":"fi_FI","og_type":"article","og_title":"Styrelse och funktion\u00e4rer - Lovisa Rotaryklubb - Loviisan Rotaryklubi","og_description":"Styrelse och funktion\u00e4rer Styrelse och funktion\u00e4rer Styrelse 2021-2022 President Thord VaenerbergTilltr\u00e4dande president Kim S\u00f6derholmVicepresident Henry FrimanPast president Henry Friman1. sekreterare Ilkka\u00a0 Relander 2. sekreterare Nina Bj\u00f6rkman-Nysten1 . Klubbm\u00e4stare Markku Liesvirta 2. Klubbm\u00e4stare Erkki Heilakka 1. Skattm\u00e4stare Henry Friman2. Skattm\u00e4stare Mona AntasIT-samordnare Markku LiesvirtaStiftelseombud Erkki Ter\u00e4v\u00e4inenKontaktperson ungdomsutbyte Mona AntasMedia-ansvarig P\u00e4ivi Melamies Klubbkommitt\u00e9 f\u00f6r medlemskap Ordf\u00f6rande Stefan [&hellip;]","og_url":"https:\/\/rotary.fi\/loviisa\/sv\/vem-ar-vi\/styrelse-och-funktionarer\/","og_site_name":"Lovisa Rotaryklubb - Loviisan Rotaryklubi","article_modified_time":"2021-09-16T04:49:43+00:00","twitter_card":"summary_large_image","twitter_misc":{"Arvioitu lukuaika":"3 minuuttia"},"schema":{"@context":"https:\/\/schema.org","@graph":[{"@type":"WebPage","@id":"https:\/\/rotary.fi\/loviisa\/sv\/vem-ar-vi\/styrelse-och-funktionarer\/","url":"https:\/\/rotary.fi\/loviisa\/sv\/vem-ar-vi\/styrelse-och-funktionarer\/","name":"Styrelse och funktion\u00e4rer - Lovisa Rotaryklubb - Loviisan Rotaryklubi","isPartOf":{"@id":"https:\/\/rotary.fi\/loviisa\/#website"},"datePublished":"2019-03-19T12:22:06+00:00","dateModified":"2021-09-16T04:49:43+00:00","breadcrumb":{"@id":"https:\/\/rotary.fi\/loviisa\/sv\/vem-ar-vi\/styrelse-och-funktionarer\/#breadcrumb"},"inLanguage":"fi","potentialAction":[{"@type":"ReadAction","target":["https:\/\/rotary.fi\/loviisa\/sv\/vem-ar-vi\/styrelse-och-funktionarer\/"]}]},{"@type":"BreadcrumbList","@id":"https:\/\/rotary.fi\/loviisa\/sv\/vem-ar-vi\/styrelse-och-funktionarer\/#breadcrumb","itemListElement":[{"@type":"ListItem","position":1,"name":"Home","item":"https:\/\/rotary.fi\/loviisa\/"},{"@type":"ListItem","position":2,"name":"Vem \u00e4r vi","item":"https:\/\/rotary.fi\/loviisa\/sv\/vem-ar-vi\/"},{"@type":"ListItem","position":3,"name":"Styrelse och funktion\u00e4rer"}]},{"@type":"WebSite","@id":"https:\/\/rotary.fi\/loviisa\/#website","url":"https:\/\/rotary.fi\/loviisa\/","name":"Lovisa Rotaryklubb - Loviisan Rotaryklubi","description":"Uusi Rotary klubisivusto","potentialAction":[{"@type":"SearchAction","target":{"@type":"EntryPoint","urlTemplate":"https:\/\/rotary.fi\/loviisa\/?s={search_term_string}"},"query-input":{"@type":"PropertyValueSpecification","valueRequired":true,"valueName":"search_term_string"}}],"inLanguage":"fi"}]}},"lang":"sv","translations":{"sv":1569,"fi":132},"pll_sync_post":[],"_links":{"self":[{"href":"https:\/\/rotary.fi\/loviisa\/wp-json\/wp\/v2\/pages\/1569","targetHints":{"allow":["GET"]}}],"collection":[{"href":"https:\/\/rotary.fi\/loviisa\/wp-json\/wp\/v2\/pages"}],"about":[{"href":"https:\/\/rotary.fi\/loviisa\/wp-json\/wp\/v2\/types\/page"}],"author":[{"embeddable":true,"href":"https:\/\/rotary.fi\/loviisa\/wp-json\/wp\/v2\/users\/1"}],"replies":[{"embeddable":true,"href":"https:\/\/rotary.fi\/loviisa\/wp-json\/wp\/v2\/comments?post=1569"}],"version-history":[{"count":15,"href":"https:\/\/rotary.fi\/loviisa\/wp-json\/wp\/v2\/pages\/1569\/revisions"}],"predecessor-version":[{"id":2267,"href":"https:\/\/rotary.fi\/loviisa\/wp-json\/wp\/v2\/pages\/1569\/revisions\/2267"}],"up":[{"embeddable":true,"href":"https:\/\/rotary.fi\/loviisa\/wp-json\/wp\/v2\/pages\/1565"}],"wp:attachment":[{"href":"https:\/\/rotary.fi\/loviisa\/wp-json\/wp\/v2\/media?parent=1569"}],"curies":[{"name":"wp","href":"https:\/\/api.w.org\/{rel}","templated":true}]}}