{"id":15,"date":"2018-08-08T14:36:36","date_gmt":"2018-08-08T11:36:36","guid":{"rendered":"https:\/\/rotary.fi\/klubi2\/?page_id=15"},"modified":"2025-08-25T15:40:04","modified_gmt":"2025-08-25T12:40:04","slug":"etusivu","status":"publish","type":"page","link":"https:\/\/rotary.fi\/loviisa\/","title":{"rendered":"Etusivu"},"content":{"rendered":"<h2 class=\"et_pb_slide_title\">Keit\u00e4 olemme<\/h2>\n<p>Loviisan rotaryklubi on aktiivinen loviisalainen klubi. Kokoonnumme joka torstai tapaamaan toisiamme, kuulemaan kiinnostavia esitelmi\u00e4 ja edist\u00e4m\u00e4\u00e4n yhdess\u00e4oloa j\u00e4senten kesken. Teemme yritysvierailuja ja tutustumismatkoja. Tuemme kansainv\u00e4lisen Rotaryj\u00e4rjest\u00f6n humanitaarisia projekteja ja osallistumme nuorisovaihtoon.<\/p>\n<div class=\"et_pb_slide_content\">\n<p><img loading=\"lazy\" decoding=\"async\" class=\"size-large wp-image-365\" style=\"font-weight: bold\" src=\"https:\/\/rotary.fi\/loviisa\/wp-content\/uploads\/sites\/133\/2018\/10\/rotary_klubit_alasivu_paakuva_12-1024x569.jpg\" alt=\"\" width=\"1024\" height=\"569\" srcset=\"https:\/\/rotary.fi\/loviisa\/wp-content\/uploads\/sites\/133\/2018\/10\/rotary_klubit_alasivu_paakuva_12-1024x569.jpg 1024w, https:\/\/rotary.fi\/loviisa\/wp-content\/uploads\/sites\/133\/2018\/10\/rotary_klubit_alasivu_paakuva_12-300x167.jpg 300w, https:\/\/rotary.fi\/loviisa\/wp-content\/uploads\/sites\/133\/2018\/10\/rotary_klubit_alasivu_paakuva_12-768x427.jpg 768w, https:\/\/rotary.fi\/loviisa\/wp-content\/uploads\/sites\/133\/2018\/10\/rotary_klubit_alasivu_paakuva_12-1080x600.jpg 1080w, https:\/\/rotary.fi\/loviisa\/wp-content\/uploads\/sites\/133\/2018\/10\/rotary_klubit_alasivu_paakuva_12.jpg 1280w\" sizes=\"(max-width: 1024px) 100vw, 1024px\" \/><\/p>\n<p>&nbsp;<\/p>\n<\/div>\n","protected":false},"excerpt":{"rendered":"<p>Keit\u00e4 olemme Loviisan rotaryklubi on aktiivinen loviisalainen klubi. Kokoonnumme joka torstai tapaamaan toisiamme, kuulemaan kiinnostavia esitelmi\u00e4 ja edist\u00e4m\u00e4\u00e4n yhdess\u00e4oloa j\u00e4senten kesken. Teemme yritysvierailuja ja tutustumismatkoja. Tuemme kansainv\u00e4lisen Rotaryj\u00e4rjest\u00f6n humanitaarisia projekteja ja osallistumme nuorisovaihtoon. &nbsp;<\/p>\n","protected":false},"author":1,"featured_media":0,"parent":0,"menu_order":0,"comment_status":"closed","ping_status":"closed","template":"","meta":{"_acf_changed":false,"_et_pb_use_builder":"off","_et_pb_old_content":"","_et_gb_content_width":"","footnotes":""},"class_list":["post-15","page","type-page","status-publish","hentry"],"acf":[],"yoast_head":"<!-- This site is optimized with the Yoast SEO plugin v27.0 - https:\/\/yoast.com\/product\/yoast-seo-wordpress\/ -->\n<title>Etusivu - Lovisa Rotaryklubb - Loviisan Rotaryklubi<\/title>\n<meta name=\"robots\" content=\"index, follow, max-snippet:-1, max-image-preview:large, max-video-preview:-1\" \/>\n<link rel=\"canonical\" href=\"https:\/\/rotary.fi\/loviisa\/\" \/>\n<meta property=\"og:locale\" content=\"fi_FI\" \/>\n<meta property=\"og:type\" content=\"article\" \/>\n<meta property=\"og:title\" content=\"Etusivu - Lovisa Rotaryklubb - Loviisan Rotaryklubi\" \/>\n<meta property=\"og:description\" content=\"Keit\u00e4 olemme Loviisan rotaryklubi on aktiivinen loviisalainen klubi. Kokoonnumme joka torstai tapaamaan toisiamme, kuulemaan kiinnostavia esitelmi\u00e4 ja edist\u00e4m\u00e4\u00e4n yhdess\u00e4oloa j\u00e4senten kesken. Teemme yritysvierailuja ja tutustumismatkoja. Tuemme kansainv\u00e4lisen Rotaryj\u00e4rjest\u00f6n humanitaarisia projekteja ja osallistumme nuorisovaihtoon. &nbsp;\" \/>\n<meta property=\"og:url\" content=\"https:\/\/rotary.fi\/loviisa\/\" \/>\n<meta property=\"og:site_name\" content=\"Lovisa Rotaryklubb - Loviisan Rotaryklubi\" \/>\n<meta property=\"article:modified_time\" content=\"2025-08-25T12:40:04+00:00\" \/>\n<meta property=\"og:image\" content=\"https:\/\/rotary.fi\/loviisa\/wp-content\/uploads\/sites\/133\/2018\/10\/rotary_klubit_alasivu_paakuva_12.jpg\" \/>\n\t<meta property=\"og:image:width\" content=\"1280\" \/>\n\t<meta property=\"og:image:height\" content=\"711\" \/>\n\t<meta property=\"og:image:type\" content=\"image\/jpeg\" \/>\n<meta name=\"twitter:card\" content=\"summary_large_image\" \/>\n<meta name=\"twitter:label1\" content=\"Arvioitu lukuaika\" \/>\n\t<meta name=\"twitter:data1\" content=\"1 minuutti\" \/>\n<script type=\"application\/ld+json\" class=\"yoast-schema-graph\">{\"@context\":\"https:\/\/schema.org\",\"@graph\":[{\"@type\":\"WebPage\",\"@id\":\"https:\/\/rotary.fi\/loviisa\/\",\"url\":\"https:\/\/rotary.fi\/loviisa\/\",\"name\":\"Etusivu - Lovisa Rotaryklubb - Loviisan Rotaryklubi\",\"isPartOf\":{\"@id\":\"https:\/\/rotary.fi\/loviisa\/#website\"},\"primaryImageOfPage\":{\"@id\":\"https:\/\/rotary.fi\/loviisa\/#primaryimage\"},\"image\":{\"@id\":\"https:\/\/rotary.fi\/loviisa\/#primaryimage\"},\"thumbnailUrl\":\"https:\/\/rotary.fi\/loviisa\/wp-content\/uploads\/sites\/133\/2018\/10\/rotary_klubit_alasivu_paakuva_12-1024x569.jpg\",\"datePublished\":\"2018-08-08T11:36:36+00:00\",\"dateModified\":\"2025-08-25T12:40:04+00:00\",\"breadcrumb\":{\"@id\":\"https:\/\/rotary.fi\/loviisa\/#breadcrumb\"},\"inLanguage\":\"fi\",\"potentialAction\":[{\"@type\":\"ReadAction\",\"target\":[\"https:\/\/rotary.fi\/loviisa\/\"]}]},{\"@type\":\"ImageObject\",\"inLanguage\":\"fi\",\"@id\":\"https:\/\/rotary.fi\/loviisa\/#primaryimage\",\"url\":\"https:\/\/rotary.fi\/loviisa\/wp-content\/uploads\/sites\/133\/2018\/10\/rotary_klubit_alasivu_paakuva_12.jpg\",\"contentUrl\":\"https:\/\/rotary.fi\/loviisa\/wp-content\/uploads\/sites\/133\/2018\/10\/rotary_klubit_alasivu_paakuva_12.jpg\",\"width\":1280,\"height\":711,\"caption\":\"Kev\u00e4inen puro\"},{\"@type\":\"BreadcrumbList\",\"@id\":\"https:\/\/rotary.fi\/loviisa\/#breadcrumb\",\"itemListElement\":[{\"@type\":\"ListItem\",\"position\":1,\"name\":\"Home\",\"item\":\"https:\/\/rotary.fi\/loviisa\/\"},{\"@type\":\"ListItem\",\"position\":2,\"name\":\"Etusivu\"}]},{\"@type\":\"WebSite\",\"@id\":\"https:\/\/rotary.fi\/loviisa\/#website\",\"url\":\"https:\/\/rotary.fi\/loviisa\/\",\"name\":\"Lovisa Rotaryklubb - Loviisan Rotaryklubi\",\"description\":\"Uusi Rotary klubisivusto\",\"potentialAction\":[{\"@type\":\"SearchAction\",\"target\":{\"@type\":\"EntryPoint\",\"urlTemplate\":\"https:\/\/rotary.fi\/loviisa\/?s={search_term_string}\"},\"query-input\":{\"@type\":\"PropertyValueSpecification\",\"valueRequired\":true,\"valueName\":\"search_term_string\"}}],\"inLanguage\":\"fi\"}]}<\/script>\n<!-- \/ Yoast SEO plugin. -->","yoast_head_json":{"title":"Etusivu - Lovisa Rotaryklubb - Loviisan Rotaryklubi","robots":{"index":"index","follow":"follow","max-snippet":"max-snippet:-1","max-image-preview":"max-image-preview:large","max-video-preview":"max-video-preview:-1"},"canonical":"https:\/\/rotary.fi\/loviisa\/","og_locale":"fi_FI","og_type":"article","og_title":"Etusivu - Lovisa Rotaryklubb - Loviisan Rotaryklubi","og_description":"Keit\u00e4 olemme Loviisan rotaryklubi on aktiivinen loviisalainen klubi. Kokoonnumme joka torstai tapaamaan toisiamme, kuulemaan kiinnostavia esitelmi\u00e4 ja edist\u00e4m\u00e4\u00e4n yhdess\u00e4oloa j\u00e4senten kesken. Teemme yritysvierailuja ja tutustumismatkoja. Tuemme kansainv\u00e4lisen Rotaryj\u00e4rjest\u00f6n humanitaarisia projekteja ja osallistumme nuorisovaihtoon. &nbsp;","og_url":"https:\/\/rotary.fi\/loviisa\/","og_site_name":"Lovisa Rotaryklubb - Loviisan Rotaryklubi","article_modified_time":"2025-08-25T12:40:04+00:00","og_image":[{"width":1280,"height":711,"url":"https:\/\/rotary.fi\/loviisa\/wp-content\/uploads\/sites\/133\/2018\/10\/rotary_klubit_alasivu_paakuva_12.jpg","type":"image\/jpeg"}],"twitter_card":"summary_large_image","twitter_misc":{"Arvioitu lukuaika":"1 minuutti"},"schema":{"@context":"https:\/\/schema.org","@graph":[{"@type":"WebPage","@id":"https:\/\/rotary.fi\/loviisa\/","url":"https:\/\/rotary.fi\/loviisa\/","name":"Etusivu - Lovisa Rotaryklubb - Loviisan Rotaryklubi","isPartOf":{"@id":"https:\/\/rotary.fi\/loviisa\/#website"},"primaryImageOfPage":{"@id":"https:\/\/rotary.fi\/loviisa\/#primaryimage"},"image":{"@id":"https:\/\/rotary.fi\/loviisa\/#primaryimage"},"thumbnailUrl":"https:\/\/rotary.fi\/loviisa\/wp-content\/uploads\/sites\/133\/2018\/10\/rotary_klubit_alasivu_paakuva_12-1024x569.jpg","datePublished":"2018-08-08T11:36:36+00:00","dateModified":"2025-08-25T12:40:04+00:00","breadcrumb":{"@id":"https:\/\/rotary.fi\/loviisa\/#breadcrumb"},"inLanguage":"fi","potentialAction":[{"@type":"ReadAction","target":["https:\/\/rotary.fi\/loviisa\/"]}]},{"@type":"ImageObject","inLanguage":"fi","@id":"https:\/\/rotary.fi\/loviisa\/#primaryimage","url":"https:\/\/rotary.fi\/loviisa\/wp-content\/uploads\/sites\/133\/2018\/10\/rotary_klubit_alasivu_paakuva_12.jpg","contentUrl":"https:\/\/rotary.fi\/loviisa\/wp-content\/uploads\/sites\/133\/2018\/10\/rotary_klubit_alasivu_paakuva_12.jpg","width":1280,"height":711,"caption":"Kev\u00e4inen puro"},{"@type":"BreadcrumbList","@id":"https:\/\/rotary.fi\/loviisa\/#breadcrumb","itemListElement":[{"@type":"ListItem","position":1,"name":"Home","item":"https:\/\/rotary.fi\/loviisa\/"},{"@type":"ListItem","position":2,"name":"Etusivu"}]},{"@type":"WebSite","@id":"https:\/\/rotary.fi\/loviisa\/#website","url":"https:\/\/rotary.fi\/loviisa\/","name":"Lovisa Rotaryklubb - Loviisan Rotaryklubi","description":"Uusi Rotary klubisivusto","potentialAction":[{"@type":"SearchAction","target":{"@type":"EntryPoint","urlTemplate":"https:\/\/rotary.fi\/loviisa\/?s={search_term_string}"},"query-input":{"@type":"PropertyValueSpecification","valueRequired":true,"valueName":"search_term_string"}}],"inLanguage":"fi"}]}},"lang":"fi","translations":{"fi":15,"sv":1557},"pll_sync_post":[],"_links":{"self":[{"href":"https:\/\/rotary.fi\/loviisa\/wp-json\/wp\/v2\/pages\/15","targetHints":{"allow":["GET"]}}],"collection":[{"href":"https:\/\/rotary.fi\/loviisa\/wp-json\/wp\/v2\/pages"}],"about":[{"href":"https:\/\/rotary.fi\/loviisa\/wp-json\/wp\/v2\/types\/page"}],"author":[{"embeddable":true,"href":"https:\/\/rotary.fi\/loviisa\/wp-json\/wp\/v2\/users\/1"}],"replies":[{"embeddable":true,"href":"https:\/\/rotary.fi\/loviisa\/wp-json\/wp\/v2\/comments?post=15"}],"version-history":[{"count":11,"href":"https:\/\/rotary.fi\/loviisa\/wp-json\/wp\/v2\/pages\/15\/revisions"}],"predecessor-version":[{"id":2412,"href":"https:\/\/rotary.fi\/loviisa\/wp-json\/wp\/v2\/pages\/15\/revisions\/2412"}],"wp:attachment":[{"href":"https:\/\/rotary.fi\/loviisa\/wp-json\/wp\/v2\/media?parent=15"}],"curies":[{"name":"wp","href":"https:\/\/api.w.org\/{rel}","templated":true}]}}