{"id":132,"date":"2002-06-29T09:59:56","date_gmt":"2002-06-29T06:59:56","guid":{"rendered":"https:\/\/rotary.fi\/klubi2\/?page_id=132"},"modified":"2025-08-25T15:38:52","modified_gmt":"2025-08-25T12:38:52","slug":"hallitus-ja-toimihenkilot","status":"publish","type":"page","link":"https:\/\/rotary.fi\/loviisa\/keita-olemme\/hallitus-ja-toimihenkilot\/","title":{"rendered":"Hallitus ja toimihenkil\u00f6t"},"content":{"rendered":"<p><strong>Hallitus 2025-2026<\/strong><\/p>\n<p>Presidentti: Peter Antas<br \/>\nVarapresidentti: Henry Friman<br \/>\nPast presidentti: Henry Friman<br \/>\nTuleva presidentti: Markus Lindroos<\/p>\n<p>1. sihteeri: Heikki Niemenmaa<br \/>\n2. sihteeri: Fredrik B\u00f6hme<\/p>\n<p>1. klubimestari: Kalevi Ilonen<br \/>\n2. klubimestari: Jyrki Laakso<\/p>\n<p>Rahastonhoitaja: Mona Antas<\/p>\n<p>Rotarys\u00e4\u00e4ti\u00f6asiamies: Thord Waenerberg<\/p>\n<p>IT-vastaava: Tuuli Lindroos<\/p>\n<p>Nuorisovaihtoasiamies: Mona Antas<\/p>\n<p><strong>Komiteat ja toimihenkil\u00f6t<\/strong><\/p>\n<p>Nuorisonvaihto<br \/>\nYhdyshenkil\u00f6: Mona Antas<br \/>\nJ\u00e4senet: Timo Toratti, Thord Vaenerberg<\/p>\n<p>Klubin j\u00e4senyyskomitea<br \/>\nPuheenjohtaja: Markus Lindroos<br \/>\nJ\u00e4senet Tuuli Lindroos, Jan-Michael Reinholm<\/p>\n<p>Klubin julkisuuskuvakomitea<br \/>\nPuheenjohtaja: Nina Bj\u00f6rkman-Nyst\u00e9n<br \/>\nJ\u00e4senet: Jyrki Laakso, Berndt-Gustaf Schauman, Kalevi Ilonen<\/p>\n<p>Viirivastaava: Erkki Ter\u00e4v\u00e4inen<\/p>\n<p>Arkistonhoitaja: Erkki Ter\u00e4v\u00e4inen<\/p>\n<p>Toiminnantarkastajat: Ilkka Relander, Jan-Michael Reinholm<\/p>\n","protected":false},"excerpt":{"rendered":"<p>Hallitus 2025-2026 Presidentti: Peter Antas Varapresidentti: Henry Friman Past presidentti: Henry Friman Tuleva presidentti: Markus Lindroos 1. sihteeri: Heikki Niemenmaa 2. sihteeri: Fredrik B\u00f6hme 1. klubimestari: Kalevi Ilonen 2. klubimestari: Jyrki Laakso Rahastonhoitaja: Mona Antas Rotarys\u00e4\u00e4ti\u00f6asiamies: Thord Waenerberg IT-vastaava: Tuuli Lindroos Nuorisovaihtoasiamies: Mona Antas Komiteat ja toimihenkil\u00f6t Nuorisonvaihto Yhdyshenkil\u00f6: Mona Antas J\u00e4senet: Timo Toratti, Thord [&hellip;]<\/p>\n","protected":false},"author":1,"featured_media":0,"parent":129,"menu_order":1,"comment_status":"closed","ping_status":"closed","template":"","meta":{"_acf_changed":false,"_et_pb_use_builder":"off","_et_pb_old_content":"","_et_gb_content_width":"","footnotes":""},"class_list":["post-132","page","type-page","status-publish","hentry"],"acf":[],"yoast_head":"<!-- This site is optimized with the Yoast SEO plugin v27.0 - https:\/\/yoast.com\/product\/yoast-seo-wordpress\/ -->\n<title>Hallitus ja toimihenkil\u00f6t - Lovisa Rotaryklubb - Loviisan Rotaryklubi<\/title>\n<meta name=\"robots\" content=\"index, follow, max-snippet:-1, max-image-preview:large, max-video-preview:-1\" \/>\n<link rel=\"canonical\" href=\"https:\/\/rotary.fi\/loviisa\/keita-olemme\/hallitus-ja-toimihenkilot\/\" \/>\n<meta property=\"og:locale\" content=\"fi_FI\" \/>\n<meta property=\"og:type\" content=\"article\" \/>\n<meta property=\"og:title\" content=\"Hallitus ja toimihenkil\u00f6t - Lovisa Rotaryklubb - Loviisan Rotaryklubi\" \/>\n<meta property=\"og:description\" content=\"Hallitus 2025-2026 Presidentti: Peter Antas Varapresidentti: Henry Friman Past presidentti: Henry Friman Tuleva presidentti: Markus Lindroos 1. sihteeri: Heikki Niemenmaa 2. sihteeri: Fredrik B\u00f6hme 1. klubimestari: Kalevi Ilonen 2. klubimestari: Jyrki Laakso Rahastonhoitaja: Mona Antas Rotarys\u00e4\u00e4ti\u00f6asiamies: Thord Waenerberg IT-vastaava: Tuuli Lindroos Nuorisovaihtoasiamies: Mona Antas Komiteat ja toimihenkil\u00f6t Nuorisonvaihto Yhdyshenkil\u00f6: Mona Antas J\u00e4senet: Timo Toratti, Thord [&hellip;]\" \/>\n<meta property=\"og:url\" content=\"https:\/\/rotary.fi\/loviisa\/keita-olemme\/hallitus-ja-toimihenkilot\/\" \/>\n<meta property=\"og:site_name\" content=\"Lovisa Rotaryklubb - Loviisan Rotaryklubi\" \/>\n<meta property=\"article:modified_time\" content=\"2025-08-25T12:38:52+00:00\" \/>\n<meta name=\"twitter:card\" content=\"summary_large_image\" \/>\n<meta name=\"twitter:label1\" content=\"Arvioitu lukuaika\" \/>\n\t<meta name=\"twitter:data1\" content=\"1 minuutti\" \/>\n<script type=\"application\/ld+json\" class=\"yoast-schema-graph\">{\"@context\":\"https:\/\/schema.org\",\"@graph\":[{\"@type\":\"WebPage\",\"@id\":\"https:\/\/rotary.fi\/loviisa\/keita-olemme\/hallitus-ja-toimihenkilot\/\",\"url\":\"https:\/\/rotary.fi\/loviisa\/keita-olemme\/hallitus-ja-toimihenkilot\/\",\"name\":\"Hallitus ja toimihenkil\u00f6t - Lovisa Rotaryklubb - Loviisan Rotaryklubi\",\"isPartOf\":{\"@id\":\"https:\/\/rotary.fi\/loviisa\/#website\"},\"datePublished\":\"2002-06-29T06:59:56+00:00\",\"dateModified\":\"2025-08-25T12:38:52+00:00\",\"breadcrumb\":{\"@id\":\"https:\/\/rotary.fi\/loviisa\/keita-olemme\/hallitus-ja-toimihenkilot\/#breadcrumb\"},\"inLanguage\":\"fi\",\"potentialAction\":[{\"@type\":\"ReadAction\",\"target\":[\"https:\/\/rotary.fi\/loviisa\/keita-olemme\/hallitus-ja-toimihenkilot\/\"]}]},{\"@type\":\"BreadcrumbList\",\"@id\":\"https:\/\/rotary.fi\/loviisa\/keita-olemme\/hallitus-ja-toimihenkilot\/#breadcrumb\",\"itemListElement\":[{\"@type\":\"ListItem\",\"position\":1,\"name\":\"Home\",\"item\":\"https:\/\/rotary.fi\/loviisa\/\"},{\"@type\":\"ListItem\",\"position\":2,\"name\":\"Keit\u00e4 olemme\",\"item\":\"https:\/\/rotary.fi\/loviisa\/keita-olemme\/\"},{\"@type\":\"ListItem\",\"position\":3,\"name\":\"Hallitus ja toimihenkil\u00f6t\"}]},{\"@type\":\"WebSite\",\"@id\":\"https:\/\/rotary.fi\/loviisa\/#website\",\"url\":\"https:\/\/rotary.fi\/loviisa\/\",\"name\":\"Lovisa Rotaryklubb - Loviisan Rotaryklubi\",\"description\":\"Uusi Rotary klubisivusto\",\"potentialAction\":[{\"@type\":\"SearchAction\",\"target\":{\"@type\":\"EntryPoint\",\"urlTemplate\":\"https:\/\/rotary.fi\/loviisa\/?s={search_term_string}\"},\"query-input\":{\"@type\":\"PropertyValueSpecification\",\"valueRequired\":true,\"valueName\":\"search_term_string\"}}],\"inLanguage\":\"fi\"}]}<\/script>\n<!-- \/ Yoast SEO plugin. -->","yoast_head_json":{"title":"Hallitus ja toimihenkil\u00f6t - Lovisa Rotaryklubb - Loviisan Rotaryklubi","robots":{"index":"index","follow":"follow","max-snippet":"max-snippet:-1","max-image-preview":"max-image-preview:large","max-video-preview":"max-video-preview:-1"},"canonical":"https:\/\/rotary.fi\/loviisa\/keita-olemme\/hallitus-ja-toimihenkilot\/","og_locale":"fi_FI","og_type":"article","og_title":"Hallitus ja toimihenkil\u00f6t - Lovisa Rotaryklubb - Loviisan Rotaryklubi","og_description":"Hallitus 2025-2026 Presidentti: Peter Antas Varapresidentti: Henry Friman Past presidentti: Henry Friman Tuleva presidentti: Markus Lindroos 1. sihteeri: Heikki Niemenmaa 2. sihteeri: Fredrik B\u00f6hme 1. klubimestari: Kalevi Ilonen 2. klubimestari: Jyrki Laakso Rahastonhoitaja: Mona Antas Rotarys\u00e4\u00e4ti\u00f6asiamies: Thord Waenerberg IT-vastaava: Tuuli Lindroos Nuorisovaihtoasiamies: Mona Antas Komiteat ja toimihenkil\u00f6t Nuorisonvaihto Yhdyshenkil\u00f6: Mona Antas J\u00e4senet: Timo Toratti, Thord [&hellip;]","og_url":"https:\/\/rotary.fi\/loviisa\/keita-olemme\/hallitus-ja-toimihenkilot\/","og_site_name":"Lovisa Rotaryklubb - Loviisan Rotaryklubi","article_modified_time":"2025-08-25T12:38:52+00:00","twitter_card":"summary_large_image","twitter_misc":{"Arvioitu lukuaika":"1 minuutti"},"schema":{"@context":"https:\/\/schema.org","@graph":[{"@type":"WebPage","@id":"https:\/\/rotary.fi\/loviisa\/keita-olemme\/hallitus-ja-toimihenkilot\/","url":"https:\/\/rotary.fi\/loviisa\/keita-olemme\/hallitus-ja-toimihenkilot\/","name":"Hallitus ja toimihenkil\u00f6t - Lovisa Rotaryklubb - Loviisan Rotaryklubi","isPartOf":{"@id":"https:\/\/rotary.fi\/loviisa\/#website"},"datePublished":"2002-06-29T06:59:56+00:00","dateModified":"2025-08-25T12:38:52+00:00","breadcrumb":{"@id":"https:\/\/rotary.fi\/loviisa\/keita-olemme\/hallitus-ja-toimihenkilot\/#breadcrumb"},"inLanguage":"fi","potentialAction":[{"@type":"ReadAction","target":["https:\/\/rotary.fi\/loviisa\/keita-olemme\/hallitus-ja-toimihenkilot\/"]}]},{"@type":"BreadcrumbList","@id":"https:\/\/rotary.fi\/loviisa\/keita-olemme\/hallitus-ja-toimihenkilot\/#breadcrumb","itemListElement":[{"@type":"ListItem","position":1,"name":"Home","item":"https:\/\/rotary.fi\/loviisa\/"},{"@type":"ListItem","position":2,"name":"Keit\u00e4 olemme","item":"https:\/\/rotary.fi\/loviisa\/keita-olemme\/"},{"@type":"ListItem","position":3,"name":"Hallitus ja toimihenkil\u00f6t"}]},{"@type":"WebSite","@id":"https:\/\/rotary.fi\/loviisa\/#website","url":"https:\/\/rotary.fi\/loviisa\/","name":"Lovisa Rotaryklubb - Loviisan Rotaryklubi","description":"Uusi Rotary klubisivusto","potentialAction":[{"@type":"SearchAction","target":{"@type":"EntryPoint","urlTemplate":"https:\/\/rotary.fi\/loviisa\/?s={search_term_string}"},"query-input":{"@type":"PropertyValueSpecification","valueRequired":true,"valueName":"search_term_string"}}],"inLanguage":"fi"}]}},"lang":"fi","translations":{"fi":132,"sv":1569},"pll_sync_post":[],"_links":{"self":[{"href":"https:\/\/rotary.fi\/loviisa\/wp-json\/wp\/v2\/pages\/132","targetHints":{"allow":["GET"]}}],"collection":[{"href":"https:\/\/rotary.fi\/loviisa\/wp-json\/wp\/v2\/pages"}],"about":[{"href":"https:\/\/rotary.fi\/loviisa\/wp-json\/wp\/v2\/types\/page"}],"author":[{"embeddable":true,"href":"https:\/\/rotary.fi\/loviisa\/wp-json\/wp\/v2\/users\/1"}],"replies":[{"embeddable":true,"href":"https:\/\/rotary.fi\/loviisa\/wp-json\/wp\/v2\/comments?post=132"}],"version-history":[{"count":12,"href":"https:\/\/rotary.fi\/loviisa\/wp-json\/wp\/v2\/pages\/132\/revisions"}],"predecessor-version":[{"id":2411,"href":"https:\/\/rotary.fi\/loviisa\/wp-json\/wp\/v2\/pages\/132\/revisions\/2411"}],"up":[{"embeddable":true,"href":"https:\/\/rotary.fi\/loviisa\/wp-json\/wp\/v2\/pages\/129"}],"wp:attachment":[{"href":"https:\/\/rotary.fi\/loviisa\/wp-json\/wp\/v2\/media?parent=132"}],"curies":[{"name":"wp","href":"https:\/\/api.w.org\/{rel}","templated":true}]}}