{"id":1912,"date":"2023-05-26T19:52:54","date_gmt":"2023-05-26T16:52:54","guid":{"rendered":"https:\/\/rotary.fi\/loimaanrotaryklubi\/?page_id=1912"},"modified":"2023-05-26T19:52:54","modified_gmt":"2023-05-26T16:52:54","slug":"rotarit-omalla-osastollaan-okra-maatalousnayttelyssa-5-8-7-2023","status":"publish","type":"page","link":"https:\/\/rotary.fi\/loimaanrotaryklubi\/rotarit-omalla-osastollaan-okra-maatalousnayttelyssa-5-8-7-2023\/","title":{"rendered":"Rotarit omalla osastollaan Okra-Maatalousn\u00e4yttelyss\u00e4 5.-8.7.2023"},"content":{"rendered":"<p><strong>OKRA 2023 Orip\u00e4\u00e4n lentokent\u00e4ll\u00e4 5.-8.7.2023<\/strong> on yksi Suomen suurimmista maatalousn\u00e4yttelyist\u00e4, joka kokoaa Orip\u00e4\u00e4h\u00e4n kymmeni\u00e4tuhansia messuk\u00e4vij\u00f6it\u00e4 ja satoja n\u00e4ytteilleasettajia ymp\u00e4ri Suomea. Mukaan on ilmoittautunut t\u00e4h\u00e4n menness\u00e4 jo reilusti yli 400 n\u00e4ytteilleasettajaa. Esill\u00e4 on maatalousalan uusimmat koneet, laitteet, tuotteet ja palvelut. El\u00e4imet, perinnepiha, k\u00e4dentaidot ja tivolihuvit tarjoavat el\u00e4myksi\u00e4 alan ammattilaisten lis\u00e4ksi koko perheelle.<\/p>\n<p><strong>Rotarit ovat OKRAssa omalla osastollaan D-alueella Loimaa-korttelissa osastolla 46.<\/strong> Keskeisiksi teemoiksi messuille on valikoitunut rotarytoiminta yleisesti, Rotaryn ymp\u00e4rist\u00f6teemat ja -ohjelmat, vesist\u00f6jen suojelu ja nuorisovaihto.<\/p>\n<p>Okra-maatalousn\u00e4yttelyn kartta ja n\u00e4ytteilleasettajat vuodelle 2023 on nyt julkaistu!<\/p>\n<p><a href=\"https:\/\/okramaatalous.fi\/kartta-ja-naytteilleasettajalistat-2023\/yleinen\/\"><strong>Katso kartta ja n\u00e4ytteilleasettajat t\u00e4st\u00e4:<\/strong><\/a><\/p>\n<p>J\u00e4rjestelyvastuussa rotarien osalta on Loimaan Rotaryklubi.<\/p>\n","protected":false},"excerpt":{"rendered":"<p>OKRA 2023 Orip\u00e4\u00e4n lentokent\u00e4ll\u00e4 5.-8.7.2023 on yksi Suomen suurimmista maatalousn\u00e4yttelyist\u00e4, joka kokoaa Orip\u00e4\u00e4h\u00e4n kymmeni\u00e4tuhansia messuk\u00e4vij\u00f6it\u00e4 ja satoja n\u00e4ytteilleasettajia ymp\u00e4ri Suomea. Mukaan on ilmoittautunut t\u00e4h\u00e4n menness\u00e4 jo reilusti yli 400 n\u00e4ytteilleasettajaa. Esill\u00e4 on maatalousalan uusimmat koneet, laitteet, tuotteet ja palvelut. El\u00e4imet, perinnepiha, k\u00e4dentaidot ja tivolihuvit tarjoavat el\u00e4myksi\u00e4 alan ammattilaisten lis\u00e4ksi koko perheelle. Rotarit ovat OKRAssa omalla [&hellip;]<\/p>\n","protected":false},"author":11,"featured_media":0,"parent":0,"menu_order":0,"comment_status":"closed","ping_status":"closed","template":"","meta":{"_acf_changed":false,"_et_pb_use_builder":"","_et_pb_old_content":"","_et_gb_content_width":"","footnotes":""},"class_list":["post-1912","page","type-page","status-publish","hentry"],"acf":[],"yoast_head":"<!-- This site is optimized with the Yoast SEO plugin v27.4 - https:\/\/yoast.com\/product\/yoast-seo-wordpress\/ -->\n<title>Rotarit omalla osastollaan Okra-Maatalousn\u00e4yttelyss\u00e4 5.-8.7.2023 - Loimaan Rotaryklubi<\/title>\n<meta name=\"robots\" content=\"index, follow, max-snippet:-1, max-image-preview:large, max-video-preview:-1\" \/>\n<link rel=\"canonical\" href=\"https:\/\/rotary.fi\/loimaanrotaryklubi\/rotarit-omalla-osastollaan-okra-maatalousnayttelyssa-5-8-7-2023\/\" \/>\n<meta property=\"og:locale\" content=\"fi_FI\" \/>\n<meta property=\"og:type\" content=\"article\" \/>\n<meta property=\"og:title\" content=\"Rotarit omalla osastollaan Okra-Maatalousn\u00e4yttelyss\u00e4 5.-8.7.2023 - Loimaan Rotaryklubi\" \/>\n<meta property=\"og:description\" content=\"OKRA 2023 Orip\u00e4\u00e4n lentokent\u00e4ll\u00e4 5.-8.7.2023 on yksi Suomen suurimmista maatalousn\u00e4yttelyist\u00e4, joka kokoaa Orip\u00e4\u00e4h\u00e4n kymmeni\u00e4tuhansia messuk\u00e4vij\u00f6it\u00e4 ja satoja n\u00e4ytteilleasettajia ymp\u00e4ri Suomea. Mukaan on ilmoittautunut t\u00e4h\u00e4n menness\u00e4 jo reilusti yli 400 n\u00e4ytteilleasettajaa. Esill\u00e4 on maatalousalan uusimmat koneet, laitteet, tuotteet ja palvelut. El\u00e4imet, perinnepiha, k\u00e4dentaidot ja tivolihuvit tarjoavat el\u00e4myksi\u00e4 alan ammattilaisten lis\u00e4ksi koko perheelle. Rotarit ovat OKRAssa omalla [&hellip;]\" \/>\n<meta property=\"og:url\" content=\"https:\/\/rotary.fi\/loimaanrotaryklubi\/rotarit-omalla-osastollaan-okra-maatalousnayttelyssa-5-8-7-2023\/\" \/>\n<meta property=\"og:site_name\" content=\"Loimaan Rotaryklubi\" \/>\n<meta name=\"twitter:card\" content=\"summary_large_image\" \/>\n<meta name=\"twitter:label1\" content=\"Arvioitu lukuaika\" \/>\n\t<meta name=\"twitter:data1\" content=\"1 minuutti\" \/>\n<script type=\"application\/ld+json\" class=\"yoast-schema-graph\">{\"@context\":\"https:\\\/\\\/schema.org\",\"@graph\":[{\"@type\":\"WebPage\",\"@id\":\"https:\\\/\\\/rotary.fi\\\/loimaanrotaryklubi\\\/rotarit-omalla-osastollaan-okra-maatalousnayttelyssa-5-8-7-2023\\\/\",\"url\":\"https:\\\/\\\/rotary.fi\\\/loimaanrotaryklubi\\\/rotarit-omalla-osastollaan-okra-maatalousnayttelyssa-5-8-7-2023\\\/\",\"name\":\"Rotarit omalla osastollaan Okra-Maatalousn\u00e4yttelyss\u00e4 5.-8.7.2023 - Loimaan Rotaryklubi\",\"isPartOf\":{\"@id\":\"https:\\\/\\\/rotary.fi\\\/loimaanrotaryklubi\\\/#website\"},\"datePublished\":\"2023-05-26T16:52:54+00:00\",\"breadcrumb\":{\"@id\":\"https:\\\/\\\/rotary.fi\\\/loimaanrotaryklubi\\\/rotarit-omalla-osastollaan-okra-maatalousnayttelyssa-5-8-7-2023\\\/#breadcrumb\"},\"inLanguage\":\"fi\",\"potentialAction\":[{\"@type\":\"ReadAction\",\"target\":[\"https:\\\/\\\/rotary.fi\\\/loimaanrotaryklubi\\\/rotarit-omalla-osastollaan-okra-maatalousnayttelyssa-5-8-7-2023\\\/\"]}]},{\"@type\":\"BreadcrumbList\",\"@id\":\"https:\\\/\\\/rotary.fi\\\/loimaanrotaryklubi\\\/rotarit-omalla-osastollaan-okra-maatalousnayttelyssa-5-8-7-2023\\\/#breadcrumb\",\"itemListElement\":[{\"@type\":\"ListItem\",\"position\":1,\"name\":\"Home\",\"item\":\"https:\\\/\\\/rotary.fi\\\/loimaanrotaryklubi\\\/\"},{\"@type\":\"ListItem\",\"position\":2,\"name\":\"Rotarit omalla osastollaan Okra-Maatalousn\u00e4yttelyss\u00e4 5.-8.7.2023\"}]},{\"@type\":\"WebSite\",\"@id\":\"https:\\\/\\\/rotary.fi\\\/loimaanrotaryklubi\\\/#website\",\"url\":\"https:\\\/\\\/rotary.fi\\\/loimaanrotaryklubi\\\/\",\"name\":\"Loimaan Rotaryklubi\",\"description\":\"Uusi Rotary klubisivusto\",\"potentialAction\":[{\"@type\":\"SearchAction\",\"target\":{\"@type\":\"EntryPoint\",\"urlTemplate\":\"https:\\\/\\\/rotary.fi\\\/loimaanrotaryklubi\\\/?s={search_term_string}\"},\"query-input\":{\"@type\":\"PropertyValueSpecification\",\"valueRequired\":true,\"valueName\":\"search_term_string\"}}],\"inLanguage\":\"fi\"}]}<\/script>\n<!-- \/ Yoast SEO plugin. -->","yoast_head_json":{"title":"Rotarit omalla osastollaan Okra-Maatalousn\u00e4yttelyss\u00e4 5.-8.7.2023 - Loimaan Rotaryklubi","robots":{"index":"index","follow":"follow","max-snippet":"max-snippet:-1","max-image-preview":"max-image-preview:large","max-video-preview":"max-video-preview:-1"},"canonical":"https:\/\/rotary.fi\/loimaanrotaryklubi\/rotarit-omalla-osastollaan-okra-maatalousnayttelyssa-5-8-7-2023\/","og_locale":"fi_FI","og_type":"article","og_title":"Rotarit omalla osastollaan Okra-Maatalousn\u00e4yttelyss\u00e4 5.-8.7.2023 - Loimaan Rotaryklubi","og_description":"OKRA 2023 Orip\u00e4\u00e4n lentokent\u00e4ll\u00e4 5.-8.7.2023 on yksi Suomen suurimmista maatalousn\u00e4yttelyist\u00e4, joka kokoaa Orip\u00e4\u00e4h\u00e4n kymmeni\u00e4tuhansia messuk\u00e4vij\u00f6it\u00e4 ja satoja n\u00e4ytteilleasettajia ymp\u00e4ri Suomea. Mukaan on ilmoittautunut t\u00e4h\u00e4n menness\u00e4 jo reilusti yli 400 n\u00e4ytteilleasettajaa. Esill\u00e4 on maatalousalan uusimmat koneet, laitteet, tuotteet ja palvelut. El\u00e4imet, perinnepiha, k\u00e4dentaidot ja tivolihuvit tarjoavat el\u00e4myksi\u00e4 alan ammattilaisten lis\u00e4ksi koko perheelle. Rotarit ovat OKRAssa omalla [&hellip;]","og_url":"https:\/\/rotary.fi\/loimaanrotaryklubi\/rotarit-omalla-osastollaan-okra-maatalousnayttelyssa-5-8-7-2023\/","og_site_name":"Loimaan Rotaryklubi","twitter_card":"summary_large_image","twitter_misc":{"Arvioitu lukuaika":"1 minuutti"},"schema":{"@context":"https:\/\/schema.org","@graph":[{"@type":"WebPage","@id":"https:\/\/rotary.fi\/loimaanrotaryklubi\/rotarit-omalla-osastollaan-okra-maatalousnayttelyssa-5-8-7-2023\/","url":"https:\/\/rotary.fi\/loimaanrotaryklubi\/rotarit-omalla-osastollaan-okra-maatalousnayttelyssa-5-8-7-2023\/","name":"Rotarit omalla osastollaan Okra-Maatalousn\u00e4yttelyss\u00e4 5.-8.7.2023 - Loimaan Rotaryklubi","isPartOf":{"@id":"https:\/\/rotary.fi\/loimaanrotaryklubi\/#website"},"datePublished":"2023-05-26T16:52:54+00:00","breadcrumb":{"@id":"https:\/\/rotary.fi\/loimaanrotaryklubi\/rotarit-omalla-osastollaan-okra-maatalousnayttelyssa-5-8-7-2023\/#breadcrumb"},"inLanguage":"fi","potentialAction":[{"@type":"ReadAction","target":["https:\/\/rotary.fi\/loimaanrotaryklubi\/rotarit-omalla-osastollaan-okra-maatalousnayttelyssa-5-8-7-2023\/"]}]},{"@type":"BreadcrumbList","@id":"https:\/\/rotary.fi\/loimaanrotaryklubi\/rotarit-omalla-osastollaan-okra-maatalousnayttelyssa-5-8-7-2023\/#breadcrumb","itemListElement":[{"@type":"ListItem","position":1,"name":"Home","item":"https:\/\/rotary.fi\/loimaanrotaryklubi\/"},{"@type":"ListItem","position":2,"name":"Rotarit omalla osastollaan Okra-Maatalousn\u00e4yttelyss\u00e4 5.-8.7.2023"}]},{"@type":"WebSite","@id":"https:\/\/rotary.fi\/loimaanrotaryklubi\/#website","url":"https:\/\/rotary.fi\/loimaanrotaryklubi\/","name":"Loimaan Rotaryklubi","description":"Uusi Rotary klubisivusto","potentialAction":[{"@type":"SearchAction","target":{"@type":"EntryPoint","urlTemplate":"https:\/\/rotary.fi\/loimaanrotaryklubi\/?s={search_term_string}"},"query-input":{"@type":"PropertyValueSpecification","valueRequired":true,"valueName":"search_term_string"}}],"inLanguage":"fi"}]}},"lang":"fi","translations":{"fi":1912},"pll_sync_post":[],"_links":{"self":[{"href":"https:\/\/rotary.fi\/loimaanrotaryklubi\/wp-json\/wp\/v2\/pages\/1912","targetHints":{"allow":["GET"]}}],"collection":[{"href":"https:\/\/rotary.fi\/loimaanrotaryklubi\/wp-json\/wp\/v2\/pages"}],"about":[{"href":"https:\/\/rotary.fi\/loimaanrotaryklubi\/wp-json\/wp\/v2\/types\/page"}],"author":[{"embeddable":true,"href":"https:\/\/rotary.fi\/loimaanrotaryklubi\/wp-json\/wp\/v2\/users\/11"}],"replies":[{"embeddable":true,"href":"https:\/\/rotary.fi\/loimaanrotaryklubi\/wp-json\/wp\/v2\/comments?post=1912"}],"version-history":[{"count":1,"href":"https:\/\/rotary.fi\/loimaanrotaryklubi\/wp-json\/wp\/v2\/pages\/1912\/revisions"}],"predecessor-version":[{"id":1913,"href":"https:\/\/rotary.fi\/loimaanrotaryklubi\/wp-json\/wp\/v2\/pages\/1912\/revisions\/1913"}],"wp:attachment":[{"href":"https:\/\/rotary.fi\/loimaanrotaryklubi\/wp-json\/wp\/v2\/media?parent=1912"}],"curies":[{"name":"wp","href":"https:\/\/api.w.org\/{rel}","templated":true}]}}