{"id":129,"date":"2018-08-10T13:41:39","date_gmt":"2018-08-10T10:41:39","guid":{"rendered":"https:\/\/rotary.fi\/klubi2\/?page_id=129"},"modified":"2025-02-11T01:35:59","modified_gmt":"2025-02-10T23:35:59","slug":"keita-olemme","status":"publish","type":"page","link":"https:\/\/rotary.fi\/loimaanrotaryklubi\/keita-olemme\/","title":{"rendered":"Keit\u00e4 olemme"},"content":{"rendered":"<p>[et_pb_section fb_built=&#8221;1&#8243; module_class=&#8221;jumbotron-page&#8221; _builder_version=&#8221;4.16&#8243; background_image=&#8221;https:\/\/rotary.fi\/loimaanrotaryklubi\/wp-content\/uploads\/sites\/17\/2019\/02\/etusivu.jpg&#8221; custom_css_main_element=&#8221;background-position: 50% 68%;&#8221; global_colors_info=&#8221;{}&#8221;][et_pb_row _builder_version=&#8221;4.16&#8243; background_size=&#8221;initial&#8221; background_position=&#8221;top_left&#8221; background_repeat=&#8221;repeat&#8221; global_colors_info=&#8221;{}&#8221;][et_pb_column type=&#8221;4_4&#8243; _builder_version=&#8221;4.16&#8243; custom_padding=&#8221;|||&#8221; global_colors_info=&#8221;{}&#8221; custom_padding__hover=&#8221;|||&#8221;][et_pb_text admin_label=&#8221;P\u00e4\u00e4otsikko&#8221; _builder_version=&#8221;4.16&#8243; background_color=&#8221;rgba(255,255,255,0)&#8221; text_orientation=&#8221;center&#8221; background_layout=&#8221;dark&#8221; global_colors_info=&#8221;{}&#8221;]<\/p>\n<h1>Keit\u00e4 olemme<\/h1>\n<p>[\/et_pb_text][\/et_pb_column][\/et_pb_row][\/et_pb_section][et_pb_section fb_built=&#8221;1&#8243; specialty=&#8221;on&#8221; module_class_2=&#8221;sivupalkki&#8221; _builder_version=&#8221;4.16&#8243; global_colors_info=&#8221;{}&#8221;][et_pb_column type=&#8221;2_3&#8243; specialty_columns=&#8221;2&#8243; _builder_version=&#8221;4.16&#8243; custom_padding=&#8221;|||&#8221; global_colors_info=&#8221;{}&#8221; custom_padding__hover=&#8221;|||&#8221;][et_pb_row_inner admin_label=&#8221;Rivi&#8221; _builder_version=&#8221;4.16&#8243; global_colors_info=&#8221;{}&#8221;][et_pb_column_inner saved_specialty_column_type=&#8221;2_3&#8243; _builder_version=&#8221;4.16&#8243; custom_padding=&#8221;|||&#8221; global_colors_info=&#8221;{}&#8221; custom_padding__hover=&#8221;|||&#8221;][et_pb_text admin_label=&#8221;Otsikko&#8221; _builder_version=&#8221;4.22.1&#8243; background_color=&#8221;rgba(255,255,255,0)&#8221; text_orientation=&#8221;center&#8221; global_colors_info=&#8221;{}&#8221;]<\/p>\n<h1>Olemme toiminnan ihmisi\u00e4!<\/h1>\n<p>[\/et_pb_text][et_pb_text _builder_version=&#8221;4.22.1&#8243; z_index_tablet=&#8221;500&#8243; text_text_shadow_horizontal_length_tablet=&#8221;0px&#8221; text_text_shadow_vertical_length_tablet=&#8221;0px&#8221; text_text_shadow_blur_strength_tablet=&#8221;1px&#8221; link_text_shadow_horizontal_length_tablet=&#8221;0px&#8221; link_text_shadow_vertical_length_tablet=&#8221;0px&#8221; link_text_shadow_blur_strength_tablet=&#8221;1px&#8221; ul_text_shadow_horizontal_length_tablet=&#8221;0px&#8221; ul_text_shadow_vertical_length_tablet=&#8221;0px&#8221; ul_text_shadow_blur_strength_tablet=&#8221;1px&#8221; ol_text_shadow_horizontal_length_tablet=&#8221;0px&#8221; ol_text_shadow_vertical_length_tablet=&#8221;0px&#8221; ol_text_shadow_blur_strength_tablet=&#8221;1px&#8221; quote_text_shadow_horizontal_length_tablet=&#8221;0px&#8221; quote_text_shadow_vertical_length_tablet=&#8221;0px&#8221; quote_text_shadow_blur_strength_tablet=&#8221;1px&#8221; header_text_shadow_horizontal_length_tablet=&#8221;0px&#8221; header_text_shadow_vertical_length_tablet=&#8221;0px&#8221; header_text_shadow_blur_strength_tablet=&#8221;1px&#8221; header_2_text_shadow_horizontal_length_tablet=&#8221;0px&#8221; header_2_text_shadow_vertical_length_tablet=&#8221;0px&#8221; header_2_text_shadow_blur_strength_tablet=&#8221;1px&#8221; header_3_text_shadow_horizontal_length_tablet=&#8221;0px&#8221; header_3_text_shadow_vertical_length_tablet=&#8221;0px&#8221; header_3_text_shadow_blur_strength_tablet=&#8221;1px&#8221; header_4_text_shadow_horizontal_length_tablet=&#8221;0px&#8221; header_4_text_shadow_vertical_length_tablet=&#8221;0px&#8221; header_4_text_shadow_blur_strength_tablet=&#8221;1px&#8221; header_5_text_shadow_horizontal_length_tablet=&#8221;0px&#8221; header_5_text_shadow_vertical_length_tablet=&#8221;0px&#8221; header_5_text_shadow_blur_strength_tablet=&#8221;1px&#8221; header_6_text_shadow_horizontal_length_tablet=&#8221;0px&#8221; header_6_text_shadow_vertical_length_tablet=&#8221;0px&#8221; header_6_text_shadow_blur_strength_tablet=&#8221;1px&#8221; box_shadow_horizontal_tablet=&#8221;0px&#8221; box_shadow_vertical_tablet=&#8221;0px&#8221; box_shadow_blur_tablet=&#8221;40px&#8221; box_shadow_spread_tablet=&#8221;0px&#8221; global_colors_info=&#8221;{}&#8221;]<\/p>\n<p>Loimaan Rotaryklubi on 10.5.1949 Loimaan talousalueelle perustettu paikallisklubi. Kuulumme maailmanlaajuiseen, eettisell\u00e4 pohjalla toimivaan Rotary palvelu- ja hyv\u00e4ntekev\u00e4isyysj\u00e4rjest\u00f6\u00f6n. Kummiklubimme on Alastaron Rotaryklubi. Kokoonnumme <span style=\"font-size: 16px\">joka toinen maanantai-ilta klubitapaamiseen tapaamaan toisiamme ja edist\u00e4m\u00e4\u00e4n hyv\u00e4\u00e4 omalla paikkakunnallamme. K\u00e4ymme my\u00f6s yritysvierailuilla l\u00e4hialueen yrityksiss\u00e4 ja osallistumme alueellisiin tapahtumiin sek\u00e4 piiri- ja valtakunnallisiin Rotary-tapahtumiin.\u00a0<\/span><\/p>\n<p>Olemme osallistuneet moniin Rotaryn yhteisiin hyv\u00e4ntekev\u00e4isyyshankkeisiin ja my\u00f6s j\u00e4rjest\u00e4neet omia paikallisia projekteja. Rotary nuorisovaihto on ollut my\u00f6s keskeisimpi\u00e4 toimintamuotojamme. Olemme l\u00e4hes vuosittain l\u00e4hett\u00e4neet nuoria ulkomaille vaihto-oppilaaksi ja ottaneet vastavuoroisesti vastaan nuoria jostain p\u00e4in maailmaa loimaalaisiin perheisiin. Teemme hyv\u00e4\u00e4 niin paikallisesti kuin kansainv\u00e4lisesti.<\/p>\n<p>Me Loimaan Rotaryklubilla olemme monimuotoinen ryhm\u00e4 eri alojen ammattilaisia, joita kaikkia ajaa eteenp\u00e4in halu tehd\u00e4 hyv\u00e4\u00e4, verkostoitua, yst\u00e4vysty\u00e4 ja oppia uutta. Klubimme ik\u00e4jakauma on 20 ja 80 ik\u00e4vuoden v\u00e4lilt\u00e4, mukana on niin miehi\u00e4 kuin naisia ja kaikilla meill\u00e4 on omat vahvuutemme. <strong>Olet tervetullut mukaan juuri sellaisena kuin olet!\u00a0<\/strong><\/p>\n<p>Tarjoamme sinulle rotarina mahdollisuuden toimia ja vaikuttaa paikallisyhteis\u00f6ss\u00e4si tai jopa kansainv\u00e4lisesti. Lis\u00e4ksi saat mahtavan ja sosiaalisen verkoston ja elinik\u00e4isi\u00e4 yst\u00e4vi\u00e4. <strong>Tule mukaan vaikuttamaan!\u00a0<\/strong> \u00a0<\/p>\n<h4>Harrastus, jolla on tarkoitus<\/h4>\n<p>Olemme monina vuosina keskittyneet nuorisovaihdon tukemiseen. J\u00e4rjest\u00e4mme nuoria Rotaryn kansainv\u00e4liseen nuorisovaihtoon ja vastaavasti otamme vastaan nuoria opiskelijoita Loimaalle. Meid\u00e4n mielest\u00e4mme nuorisovaihto on mit\u00e4 parhainta ruohonjuuritason kansainv\u00e4listymis- ja rauhankasvatusta.<\/p>\n<p>Nostamme my\u00f6s esiin t\u00e4rkeit\u00e4 sosiaalisia kehitt\u00e4mistarpeita. Loimaan Rotaryklubi on tehnyt mm. kummitoimintaa tukemalla monin tavoin Loimaan Nuorten Ty\u00f6paja \/ TexVexin toimintaa.<\/p>\n<p>Paikallisella tasolla teemme yhteisty\u00f6t\u00e4 monien paikkakunnan yhdistysten ja yhteis\u00f6jen kanssa osallistumalla tai olemalla mukana j\u00e4rjest\u00e4m\u00e4ss\u00e4 erilaisia tapahtumia.<\/p>\n<p>Pid\u00e4mme arvossa kansainv\u00e4lisen Rotary Internationalin ponnisteluja ja j\u00e4rjest\u00f6n arvokasta ty\u00f6t\u00e4 muun muassa polion h\u00e4vitt\u00e4miseksi maapallolta. Pelk\u00e4st\u00e4\u00e4n t\u00e4h\u00e4n ty\u00f6h\u00f6n Rotary on suunnannut runsaasti vapaaehtoisvoimaa.<\/p>\n<p>&nbsp;<\/p>\n<h4>Vaikuttava kansainv\u00e4linen verkosto<\/h4>\n<p>Rotary on Chicagossa 23.2.1905 perustettu kansainv\u00e4linen palvelu- ja hyv\u00e4ntekev\u00e4isyysorganisaatio. Rotary Internationalin kotipaikka on Evanston, USA:n osavaltiossa Illinoisissa. Tunnuslauseemme on Palvelu itsekkyyden edelle (Service Above Self).<\/p>\n<p>Rotaryssa on noin 1,4 miljoonaa j\u00e4sent\u00e4, joista noin 1,2 miljoonaa on rotareita ja 200 000 rotaractoreita. Rotary on merkitt\u00e4v\u00e4 kansainv\u00e4linen palvelu- ja hyv\u00e4ntekev\u00e4isyysj\u00e4rjest\u00f6. Suomi on jaettu viiteen rotarypiiriin, joista yhteen kuuluvat my\u00f6s Viron klubit. Suomessa ja Virossa on yhteens\u00e4 300 klubia, joissa runsaat 10 000 rotaria.<\/p>\n<p>[\/et_pb_text][\/et_pb_column_inner][\/et_pb_row_inner][\/et_pb_column][et_pb_column type=&#8221;1_3&#8243; _builder_version=&#8221;4.16&#8243; custom_padding=&#8221;|||&#8221; global_colors_info=&#8221;{}&#8221; custom_padding__hover=&#8221;|||&#8221;][et_pb_sidebar area=&#8221;sidebar-1&#8243; module_class=&#8221;sivupalkki_sisalto&#8221; _builder_version=&#8221;4.16&#8243; locked=&#8221;on&#8221; global_colors_info=&#8221;{}&#8221;]<br \/>\n[\/et_pb_sidebar][\/et_pb_column][\/et_pb_section]<\/p>\n","protected":false},"excerpt":{"rendered":"<p>Keit\u00e4 olemme Olemme toiminnan ihmisi\u00e4!Loimaan Rotaryklubi on 10.5.1949 Loimaan talousalueelle perustettu paikallisklubi. Kuulumme maailmanlaajuiseen, eettisell\u00e4 pohjalla toimivaan Rotary palvelu- ja hyv\u00e4ntekev\u00e4isyysj\u00e4rjest\u00f6\u00f6n. Kummiklubimme on Alastaron Rotaryklubi. Kokoonnumme joka toinen maanantai-ilta klubitapaamiseen tapaamaan toisiamme ja edist\u00e4m\u00e4\u00e4n hyv\u00e4\u00e4 omalla paikkakunnallamme. K\u00e4ymme my\u00f6s yritysvierailuilla l\u00e4hialueen yrityksiss\u00e4 ja osallistumme alueellisiin tapahtumiin sek\u00e4 piiri- ja valtakunnallisiin Rotary-tapahtumiin.\u00a0 Olemme osallistuneet moniin Rotaryn [&hellip;]<\/p>\n","protected":false},"author":1,"featured_media":0,"parent":0,"menu_order":0,"comment_status":"closed","ping_status":"closed","template":"","meta":{"_acf_changed":false,"_et_pb_use_builder":"on","_et_pb_old_content":"","_et_gb_content_width":"","footnotes":""},"class_list":["post-129","page","type-page","status-publish","hentry"],"acf":[],"yoast_head":"<!-- This site is optimized with the Yoast SEO plugin v27.4 - https:\/\/yoast.com\/product\/yoast-seo-wordpress\/ -->\n<title>Keit\u00e4 olemme - Loimaan Rotaryklubi<\/title>\n<meta name=\"robots\" content=\"index, follow, max-snippet:-1, max-image-preview:large, max-video-preview:-1\" \/>\n<link rel=\"canonical\" href=\"https:\/\/rotary.fi\/loimaanrotaryklubi\/keita-olemme\/\" \/>\n<meta property=\"og:locale\" content=\"fi_FI\" \/>\n<meta property=\"og:type\" content=\"article\" \/>\n<meta property=\"og:title\" content=\"Keit\u00e4 olemme - Loimaan Rotaryklubi\" \/>\n<meta property=\"og:description\" content=\"Keit\u00e4 olemme Olemme toiminnan ihmisi\u00e4!Loimaan Rotaryklubi on 10.5.1949 Loimaan talousalueelle perustettu paikallisklubi. Kuulumme maailmanlaajuiseen, eettisell\u00e4 pohjalla toimivaan Rotary palvelu- ja hyv\u00e4ntekev\u00e4isyysj\u00e4rjest\u00f6\u00f6n. Kummiklubimme on Alastaron Rotaryklubi. Kokoonnumme joka toinen maanantai-ilta klubitapaamiseen tapaamaan toisiamme ja edist\u00e4m\u00e4\u00e4n hyv\u00e4\u00e4 omalla paikkakunnallamme. K\u00e4ymme my\u00f6s yritysvierailuilla l\u00e4hialueen yrityksiss\u00e4 ja osallistumme alueellisiin tapahtumiin sek\u00e4 piiri- ja valtakunnallisiin Rotary-tapahtumiin.\u00a0 Olemme osallistuneet moniin Rotaryn [&hellip;]\" \/>\n<meta property=\"og:url\" content=\"https:\/\/rotary.fi\/loimaanrotaryklubi\/keita-olemme\/\" \/>\n<meta property=\"og:site_name\" content=\"Loimaan Rotaryklubi\" \/>\n<meta property=\"article:modified_time\" content=\"2025-02-10T23:35:59+00:00\" \/>\n<meta name=\"twitter:card\" content=\"summary_large_image\" \/>\n<meta name=\"twitter:label1\" content=\"Arvioitu lukuaika\" \/>\n\t<meta name=\"twitter:data1\" content=\"3 minuuttia\" \/>\n<script type=\"application\/ld+json\" class=\"yoast-schema-graph\">{\"@context\":\"https:\\\/\\\/schema.org\",\"@graph\":[{\"@type\":\"WebPage\",\"@id\":\"https:\\\/\\\/rotary.fi\\\/loimaanrotaryklubi\\\/keita-olemme\\\/\",\"url\":\"https:\\\/\\\/rotary.fi\\\/loimaanrotaryklubi\\\/keita-olemme\\\/\",\"name\":\"Keit\u00e4 olemme - Loimaan Rotaryklubi\",\"isPartOf\":{\"@id\":\"https:\\\/\\\/rotary.fi\\\/loimaanrotaryklubi\\\/#website\"},\"datePublished\":\"2018-08-10T10:41:39+00:00\",\"dateModified\":\"2025-02-10T23:35:59+00:00\",\"breadcrumb\":{\"@id\":\"https:\\\/\\\/rotary.fi\\\/loimaanrotaryklubi\\\/keita-olemme\\\/#breadcrumb\"},\"inLanguage\":\"fi\",\"potentialAction\":[{\"@type\":\"ReadAction\",\"target\":[\"https:\\\/\\\/rotary.fi\\\/loimaanrotaryklubi\\\/keita-olemme\\\/\"]}]},{\"@type\":\"BreadcrumbList\",\"@id\":\"https:\\\/\\\/rotary.fi\\\/loimaanrotaryklubi\\\/keita-olemme\\\/#breadcrumb\",\"itemListElement\":[{\"@type\":\"ListItem\",\"position\":1,\"name\":\"Home\",\"item\":\"https:\\\/\\\/rotary.fi\\\/loimaanrotaryklubi\\\/\"},{\"@type\":\"ListItem\",\"position\":2,\"name\":\"Keit\u00e4 olemme\"}]},{\"@type\":\"WebSite\",\"@id\":\"https:\\\/\\\/rotary.fi\\\/loimaanrotaryklubi\\\/#website\",\"url\":\"https:\\\/\\\/rotary.fi\\\/loimaanrotaryklubi\\\/\",\"name\":\"Loimaan Rotaryklubi\",\"description\":\"Uusi Rotary klubisivusto\",\"potentialAction\":[{\"@type\":\"SearchAction\",\"target\":{\"@type\":\"EntryPoint\",\"urlTemplate\":\"https:\\\/\\\/rotary.fi\\\/loimaanrotaryklubi\\\/?s={search_term_string}\"},\"query-input\":{\"@type\":\"PropertyValueSpecification\",\"valueRequired\":true,\"valueName\":\"search_term_string\"}}],\"inLanguage\":\"fi\"}]}<\/script>\n<!-- \/ Yoast SEO plugin. -->","yoast_head_json":{"title":"Keit\u00e4 olemme - Loimaan Rotaryklubi","robots":{"index":"index","follow":"follow","max-snippet":"max-snippet:-1","max-image-preview":"max-image-preview:large","max-video-preview":"max-video-preview:-1"},"canonical":"https:\/\/rotary.fi\/loimaanrotaryklubi\/keita-olemme\/","og_locale":"fi_FI","og_type":"article","og_title":"Keit\u00e4 olemme - Loimaan Rotaryklubi","og_description":"Keit\u00e4 olemme Olemme toiminnan ihmisi\u00e4!Loimaan Rotaryklubi on 10.5.1949 Loimaan talousalueelle perustettu paikallisklubi. Kuulumme maailmanlaajuiseen, eettisell\u00e4 pohjalla toimivaan Rotary palvelu- ja hyv\u00e4ntekev\u00e4isyysj\u00e4rjest\u00f6\u00f6n. Kummiklubimme on Alastaron Rotaryklubi. Kokoonnumme joka toinen maanantai-ilta klubitapaamiseen tapaamaan toisiamme ja edist\u00e4m\u00e4\u00e4n hyv\u00e4\u00e4 omalla paikkakunnallamme. K\u00e4ymme my\u00f6s yritysvierailuilla l\u00e4hialueen yrityksiss\u00e4 ja osallistumme alueellisiin tapahtumiin sek\u00e4 piiri- ja valtakunnallisiin Rotary-tapahtumiin.\u00a0 Olemme osallistuneet moniin Rotaryn [&hellip;]","og_url":"https:\/\/rotary.fi\/loimaanrotaryklubi\/keita-olemme\/","og_site_name":"Loimaan Rotaryklubi","article_modified_time":"2025-02-10T23:35:59+00:00","twitter_card":"summary_large_image","twitter_misc":{"Arvioitu lukuaika":"3 minuuttia"},"schema":{"@context":"https:\/\/schema.org","@graph":[{"@type":"WebPage","@id":"https:\/\/rotary.fi\/loimaanrotaryklubi\/keita-olemme\/","url":"https:\/\/rotary.fi\/loimaanrotaryklubi\/keita-olemme\/","name":"Keit\u00e4 olemme - Loimaan Rotaryklubi","isPartOf":{"@id":"https:\/\/rotary.fi\/loimaanrotaryklubi\/#website"},"datePublished":"2018-08-10T10:41:39+00:00","dateModified":"2025-02-10T23:35:59+00:00","breadcrumb":{"@id":"https:\/\/rotary.fi\/loimaanrotaryklubi\/keita-olemme\/#breadcrumb"},"inLanguage":"fi","potentialAction":[{"@type":"ReadAction","target":["https:\/\/rotary.fi\/loimaanrotaryklubi\/keita-olemme\/"]}]},{"@type":"BreadcrumbList","@id":"https:\/\/rotary.fi\/loimaanrotaryklubi\/keita-olemme\/#breadcrumb","itemListElement":[{"@type":"ListItem","position":1,"name":"Home","item":"https:\/\/rotary.fi\/loimaanrotaryklubi\/"},{"@type":"ListItem","position":2,"name":"Keit\u00e4 olemme"}]},{"@type":"WebSite","@id":"https:\/\/rotary.fi\/loimaanrotaryklubi\/#website","url":"https:\/\/rotary.fi\/loimaanrotaryklubi\/","name":"Loimaan Rotaryklubi","description":"Uusi Rotary klubisivusto","potentialAction":[{"@type":"SearchAction","target":{"@type":"EntryPoint","urlTemplate":"https:\/\/rotary.fi\/loimaanrotaryklubi\/?s={search_term_string}"},"query-input":{"@type":"PropertyValueSpecification","valueRequired":true,"valueName":"search_term_string"}}],"inLanguage":"fi"}]}},"lang":"fi","translations":{"fi":129},"pll_sync_post":[],"_links":{"self":[{"href":"https:\/\/rotary.fi\/loimaanrotaryklubi\/wp-json\/wp\/v2\/pages\/129","targetHints":{"allow":["GET"]}}],"collection":[{"href":"https:\/\/rotary.fi\/loimaanrotaryklubi\/wp-json\/wp\/v2\/pages"}],"about":[{"href":"https:\/\/rotary.fi\/loimaanrotaryklubi\/wp-json\/wp\/v2\/types\/page"}],"author":[{"embeddable":true,"href":"https:\/\/rotary.fi\/loimaanrotaryklubi\/wp-json\/wp\/v2\/users\/1"}],"replies":[{"embeddable":true,"href":"https:\/\/rotary.fi\/loimaanrotaryklubi\/wp-json\/wp\/v2\/comments?post=129"}],"version-history":[{"count":9,"href":"https:\/\/rotary.fi\/loimaanrotaryklubi\/wp-json\/wp\/v2\/pages\/129\/revisions"}],"predecessor-version":[{"id":2278,"href":"https:\/\/rotary.fi\/loimaanrotaryklubi\/wp-json\/wp\/v2\/pages\/129\/revisions\/2278"}],"wp:attachment":[{"href":"https:\/\/rotary.fi\/loimaanrotaryklubi\/wp-json\/wp\/v2\/media?parent=129"}],"curies":[{"name":"wp","href":"https:\/\/api.w.org\/{rel}","templated":true}]}}