{"id":186,"date":"2018-08-13T11:06:59","date_gmt":"2018-08-13T08:06:59","guid":{"rendered":"https:\/\/rotary.fi\/lohja\/?page_id=186"},"modified":"2026-02-12T15:40:40","modified_gmt":"2026-02-12T13:40:40","slug":"tapahtumakalenteri","status":"publish","type":"page","link":"https:\/\/rotary.fi\/lohja\/ajankohtaista\/tapahtumakalenteri\/","title":{"rendered":"Tapahtumakalenteri"},"content":{"rendered":"<p><strong>VIIKKO-OHJELMA, KEV\u00c4T 2026<\/strong><\/p>\n<table style=\"height: 319px;width: 665px\" width=\"665\">\n<tbody>\n<tr style=\"height: 23px\">\n<td style=\"height: 23px;width: 157.288px\"><strong>Ajankohta<\/strong><\/td>\n<td style=\"height: 23px;width: 340.625px\"><strong>Aihe<\/strong><\/td>\n<td style=\"height: 23px;width: 148.288px\"><strong>Alustaja\/Lis\u00e4tietoa<\/strong><\/td>\n<\/tr>\n<tr style=\"height: 23px\">\n<td style=\"height: 16px;width: 157.288px\">13.01.2026<\/td>\n<td style=\"height: 16px;width: 340.625px\"><span data-olk-copy-source=\"MessageBody\">Mieli ry<\/span><\/td>\n<td style=\"height: 16px;width: 148.288px\">Eija Mattila\u00a0 \u00a0 \u00a0 \u00a0 \u00a0 \u00a0 \u00a0 \u00a0 Tiina Lumij\u00e4rvi<\/td>\n<\/tr>\n<tr style=\"height: 23px\">\n<td style=\"height: 10px;width: 157.288px\">27.01.2026<\/td>\n<td style=\"width: 340.625px;height: 10px\"><\/td>\n<td style=\"width: 148.288px;height: 10px\"><\/td>\n<\/tr>\n<tr style=\"height: 23px\">\n<td style=\"height: 23px;width: 157.288px\">10.02.2026<\/td>\n<td style=\"height: 23px;width: 340.625px\"><span data-olk-copy-source=\"MessageBody\">Lohjan Kalaseura ry<\/span><\/td>\n<td style=\"height: 23px;width: 148.288px\"><span data-olk-copy-source=\"MessageBody\">Stina Koivisto<\/span><\/td>\n<\/tr>\n<tr style=\"height: 23px\">\n<td style=\"width: 157.288px;height: 23px\">24.02.2026<\/td>\n<td style=\"width: 340.625px;height: 23px\">Lohjan kaupunginjohtaja<\/td>\n<td style=\"width: 148.288px;height: 23px\">Petra St\u00e5hl<\/td>\n<\/tr>\n<tr style=\"height: 23px\">\n<td style=\"width: 157.288px;height: 23px\">10.03.2026<\/td>\n<td class=\"xl18\" style=\"width: 340.625px;height: 23px\" height=\"20\">Esitelm\u00e4 ihmisen elvytyksest\u00e4<\/td>\n<td style=\"width: 148.288px;height: 23px\">Presidentti<\/td>\n<\/tr>\n<tr style=\"height: 23px\">\n<td style=\"width: 157.288px;height: 23px\">24.03.2026<\/td>\n<td style=\"width: 340.625px;height: 23px\">Kirjaprojekti toteutus<\/td>\n<td style=\"width: 148.288px;height: 23px\">Tero Auvinen<\/td>\n<\/tr>\n<tr>\n<td style=\"width: 157.288px\">07.04.2026<\/td>\n<td style=\"width: 340.625px\">K-Rauta<\/td>\n<td style=\"width: 148.288px\">Katarina Naumanen<\/td>\n<\/tr>\n<tr style=\"height: 23px\">\n<td style=\"width: 157.288px;height: 23px\">18.04.2026<\/td>\n<td style=\"width: 340.625px;height: 23px\"><span data-olk-copy-source=\"MessageBody\">Piirikonferenssi ja Gaala-illallinen \/ Kalastajatorppa<\/span><\/td>\n<td style=\"width: 148.288px;height: 23px\">DG Jere Jantunen<\/td>\n<\/tr>\n<tr style=\"height: 23px\">\n<td style=\"width: 157.288px;height: 23px\">21.04.2026<\/td>\n<td style=\"width: 340.625px;height: 23px\">Lohjalainen kuorotoiminta<\/td>\n<td style=\"width: 148.288px;height: 23px\">Matti Lehtinen<\/td>\n<\/tr>\n<tr style=\"height: 23px\">\n<td style=\"width: 157.288px;height: 23px\">05.05.2026<\/td>\n<td style=\"width: 340.625px;height: 23px\">Projektin tuloksen esitys &#8221;klubin tulevaisuus&#8221;<\/td>\n<td style=\"width: 148.288px;height: 23px\">Laurea<\/td>\n<\/tr>\n<tr style=\"height: 23px\">\n<td style=\"width: 157.288px;height: 23px\">19.05.2026<\/td>\n<td style=\"width: 340.625px;height: 23px\">Igor museo \/ Jeren luona kahvit<\/td>\n<td style=\"width: 148.288px;height: 23px\">Jere Jantunen<\/td>\n<\/tr>\n<tr>\n<td style=\"width: 157.288px\">02.06.2026<\/td>\n<td style=\"width: 340.625px\">Luokite \/ Harrastus<\/td>\n<td style=\"width: 148.288px\"><span data-olk-copy-source=\"MessageBody\">Janne Haapanen<\/span><\/td>\n<\/tr>\n<tr>\n<td style=\"width: 157.288px\">15.06.2026<\/td>\n<td style=\"width: 340.625px\">Vitjojen vaihtokokous<\/td>\n<td style=\"width: 148.288px\">Hallitus<\/td>\n<\/tr>\n<tr>\n<td style=\"width: 157.288px\"><\/td>\n<td style=\"width: 340.625px\"><\/td>\n<td style=\"width: 148.288px\"><\/td>\n<\/tr>\n<\/tbody>\n<\/table>\n","protected":false},"excerpt":{"rendered":"<p>VIIKKO-OHJELMA, KEV\u00c4T 2026 Ajankohta Aihe Alustaja\/Lis\u00e4tietoa 13.01.2026 Mieli ry Eija Mattila\u00a0 \u00a0 \u00a0 \u00a0 \u00a0 \u00a0 \u00a0 \u00a0 Tiina Lumij\u00e4rvi 27.01.2026 10.02.2026 Lohjan Kalaseura ry Stina Koivisto 24.02.2026 Lohjan kaupunginjohtaja Petra St\u00e5hl 10.03.2026 Esitelm\u00e4 ihmisen elvytyksest\u00e4 Presidentti 24.03.2026 Kirjaprojekti toteutus Tero Auvinen 07.04.2026 K-Rauta Katarina Naumanen 18.04.2026 Piirikonferenssi ja Gaala-illallinen \/ Kalastajatorppa DG Jere Jantunen [&hellip;]<\/p>\n","protected":false},"author":1,"featured_media":0,"parent":94,"menu_order":1,"comment_status":"closed","ping_status":"closed","template":"","meta":{"_acf_changed":false,"_et_pb_use_builder":"off","_et_pb_old_content":"","_et_gb_content_width":"","footnotes":""},"class_list":["post-186","page","type-page","status-publish","hentry"],"acf":[],"yoast_head":"<!-- This site is optimized with the Yoast SEO plugin v27.0 - https:\/\/yoast.com\/product\/yoast-seo-wordpress\/ -->\n<title>Tapahtumakalenteri - Lohjan Rotaryklubi ry - Lojo Rotaryklubb rf<\/title>\n<meta name=\"robots\" content=\"index, follow, max-snippet:-1, max-image-preview:large, max-video-preview:-1\" \/>\n<link rel=\"canonical\" href=\"https:\/\/rotary.fi\/lohja\/ajankohtaista\/tapahtumakalenteri\/\" \/>\n<meta property=\"og:locale\" content=\"fi_FI\" \/>\n<meta property=\"og:type\" content=\"article\" \/>\n<meta property=\"og:title\" content=\"Tapahtumakalenteri - Lohjan Rotaryklubi ry - Lojo Rotaryklubb rf\" \/>\n<meta property=\"og:description\" content=\"VIIKKO-OHJELMA, KEV\u00c4T 2026 Ajankohta Aihe Alustaja\/Lis\u00e4tietoa 13.01.2026 Mieli ry Eija Mattila\u00a0 \u00a0 \u00a0 \u00a0 \u00a0 \u00a0 \u00a0 \u00a0 Tiina Lumij\u00e4rvi 27.01.2026 10.02.2026 Lohjan Kalaseura ry Stina Koivisto 24.02.2026 Lohjan kaupunginjohtaja Petra St\u00e5hl 10.03.2026 Esitelm\u00e4 ihmisen elvytyksest\u00e4 Presidentti 24.03.2026 Kirjaprojekti toteutus Tero Auvinen 07.04.2026 K-Rauta Katarina Naumanen 18.04.2026 Piirikonferenssi ja Gaala-illallinen \/ Kalastajatorppa DG Jere Jantunen [&hellip;]\" \/>\n<meta property=\"og:url\" content=\"https:\/\/rotary.fi\/lohja\/ajankohtaista\/tapahtumakalenteri\/\" \/>\n<meta property=\"og:site_name\" content=\"Lohjan Rotaryklubi ry - Lojo Rotaryklubb rf\" \/>\n<meta property=\"article:modified_time\" content=\"2026-02-12T13:40:40+00:00\" \/>\n<meta name=\"twitter:card\" content=\"summary_large_image\" \/>\n<meta name=\"twitter:label1\" content=\"Arvioitu lukuaika\" \/>\n\t<meta name=\"twitter:data1\" content=\"1 minuutti\" \/>\n<script type=\"application\/ld+json\" class=\"yoast-schema-graph\">{\"@context\":\"https:\/\/schema.org\",\"@graph\":[{\"@type\":\"WebPage\",\"@id\":\"https:\/\/rotary.fi\/lohja\/ajankohtaista\/tapahtumakalenteri\/\",\"url\":\"https:\/\/rotary.fi\/lohja\/ajankohtaista\/tapahtumakalenteri\/\",\"name\":\"Tapahtumakalenteri - Lohjan Rotaryklubi ry - Lojo Rotaryklubb rf\",\"isPartOf\":{\"@id\":\"https:\/\/rotary.fi\/lohja\/#website\"},\"datePublished\":\"2018-08-13T08:06:59+00:00\",\"dateModified\":\"2026-02-12T13:40:40+00:00\",\"breadcrumb\":{\"@id\":\"https:\/\/rotary.fi\/lohja\/ajankohtaista\/tapahtumakalenteri\/#breadcrumb\"},\"inLanguage\":\"fi\",\"potentialAction\":[{\"@type\":\"ReadAction\",\"target\":[\"https:\/\/rotary.fi\/lohja\/ajankohtaista\/tapahtumakalenteri\/\"]}]},{\"@type\":\"BreadcrumbList\",\"@id\":\"https:\/\/rotary.fi\/lohja\/ajankohtaista\/tapahtumakalenteri\/#breadcrumb\",\"itemListElement\":[{\"@type\":\"ListItem\",\"position\":1,\"name\":\"Home\",\"item\":\"https:\/\/rotary.fi\/lohja\/\"},{\"@type\":\"ListItem\",\"position\":2,\"name\":\"Ajankohtaista\",\"item\":\"https:\/\/rotary.fi\/lohja\/ajankohtaista\/\"},{\"@type\":\"ListItem\",\"position\":3,\"name\":\"Tapahtumakalenteri\"}]},{\"@type\":\"WebSite\",\"@id\":\"https:\/\/rotary.fi\/lohja\/#website\",\"url\":\"https:\/\/rotary.fi\/lohja\/\",\"name\":\"Lohjan Rotaryklubi ry - Lojo Rotaryklubb rf\",\"description\":\"Uusi Rotary klubisivusto\",\"potentialAction\":[{\"@type\":\"SearchAction\",\"target\":{\"@type\":\"EntryPoint\",\"urlTemplate\":\"https:\/\/rotary.fi\/lohja\/?s={search_term_string}\"},\"query-input\":{\"@type\":\"PropertyValueSpecification\",\"valueRequired\":true,\"valueName\":\"search_term_string\"}}],\"inLanguage\":\"fi\"}]}<\/script>\n<!-- \/ Yoast SEO plugin. -->","yoast_head_json":{"title":"Tapahtumakalenteri - Lohjan Rotaryklubi ry - Lojo Rotaryklubb rf","robots":{"index":"index","follow":"follow","max-snippet":"max-snippet:-1","max-image-preview":"max-image-preview:large","max-video-preview":"max-video-preview:-1"},"canonical":"https:\/\/rotary.fi\/lohja\/ajankohtaista\/tapahtumakalenteri\/","og_locale":"fi_FI","og_type":"article","og_title":"Tapahtumakalenteri - Lohjan Rotaryklubi ry - Lojo Rotaryklubb rf","og_description":"VIIKKO-OHJELMA, KEV\u00c4T 2026 Ajankohta Aihe Alustaja\/Lis\u00e4tietoa 13.01.2026 Mieli ry Eija Mattila\u00a0 \u00a0 \u00a0 \u00a0 \u00a0 \u00a0 \u00a0 \u00a0 Tiina Lumij\u00e4rvi 27.01.2026 10.02.2026 Lohjan Kalaseura ry Stina Koivisto 24.02.2026 Lohjan kaupunginjohtaja Petra St\u00e5hl 10.03.2026 Esitelm\u00e4 ihmisen elvytyksest\u00e4 Presidentti 24.03.2026 Kirjaprojekti toteutus Tero Auvinen 07.04.2026 K-Rauta Katarina Naumanen 18.04.2026 Piirikonferenssi ja Gaala-illallinen \/ Kalastajatorppa DG Jere Jantunen [&hellip;]","og_url":"https:\/\/rotary.fi\/lohja\/ajankohtaista\/tapahtumakalenteri\/","og_site_name":"Lohjan Rotaryklubi ry - Lojo Rotaryklubb rf","article_modified_time":"2026-02-12T13:40:40+00:00","twitter_card":"summary_large_image","twitter_misc":{"Arvioitu lukuaika":"1 minuutti"},"schema":{"@context":"https:\/\/schema.org","@graph":[{"@type":"WebPage","@id":"https:\/\/rotary.fi\/lohja\/ajankohtaista\/tapahtumakalenteri\/","url":"https:\/\/rotary.fi\/lohja\/ajankohtaista\/tapahtumakalenteri\/","name":"Tapahtumakalenteri - Lohjan Rotaryklubi ry - Lojo Rotaryklubb rf","isPartOf":{"@id":"https:\/\/rotary.fi\/lohja\/#website"},"datePublished":"2018-08-13T08:06:59+00:00","dateModified":"2026-02-12T13:40:40+00:00","breadcrumb":{"@id":"https:\/\/rotary.fi\/lohja\/ajankohtaista\/tapahtumakalenteri\/#breadcrumb"},"inLanguage":"fi","potentialAction":[{"@type":"ReadAction","target":["https:\/\/rotary.fi\/lohja\/ajankohtaista\/tapahtumakalenteri\/"]}]},{"@type":"BreadcrumbList","@id":"https:\/\/rotary.fi\/lohja\/ajankohtaista\/tapahtumakalenteri\/#breadcrumb","itemListElement":[{"@type":"ListItem","position":1,"name":"Home","item":"https:\/\/rotary.fi\/lohja\/"},{"@type":"ListItem","position":2,"name":"Ajankohtaista","item":"https:\/\/rotary.fi\/lohja\/ajankohtaista\/"},{"@type":"ListItem","position":3,"name":"Tapahtumakalenteri"}]},{"@type":"WebSite","@id":"https:\/\/rotary.fi\/lohja\/#website","url":"https:\/\/rotary.fi\/lohja\/","name":"Lohjan Rotaryklubi ry - Lojo Rotaryklubb rf","description":"Uusi Rotary klubisivusto","potentialAction":[{"@type":"SearchAction","target":{"@type":"EntryPoint","urlTemplate":"https:\/\/rotary.fi\/lohja\/?s={search_term_string}"},"query-input":{"@type":"PropertyValueSpecification","valueRequired":true,"valueName":"search_term_string"}}],"inLanguage":"fi"}]}},"lang":"fi","translations":{"fi":186},"pll_sync_post":[],"_links":{"self":[{"href":"https:\/\/rotary.fi\/lohja\/wp-json\/wp\/v2\/pages\/186","targetHints":{"allow":["GET"]}}],"collection":[{"href":"https:\/\/rotary.fi\/lohja\/wp-json\/wp\/v2\/pages"}],"about":[{"href":"https:\/\/rotary.fi\/lohja\/wp-json\/wp\/v2\/types\/page"}],"author":[{"embeddable":true,"href":"https:\/\/rotary.fi\/lohja\/wp-json\/wp\/v2\/users\/1"}],"replies":[{"embeddable":true,"href":"https:\/\/rotary.fi\/lohja\/wp-json\/wp\/v2\/comments?post=186"}],"version-history":[{"count":12,"href":"https:\/\/rotary.fi\/lohja\/wp-json\/wp\/v2\/pages\/186\/revisions"}],"predecessor-version":[{"id":2367,"href":"https:\/\/rotary.fi\/lohja\/wp-json\/wp\/v2\/pages\/186\/revisions\/2367"}],"up":[{"embeddable":true,"href":"https:\/\/rotary.fi\/lohja\/wp-json\/wp\/v2\/pages\/94"}],"wp:attachment":[{"href":"https:\/\/rotary.fi\/lohja\/wp-json\/wp\/v2\/media?parent=186"}],"curies":[{"name":"wp","href":"https:\/\/api.w.org\/{rel}","templated":true}]}}