{"id":129,"date":"2018-08-10T13:41:39","date_gmt":"2018-08-10T10:41:39","guid":{"rendered":"https:\/\/rotary.fi\/klubi2\/?page_id=129"},"modified":"2024-04-23T15:30:37","modified_gmt":"2024-04-23T12:30:37","slug":"keita-olemme","status":"publish","type":"page","link":"https:\/\/rotary.fi\/lohja\/keita-olemme\/","title":{"rendered":"Keit\u00e4 olemme"},"content":{"rendered":"<p>[et_pb_section fb_built=&#8221;1&#8243; _builder_version=&#8221;4.16&#8243; global_colors_info=&#8221;{}&#8221;][et_pb_row _builder_version=&#8221;4.16&#8243; background_size=&#8221;initial&#8221; background_position=&#8221;top_left&#8221; background_repeat=&#8221;repeat&#8221; global_colors_info=&#8221;{}&#8221;][et_pb_column type=&#8221;4_4&#8243; _builder_version=&#8221;4.16&#8243; custom_padding=&#8221;|||&#8221; global_colors_info=&#8221;{}&#8221; custom_padding__hover=&#8221;|||&#8221;][et_pb_text _builder_version=&#8221;4.16&#8243; background_size=&#8221;initial&#8221; background_position=&#8221;top_left&#8221; background_repeat=&#8221;repeat&#8221; global_colors_info=&#8221;{}&#8221;]Rotaryklubi on toiminnan perusyksikk\u00f6. Klubi on suoraan Rotary Internationalin alaisuudessa. Klubit kuuluvat RI:n alaisiin piireihin, joita Suomessa on kuusi. Suurimmilla paikkakunnilla on useita klubeja. Lohjallakin aiemmin oli kaksi klubia: Lohjan ja Lohjannummen Rotaryklubit. Ne yhdistyiv\u00e4t kaudella 18-19. Lohjan Rotaryklubi kuuluu <a href=\"https:\/\/rotary.fi\/d1420\/\">Rotarypiiriin 1420<\/a>, joka on yksi Suomen kansainv\u00e4liseen Rotary-j\u00e4rjest\u00f6\u00f6n kuuluvista kuudesta Rotarypiirist\u00e4. Piiriin kuuluu 60 klubia Etel\u00e4-Suomesta ja 16 Viron klubia. Lohjan Rotaryklubi &#8211; Lojo Rotarklubb hyv\u00e4ksyttiin Rotary International j\u00e4seneksi 21.6.1949 numerolla 7309.<\/p>\n<p><img loading=\"lazy\" decoding=\"async\" class=\"aligncenter size-medium wp-image-1890\" src=\"https:\/\/rotary.fi\/lohja\/wp-content\/uploads\/sites\/205\/2020\/12\/perustamisasiakirja_-300x213.jpg\" alt=\"\" width=\"300\" height=\"213\" \/><\/p>\n<p>Klubi p\u00e4\u00e4tt\u00e4\u00e4 itsen\u00e4isesti ohjelmastaan, toiminnastaan ja j\u00e4senist\u00f6ns\u00e4 kehitt\u00e4misest\u00e4. Lohjalla toimintaa on ollut vaihtelevasti yli 70 vuotta.<br \/>\n[\/et_pb_text][\/et_pb_column][\/et_pb_row][\/et_pb_section]<\/p>\n","protected":false},"excerpt":{"rendered":"<p>Rotaryklubi on toiminnan perusyksikk\u00f6. Klubi on suoraan Rotary Internationalin alaisuudessa. Klubit kuuluvat RI:n alaisiin piireihin, joita Suomessa on kuusi. Suurimmilla paikkakunnilla on useita klubeja. Lohjallakin aiemmin oli kaksi klubia: Lohjan ja Lohjannummen Rotaryklubit. Ne yhdistyiv\u00e4t kaudella 18-19. Lohjan Rotaryklubi kuuluu Rotarypiiriin 1420, joka on yksi Suomen kansainv\u00e4liseen Rotary-j\u00e4rjest\u00f6\u00f6n kuuluvista kuudesta Rotarypiirist\u00e4. Piiriin kuuluu 60 klubia [&hellip;]<\/p>\n","protected":false},"author":1,"featured_media":0,"parent":0,"menu_order":1,"comment_status":"closed","ping_status":"closed","template":"","meta":{"_acf_changed":false,"_et_pb_use_builder":"on","_et_pb_old_content":"<p>Rotaryklubi on toiminnan perusyksikk\u00f6. Klubi on suoraan Rotary Internationalin alaisuudessa. Klubit kuuluvat RI:n alaisiin piireihin, joita Suomessa on kuusi. Suurimmilla paikkakunnilla on useita klubeja. Lohjallakin aiemmin oli kaksi klubia: Lohjan ja Lohjannummen Rotaryklubit. Ne yhdistyiv\u00e4t kaudella 18-19. Lohjan Rotaryklubi kuuluu <a href=\"https:\/\/rotary.fi\/d1420\/\">Rotarypiiriin 1420<\/a>, joka on yksi Suomen kansainv\u00e4liseen Rotary-j\u00e4rjest\u00f6\u00f6n kuuluvista kuudesta Rotarypiirist\u00e4. Piiriin kuuluu 60 klubia Etel\u00e4-Suomesta ja 16 Viron klubia. Lohjan Rotaryklubi - Lojo Rotarklubb hyv\u00e4ksyttiin Rotary International j\u00e4seneksi 21.6.1949 numerolla 7309.<\/p><p><img class=\"aligncenter size-medium wp-image-1890\" src=\"https:\/\/rotary.fi\/lohja\/wp-content\/uploads\/sites\/205\/2020\/12\/perustamisasiakirja_-300x213.jpg\" alt=\"\" width=\"300\" height=\"213\" \/><\/p><p>Klubi p\u00e4\u00e4tt\u00e4\u00e4 itsen\u00e4isesti ohjelmastaan, toiminnastaan ja j\u00e4senist\u00f6ns\u00e4 kehitt\u00e4misest\u00e4. Lohjalla toimintaa on ollut vaihtelevasti yli 70 vuotta.<\/p>","_et_gb_content_width":"","footnotes":""},"class_list":["post-129","page","type-page","status-publish","hentry"],"acf":[],"yoast_head":"<!-- This site is optimized with the Yoast SEO plugin v27.0 - https:\/\/yoast.com\/product\/yoast-seo-wordpress\/ -->\n<title>Keit\u00e4 olemme - Lohjan Rotaryklubi ry - Lojo Rotaryklubb rf<\/title>\n<meta name=\"robots\" content=\"index, follow, max-snippet:-1, max-image-preview:large, max-video-preview:-1\" \/>\n<link rel=\"canonical\" href=\"https:\/\/rotary.fi\/lohja\/keita-olemme\/\" \/>\n<meta property=\"og:locale\" content=\"fi_FI\" \/>\n<meta property=\"og:type\" content=\"article\" \/>\n<meta property=\"og:title\" content=\"Keit\u00e4 olemme - Lohjan Rotaryklubi ry - Lojo Rotaryklubb rf\" \/>\n<meta property=\"og:description\" content=\"Rotaryklubi on toiminnan perusyksikk\u00f6. Klubi on suoraan Rotary Internationalin alaisuudessa. Klubit kuuluvat RI:n alaisiin piireihin, joita Suomessa on kuusi. Suurimmilla paikkakunnilla on useita klubeja. Lohjallakin aiemmin oli kaksi klubia: Lohjan ja Lohjannummen Rotaryklubit. Ne yhdistyiv\u00e4t kaudella 18-19. Lohjan Rotaryklubi kuuluu Rotarypiiriin 1420, joka on yksi Suomen kansainv\u00e4liseen Rotary-j\u00e4rjest\u00f6\u00f6n kuuluvista kuudesta Rotarypiirist\u00e4. Piiriin kuuluu 60 klubia [&hellip;]\" \/>\n<meta property=\"og:url\" content=\"https:\/\/rotary.fi\/lohja\/keita-olemme\/\" \/>\n<meta property=\"og:site_name\" content=\"Lohjan Rotaryklubi ry - Lojo Rotaryklubb rf\" \/>\n<meta property=\"article:modified_time\" content=\"2024-04-23T12:30:37+00:00\" \/>\n<meta property=\"og:image\" content=\"https:\/\/rotary.fi\/lohja\/wp-content\/uploads\/sites\/205\/2020\/12\/perustamisasiakirja_-300x213.jpg\" \/>\n<meta name=\"twitter:card\" content=\"summary_large_image\" \/>\n<meta name=\"twitter:label1\" content=\"Arvioitu lukuaika\" \/>\n\t<meta name=\"twitter:data1\" content=\"1 minuutti\" \/>\n<script type=\"application\/ld+json\" class=\"yoast-schema-graph\">{\"@context\":\"https:\/\/schema.org\",\"@graph\":[{\"@type\":\"WebPage\",\"@id\":\"https:\/\/rotary.fi\/lohja\/keita-olemme\/\",\"url\":\"https:\/\/rotary.fi\/lohja\/keita-olemme\/\",\"name\":\"Keit\u00e4 olemme - Lohjan Rotaryklubi ry - Lojo Rotaryklubb rf\",\"isPartOf\":{\"@id\":\"https:\/\/rotary.fi\/lohja\/#website\"},\"primaryImageOfPage\":{\"@id\":\"https:\/\/rotary.fi\/lohja\/keita-olemme\/#primaryimage\"},\"image\":{\"@id\":\"https:\/\/rotary.fi\/lohja\/keita-olemme\/#primaryimage\"},\"thumbnailUrl\":\"https:\/\/rotary.fi\/lohja\/wp-content\/uploads\/sites\/205\/2020\/12\/perustamisasiakirja_-300x213.jpg\",\"datePublished\":\"2018-08-10T10:41:39+00:00\",\"dateModified\":\"2024-04-23T12:30:37+00:00\",\"breadcrumb\":{\"@id\":\"https:\/\/rotary.fi\/lohja\/keita-olemme\/#breadcrumb\"},\"inLanguage\":\"fi\",\"potentialAction\":[{\"@type\":\"ReadAction\",\"target\":[\"https:\/\/rotary.fi\/lohja\/keita-olemme\/\"]}]},{\"@type\":\"ImageObject\",\"inLanguage\":\"fi\",\"@id\":\"https:\/\/rotary.fi\/lohja\/keita-olemme\/#primaryimage\",\"url\":\"https:\/\/rotary.fi\/lohja\/wp-content\/uploads\/sites\/205\/2020\/12\/perustamisasiakirja_.jpg\",\"contentUrl\":\"https:\/\/rotary.fi\/lohja\/wp-content\/uploads\/sites\/205\/2020\/12\/perustamisasiakirja_.jpg\",\"width\":1309,\"height\":928},{\"@type\":\"BreadcrumbList\",\"@id\":\"https:\/\/rotary.fi\/lohja\/keita-olemme\/#breadcrumb\",\"itemListElement\":[{\"@type\":\"ListItem\",\"position\":1,\"name\":\"Home\",\"item\":\"https:\/\/rotary.fi\/lohja\/\"},{\"@type\":\"ListItem\",\"position\":2,\"name\":\"Keit\u00e4 olemme\"}]},{\"@type\":\"WebSite\",\"@id\":\"https:\/\/rotary.fi\/lohja\/#website\",\"url\":\"https:\/\/rotary.fi\/lohja\/\",\"name\":\"Lohjan Rotaryklubi ry - Lojo Rotaryklubb rf\",\"description\":\"Uusi Rotary klubisivusto\",\"potentialAction\":[{\"@type\":\"SearchAction\",\"target\":{\"@type\":\"EntryPoint\",\"urlTemplate\":\"https:\/\/rotary.fi\/lohja\/?s={search_term_string}\"},\"query-input\":{\"@type\":\"PropertyValueSpecification\",\"valueRequired\":true,\"valueName\":\"search_term_string\"}}],\"inLanguage\":\"fi\"}]}<\/script>\n<!-- \/ Yoast SEO plugin. -->","yoast_head_json":{"title":"Keit\u00e4 olemme - Lohjan Rotaryklubi ry - Lojo Rotaryklubb rf","robots":{"index":"index","follow":"follow","max-snippet":"max-snippet:-1","max-image-preview":"max-image-preview:large","max-video-preview":"max-video-preview:-1"},"canonical":"https:\/\/rotary.fi\/lohja\/keita-olemme\/","og_locale":"fi_FI","og_type":"article","og_title":"Keit\u00e4 olemme - Lohjan Rotaryklubi ry - Lojo Rotaryklubb rf","og_description":"Rotaryklubi on toiminnan perusyksikk\u00f6. Klubi on suoraan Rotary Internationalin alaisuudessa. Klubit kuuluvat RI:n alaisiin piireihin, joita Suomessa on kuusi. Suurimmilla paikkakunnilla on useita klubeja. Lohjallakin aiemmin oli kaksi klubia: Lohjan ja Lohjannummen Rotaryklubit. Ne yhdistyiv\u00e4t kaudella 18-19. Lohjan Rotaryklubi kuuluu Rotarypiiriin 1420, joka on yksi Suomen kansainv\u00e4liseen Rotary-j\u00e4rjest\u00f6\u00f6n kuuluvista kuudesta Rotarypiirist\u00e4. Piiriin kuuluu 60 klubia [&hellip;]","og_url":"https:\/\/rotary.fi\/lohja\/keita-olemme\/","og_site_name":"Lohjan Rotaryklubi ry - Lojo Rotaryklubb rf","article_modified_time":"2024-04-23T12:30:37+00:00","og_image":[{"url":"https:\/\/rotary.fi\/lohja\/wp-content\/uploads\/sites\/205\/2020\/12\/perustamisasiakirja_-300x213.jpg","type":"","width":"","height":""}],"twitter_card":"summary_large_image","twitter_misc":{"Arvioitu lukuaika":"1 minuutti"},"schema":{"@context":"https:\/\/schema.org","@graph":[{"@type":"WebPage","@id":"https:\/\/rotary.fi\/lohja\/keita-olemme\/","url":"https:\/\/rotary.fi\/lohja\/keita-olemme\/","name":"Keit\u00e4 olemme - Lohjan Rotaryklubi ry - Lojo Rotaryklubb rf","isPartOf":{"@id":"https:\/\/rotary.fi\/lohja\/#website"},"primaryImageOfPage":{"@id":"https:\/\/rotary.fi\/lohja\/keita-olemme\/#primaryimage"},"image":{"@id":"https:\/\/rotary.fi\/lohja\/keita-olemme\/#primaryimage"},"thumbnailUrl":"https:\/\/rotary.fi\/lohja\/wp-content\/uploads\/sites\/205\/2020\/12\/perustamisasiakirja_-300x213.jpg","datePublished":"2018-08-10T10:41:39+00:00","dateModified":"2024-04-23T12:30:37+00:00","breadcrumb":{"@id":"https:\/\/rotary.fi\/lohja\/keita-olemme\/#breadcrumb"},"inLanguage":"fi","potentialAction":[{"@type":"ReadAction","target":["https:\/\/rotary.fi\/lohja\/keita-olemme\/"]}]},{"@type":"ImageObject","inLanguage":"fi","@id":"https:\/\/rotary.fi\/lohja\/keita-olemme\/#primaryimage","url":"https:\/\/rotary.fi\/lohja\/wp-content\/uploads\/sites\/205\/2020\/12\/perustamisasiakirja_.jpg","contentUrl":"https:\/\/rotary.fi\/lohja\/wp-content\/uploads\/sites\/205\/2020\/12\/perustamisasiakirja_.jpg","width":1309,"height":928},{"@type":"BreadcrumbList","@id":"https:\/\/rotary.fi\/lohja\/keita-olemme\/#breadcrumb","itemListElement":[{"@type":"ListItem","position":1,"name":"Home","item":"https:\/\/rotary.fi\/lohja\/"},{"@type":"ListItem","position":2,"name":"Keit\u00e4 olemme"}]},{"@type":"WebSite","@id":"https:\/\/rotary.fi\/lohja\/#website","url":"https:\/\/rotary.fi\/lohja\/","name":"Lohjan Rotaryklubi ry - Lojo Rotaryklubb rf","description":"Uusi Rotary klubisivusto","potentialAction":[{"@type":"SearchAction","target":{"@type":"EntryPoint","urlTemplate":"https:\/\/rotary.fi\/lohja\/?s={search_term_string}"},"query-input":{"@type":"PropertyValueSpecification","valueRequired":true,"valueName":"search_term_string"}}],"inLanguage":"fi"}]}},"lang":"fi","translations":{"fi":129},"pll_sync_post":[],"_links":{"self":[{"href":"https:\/\/rotary.fi\/lohja\/wp-json\/wp\/v2\/pages\/129","targetHints":{"allow":["GET"]}}],"collection":[{"href":"https:\/\/rotary.fi\/lohja\/wp-json\/wp\/v2\/pages"}],"about":[{"href":"https:\/\/rotary.fi\/lohja\/wp-json\/wp\/v2\/types\/page"}],"author":[{"embeddable":true,"href":"https:\/\/rotary.fi\/lohja\/wp-json\/wp\/v2\/users\/1"}],"replies":[{"embeddable":true,"href":"https:\/\/rotary.fi\/lohja\/wp-json\/wp\/v2\/comments?post=129"}],"version-history":[{"count":11,"href":"https:\/\/rotary.fi\/lohja\/wp-json\/wp\/v2\/pages\/129\/revisions"}],"predecessor-version":[{"id":2306,"href":"https:\/\/rotary.fi\/lohja\/wp-json\/wp\/v2\/pages\/129\/revisions\/2306"}],"wp:attachment":[{"href":"https:\/\/rotary.fi\/lohja\/wp-json\/wp\/v2\/media?parent=129"}],"curies":[{"name":"wp","href":"https:\/\/api.w.org\/{rel}","templated":true}]}}