{"id":188,"date":"2018-08-13T13:26:12","date_gmt":"2018-08-13T10:26:12","guid":{"rendered":"https:\/\/rotary.fi\/lieto\/?page_id=188"},"modified":"2025-11-16T16:40:29","modified_gmt":"2025-11-16T14:40:29","slug":"presidentin-uutiset","status":"publish","type":"page","link":"https:\/\/rotary.fi\/lieto\/ajankohtaista\/presidentin-uutiset\/","title":{"rendered":"Presidentin uutiset"},"content":{"rendered":"<p>[et_pb_section fb_built=&#8221;1&#8243; module_class=&#8221;jumbotron-page&#8221; _builder_version=&#8221;4.17.4&#8243; background_image=&#8221;https:\/\/rotary.fi\/lieto\/wp-content\/uploads\/sites\/162\/2022\/08\/tempimageir5ara.jpg&#8221; custom_padding=&#8221;721px|||||&#8221; global_colors_info=&#8221;{}&#8221;][et_pb_row _builder_version=&#8221;4.16&#8243; background_size=&#8221;initial&#8221; background_position=&#8221;top_left&#8221; background_repeat=&#8221;repeat&#8221; global_colors_info=&#8221;{}&#8221;][et_pb_column type=&#8221;4_4&#8243; _builder_version=&#8221;4.16&#8243; custom_padding=&#8221;|||&#8221; global_colors_info=&#8221;{}&#8221; custom_padding__hover=&#8221;|||&#8221;][et_pb_text admin_label=&#8221;P\u00e4\u00e4otsikko&#8221; _builder_version=&#8221;4.17.4&#8243; text_orientation=&#8221;center&#8221; background_layout=&#8221;dark&#8221; global_colors_info=&#8221;{}&#8221;]<\/p>\n<h1>Presidentin uutiset<\/h1>\n<p>&nbsp;<\/p>\n<p><span class=\"Apple-converted-space\">\u00a0\u00a0 \u00a0<\/span><\/p>\n<p><span class=\"Apple-converted-space\">\u00a0<\/span><\/p>\n<p>[\/et_pb_text][\/et_pb_column][\/et_pb_row][\/et_pb_section][et_pb_section fb_built=&#8221;1&#8243; specialty=&#8221;on&#8221; module_class_2=&#8221;sivupalkki&#8221; _builder_version=&#8221;4.16&#8243; global_colors_info=&#8221;{}&#8221;][et_pb_column type=&#8221;2_3&#8243; specialty_columns=&#8221;2&#8243; _builder_version=&#8221;4.16&#8243; custom_padding=&#8221;|||&#8221; global_colors_info=&#8221;{}&#8221; custom_padding__hover=&#8221;|||&#8221;][et_pb_row_inner admin_label=&#8221;Rivi&#8221; _builder_version=&#8221;4.27.4&#8243; global_colors_info=&#8221;{}&#8221;][et_pb_column_inner saved_specialty_column_type=&#8221;2_3&#8243; _builder_version=&#8221;4.16&#8243; custom_padding=&#8221;|||&#8221; global_colors_info=&#8221;{}&#8221; custom_padding__hover=&#8221;|||&#8221;][et_pb_text admin_label=&#8221;Otsikko&#8221; _builder_version=&#8221;4.27.4&#8243; text_orientation=&#8221;center&#8221; custom_padding=&#8221;|||80px||&#8221; hover_enabled=&#8221;0&#8243; global_colors_info=&#8221;{}&#8221; sticky_enabled=&#8221;0&#8243;]<\/p>\n<h1 style=\"text-align: justify\">Presidentin uutiset<\/h1>\n<p><strong>Kauden 2025-26<\/strong> presidentti Marja-Leena Branderin puhe vaihtokokouksessa<\/p>\n<p><a href=\"https:\/\/rotary.fi\/lieto\/wp-content\/uploads\/sites\/162\/2025\/11\/Kaatyjenvaihtopuhe-3.6.2025.docx\" rel=\"attachment wp-att-3019\">K\u00e4\u00e4tyjenvaihtopuhe 3.6.2025<\/a><\/p>\n<p>&nbsp;<\/p>\n<p>Yhteenvetoa kaudesta 2023-24, presedentti Juha AAlto<\/p>\n<p><a href=\"https:\/\/rotary.fi\/lieto\/wp-content\/uploads\/sites\/162\/2025\/11\/Juha-Aallon-puhe-040624.docx\" rel=\"attachment wp-att-3034\">Juha Aallon puhe 040624<\/a><\/p>\n<p><a href=\"https:\/\/rotary.fi\/lieto\/wp-content\/uploads\/sites\/162\/2025\/11\/Presidentti-Juha-Aallon-puhe.docx\" rel=\"attachment wp-att-3010\">Presidentti Juha Aallon puhe<\/a>, vaihtokokouksessa <strong>kev\u00e4\u00e4ll\u00e4 2023<\/strong><\/p>\n<p>&nbsp;<\/p>\n<p>Ilkka Virran mietteit\u00e4 presidenttikaudestaan vaihtokokouksessa 2023,<\/p>\n<p><a href=\"https:\/\/rotary.fi\/lieto\/wp-content\/uploads\/sites\/162\/2025\/11\/Yhteenvetoa-kaudesta-2022-23.docx\" rel=\"attachment wp-att-3011\">Yhteenvetoa kaudesta 2022-23<\/a><\/p>\n<p>Ilkan joulutervehdys 2022,<\/p>\n<p><a href=\"https:\/\/rotary.fi\/lieto\/wp-content\/uploads\/sites\/162\/2025\/11\/Hyvaa-joulun-odotusta-kaikille-2022.docx\" rel=\"attachment wp-att-3012\">Hyv\u00e4\u00e4 joulun odotusta kaikille, 2022<\/a><\/p>\n<p><a href=\"https:\/\/rotary.fi\/lieto\/wp-content\/uploads\/sites\/162\/2025\/11\/Ilkka-Virta-2023-24.docx\" rel=\"attachment wp-att-3013\">Ilkka Virta, 2023-24 <\/a><\/p>\n<p style=\"text-align: justify\"><strong>Kauden 2022-2023<\/strong> Presidentti Ilkka Virran esittely<\/p>\n<p><a href=\"https:\/\/rotary.fi\/lieto\/wp-content\/uploads\/sites\/162\/2025\/11\/2022-2023-Ilkka-Virta-vaihtokokouksen-puhe.docx\" rel=\"attachment wp-att-3016\">2022-2023 Ilkka Virta vaihtokokouksen puhe<\/a><\/p>\n<p style=\"text-align: justify\"><span class=\"Apple-converted-space\">\u00a0\u00a0 \u00a0<\/span><\/p>\n<p><span class=\"Apple-converted-space\">\u00a0<\/span><\/p>\n<p>[\/et_pb_text][et_pb_code admin_label=&#8221;Presidenti uutisten listaus&#8221; module_class=&#8221;kaikki_ajankohtaiset&#8221; _builder_version=&#8221;4.16&#8243; locked=&#8221;on&#8221; global_colors_info=&#8221;{}&#8221;]<ul class=\"display-posts-listing\"><li class=\"listing-item\"><a class=\"title\" href=\"https:\/\/rotary.fi\/lieto\/presidentin_uutiset\/2819\/\"><\/a> <span class=\"date\">8.6. 2024<\/span><\/li><\/ul>[\/et_pb_code][\/et_pb_column_inner][\/et_pb_row_inner][\/et_pb_column][et_pb_column type=&#8221;1_3&#8243; _builder_version=&#8221;4.16&#8243; custom_padding=&#8221;|||&#8221; global_colors_info=&#8221;{}&#8221; custom_padding__hover=&#8221;|||&#8221;][et_pb_sidebar area=&#8221;sidebar-1&#8243; module_class=&#8221;sivupalkki_sisalto&#8221; _builder_version=&#8221;4.16&#8243; locked=&#8221;on&#8221; global_colors_info=&#8221;{}&#8221;][\/et_pb_sidebar][\/et_pb_column][\/et_pb_section]<\/p>\n","protected":false},"excerpt":{"rendered":"<p>[et_pb_section fb_built=&#8221;1&#8243; module_class=&#8221;jumbotron-page&#8221; _builder_version=&#8221;4.17.4&#8243; background_image=&#8221;https:\/\/rotary.fi\/lieto\/wp-content\/uploads\/sites\/162\/2022\/08\/tempimageir5ara.jpg&#8221; custom_padding=&#8221;721px|||||&#8221; global_colors_info=&#8221;{}&#8221;][et_pb_row _builder_version=&#8221;4.16&#8243; background_size=&#8221;initial&#8221; background_position=&#8221;top_left&#8221; background_repeat=&#8221;repeat&#8221; global_colors_info=&#8221;{}&#8221;][et_pb_column type=&#8221;4_4&#8243; _builder_version=&#8221;4.16&#8243; custom_padding=&#8221;|||&#8221; global_colors_info=&#8221;{}&#8221; custom_padding__hover=&#8221;|||&#8221;][et_pb_text admin_label=&#8221;P\u00e4\u00e4otsikko&#8221; _builder_version=&#8221;4.17.4&#8243; text_orientation=&#8221;center&#8221; background_layout=&#8221;dark&#8221; global_colors_info=&#8221;{}&#8221;] Presidentin uutiset &nbsp; \u00a0\u00a0 \u00a0 \u00a0 [\/et_pb_text][\/et_pb_column][\/et_pb_row][\/et_pb_section][et_pb_section fb_built=&#8221;1&#8243; specialty=&#8221;on&#8221; module_class_2=&#8221;sivupalkki&#8221; _builder_version=&#8221;4.16&#8243; global_colors_info=&#8221;{}&#8221;][et_pb_column type=&#8221;2_3&#8243; specialty_columns=&#8221;2&#8243; _builder_version=&#8221;4.16&#8243; custom_padding=&#8221;|||&#8221; global_colors_info=&#8221;{}&#8221; custom_padding__hover=&#8221;|||&#8221;][et_pb_row_inner admin_label=&#8221;Rivi&#8221; _builder_version=&#8221;4.27.4&#8243; global_colors_info=&#8221;{}&#8221;][et_pb_column_inner saved_specialty_column_type=&#8221;2_3&#8243; _builder_version=&#8221;4.16&#8243; custom_padding=&#8221;|||&#8221; global_colors_info=&#8221;{}&#8221; custom_padding__hover=&#8221;|||&#8221;][et_pb_text admin_label=&#8221;Otsikko&#8221; _builder_version=&#8221;4.27.4&#8243; text_orientation=&#8221;center&#8221; custom_padding=&#8221;|||80px||&#8221; hover_enabled=&#8221;0&#8243; global_colors_info=&#8221;{}&#8221; sticky_enabled=&#8221;0&#8243;] [&hellip;]<\/p>\n","protected":false},"author":1,"featured_media":0,"parent":94,"menu_order":0,"comment_status":"closed","ping_status":"closed","template":"","meta":{"_acf_changed":false,"_et_pb_use_builder":"on","_et_pb_old_content":"","_et_gb_content_width":"","footnotes":""},"class_list":["post-188","page","type-page","status-publish","hentry"],"acf":[],"yoast_head":"<!-- This site is optimized with the Yoast SEO plugin v27.0 - https:\/\/yoast.com\/product\/yoast-seo-wordpress\/ -->\n<title>Presidentin uutiset - Liedon Rotaryklubi<\/title>\n<meta name=\"robots\" content=\"index, follow, max-snippet:-1, max-image-preview:large, max-video-preview:-1\" \/>\n<link rel=\"canonical\" href=\"https:\/\/rotary.fi\/lieto\/ajankohtaista\/presidentin-uutiset\/\" \/>\n<meta property=\"og:locale\" content=\"fi_FI\" \/>\n<meta property=\"og:type\" content=\"article\" \/>\n<meta property=\"og:title\" content=\"Presidentin uutiset - Liedon Rotaryklubi\" \/>\n<meta property=\"og:description\" content=\"[et_pb_section fb_built=&#8221;1&#8243; module_class=&#8221;jumbotron-page&#8221; _builder_version=&#8221;4.17.4&#8243; background_image=&#8221;https:\/\/rotary.fi\/lieto\/wp-content\/uploads\/sites\/162\/2022\/08\/tempimageir5ara.jpg&#8221; custom_padding=&#8221;721px|||||&#8221; global_colors_info=&#8221;{}&#8221;][et_pb_row _builder_version=&#8221;4.16&#8243; background_size=&#8221;initial&#8221; background_position=&#8221;top_left&#8221; background_repeat=&#8221;repeat&#8221; global_colors_info=&#8221;{}&#8221;][et_pb_column type=&#8221;4_4&#8243; _builder_version=&#8221;4.16&#8243; custom_padding=&#8221;|||&#8221; global_colors_info=&#8221;{}&#8221; custom_padding__hover=&#8221;|||&#8221;][et_pb_text admin_label=&#8221;P\u00e4\u00e4otsikko&#8221; _builder_version=&#8221;4.17.4&#8243; text_orientation=&#8221;center&#8221; background_layout=&#8221;dark&#8221; global_colors_info=&#8221;{}&#8221;] Presidentin uutiset &nbsp; \u00a0\u00a0 \u00a0 \u00a0 [\/et_pb_text][\/et_pb_column][\/et_pb_row][\/et_pb_section][et_pb_section fb_built=&#8221;1&#8243; specialty=&#8221;on&#8221; module_class_2=&#8221;sivupalkki&#8221; _builder_version=&#8221;4.16&#8243; global_colors_info=&#8221;{}&#8221;][et_pb_column type=&#8221;2_3&#8243; specialty_columns=&#8221;2&#8243; _builder_version=&#8221;4.16&#8243; custom_padding=&#8221;|||&#8221; global_colors_info=&#8221;{}&#8221; custom_padding__hover=&#8221;|||&#8221;][et_pb_row_inner admin_label=&#8221;Rivi&#8221; _builder_version=&#8221;4.27.4&#8243; global_colors_info=&#8221;{}&#8221;][et_pb_column_inner saved_specialty_column_type=&#8221;2_3&#8243; _builder_version=&#8221;4.16&#8243; custom_padding=&#8221;|||&#8221; global_colors_info=&#8221;{}&#8221; custom_padding__hover=&#8221;|||&#8221;][et_pb_text admin_label=&#8221;Otsikko&#8221; _builder_version=&#8221;4.27.4&#8243; text_orientation=&#8221;center&#8221; custom_padding=&#8221;|||80px||&#8221; hover_enabled=&#8221;0&#8243; global_colors_info=&#8221;{}&#8221; sticky_enabled=&#8221;0&#8243;] [&hellip;]\" \/>\n<meta property=\"og:url\" content=\"https:\/\/rotary.fi\/lieto\/ajankohtaista\/presidentin-uutiset\/\" \/>\n<meta property=\"og:site_name\" content=\"Liedon Rotaryklubi\" \/>\n<meta property=\"article:modified_time\" content=\"2025-11-16T14:40:29+00:00\" \/>\n<meta name=\"twitter:card\" content=\"summary_large_image\" \/>\n<meta name=\"twitter:label1\" content=\"Arvioitu lukuaika\" \/>\n\t<meta name=\"twitter:data1\" content=\"1 minuutti\" \/>\n<script type=\"application\/ld+json\" class=\"yoast-schema-graph\">{\"@context\":\"https:\/\/schema.org\",\"@graph\":[{\"@type\":\"WebPage\",\"@id\":\"https:\/\/rotary.fi\/lieto\/ajankohtaista\/presidentin-uutiset\/\",\"url\":\"https:\/\/rotary.fi\/lieto\/ajankohtaista\/presidentin-uutiset\/\",\"name\":\"Presidentin uutiset - Liedon Rotaryklubi\",\"isPartOf\":{\"@id\":\"https:\/\/rotary.fi\/lieto\/#website\"},\"datePublished\":\"2018-08-13T10:26:12+00:00\",\"dateModified\":\"2025-11-16T14:40:29+00:00\",\"breadcrumb\":{\"@id\":\"https:\/\/rotary.fi\/lieto\/ajankohtaista\/presidentin-uutiset\/#breadcrumb\"},\"inLanguage\":\"fi\",\"potentialAction\":[{\"@type\":\"ReadAction\",\"target\":[\"https:\/\/rotary.fi\/lieto\/ajankohtaista\/presidentin-uutiset\/\"]}]},{\"@type\":\"BreadcrumbList\",\"@id\":\"https:\/\/rotary.fi\/lieto\/ajankohtaista\/presidentin-uutiset\/#breadcrumb\",\"itemListElement\":[{\"@type\":\"ListItem\",\"position\":1,\"name\":\"Home\",\"item\":\"https:\/\/rotary.fi\/lieto\/\"},{\"@type\":\"ListItem\",\"position\":2,\"name\":\"Ajankohtaista\",\"item\":\"https:\/\/rotary.fi\/lieto\/ajankohtaista\/\"},{\"@type\":\"ListItem\",\"position\":3,\"name\":\"Presidentin uutiset\"}]},{\"@type\":\"WebSite\",\"@id\":\"https:\/\/rotary.fi\/lieto\/#website\",\"url\":\"https:\/\/rotary.fi\/lieto\/\",\"name\":\"Liedon Rotaryklubi\",\"description\":\"Uusi Rotary klubisivusto\",\"potentialAction\":[{\"@type\":\"SearchAction\",\"target\":{\"@type\":\"EntryPoint\",\"urlTemplate\":\"https:\/\/rotary.fi\/lieto\/?s={search_term_string}\"},\"query-input\":{\"@type\":\"PropertyValueSpecification\",\"valueRequired\":true,\"valueName\":\"search_term_string\"}}],\"inLanguage\":\"fi\"}]}<\/script>\n<!-- \/ Yoast SEO plugin. -->","yoast_head_json":{"title":"Presidentin uutiset - Liedon Rotaryklubi","robots":{"index":"index","follow":"follow","max-snippet":"max-snippet:-1","max-image-preview":"max-image-preview:large","max-video-preview":"max-video-preview:-1"},"canonical":"https:\/\/rotary.fi\/lieto\/ajankohtaista\/presidentin-uutiset\/","og_locale":"fi_FI","og_type":"article","og_title":"Presidentin uutiset - Liedon Rotaryklubi","og_description":"[et_pb_section fb_built=&#8221;1&#8243; module_class=&#8221;jumbotron-page&#8221; _builder_version=&#8221;4.17.4&#8243; background_image=&#8221;https:\/\/rotary.fi\/lieto\/wp-content\/uploads\/sites\/162\/2022\/08\/tempimageir5ara.jpg&#8221; custom_padding=&#8221;721px|||||&#8221; global_colors_info=&#8221;{}&#8221;][et_pb_row _builder_version=&#8221;4.16&#8243; background_size=&#8221;initial&#8221; background_position=&#8221;top_left&#8221; background_repeat=&#8221;repeat&#8221; global_colors_info=&#8221;{}&#8221;][et_pb_column type=&#8221;4_4&#8243; _builder_version=&#8221;4.16&#8243; custom_padding=&#8221;|||&#8221; global_colors_info=&#8221;{}&#8221; custom_padding__hover=&#8221;|||&#8221;][et_pb_text admin_label=&#8221;P\u00e4\u00e4otsikko&#8221; _builder_version=&#8221;4.17.4&#8243; text_orientation=&#8221;center&#8221; background_layout=&#8221;dark&#8221; global_colors_info=&#8221;{}&#8221;] Presidentin uutiset &nbsp; \u00a0\u00a0 \u00a0 \u00a0 [\/et_pb_text][\/et_pb_column][\/et_pb_row][\/et_pb_section][et_pb_section fb_built=&#8221;1&#8243; specialty=&#8221;on&#8221; module_class_2=&#8221;sivupalkki&#8221; _builder_version=&#8221;4.16&#8243; global_colors_info=&#8221;{}&#8221;][et_pb_column type=&#8221;2_3&#8243; specialty_columns=&#8221;2&#8243; _builder_version=&#8221;4.16&#8243; custom_padding=&#8221;|||&#8221; global_colors_info=&#8221;{}&#8221; custom_padding__hover=&#8221;|||&#8221;][et_pb_row_inner admin_label=&#8221;Rivi&#8221; _builder_version=&#8221;4.27.4&#8243; global_colors_info=&#8221;{}&#8221;][et_pb_column_inner saved_specialty_column_type=&#8221;2_3&#8243; _builder_version=&#8221;4.16&#8243; custom_padding=&#8221;|||&#8221; global_colors_info=&#8221;{}&#8221; custom_padding__hover=&#8221;|||&#8221;][et_pb_text admin_label=&#8221;Otsikko&#8221; _builder_version=&#8221;4.27.4&#8243; text_orientation=&#8221;center&#8221; custom_padding=&#8221;|||80px||&#8221; hover_enabled=&#8221;0&#8243; global_colors_info=&#8221;{}&#8221; sticky_enabled=&#8221;0&#8243;] [&hellip;]","og_url":"https:\/\/rotary.fi\/lieto\/ajankohtaista\/presidentin-uutiset\/","og_site_name":"Liedon Rotaryklubi","article_modified_time":"2025-11-16T14:40:29+00:00","twitter_card":"summary_large_image","twitter_misc":{"Arvioitu lukuaika":"1 minuutti"},"schema":{"@context":"https:\/\/schema.org","@graph":[{"@type":"WebPage","@id":"https:\/\/rotary.fi\/lieto\/ajankohtaista\/presidentin-uutiset\/","url":"https:\/\/rotary.fi\/lieto\/ajankohtaista\/presidentin-uutiset\/","name":"Presidentin uutiset - Liedon Rotaryklubi","isPartOf":{"@id":"https:\/\/rotary.fi\/lieto\/#website"},"datePublished":"2018-08-13T10:26:12+00:00","dateModified":"2025-11-16T14:40:29+00:00","breadcrumb":{"@id":"https:\/\/rotary.fi\/lieto\/ajankohtaista\/presidentin-uutiset\/#breadcrumb"},"inLanguage":"fi","potentialAction":[{"@type":"ReadAction","target":["https:\/\/rotary.fi\/lieto\/ajankohtaista\/presidentin-uutiset\/"]}]},{"@type":"BreadcrumbList","@id":"https:\/\/rotary.fi\/lieto\/ajankohtaista\/presidentin-uutiset\/#breadcrumb","itemListElement":[{"@type":"ListItem","position":1,"name":"Home","item":"https:\/\/rotary.fi\/lieto\/"},{"@type":"ListItem","position":2,"name":"Ajankohtaista","item":"https:\/\/rotary.fi\/lieto\/ajankohtaista\/"},{"@type":"ListItem","position":3,"name":"Presidentin uutiset"}]},{"@type":"WebSite","@id":"https:\/\/rotary.fi\/lieto\/#website","url":"https:\/\/rotary.fi\/lieto\/","name":"Liedon Rotaryklubi","description":"Uusi Rotary klubisivusto","potentialAction":[{"@type":"SearchAction","target":{"@type":"EntryPoint","urlTemplate":"https:\/\/rotary.fi\/lieto\/?s={search_term_string}"},"query-input":{"@type":"PropertyValueSpecification","valueRequired":true,"valueName":"search_term_string"}}],"inLanguage":"fi"}]}},"lang":"fi","translations":{"fi":188},"pll_sync_post":[],"_links":{"self":[{"href":"https:\/\/rotary.fi\/lieto\/wp-json\/wp\/v2\/pages\/188","targetHints":{"allow":["GET"]}}],"collection":[{"href":"https:\/\/rotary.fi\/lieto\/wp-json\/wp\/v2\/pages"}],"about":[{"href":"https:\/\/rotary.fi\/lieto\/wp-json\/wp\/v2\/types\/page"}],"author":[{"embeddable":true,"href":"https:\/\/rotary.fi\/lieto\/wp-json\/wp\/v2\/users\/1"}],"replies":[{"embeddable":true,"href":"https:\/\/rotary.fi\/lieto\/wp-json\/wp\/v2\/comments?post=188"}],"version-history":[{"count":9,"href":"https:\/\/rotary.fi\/lieto\/wp-json\/wp\/v2\/pages\/188\/revisions"}],"predecessor-version":[{"id":3037,"href":"https:\/\/rotary.fi\/lieto\/wp-json\/wp\/v2\/pages\/188\/revisions\/3037"}],"up":[{"embeddable":true,"href":"https:\/\/rotary.fi\/lieto\/wp-json\/wp\/v2\/pages\/94"}],"wp:attachment":[{"href":"https:\/\/rotary.fi\/lieto\/wp-json\/wp\/v2\/media?parent=188"}],"curies":[{"name":"wp","href":"https:\/\/api.w.org\/{rel}","templated":true}]}}