{"id":186,"date":"2018-08-13T11:06:59","date_gmt":"2018-08-13T08:06:59","guid":{"rendered":"https:\/\/rotary.fi\/lieto\/?page_id=186"},"modified":"2026-04-05T18:58:59","modified_gmt":"2026-04-05T15:58:59","slug":"tapahtumakalenteri","status":"publish","type":"page","link":"https:\/\/rotary.fi\/lieto\/ajankohtaista\/tapahtumakalenteri\/","title":{"rendered":"Tapahtumakalenteri"},"content":{"rendered":"<p>[et_pb_section fb_built=&#8221;1&#8243; _builder_version=&#8221;4.27.4&#8243; _module_preset=&#8221;default&#8221; global_colors_info=&#8221;{}&#8221;][\/et_pb_section][et_pb_section fb_built=&#8221;1&#8243; _builder_version=&#8221;4.27.4&#8243; _module_preset=&#8221;default&#8221; global_colors_info=&#8221;{}&#8221;][et_pb_row _builder_version=&#8221;4.27.4&#8243; _module_preset=&#8221;default&#8221; global_colors_info=&#8221;{}&#8221;][et_pb_column type=&#8221;4_4&#8243; _builder_version=&#8221;4.27.4&#8243; _module_preset=&#8221;default&#8221; global_colors_info=&#8221;{}&#8221;][et_pb_text _builder_version=&#8221;4.27.4&#8243; _module_preset=&#8221;default&#8221; global_colors_info=&#8221;{}&#8221;]<\/p>\n<p style=\"font-weight: 400\"><strong>Vuosi 2026<\/strong><\/p>\n<p style=\"font-weight: 400\">vko 3\u00a0\u00a0\u00a0 ti 13.1.\u00a0\u00a0\u00a0\u00a0\u00a0\u00a0\u00a0\u00a0\u00a0\u00a0\u00a0\u00a0\u00a0\u00a0\u00a0\u00a0\u00a0 Yritysvierailu Ates kebab-pizzeria, Bilal Ates, K\u00e4pijoentie 1, Lieto. Nautitaan pizzat.<\/p>\n<p style=\"font-weight: 400\">vko 5\u00a0\u00a0 \u00a0ti 27.1.\u00a0\u00a0\u00a0\u00a0\u00a0\u00a0\u00a0\u00a0\u00a0\u00a0\u00a0\u00a0\u00a0\u00a0\u00a0\u00a0\u00a0 Maaper\u00e4 haastaa Turun raitiohankkeen. Savikkojen painuminen Turun keskustassa, dipl.ins. Reino Heikinheimo<\/p>\n<p style=\"font-weight: 400\">vko 7\u00a0\u00a0\u00a0 ti 10.2.\u00a0\u00a0\u00a0\u00a0\u00a0\u00a0\u00a0\u00a0\u00a0\u00a0\u00a0\u00a0\u00a0\u00a0\u00a0\u00a0\u00a0 Valmius ja varautuminen, hankejohtaja Sirpa Rantanen, Varha\/Tyks<\/p>\n<p style=\"font-weight: 400\">vko 9\u00a0\u00a0\u00a0 ti 24.2.\u00a0\u00a0\u00a0\u00a0\u00a0\u00a0\u00a0\u00a0\u00a0\u00a0\u00a0\u00a0\u00a0\u00a0\u00a0\u00a0\u00a0 Maatalous- ja kiinteist\u00f6alan yritt\u00e4j\u00e4n\u00e4 Liedossa, Ryklin Oy, Marja ja Pertti Ylitalo.\u00a0 \u00a0 \u00a0 \u00a0 \u00a0 \u00a0 \u00a0<\/p>\n<p style=\"font-weight: 400\">vko 11 \u00a0\u00a0ti 10.3.\u00a0\u00a0 \u00a0\u00a0\u00a0\u00a0\u00a0\u00a0\u00a0\u00a0\u00a0\u00a0\u00a0\u00a0\u00a0 Arvot hyv\u00e4\u00e4 mahdollistamassa, kouluttaja, psykoterapeutti, konsultti Juha-Pekka Airo,Context Psykhology Services Oy<\/p>\n<p style=\"font-weight: 400\">\u00a0\u00a0\u00a0\u00a0\u00a0\u00a0\u00a0\u00a0\u00a0\u00a0\u00a0 pe 13.3.\u00a0\u00a0\u00a0\u00a0\u00a0\u00a0\u00a0\u00a0\u00a0\u00a0\u00a0\u00a0\u00a0\u00a0\u00a0 Talvisodan p\u00e4\u00e4ttymisp\u00e4iv\u00e4n seppeleen lasku<\/p>\n<p style=\"font-weight: 400\">vko 13 \u00a0\u00a0ti 24.3.\u00a0\u00a0\u00a0\u00a0\u00a0\u00a0\u00a0\u00a0\u00a0\u00a0\u00a0\u00a0\u00a0\u00a0\u00a0\u00a0 Suomen Osuuspankin\/Liedon POP-pankin kuulumiset, johtaja Juha Niemel\u00e4.<\/p>\n<p style=\"font-weight: 400\">vko 15\u00a0 \u00a0ti 7.4.\u00a0\u00a0\u00a0\u00a0\u00a0\u00a0\u00a0\u00a0\u00a0\u00a0\u00a0\u00a0\u00a0\u00a0\u00a0\u00a0\u00a0 Yritysvierailu DeliVerde Oy, Paimalantie 190 Turku<\/p>\n<p style=\"font-weight: 400\">vko 18\u00a0 \u00a0ti 21.4. \u00a0 \u00a0 \u00a0 \u00a0 \u00a0 \u00a0 \u00a0 \u00a0 Ymp\u00e4rist\u00e4palkinnon luovutus, yritysvierailu Aurajoki Oy, P\u00e4\u00e4skyntie 9 Lieto<\/p>\n<p style=\"font-weight: 400\">\u00a0 \u00a0 \u00a0 \u00a0 \u00a0 \u00a0 \u00a0 ma 27.4.\u00a0\u00a0\u00a0\u00a0\u00a0\u00a0\u00a0\u00a0\u00a0\u00a0\u00a0\u00a0 Kansallisen veteraanip\u00e4iv\u00e4n juhlallisuudet.<\/p>\n<p style=\"font-weight: 400\">vko 19\u00a0 \u00a0ti 5.5.\u00a0\u00a0\u00a0\u00a0\u00a0\u00a0\u00a0\u00a0\u00a0\u00a0\u00a0\u00a0\u00a0\u00a0\u00a0\u00a0\u00a0\u00a0 Vuosikokous, vaihtoon l\u00e4htev\u00e4 nuori.<\/p>\n<p style=\"font-weight: 400\">vko 21\u00a0\u00a0 ti 19.5. \u00a0 \u00a0 \u00a0 \u00a0 \u00a0 \u00a0 \u00a0 \u00a0 Viikkokokous, St1 Lieto<\/p>\n<p style=\"font-weight: 400\">vko 23\u00a0\u00a0 ti 2.6.\u00a0\u00a0\u00a0\u00a0\u00a0\u00a0\u00a0\u00a0\u00a0\u00a0\u00a0\u00a0\u00a0\u00a0\u00a0\u00a0\u00a0\u00a0 K\u00e4\u00e4tyjen vaihto.<\/p>\n<p style=\"font-weight: 400\">\n<p>[\/et_pb_text][\/et_pb_column][\/et_pb_row][\/et_pb_section]<\/p>\n","protected":false},"excerpt":{"rendered":"<p>Vuosi 2026 vko 3\u00a0\u00a0\u00a0 ti 13.1.\u00a0\u00a0\u00a0\u00a0\u00a0\u00a0\u00a0\u00a0\u00a0\u00a0\u00a0\u00a0\u00a0\u00a0\u00a0\u00a0\u00a0 Yritysvierailu Ates kebab-pizzeria, Bilal Ates, K\u00e4pijoentie 1, Lieto. Nautitaan pizzat. vko 5\u00a0\u00a0 \u00a0ti 27.1.\u00a0\u00a0\u00a0\u00a0\u00a0\u00a0\u00a0\u00a0\u00a0\u00a0\u00a0\u00a0\u00a0\u00a0\u00a0\u00a0\u00a0 Maaper\u00e4 haastaa Turun raitiohankkeen. Savikkojen painuminen Turun keskustassa, dipl.ins. Reino Heikinheimo vko 7\u00a0\u00a0\u00a0 ti 10.2.\u00a0\u00a0\u00a0\u00a0\u00a0\u00a0\u00a0\u00a0\u00a0\u00a0\u00a0\u00a0\u00a0\u00a0\u00a0\u00a0\u00a0 Valmius ja varautuminen, hankejohtaja Sirpa Rantanen, Varha\/Tyks vko 9\u00a0\u00a0\u00a0 ti 24.2.\u00a0\u00a0\u00a0\u00a0\u00a0\u00a0\u00a0\u00a0\u00a0\u00a0\u00a0\u00a0\u00a0\u00a0\u00a0\u00a0\u00a0 Maatalous- ja kiinteist\u00f6alan yritt\u00e4j\u00e4n\u00e4 Liedossa, Ryklin Oy, Marja ja [&hellip;]<\/p>\n","protected":false},"author":1,"featured_media":0,"parent":94,"menu_order":0,"comment_status":"closed","ping_status":"closed","template":"","meta":{"_acf_changed":false,"_et_pb_use_builder":"on","_et_pb_old_content":"","_et_gb_content_width":"","footnotes":""},"class_list":["post-186","page","type-page","status-publish","hentry"],"acf":[],"yoast_head":"<!-- This site is optimized with the Yoast SEO plugin v27.4 - https:\/\/yoast.com\/product\/yoast-seo-wordpress\/ -->\n<title>Tapahtumakalenteri - Liedon Rotaryklubi<\/title>\n<meta name=\"robots\" content=\"index, follow, max-snippet:-1, max-image-preview:large, max-video-preview:-1\" \/>\n<link rel=\"canonical\" href=\"https:\/\/rotary.fi\/lieto\/ajankohtaista\/tapahtumakalenteri\/\" \/>\n<meta property=\"og:locale\" content=\"fi_FI\" \/>\n<meta property=\"og:type\" content=\"article\" \/>\n<meta property=\"og:title\" content=\"Tapahtumakalenteri - Liedon Rotaryklubi\" \/>\n<meta property=\"og:description\" content=\"Vuosi 2026 vko 3\u00a0\u00a0\u00a0 ti 13.1.\u00a0\u00a0\u00a0\u00a0\u00a0\u00a0\u00a0\u00a0\u00a0\u00a0\u00a0\u00a0\u00a0\u00a0\u00a0\u00a0\u00a0 Yritysvierailu Ates kebab-pizzeria, Bilal Ates, K\u00e4pijoentie 1, Lieto. Nautitaan pizzat. vko 5\u00a0\u00a0 \u00a0ti 27.1.\u00a0\u00a0\u00a0\u00a0\u00a0\u00a0\u00a0\u00a0\u00a0\u00a0\u00a0\u00a0\u00a0\u00a0\u00a0\u00a0\u00a0 Maaper\u00e4 haastaa Turun raitiohankkeen. Savikkojen painuminen Turun keskustassa, dipl.ins. Reino Heikinheimo vko 7\u00a0\u00a0\u00a0 ti 10.2.\u00a0\u00a0\u00a0\u00a0\u00a0\u00a0\u00a0\u00a0\u00a0\u00a0\u00a0\u00a0\u00a0\u00a0\u00a0\u00a0\u00a0 Valmius ja varautuminen, hankejohtaja Sirpa Rantanen, Varha\/Tyks vko 9\u00a0\u00a0\u00a0 ti 24.2.\u00a0\u00a0\u00a0\u00a0\u00a0\u00a0\u00a0\u00a0\u00a0\u00a0\u00a0\u00a0\u00a0\u00a0\u00a0\u00a0\u00a0 Maatalous- ja kiinteist\u00f6alan yritt\u00e4j\u00e4n\u00e4 Liedossa, Ryklin Oy, Marja ja [&hellip;]\" \/>\n<meta property=\"og:url\" content=\"https:\/\/rotary.fi\/lieto\/ajankohtaista\/tapahtumakalenteri\/\" \/>\n<meta property=\"og:site_name\" content=\"Liedon Rotaryklubi\" \/>\n<meta property=\"article:modified_time\" content=\"2026-04-05T15:58:59+00:00\" \/>\n<meta name=\"twitter:card\" content=\"summary_large_image\" \/>\n<meta name=\"twitter:label1\" content=\"Arvioitu lukuaika\" \/>\n\t<meta name=\"twitter:data1\" content=\"1 minuutti\" \/>\n<script type=\"application\/ld+json\" class=\"yoast-schema-graph\">{\"@context\":\"https:\\\/\\\/schema.org\",\"@graph\":[{\"@type\":\"WebPage\",\"@id\":\"https:\\\/\\\/rotary.fi\\\/lieto\\\/ajankohtaista\\\/tapahtumakalenteri\\\/\",\"url\":\"https:\\\/\\\/rotary.fi\\\/lieto\\\/ajankohtaista\\\/tapahtumakalenteri\\\/\",\"name\":\"Tapahtumakalenteri - Liedon Rotaryklubi\",\"isPartOf\":{\"@id\":\"https:\\\/\\\/rotary.fi\\\/lieto\\\/#website\"},\"datePublished\":\"2018-08-13T08:06:59+00:00\",\"dateModified\":\"2026-04-05T15:58:59+00:00\",\"breadcrumb\":{\"@id\":\"https:\\\/\\\/rotary.fi\\\/lieto\\\/ajankohtaista\\\/tapahtumakalenteri\\\/#breadcrumb\"},\"inLanguage\":\"fi\",\"potentialAction\":[{\"@type\":\"ReadAction\",\"target\":[\"https:\\\/\\\/rotary.fi\\\/lieto\\\/ajankohtaista\\\/tapahtumakalenteri\\\/\"]}]},{\"@type\":\"BreadcrumbList\",\"@id\":\"https:\\\/\\\/rotary.fi\\\/lieto\\\/ajankohtaista\\\/tapahtumakalenteri\\\/#breadcrumb\",\"itemListElement\":[{\"@type\":\"ListItem\",\"position\":1,\"name\":\"Home\",\"item\":\"https:\\\/\\\/rotary.fi\\\/lieto\\\/\"},{\"@type\":\"ListItem\",\"position\":2,\"name\":\"Ajankohtaista\",\"item\":\"https:\\\/\\\/rotary.fi\\\/lieto\\\/ajankohtaista\\\/\"},{\"@type\":\"ListItem\",\"position\":3,\"name\":\"Tapahtumakalenteri\"}]},{\"@type\":\"WebSite\",\"@id\":\"https:\\\/\\\/rotary.fi\\\/lieto\\\/#website\",\"url\":\"https:\\\/\\\/rotary.fi\\\/lieto\\\/\",\"name\":\"Liedon Rotaryklubi\",\"description\":\"Uusi Rotary klubisivusto\",\"potentialAction\":[{\"@type\":\"SearchAction\",\"target\":{\"@type\":\"EntryPoint\",\"urlTemplate\":\"https:\\\/\\\/rotary.fi\\\/lieto\\\/?s={search_term_string}\"},\"query-input\":{\"@type\":\"PropertyValueSpecification\",\"valueRequired\":true,\"valueName\":\"search_term_string\"}}],\"inLanguage\":\"fi\"}]}<\/script>\n<!-- \/ Yoast SEO plugin. -->","yoast_head_json":{"title":"Tapahtumakalenteri - Liedon Rotaryklubi","robots":{"index":"index","follow":"follow","max-snippet":"max-snippet:-1","max-image-preview":"max-image-preview:large","max-video-preview":"max-video-preview:-1"},"canonical":"https:\/\/rotary.fi\/lieto\/ajankohtaista\/tapahtumakalenteri\/","og_locale":"fi_FI","og_type":"article","og_title":"Tapahtumakalenteri - Liedon Rotaryklubi","og_description":"Vuosi 2026 vko 3\u00a0\u00a0\u00a0 ti 13.1.\u00a0\u00a0\u00a0\u00a0\u00a0\u00a0\u00a0\u00a0\u00a0\u00a0\u00a0\u00a0\u00a0\u00a0\u00a0\u00a0\u00a0 Yritysvierailu Ates kebab-pizzeria, Bilal Ates, K\u00e4pijoentie 1, Lieto. Nautitaan pizzat. vko 5\u00a0\u00a0 \u00a0ti 27.1.\u00a0\u00a0\u00a0\u00a0\u00a0\u00a0\u00a0\u00a0\u00a0\u00a0\u00a0\u00a0\u00a0\u00a0\u00a0\u00a0\u00a0 Maaper\u00e4 haastaa Turun raitiohankkeen. Savikkojen painuminen Turun keskustassa, dipl.ins. Reino Heikinheimo vko 7\u00a0\u00a0\u00a0 ti 10.2.\u00a0\u00a0\u00a0\u00a0\u00a0\u00a0\u00a0\u00a0\u00a0\u00a0\u00a0\u00a0\u00a0\u00a0\u00a0\u00a0\u00a0 Valmius ja varautuminen, hankejohtaja Sirpa Rantanen, Varha\/Tyks vko 9\u00a0\u00a0\u00a0 ti 24.2.\u00a0\u00a0\u00a0\u00a0\u00a0\u00a0\u00a0\u00a0\u00a0\u00a0\u00a0\u00a0\u00a0\u00a0\u00a0\u00a0\u00a0 Maatalous- ja kiinteist\u00f6alan yritt\u00e4j\u00e4n\u00e4 Liedossa, Ryklin Oy, Marja ja [&hellip;]","og_url":"https:\/\/rotary.fi\/lieto\/ajankohtaista\/tapahtumakalenteri\/","og_site_name":"Liedon Rotaryklubi","article_modified_time":"2026-04-05T15:58:59+00:00","twitter_card":"summary_large_image","twitter_misc":{"Arvioitu lukuaika":"1 minuutti"},"schema":{"@context":"https:\/\/schema.org","@graph":[{"@type":"WebPage","@id":"https:\/\/rotary.fi\/lieto\/ajankohtaista\/tapahtumakalenteri\/","url":"https:\/\/rotary.fi\/lieto\/ajankohtaista\/tapahtumakalenteri\/","name":"Tapahtumakalenteri - Liedon Rotaryklubi","isPartOf":{"@id":"https:\/\/rotary.fi\/lieto\/#website"},"datePublished":"2018-08-13T08:06:59+00:00","dateModified":"2026-04-05T15:58:59+00:00","breadcrumb":{"@id":"https:\/\/rotary.fi\/lieto\/ajankohtaista\/tapahtumakalenteri\/#breadcrumb"},"inLanguage":"fi","potentialAction":[{"@type":"ReadAction","target":["https:\/\/rotary.fi\/lieto\/ajankohtaista\/tapahtumakalenteri\/"]}]},{"@type":"BreadcrumbList","@id":"https:\/\/rotary.fi\/lieto\/ajankohtaista\/tapahtumakalenteri\/#breadcrumb","itemListElement":[{"@type":"ListItem","position":1,"name":"Home","item":"https:\/\/rotary.fi\/lieto\/"},{"@type":"ListItem","position":2,"name":"Ajankohtaista","item":"https:\/\/rotary.fi\/lieto\/ajankohtaista\/"},{"@type":"ListItem","position":3,"name":"Tapahtumakalenteri"}]},{"@type":"WebSite","@id":"https:\/\/rotary.fi\/lieto\/#website","url":"https:\/\/rotary.fi\/lieto\/","name":"Liedon Rotaryklubi","description":"Uusi Rotary klubisivusto","potentialAction":[{"@type":"SearchAction","target":{"@type":"EntryPoint","urlTemplate":"https:\/\/rotary.fi\/lieto\/?s={search_term_string}"},"query-input":{"@type":"PropertyValueSpecification","valueRequired":true,"valueName":"search_term_string"}}],"inLanguage":"fi"}]}},"lang":"fi","translations":{"fi":186},"pll_sync_post":[],"_links":{"self":[{"href":"https:\/\/rotary.fi\/lieto\/wp-json\/wp\/v2\/pages\/186","targetHints":{"allow":["GET"]}}],"collection":[{"href":"https:\/\/rotary.fi\/lieto\/wp-json\/wp\/v2\/pages"}],"about":[{"href":"https:\/\/rotary.fi\/lieto\/wp-json\/wp\/v2\/types\/page"}],"author":[{"embeddable":true,"href":"https:\/\/rotary.fi\/lieto\/wp-json\/wp\/v2\/users\/1"}],"replies":[{"embeddable":true,"href":"https:\/\/rotary.fi\/lieto\/wp-json\/wp\/v2\/comments?post=186"}],"version-history":[{"count":12,"href":"https:\/\/rotary.fi\/lieto\/wp-json\/wp\/v2\/pages\/186\/revisions"}],"predecessor-version":[{"id":3102,"href":"https:\/\/rotary.fi\/lieto\/wp-json\/wp\/v2\/pages\/186\/revisions\/3102"}],"up":[{"embeddable":true,"href":"https:\/\/rotary.fi\/lieto\/wp-json\/wp\/v2\/pages\/94"}],"wp:attachment":[{"href":"https:\/\/rotary.fi\/lieto\/wp-json\/wp\/v2\/media?parent=186"}],"curies":[{"name":"wp","href":"https:\/\/api.w.org\/{rel}","templated":true}]}}