{"id":179,"date":"2018-08-13T10:43:11","date_gmt":"2018-08-13T07:43:11","guid":{"rendered":"https:\/\/rotary.fi\/lieto\/?page_id=179"},"modified":"2019-09-27T11:02:03","modified_gmt":"2019-09-27T08:02:03","slug":"ryla-johtajuuskoulutus-nuorille","status":"publish","type":"page","link":"https:\/\/rotary.fi\/lieto\/tule-mukaan\/ryla-johtajuuskoulutus-nuorille\/","title":{"rendered":"RYLA &#8211; Johtajuuskoulutus nuorille"},"content":{"rendered":"<p>[et_pb_section fb_built=&#8221;1&#8243; module_class=&#8221;jumbotron-page&#8221; _builder_version=&#8221;3.27.4&#8243; background_image=&#8221;https:\/\/rotary.fi\/lieto\/wp-content\/uploads\/sites\/162\/2018\/10\/rotary_klubit_alasivu_paakuva_10.jpg&#8221; fb_built=&#8221;1&#8243; bb_built=&#8221;1&#8243; _i=&#8221;0&#8243; _address=&#8221;0&#8243;][et_pb_row _builder_version=&#8221;3.25&#8243; background_size=&#8221;initial&#8221; background_position=&#8221;top_left&#8221; background_repeat=&#8221;repeat&#8221; _i=&#8221;0&#8243; _address=&#8221;0.0&#8243;][et_pb_column type=&#8221;4_4&#8243; _builder_version=&#8221;3.25&#8243; custom_padding=&#8221;|||&#8221; _i=&#8221;0&#8243; _address=&#8221;0.0.0&#8243; custom_padding__hover=&#8221;|||&#8221;][et_pb_text admin_label=&#8221;P\u00e4\u00e4otsikko&#8221; _builder_version=&#8221;3.27.4&#8243; text_orientation=&#8221;center&#8221; background_layout=&#8221;dark&#8221; _i=&#8221;0&#8243; _address=&#8221;0.0.0.0&#8243;]<\/p>\n<h1>RYLA<\/h1>\n<p>[\/et_pb_text][\/et_pb_column][\/et_pb_row][\/et_pb_section][et_pb_section fb_built=&#8221;1&#8243; specialty=&#8221;on&#8221; module_class_2=&#8221;sivupalkki&#8221; _builder_version=&#8221;3.22&#8243; fb_built=&#8221;1&#8243; bb_built=&#8221;1&#8243; _i=&#8221;1&#8243; _address=&#8221;1&#8243;][et_pb_column type=&#8221;2_3&#8243; specialty_columns=&#8221;2&#8243; _builder_version=&#8221;3.25&#8243; custom_padding=&#8221;|||&#8221; _i=&#8221;0&#8243; _address=&#8221;1.0&#8243; custom_padding__hover=&#8221;|||&#8221;][et_pb_row_inner column_structure=&#8221;undefined&#8221; admin_label=&#8221;Rivi&#8221; _builder_version=&#8221;3.27.4&#8243; _i=&#8221;0&#8243; _address=&#8221;1.0.0&#8243;][et_pb_column_inner type=&#8221;undefined&#8221; saved_specialty_column_type=&#8221;2_3&#8243; _builder_version=&#8221;3.25&#8243; custom_padding=&#8221;|||&#8221; parallax__hover=&#8221;off&#8221; parallax_method__hover=&#8221;on&#8221; _i=&#8221;0&#8243; _address=&#8221;1.0.0.0&#8243; custom_padding__hover=&#8221;|||&#8221;][et_pb_text admin_label=&#8221;Otsikko ennen teksti\u00e4&#8221; _builder_version=&#8221;3.27.4&#8243; text_orientation=&#8221;center&#8221; _i=&#8221;0&#8243; _address=&#8221;1.0.0.0.0&#8243;]<\/p>\n<h1>RYLA &#8211;<br \/>\nJohtajuuskoulutusta nuorille<\/h1>\n<p>[\/et_pb_text][et_pb_text _builder_version=&#8221;3.27.4&#8243; _i=&#8221;1&#8243; _address=&#8221;1.0.0.0.1&#8243;]<\/p>\n<p>&nbsp;<\/p>\n<p><strong>RYLA (Rotary Youth Leadership Awards)<\/strong><\/p>\n<p class=\"p1\"><span class=\"s1\">RYLA on Rotaryn nuorisotoimintamuoto, jolla koulutamme 14<\/span><span class=\"s2\">\u2500<\/span><span class=\"s1\">30-vuotiaita aloitekykyisi\u00e4 ja aktiivisia nuoria omatoimisuuteen ja johtajuuteen. T\u00e4m\u00e4 tapahtuu Rotaryn j\u00e4rjest\u00e4miss\u00e4 RYLA-seminaareissa, joissa kehitet\u00e4\u00e4n mm. nuorten harkintakyky\u00e4, p\u00e4\u00e4t\u00f6ksentekokyky\u00e4 sek\u00e4 esiintymistaitoa. Kouluttajina toimivat paikallisen rotaryklubin j\u00e4senet tai muut eri alojen asiantuntijat, jotka kertovat ammattiinsa ja johtajuuteen liittyvist\u00e4 omista kokemuksistaan. <\/span><\/p>\n<p class=\"p1\">\n[\/et_pb_text][et_pb_text _builder_version=&#8221;3.27.4&#8243; custom_padding=&#8221;||0px|||&#8221; z_index_tablet=&#8221;500&#8243; text_text_shadow_horizontal_length_tablet=&#8221;0px&#8221; text_text_shadow_vertical_length_tablet=&#8221;0px&#8221; text_text_shadow_blur_strength_tablet=&#8221;1px&#8221; link_text_shadow_horizontal_length_tablet=&#8221;0px&#8221; link_text_shadow_vertical_length_tablet=&#8221;0px&#8221; link_text_shadow_blur_strength_tablet=&#8221;1px&#8221; ul_text_shadow_horizontal_length_tablet=&#8221;0px&#8221; ul_text_shadow_vertical_length_tablet=&#8221;0px&#8221; ul_text_shadow_blur_strength_tablet=&#8221;1px&#8221; ol_text_shadow_horizontal_length_tablet=&#8221;0px&#8221; ol_text_shadow_vertical_length_tablet=&#8221;0px&#8221; ol_text_shadow_blur_strength_tablet=&#8221;1px&#8221; quote_text_shadow_horizontal_length_tablet=&#8221;0px&#8221; quote_text_shadow_vertical_length_tablet=&#8221;0px&#8221; quote_text_shadow_blur_strength_tablet=&#8221;1px&#8221; header_text_shadow_horizontal_length_tablet=&#8221;0px&#8221; header_text_shadow_vertical_length_tablet=&#8221;0px&#8221; header_text_shadow_blur_strength_tablet=&#8221;1px&#8221; header_2_text_shadow_horizontal_length_tablet=&#8221;0px&#8221; header_2_text_shadow_vertical_length_tablet=&#8221;0px&#8221; header_2_text_shadow_blur_strength_tablet=&#8221;1px&#8221; header_3_text_shadow_horizontal_length_tablet=&#8221;0px&#8221; header_3_text_shadow_vertical_length_tablet=&#8221;0px&#8221; header_3_text_shadow_blur_strength_tablet=&#8221;1px&#8221; header_4_text_shadow_horizontal_length_tablet=&#8221;0px&#8221; header_4_text_shadow_vertical_length_tablet=&#8221;0px&#8221; header_4_text_shadow_blur_strength_tablet=&#8221;1px&#8221; header_5_text_shadow_horizontal_length_tablet=&#8221;0px&#8221; header_5_text_shadow_vertical_length_tablet=&#8221;0px&#8221; header_5_text_shadow_blur_strength_tablet=&#8221;1px&#8221; header_6_text_shadow_horizontal_length_tablet=&#8221;0px&#8221; header_6_text_shadow_vertical_length_tablet=&#8221;0px&#8221; header_6_text_shadow_blur_strength_tablet=&#8221;1px&#8221; box_shadow_horizontal_tablet=&#8221;0px&#8221; box_shadow_vertical_tablet=&#8221;0px&#8221; box_shadow_blur_tablet=&#8221;40px&#8221; box_shadow_spread_tablet=&#8221;0px&#8221; _i=&#8221;2&#8243; _address=&#8221;1.0.0.0.2&#8243;]<\/p>\n<p><strong>Lieto Vanhalinnan ja Liedon rotaryklubit j\u00e4rjestiv\u00e4t yhdess\u00e4 Ryla-leirin ja kansainv\u00e4lisen kes\u00e4leirin yhten\u00e4 tapahtumana kes\u00e4ll\u00e4 2007.<\/strong><\/p>\n<p>Osallistujia oli 16 nuorta eri puolilta Eurooppaa ja 9 suomalaista nuorta. T\u00e4m\u00e4 oli niit\u00e4 harvoja kertoja, jolloin my\u00f6s suomalaisia otettiin mukaan leirille. P\u00e4ivisin kuultiin erinomaisia luentoja ja esityksi\u00e4 johtamiseen liittyen ja pidettiin ty\u00f6pajoja. Iltaisin saunottiin, uitiin, istuttiin Oriniemen leirikeskuksen kalliolla keskustellen maailman menosta ja osallistujien kotimaiden arvoista. Saamamme palaute niin kansainv\u00e4lisilt\u00e4 kuin suomalaisiltakin osanottajilta oli erinomainen. \u00a0Ikimuistoinen viikko!<\/p>\n<p>&nbsp;<\/p>\n<div id=\"attachment_1674\" class=\"wp-caption alignleft\">\n<p><img loading=\"lazy\" decoding=\"async\" class=\"wp-image-1674 size-large\" src=\"https:\/\/rotary.fi\/vanhalinna\/wp-content\/uploads\/sites\/98\/2019\/04\/aurajokea-ja-rotareita-20070808-246-1024x681.jpg\" alt=\"\" width=\"1024\" height=\"681\" aria-describedby=\"caption-attachment-1674\" \/><\/p>\n<p id=\"caption-attachment-1674\" class=\"wp-caption-text\">Viirien vaihtoa<\/p>\n<\/div>\n<div id=\"attachment_1672\" class=\"wp-caption alignright\">\n<p><img loading=\"lazy\" decoding=\"async\" class=\"wp-image-1672 size-large\" src=\"https:\/\/rotary.fi\/vanhalinna\/wp-content\/uploads\/sites\/98\/2019\/04\/aurajokea-ja-rotareita-20070808-322-1024x681.jpg\" alt=\"\" width=\"1024\" height=\"681\" aria-describedby=\"caption-attachment-1672\" \/><\/p>\n<p id=\"caption-attachment-1672\" class=\"wp-caption-text\">Leirin johtajalle kuului my\u00f6s huoltot\u00f6it\u00e4<\/p>\n<\/div>\n<div id=\"attachment_1673\" class=\"wp-caption alignright\">\n<p><img loading=\"lazy\" decoding=\"async\" class=\"wp-image-1673 size-large\" src=\"https:\/\/rotary.fi\/vanhalinna\/wp-content\/uploads\/sites\/98\/2019\/04\/aurajokea-ja-rotareita-20070808-311-1024x681.jpg\" alt=\"\" width=\"1024\" height=\"681\" aria-describedby=\"caption-attachment-1673\" \/><\/p>\n<p id=\"caption-attachment-1673\" class=\"wp-caption-text\">Iloista nuorisoa viireineen<\/p>\n<\/div>\n<div id=\"attachment_1675\" class=\"wp-caption alignnone\">\n<p><img loading=\"lazy\" decoding=\"async\" class=\"wp-image-1675 size-large\" src=\"https:\/\/rotary.fi\/vanhalinna\/wp-content\/uploads\/sites\/98\/2019\/04\/aurajokea-ja-rotareita-20070808-208-1024x681.jpg\" alt=\"\" width=\"1024\" height=\"681\" aria-describedby=\"caption-attachment-1675\" \/><\/p>\n<p id=\"caption-attachment-1675\" class=\"wp-caption-text\">Ohjeiden antoa<\/p>\n<\/div>\n<div id=\"attachment_1671\" class=\"wp-caption alignleft\">\n<p><img loading=\"lazy\" decoding=\"async\" class=\"wp-image-1671 size-large\" src=\"https:\/\/rotary.fi\/vanhalinna\/wp-content\/uploads\/sites\/98\/2019\/04\/aurajokea-ja-rotareita-20070808-177-1024x681.jpg\" alt=\"\" width=\"1024\" height=\"681\" aria-describedby=\"caption-attachment-1671\" \/><\/p>\n<p id=\"caption-attachment-1671\" class=\"wp-caption-text\">Iltahetki kallioilla<\/p>\n<\/div>\n<div id=\"attachment_1676\" class=\"wp-caption alignright\">\n<p><img loading=\"lazy\" decoding=\"async\" class=\"wp-image-1676 size-large\" src=\"https:\/\/rotary.fi\/vanhalinna\/wp-content\/uploads\/sites\/98\/2019\/04\/aurajokea-ja-rotareita-20070808-134-1-1024x681.jpg\" alt=\"\" width=\"1024\" height=\"681\" aria-describedby=\"caption-attachment-1676\" \/><\/p>\n<p id=\"caption-attachment-1676\" class=\"wp-caption-text\">Tytt\u00f6energiaa<\/p>\n<\/div>\n<p>[\/et_pb_text][\/et_pb_column_inner][\/et_pb_row_inner][\/et_pb_column][et_pb_column type=&#8221;1_3&#8243; _builder_version=&#8221;3.25&#8243; custom_padding=&#8221;|||&#8221; _i=&#8221;1&#8243; _address=&#8221;1.1&#8243; custom_padding__hover=&#8221;|||&#8221;][et_pb_sidebar area=&#8221;sidebar-1&#8243; module_class=&#8221;sivupalkki_sisalto&#8221; _builder_version=&#8221;3.4.1&#8243; locked=&#8221;on&#8221; _i=&#8221;0&#8243; _address=&#8221;1.1.0&#8243;]<br \/>\n[\/et_pb_sidebar][\/et_pb_column][\/et_pb_section][et_pb_section fb_built=&#8221;1&#8243; _builder_version=&#8221;3.27.4&#8243; fb_built=&#8221;1&#8243; _i=&#8221;2&#8243; _address=&#8221;2&#8243;][et_pb_row _builder_version=&#8221;3.27.4&#8243; _i=&#8221;0&#8243; _address=&#8221;2.0&#8243;][et_pb_column type=&#8221;4_4&#8243; _builder_version=&#8221;3.27.4&#8243; _i=&#8221;0&#8243; _address=&#8221;2.0.0&#8243;][et_pb_text _builder_version=&#8221;3.27.4&#8243; _i=&#8221;0&#8243; _address=&#8221;2.0.0.0&#8243;]<\/p>\n<h4><span style=\"font-size: x-large\">Mit\u00e4 opittavaa t\u00e4st\u00e4 saatiin<\/span><\/h4>\n<ul>\n<li><span>perhejakso pit\u00e4\u00e4 olla aina ennen leiri\u00e4, sill\u00e4 muuten nuoret eiv\u00e4t pysy is\u00e4nt\u00e4perheiss\u00e4\u00e4n, vaan j\u00e4rjest\u00e4v\u00e4t omaa ohjelmaansa<\/span><\/li>\n<li><span>leirijakson illat ovat t\u00e4rkeit\u00e4 koko leirin hengen kannalta. Nyt j\u00e4rjestettiin rantakallioilla tervetuloilta, jossa esiteltiin itsemme henkil\u00f6in\u00e4 sek\u00e4 kansainv\u00e4linen ilta, jossa jokainen esitteli kotimaataan sen hyvine ja huonoine puolineen. Keskustelu esitysten j\u00e4lkeen oli runsasta. Molemmat kestiv\u00e4t yli kolme tuntia ja etenkin j\u00e4lkimm\u00e4inen pureutui syv\u00e4lle eri yhteiskuntien historiaan, nykyp\u00e4iv\u00e4\u00e4n, ongelmiin ja mahdollisuuksiin.<\/span><\/li>\n<li><span>on eritt\u00e4in hieno ajatus yhdist\u00e4\u00e4 suomalaiset nuoret kansainv\u00e4liselle leirille ja Ryla on yksi helpoimpia aiheita siin\u00e4<span class=\"Apple-converted-space\">\u00a0 \u00a0<\/span><\/span><\/li>\n<li><span>leirin toteutusta helpottaa, kun toivottu oppilaiden ik\u00e4haarukka toteutuu<\/span><\/li>\n<li><span>kaikki mit\u00e4 luvataan, t\u00e4ytyy hoitaa hyvin. Esimerkkin\u00e4 Hannu Jokinen l\u00e4hetti nuorille per\u00e4ss\u00e4 cd-levyll\u00e4 luennot ja leirin valokuvat. Mik\u00e4li olisi vain luvattu eik\u00e4 l\u00e4hetetty (kuten on k\u00e4ynyt monella kv-leirill\u00e4) olisi oppilaille j\u00e4\u00e4nyt huono maku.<\/span><\/li>\n<li><span>parasta leirill\u00e4 oli mahtava henki.<\/span><\/li>\n<\/ul>\n<p>&nbsp;<\/p>\n<p>[\/et_pb_text][\/et_pb_column][\/et_pb_row][\/et_pb_section]<\/p>\n","protected":false},"excerpt":{"rendered":"<p>RYLA RYLA &#8211; Johtajuuskoulutusta nuorille &nbsp; RYLA (Rotary Youth Leadership Awards) RYLA on Rotaryn nuorisotoimintamuoto, jolla koulutamme 14\u250030-vuotiaita aloitekykyisi\u00e4 ja aktiivisia nuoria omatoimisuuteen ja johtajuuteen. T\u00e4m\u00e4 tapahtuu Rotaryn j\u00e4rjest\u00e4miss\u00e4 RYLA-seminaareissa, joissa kehitet\u00e4\u00e4n mm. nuorten harkintakyky\u00e4, p\u00e4\u00e4t\u00f6ksentekokyky\u00e4 sek\u00e4 esiintymistaitoa. Kouluttajina toimivat paikallisen rotaryklubin j\u00e4senet tai muut eri alojen asiantuntijat, jotka kertovat ammattiinsa ja johtajuuteen liittyvist\u00e4 omista [&hellip;]<\/p>\n","protected":false},"author":1,"featured_media":0,"parent":89,"menu_order":0,"comment_status":"closed","ping_status":"closed","template":"","meta":{"_acf_changed":false,"_et_pb_use_builder":"on","_et_pb_old_content":"","_et_gb_content_width":"","footnotes":""},"class_list":["post-179","page","type-page","status-publish","hentry"],"acf":[],"yoast_head":"<!-- This site is optimized with the Yoast SEO plugin v27.4 - https:\/\/yoast.com\/product\/yoast-seo-wordpress\/ -->\n<title>RYLA - Johtajuuskoulutus nuorille - Liedon Rotaryklubi<\/title>\n<meta name=\"robots\" content=\"index, follow, max-snippet:-1, max-image-preview:large, max-video-preview:-1\" \/>\n<link rel=\"canonical\" href=\"https:\/\/rotary.fi\/lieto\/tule-mukaan\/ryla-johtajuuskoulutus-nuorille\/\" \/>\n<meta property=\"og:locale\" content=\"fi_FI\" \/>\n<meta property=\"og:type\" content=\"article\" \/>\n<meta property=\"og:title\" content=\"RYLA - Johtajuuskoulutus nuorille - Liedon Rotaryklubi\" \/>\n<meta property=\"og:description\" content=\"RYLA RYLA - Johtajuuskoulutusta nuorille &nbsp; RYLA (Rotary Youth Leadership Awards) RYLA on Rotaryn nuorisotoimintamuoto, jolla koulutamme 14\u250030-vuotiaita aloitekykyisi\u00e4 ja aktiivisia nuoria omatoimisuuteen ja johtajuuteen. T\u00e4m\u00e4 tapahtuu Rotaryn j\u00e4rjest\u00e4miss\u00e4 RYLA-seminaareissa, joissa kehitet\u00e4\u00e4n mm. nuorten harkintakyky\u00e4, p\u00e4\u00e4t\u00f6ksentekokyky\u00e4 sek\u00e4 esiintymistaitoa. Kouluttajina toimivat paikallisen rotaryklubin j\u00e4senet tai muut eri alojen asiantuntijat, jotka kertovat ammattiinsa ja johtajuuteen liittyvist\u00e4 omista [&hellip;]\" \/>\n<meta property=\"og:url\" content=\"https:\/\/rotary.fi\/lieto\/tule-mukaan\/ryla-johtajuuskoulutus-nuorille\/\" \/>\n<meta property=\"og:site_name\" content=\"Liedon Rotaryklubi\" \/>\n<meta property=\"article:modified_time\" content=\"2019-09-27T08:02:03+00:00\" \/>\n<meta property=\"og:image\" content=\"https:\/\/rotary.fi\/vanhalinna\/wp-content\/uploads\/sites\/98\/2019\/04\/aurajokea-ja-rotareita-20070808-246-1024x681.jpg\" \/>\n<meta name=\"twitter:card\" content=\"summary_large_image\" \/>\n<meta name=\"twitter:label1\" content=\"Arvioitu lukuaika\" \/>\n\t<meta name=\"twitter:data1\" content=\"4 minuuttia\" \/>\n<script type=\"application\/ld+json\" class=\"yoast-schema-graph\">{\"@context\":\"https:\\\/\\\/schema.org\",\"@graph\":[{\"@type\":\"WebPage\",\"@id\":\"https:\\\/\\\/rotary.fi\\\/lieto\\\/tule-mukaan\\\/ryla-johtajuuskoulutus-nuorille\\\/\",\"url\":\"https:\\\/\\\/rotary.fi\\\/lieto\\\/tule-mukaan\\\/ryla-johtajuuskoulutus-nuorille\\\/\",\"name\":\"RYLA - Johtajuuskoulutus nuorille - Liedon Rotaryklubi\",\"isPartOf\":{\"@id\":\"https:\\\/\\\/rotary.fi\\\/lieto\\\/#website\"},\"primaryImageOfPage\":{\"@id\":\"https:\\\/\\\/rotary.fi\\\/lieto\\\/tule-mukaan\\\/ryla-johtajuuskoulutus-nuorille\\\/#primaryimage\"},\"image\":{\"@id\":\"https:\\\/\\\/rotary.fi\\\/lieto\\\/tule-mukaan\\\/ryla-johtajuuskoulutus-nuorille\\\/#primaryimage\"},\"thumbnailUrl\":\"https:\\\/\\\/rotary.fi\\\/vanhalinna\\\/wp-content\\\/uploads\\\/sites\\\/98\\\/2019\\\/04\\\/aurajokea-ja-rotareita-20070808-246-1024x681.jpg\",\"datePublished\":\"2018-08-13T07:43:11+00:00\",\"dateModified\":\"2019-09-27T08:02:03+00:00\",\"breadcrumb\":{\"@id\":\"https:\\\/\\\/rotary.fi\\\/lieto\\\/tule-mukaan\\\/ryla-johtajuuskoulutus-nuorille\\\/#breadcrumb\"},\"inLanguage\":\"fi\",\"potentialAction\":[{\"@type\":\"ReadAction\",\"target\":[\"https:\\\/\\\/rotary.fi\\\/lieto\\\/tule-mukaan\\\/ryla-johtajuuskoulutus-nuorille\\\/\"]}]},{\"@type\":\"ImageObject\",\"inLanguage\":\"fi\",\"@id\":\"https:\\\/\\\/rotary.fi\\\/lieto\\\/tule-mukaan\\\/ryla-johtajuuskoulutus-nuorille\\\/#primaryimage\",\"url\":\"https:\\\/\\\/rotary.fi\\\/vanhalinna\\\/wp-content\\\/uploads\\\/sites\\\/98\\\/2019\\\/04\\\/aurajokea-ja-rotareita-20070808-246-1024x681.jpg\",\"contentUrl\":\"https:\\\/\\\/rotary.fi\\\/vanhalinna\\\/wp-content\\\/uploads\\\/sites\\\/98\\\/2019\\\/04\\\/aurajokea-ja-rotareita-20070808-246-1024x681.jpg\"},{\"@type\":\"BreadcrumbList\",\"@id\":\"https:\\\/\\\/rotary.fi\\\/lieto\\\/tule-mukaan\\\/ryla-johtajuuskoulutus-nuorille\\\/#breadcrumb\",\"itemListElement\":[{\"@type\":\"ListItem\",\"position\":1,\"name\":\"Home\",\"item\":\"https:\\\/\\\/rotary.fi\\\/lieto\\\/\"},{\"@type\":\"ListItem\",\"position\":2,\"name\":\"Tule mukaan\",\"item\":\"https:\\\/\\\/rotary.fi\\\/lieto\\\/tule-mukaan\\\/\"},{\"@type\":\"ListItem\",\"position\":3,\"name\":\"RYLA &#8211; Johtajuuskoulutus nuorille\"}]},{\"@type\":\"WebSite\",\"@id\":\"https:\\\/\\\/rotary.fi\\\/lieto\\\/#website\",\"url\":\"https:\\\/\\\/rotary.fi\\\/lieto\\\/\",\"name\":\"Liedon Rotaryklubi\",\"description\":\"Uusi Rotary klubisivusto\",\"potentialAction\":[{\"@type\":\"SearchAction\",\"target\":{\"@type\":\"EntryPoint\",\"urlTemplate\":\"https:\\\/\\\/rotary.fi\\\/lieto\\\/?s={search_term_string}\"},\"query-input\":{\"@type\":\"PropertyValueSpecification\",\"valueRequired\":true,\"valueName\":\"search_term_string\"}}],\"inLanguage\":\"fi\"}]}<\/script>\n<!-- \/ Yoast SEO plugin. -->","yoast_head_json":{"title":"RYLA - Johtajuuskoulutus nuorille - Liedon Rotaryklubi","robots":{"index":"index","follow":"follow","max-snippet":"max-snippet:-1","max-image-preview":"max-image-preview:large","max-video-preview":"max-video-preview:-1"},"canonical":"https:\/\/rotary.fi\/lieto\/tule-mukaan\/ryla-johtajuuskoulutus-nuorille\/","og_locale":"fi_FI","og_type":"article","og_title":"RYLA - Johtajuuskoulutus nuorille - Liedon Rotaryklubi","og_description":"RYLA RYLA - Johtajuuskoulutusta nuorille &nbsp; RYLA (Rotary Youth Leadership Awards) RYLA on Rotaryn nuorisotoimintamuoto, jolla koulutamme 14\u250030-vuotiaita aloitekykyisi\u00e4 ja aktiivisia nuoria omatoimisuuteen ja johtajuuteen. T\u00e4m\u00e4 tapahtuu Rotaryn j\u00e4rjest\u00e4miss\u00e4 RYLA-seminaareissa, joissa kehitet\u00e4\u00e4n mm. nuorten harkintakyky\u00e4, p\u00e4\u00e4t\u00f6ksentekokyky\u00e4 sek\u00e4 esiintymistaitoa. Kouluttajina toimivat paikallisen rotaryklubin j\u00e4senet tai muut eri alojen asiantuntijat, jotka kertovat ammattiinsa ja johtajuuteen liittyvist\u00e4 omista [&hellip;]","og_url":"https:\/\/rotary.fi\/lieto\/tule-mukaan\/ryla-johtajuuskoulutus-nuorille\/","og_site_name":"Liedon Rotaryklubi","article_modified_time":"2019-09-27T08:02:03+00:00","og_image":[{"url":"https:\/\/rotary.fi\/vanhalinna\/wp-content\/uploads\/sites\/98\/2019\/04\/aurajokea-ja-rotareita-20070808-246-1024x681.jpg","type":"","width":"","height":""}],"twitter_card":"summary_large_image","twitter_misc":{"Arvioitu lukuaika":"4 minuuttia"},"schema":{"@context":"https:\/\/schema.org","@graph":[{"@type":"WebPage","@id":"https:\/\/rotary.fi\/lieto\/tule-mukaan\/ryla-johtajuuskoulutus-nuorille\/","url":"https:\/\/rotary.fi\/lieto\/tule-mukaan\/ryla-johtajuuskoulutus-nuorille\/","name":"RYLA - Johtajuuskoulutus nuorille - Liedon Rotaryklubi","isPartOf":{"@id":"https:\/\/rotary.fi\/lieto\/#website"},"primaryImageOfPage":{"@id":"https:\/\/rotary.fi\/lieto\/tule-mukaan\/ryla-johtajuuskoulutus-nuorille\/#primaryimage"},"image":{"@id":"https:\/\/rotary.fi\/lieto\/tule-mukaan\/ryla-johtajuuskoulutus-nuorille\/#primaryimage"},"thumbnailUrl":"https:\/\/rotary.fi\/vanhalinna\/wp-content\/uploads\/sites\/98\/2019\/04\/aurajokea-ja-rotareita-20070808-246-1024x681.jpg","datePublished":"2018-08-13T07:43:11+00:00","dateModified":"2019-09-27T08:02:03+00:00","breadcrumb":{"@id":"https:\/\/rotary.fi\/lieto\/tule-mukaan\/ryla-johtajuuskoulutus-nuorille\/#breadcrumb"},"inLanguage":"fi","potentialAction":[{"@type":"ReadAction","target":["https:\/\/rotary.fi\/lieto\/tule-mukaan\/ryla-johtajuuskoulutus-nuorille\/"]}]},{"@type":"ImageObject","inLanguage":"fi","@id":"https:\/\/rotary.fi\/lieto\/tule-mukaan\/ryla-johtajuuskoulutus-nuorille\/#primaryimage","url":"https:\/\/rotary.fi\/vanhalinna\/wp-content\/uploads\/sites\/98\/2019\/04\/aurajokea-ja-rotareita-20070808-246-1024x681.jpg","contentUrl":"https:\/\/rotary.fi\/vanhalinna\/wp-content\/uploads\/sites\/98\/2019\/04\/aurajokea-ja-rotareita-20070808-246-1024x681.jpg"},{"@type":"BreadcrumbList","@id":"https:\/\/rotary.fi\/lieto\/tule-mukaan\/ryla-johtajuuskoulutus-nuorille\/#breadcrumb","itemListElement":[{"@type":"ListItem","position":1,"name":"Home","item":"https:\/\/rotary.fi\/lieto\/"},{"@type":"ListItem","position":2,"name":"Tule mukaan","item":"https:\/\/rotary.fi\/lieto\/tule-mukaan\/"},{"@type":"ListItem","position":3,"name":"RYLA &#8211; Johtajuuskoulutus nuorille"}]},{"@type":"WebSite","@id":"https:\/\/rotary.fi\/lieto\/#website","url":"https:\/\/rotary.fi\/lieto\/","name":"Liedon Rotaryklubi","description":"Uusi Rotary klubisivusto","potentialAction":[{"@type":"SearchAction","target":{"@type":"EntryPoint","urlTemplate":"https:\/\/rotary.fi\/lieto\/?s={search_term_string}"},"query-input":{"@type":"PropertyValueSpecification","valueRequired":true,"valueName":"search_term_string"}}],"inLanguage":"fi"}]}},"lang":"fi","translations":{"fi":179},"pll_sync_post":[],"_links":{"self":[{"href":"https:\/\/rotary.fi\/lieto\/wp-json\/wp\/v2\/pages\/179","targetHints":{"allow":["GET"]}}],"collection":[{"href":"https:\/\/rotary.fi\/lieto\/wp-json\/wp\/v2\/pages"}],"about":[{"href":"https:\/\/rotary.fi\/lieto\/wp-json\/wp\/v2\/types\/page"}],"author":[{"embeddable":true,"href":"https:\/\/rotary.fi\/lieto\/wp-json\/wp\/v2\/users\/1"}],"replies":[{"embeddable":true,"href":"https:\/\/rotary.fi\/lieto\/wp-json\/wp\/v2\/comments?post=179"}],"version-history":[{"count":13,"href":"https:\/\/rotary.fi\/lieto\/wp-json\/wp\/v2\/pages\/179\/revisions"}],"predecessor-version":[{"id":1728,"href":"https:\/\/rotary.fi\/lieto\/wp-json\/wp\/v2\/pages\/179\/revisions\/1728"}],"up":[{"embeddable":true,"href":"https:\/\/rotary.fi\/lieto\/wp-json\/wp\/v2\/pages\/89"}],"wp:attachment":[{"href":"https:\/\/rotary.fi\/lieto\/wp-json\/wp\/v2\/media?parent=179"}],"curies":[{"name":"wp","href":"https:\/\/api.w.org\/{rel}","templated":true}]}}