{"id":160,"date":"2018-08-13T09:49:16","date_gmt":"2018-08-13T06:49:16","guid":{"rendered":"https:\/\/rotary.fi\/lieto\/?page_id=160"},"modified":"2021-03-10T17:30:15","modified_gmt":"2021-03-10T15:30:15","slug":"yhteiset-projektit","status":"publish","type":"page","link":"https:\/\/rotary.fi\/lieto\/mita-teemme\/yhteiset-projektit\/","title":{"rendered":"Yhteiset projektit"},"content":{"rendered":"<p>[et_pb_section fb_built=&#8221;1&#8243; module_class=&#8221;jumbotron-page&#8221; _builder_version=&#8221;3.27.4&#8243; background_image=&#8221;https:\/\/rotary.fi\/lieto\/wp-content\/uploads\/sites\/162\/2019\/09\/69782942_2379139908789157_5693469043407716352_n.jpg&#8221; z_index_tablet=&#8221;500&#8243; box_shadow_horizontal_tablet=&#8221;0px&#8221; box_shadow_vertical_tablet=&#8221;0px&#8221; box_shadow_blur_tablet=&#8221;40px&#8221; box_shadow_spread_tablet=&#8221;0px&#8221;][et_pb_row _builder_version=&#8221;3.25&#8243; background_size=&#8221;initial&#8221; background_position=&#8221;top_left&#8221; background_repeat=&#8221;repeat&#8221;][et_pb_column type=&#8221;4_4&#8243; _builder_version=&#8221;3.25&#8243; custom_padding=&#8221;|||&#8221; custom_padding__hover=&#8221;|||&#8221;][et_pb_text admin_label=&#8221;P\u00e4\u00e4otsikko&#8221; _builder_version=&#8221;3.27.4&#8243; text_orientation=&#8221;center&#8221; background_layout=&#8221;dark&#8221;]<\/p>\n<h1>Yhteiset projektit<\/h1>\n<p>[\/et_pb_text][\/et_pb_column][\/et_pb_row][\/et_pb_section][et_pb_section fb_built=&#8221;1&#8243; specialty=&#8221;on&#8221; module_class_2=&#8221;sivupalkki&#8221; _builder_version=&#8221;3.22&#8243;][et_pb_column type=&#8221;2_3&#8243; specialty_columns=&#8221;2&#8243; _builder_version=&#8221;3.25&#8243; custom_padding=&#8221;|||&#8221; custom_padding__hover=&#8221;|||&#8221;][et_pb_row_inner column_structure=&#8221;undefined&#8221; admin_label=&#8221;Rivi&#8221; _builder_version=&#8221;3.25&#8243;][et_pb_column_inner type=&#8221;undefined&#8221; saved_specialty_column_type=&#8221;2_3&#8243; _builder_version=&#8221;3.25&#8243; custom_padding=&#8221;|||&#8221; custom_padding__hover=&#8221;|||&#8221;][et_pb_text admin_label=&#8221;Otsikko&#8221; _builder_version=&#8221;3.27.4&#8243; text_orientation=&#8221;center&#8221;]<\/p>\n<p>[\/et_pb_text][et_pb_text _builder_version=&#8221;4.4.8&#8243; hover_enabled=&#8221;0&#8243; admin_label=&#8221;Teksti&#8221;]<\/p>\n<h3>Vanhalinnan ja Liedon klubien yhteinen projekti<\/h3>\n<p>[\/et_pb_text][et_pb_text _builder_version=&#8221;4.4.8&#8243; custom_padding=&#8221;||0px|||&#8221; z_index_tablet=&#8221;500&#8243; text_text_shadow_horizontal_length_tablet=&#8221;0px&#8221; text_text_shadow_vertical_length_tablet=&#8221;0px&#8221; text_text_shadow_blur_strength_tablet=&#8221;1px&#8221; link_text_shadow_horizontal_length_tablet=&#8221;0px&#8221; link_text_shadow_vertical_length_tablet=&#8221;0px&#8221; link_text_shadow_blur_strength_tablet=&#8221;1px&#8221; ul_text_shadow_horizontal_length_tablet=&#8221;0px&#8221; ul_text_shadow_vertical_length_tablet=&#8221;0px&#8221; ul_text_shadow_blur_strength_tablet=&#8221;1px&#8221; ol_text_shadow_horizontal_length_tablet=&#8221;0px&#8221; ol_text_shadow_vertical_length_tablet=&#8221;0px&#8221; ol_text_shadow_blur_strength_tablet=&#8221;1px&#8221; quote_text_shadow_horizontal_length_tablet=&#8221;0px&#8221; quote_text_shadow_vertical_length_tablet=&#8221;0px&#8221; quote_text_shadow_blur_strength_tablet=&#8221;1px&#8221; header_text_shadow_horizontal_length_tablet=&#8221;0px&#8221; header_text_shadow_vertical_length_tablet=&#8221;0px&#8221; header_text_shadow_blur_strength_tablet=&#8221;1px&#8221; header_2_text_shadow_horizontal_length_tablet=&#8221;0px&#8221; header_2_text_shadow_vertical_length_tablet=&#8221;0px&#8221; header_2_text_shadow_blur_strength_tablet=&#8221;1px&#8221; header_3_text_shadow_horizontal_length_tablet=&#8221;0px&#8221; header_3_text_shadow_vertical_length_tablet=&#8221;0px&#8221; header_3_text_shadow_blur_strength_tablet=&#8221;1px&#8221; header_4_text_shadow_horizontal_length_tablet=&#8221;0px&#8221; header_4_text_shadow_vertical_length_tablet=&#8221;0px&#8221; header_4_text_shadow_blur_strength_tablet=&#8221;1px&#8221; header_5_text_shadow_horizontal_length_tablet=&#8221;0px&#8221; header_5_text_shadow_vertical_length_tablet=&#8221;0px&#8221; header_5_text_shadow_blur_strength_tablet=&#8221;1px&#8221; header_6_text_shadow_horizontal_length_tablet=&#8221;0px&#8221; header_6_text_shadow_vertical_length_tablet=&#8221;0px&#8221; header_6_text_shadow_blur_strength_tablet=&#8221;1px&#8221; box_shadow_horizontal_tablet=&#8221;0px&#8221; box_shadow_vertical_tablet=&#8221;0px&#8221; box_shadow_blur_tablet=&#8221;40px&#8221; box_shadow_spread_tablet=&#8221;0px&#8221;]<\/p>\n<p>&nbsp;<\/p>\n<p><span style=\"font-size: 16px\">Toimintakautena 2017 \u2013 2018 Liedon ja Vanhalinnan klubien yhteinen projekti \u00a0sai piirin 500 \u20ac stipendin. Projektilla autettiin\u00a0nuoria, jotta he eiv\u00e4t syrj\u00e4ytyisi.<\/span><\/p>\n<div class=\"et_pb_module et_pb_text et_pb_text_2 et_pb_bg_layout_light et_pb_text_align_left\">\n<div class=\"et_pb_text_inner\">\n<p>Projektisuunnitelma toteutettiin yhdess\u00e4 Lieto Vanhalinnan klubin kanssa. Hannele Lehtonen ja Liedon klubin silloinen presidentti Liisa Peltola k\u00e4viv\u00e4t tapaamassa Liedon kunnan erityisnuorisoty\u00f6ntekij\u00e4\u00e4 Riikka Heleniusta, joka ehdotti kohteeksi kunnan nuorten mielenterveys- ja p\u00e4ihdety\u00f6n kuntoutusryhm\u00e4\u00e4. Ryhm\u00e4l\u00e4iset tarvitsisivat mielek\u00e4st\u00e4 toimintaa ja tietoa oman tulevaisuuden suunnitteluun esim. ty\u00f6urakertomuksia. Toimintana voisi olla esim. vierailu personaltrainerin tms. kanssa kuntosalille, kokkikurssia ja carting- ajoa. N\u00e4m\u00e4 esimerkit olivat nuorten itsens\u00e4 ehdottamia.<\/p>\n<p><img loading=\"lazy\" decoding=\"async\" class=\"wp-image-1660 aligncenter\" src=\"https:\/\/rotary.fi\/lieto\/wp-content\/uploads\/sites\/162\/2019\/09\/69822938_2381083688594779_5383787912657633280_n-300x199.jpg\" alt=\"\" width=\"434\" height=\"288\" \/><\/p>\n<p>&nbsp;<\/p>\n<p>Hanke k\u00e4ynnistyi 2.10.2017, kun \u00a0nuorten mielenterveys- ja p\u00e4ihdety\u00f6n kuntoutusryhm\u00e4 <strong>Tarja Ketolan ja Liisa Peltolan<\/strong> opastuksella valmistivat ruokaa.<\/p>\n<p><img loading=\"lazy\" decoding=\"async\" class=\"wp-image-1733 alignleft\" src=\"https:\/\/rotary.fi\/vanhalinna\/wp-content\/uploads\/sites\/98\/2019\/04\/22154700_353506101765672_1585595239526318153_n-168x300.jpg\" alt=\"\" width=\"216\" height=\"385\" \/><\/p>\n<p>&nbsp;<\/p>\n<p>&nbsp;<\/p>\n<p>&nbsp;<\/p>\n<p>Ryhm\u00e4 oli valinnut ateriakseen<\/p>\n<p>v\u00e4rikk\u00e4\u00e4n juureskeiton,<\/p>\n<p>intialaisen tulisen broilerpadan riisin ja salaatin kera sek\u00e4 j\u00e4lkiruuaksi pannacotan.<\/p>\n<\/div>\n<\/div>\n<p>&nbsp;<\/p>\n<p>[\/et_pb_text][\/et_pb_column_inner][\/et_pb_row_inner][\/et_pb_column][et_pb_column type=&#8221;1_3&#8243; _builder_version=&#8221;3.25&#8243; custom_padding=&#8221;|||&#8221; custom_padding__hover=&#8221;|||&#8221;][et_pb_sidebar area=&#8221;sidebar-1&#8243; module_class=&#8221;sivupalkki_sisalto&#8221; _builder_version=&#8221;3.4.1&#8243; locked=&#8221;on&#8221;]<\/p>\n<p>[\/et_pb_sidebar][\/et_pb_column][\/et_pb_section]<\/p>\n","protected":false},"excerpt":{"rendered":"<p>Yhteiset projektit Vanhalinnan ja Liedon klubien yhteinen projekti &nbsp; Toimintakautena 2017 \u2013 2018 Liedon ja Vanhalinnan klubien yhteinen projekti \u00a0sai piirin 500 \u20ac stipendin. Projektilla autettiin\u00a0nuoria, jotta he eiv\u00e4t syrj\u00e4ytyisi. Projektisuunnitelma toteutettiin yhdess\u00e4 Lieto Vanhalinnan klubin kanssa. Hannele Lehtonen ja Liedon klubin silloinen presidentti Liisa Peltola k\u00e4viv\u00e4t tapaamassa Liedon kunnan erityisnuorisoty\u00f6ntekij\u00e4\u00e4 Riikka Heleniusta, joka ehdotti [&hellip;]<\/p>\n","protected":false},"author":1,"featured_media":0,"parent":77,"menu_order":0,"comment_status":"closed","ping_status":"closed","template":"","meta":{"_acf_changed":false,"_et_pb_use_builder":"on","_et_pb_old_content":"","_et_gb_content_width":"","footnotes":""},"class_list":["post-160","page","type-page","status-publish","hentry"],"acf":[],"yoast_head":"<!-- This site is optimized with the Yoast SEO plugin v27.4 - https:\/\/yoast.com\/product\/yoast-seo-wordpress\/ -->\n<title>Yhteiset projektit - Liedon Rotaryklubi<\/title>\n<meta name=\"robots\" content=\"index, follow, max-snippet:-1, max-image-preview:large, max-video-preview:-1\" \/>\n<link rel=\"canonical\" href=\"https:\/\/rotary.fi\/lieto\/mita-teemme\/yhteiset-projektit\/\" \/>\n<meta property=\"og:locale\" content=\"fi_FI\" \/>\n<meta property=\"og:type\" content=\"article\" \/>\n<meta property=\"og:title\" content=\"Yhteiset projektit - Liedon Rotaryklubi\" \/>\n<meta property=\"og:description\" content=\"Yhteiset projektit Vanhalinnan ja Liedon klubien yhteinen projekti &nbsp; Toimintakautena 2017 \u2013 2018 Liedon ja Vanhalinnan klubien yhteinen projekti \u00a0sai piirin 500 \u20ac stipendin. Projektilla autettiin\u00a0nuoria, jotta he eiv\u00e4t syrj\u00e4ytyisi. Projektisuunnitelma toteutettiin yhdess\u00e4 Lieto Vanhalinnan klubin kanssa. Hannele Lehtonen ja Liedon klubin silloinen presidentti Liisa Peltola k\u00e4viv\u00e4t tapaamassa Liedon kunnan erityisnuorisoty\u00f6ntekij\u00e4\u00e4 Riikka Heleniusta, joka ehdotti [&hellip;]\" \/>\n<meta property=\"og:url\" content=\"https:\/\/rotary.fi\/lieto\/mita-teemme\/yhteiset-projektit\/\" \/>\n<meta property=\"og:site_name\" content=\"Liedon Rotaryklubi\" \/>\n<meta property=\"article:modified_time\" content=\"2021-03-10T15:30:15+00:00\" \/>\n<meta property=\"og:image\" content=\"https:\/\/rotary.fi\/lieto\/wp-content\/uploads\/sites\/162\/2019\/09\/69822938_2381083688594779_5383787912657633280_n-300x199.jpg\" \/>\n<meta name=\"twitter:card\" content=\"summary_large_image\" \/>\n<meta name=\"twitter:label1\" content=\"Arvioitu lukuaika\" \/>\n\t<meta name=\"twitter:data1\" content=\"3 minuuttia\" \/>\n<script type=\"application\/ld+json\" class=\"yoast-schema-graph\">{\"@context\":\"https:\\\/\\\/schema.org\",\"@graph\":[{\"@type\":\"WebPage\",\"@id\":\"https:\\\/\\\/rotary.fi\\\/lieto\\\/mita-teemme\\\/yhteiset-projektit\\\/\",\"url\":\"https:\\\/\\\/rotary.fi\\\/lieto\\\/mita-teemme\\\/yhteiset-projektit\\\/\",\"name\":\"Yhteiset projektit - Liedon Rotaryklubi\",\"isPartOf\":{\"@id\":\"https:\\\/\\\/rotary.fi\\\/lieto\\\/#website\"},\"primaryImageOfPage\":{\"@id\":\"https:\\\/\\\/rotary.fi\\\/lieto\\\/mita-teemme\\\/yhteiset-projektit\\\/#primaryimage\"},\"image\":{\"@id\":\"https:\\\/\\\/rotary.fi\\\/lieto\\\/mita-teemme\\\/yhteiset-projektit\\\/#primaryimage\"},\"thumbnailUrl\":\"https:\\\/\\\/rotary.fi\\\/lieto\\\/wp-content\\\/uploads\\\/sites\\\/162\\\/2019\\\/09\\\/69822938_2381083688594779_5383787912657633280_n-300x199.jpg\",\"datePublished\":\"2018-08-13T06:49:16+00:00\",\"dateModified\":\"2021-03-10T15:30:15+00:00\",\"breadcrumb\":{\"@id\":\"https:\\\/\\\/rotary.fi\\\/lieto\\\/mita-teemme\\\/yhteiset-projektit\\\/#breadcrumb\"},\"inLanguage\":\"fi\",\"potentialAction\":[{\"@type\":\"ReadAction\",\"target\":[\"https:\\\/\\\/rotary.fi\\\/lieto\\\/mita-teemme\\\/yhteiset-projektit\\\/\"]}]},{\"@type\":\"ImageObject\",\"inLanguage\":\"fi\",\"@id\":\"https:\\\/\\\/rotary.fi\\\/lieto\\\/mita-teemme\\\/yhteiset-projektit\\\/#primaryimage\",\"url\":\"https:\\\/\\\/rotary.fi\\\/lieto\\\/wp-content\\\/uploads\\\/sites\\\/162\\\/2019\\\/09\\\/69822938_2381083688594779_5383787912657633280_n.jpg\",\"contentUrl\":\"https:\\\/\\\/rotary.fi\\\/lieto\\\/wp-content\\\/uploads\\\/sites\\\/162\\\/2019\\\/09\\\/69822938_2381083688594779_5383787912657633280_n.jpg\",\"width\":960,\"height\":638},{\"@type\":\"BreadcrumbList\",\"@id\":\"https:\\\/\\\/rotary.fi\\\/lieto\\\/mita-teemme\\\/yhteiset-projektit\\\/#breadcrumb\",\"itemListElement\":[{\"@type\":\"ListItem\",\"position\":1,\"name\":\"Home\",\"item\":\"https:\\\/\\\/rotary.fi\\\/lieto\\\/\"},{\"@type\":\"ListItem\",\"position\":2,\"name\":\"Mit\u00e4 teemme\",\"item\":\"https:\\\/\\\/rotary.fi\\\/lieto\\\/mita-teemme\\\/\"},{\"@type\":\"ListItem\",\"position\":3,\"name\":\"Yhteiset projektit\"}]},{\"@type\":\"WebSite\",\"@id\":\"https:\\\/\\\/rotary.fi\\\/lieto\\\/#website\",\"url\":\"https:\\\/\\\/rotary.fi\\\/lieto\\\/\",\"name\":\"Liedon Rotaryklubi\",\"description\":\"Uusi Rotary klubisivusto\",\"potentialAction\":[{\"@type\":\"SearchAction\",\"target\":{\"@type\":\"EntryPoint\",\"urlTemplate\":\"https:\\\/\\\/rotary.fi\\\/lieto\\\/?s={search_term_string}\"},\"query-input\":{\"@type\":\"PropertyValueSpecification\",\"valueRequired\":true,\"valueName\":\"search_term_string\"}}],\"inLanguage\":\"fi\"}]}<\/script>\n<!-- \/ Yoast SEO plugin. -->","yoast_head_json":{"title":"Yhteiset projektit - Liedon Rotaryklubi","robots":{"index":"index","follow":"follow","max-snippet":"max-snippet:-1","max-image-preview":"max-image-preview:large","max-video-preview":"max-video-preview:-1"},"canonical":"https:\/\/rotary.fi\/lieto\/mita-teemme\/yhteiset-projektit\/","og_locale":"fi_FI","og_type":"article","og_title":"Yhteiset projektit - Liedon Rotaryklubi","og_description":"Yhteiset projektit Vanhalinnan ja Liedon klubien yhteinen projekti &nbsp; Toimintakautena 2017 \u2013 2018 Liedon ja Vanhalinnan klubien yhteinen projekti \u00a0sai piirin 500 \u20ac stipendin. Projektilla autettiin\u00a0nuoria, jotta he eiv\u00e4t syrj\u00e4ytyisi. Projektisuunnitelma toteutettiin yhdess\u00e4 Lieto Vanhalinnan klubin kanssa. Hannele Lehtonen ja Liedon klubin silloinen presidentti Liisa Peltola k\u00e4viv\u00e4t tapaamassa Liedon kunnan erityisnuorisoty\u00f6ntekij\u00e4\u00e4 Riikka Heleniusta, joka ehdotti [&hellip;]","og_url":"https:\/\/rotary.fi\/lieto\/mita-teemme\/yhteiset-projektit\/","og_site_name":"Liedon Rotaryklubi","article_modified_time":"2021-03-10T15:30:15+00:00","og_image":[{"url":"https:\/\/rotary.fi\/lieto\/wp-content\/uploads\/sites\/162\/2019\/09\/69822938_2381083688594779_5383787912657633280_n-300x199.jpg","type":"","width":"","height":""}],"twitter_card":"summary_large_image","twitter_misc":{"Arvioitu lukuaika":"3 minuuttia"},"schema":{"@context":"https:\/\/schema.org","@graph":[{"@type":"WebPage","@id":"https:\/\/rotary.fi\/lieto\/mita-teemme\/yhteiset-projektit\/","url":"https:\/\/rotary.fi\/lieto\/mita-teemme\/yhteiset-projektit\/","name":"Yhteiset projektit - Liedon Rotaryklubi","isPartOf":{"@id":"https:\/\/rotary.fi\/lieto\/#website"},"primaryImageOfPage":{"@id":"https:\/\/rotary.fi\/lieto\/mita-teemme\/yhteiset-projektit\/#primaryimage"},"image":{"@id":"https:\/\/rotary.fi\/lieto\/mita-teemme\/yhteiset-projektit\/#primaryimage"},"thumbnailUrl":"https:\/\/rotary.fi\/lieto\/wp-content\/uploads\/sites\/162\/2019\/09\/69822938_2381083688594779_5383787912657633280_n-300x199.jpg","datePublished":"2018-08-13T06:49:16+00:00","dateModified":"2021-03-10T15:30:15+00:00","breadcrumb":{"@id":"https:\/\/rotary.fi\/lieto\/mita-teemme\/yhteiset-projektit\/#breadcrumb"},"inLanguage":"fi","potentialAction":[{"@type":"ReadAction","target":["https:\/\/rotary.fi\/lieto\/mita-teemme\/yhteiset-projektit\/"]}]},{"@type":"ImageObject","inLanguage":"fi","@id":"https:\/\/rotary.fi\/lieto\/mita-teemme\/yhteiset-projektit\/#primaryimage","url":"https:\/\/rotary.fi\/lieto\/wp-content\/uploads\/sites\/162\/2019\/09\/69822938_2381083688594779_5383787912657633280_n.jpg","contentUrl":"https:\/\/rotary.fi\/lieto\/wp-content\/uploads\/sites\/162\/2019\/09\/69822938_2381083688594779_5383787912657633280_n.jpg","width":960,"height":638},{"@type":"BreadcrumbList","@id":"https:\/\/rotary.fi\/lieto\/mita-teemme\/yhteiset-projektit\/#breadcrumb","itemListElement":[{"@type":"ListItem","position":1,"name":"Home","item":"https:\/\/rotary.fi\/lieto\/"},{"@type":"ListItem","position":2,"name":"Mit\u00e4 teemme","item":"https:\/\/rotary.fi\/lieto\/mita-teemme\/"},{"@type":"ListItem","position":3,"name":"Yhteiset projektit"}]},{"@type":"WebSite","@id":"https:\/\/rotary.fi\/lieto\/#website","url":"https:\/\/rotary.fi\/lieto\/","name":"Liedon Rotaryklubi","description":"Uusi Rotary klubisivusto","potentialAction":[{"@type":"SearchAction","target":{"@type":"EntryPoint","urlTemplate":"https:\/\/rotary.fi\/lieto\/?s={search_term_string}"},"query-input":{"@type":"PropertyValueSpecification","valueRequired":true,"valueName":"search_term_string"}}],"inLanguage":"fi"}]}},"lang":"fi","translations":{"fi":160},"pll_sync_post":[],"_links":{"self":[{"href":"https:\/\/rotary.fi\/lieto\/wp-json\/wp\/v2\/pages\/160","targetHints":{"allow":["GET"]}}],"collection":[{"href":"https:\/\/rotary.fi\/lieto\/wp-json\/wp\/v2\/pages"}],"about":[{"href":"https:\/\/rotary.fi\/lieto\/wp-json\/wp\/v2\/types\/page"}],"author":[{"embeddable":true,"href":"https:\/\/rotary.fi\/lieto\/wp-json\/wp\/v2\/users\/1"}],"replies":[{"embeddable":true,"href":"https:\/\/rotary.fi\/lieto\/wp-json\/wp\/v2\/comments?post=160"}],"version-history":[{"count":15,"href":"https:\/\/rotary.fi\/lieto\/wp-json\/wp\/v2\/pages\/160\/revisions"}],"predecessor-version":[{"id":2005,"href":"https:\/\/rotary.fi\/lieto\/wp-json\/wp\/v2\/pages\/160\/revisions\/2005"}],"up":[{"embeddable":true,"href":"https:\/\/rotary.fi\/lieto\/wp-json\/wp\/v2\/pages\/77"}],"wp:attachment":[{"href":"https:\/\/rotary.fi\/lieto\/wp-json\/wp\/v2\/media?parent=160"}],"curies":[{"name":"wp","href":"https:\/\/api.w.org\/{rel}","templated":true}]}}