{"id":156,"date":"2018-08-13T09:46:59","date_gmt":"2018-08-13T06:46:59","guid":{"rendered":"https:\/\/rotary.fi\/lieto\/?page_id=156"},"modified":"2025-11-16T17:59:17","modified_gmt":"2025-11-16T15:59:17","slug":"projektit","status":"publish","type":"page","link":"https:\/\/rotary.fi\/lieto\/mita-teemme\/projektit\/","title":{"rendered":"Projektit"},"content":{"rendered":"<p>[et_pb_section fb_built=&#8221;1&#8243; module_class=&#8221;jumbotron-page&#8221; _builder_version=&#8221;4.16&#8243; background_image=&#8221;https:\/\/rotary.fi\/lieto\/wp-content\/uploads\/sites\/162\/2019\/09\/70169563_2942986269050119_152074093187825664_n-e1633538561866.jpg&#8221; global_colors_info=&#8221;{}&#8221;][\/et_pb_section][et_pb_section fb_built=&#8221;1&#8243; specialty=&#8221;on&#8221; module_class_2=&#8221;sivupalkki&#8221; _builder_version=&#8221;4.16&#8243; global_colors_info=&#8221;{}&#8221;][et_pb_column type=&#8221;2_3&#8243; specialty_columns=&#8221;2&#8243; _builder_version=&#8221;4.16&#8243; custom_padding=&#8221;|||&#8221; global_colors_info=&#8221;{}&#8221; parallax__hover=&#8221;off&#8221; parallax_method__hover=&#8221;on&#8221; custom_padding__hover=&#8221;|||&#8221;][et_pb_row_inner admin_label=&#8221;Rivi&#8221; _builder_version=&#8221;4.16&#8243; global_colors_info=&#8221;{}&#8221;][et_pb_column_inner saved_specialty_column_type=&#8221;2_3&#8243; _builder_version=&#8221;4.16&#8243; custom_padding=&#8221;|||&#8221; global_colors_info=&#8221;{}&#8221; parallax__hover=&#8221;off&#8221; parallax_method__hover=&#8221;on&#8221; custom_padding__hover=&#8221;|||&#8221;][et_pb_text admin_label=&#8221;Projektit &#8211; Otsikko&#8221; _builder_version=&#8221;4.16&#8243; text_orientation=&#8221;center&#8221; global_colors_info=&#8221;{}&#8221;]<\/p>\n<h1>Projektit<\/h1>\n<p>[\/et_pb_text][et_pb_text _builder_version=&#8221;4.22.1&#8243; _module_preset=&#8221;default&#8221; global_colors_info=&#8221;{}&#8221;]<span style=\"font-size: 16px\">Rotary on palveluj\u00e4rjest\u00f6. Toimimme tunnuslauseemme Palvelu itsekkyyden edelle (Service above self) mukaisesti paikallisesti ja maailmanlaajuisesti. Kansainv\u00e4linen humanit\u00e4\u00e4rinen palvelumme toteutuu Rotarys\u00e4\u00e4ti\u00f6mme koordinoimana ja hyv\u00e4ksyttyjen kumppaneiden kanssa.<\/span><br \/>\n[\/et_pb_text][et_pb_text _builder_version=&#8221;4.27.4&#8243; _module_preset=&#8221;default&#8221; hover_enabled=&#8221;0&#8243; global_colors_info=&#8221;{}&#8221; sticky_enabled=&#8221;0&#8243;]<\/p>\n<p><strong>Turvallisuuspoliittinen seminaari Liedossa 16.3. 2024.<\/strong><\/p>\n<p>Liedon Rotaryklubi j\u00e4rjest\u00e4\u00e4 yhdess\u00e4 Lieto opiston ja ja Aurajokilaakson kansalaisopiston kanssa ajankohtaisen seminaarin Liedon kaupungin valtuustosalissa 16.3. klo 10 &#8211; 15. Samme kuulla nelj\u00e4 erinomaista alustusta Suomen t\u00e4m\u00e4n hetken turvallisuustilanteesta. Tapahtumaa tukee Liedon POPpankkis\u00e4\u00e4ti\u00f6.<\/p>\n<p><span><span class=\"Apple-converted-space\">\u00a0<\/span><\/span><b>10.00Tervehdyssanat:<span class=\"Apple-converted-space\">\u00a0 <\/span>Juha Aalto<\/b>, Liedon Rotaryklubin presidentti, kirurgi<span class=\"Apple-converted-space\">\u00a0<\/span><\/p>\n<p><span><b>10.05<i>Ukrainan sota ja Ven\u00e4j\u00e4n asevoimat:<\/i>Joni Lindeman<\/b><\/span>,everstiluutnantti, V-S Reservipiirien toiminnanjohtaja<\/p>\n<p><b>11.00<i>Suomalainen kokonaisturvallisuus ja Ukrainan havainnot:<\/i>Christian Perheentupa<\/b>,Turvallisuuskomitean sihteerist\u00f6n yleissihteeri<span class=\"Apple-converted-space\">\u00a0<\/span><\/p>\n<p><b>12.00Lounastauko<\/b><\/p>\n<p><b>13.00<i>Hybridivaikuttaminen: <\/i>Pauli Aalto-Set\u00e4l\u00e4<\/b>, kansanedustaja, toimittaja<\/p>\n<p><b>14.00<i>Kiina:<\/i>Lauri Paltemaa<\/b>, professori, Turun yliopisto \/ It\u00e4-Aasian tutkimus-ja koulutuskeskus (CEAS)<\/p>\n<p><b>14.55Tilaisuuden p\u00e4\u00e4tt\u00e4minen<\/b>,<b>Juha Aalto<\/b>.<\/p>\n<p>[\/et_pb_text][et_pb_text _builder_version=&#8221;4.27.4&#8243; custom_padding=&#8221;||3px|||&#8221; hover_enabled=&#8221;0&#8243; global_colors_info=&#8221;{}&#8221; sticky_enabled=&#8221;0&#8243;]<\/p>\n<p>&nbsp;<\/p>\n<h3><strong>Paikalliset Projektit<\/strong><\/h3>\n<p><span style=\"font-size: large\"><strong>Vuoden ymp\u00e4rist\u00f6teko Liedossa<\/strong><\/span><\/p>\n<p>Kilpailun ajatuksena \u00a0on nostaa esille sellaisia ihmisi\u00e4 ja yrityksi\u00e4, jotka ovat tehneet hyvi\u00e4 ymp\u00e4rist\u00f6tekoja. Palkittaviksi voidaan nostaa pienimuotoisia, idearikkaita tekoja, joista muut voisivat saada toimintamalleja sek\u00e4 yrityksien hyvi\u00e4 ymp\u00e4rist\u00f6tekoja, joista ei v\u00e4ltt\u00e4m\u00e4tt\u00e4 tiedet\u00e4 mit\u00e4\u00e4n.<\/p>\n<p>Yleis\u00f6 \u00a0voi ehdottaa raadille palkittavia henkil\u00f6it\u00e4 ja yrityksi\u00e4 lokakuun loppuun menness\u00e4 osoitteeseen <a href=\"mailto:ymparistopalkinto.lieto@gmail.com\">ymparistopalkinto.lieto@gmail.com<\/a>.<\/p>\n<p>Palkinnot jaetaan tammikuussa.<\/p>\n<p>Liedon Rotaryklubi toimii yhteisty\u00f6ss\u00e4 Liedon Yritt\u00e4jien ry:n kanssa.<\/p>\n<p><strong>Kev\u00e4t 2025<\/strong> \u00a0ja palkinnon sai toimitusjohtaja Juha Tilkanen. Kunniakirja alla<\/p>\n<p><img loading=\"lazy\" decoding=\"async\" src=\"https:\/\/rotary.fi\/lieto\/wp-content\/uploads\/sites\/162\/2025\/11\/img-2896-225x300.jpeg\" width=\"225\" height=\"300\" alt=\"\" class=\"wp-image-3057 alignnone size-medium\" \/><\/p>\n<p><strong>Kev\u00e4\u00e4ll\u00e4 2024<\/strong> palkinnon sai Jari H\u00e4nninen, Saaristomeren tutkimuslaitoksen johtaja.<\/p>\n<p>Jari H\u00e4nninen piti luennon Liedon lukion ja keskuskoulun 9. luokkalaisille luennon It\u00e4meren tilanteesta.<\/p>\n<p><img loading=\"lazy\" decoding=\"async\" src=\"https:\/\/rotary.fi\/lieto\/wp-content\/uploads\/sites\/162\/2025\/11\/306cf29a-9565-4472-80b4-bd1b6a4825f7-240x300.jpeg\" width=\"240\" height=\"300\" alt=\"\" class=\"wp-image-3056 alignnone size-medium\" \/><\/p>\n<p><strong>Kev\u00e4\u00e4ll\u00e4 2023<\/strong> palkittiin kotiseutuyhdistys Tarvaiset pitk\u00e4\u00e4n jatkuneesta talkooty\u00f6st\u00e4\u00e4n Kertun tuvan, sen ymp\u00e4rist\u00f6n sek\u00e4 Tarvasjoen pururadan yll\u00e4pidosta ja kehitt\u00e4misest\u00e4.<\/p>\n<p><strong>Kev\u00e4\u00e4ll\u00e4 2022<\/strong> palkittiin Liedon Parman Huru-Ukot pitk\u00e4j\u00e4nteisest\u00e4 ty\u00f6st\u00e4 Liedon Parmaharjun kiinteist\u00f6jen ja alueen kehitt\u00e4misest\u00e4 ja yll\u00e4pidosta.<\/p>\n<p><img loading=\"lazy\" decoding=\"async\" class=\"wp-image-2336 alignnone size-medium\" src=\"https:\/\/rotary.fi\/lieto\/wp-content\/uploads\/sites\/162\/2022\/08\/330c36eb-f178-4ad0-b32b-4a0d5115373a-225x300.jpeg\" alt=\"\" width=\"225\" height=\"300\" \/>\u00a0\u00a0<img loading=\"lazy\" decoding=\"async\" class=\"wp-image-2339 alignnone size-medium\" src=\"https:\/\/rotary.fi\/lieto\/wp-content\/uploads\/sites\/162\/2022\/08\/39795b35-e33a-4160-83cb-735cf35197d8-225x300.jpeg\" alt=\"\" width=\"225\" height=\"300\" \/><\/p>\n<p>Palkinto-omenapuun istutus Parmaharjulle<\/p>\n<div id=\"attachment_2381\" style=\"width: 222px\" class=\"wp-caption alignnone\"><img loading=\"lazy\" decoding=\"async\" aria-describedby=\"caption-attachment-2381\" class=\"wp-image-2381 size-medium\" src=\"https:\/\/rotary.fi\/lieto\/wp-content\/uploads\/sites\/162\/2022\/10\/00072359-1138-461d-aa03-6092250b2919-1-201-a-212x300.jpeg\" alt=\"\" width=\"212\" height=\"300\" \/><p id=\"caption-attachment-2381\" class=\"wp-caption-text\">Kunniakirja 2022<\/p><\/div>\n<p>Yrityssarjassa palkinto my\u00f6nnettiin Premium Pet Food.<\/p>\n<p><span style=\"font-size: large\"><strong>Historiikki<\/strong><\/span><\/p>\n<p>Klubimme iso hanke oli 40-vuotisjuhlavuosi.<\/p>\n<p>Ensimm\u00e4isest\u00e4 20 vuodesta oli laadittu yhteenveto, joka nyt yhdistettiin uuteen hankkeeseen. Ilkka Virta ansiokkaasti hieman muokkasi jo kirjoitettua historiikki\u00e4 sek\u00e4 kirjoitti ansiokkaasti uuden osion kahdelta viimeiselt\u00e4 vuosikymmenelt\u00e4. Ilkka panosti ty\u00f6h\u00f6n osaamistaan, taitoaan ja ennen kaikkea yli sata tuntia ty\u00f6t\u00e4 paneutumalla asiaan sek\u00e4 kirjoittamalla sen muiden luettavaksi.<\/p>\n<p><b>\u201dLiedon Rotaryklubi 1982 &#8211; 2022, yhteis\u00f6llisyytt\u00e4 ja yhteistoimintaa\u201d<\/b> julkaistiin klubin 40-vuotisjuhlassa <b>8.6.2022.<\/b><\/p>\n<p><img loading=\"lazy\" decoding=\"async\" class=\"wp-image-2408 alignnone size-medium\" src=\"https:\/\/rotary.fi\/lieto\/wp-content\/uploads\/sites\/162\/2022\/10\/339a4d64-645f-47ca-a453-55f3cf072f87-1-201-a-300x256.jpeg\" alt=\"\" width=\"300\" height=\"256\" \/><b><\/b><\/p>\n<p>&nbsp;<\/p>\n<p><strong>Vesireppu<\/strong><\/p>\n<p>Vesireppu sis\u00e4lt\u00e4\u00e4 v\u00e4lineet ja ohjeet, joiden avulla l\u00e4hivesist\u00f6n tutkiminen on helppoa ja hauskaa.Klubi lahjoitti vesireput lis\u00e4tarvikepaketteineen Ilmaristen ja Tarvasjoen yhten\u00e4iskouluille kev\u00e4\u00e4ll\u00e4 2021.<\/p>\n<p>Turun Tienoo julkaisi jutun, jonka voi lukea linkist\u00e4 <a href=\"https:\/\/www.lehtiluukku.fi\/lue\/turun_tienoo\/25.3.2021\/275049.\">https:\/\/www.lehtiluukku.fi\/lue\/turun_tienoo\/25.3.2021\/275049.<\/a><\/p>\n<p><img loading=\"lazy\" decoding=\"async\" class=\"wp-image-2207 alignnone size-medium\" src=\"https:\/\/rotary.fi\/lieto\/wp-content\/uploads\/sites\/162\/2021\/11\/4eff8612-5467-4968-8efb-8388daa06720-300x225.jpeg\" alt=\"\" width=\"300\" height=\"225\" \/><\/p>\n<p>&nbsp;<\/p>\n<p>Auranmaan Viikkolehti julkaisi asiasta jutun 20.4.2021.<\/p>\n<p><img loading=\"lazy\" decoding=\"async\" class=\"wp-image-2192 alignnone size-medium\" src=\"https:\/\/rotary.fi\/lieto\/wp-content\/uploads\/sites\/162\/2021\/11\/tempimagejzj9ik-e1636128602136-300x225.jpg\" alt=\"\" width=\"300\" height=\"225\" \/><\/p>\n<p>[\/et_pb_text][\/et_pb_column_inner][\/et_pb_row_inner][\/et_pb_column][et_pb_column type=&#8221;1_3&#8243; module_class=&#8221;sivupalkki&#8221; _builder_version=&#8221;4.16&#8243; custom_padding=&#8221;|||&#8221; global_colors_info=&#8221;{}&#8221; parallax__hover=&#8221;off&#8221; parallax_method__hover=&#8221;on&#8221; module_class__hover=&#8221;sivupalkki&#8221; custom_padding__hover=&#8221;|||&#8221;][et_pb_sidebar area=&#8221;sidebar-1&#8243; module_class=&#8221;sivupalkki_sisalto&#8221; _builder_version=&#8221;4.16&#8243; locked=&#8221;on&#8221; global_colors_info=&#8221;{}&#8221;][\/et_pb_sidebar][\/et_pb_column][\/et_pb_section][et_pb_section fb_built=&#8221;1&#8243; _builder_version=&#8221;4.22.1&#8243; _module_preset=&#8221;default&#8221; global_colors_info=&#8221;{}&#8221;][\/et_pb_section][et_pb_section fb_built=&#8221;1&#8243; _builder_version=&#8221;4.22.1&#8243; _module_preset=&#8221;default&#8221; global_colors_info=&#8221;{}&#8221;][\/et_pb_section][et_pb_section fb_built=&#8221;1&#8243; _builder_version=&#8221;4.22.1&#8243; _module_preset=&#8221;default&#8221; global_colors_info=&#8221;{}&#8221;][\/et_pb_section]<\/p>\n","protected":false},"excerpt":{"rendered":"<p>Projektit Rotary on palveluj\u00e4rjest\u00f6. Toimimme tunnuslauseemme Palvelu itsekkyyden edelle (Service above self) mukaisesti paikallisesti ja maailmanlaajuisesti. Kansainv\u00e4linen humanit\u00e4\u00e4rinen palvelumme toteutuu Rotarys\u00e4\u00e4ti\u00f6mme koordinoimana ja hyv\u00e4ksyttyjen kumppaneiden kanssa. Turvallisuuspoliittinen seminaari Liedossa 16.3. 2024. Liedon Rotaryklubi j\u00e4rjest\u00e4\u00e4 yhdess\u00e4 Lieto opiston ja ja Aurajokilaakson kansalaisopiston kanssa ajankohtaisen seminaarin Liedon kaupungin valtuustosalissa 16.3. klo 10 &#8211; 15. Samme kuulla nelj\u00e4 [&hellip;]<\/p>\n","protected":false},"author":1,"featured_media":1675,"parent":77,"menu_order":0,"comment_status":"closed","ping_status":"closed","template":"","meta":{"_acf_changed":false,"_et_pb_use_builder":"on","_et_pb_old_content":"","_et_gb_content_width":"","footnotes":""},"class_list":["post-156","page","type-page","status-publish","has-post-thumbnail","hentry"],"acf":[],"yoast_head":"<!-- This site is optimized with the Yoast SEO plugin v27.4 - https:\/\/yoast.com\/product\/yoast-seo-wordpress\/ -->\n<title>Projektit - Liedon Rotaryklubi<\/title>\n<meta name=\"robots\" content=\"index, follow, max-snippet:-1, max-image-preview:large, max-video-preview:-1\" \/>\n<link rel=\"canonical\" href=\"https:\/\/rotary.fi\/lieto\/mita-teemme\/projektit\/\" \/>\n<meta property=\"og:locale\" content=\"fi_FI\" \/>\n<meta property=\"og:type\" content=\"article\" \/>\n<meta property=\"og:title\" content=\"Projektit - Liedon Rotaryklubi\" \/>\n<meta property=\"og:description\" content=\"Projektit Rotary on palveluj\u00e4rjest\u00f6. Toimimme tunnuslauseemme Palvelu itsekkyyden edelle (Service above self) mukaisesti paikallisesti ja maailmanlaajuisesti. Kansainv\u00e4linen humanit\u00e4\u00e4rinen palvelumme toteutuu Rotarys\u00e4\u00e4ti\u00f6mme koordinoimana ja hyv\u00e4ksyttyjen kumppaneiden kanssa. Turvallisuuspoliittinen seminaari Liedossa 16.3. 2024. Liedon Rotaryklubi j\u00e4rjest\u00e4\u00e4 yhdess\u00e4 Lieto opiston ja ja Aurajokilaakson kansalaisopiston kanssa ajankohtaisen seminaarin Liedon kaupungin valtuustosalissa 16.3. klo 10 - 15. Samme kuulla nelj\u00e4 [&hellip;]\" \/>\n<meta property=\"og:url\" content=\"https:\/\/rotary.fi\/lieto\/mita-teemme\/projektit\/\" \/>\n<meta property=\"og:site_name\" content=\"Liedon Rotaryklubi\" \/>\n<meta property=\"article:modified_time\" content=\"2025-11-16T15:59:17+00:00\" \/>\n<meta property=\"og:image\" content=\"https:\/\/rotary.fi\/lieto\/wp-content\/uploads\/sites\/162\/2019\/09\/70169563_2942986269050119_152074093187825664_n-e1633538561866.jpg\" \/>\n\t<meta property=\"og:image:width\" content=\"662\" \/>\n\t<meta property=\"og:image:height\" content=\"518\" \/>\n\t<meta property=\"og:image:type\" content=\"image\/jpeg\" \/>\n<meta name=\"twitter:card\" content=\"summary_large_image\" \/>\n<meta name=\"twitter:label1\" content=\"Arvioitu lukuaika\" \/>\n\t<meta name=\"twitter:data1\" content=\"4 minuuttia\" \/>\n<script type=\"application\/ld+json\" class=\"yoast-schema-graph\">{\"@context\":\"https:\\\/\\\/schema.org\",\"@graph\":[{\"@type\":\"WebPage\",\"@id\":\"https:\\\/\\\/rotary.fi\\\/lieto\\\/mita-teemme\\\/projektit\\\/\",\"url\":\"https:\\\/\\\/rotary.fi\\\/lieto\\\/mita-teemme\\\/projektit\\\/\",\"name\":\"Projektit - Liedon Rotaryklubi\",\"isPartOf\":{\"@id\":\"https:\\\/\\\/rotary.fi\\\/lieto\\\/#website\"},\"primaryImageOfPage\":{\"@id\":\"https:\\\/\\\/rotary.fi\\\/lieto\\\/mita-teemme\\\/projektit\\\/#primaryimage\"},\"image\":{\"@id\":\"https:\\\/\\\/rotary.fi\\\/lieto\\\/mita-teemme\\\/projektit\\\/#primaryimage\"},\"thumbnailUrl\":\"https:\\\/\\\/rotary.fi\\\/lieto\\\/wp-content\\\/uploads\\\/sites\\\/162\\\/2019\\\/09\\\/70169563_2942986269050119_152074093187825664_n-e1633538561866.jpg\",\"datePublished\":\"2018-08-13T06:46:59+00:00\",\"dateModified\":\"2025-11-16T15:59:17+00:00\",\"breadcrumb\":{\"@id\":\"https:\\\/\\\/rotary.fi\\\/lieto\\\/mita-teemme\\\/projektit\\\/#breadcrumb\"},\"inLanguage\":\"fi\",\"potentialAction\":[{\"@type\":\"ReadAction\",\"target\":[\"https:\\\/\\\/rotary.fi\\\/lieto\\\/mita-teemme\\\/projektit\\\/\"]}]},{\"@type\":\"ImageObject\",\"inLanguage\":\"fi\",\"@id\":\"https:\\\/\\\/rotary.fi\\\/lieto\\\/mita-teemme\\\/projektit\\\/#primaryimage\",\"url\":\"https:\\\/\\\/rotary.fi\\\/lieto\\\/wp-content\\\/uploads\\\/sites\\\/162\\\/2019\\\/09\\\/70169563_2942986269050119_152074093187825664_n-e1633538561866.jpg\",\"contentUrl\":\"https:\\\/\\\/rotary.fi\\\/lieto\\\/wp-content\\\/uploads\\\/sites\\\/162\\\/2019\\\/09\\\/70169563_2942986269050119_152074093187825664_n-e1633538561866.jpg\",\"width\":662,\"height\":518},{\"@type\":\"BreadcrumbList\",\"@id\":\"https:\\\/\\\/rotary.fi\\\/lieto\\\/mita-teemme\\\/projektit\\\/#breadcrumb\",\"itemListElement\":[{\"@type\":\"ListItem\",\"position\":1,\"name\":\"Home\",\"item\":\"https:\\\/\\\/rotary.fi\\\/lieto\\\/\"},{\"@type\":\"ListItem\",\"position\":2,\"name\":\"Mit\u00e4 teemme\",\"item\":\"https:\\\/\\\/rotary.fi\\\/lieto\\\/mita-teemme\\\/\"},{\"@type\":\"ListItem\",\"position\":3,\"name\":\"Projektit\"}]},{\"@type\":\"WebSite\",\"@id\":\"https:\\\/\\\/rotary.fi\\\/lieto\\\/#website\",\"url\":\"https:\\\/\\\/rotary.fi\\\/lieto\\\/\",\"name\":\"Liedon Rotaryklubi\",\"description\":\"Uusi Rotary klubisivusto\",\"potentialAction\":[{\"@type\":\"SearchAction\",\"target\":{\"@type\":\"EntryPoint\",\"urlTemplate\":\"https:\\\/\\\/rotary.fi\\\/lieto\\\/?s={search_term_string}\"},\"query-input\":{\"@type\":\"PropertyValueSpecification\",\"valueRequired\":true,\"valueName\":\"search_term_string\"}}],\"inLanguage\":\"fi\"}]}<\/script>\n<!-- \/ Yoast SEO plugin. -->","yoast_head_json":{"title":"Projektit - Liedon Rotaryklubi","robots":{"index":"index","follow":"follow","max-snippet":"max-snippet:-1","max-image-preview":"max-image-preview:large","max-video-preview":"max-video-preview:-1"},"canonical":"https:\/\/rotary.fi\/lieto\/mita-teemme\/projektit\/","og_locale":"fi_FI","og_type":"article","og_title":"Projektit - Liedon Rotaryklubi","og_description":"Projektit Rotary on palveluj\u00e4rjest\u00f6. Toimimme tunnuslauseemme Palvelu itsekkyyden edelle (Service above self) mukaisesti paikallisesti ja maailmanlaajuisesti. Kansainv\u00e4linen humanit\u00e4\u00e4rinen palvelumme toteutuu Rotarys\u00e4\u00e4ti\u00f6mme koordinoimana ja hyv\u00e4ksyttyjen kumppaneiden kanssa. Turvallisuuspoliittinen seminaari Liedossa 16.3. 2024. Liedon Rotaryklubi j\u00e4rjest\u00e4\u00e4 yhdess\u00e4 Lieto opiston ja ja Aurajokilaakson kansalaisopiston kanssa ajankohtaisen seminaarin Liedon kaupungin valtuustosalissa 16.3. klo 10 - 15. Samme kuulla nelj\u00e4 [&hellip;]","og_url":"https:\/\/rotary.fi\/lieto\/mita-teemme\/projektit\/","og_site_name":"Liedon Rotaryklubi","article_modified_time":"2025-11-16T15:59:17+00:00","og_image":[{"width":662,"height":518,"url":"https:\/\/rotary.fi\/lieto\/wp-content\/uploads\/sites\/162\/2019\/09\/70169563_2942986269050119_152074093187825664_n-e1633538561866.jpg","type":"image\/jpeg"}],"twitter_card":"summary_large_image","twitter_misc":{"Arvioitu lukuaika":"4 minuuttia"},"schema":{"@context":"https:\/\/schema.org","@graph":[{"@type":"WebPage","@id":"https:\/\/rotary.fi\/lieto\/mita-teemme\/projektit\/","url":"https:\/\/rotary.fi\/lieto\/mita-teemme\/projektit\/","name":"Projektit - Liedon Rotaryklubi","isPartOf":{"@id":"https:\/\/rotary.fi\/lieto\/#website"},"primaryImageOfPage":{"@id":"https:\/\/rotary.fi\/lieto\/mita-teemme\/projektit\/#primaryimage"},"image":{"@id":"https:\/\/rotary.fi\/lieto\/mita-teemme\/projektit\/#primaryimage"},"thumbnailUrl":"https:\/\/rotary.fi\/lieto\/wp-content\/uploads\/sites\/162\/2019\/09\/70169563_2942986269050119_152074093187825664_n-e1633538561866.jpg","datePublished":"2018-08-13T06:46:59+00:00","dateModified":"2025-11-16T15:59:17+00:00","breadcrumb":{"@id":"https:\/\/rotary.fi\/lieto\/mita-teemme\/projektit\/#breadcrumb"},"inLanguage":"fi","potentialAction":[{"@type":"ReadAction","target":["https:\/\/rotary.fi\/lieto\/mita-teemme\/projektit\/"]}]},{"@type":"ImageObject","inLanguage":"fi","@id":"https:\/\/rotary.fi\/lieto\/mita-teemme\/projektit\/#primaryimage","url":"https:\/\/rotary.fi\/lieto\/wp-content\/uploads\/sites\/162\/2019\/09\/70169563_2942986269050119_152074093187825664_n-e1633538561866.jpg","contentUrl":"https:\/\/rotary.fi\/lieto\/wp-content\/uploads\/sites\/162\/2019\/09\/70169563_2942986269050119_152074093187825664_n-e1633538561866.jpg","width":662,"height":518},{"@type":"BreadcrumbList","@id":"https:\/\/rotary.fi\/lieto\/mita-teemme\/projektit\/#breadcrumb","itemListElement":[{"@type":"ListItem","position":1,"name":"Home","item":"https:\/\/rotary.fi\/lieto\/"},{"@type":"ListItem","position":2,"name":"Mit\u00e4 teemme","item":"https:\/\/rotary.fi\/lieto\/mita-teemme\/"},{"@type":"ListItem","position":3,"name":"Projektit"}]},{"@type":"WebSite","@id":"https:\/\/rotary.fi\/lieto\/#website","url":"https:\/\/rotary.fi\/lieto\/","name":"Liedon Rotaryklubi","description":"Uusi Rotary klubisivusto","potentialAction":[{"@type":"SearchAction","target":{"@type":"EntryPoint","urlTemplate":"https:\/\/rotary.fi\/lieto\/?s={search_term_string}"},"query-input":{"@type":"PropertyValueSpecification","valueRequired":true,"valueName":"search_term_string"}}],"inLanguage":"fi"}]}},"lang":"fi","translations":{"fi":156},"pll_sync_post":[],"_links":{"self":[{"href":"https:\/\/rotary.fi\/lieto\/wp-json\/wp\/v2\/pages\/156","targetHints":{"allow":["GET"]}}],"collection":[{"href":"https:\/\/rotary.fi\/lieto\/wp-json\/wp\/v2\/pages"}],"about":[{"href":"https:\/\/rotary.fi\/lieto\/wp-json\/wp\/v2\/types\/page"}],"author":[{"embeddable":true,"href":"https:\/\/rotary.fi\/lieto\/wp-json\/wp\/v2\/users\/1"}],"replies":[{"embeddable":true,"href":"https:\/\/rotary.fi\/lieto\/wp-json\/wp\/v2\/comments?post=156"}],"version-history":[{"count":9,"href":"https:\/\/rotary.fi\/lieto\/wp-json\/wp\/v2\/pages\/156\/revisions"}],"predecessor-version":[{"id":3060,"href":"https:\/\/rotary.fi\/lieto\/wp-json\/wp\/v2\/pages\/156\/revisions\/3060"}],"up":[{"embeddable":true,"href":"https:\/\/rotary.fi\/lieto\/wp-json\/wp\/v2\/pages\/77"}],"wp:featuredmedia":[{"embeddable":true,"href":"https:\/\/rotary.fi\/lieto\/wp-json\/wp\/v2\/media\/1675"}],"wp:attachment":[{"href":"https:\/\/rotary.fi\/lieto\/wp-json\/wp\/v2\/media?parent=156"}],"curies":[{"name":"wp","href":"https:\/\/api.w.org\/{rel}","templated":true}]}}